{"id":28184,"date":"2026-03-18T10:55:17","date_gmt":"2026-03-18T09:55:17","guid":{"rendered":"https:\/\/xenonkungen.com\/?post_type=product&#038;p=28184"},"modified":"2026-05-12T14:39:35","modified_gmt":"2026-05-12T13:39:35","slug":"tershine-tryckspruta-kallavfettning","status":"publish","type":"product","link":"https:\/\/xenonkungen.com\/nl\/product\/tershine-tryckspruta-kallavfettning\/","title":{"rendered":"Tershine drukspuit \u2013 koud ontvetten"},"content":{"rendered":"<p>Een erg fijne en hoogwaardige hogedrukspuit die het schoonmaken een stuk makkelijker maakt. 1,5 liter reservoir voor koud ontvetten (Dissolve) en een overdrukventiel om de druk na gebruik gemakkelijk te laten ontsnappen. Het Tershine-logo staat erop, en in grote letters staat ook vermeld voor welk type reinigingsmiddel het bedoeld is. Twee modellen, dus kies het model dat bij u past (of neem ze allebei):<\/p>\n<p>Ontvetters op aardoliebasis met een pH-waarde tussen 1 en 7. Met andere woorden, deze zijn geschikt voor onze Dissolve \u2013 Cold Degreaser.<\/p>\n<p><em>Vergeet niet om de O-ringen in de hogedrukspuit van tijd tot tijd te smeren met de meegeleverde olie. Het is belangrijk om ook de O-ring aan de bovenkant van de buis in de hogedrukspuit niet te vergeten. Draai de buis los en smeer de O-ring. Dit lost in 99,991% van de gevallen op dat uw spuit druk verliest of niet meer werkt.\u00a0<\/em><\/p>","protected":false},"excerpt":{"rendered":"<p>Tryckspruta som underl\u00e4ttar tv\u00e4tten enormt. 1,5 l -beh\u00e5llare f\u00f6r kallavfettning samt en avlastningsventil f\u00f6r att enkelt kunna sl\u00e4ppa p\u00e5 trycket n\u00e4r man \u00e4r f\u00e4rdig.<\/p>","protected":false},"featured_media":28185,"comment_status":"open","ping_status":"closed","template":"","meta":{"_acf_changed":false,"_smort_price_nok":"","_smort_price_dkk":"","_smort_price_eur":"","_smort_sale_price_nok":"","_smort_sale_price_dkk":"","_smort_sale_price_eur":"","smort_restorder":"","shipmondo_restorder":"","_kad_blocks_custom_css":"","_kad_blocks_head_custom_js":"","_kad_blocks_body_custom_js":"","_kad_blocks_footer_custom_js":"","smort_custom_pricelist_1":"223.36","smort_custom_pricelist_2":"223.36","smort_custom_pricelist_3":"223.36","smort_custom_pricelist_4":"279.2","smort_custom_pricelist_5":"223.36"},"anvandningsomrade":[],"bilmarken":[],"product_brand":[2893],"product_cat":[2989,378],"product_tag":[],"class_list":{"0":"post-28184","1":"product","2":"type-product","3":"status-publish","4":"has-post-thumbnail","6":"product_brand-tershine","7":"product_cat-avfettning","8":"product_cat-bilvard","10":"first","11":"onbackorder","12":"taxable","13":"shipping-taxable","14":"purchasable","15":"product-type-simple"},"bundled_by":[],"bundle_stock_status":"onbackorder","bundle_stock_quantity":0,"bundle_virtual":false,"bundle_layout":"","bundle_add_to_cart_form_location":"","bundle_editable_in_cart":false,"bundle_sold_individually_context":"","bundle_item_grouping":"","bundle_min_size":"","bundle_max_size":"","bundle_price":[],"bundled_items":[],"bundle_sell_ids":[],"acf":[],"yoast_head":"<!-- This site is optimized with the Yoast SEO plugin v27.0 - https:\/\/yoast.com\/product\/yoast-seo-wordpress\/ -->\n<title>Tershine Tryckspruta - Kallavfettning - Xenonkungen<\/title>\n<meta name=\"robots\" content=\"index, follow, max-snippet:-1, max-image-preview:large, max-video-preview:-1\" \/>\n<link rel=\"canonical\" href=\"https:\/\/xenonkungen.com\/nl\/product\/tershine-tryckspruta-kallavfettning\/\" \/>\n<meta property=\"og:locale\" content=\"nl_NL\" \/>\n<meta property=\"og:type\" content=\"article\" \/>\n<meta property=\"og:title\" content=\"Tershine Tryckspruta - Kallavfettning - Xenonkungen\" \/>\n<meta property=\"og:description\" content=\"Tryckspruta som underl\u00e4ttar tv\u00e4tten enormt. 1,5 l -beh\u00e5llare f\u00f6r kallavfettning samt en avlastningsventil f\u00f6r att enkelt kunna sl\u00e4ppa p\u00e5 trycket n\u00e4r man \u00e4r f\u00e4rdig.\" \/>\n<meta property=\"og:url\" content=\"https:\/\/xenonkungen.com\/nl\/product\/tershine-tryckspruta-kallavfettning\/\" \/>\n<meta property=\"og:site_name\" content=\"Xenonkungen\" \/>\n<meta property=\"article:modified_time\" content=\"2026-05-12T13:39:35+00:00\" \/>\n<meta property=\"og:image\" content=\"https:\/\/xenonkungen.com\/wp-content\/uploads\/2026\/03\/jLyh8ZWCm3M9J6SrT4ryZoIXfw3LrmR7M7cPGAzm.webp\" \/>\n\t<meta property=\"og:image:width\" content=\"1024\" \/>\n\t<meta property=\"og:image:height\" content=\"1024\" \/>\n\t<meta property=\"og:image:type\" content=\"image\/webp\" \/>\n<meta name=\"twitter:card\" content=\"summary_large_image\" \/>\n<meta name=\"twitter:label1\" content=\"Geschatte leestijd\" \/>\n\t<meta name=\"twitter:data1\" content=\"1 minuut\" \/>\n<script type=\"application\/ld+json\" class=\"yoast-schema-graph\">{\"@context\":\"https:\/\/schema.org\",\"@graph\":[{\"@type\":\"WebPage\",\"@id\":\"https:\/\/xenonkungen.com\/produkt\/tershine-tryckspruta-kallavfettning\/\",\"url\":\"https:\/\/xenonkungen.com\/produkt\/tershine-tryckspruta-kallavfettning\/\",\"name\":\"Tershine Tryckspruta - Kallavfettning - Xenonkungen\",\"isPartOf\":{\"@id\":\"https:\/\/xenonkungen.com\/#website\"},\"primaryImageOfPage\":{\"@id\":\"https:\/\/xenonkungen.com\/produkt\/tershine-tryckspruta-kallavfettning\/#primaryimage\"},\"image\":{\"@id\":\"https:\/\/xenonkungen.com\/produkt\/tershine-tryckspruta-kallavfettning\/#primaryimage\"},\"thumbnailUrl\":\"https:\/\/xenonkungen.com\/wp-content\/uploads\/2026\/03\/jLyh8ZWCm3M9J6SrT4ryZoIXfw3LrmR7M7cPGAzm.webp\",\"datePublished\":\"2026-03-18T09:55:17+00:00\",\"dateModified\":\"2026-05-12T13:39:35+00:00\",\"breadcrumb\":{\"@id\":\"https:\/\/xenonkungen.com\/produkt\/tershine-tryckspruta-kallavfettning\/#breadcrumb\"},\"inLanguage\":\"nl-NL\",\"potentialAction\":[{\"@type\":\"ReadAction\",\"target\":[\"https:\/\/xenonkungen.com\/produkt\/tershine-tryckspruta-kallavfettning\/\"]}]},{\"@type\":\"ImageObject\",\"inLanguage\":\"nl-NL\",\"@id\":\"https:\/\/xenonkungen.com\/produkt\/tershine-tryckspruta-kallavfettning\/#primaryimage\",\"url\":\"https:\/\/xenonkungen.com\/wp-content\/uploads\/2026\/03\/jLyh8ZWCm3M9J6SrT4ryZoIXfw3LrmR7M7cPGAzm.webp\",\"contentUrl\":\"https:\/\/xenonkungen.com\/wp-content\/uploads\/2026\/03\/jLyh8ZWCm3M9J6SrT4ryZoIXfw3LrmR7M7cPGAzm.webp\",\"width\":1024,\"height\":1024},{\"@type\":\"BreadcrumbList\",\"@id\":\"https:\/\/xenonkungen.com\/produkt\/tershine-tryckspruta-kallavfettning\/#breadcrumb\",\"itemListElement\":[{\"@type\":\"ListItem\",\"position\":1,\"name\":\"Hem\",\"item\":\"https:\/\/xenonkungen.com\/\"},{\"@type\":\"ListItem\",\"position\":2,\"name\":\"Shop\",\"item\":\"https:\/\/xenonkungen.com\/shop\/\"},{\"@type\":\"ListItem\",\"position\":3,\"name\":\"Tershine Tryckspruta &#8211; Kallavfettning\"}]},{\"@type\":\"WebSite\",\"@id\":\"https:\/\/xenonkungen.com\/#website\",\"url\":\"https:\/\/xenonkungen.com\/\",\"name\":\"Xenonkungen\",\"description\":\"\",\"potentialAction\":[{\"@type\":\"SearchAction\",\"target\":{\"@type\":\"EntryPoint\",\"urlTemplate\":\"https:\/\/xenonkungen.com\/?s={search_term_string}\"},\"query-input\":{\"@type\":\"PropertyValueSpecification\",\"valueRequired\":true,\"valueName\":\"search_term_string\"}}],\"inLanguage\":\"nl-NL\"}]}<\/script>\n<!-- \/ Yoast SEO plugin. -->","yoast_head_json":{"title":"Tershine Tryckspruta - Kallavfettning - Xenonkungen","robots":{"index":"index","follow":"follow","max-snippet":"max-snippet:-1","max-image-preview":"max-image-preview:large","max-video-preview":"max-video-preview:-1"},"canonical":"https:\/\/xenonkungen.com\/nl\/product\/tershine-tryckspruta-kallavfettning\/","og_locale":"nl_NL","og_type":"article","og_title":"Tershine Tryckspruta - Kallavfettning - Xenonkungen","og_description":"Tryckspruta som underl\u00e4ttar tv\u00e4tten enormt. 1,5 l -beh\u00e5llare f\u00f6r kallavfettning samt en avlastningsventil f\u00f6r att enkelt kunna sl\u00e4ppa p\u00e5 trycket n\u00e4r man \u00e4r f\u00e4rdig.","og_url":"https:\/\/xenonkungen.com\/nl\/product\/tershine-tryckspruta-kallavfettning\/","og_site_name":"Xenonkungen","article_modified_time":"2026-05-12T13:39:35+00:00","og_image":[{"width":1024,"height":1024,"url":"https:\/\/xenonkungen.com\/wp-content\/uploads\/2026\/03\/jLyh8ZWCm3M9J6SrT4ryZoIXfw3LrmR7M7cPGAzm.webp","type":"image\/webp"}],"twitter_card":"summary_large_image","twitter_misc":{"Geschatte leestijd":"1 minuut"},"schema":{"@context":"https:\/\/schema.org","@graph":[{"@type":"WebPage","@id":"https:\/\/xenonkungen.com\/produkt\/tershine-tryckspruta-kallavfettning\/","url":"https:\/\/xenonkungen.com\/produkt\/tershine-tryckspruta-kallavfettning\/","name":"Tershine Tryckspruta - Kallavfettning - Xenonkungen","isPartOf":{"@id":"https:\/\/xenonkungen.com\/#website"},"primaryImageOfPage":{"@id":"https:\/\/xenonkungen.com\/produkt\/tershine-tryckspruta-kallavfettning\/#primaryimage"},"image":{"@id":"https:\/\/xenonkungen.com\/produkt\/tershine-tryckspruta-kallavfettning\/#primaryimage"},"thumbnailUrl":"https:\/\/xenonkungen.com\/wp-content\/uploads\/2026\/03\/jLyh8ZWCm3M9J6SrT4ryZoIXfw3LrmR7M7cPGAzm.webp","datePublished":"2026-03-18T09:55:17+00:00","dateModified":"2026-05-12T13:39:35+00:00","breadcrumb":{"@id":"https:\/\/xenonkungen.com\/produkt\/tershine-tryckspruta-kallavfettning\/#breadcrumb"},"inLanguage":"nl-NL","potentialAction":[{"@type":"ReadAction","target":["https:\/\/xenonkungen.com\/produkt\/tershine-tryckspruta-kallavfettning\/"]}]},{"@type":"ImageObject","inLanguage":"nl-NL","@id":"https:\/\/xenonkungen.com\/produkt\/tershine-tryckspruta-kallavfettning\/#primaryimage","url":"https:\/\/xenonkungen.com\/wp-content\/uploads\/2026\/03\/jLyh8ZWCm3M9J6SrT4ryZoIXfw3LrmR7M7cPGAzm.webp","contentUrl":"https:\/\/xenonkungen.com\/wp-content\/uploads\/2026\/03\/jLyh8ZWCm3M9J6SrT4ryZoIXfw3LrmR7M7cPGAzm.webp","width":1024,"height":1024},{"@type":"BreadcrumbList","@id":"https:\/\/xenonkungen.com\/produkt\/tershine-tryckspruta-kallavfettning\/#breadcrumb","itemListElement":[{"@type":"ListItem","position":1,"name":"Hem","item":"https:\/\/xenonkungen.com\/"},{"@type":"ListItem","position":2,"name":"Shop","item":"https:\/\/xenonkungen.com\/shop\/"},{"@type":"ListItem","position":3,"name":"Tershine Tryckspruta &#8211; Kallavfettning"}]},{"@type":"WebSite","@id":"https:\/\/xenonkungen.com\/#website","url":"https:\/\/xenonkungen.com\/","name":"Xenonkungen","description":"","potentialAction":[{"@type":"SearchAction","target":{"@type":"EntryPoint","urlTemplate":"https:\/\/xenonkungen.com\/?s={search_term_string}"},"query-input":{"@type":"PropertyValueSpecification","valueRequired":true,"valueName":"search_term_string"}}],"inLanguage":"nl-NL"}]}},"taxonomy_info":{"product_brand":[{"value":2893,"label":"Tershine"}],"product_cat":[{"value":2989,"label":"2 | Avfettning"},{"value":378,"label":"Bilv\u00e5rd"}]},"featured_image_src_large":["https:\/\/xenonkungen.com\/wp-content\/uploads\/2026\/03\/jLyh8ZWCm3M9J6SrT4ryZoIXfw3LrmR7M7cPGAzm.webp",1024,1024,false],"author_info":[],"comment_info":0,"_links":{"self":[{"href":"https:\/\/xenonkungen.com\/nl\/wp-json\/wp\/v2\/product\/28184","targetHints":{"allow":["GET"]}}],"collection":[{"href":"https:\/\/xenonkungen.com\/nl\/wp-json\/wp\/v2\/product"}],"about":[{"href":"https:\/\/xenonkungen.com\/nl\/wp-json\/wp\/v2\/types\/product"}],"replies":[{"embeddable":true,"href":"https:\/\/xenonkungen.com\/nl\/wp-json\/wp\/v2\/comments?post=28184"}],"wp:featuredmedia":[{"embeddable":true,"href":"https:\/\/xenonkungen.com\/nl\/wp-json\/wp\/v2\/media\/28185"}],"wp:attachment":[{"href":"https:\/\/xenonkungen.com\/nl\/wp-json\/wp\/v2\/media?parent=28184"}],"wp:term":[{"taxonomy":"anvandningsomrade","embeddable":true,"href":"https:\/\/xenonkungen.com\/nl\/wp-json\/wp\/v2\/anvandningsomrade?post=28184"},{"taxonomy":"bilmarken","embeddable":true,"href":"https:\/\/xenonkungen.com\/nl\/wp-json\/wp\/v2\/bilmarken?post=28184"},{"taxonomy":"product_brand","embeddable":true,"href":"https:\/\/xenonkungen.com\/nl\/wp-json\/wp\/v2\/product_brand?post=28184"},{"taxonomy":"product_cat","embeddable":true,"href":"https:\/\/xenonkungen.com\/nl\/wp-json\/wp\/v2\/product_cat?post=28184"},{"taxonomy":"product_tag","embeddable":true,"href":"https:\/\/xenonkungen.com\/nl\/wp-json\/wp\/v2\/product_tag?post=28184"}],"curies":[{"name":"wp","href":"https:\/\/api.w.org\/{rel}","templated":true}]}}