{"id":28620,"date":"2026-03-27T11:24:10","date_gmt":"2026-03-27T10:24:10","guid":{"rendered":"https:\/\/xenonkungen.com\/?post_type=product&#038;p=28620"},"modified":"2026-04-24T17:16:21","modified_gmt":"2026-04-24T16:16:21","slug":"wit-achterlicht-12-24v-achternavigatielicht-wit","status":"publish","type":"product","link":"https:\/\/xenonkungen.com\/nl\/product\/wit-achterlicht-12-24v-achternavigatielicht-wit\/","title":{"rendered":"Navigatie Stern Wit | 12\/24V"},"content":{"rendered":"<p data-start=\"386\" data-end=\"651\">Het witte achterlicht is een betrouwbaar en robuust navigatielicht, ontwikkeld om goed zicht en veiligheid te garanderen tijdens het varen in het donker. Dankzij het compacte ontwerp en de stijlvolle witte uitvoering is het licht perfect voor zowel plezierboten als commerci\u00eble schepen.<\/p>\n<p data-start=\"653\" data-end=\"861\">De lamp is volledig waterdicht en gebouwd om de veeleisende omstandigheden op zee te weerstaan. Hij voldoet aan internationale maritieme normen en voorschriften, waardoor het een veilige keuze is voor adequate navigatieverlichting.<\/p>\n<p data-start=\"863\" data-end=\"1005\">Dankzij de ondersteuning voor zowel 12V- als 24V-systemen is de installatie eenvoudig en flexibel, terwijl het lage stroomverbruik zorgt voor een effici\u00ebnte werking.<\/p>\n<hr data-start=\"1007\" data-end=\"1010\" \/>\n<h2 data-section-id=\"yi995\" data-start=\"1012\" data-end=\"1025\">Voordelen van het programma<\/h2>\n<ul data-start=\"1026\" data-end=\"1186\">\n<li data-section-id=\"xebmkw\" data-start=\"1026\" data-end=\"1070\">Voldoet aan de internationale scheepvaartvoorschriften.<\/li>\n<li data-section-id=\"10crvsu\" data-start=\"1071\" data-end=\"1104\">Volledig onderdompelbaar ontwerp<\/li>\n<li data-section-id=\"72hzee\" data-start=\"1105\" data-end=\"1126\">Stijlvol wit huis<\/li>\n<li data-section-id=\"13cm9l6\" data-start=\"1127\" data-end=\"1151\">Laag stroomverbruik<\/li>\n<li data-section-id=\"qs96so\" data-start=\"1152\" data-end=\"1186\">Geschikt voor zowel 12V- als 24V-systemen<\/li>\n<\/ul>\n<h2 data-section-id=\"1ugufuo\" data-start=\"1490\" data-end=\"1522\">Overige \/ Belangrijke informatie<\/h2>\n<ul data-start=\"1523\" data-end=\"1573\">\n<li data-section-id=\"akkv33\" data-start=\"1523\" data-end=\"1540\">5 jaar garantie<\/li>\n<li data-section-id=\"161724c\" data-start=\"1541\" data-end=\"1573\">Bestemd voor achtersteven (wit licht)<\/li>\n<\/ul>","protected":false},"excerpt":{"rendered":"<p>Achterste navigatielamp met wit licht. Volledig waterdicht, witte behuizing en compatibel met zowel 12V- als 24V-systemen.<\/p>","protected":false},"featured_media":28621,"comment_status":"open","ping_status":"closed","template":"","meta":{"_acf_changed":false,"_smort_price_nok":"","_smort_price_dkk":"","_smort_price_eur":"","_smort_sale_price_nok":"","_smort_sale_price_dkk":"","_smort_sale_price_eur":"","smort_restorder":"","shipmondo_restorder":"","_kad_blocks_custom_css":"","_kad_blocks_head_custom_js":"","_kad_blocks_body_custom_js":"","_kad_blocks_footer_custom_js":"","smort_custom_pricelist_1":"390.4","smort_custom_pricelist_2":"341.6","smort_custom_pricelist_3":"317.2","smort_custom_pricelist_4":"488","smort_custom_pricelist_5":"341.6"},"anvandningsomrade":[1388],"bilmarken":[],"product_brand":[1252,99],"product_cat":[2996],"product_tag":[],"class_list":{"0":"post-28620","1":"product","2":"type-product","3":"status-publish","4":"has-post-thumbnail","6":"anvandningsomrade-bat","7":"product_brand-lea","8":"product_brand-led-autolamps","9":"product_cat-bat","10":"pa_storlek-mm-76x52x24","11":"pa_stromforbrukning-018a-138v","12":"pa_stromforbrukning-01a-28v","13":"pa_volt-v-159","14":"pa_volt-v-160","16":"first","17":"instock","18":"taxable","19":"shipping-taxable","20":"purchasable","21":"product-type-simple"},"bundled_by":[],"bundle_stock_status":"instock","bundle_stock_quantity":2,"bundle_virtual":false,"bundle_layout":"","bundle_add_to_cart_form_location":"","bundle_editable_in_cart":false,"bundle_sold_individually_context":"","bundle_item_grouping":"","bundle_min_size":"","bundle_max_size":"","bundle_price":[],"bundled_items":[],"bundle_sell_ids":[],"acf":[],"yoast_head":"<!-- This site is optimized with the Yoast SEO plugin v27.0 - https:\/\/yoast.com\/product\/yoast-seo-wordpress\/ -->\n<title>Navigation Stern White | 12\/24V - Xenonkungen<\/title>\n<meta name=\"description\" content=\"White Stern Light navigationsljus f\u00f6r akter. 12\/24V, fullt neds\u00e4nkbar, vitt hus och godk\u00e4nd enligt internationella sj\u00f6fartsregler.\" \/>\n<meta name=\"robots\" content=\"index, follow, max-snippet:-1, max-image-preview:large, max-video-preview:-1\" \/>\n<link rel=\"canonical\" href=\"https:\/\/xenonkungen.com\/nl\/product\/wit-achterlicht-12-24v-achternavigatielicht-wit\/\" \/>\n<meta property=\"og:locale\" content=\"nl_NL\" \/>\n<meta property=\"og:type\" content=\"article\" \/>\n<meta property=\"og:title\" content=\"Navigation Stern White | 12\/24V - Xenonkungen\" \/>\n<meta property=\"og:description\" content=\"White Stern Light navigationsljus f\u00f6r akter. 12\/24V, fullt neds\u00e4nkbar, vitt hus och godk\u00e4nd enligt internationella sj\u00f6fartsregler.\" \/>\n<meta property=\"og:url\" content=\"https:\/\/xenonkungen.com\/nl\/product\/wit-achterlicht-12-24v-achternavigatielicht-wit\/\" \/>\n<meta property=\"og:site_name\" content=\"Xenonkungen\" \/>\n<meta property=\"article:modified_time\" content=\"2026-04-24T16:16:21+00:00\" \/>\n<meta property=\"og:image\" content=\"https:\/\/xenonkungen.com\/wp-content\/uploads\/2026\/03\/52WW-800x800-1.jpg\" \/>\n\t<meta property=\"og:image:width\" content=\"800\" \/>\n\t<meta property=\"og:image:height\" content=\"800\" \/>\n\t<meta property=\"og:image:type\" content=\"image\/jpeg\" \/>\n<meta name=\"twitter:card\" content=\"summary_large_image\" \/>\n<meta name=\"twitter:label1\" content=\"Geschatte leestijd\" \/>\n\t<meta name=\"twitter:data1\" content=\"1 minuut\" \/>\n<script type=\"application\/ld+json\" class=\"yoast-schema-graph\">{\"@context\":\"https:\/\/schema.org\",\"@graph\":[{\"@type\":\"WebPage\",\"@id\":\"https:\/\/xenonkungen.com\/produkt\/white-stern-light-12-24v-akter-navigationsljus-vit\/\",\"url\":\"https:\/\/xenonkungen.com\/produkt\/white-stern-light-12-24v-akter-navigationsljus-vit\/\",\"name\":\"Navigation Stern White | 12\/24V - Xenonkungen\",\"isPartOf\":{\"@id\":\"https:\/\/xenonkungen.com\/#website\"},\"primaryImageOfPage\":{\"@id\":\"https:\/\/xenonkungen.com\/produkt\/white-stern-light-12-24v-akter-navigationsljus-vit\/#primaryimage\"},\"image\":{\"@id\":\"https:\/\/xenonkungen.com\/produkt\/white-stern-light-12-24v-akter-navigationsljus-vit\/#primaryimage\"},\"thumbnailUrl\":\"https:\/\/xenonkungen.com\/wp-content\/uploads\/2026\/03\/52WW-800x800-1.jpg\",\"datePublished\":\"2026-03-27T10:24:10+00:00\",\"dateModified\":\"2026-04-24T16:16:21+00:00\",\"description\":\"White Stern Light navigationsljus f\u00f6r akter. 12\/24V, fullt neds\u00e4nkbar, vitt hus och godk\u00e4nd enligt internationella sj\u00f6fartsregler.\",\"breadcrumb\":{\"@id\":\"https:\/\/xenonkungen.com\/produkt\/white-stern-light-12-24v-akter-navigationsljus-vit\/#breadcrumb\"},\"inLanguage\":\"nl-NL\",\"potentialAction\":[{\"@type\":\"ReadAction\",\"target\":[\"https:\/\/xenonkungen.com\/produkt\/white-stern-light-12-24v-akter-navigationsljus-vit\/\"]}]},{\"@type\":\"ImageObject\",\"inLanguage\":\"nl-NL\",\"@id\":\"https:\/\/xenonkungen.com\/produkt\/white-stern-light-12-24v-akter-navigationsljus-vit\/#primaryimage\",\"url\":\"https:\/\/xenonkungen.com\/wp-content\/uploads\/2026\/03\/52WW-800x800-1.jpg\",\"contentUrl\":\"https:\/\/xenonkungen.com\/wp-content\/uploads\/2026\/03\/52WW-800x800-1.jpg\",\"width\":800,\"height\":800},{\"@type\":\"BreadcrumbList\",\"@id\":\"https:\/\/xenonkungen.com\/produkt\/white-stern-light-12-24v-akter-navigationsljus-vit\/#breadcrumb\",\"itemListElement\":[{\"@type\":\"ListItem\",\"position\":1,\"name\":\"Hem\",\"item\":\"https:\/\/xenonkungen.com\/\"},{\"@type\":\"ListItem\",\"position\":2,\"name\":\"Shop\",\"item\":\"https:\/\/xenonkungen.com\/shop\/\"},{\"@type\":\"ListItem\",\"position\":3,\"name\":\"Navigation Stern White | 12\/24V\"}]},{\"@type\":\"WebSite\",\"@id\":\"https:\/\/xenonkungen.com\/#website\",\"url\":\"https:\/\/xenonkungen.com\/\",\"name\":\"Xenonkungen\",\"description\":\"\",\"potentialAction\":[{\"@type\":\"SearchAction\",\"target\":{\"@type\":\"EntryPoint\",\"urlTemplate\":\"https:\/\/xenonkungen.com\/?s={search_term_string}\"},\"query-input\":{\"@type\":\"PropertyValueSpecification\",\"valueRequired\":true,\"valueName\":\"search_term_string\"}}],\"inLanguage\":\"nl-NL\"}]}<\/script>\n<!-- \/ Yoast SEO plugin. -->","yoast_head_json":{"title":"Navigatie Stern White | 12\/24V - De Xenon Koning","description":"Witte Stern Light navigatielamp voor de achtersteven. 12\/24V, volledig waterdicht, witte behuizing en goedgekeurd volgens internationale scheepvaartvoorschriften.","robots":{"index":"index","follow":"follow","max-snippet":"max-snippet:-1","max-image-preview":"max-image-preview:large","max-video-preview":"max-video-preview:-1"},"canonical":"https:\/\/xenonkungen.com\/nl\/product\/wit-achterlicht-12-24v-achternavigatielicht-wit\/","og_locale":"nl_NL","og_type":"article","og_title":"Navigation Stern White | 12\/24V - Xenonkungen","og_description":"White Stern Light navigationsljus f\u00f6r akter. 12\/24V, fullt neds\u00e4nkbar, vitt hus och godk\u00e4nd enligt internationella sj\u00f6fartsregler.","og_url":"https:\/\/xenonkungen.com\/nl\/product\/wit-achterlicht-12-24v-achternavigatielicht-wit\/","og_site_name":"Xenonkungen","article_modified_time":"2026-04-24T16:16:21+00:00","og_image":[{"width":800,"height":800,"url":"https:\/\/xenonkungen.com\/wp-content\/uploads\/2026\/03\/52WW-800x800-1.jpg","type":"image\/jpeg"}],"twitter_card":"summary_large_image","twitter_misc":{"Geschatte leestijd":"1 minuut"},"schema":{"@context":"https:\/\/schema.org","@graph":[{"@type":"WebPage","@id":"https:\/\/xenonkungen.com\/produkt\/white-stern-light-12-24v-akter-navigationsljus-vit\/","url":"https:\/\/xenonkungen.com\/produkt\/white-stern-light-12-24v-akter-navigationsljus-vit\/","name":"Navigatie Stern White | 12\/24V - De Xenon Koning","isPartOf":{"@id":"https:\/\/xenonkungen.com\/#website"},"primaryImageOfPage":{"@id":"https:\/\/xenonkungen.com\/produkt\/white-stern-light-12-24v-akter-navigationsljus-vit\/#primaryimage"},"image":{"@id":"https:\/\/xenonkungen.com\/produkt\/white-stern-light-12-24v-akter-navigationsljus-vit\/#primaryimage"},"thumbnailUrl":"https:\/\/xenonkungen.com\/wp-content\/uploads\/2026\/03\/52WW-800x800-1.jpg","datePublished":"2026-03-27T10:24:10+00:00","dateModified":"2026-04-24T16:16:21+00:00","description":"Witte Stern Light navigatielamp voor de achtersteven. 12\/24V, volledig waterdicht, witte behuizing en goedgekeurd volgens internationale scheepvaartvoorschriften.","breadcrumb":{"@id":"https:\/\/xenonkungen.com\/produkt\/white-stern-light-12-24v-akter-navigationsljus-vit\/#breadcrumb"},"inLanguage":"nl-NL","potentialAction":[{"@type":"ReadAction","target":["https:\/\/xenonkungen.com\/produkt\/white-stern-light-12-24v-akter-navigationsljus-vit\/"]}]},{"@type":"ImageObject","inLanguage":"nl-NL","@id":"https:\/\/xenonkungen.com\/produkt\/white-stern-light-12-24v-akter-navigationsljus-vit\/#primaryimage","url":"https:\/\/xenonkungen.com\/wp-content\/uploads\/2026\/03\/52WW-800x800-1.jpg","contentUrl":"https:\/\/xenonkungen.com\/wp-content\/uploads\/2026\/03\/52WW-800x800-1.jpg","width":800,"height":800},{"@type":"BreadcrumbList","@id":"https:\/\/xenonkungen.com\/produkt\/white-stern-light-12-24v-akter-navigationsljus-vit\/#breadcrumb","itemListElement":[{"@type":"ListItem","position":1,"name":"Hem","item":"https:\/\/xenonkungen.com\/"},{"@type":"ListItem","position":2,"name":"Shop","item":"https:\/\/xenonkungen.com\/shop\/"},{"@type":"ListItem","position":3,"name":"Navigation Stern White | 12\/24V"}]},{"@type":"WebSite","@id":"https:\/\/xenonkungen.com\/#website","url":"https:\/\/xenonkungen.com\/","name":"Xenonkungen","description":"","potentialAction":[{"@type":"SearchAction","target":{"@type":"EntryPoint","urlTemplate":"https:\/\/xenonkungen.com\/?s={search_term_string}"},"query-input":{"@type":"PropertyValueSpecification","valueRequired":true,"valueName":"search_term_string"}}],"inLanguage":"nl-NL"}]}},"taxonomy_info":{"anvandningsomrade":[{"value":1388,"label":"B\u00e5t"}],"product_brand":[{"value":1252,"label":"LEA"},{"value":99,"label":"LED Autolamps"}],"product_cat":[{"value":2996,"label":"B\u00e5t"}],"pa_storlek-mm":[{"value":3019,"label":"76x52x24"}],"pa_stromforbrukning":[{"value":2065,"label":"0,18A @13,8V"},{"value":1865,"label":"0,1A @28V"}],"pa_volt-v":[{"value":159,"label":"12"},{"value":160,"label":"24"}]},"featured_image_src_large":["https:\/\/xenonkungen.com\/wp-content\/uploads\/2026\/03\/52WW-800x800-1.jpg",800,800,false],"author_info":[],"comment_info":0,"_links":{"self":[{"href":"https:\/\/xenonkungen.com\/nl\/wp-json\/wp\/v2\/product\/28620","targetHints":{"allow":["GET"]}}],"collection":[{"href":"https:\/\/xenonkungen.com\/nl\/wp-json\/wp\/v2\/product"}],"about":[{"href":"https:\/\/xenonkungen.com\/nl\/wp-json\/wp\/v2\/types\/product"}],"replies":[{"embeddable":true,"href":"https:\/\/xenonkungen.com\/nl\/wp-json\/wp\/v2\/comments?post=28620"}],"wp:featuredmedia":[{"embeddable":true,"href":"https:\/\/xenonkungen.com\/nl\/wp-json\/wp\/v2\/media\/28621"}],"wp:attachment":[{"href":"https:\/\/xenonkungen.com\/nl\/wp-json\/wp\/v2\/media?parent=28620"}],"wp:term":[{"taxonomy":"anvandningsomrade","embeddable":true,"href":"https:\/\/xenonkungen.com\/nl\/wp-json\/wp\/v2\/anvandningsomrade?post=28620"},{"taxonomy":"bilmarken","embeddable":true,"href":"https:\/\/xenonkungen.com\/nl\/wp-json\/wp\/v2\/bilmarken?post=28620"},{"taxonomy":"product_brand","embeddable":true,"href":"https:\/\/xenonkungen.com\/nl\/wp-json\/wp\/v2\/product_brand?post=28620"},{"taxonomy":"product_cat","embeddable":true,"href":"https:\/\/xenonkungen.com\/nl\/wp-json\/wp\/v2\/product_cat?post=28620"},{"taxonomy":"product_tag","embeddable":true,"href":"https:\/\/xenonkungen.com\/nl\/wp-json\/wp\/v2\/product_tag?post=28620"}],"curies":[{"name":"wp","href":"https:\/\/api.w.org\/{rel}","templated":true}]}}