{"id":2904,"date":"2025-04-15T08:45:40","date_gmt":"2025-04-15T08:45:40","guid":{"rendered":"https:\/\/xenonkungen.com\/product\/luxtar-q1-led-h4\/"},"modified":"2026-05-13T07:58:43","modified_gmt":"2026-05-13T06:58:43","slug":"luxtar-q1-led-h4","status":"publish","type":"product","link":"https:\/\/xenonkungen.com\/nl\/product\/luxtar-q1-led-h4\/","title":{"rendered":"Luxtar\u00ae Q1 Led H4"},"content":{"rendered":"<p><strong>Ideaal voor zowel de motor als de auto. <\/strong><\/p>\n<p>Luxtar Q1 LED is een nieuwe serie LED-conversielampen die de halogeenlamp vervangen en tot wel 300% meer licht op de weg bieden vergeleken met een traditionele halogeenlamp van 55 W.<\/p>\n<p>De Luxtar Q1 heeft geen aparte weerstand nodig zoals de meeste andere modellen op de markt. Hierdoor is het mogelijk om LED-verlichting aan te brengen op motoren, scooters en ATV&#039;s, waarvoor voorheen geen ruimte was voor de extra weerstand. <\/p>\n<p>De Luxtar Q1 LED is ook geschikt voor grootlicht, dimlicht en mistlampen, maar houd er rekening mee dat dit niet is goedgekeurd of wettelijk verplicht is.<\/p>\n<p><strong>Goed om te weten<\/strong><br \/>Het is niet goedgekeurd of legaal om over te stappen op H4 LED, omdat het dimlicht wordt vervangen door een andere lichtbron dan waarvoor het voertuig typegoedkeuring heeft.<br \/>De Q1-serie heeft een laag stroomverbruik en werkt daarom probleemloos in voertuigen die zijn uitgerust met canbus-systemen\/lampbewaking.<br \/>De Luxtar Q1 past ook op andere voertuigen met een H4-aansluiting, zoals tractoren, campers en vrachtwagens.<\/p>\n<p><strong>Inhoud van de levering:<\/strong><br \/>1x Luxtar Q1 LED-lamp H4<\/p>\n<p><strong>Functionele garantie:<\/strong> 1 jaar<\/p>\n<p>LET OP! PAST NIET OP DE KOPLAMP HONDA CB1000 2012<\/p>","protected":false},"excerpt":{"rendered":"<p>LUXTAR\u00ae Q1 is een nieuwe serie LED-lampen met een Plug-n-Play-installatie ter vervanging van de bestaande H4-halogeenlamp (grootlicht, dimlicht).<br \/>\n<b>Helderheid +300%<\/b><br \/>\nVerhoogt de helderheid met maximaal 300% vergeleken met een standaard halogeenlamp van 55W.<br \/>\n<b>Gebruiksgebieden<\/b><br \/>\nMotorfietsen, auto&#039;s, campers, tractoren, ATV&#039;s<\/p>","protected":false},"featured_media":2905,"comment_status":"closed","ping_status":"open","template":"","meta":{"_acf_changed":false,"_smort_price_nok":"422","_smort_price_dkk":"268","_smort_price_eur":"35.91","_smort_sale_price_nok":"","_smort_sale_price_dkk":"","_smort_sale_price_eur":"","smort_restorder":"","shipmondo_restorder":"","_kad_blocks_custom_css":"","_kad_blocks_head_custom_js":"","_kad_blocks_body_custom_js":"","_kad_blocks_footer_custom_js":"","smort_custom_pricelist_1":"252.8","smort_custom_pricelist_2":"221.2","smort_custom_pricelist_3":"210.14","smort_custom_pricelist_4":"316","smort_custom_pricelist_5":"221.2"},"anvandningsomrade":[398],"bilmarken":[],"product_brand":[103],"product_cat":[2826,733],"product_tag":[],"class_list":{"0":"post-2904","1":"product","2":"type-product","3":"status-publish","4":"has-post-thumbnail","6":"anvandningsomrade-motorcykel","7":"product_brand-luxtar","8":"product_cat-luxtar","9":"product_cat-halvljus-helljus","10":"pa_fargtemperatur-6500k","11":"pa_fuktskydd-varde-ipxx-ip65","12":"pa_lampsockel-kontakt-h4","13":"pa_volt-v-12-24","15":"first","16":"instock","17":"taxable","18":"shipping-taxable","19":"purchasable","20":"product-type-simple"},"bundled_by":[],"bundle_stock_status":"instock","bundle_stock_quantity":46,"bundle_virtual":false,"bundle_layout":"","bundle_add_to_cart_form_location":"","bundle_editable_in_cart":false,"bundle_sold_individually_context":"","bundle_item_grouping":"","bundle_min_size":"","bundle_max_size":"","bundle_price":[],"bundled_items":[],"bundle_sell_ids":[],"acf":[],"yoast_head":"<!-- This site is optimized with the Yoast SEO plugin v27.0 - https:\/\/yoast.com\/product\/yoast-seo-wordpress\/ -->\n<title>Luxtar\u00ae Q1 Led H4 - Xenonkungen<\/title>\n<meta name=\"robots\" content=\"index, follow, max-snippet:-1, max-image-preview:large, max-video-preview:-1\" \/>\n<link rel=\"canonical\" href=\"https:\/\/xenonkungen.com\/nl\/product\/luxtar-q1-led-h4\/\" \/>\n<meta property=\"og:locale\" content=\"nl_NL\" \/>\n<meta property=\"og:type\" content=\"article\" \/>\n<meta property=\"og:title\" content=\"Luxtar\u00ae Q1 Led H4 - Xenonkungen\" \/>\n<meta property=\"og:description\" content=\"LUXTAR\u00ae Q1 \u00e4r ny serie LED lampor med en Plug-n-Play installation ers\u00e4tter befintlig H4 (helljus, halvljus) halogen lampa. Ljusstyrka +300% \u00d6kar ljusstyrkan med upp till 300% mot en standard 55W halogenlampa. Anv\u00e4ndningsomr\u00e5den MC, bil, husbil, traktorer, ATV\" \/>\n<meta property=\"og:url\" content=\"https:\/\/xenonkungen.com\/nl\/product\/luxtar-q1-led-h4\/\" \/>\n<meta property=\"og:site_name\" content=\"Xenonkungen\" \/>\n<meta property=\"article:modified_time\" content=\"2026-05-13T06:58:43+00:00\" \/>\n<meta property=\"og:image\" content=\"https:\/\/xenonkungen.com\/wp-content\/uploads\/2025\/04\/172527213-origpic-9e8052.png\" \/>\n\t<meta property=\"og:image:width\" content=\"1000\" \/>\n\t<meta property=\"og:image:height\" content=\"1000\" \/>\n\t<meta property=\"og:image:type\" content=\"image\/png\" \/>\n<meta name=\"twitter:card\" content=\"summary_large_image\" \/>\n<meta name=\"twitter:label1\" content=\"Geschatte leestijd\" \/>\n\t<meta name=\"twitter:data1\" content=\"1 minuut\" \/>\n<script type=\"application\/ld+json\" class=\"yoast-schema-graph\">{\"@context\":\"https:\/\/schema.org\",\"@graph\":[{\"@type\":\"WebPage\",\"@id\":\"https:\/\/xenonkungen.com\/produkt\/luxtar-q1-led-h4\/\",\"url\":\"https:\/\/xenonkungen.com\/produkt\/luxtar-q1-led-h4\/\",\"name\":\"Luxtar\u00ae Q1 Led H4 - Xenonkungen\",\"isPartOf\":{\"@id\":\"https:\/\/xenonkungen.com\/#website\"},\"primaryImageOfPage\":{\"@id\":\"https:\/\/xenonkungen.com\/produkt\/luxtar-q1-led-h4\/#primaryimage\"},\"image\":{\"@id\":\"https:\/\/xenonkungen.com\/produkt\/luxtar-q1-led-h4\/#primaryimage\"},\"thumbnailUrl\":\"https:\/\/xenonkungen.com\/wp-content\/uploads\/2025\/04\/172527213-origpic-9e8052.png\",\"datePublished\":\"2025-04-15T08:45:40+00:00\",\"dateModified\":\"2026-05-13T06:58:43+00:00\",\"breadcrumb\":{\"@id\":\"https:\/\/xenonkungen.com\/produkt\/luxtar-q1-led-h4\/#breadcrumb\"},\"inLanguage\":\"nl-NL\",\"potentialAction\":[{\"@type\":\"ReadAction\",\"target\":[\"https:\/\/xenonkungen.com\/produkt\/luxtar-q1-led-h4\/\"]}]},{\"@type\":\"ImageObject\",\"inLanguage\":\"nl-NL\",\"@id\":\"https:\/\/xenonkungen.com\/produkt\/luxtar-q1-led-h4\/#primaryimage\",\"url\":\"https:\/\/xenonkungen.com\/wp-content\/uploads\/2025\/04\/172527213-origpic-9e8052.png\",\"contentUrl\":\"https:\/\/xenonkungen.com\/wp-content\/uploads\/2025\/04\/172527213-origpic-9e8052.png\",\"width\":1000,\"height\":1000},{\"@type\":\"BreadcrumbList\",\"@id\":\"https:\/\/xenonkungen.com\/produkt\/luxtar-q1-led-h4\/#breadcrumb\",\"itemListElement\":[{\"@type\":\"ListItem\",\"position\":1,\"name\":\"Hem\",\"item\":\"https:\/\/xenonkungen.com\/\"},{\"@type\":\"ListItem\",\"position\":2,\"name\":\"Shop\",\"item\":\"https:\/\/xenonkungen.com\/shop\/\"},{\"@type\":\"ListItem\",\"position\":3,\"name\":\"Luxtar\u00ae Q1 Led H4\"}]},{\"@type\":\"WebSite\",\"@id\":\"https:\/\/xenonkungen.com\/#website\",\"url\":\"https:\/\/xenonkungen.com\/\",\"name\":\"Xenonkungen\",\"description\":\"\",\"potentialAction\":[{\"@type\":\"SearchAction\",\"target\":{\"@type\":\"EntryPoint\",\"urlTemplate\":\"https:\/\/xenonkungen.com\/?s={search_term_string}\"},\"query-input\":{\"@type\":\"PropertyValueSpecification\",\"valueRequired\":true,\"valueName\":\"search_term_string\"}}],\"inLanguage\":\"nl-NL\"}]}<\/script>\n<!-- \/ Yoast SEO plugin. -->","yoast_head_json":{"title":"Luxtar\u00ae Q1 Led H4 - De Xenon-koning","robots":{"index":"index","follow":"follow","max-snippet":"max-snippet:-1","max-image-preview":"max-image-preview:large","max-video-preview":"max-video-preview:-1"},"canonical":"https:\/\/xenonkungen.com\/nl\/product\/luxtar-q1-led-h4\/","og_locale":"nl_NL","og_type":"article","og_title":"Luxtar\u00ae Q1 Led H4 - Xenonkungen","og_description":"LUXTAR\u00ae Q1 \u00e4r ny serie LED lampor med en Plug-n-Play installation ers\u00e4tter befintlig H4 (helljus, halvljus) halogen lampa. Ljusstyrka +300% \u00d6kar ljusstyrkan med upp till 300% mot en standard 55W halogenlampa. Anv\u00e4ndningsomr\u00e5den MC, bil, husbil, traktorer, ATV","og_url":"https:\/\/xenonkungen.com\/nl\/product\/luxtar-q1-led-h4\/","og_site_name":"Xenonkungen","article_modified_time":"2026-05-13T06:58:43+00:00","og_image":[{"width":1000,"height":1000,"url":"https:\/\/xenonkungen.com\/wp-content\/uploads\/2025\/04\/172527213-origpic-9e8052.png","type":"image\/png"}],"twitter_card":"summary_large_image","twitter_misc":{"Geschatte leestijd":"1 minuut"},"schema":{"@context":"https:\/\/schema.org","@graph":[{"@type":"WebPage","@id":"https:\/\/xenonkungen.com\/produkt\/luxtar-q1-led-h4\/","url":"https:\/\/xenonkungen.com\/produkt\/luxtar-q1-led-h4\/","name":"Luxtar\u00ae Q1 Led H4 - De Xenon-koning","isPartOf":{"@id":"https:\/\/xenonkungen.com\/#website"},"primaryImageOfPage":{"@id":"https:\/\/xenonkungen.com\/produkt\/luxtar-q1-led-h4\/#primaryimage"},"image":{"@id":"https:\/\/xenonkungen.com\/produkt\/luxtar-q1-led-h4\/#primaryimage"},"thumbnailUrl":"https:\/\/xenonkungen.com\/wp-content\/uploads\/2025\/04\/172527213-origpic-9e8052.png","datePublished":"2025-04-15T08:45:40+00:00","dateModified":"2026-05-13T06:58:43+00:00","breadcrumb":{"@id":"https:\/\/xenonkungen.com\/produkt\/luxtar-q1-led-h4\/#breadcrumb"},"inLanguage":"nl-NL","potentialAction":[{"@type":"ReadAction","target":["https:\/\/xenonkungen.com\/produkt\/luxtar-q1-led-h4\/"]}]},{"@type":"ImageObject","inLanguage":"nl-NL","@id":"https:\/\/xenonkungen.com\/produkt\/luxtar-q1-led-h4\/#primaryimage","url":"https:\/\/xenonkungen.com\/wp-content\/uploads\/2025\/04\/172527213-origpic-9e8052.png","contentUrl":"https:\/\/xenonkungen.com\/wp-content\/uploads\/2025\/04\/172527213-origpic-9e8052.png","width":1000,"height":1000},{"@type":"BreadcrumbList","@id":"https:\/\/xenonkungen.com\/produkt\/luxtar-q1-led-h4\/#breadcrumb","itemListElement":[{"@type":"ListItem","position":1,"name":"Hem","item":"https:\/\/xenonkungen.com\/"},{"@type":"ListItem","position":2,"name":"Shop","item":"https:\/\/xenonkungen.com\/shop\/"},{"@type":"ListItem","position":3,"name":"Luxtar\u00ae Q1 Led H4"}]},{"@type":"WebSite","@id":"https:\/\/xenonkungen.com\/#website","url":"https:\/\/xenonkungen.com\/","name":"Xenonkungen","description":"","potentialAction":[{"@type":"SearchAction","target":{"@type":"EntryPoint","urlTemplate":"https:\/\/xenonkungen.com\/?s={search_term_string}"},"query-input":{"@type":"PropertyValueSpecification","valueRequired":true,"valueName":"search_term_string"}}],"inLanguage":"nl-NL"}]}},"taxonomy_info":{"anvandningsomrade":[{"value":398,"label":"Motorcykel"}],"product_brand":[{"value":103,"label":"LUXTAR"}],"product_cat":[{"value":2826,"label":"LUXTAR"},{"value":733,"label":"Halvljus \/ Helljus"}],"pa_fargtemperatur":[{"value":353,"label":"6500K"}],"pa_fuktskydd-varde-ipxx":[{"value":520,"label":"IP65"}],"pa_lampsockel-kontakt":[{"value":340,"label":"H4"}],"pa_volt-v":[{"value":348,"label":"12, 24"}]},"featured_image_src_large":["https:\/\/xenonkungen.com\/wp-content\/uploads\/2025\/04\/172527213-origpic-9e8052.png",1000,1000,false],"author_info":[],"comment_info":3,"_links":{"self":[{"href":"https:\/\/xenonkungen.com\/nl\/wp-json\/wp\/v2\/product\/2904","targetHints":{"allow":["GET"]}}],"collection":[{"href":"https:\/\/xenonkungen.com\/nl\/wp-json\/wp\/v2\/product"}],"about":[{"href":"https:\/\/xenonkungen.com\/nl\/wp-json\/wp\/v2\/types\/product"}],"replies":[{"embeddable":true,"href":"https:\/\/xenonkungen.com\/nl\/wp-json\/wp\/v2\/comments?post=2904"}],"wp:featuredmedia":[{"embeddable":true,"href":"https:\/\/xenonkungen.com\/nl\/wp-json\/wp\/v2\/media\/2905"}],"wp:attachment":[{"href":"https:\/\/xenonkungen.com\/nl\/wp-json\/wp\/v2\/media?parent=2904"}],"wp:term":[{"taxonomy":"anvandningsomrade","embeddable":true,"href":"https:\/\/xenonkungen.com\/nl\/wp-json\/wp\/v2\/anvandningsomrade?post=2904"},{"taxonomy":"bilmarken","embeddable":true,"href":"https:\/\/xenonkungen.com\/nl\/wp-json\/wp\/v2\/bilmarken?post=2904"},{"taxonomy":"product_brand","embeddable":true,"href":"https:\/\/xenonkungen.com\/nl\/wp-json\/wp\/v2\/product_brand?post=2904"},{"taxonomy":"product_cat","embeddable":true,"href":"https:\/\/xenonkungen.com\/nl\/wp-json\/wp\/v2\/product_cat?post=2904"},{"taxonomy":"product_tag","embeddable":true,"href":"https:\/\/xenonkungen.com\/nl\/wp-json\/wp\/v2\/product_tag?post=2904"}],"curies":[{"name":"wp","href":"https:\/\/api.w.org\/{rel}","templated":true}]}}