{"id":29269,"date":"2026-04-15T08:34:34","date_gmt":"2026-04-15T07:34:34","guid":{"rendered":"https:\/\/xenonkungen.com\/?post_type=product&#038;p=29269"},"modified":"2026-04-15T08:47:03","modified_gmt":"2026-04-15T07:47:03","slug":"laser-led-ramp-kit-isuzu-d-max-2025-2x-lineair-6","status":"publish","type":"product","link":"https:\/\/xenonkungen.com\/nl\/product\/laser-led-ramp-kit-isuzu-d-max-2025-2x-lineair-6\/","title":{"rendered":"Lazer LED-rampkit voor Isuzu D-Max 2025+ \u2013 2x Linear 6"},"content":{"rendered":"<p data-start=\"340\" data-end=\"392\"><strong data-start=\"340\" data-end=\"390\">Op maat gemaakte LED-verlichting met een stijlvolle OE-look.<\/strong><\/p>\n<p data-start=\"394\" data-end=\"645\">Upgrade uw Isuzu D-Max (2025+) met deze modelspecifieke installatiekit van Lazer. De kit is ontworpen om naadloos in de originele grille van de auto te integreren en biedt een strakke, fabrieksmatige look in combinatie met krachtige, wettelijk toegestane verlichting.<\/p>\n<h2 data-section-id=\"1ic2lwx\" data-start=\"647\" data-end=\"692\"><span role=\"text\"><strong data-start=\"650\" data-end=\"690\">Effectief lichtpatroon voor dagelijks autorijden<\/strong><\/span><\/h2>\n<p data-start=\"693\" data-end=\"940\">De set bevat twee Linear-6 High Performance LED-hulplampen in standaarduitvoering. Met zes krachtige diodes per lamp wordt een vloeiend en krachtig lichtpatroon geleverd dat zorgt voor uitstekende zichtbaarheid op de snelweg \u2013 en dat alles volledig E-goedgekeurd voor gebruik op de openbare weg.<\/p>\n<h2 data-section-id=\"1pzieos\" data-start=\"942\" data-end=\"992\"><span role=\"text\"><strong data-start=\"945\" data-end=\"990\">Perfecte pasvorm en duurzame constructie.<\/strong><\/span><\/h2>\n<p data-start=\"993\" data-end=\"1248\">De vier meegeleverde beugels zijn nauwkeurig vervaardigd om perfect in de grille van de auto te passen. Ze zijn gemaakt van UV-bestendig, zeer sterk composietmateriaal en zijn bestand tegen weersinvloeden, vuil en chemicali\u00ebn, waardoor een duurzame en betrouwbare installatie gegarandeerd is.<\/p>\n<h2 data-section-id=\"2dy0tv\" data-start=\"1250\" data-end=\"1292\"><span role=\"text\"><strong data-start=\"1253\" data-end=\"1290\">Complete set voor eenvoudige installatie<\/strong><\/span><\/h2>\n<p data-start=\"1293\" data-end=\"1472\">De set bevat alles wat nodig is voor de installatie, inclusief snijmallen, een kabelset voor twee lampen en antidiefstalschroeven, waardoor de installatie eenvoudig, veilig en professioneel verloopt.<\/p>\n<h2 data-section-id=\"1v5g5ko\" data-start=\"1474\" data-end=\"1499\"><span role=\"text\"><strong data-start=\"1477\" data-end=\"1497\">Belangrijk om te weten<\/strong><\/span><\/h2>\n<p data-start=\"1500\" data-end=\"1605\">De set is geoptimaliseerd voor Lazer Linear-6 hulplampen en de garantie is niet van toepassing op de installatie van andere merken.<\/p>\n<p data-start=\"1607\" data-end=\"1706\"><strong data-start=\"1607\" data-end=\"1626\">Compatibiliteit:<\/strong><br data-start=\"1626\" data-end=\"1629\" \/>Isuzu D-Max (2025+) \u2013 DL20, DL40, V-Cross &amp; Utility (verlengde en dubbele cabine)<\/p>","protected":false},"excerpt":{"rendered":"<p>Op maat gemaakte LED-verlichtingsset voor Isuzu D-Max 2025+ met Linear-6 standaardmotor. Perfecte pasvorm, krachtige lichtopbrengst en eenvoudige installatie.<\/p>","protected":false},"featured_media":29279,"comment_status":"open","ping_status":"closed","template":"","meta":{"_acf_changed":false,"_smort_price_nok":"","_smort_price_dkk":"","_smort_price_eur":"","_smort_sale_price_nok":"","_smort_sale_price_dkk":"","_smort_sale_price_eur":"","smort_restorder":"","shipmondo_restorder":"","_kad_blocks_custom_css":"","_kad_blocks_head_custom_js":"","_kad_blocks_body_custom_js":"","_kad_blocks_footer_custom_js":"","smort_custom_pricelist_1":"4841.6","smort_custom_pricelist_2":"4841.6","smort_custom_pricelist_3":"4841.6","smort_custom_pricelist_4":"6052","smort_custom_pricelist_5":"4841.6"},"anvandningsomrade":[],"bilmarken":[261,1612],"product_brand":[1124,98],"product_cat":[2610,1916],"product_tag":[],"class_list":{"0":"post-29269","1":"product","2":"type-product","3":"status-publish","4":"has-post-thumbnail","6":"bilmarken-isuzu","7":"bilmarken-isuzu-d-max","8":"product_brand-lazer","9":"product_brand-lazer-lamps","10":"product_cat-modellanpassade","11":"product_cat-ledrampspaket","12":"pa_fargtemperatur-5000k","13":"pa_fuktskydd-varde-ipxx-ip67","14":"pa_lampsockel-kontakt-2-pin-superseal","15":"pa_storlek-mm-232x40x62","16":"pa_volt-v-multivolt-10-12-16-18-24-28-30-32","18":"first","19":"onbackorder","20":"taxable","21":"shipping-taxable","22":"purchasable","23":"product-type-simple"},"bundled_by":[],"bundle_stock_status":"onbackorder","bundle_stock_quantity":0,"bundle_virtual":false,"bundle_layout":"","bundle_add_to_cart_form_location":"","bundle_editable_in_cart":false,"bundle_sold_individually_context":"","bundle_item_grouping":"","bundle_min_size":"","bundle_max_size":"","bundle_price":[],"bundled_items":[],"bundle_sell_ids":[],"acf":[],"yoast_head":"<!-- This site is optimized with the Yoast SEO plugin v27.0 - https:\/\/yoast.com\/product\/yoast-seo-wordpress\/ -->\n<title>Lazer Ledrampskit Isuzu D-Max 2025+ - 2x Linear 6 - Xenonkungen Ledrampskit Linear-6 Isuzu D-Max 2025+ Standard, Lazer - Xenonkungen<\/title>\n<meta name=\"description\" content=\"K\u00f6p Lazer Linear-6 Standard ledrampskit f\u00f6r Isuzu D-Max 2025+. OE-passform och enkel montering. Snabb leverans. \u00d6ppet k\u00f6p 30 dagar.\" \/>\n<meta name=\"robots\" content=\"index, follow, max-snippet:-1, max-image-preview:large, max-video-preview:-1\" \/>\n<link rel=\"canonical\" href=\"https:\/\/xenonkungen.com\/nl\/product\/laser-led-ramp-kit-isuzu-d-max-2025-2x-lineair-6\/\" \/>\n<meta property=\"og:locale\" content=\"nl_NL\" \/>\n<meta property=\"og:type\" content=\"article\" \/>\n<meta property=\"og:title\" content=\"Lazer Ledrampskit Isuzu D-Max 2025+ - 2x Linear 6 - Xenonkungen Ledrampskit Linear-6 Isuzu D-Max 2025+ Standard, Lazer - Xenonkungen\" \/>\n<meta property=\"og:description\" content=\"K\u00f6p Lazer Linear-6 Standard ledrampskit f\u00f6r Isuzu D-Max 2025+. OE-passform och enkel montering. Snabb leverans. \u00d6ppet k\u00f6p 30 dagar.\" \/>\n<meta property=\"og:url\" content=\"https:\/\/xenonkungen.com\/nl\/product\/laser-led-ramp-kit-isuzu-d-max-2025-2x-lineair-6\/\" \/>\n<meta property=\"og:site_name\" content=\"Xenonkungen\" \/>\n<meta property=\"article:modified_time\" content=\"2026-04-15T07:47:03+00:00\" \/>\n<meta property=\"og:image\" content=\"https:\/\/xenonkungen.com\/wp-content\/uploads\/2026\/04\/Skarmbild-2026-04-15-092113.png\" \/>\n\t<meta property=\"og:image:width\" content=\"1234\" \/>\n\t<meta property=\"og:image:height\" content=\"924\" \/>\n\t<meta property=\"og:image:type\" content=\"image\/png\" \/>\n<meta name=\"twitter:card\" content=\"summary_large_image\" \/>\n<meta name=\"twitter:label1\" content=\"Geschatte leestijd\" \/>\n\t<meta name=\"twitter:data1\" content=\"2 minuten\" \/>\n<script type=\"application\/ld+json\" class=\"yoast-schema-graph\">{\"@context\":\"https:\/\/schema.org\",\"@graph\":[{\"@type\":\"WebPage\",\"@id\":\"https:\/\/xenonkungen.com\/produkt\/lazer-ledrampskit-isuzu-d-max-2025-2x-linear-6\/\",\"url\":\"https:\/\/xenonkungen.com\/produkt\/lazer-ledrampskit-isuzu-d-max-2025-2x-linear-6\/\",\"name\":\"Lazer Ledrampskit Isuzu D-Max 2025+ - 2x Linear 6 - Xenonkungen Ledrampskit Linear-6 Isuzu D-Max 2025+ Standard, Lazer - Xenonkungen\",\"isPartOf\":{\"@id\":\"https:\/\/xenonkungen.com\/#website\"},\"primaryImageOfPage\":{\"@id\":\"https:\/\/xenonkungen.com\/produkt\/lazer-ledrampskit-isuzu-d-max-2025-2x-linear-6\/#primaryimage\"},\"image\":{\"@id\":\"https:\/\/xenonkungen.com\/produkt\/lazer-ledrampskit-isuzu-d-max-2025-2x-linear-6\/#primaryimage\"},\"thumbnailUrl\":\"https:\/\/xenonkungen.com\/wp-content\/uploads\/2026\/04\/Skarmbild-2026-04-15-092113.png\",\"datePublished\":\"2026-04-15T07:34:34+00:00\",\"dateModified\":\"2026-04-15T07:47:03+00:00\",\"description\":\"K\u00f6p Lazer Linear-6 Standard ledrampskit f\u00f6r Isuzu D-Max 2025+. OE-passform och enkel montering. Snabb leverans. \u00d6ppet k\u00f6p 30 dagar.\",\"breadcrumb\":{\"@id\":\"https:\/\/xenonkungen.com\/produkt\/lazer-ledrampskit-isuzu-d-max-2025-2x-linear-6\/#breadcrumb\"},\"inLanguage\":\"nl-NL\",\"potentialAction\":[{\"@type\":\"ReadAction\",\"target\":[\"https:\/\/xenonkungen.com\/produkt\/lazer-ledrampskit-isuzu-d-max-2025-2x-linear-6\/\"]}]},{\"@type\":\"ImageObject\",\"inLanguage\":\"nl-NL\",\"@id\":\"https:\/\/xenonkungen.com\/produkt\/lazer-ledrampskit-isuzu-d-max-2025-2x-linear-6\/#primaryimage\",\"url\":\"https:\/\/xenonkungen.com\/wp-content\/uploads\/2026\/04\/Skarmbild-2026-04-15-092113.png\",\"contentUrl\":\"https:\/\/xenonkungen.com\/wp-content\/uploads\/2026\/04\/Skarmbild-2026-04-15-092113.png\",\"width\":1234,\"height\":924},{\"@type\":\"BreadcrumbList\",\"@id\":\"https:\/\/xenonkungen.com\/produkt\/lazer-ledrampskit-isuzu-d-max-2025-2x-linear-6\/#breadcrumb\",\"itemListElement\":[{\"@type\":\"ListItem\",\"position\":1,\"name\":\"Hem\",\"item\":\"https:\/\/xenonkungen.com\/\"},{\"@type\":\"ListItem\",\"position\":2,\"name\":\"Shop\",\"item\":\"https:\/\/xenonkungen.com\/shop\/\"},{\"@type\":\"ListItem\",\"position\":3,\"name\":\"Lazer Ledrampskit Isuzu D-Max 2025+ &#8211; 2x Linear 6\"}]},{\"@type\":\"WebSite\",\"@id\":\"https:\/\/xenonkungen.com\/#website\",\"url\":\"https:\/\/xenonkungen.com\/\",\"name\":\"Xenonkungen\",\"description\":\"\",\"potentialAction\":[{\"@type\":\"SearchAction\",\"target\":{\"@type\":\"EntryPoint\",\"urlTemplate\":\"https:\/\/xenonkungen.com\/?s={search_term_string}\"},\"query-input\":{\"@type\":\"PropertyValueSpecification\",\"valueRequired\":true,\"valueName\":\"search_term_string\"}}],\"inLanguage\":\"nl-NL\"}]}<\/script>\n<!-- \/ Yoast SEO plugin. -->","yoast_head_json":{"title":"Lazer LED-rampkit Isuzu D-Max 2025+ - 2x Linear 6 - Xenon King LED-rampkit Linear-6 Isuzu D-Max 2025+ Standaard, Lazer - Xenon King","description":"Koop de Lazer Linear-6 standaard LED-verlichtingsset voor Isuzu D-Max 2025+. Originele pasvorm en eenvoudige installatie. Snelle levering. 30 dagen bedenktijd.","robots":{"index":"index","follow":"follow","max-snippet":"max-snippet:-1","max-image-preview":"max-image-preview:large","max-video-preview":"max-video-preview:-1"},"canonical":"https:\/\/xenonkungen.com\/nl\/product\/laser-led-ramp-kit-isuzu-d-max-2025-2x-lineair-6\/","og_locale":"nl_NL","og_type":"article","og_title":"Lazer Ledrampskit Isuzu D-Max 2025+ - 2x Linear 6 - Xenonkungen Ledrampskit Linear-6 Isuzu D-Max 2025+ Standard, Lazer - Xenonkungen","og_description":"K\u00f6p Lazer Linear-6 Standard ledrampskit f\u00f6r Isuzu D-Max 2025+. OE-passform och enkel montering. Snabb leverans. \u00d6ppet k\u00f6p 30 dagar.","og_url":"https:\/\/xenonkungen.com\/nl\/product\/laser-led-ramp-kit-isuzu-d-max-2025-2x-lineair-6\/","og_site_name":"Xenonkungen","article_modified_time":"2026-04-15T07:47:03+00:00","og_image":[{"width":1234,"height":924,"url":"https:\/\/xenonkungen.com\/wp-content\/uploads\/2026\/04\/Skarmbild-2026-04-15-092113.png","type":"image\/png"}],"twitter_card":"summary_large_image","twitter_misc":{"Geschatte leestijd":"2 minuten"},"schema":{"@context":"https:\/\/schema.org","@graph":[{"@type":"WebPage","@id":"https:\/\/xenonkungen.com\/produkt\/lazer-ledrampskit-isuzu-d-max-2025-2x-linear-6\/","url":"https:\/\/xenonkungen.com\/produkt\/lazer-ledrampskit-isuzu-d-max-2025-2x-linear-6\/","name":"Lazer LED-rampkit Isuzu D-Max 2025+ - 2x Linear 6 - Xenon King LED-rampkit Linear-6 Isuzu D-Max 2025+ Standaard, Lazer - Xenon King","isPartOf":{"@id":"https:\/\/xenonkungen.com\/#website"},"primaryImageOfPage":{"@id":"https:\/\/xenonkungen.com\/produkt\/lazer-ledrampskit-isuzu-d-max-2025-2x-linear-6\/#primaryimage"},"image":{"@id":"https:\/\/xenonkungen.com\/produkt\/lazer-ledrampskit-isuzu-d-max-2025-2x-linear-6\/#primaryimage"},"thumbnailUrl":"https:\/\/xenonkungen.com\/wp-content\/uploads\/2026\/04\/Skarmbild-2026-04-15-092113.png","datePublished":"2026-04-15T07:34:34+00:00","dateModified":"2026-04-15T07:47:03+00:00","description":"Koop de Lazer Linear-6 standaard LED-verlichtingsset voor Isuzu D-Max 2025+. Originele pasvorm en eenvoudige installatie. Snelle levering. 30 dagen bedenktijd.","breadcrumb":{"@id":"https:\/\/xenonkungen.com\/produkt\/lazer-ledrampskit-isuzu-d-max-2025-2x-linear-6\/#breadcrumb"},"inLanguage":"nl-NL","potentialAction":[{"@type":"ReadAction","target":["https:\/\/xenonkungen.com\/produkt\/lazer-ledrampskit-isuzu-d-max-2025-2x-linear-6\/"]}]},{"@type":"ImageObject","inLanguage":"nl-NL","@id":"https:\/\/xenonkungen.com\/produkt\/lazer-ledrampskit-isuzu-d-max-2025-2x-linear-6\/#primaryimage","url":"https:\/\/xenonkungen.com\/wp-content\/uploads\/2026\/04\/Skarmbild-2026-04-15-092113.png","contentUrl":"https:\/\/xenonkungen.com\/wp-content\/uploads\/2026\/04\/Skarmbild-2026-04-15-092113.png","width":1234,"height":924},{"@type":"BreadcrumbList","@id":"https:\/\/xenonkungen.com\/produkt\/lazer-ledrampskit-isuzu-d-max-2025-2x-linear-6\/#breadcrumb","itemListElement":[{"@type":"ListItem","position":1,"name":"Hem","item":"https:\/\/xenonkungen.com\/"},{"@type":"ListItem","position":2,"name":"Shop","item":"https:\/\/xenonkungen.com\/shop\/"},{"@type":"ListItem","position":3,"name":"Lazer Ledrampskit Isuzu D-Max 2025+ &#8211; 2x Linear 6"}]},{"@type":"WebSite","@id":"https:\/\/xenonkungen.com\/#website","url":"https:\/\/xenonkungen.com\/","name":"Xenonkungen","description":"","potentialAction":[{"@type":"SearchAction","target":{"@type":"EntryPoint","urlTemplate":"https:\/\/xenonkungen.com\/?s={search_term_string}"},"query-input":{"@type":"PropertyValueSpecification","valueRequired":true,"valueName":"search_term_string"}}],"inLanguage":"nl-NL"}]}},"taxonomy_info":{"bilmarken":[{"value":261,"label":"Isuzu"},{"value":1612,"label":"Isuzu D-Max"}],"product_brand":[{"value":1124,"label":"Lazer"},{"value":98,"label":"Lazer Lamps"}],"product_cat":[{"value":2610,"label":"Modellanpassade"},{"value":1916,"label":"Ledrampspaket"}],"pa_fargtemperatur":[{"value":154,"label":"5000K"}],"pa_fuktskydd-varde-ipxx":[{"value":333,"label":"IP67"}],"pa_lampsockel-kontakt":[{"value":3032,"label":"2-pin Superseal"}],"pa_storlek-mm":[{"value":1126,"label":"232x40x62"}],"pa_volt-v":[{"value":1084,"label":"Multivolt, 10, 12, 16, 18, 24, 28, 30, 32"}]},"featured_image_src_large":["https:\/\/xenonkungen.com\/wp-content\/uploads\/2026\/04\/Skarmbild-2026-04-15-092113-1024x767.png",1024,767,true],"author_info":[],"comment_info":0,"_links":{"self":[{"href":"https:\/\/xenonkungen.com\/nl\/wp-json\/wp\/v2\/product\/29269","targetHints":{"allow":["GET"]}}],"collection":[{"href":"https:\/\/xenonkungen.com\/nl\/wp-json\/wp\/v2\/product"}],"about":[{"href":"https:\/\/xenonkungen.com\/nl\/wp-json\/wp\/v2\/types\/product"}],"replies":[{"embeddable":true,"href":"https:\/\/xenonkungen.com\/nl\/wp-json\/wp\/v2\/comments?post=29269"}],"wp:featuredmedia":[{"embeddable":true,"href":"https:\/\/xenonkungen.com\/nl\/wp-json\/wp\/v2\/media\/29279"}],"wp:attachment":[{"href":"https:\/\/xenonkungen.com\/nl\/wp-json\/wp\/v2\/media?parent=29269"}],"wp:term":[{"taxonomy":"anvandningsomrade","embeddable":true,"href":"https:\/\/xenonkungen.com\/nl\/wp-json\/wp\/v2\/anvandningsomrade?post=29269"},{"taxonomy":"bilmarken","embeddable":true,"href":"https:\/\/xenonkungen.com\/nl\/wp-json\/wp\/v2\/bilmarken?post=29269"},{"taxonomy":"product_brand","embeddable":true,"href":"https:\/\/xenonkungen.com\/nl\/wp-json\/wp\/v2\/product_brand?post=29269"},{"taxonomy":"product_cat","embeddable":true,"href":"https:\/\/xenonkungen.com\/nl\/wp-json\/wp\/v2\/product_cat?post=29269"},{"taxonomy":"product_tag","embeddable":true,"href":"https:\/\/xenonkungen.com\/nl\/wp-json\/wp\/v2\/product_tag?post=29269"}],"curies":[{"name":"wp","href":"https:\/\/api.w.org\/{rel}","templated":true}]}}