{"id":3041,"date":"2025-04-15T08:47:55","date_gmt":"2025-04-15T08:47:55","guid":{"rendered":"https:\/\/xenonkungen.com\/product\/extraljusfaste-4-175mm-7\/"},"modified":"2026-03-20T17:05:12","modified_gmt":"2026-03-20T16:05:12","slug":"extra-lichtarmatuur-4-175mm-7","status":"publish","type":"product","link":"https:\/\/xenonkungen.com\/nl\/product\/extra-lichtarmatuur-4-175mm-7\/","title":{"rendered":"Extra lichtbeugel 4 - 175mm \/ 7\u2033"},"content":{"rendered":"<p>Extra verlichtingsbeugel 4 \u2013 175mm \/ 7\u2033 | Zwarte extra verlichtingsbeugel van gepoedercoat staal voor 4 lampen of een LED-helling.<\/p>\n<p>65,5 cm breed met 21,5 cm tussen de beugels.<\/p>","protected":false},"excerpt":{"rendered":"<p>Extraljusf\u00e4ste 4 &#8211; 175mm \/ 7&#8243; | Svart extraljusf\u00e4ste i pulverlackad st\u00e5l f\u00f6r 4 lyktor, eller en LED-ramp. 65.5cm bred med 21.5cm mellan f\u00e4stena.<\/p>","protected":false},"featured_media":28211,"comment_status":"closed","ping_status":"closed","template":"","meta":{"_acf_changed":false,"_smort_price_nok":"529","_smort_price_dkk":"336","_smort_price_eur":"45","_smort_sale_price_nok":"","_smort_sale_price_dkk":"","_smort_sale_price_eur":"","smort_restorder":"","shipmondo_restorder":"","_kad_blocks_custom_css":"","_kad_blocks_head_custom_js":"","_kad_blocks_body_custom_js":"","_kad_blocks_footer_custom_js":"","smort_custom_pricelist_1":"316.8","smort_custom_pricelist_2":"277.2","smort_custom_pricelist_3":"257.4","smort_custom_pricelist_4":"719.2","smort_custom_pricelist_5":"396"},"anvandningsomrade":[],"bilmarken":[],"product_brand":[],"product_cat":[2534,2461,2841,2535,2536,390],"product_tag":[],"class_list":{"0":"post-3041","1":"product","2":"type-product","3":"status-publish","4":"has-post-thumbnail","6":"product_cat-extraljusfaste-extraljus","7":"product_cat-fasten-installation","8":"product_cat-installation-extraljus","9":"product_cat-tillbehor-ledramper","10":"product_cat-tillbehor-tillbehor-ledramper","11":"product_cat-installation","13":"first","14":"instock","15":"taxable","16":"shipping-taxable","17":"purchasable","18":"product-type-simple"},"bundled_by":["25270"],"bundle_stock_status":"instock","bundle_stock_quantity":39,"bundle_virtual":false,"bundle_layout":"","bundle_add_to_cart_form_location":"","bundle_editable_in_cart":false,"bundle_sold_individually_context":"","bundle_item_grouping":"","bundle_min_size":"","bundle_max_size":"","bundle_price":[],"bundled_items":[],"bundle_sell_ids":[],"acf":[],"yoast_head":"<!-- This site is optimized with the Yoast SEO plugin v27.0 - https:\/\/yoast.com\/product\/yoast-seo-wordpress\/ -->\n<title>Extraljusf\u00e4ste 4 - 175mm \/ 7&quot; - Xenonkungen<\/title>\n<meta name=\"robots\" content=\"index, follow, max-snippet:-1, max-image-preview:large, max-video-preview:-1\" \/>\n<link rel=\"canonical\" href=\"https:\/\/xenonkungen.com\/nl\/product\/extra-lichtarmatuur-4-175mm-7\/\" \/>\n<meta property=\"og:locale\" content=\"nl_NL\" \/>\n<meta property=\"og:type\" content=\"article\" \/>\n<meta property=\"og:title\" content=\"Extraljusf\u00e4ste 4 - 175mm \/ 7&quot; - Xenonkungen\" \/>\n<meta property=\"og:description\" content=\"Extraljusf\u00e4ste 4 &#8211; 175mm \/ 7&#8243; | Svart extraljusf\u00e4ste i pulverlackad st\u00e5l f\u00f6r 4 lyktor, eller en LED-ramp. 65.5cm bred med 21.5cm mellan f\u00e4stena.\" \/>\n<meta property=\"og:url\" content=\"https:\/\/xenonkungen.com\/nl\/product\/extra-lichtarmatuur-4-175mm-7\/\" \/>\n<meta property=\"og:site_name\" content=\"Xenonkungen\" \/>\n<meta property=\"article:modified_time\" content=\"2026-03-20T16:05:12+00:00\" \/>\n<meta property=\"og:image\" content=\"https:\/\/xenonkungen.com\/wp-content\/uploads\/2025\/04\/Extraljusfast-ArtNr-161100-4-DSCF0094-2000px-PNNG.png\" \/>\n\t<meta property=\"og:image:width\" content=\"2000\" \/>\n\t<meta property=\"og:image:height\" content=\"844\" \/>\n\t<meta property=\"og:image:type\" content=\"image\/png\" \/>\n<meta name=\"twitter:card\" content=\"summary_large_image\" \/>\n<meta name=\"twitter:label1\" content=\"Geschatte leestijd\" \/>\n\t<meta name=\"twitter:data1\" content=\"1 minuut\" \/>\n<script type=\"application\/ld+json\" class=\"yoast-schema-graph\">{\"@context\":\"https:\/\/schema.org\",\"@graph\":[{\"@type\":\"WebPage\",\"@id\":\"https:\/\/xenonkungen.com\/produkt\/extraljusfaste-4-175mm-7\/\",\"url\":\"https:\/\/xenonkungen.com\/produkt\/extraljusfaste-4-175mm-7\/\",\"name\":\"Extraljusf\u00e4ste 4 - 175mm \/ 7\\\" - Xenonkungen\",\"isPartOf\":{\"@id\":\"https:\/\/xenonkungen.com\/#website\"},\"primaryImageOfPage\":{\"@id\":\"https:\/\/xenonkungen.com\/produkt\/extraljusfaste-4-175mm-7\/#primaryimage\"},\"image\":{\"@id\":\"https:\/\/xenonkungen.com\/produkt\/extraljusfaste-4-175mm-7\/#primaryimage\"},\"thumbnailUrl\":\"https:\/\/xenonkungen.com\/wp-content\/uploads\/2025\/04\/Extraljusfast-ArtNr-161100-4-DSCF0094-2000px-PNNG.png\",\"datePublished\":\"2025-04-15T08:47:55+00:00\",\"dateModified\":\"2026-03-20T16:05:12+00:00\",\"breadcrumb\":{\"@id\":\"https:\/\/xenonkungen.com\/produkt\/extraljusfaste-4-175mm-7\/#breadcrumb\"},\"inLanguage\":\"nl-NL\",\"potentialAction\":[{\"@type\":\"ReadAction\",\"target\":[\"https:\/\/xenonkungen.com\/produkt\/extraljusfaste-4-175mm-7\/\"]}]},{\"@type\":\"ImageObject\",\"inLanguage\":\"nl-NL\",\"@id\":\"https:\/\/xenonkungen.com\/produkt\/extraljusfaste-4-175mm-7\/#primaryimage\",\"url\":\"https:\/\/xenonkungen.com\/wp-content\/uploads\/2025\/04\/Extraljusfast-ArtNr-161100-4-DSCF0094-2000px-PNNG.png\",\"contentUrl\":\"https:\/\/xenonkungen.com\/wp-content\/uploads\/2025\/04\/Extraljusfast-ArtNr-161100-4-DSCF0094-2000px-PNNG.png\",\"width\":2000,\"height\":844},{\"@type\":\"BreadcrumbList\",\"@id\":\"https:\/\/xenonkungen.com\/produkt\/extraljusfaste-4-175mm-7\/#breadcrumb\",\"itemListElement\":[{\"@type\":\"ListItem\",\"position\":1,\"name\":\"Hem\",\"item\":\"https:\/\/xenonkungen.com\/\"},{\"@type\":\"ListItem\",\"position\":2,\"name\":\"Shop\",\"item\":\"https:\/\/xenonkungen.com\/shop\/\"},{\"@type\":\"ListItem\",\"position\":3,\"name\":\"Extraljusf\u00e4ste 4 &#8211; 175mm \/ 7&#8243;\"}]},{\"@type\":\"WebSite\",\"@id\":\"https:\/\/xenonkungen.com\/#website\",\"url\":\"https:\/\/xenonkungen.com\/\",\"name\":\"Xenonkungen\",\"description\":\"\",\"potentialAction\":[{\"@type\":\"SearchAction\",\"target\":{\"@type\":\"EntryPoint\",\"urlTemplate\":\"https:\/\/xenonkungen.com\/?s={search_term_string}\"},\"query-input\":{\"@type\":\"PropertyValueSpecification\",\"valueRequired\":true,\"valueName\":\"search_term_string\"}}],\"inLanguage\":\"nl-NL\"}]}<\/script>\n<!-- \/ Yoast SEO plugin. -->","yoast_head_json":{"title":"Hulplichtbeugel 4 - 175 mm \/ 7&quot; - Xenonkungen","robots":{"index":"index","follow":"follow","max-snippet":"max-snippet:-1","max-image-preview":"max-image-preview:large","max-video-preview":"max-video-preview:-1"},"canonical":"https:\/\/xenonkungen.com\/nl\/product\/extra-lichtarmatuur-4-175mm-7\/","og_locale":"nl_NL","og_type":"article","og_title":"Extraljusf\u00e4ste 4 - 175mm \/ 7\" - Xenonkungen","og_description":"Extraljusf\u00e4ste 4 &#8211; 175mm \/ 7&#8243; | Svart extraljusf\u00e4ste i pulverlackad st\u00e5l f\u00f6r 4 lyktor, eller en LED-ramp. 65.5cm bred med 21.5cm mellan f\u00e4stena.","og_url":"https:\/\/xenonkungen.com\/nl\/product\/extra-lichtarmatuur-4-175mm-7\/","og_site_name":"Xenonkungen","article_modified_time":"2026-03-20T16:05:12+00:00","og_image":[{"width":2000,"height":844,"url":"https:\/\/xenonkungen.com\/wp-content\/uploads\/2025\/04\/Extraljusfast-ArtNr-161100-4-DSCF0094-2000px-PNNG.png","type":"image\/png"}],"twitter_card":"summary_large_image","twitter_misc":{"Geschatte leestijd":"1 minuut"},"schema":{"@context":"https:\/\/schema.org","@graph":[{"@type":"WebPage","@id":"https:\/\/xenonkungen.com\/produkt\/extraljusfaste-4-175mm-7\/","url":"https:\/\/xenonkungen.com\/produkt\/extraljusfaste-4-175mm-7\/","name":"Hulplichtbeugel 4 - 175 mm \/ 7&quot; - Xenonkungen","isPartOf":{"@id":"https:\/\/xenonkungen.com\/#website"},"primaryImageOfPage":{"@id":"https:\/\/xenonkungen.com\/produkt\/extraljusfaste-4-175mm-7\/#primaryimage"},"image":{"@id":"https:\/\/xenonkungen.com\/produkt\/extraljusfaste-4-175mm-7\/#primaryimage"},"thumbnailUrl":"https:\/\/xenonkungen.com\/wp-content\/uploads\/2025\/04\/Extraljusfast-ArtNr-161100-4-DSCF0094-2000px-PNNG.png","datePublished":"2025-04-15T08:47:55+00:00","dateModified":"2026-03-20T16:05:12+00:00","breadcrumb":{"@id":"https:\/\/xenonkungen.com\/produkt\/extraljusfaste-4-175mm-7\/#breadcrumb"},"inLanguage":"nl-NL","potentialAction":[{"@type":"ReadAction","target":["https:\/\/xenonkungen.com\/produkt\/extraljusfaste-4-175mm-7\/"]}]},{"@type":"ImageObject","inLanguage":"nl-NL","@id":"https:\/\/xenonkungen.com\/produkt\/extraljusfaste-4-175mm-7\/#primaryimage","url":"https:\/\/xenonkungen.com\/wp-content\/uploads\/2025\/04\/Extraljusfast-ArtNr-161100-4-DSCF0094-2000px-PNNG.png","contentUrl":"https:\/\/xenonkungen.com\/wp-content\/uploads\/2025\/04\/Extraljusfast-ArtNr-161100-4-DSCF0094-2000px-PNNG.png","width":2000,"height":844},{"@type":"BreadcrumbList","@id":"https:\/\/xenonkungen.com\/produkt\/extraljusfaste-4-175mm-7\/#breadcrumb","itemListElement":[{"@type":"ListItem","position":1,"name":"Hem","item":"https:\/\/xenonkungen.com\/"},{"@type":"ListItem","position":2,"name":"Shop","item":"https:\/\/xenonkungen.com\/shop\/"},{"@type":"ListItem","position":3,"name":"Extraljusf\u00e4ste 4 &#8211; 175mm \/ 7&#8243;"}]},{"@type":"WebSite","@id":"https:\/\/xenonkungen.com\/#website","url":"https:\/\/xenonkungen.com\/","name":"Xenonkungen","description":"","potentialAction":[{"@type":"SearchAction","target":{"@type":"EntryPoint","urlTemplate":"https:\/\/xenonkungen.com\/?s={search_term_string}"},"query-input":{"@type":"PropertyValueSpecification","valueRequired":true,"valueName":"search_term_string"}}],"inLanguage":"nl-NL"}]}},"taxonomy_info":{"product_cat":[{"value":2534,"label":"Extraljusf\u00e4ste"},{"value":2461,"label":"F\u00e4sten"},{"value":2841,"label":"Installation extraljus"},{"value":2535,"label":"LEDRAMPER"},{"value":2536,"label":"Tillbeh\u00f6r"},{"value":390,"label":"Installation"}]},"featured_image_src_large":["https:\/\/xenonkungen.com\/wp-content\/uploads\/2025\/04\/Extraljusfast-ArtNr-161100-4-DSCF0094-2000px-PNNG-1024x432.png",1024,432,true],"author_info":[],"comment_info":0,"_links":{"self":[{"href":"https:\/\/xenonkungen.com\/nl\/wp-json\/wp\/v2\/product\/3041","targetHints":{"allow":["GET"]}}],"collection":[{"href":"https:\/\/xenonkungen.com\/nl\/wp-json\/wp\/v2\/product"}],"about":[{"href":"https:\/\/xenonkungen.com\/nl\/wp-json\/wp\/v2\/types\/product"}],"replies":[{"embeddable":true,"href":"https:\/\/xenonkungen.com\/nl\/wp-json\/wp\/v2\/comments?post=3041"}],"wp:featuredmedia":[{"embeddable":true,"href":"https:\/\/xenonkungen.com\/nl\/wp-json\/wp\/v2\/media\/28211"}],"wp:attachment":[{"href":"https:\/\/xenonkungen.com\/nl\/wp-json\/wp\/v2\/media?parent=3041"}],"wp:term":[{"taxonomy":"anvandningsomrade","embeddable":true,"href":"https:\/\/xenonkungen.com\/nl\/wp-json\/wp\/v2\/anvandningsomrade?post=3041"},{"taxonomy":"bilmarken","embeddable":true,"href":"https:\/\/xenonkungen.com\/nl\/wp-json\/wp\/v2\/bilmarken?post=3041"},{"taxonomy":"product_brand","embeddable":true,"href":"https:\/\/xenonkungen.com\/nl\/wp-json\/wp\/v2\/product_brand?post=3041"},{"taxonomy":"product_cat","embeddable":true,"href":"https:\/\/xenonkungen.com\/nl\/wp-json\/wp\/v2\/product_cat?post=3041"},{"taxonomy":"product_tag","embeddable":true,"href":"https:\/\/xenonkungen.com\/nl\/wp-json\/wp\/v2\/product_tag?post=3041"}],"curies":[{"name":"wp","href":"https:\/\/api.w.org\/{rel}","templated":true}]}}