{"id":3043,"date":"2025-04-15T08:47:55","date_gmt":"2025-04-15T08:47:55","guid":{"rendered":"https:\/\/xenonkungen.com\/product\/extraljusfaste-till-2st-225mm9\/"},"modified":"2026-05-08T15:41:14","modified_gmt":"2026-05-08T14:41:14","slug":"extra-lichtarmatuur-voor-2-stuks-225mm9","status":"publish","type":"product","link":"https:\/\/xenonkungen.com\/nl\/product\/extra-lichtarmatuur-voor-2-stuks-225mm9\/","title":{"rendered":"Extra lichtbeugel voor 2 x 225mm|9\u2033"},"content":{"rendered":"<div class=\"container\">\n<h1>Zwarte extra lichtbeugel in gepoedercoat staal<\/h1>\n<p>Deze duurzame hulplichtbeugel is ontworpen om 2 hulplichten of een LED-oprijplaat te ondersteunen, waardoor hij zeer veelzijdig is voor verschillende voertuigen en behoeften. De beugel is gemaakt van stevig gepoedercoat staal en is zwart van kleur zodat hij gemakkelijk past bij het ontwerp van het voertuig.<\/p>\n<p>De beugel is 45 cm breed met een afstand van 37 cm tussen de beugels, voor een stabiele en veilige installatie van je extra verlichting of LED-helling.<\/p>\n<\/div>","protected":false},"excerpt":{"rendered":"<p>Onze universele beugel voor 2 extra lampen of 1 led oprijplaat<\/p>","protected":false},"featured_media":3044,"comment_status":"closed","ping_status":"open","template":"","meta":{"_acf_changed":false,"_smort_price_nok":"298","_smort_price_dkk":"189","_smort_price_eur":"25.36","_smort_sale_price_nok":"","_smort_sale_price_dkk":"","_smort_sale_price_eur":"","smort_restorder":"","shipmondo_restorder":"","_kad_blocks_custom_css":"","_kad_blocks_head_custom_js":"","_kad_blocks_body_custom_js":"","_kad_blocks_footer_custom_js":"","smort_custom_pricelist_1":"178.56","smort_custom_pricelist_2":"133.92","smort_custom_pricelist_3":"122.76","smort_custom_pricelist_4":"223.2","smort_custom_pricelist_5":"133.92"},"anvandningsomrade":[],"bilmarken":[],"product_brand":[],"product_cat":[2534,2461,2841,2535,2536,390],"product_tag":[],"class_list":{"0":"post-3043","1":"product","2":"type-product","3":"status-publish","4":"has-post-thumbnail","6":"product_cat-extraljusfaste-extraljus","7":"product_cat-fasten-installation","8":"product_cat-installation-extraljus","9":"product_cat-tillbehor-ledramper","10":"product_cat-tillbehor-tillbehor-ledramper","11":"product_cat-installation","13":"first","14":"onbackorder","15":"taxable","16":"shipping-taxable","17":"purchasable","18":"product-type-simple"},"bundled_by":["741","9078","9152","9186","9215","9248","9265","9290","9305","9327","9339","9368","9464","9469","9480","9485","9515","9520","9580","9583","9586","9600","9608","10299","10301","25275","25797","25824"],"bundle_stock_status":"onbackorder","bundle_stock_quantity":-1911,"bundle_virtual":false,"bundle_layout":"","bundle_add_to_cart_form_location":"","bundle_editable_in_cart":false,"bundle_sold_individually_context":"","bundle_item_grouping":"","bundle_min_size":"","bundle_max_size":"","bundle_price":[],"bundled_items":[],"bundle_sell_ids":[],"acf":[],"yoast_head":"<!-- This site is optimized with the Yoast SEO plugin v27.0 - https:\/\/yoast.com\/product\/yoast-seo-wordpress\/ -->\n<title>Extraljusf\u00e4ste till 2st 225mm|9&quot; - Xenonkungen<\/title>\n<meta name=\"robots\" content=\"index, follow, max-snippet:-1, max-image-preview:large, max-video-preview:-1\" \/>\n<link rel=\"canonical\" href=\"https:\/\/xenonkungen.com\/nl\/product\/extra-lichtarmatuur-voor-2-stuks-225mm9\/\" \/>\n<meta property=\"og:locale\" content=\"nl_NL\" \/>\n<meta property=\"og:type\" content=\"article\" \/>\n<meta property=\"og:title\" content=\"Extraljusf\u00e4ste till 2st 225mm|9&quot; - Xenonkungen\" \/>\n<meta property=\"og:description\" content=\"V\u00e5rt universala f\u00e4ste f\u00f6r antingen 2 extraljus eller 1 ledramp\" \/>\n<meta property=\"og:url\" content=\"https:\/\/xenonkungen.com\/nl\/product\/extra-lichtarmatuur-voor-2-stuks-225mm9\/\" \/>\n<meta property=\"og:site_name\" content=\"Xenonkungen\" \/>\n<meta property=\"article:modified_time\" content=\"2026-05-08T14:41:14+00:00\" \/>\n<meta property=\"og:image\" content=\"https:\/\/xenonkungen.com\/wp-content\/uploads\/2025\/04\/167765779-origpic-0b3b01.png\" \/>\n\t<meta property=\"og:image:width\" content=\"1000\" \/>\n\t<meta property=\"og:image:height\" content=\"368\" \/>\n\t<meta property=\"og:image:type\" content=\"image\/png\" \/>\n<meta name=\"twitter:card\" content=\"summary_large_image\" \/>\n<script type=\"application\/ld+json\" class=\"yoast-schema-graph\">{\"@context\":\"https:\/\/schema.org\",\"@graph\":[{\"@type\":\"WebPage\",\"@id\":\"https:\/\/xenonkungen.com\/produkt\/extraljusfaste-till-2st-225mm9\/\",\"url\":\"https:\/\/xenonkungen.com\/produkt\/extraljusfaste-till-2st-225mm9\/\",\"name\":\"Extraljusf\u00e4ste till 2st 225mm|9\\\" - Xenonkungen\",\"isPartOf\":{\"@id\":\"https:\/\/xenonkungen.com\/#website\"},\"primaryImageOfPage\":{\"@id\":\"https:\/\/xenonkungen.com\/produkt\/extraljusfaste-till-2st-225mm9\/#primaryimage\"},\"image\":{\"@id\":\"https:\/\/xenonkungen.com\/produkt\/extraljusfaste-till-2st-225mm9\/#primaryimage\"},\"thumbnailUrl\":\"https:\/\/xenonkungen.com\/wp-content\/uploads\/2025\/04\/167765779-origpic-0b3b01.png\",\"datePublished\":\"2025-04-15T08:47:55+00:00\",\"dateModified\":\"2026-05-08T14:41:14+00:00\",\"breadcrumb\":{\"@id\":\"https:\/\/xenonkungen.com\/produkt\/extraljusfaste-till-2st-225mm9\/#breadcrumb\"},\"inLanguage\":\"nl-NL\",\"potentialAction\":[{\"@type\":\"ReadAction\",\"target\":[\"https:\/\/xenonkungen.com\/produkt\/extraljusfaste-till-2st-225mm9\/\"]}]},{\"@type\":\"ImageObject\",\"inLanguage\":\"nl-NL\",\"@id\":\"https:\/\/xenonkungen.com\/produkt\/extraljusfaste-till-2st-225mm9\/#primaryimage\",\"url\":\"https:\/\/xenonkungen.com\/wp-content\/uploads\/2025\/04\/167765779-origpic-0b3b01.png\",\"contentUrl\":\"https:\/\/xenonkungen.com\/wp-content\/uploads\/2025\/04\/167765779-origpic-0b3b01.png\",\"width\":1000,\"height\":368},{\"@type\":\"BreadcrumbList\",\"@id\":\"https:\/\/xenonkungen.com\/produkt\/extraljusfaste-till-2st-225mm9\/#breadcrumb\",\"itemListElement\":[{\"@type\":\"ListItem\",\"position\":1,\"name\":\"Hem\",\"item\":\"https:\/\/xenonkungen.com\/\"},{\"@type\":\"ListItem\",\"position\":2,\"name\":\"Shop\",\"item\":\"https:\/\/xenonkungen.com\/shop\/\"},{\"@type\":\"ListItem\",\"position\":3,\"name\":\"Extraljusf\u00e4ste till 2st 225mm|9&#8243;\"}]},{\"@type\":\"WebSite\",\"@id\":\"https:\/\/xenonkungen.com\/#website\",\"url\":\"https:\/\/xenonkungen.com\/\",\"name\":\"Xenonkungen\",\"description\":\"\",\"potentialAction\":[{\"@type\":\"SearchAction\",\"target\":{\"@type\":\"EntryPoint\",\"urlTemplate\":\"https:\/\/xenonkungen.com\/?s={search_term_string}\"},\"query-input\":{\"@type\":\"PropertyValueSpecification\",\"valueRequired\":true,\"valueName\":\"search_term_string\"}}],\"inLanguage\":\"nl-NL\"}]}<\/script>\n<!-- \/ Yoast SEO plugin. -->","yoast_head_json":{"title":"Hulplichtbeugel voor 2 stuks 225mm|9&quot; - Xenonkungen","robots":{"index":"index","follow":"follow","max-snippet":"max-snippet:-1","max-image-preview":"max-image-preview:large","max-video-preview":"max-video-preview:-1"},"canonical":"https:\/\/xenonkungen.com\/nl\/product\/extra-lichtarmatuur-voor-2-stuks-225mm9\/","og_locale":"nl_NL","og_type":"article","og_title":"Extraljusf\u00e4ste till 2st 225mm|9\" - Xenonkungen","og_description":"V\u00e5rt universala f\u00e4ste f\u00f6r antingen 2 extraljus eller 1 ledramp","og_url":"https:\/\/xenonkungen.com\/nl\/product\/extra-lichtarmatuur-voor-2-stuks-225mm9\/","og_site_name":"Xenonkungen","article_modified_time":"2026-05-08T14:41:14+00:00","og_image":[{"width":1000,"height":368,"url":"https:\/\/xenonkungen.com\/wp-content\/uploads\/2025\/04\/167765779-origpic-0b3b01.png","type":"image\/png"}],"twitter_card":"summary_large_image","schema":{"@context":"https:\/\/schema.org","@graph":[{"@type":"WebPage","@id":"https:\/\/xenonkungen.com\/produkt\/extraljusfaste-till-2st-225mm9\/","url":"https:\/\/xenonkungen.com\/produkt\/extraljusfaste-till-2st-225mm9\/","name":"Hulplichtbeugel voor 2 stuks 225mm|9&quot; - Xenonkungen","isPartOf":{"@id":"https:\/\/xenonkungen.com\/#website"},"primaryImageOfPage":{"@id":"https:\/\/xenonkungen.com\/produkt\/extraljusfaste-till-2st-225mm9\/#primaryimage"},"image":{"@id":"https:\/\/xenonkungen.com\/produkt\/extraljusfaste-till-2st-225mm9\/#primaryimage"},"thumbnailUrl":"https:\/\/xenonkungen.com\/wp-content\/uploads\/2025\/04\/167765779-origpic-0b3b01.png","datePublished":"2025-04-15T08:47:55+00:00","dateModified":"2026-05-08T14:41:14+00:00","breadcrumb":{"@id":"https:\/\/xenonkungen.com\/produkt\/extraljusfaste-till-2st-225mm9\/#breadcrumb"},"inLanguage":"nl-NL","potentialAction":[{"@type":"ReadAction","target":["https:\/\/xenonkungen.com\/produkt\/extraljusfaste-till-2st-225mm9\/"]}]},{"@type":"ImageObject","inLanguage":"nl-NL","@id":"https:\/\/xenonkungen.com\/produkt\/extraljusfaste-till-2st-225mm9\/#primaryimage","url":"https:\/\/xenonkungen.com\/wp-content\/uploads\/2025\/04\/167765779-origpic-0b3b01.png","contentUrl":"https:\/\/xenonkungen.com\/wp-content\/uploads\/2025\/04\/167765779-origpic-0b3b01.png","width":1000,"height":368},{"@type":"BreadcrumbList","@id":"https:\/\/xenonkungen.com\/produkt\/extraljusfaste-till-2st-225mm9\/#breadcrumb","itemListElement":[{"@type":"ListItem","position":1,"name":"Hem","item":"https:\/\/xenonkungen.com\/"},{"@type":"ListItem","position":2,"name":"Shop","item":"https:\/\/xenonkungen.com\/shop\/"},{"@type":"ListItem","position":3,"name":"Extraljusf\u00e4ste till 2st 225mm|9&#8243;"}]},{"@type":"WebSite","@id":"https:\/\/xenonkungen.com\/#website","url":"https:\/\/xenonkungen.com\/","name":"Xenonkungen","description":"","potentialAction":[{"@type":"SearchAction","target":{"@type":"EntryPoint","urlTemplate":"https:\/\/xenonkungen.com\/?s={search_term_string}"},"query-input":{"@type":"PropertyValueSpecification","valueRequired":true,"valueName":"search_term_string"}}],"inLanguage":"nl-NL"}]}},"taxonomy_info":{"product_cat":[{"value":2534,"label":"F\u00e4ste till extraljus"},{"value":2461,"label":"F\u00e4sten"},{"value":2841,"label":"Installation extraljus"},{"value":2535,"label":"LEDRAMPER"},{"value":2536,"label":"Tillbeh\u00f6r"},{"value":390,"label":"Installation"}]},"featured_image_src_large":["https:\/\/xenonkungen.com\/wp-content\/uploads\/2025\/04\/167765779-origpic-0b3b01.png",1000,368,false],"author_info":[],"comment_info":1,"_links":{"self":[{"href":"https:\/\/xenonkungen.com\/nl\/wp-json\/wp\/v2\/product\/3043","targetHints":{"allow":["GET"]}}],"collection":[{"href":"https:\/\/xenonkungen.com\/nl\/wp-json\/wp\/v2\/product"}],"about":[{"href":"https:\/\/xenonkungen.com\/nl\/wp-json\/wp\/v2\/types\/product"}],"replies":[{"embeddable":true,"href":"https:\/\/xenonkungen.com\/nl\/wp-json\/wp\/v2\/comments?post=3043"}],"wp:featuredmedia":[{"embeddable":true,"href":"https:\/\/xenonkungen.com\/nl\/wp-json\/wp\/v2\/media\/3044"}],"wp:attachment":[{"href":"https:\/\/xenonkungen.com\/nl\/wp-json\/wp\/v2\/media?parent=3043"}],"wp:term":[{"taxonomy":"anvandningsomrade","embeddable":true,"href":"https:\/\/xenonkungen.com\/nl\/wp-json\/wp\/v2\/anvandningsomrade?post=3043"},{"taxonomy":"bilmarken","embeddable":true,"href":"https:\/\/xenonkungen.com\/nl\/wp-json\/wp\/v2\/bilmarken?post=3043"},{"taxonomy":"product_brand","embeddable":true,"href":"https:\/\/xenonkungen.com\/nl\/wp-json\/wp\/v2\/product_brand?post=3043"},{"taxonomy":"product_cat","embeddable":true,"href":"https:\/\/xenonkungen.com\/nl\/wp-json\/wp\/v2\/product_cat?post=3043"},{"taxonomy":"product_tag","embeddable":true,"href":"https:\/\/xenonkungen.com\/nl\/wp-json\/wp\/v2\/product_tag?post=3043"}],"curies":[{"name":"wp","href":"https:\/\/api.w.org\/{rel}","templated":true}]}}