{"id":3145,"date":"2025-04-15T08:49:31","date_gmt":"2025-04-15T08:49:31","guid":{"rendered":"https:\/\/xenonkungen.com\/product\/briodlights-bojd-extraljusramp-enkelradig-11500lm\/"},"modified":"2026-04-24T16:49:07","modified_gmt":"2026-04-24T15:49:07","slug":"briodlights-gebogen-hulplichtbalk-enkele-rij-11500lm","status":"publish","type":"product","link":"https:\/\/xenonkungen.com\/nl\/product\/briodlights-gebogen-hulplichtbalk-enkele-rij-11500lm\/","title":{"rendered":"BriodLights Gebogen Extra Licht Frame Enkele Rij 11500lm"},"content":{"rendered":"<h1>BriodLights gebogen hulplichtbalk: krachtige verlichting met flexibele montage<\/h1>\n<p>Maximaliseer uw zichtbaarheid op de weg met de gebogen extra lichtbalk van BriodLight. Deze hoogwaardige lichtbalk biedt uitstekende verlichting en flexibele montagemogelijkheden, afgestemd op uw specifieke behoeften.<\/p>\n<h2>Kenmerken en voordelen:<\/h2>\n<ol>\n<li><strong>Zwarte aluminium lampbehuizing:<\/strong> De behuizing van de lichtbalk is gemaakt van robuust zwart aluminium, wat zorgt voor een uitstekende duurzaamheid en bescherming tegen de elementen.<\/li>\n<li><strong>Geel of wit positielicht:<\/strong> Kies tussen gele of witte positielichten, afhankelijk van uw voorkeuren en de eisen van het wegverkeer.<\/li>\n<li><strong>Flexibele montagebeugels:<\/strong> De lichtbalk wordt geleverd met beugels voor zowel zij- als ondermontage, waardoor u de lichtbalk flexibel kunt monteren op basis van uw behoeften en het ontwerp van uw voertuig.<\/li>\n<\/ol>\n<p>De gebogen extra lichtbalk van BriodLight combineert krachtige verlichting met een duurzaam ontwerp. Of u nu op de weg of off-road rijdt, deze lichtbalk verbetert uw zichtbaarheid en veiligheid.<\/p>","protected":false},"excerpt":{"rendered":"<p>BriodLights B\u00f6jd Extraljusramp: Kraftfull Belysning med Flexibel Montering Maximera din synlighet p\u00e5 v\u00e4gen med BriodLights b\u00f6jda extraljusramp. Denna h\u00f6gkvalitativa ljusramp erbjuder enast\u00e5ende belysning och flexibilitet i monteringen f\u00f6r att passa dina specifika behov. Funktioner och F\u00f6rdelar: Svart Lamphus i Aluminium: Ljusrampens lamphus \u00e4r tillverkat av robust svart aluminium som ger \u00f6verl\u00e4gsen h\u00e5llbarhet och skydd mot [&hellip;]<\/p>","protected":false},"featured_media":3146,"comment_status":"closed","ping_status":"open","template":"","meta":{"_acf_changed":false,"_smort_price_nok":"4000","_smort_price_dkk":"2541","_smort_price_eur":"340.44","_smort_sale_price_nok":"","_smort_sale_price_dkk":"","_smort_sale_price_eur":"","smort_restorder":"","shipmondo_restorder":"","_kad_blocks_custom_css":"","_kad_blocks_head_custom_js":"","_kad_blocks_body_custom_js":"","_kad_blocks_footer_custom_js":"","smort_custom_pricelist_1":"2396.8","smort_custom_pricelist_2":"2097.2","smort_custom_pricelist_3":"1992.34","smort_custom_pricelist_4":"2996","smort_custom_pricelist_5":"2097.2"},"anvandningsomrade":[],"bilmarken":[],"product_brand":[92],"product_cat":[2539],"product_tag":[2788],"class_list":{"0":"post-3145","1":"product","2":"type-product","3":"status-publish","4":"has-post-thumbnail","6":"product_brand-briodlights","7":"product_cat-ledramper","8":"product_tag-black-week-exclude","9":"pa_fargtemperatur-6000k","10":"pa_fuktskydd-varde-ipxx-ip69k","11":"pa_godkannande-ce-ece-r10","12":"pa_lampsockel-kontakt-dt","13":"pa_led-chips-effekt-w-1004","14":"pa_storlek-mm-517x54x65","15":"pa_stromforbrukning-41a24v","16":"pa_stromforbrukning-87a12v","17":"pa_volt-v-multivolt-9-12-16-18-24-28-30-32-36","19":"first","20":"onbackorder","21":"taxable","22":"shipping-taxable","23":"purchasable","24":"product-type-simple"},"bundled_by":[],"bundle_stock_status":"onbackorder","bundle_stock_quantity":0,"bundle_virtual":false,"bundle_layout":"","bundle_add_to_cart_form_location":"","bundle_editable_in_cart":false,"bundle_sold_individually_context":"","bundle_item_grouping":"","bundle_min_size":"","bundle_max_size":"","bundle_price":[],"bundled_items":[],"bundle_sell_ids":[],"acf":[],"yoast_head":"<!-- This site is optimized with the Yoast SEO plugin v27.0 - https:\/\/yoast.com\/product\/yoast-seo-wordpress\/ -->\n<title>BriodLights B\u00f6jd Extraljusramp Enkelradig 11500lm - Xenonkungen<\/title>\n<meta name=\"robots\" content=\"index, follow, max-snippet:-1, max-image-preview:large, max-video-preview:-1\" \/>\n<link rel=\"canonical\" href=\"https:\/\/xenonkungen.com\/nl\/product\/briodlights-gebogen-hulplichtbalk-enkele-rij-11500lm\/\" \/>\n<meta property=\"og:locale\" content=\"nl_NL\" \/>\n<meta property=\"og:type\" content=\"article\" \/>\n<meta property=\"og:title\" content=\"BriodLights B\u00f6jd Extraljusramp Enkelradig 11500lm - Xenonkungen\" \/>\n<meta property=\"og:description\" content=\"BriodLights B\u00f6jd Extraljusramp: Kraftfull Belysning med Flexibel Montering Maximera din synlighet p\u00e5 v\u00e4gen med BriodLights b\u00f6jda extraljusramp. Denna h\u00f6gkvalitativa ljusramp erbjuder enast\u00e5ende belysning och flexibilitet i monteringen f\u00f6r att passa dina specifika behov. Funktioner och F\u00f6rdelar: Svart Lamphus i Aluminium: Ljusrampens lamphus \u00e4r tillverkat av robust svart aluminium som ger \u00f6verl\u00e4gsen h\u00e5llbarhet och skydd mot [&hellip;]\" \/>\n<meta property=\"og:url\" content=\"https:\/\/xenonkungen.com\/nl\/product\/briodlights-gebogen-hulplichtbalk-enkele-rij-11500lm\/\" \/>\n<meta property=\"og:site_name\" content=\"Xenonkungen\" \/>\n<meta property=\"article:modified_time\" content=\"2026-04-24T15:49:07+00:00\" \/>\n<meta property=\"og:image\" content=\"https:\/\/xenonkungen.com\/wp-content\/uploads\/2025\/04\/15227_itemimage_mainfront.jpg\" \/>\n\t<meta property=\"og:image:width\" content=\"2048\" \/>\n\t<meta property=\"og:image:height\" content=\"1536\" \/>\n\t<meta property=\"og:image:type\" content=\"image\/jpeg\" \/>\n<meta name=\"twitter:card\" content=\"summary_large_image\" \/>\n<meta name=\"twitter:label1\" content=\"Geschatte leestijd\" \/>\n\t<meta name=\"twitter:data1\" content=\"1 minuut\" \/>\n<script type=\"application\/ld+json\" class=\"yoast-schema-graph\">{\"@context\":\"https:\/\/schema.org\",\"@graph\":[{\"@type\":\"WebPage\",\"@id\":\"https:\/\/xenonkungen.com\/produkt\/briodlights-bojd-extraljusramp-enkelradig-11500lm\/\",\"url\":\"https:\/\/xenonkungen.com\/produkt\/briodlights-bojd-extraljusramp-enkelradig-11500lm\/\",\"name\":\"BriodLights B\u00f6jd Extraljusramp Enkelradig 11500lm - Xenonkungen\",\"isPartOf\":{\"@id\":\"https:\/\/xenonkungen.com\/#website\"},\"primaryImageOfPage\":{\"@id\":\"https:\/\/xenonkungen.com\/produkt\/briodlights-bojd-extraljusramp-enkelradig-11500lm\/#primaryimage\"},\"image\":{\"@id\":\"https:\/\/xenonkungen.com\/produkt\/briodlights-bojd-extraljusramp-enkelradig-11500lm\/#primaryimage\"},\"thumbnailUrl\":\"https:\/\/xenonkungen.com\/wp-content\/uploads\/2025\/04\/15227_itemimage_mainfront.jpg\",\"datePublished\":\"2025-04-15T08:49:31+00:00\",\"dateModified\":\"2026-04-24T15:49:07+00:00\",\"breadcrumb\":{\"@id\":\"https:\/\/xenonkungen.com\/produkt\/briodlights-bojd-extraljusramp-enkelradig-11500lm\/#breadcrumb\"},\"inLanguage\":\"nl-NL\",\"potentialAction\":[{\"@type\":\"ReadAction\",\"target\":[\"https:\/\/xenonkungen.com\/produkt\/briodlights-bojd-extraljusramp-enkelradig-11500lm\/\"]}]},{\"@type\":\"ImageObject\",\"inLanguage\":\"nl-NL\",\"@id\":\"https:\/\/xenonkungen.com\/produkt\/briodlights-bojd-extraljusramp-enkelradig-11500lm\/#primaryimage\",\"url\":\"https:\/\/xenonkungen.com\/wp-content\/uploads\/2025\/04\/15227_itemimage_mainfront.jpg\",\"contentUrl\":\"https:\/\/xenonkungen.com\/wp-content\/uploads\/2025\/04\/15227_itemimage_mainfront.jpg\",\"width\":2048,\"height\":1536},{\"@type\":\"BreadcrumbList\",\"@id\":\"https:\/\/xenonkungen.com\/produkt\/briodlights-bojd-extraljusramp-enkelradig-11500lm\/#breadcrumb\",\"itemListElement\":[{\"@type\":\"ListItem\",\"position\":1,\"name\":\"Hem\",\"item\":\"https:\/\/xenonkungen.com\/\"},{\"@type\":\"ListItem\",\"position\":2,\"name\":\"Shop\",\"item\":\"https:\/\/xenonkungen.com\/shop\/\"},{\"@type\":\"ListItem\",\"position\":3,\"name\":\"BriodLights B\u00f6jd Extraljusramp Enkelradig 11500lm\"}]},{\"@type\":\"WebSite\",\"@id\":\"https:\/\/xenonkungen.com\/#website\",\"url\":\"https:\/\/xenonkungen.com\/\",\"name\":\"Xenonkungen\",\"description\":\"\",\"potentialAction\":[{\"@type\":\"SearchAction\",\"target\":{\"@type\":\"EntryPoint\",\"urlTemplate\":\"https:\/\/xenonkungen.com\/?s={search_term_string}\"},\"query-input\":{\"@type\":\"PropertyValueSpecification\",\"valueRequired\":true,\"valueName\":\"search_term_string\"}}],\"inLanguage\":\"nl-NL\"}]}<\/script>\n<!-- \/ Yoast SEO plugin. -->","yoast_head_json":{"title":"BriodLights gebogen hulplichtbalk enkele rij 11500lm - Xenonkungen","robots":{"index":"index","follow":"follow","max-snippet":"max-snippet:-1","max-image-preview":"max-image-preview:large","max-video-preview":"max-video-preview:-1"},"canonical":"https:\/\/xenonkungen.com\/nl\/product\/briodlights-gebogen-hulplichtbalk-enkele-rij-11500lm\/","og_locale":"nl_NL","og_type":"article","og_title":"BriodLights B\u00f6jd Extraljusramp Enkelradig 11500lm - Xenonkungen","og_description":"BriodLights B\u00f6jd Extraljusramp: Kraftfull Belysning med Flexibel Montering Maximera din synlighet p\u00e5 v\u00e4gen med BriodLights b\u00f6jda extraljusramp. Denna h\u00f6gkvalitativa ljusramp erbjuder enast\u00e5ende belysning och flexibilitet i monteringen f\u00f6r att passa dina specifika behov. Funktioner och F\u00f6rdelar: Svart Lamphus i Aluminium: Ljusrampens lamphus \u00e4r tillverkat av robust svart aluminium som ger \u00f6verl\u00e4gsen h\u00e5llbarhet och skydd mot [&hellip;]","og_url":"https:\/\/xenonkungen.com\/nl\/product\/briodlights-gebogen-hulplichtbalk-enkele-rij-11500lm\/","og_site_name":"Xenonkungen","article_modified_time":"2026-04-24T15:49:07+00:00","og_image":[{"width":2048,"height":1536,"url":"https:\/\/xenonkungen.com\/wp-content\/uploads\/2025\/04\/15227_itemimage_mainfront.jpg","type":"image\/jpeg"}],"twitter_card":"summary_large_image","twitter_misc":{"Geschatte leestijd":"1 minuut"},"schema":{"@context":"https:\/\/schema.org","@graph":[{"@type":"WebPage","@id":"https:\/\/xenonkungen.com\/produkt\/briodlights-bojd-extraljusramp-enkelradig-11500lm\/","url":"https:\/\/xenonkungen.com\/produkt\/briodlights-bojd-extraljusramp-enkelradig-11500lm\/","name":"BriodLights gebogen hulplichtbalk enkele rij 11500lm - Xenonkungen","isPartOf":{"@id":"https:\/\/xenonkungen.com\/#website"},"primaryImageOfPage":{"@id":"https:\/\/xenonkungen.com\/produkt\/briodlights-bojd-extraljusramp-enkelradig-11500lm\/#primaryimage"},"image":{"@id":"https:\/\/xenonkungen.com\/produkt\/briodlights-bojd-extraljusramp-enkelradig-11500lm\/#primaryimage"},"thumbnailUrl":"https:\/\/xenonkungen.com\/wp-content\/uploads\/2025\/04\/15227_itemimage_mainfront.jpg","datePublished":"2025-04-15T08:49:31+00:00","dateModified":"2026-04-24T15:49:07+00:00","breadcrumb":{"@id":"https:\/\/xenonkungen.com\/produkt\/briodlights-bojd-extraljusramp-enkelradig-11500lm\/#breadcrumb"},"inLanguage":"nl-NL","potentialAction":[{"@type":"ReadAction","target":["https:\/\/xenonkungen.com\/produkt\/briodlights-bojd-extraljusramp-enkelradig-11500lm\/"]}]},{"@type":"ImageObject","inLanguage":"nl-NL","@id":"https:\/\/xenonkungen.com\/produkt\/briodlights-bojd-extraljusramp-enkelradig-11500lm\/#primaryimage","url":"https:\/\/xenonkungen.com\/wp-content\/uploads\/2025\/04\/15227_itemimage_mainfront.jpg","contentUrl":"https:\/\/xenonkungen.com\/wp-content\/uploads\/2025\/04\/15227_itemimage_mainfront.jpg","width":2048,"height":1536},{"@type":"BreadcrumbList","@id":"https:\/\/xenonkungen.com\/produkt\/briodlights-bojd-extraljusramp-enkelradig-11500lm\/#breadcrumb","itemListElement":[{"@type":"ListItem","position":1,"name":"Hem","item":"https:\/\/xenonkungen.com\/"},{"@type":"ListItem","position":2,"name":"Shop","item":"https:\/\/xenonkungen.com\/shop\/"},{"@type":"ListItem","position":3,"name":"BriodLights B\u00f6jd Extraljusramp Enkelradig 11500lm"}]},{"@type":"WebSite","@id":"https:\/\/xenonkungen.com\/#website","url":"https:\/\/xenonkungen.com\/","name":"Xenonkungen","description":"","potentialAction":[{"@type":"SearchAction","target":{"@type":"EntryPoint","urlTemplate":"https:\/\/xenonkungen.com\/?s={search_term_string}"},"query-input":{"@type":"PropertyValueSpecification","valueRequired":true,"valueName":"search_term_string"}}],"inLanguage":"nl-NL"}]}},"taxonomy_info":{"product_brand":[{"value":92,"label":"Briodlights"}],"product_cat":[{"value":2539,"label":"LEDRAMPER"}],"product_tag":[{"value":2788,"label":"black-week-exclude"}],"pa_fargtemperatur":[{"value":188,"label":"6000K"}],"pa_fuktskydd-varde-ipxx":[{"value":155,"label":"IP69K"}],"pa_godkannande":[{"value":1011,"label":"CE, ECE, R10"}],"pa_lampsockel-kontakt":[{"value":329,"label":"DT"}],"pa_led-chips-effekt-w":[{"value":1004,"label":"150"}],"pa_storlek-mm":[{"value":1008,"label":"517x54x65"}],"pa_stromforbrukning":[{"value":1010,"label":"4,1A@24V"},{"value":1009,"label":"8,7A@12V"}],"pa_volt-v":[{"value":504,"label":"Multivolt, 9, 12, 16, 18, 24, 28, 30, 32, 36"}]},"featured_image_src_large":["https:\/\/xenonkungen.com\/wp-content\/uploads\/2025\/04\/15227_itemimage_mainfront-1024x768.jpg",1024,768,true],"author_info":[],"comment_info":0,"_links":{"self":[{"href":"https:\/\/xenonkungen.com\/nl\/wp-json\/wp\/v2\/product\/3145","targetHints":{"allow":["GET"]}}],"collection":[{"href":"https:\/\/xenonkungen.com\/nl\/wp-json\/wp\/v2\/product"}],"about":[{"href":"https:\/\/xenonkungen.com\/nl\/wp-json\/wp\/v2\/types\/product"}],"replies":[{"embeddable":true,"href":"https:\/\/xenonkungen.com\/nl\/wp-json\/wp\/v2\/comments?post=3145"}],"wp:featuredmedia":[{"embeddable":true,"href":"https:\/\/xenonkungen.com\/nl\/wp-json\/wp\/v2\/media\/3146"}],"wp:attachment":[{"href":"https:\/\/xenonkungen.com\/nl\/wp-json\/wp\/v2\/media?parent=3145"}],"wp:term":[{"taxonomy":"anvandningsomrade","embeddable":true,"href":"https:\/\/xenonkungen.com\/nl\/wp-json\/wp\/v2\/anvandningsomrade?post=3145"},{"taxonomy":"bilmarken","embeddable":true,"href":"https:\/\/xenonkungen.com\/nl\/wp-json\/wp\/v2\/bilmarken?post=3145"},{"taxonomy":"product_brand","embeddable":true,"href":"https:\/\/xenonkungen.com\/nl\/wp-json\/wp\/v2\/product_brand?post=3145"},{"taxonomy":"product_cat","embeddable":true,"href":"https:\/\/xenonkungen.com\/nl\/wp-json\/wp\/v2\/product_cat?post=3145"},{"taxonomy":"product_tag","embeddable":true,"href":"https:\/\/xenonkungen.com\/nl\/wp-json\/wp\/v2\/product_tag?post=3145"}],"curies":[{"name":"wp","href":"https:\/\/api.w.org\/{rel}","templated":true}]}}