{"id":3194,"date":"2025-04-15T08:50:41","date_gmt":"2025-04-15T08:50:41","guid":{"rendered":"https:\/\/xenonkungen.com\/product\/briodlights-kabelsats-4st-4-pol-dt-2m-80a-rela-60a-ozz\/"},"modified":"2026-04-24T16:49:39","modified_gmt":"2026-04-24T15:49:39","slug":"briodlights-kabelset-4-stuks-4-polig-dt-2m-80a-rela-60a-ozz","status":"publish","type":"product","link":"https:\/\/xenonkungen.com\/nl\/product\/briodlights-kabelset-4-stuks-4-polig-dt-2m-80a-rela-60a-ozz\/","title":{"rendered":"BriodLights kabelset 4st 4-pin. DT 2m 80A relais 60A OZZ"},"content":{"rendered":"<h1>BriodLights kabelset: alles wat je nodig hebt voor je verlichtingsinstallaties<\/h1>\n<h2>Compleet en flexibel<\/h2>\n<p>Het pakket bevat alles wat je nodig hebt om je verlichtingsinstallaties te bedraden. Met een verscheidenheid aan kabels in verschillende lengtes en kleuren kun je je installatie afstemmen op je specifieke behoeften.<\/p>\n<h2>Veiligheid en capaciteit<\/h2>\n<p>De meegeleverde zekeringhouder van 60 A en het relais van 80 A zorgen ervoor dat je verlichtingsinstallaties beschermd zijn tegen overbelasting en kortsluiting. Met een maximaal vermogen van 4\u00d7160 W is deze kabelset ideaal voor zowel kleinere als grotere verlichtingsinstallaties.<\/p>","protected":false},"excerpt":{"rendered":"<p>BriodLights Kabelsats: Allt du beh\u00f6ver f\u00f6r dina ljusinstallationer Komplett och flexibelt F\u00f6rpackningen inneh\u00e5ller allt du beh\u00f6ver f\u00f6r att koppla in dina ljusinstallationer. Med en variation av kablar i olika l\u00e4ngder och f\u00e4rger kan du skr\u00e4ddarsy din installation f\u00f6r att m\u00f6ta dina specifika behov. S\u00e4kerhet och Kapacitet Den medf\u00f6ljande 60 A s\u00e4kringsh\u00e5llaren och 80 A rel\u00e4et [&hellip;]<\/p>","protected":false},"featured_media":3195,"comment_status":"closed","ping_status":"open","template":"","meta":{"_acf_changed":false,"_smort_price_nok":"587","_smort_price_dkk":"373","_smort_price_eur":"50","_smort_sale_price_nok":"","_smort_sale_price_dkk":"","_smort_sale_price_eur":"","smort_restorder":"","shipmondo_restorder":"","_kad_blocks_custom_css":"","_kad_blocks_head_custom_js":"","_kad_blocks_body_custom_js":"","_kad_blocks_footer_custom_js":"","smort_custom_pricelist_1":"352","smort_custom_pricelist_2":"352","smort_custom_pricelist_3":"352","smort_custom_pricelist_4":"440","smort_custom_pricelist_5":"352"},"anvandningsomrade":[],"bilmarken":[],"product_brand":[92],"product_cat":[2488,2491,2489,2490,390],"product_tag":[2788],"class_list":{"0":"post-3194","1":"product","2":"type-product","3":"status-publish","4":"has-post-thumbnail","6":"product_brand-briodlights","7":"product_cat-relasats-arbetsbelysning","8":"product_cat-relasats","9":"product_cat-relasats-extraljus","10":"product_cat-relasats-2","11":"product_cat-installation","12":"product_tag-black-week-exclude","13":"pa_lampsockel-kontakt-dt4","15":"first","16":"instock","17":"taxable","18":"shipping-taxable","19":"purchasable","20":"product-type-simple"},"bundled_by":["9410","9414","9420","9426","9433","9439","9445","9451","9457","9474","9490","9495","9500"],"bundle_stock_status":"instock","bundle_stock_quantity":8,"bundle_virtual":false,"bundle_layout":"","bundle_add_to_cart_form_location":"","bundle_editable_in_cart":false,"bundle_sold_individually_context":"","bundle_item_grouping":"","bundle_min_size":"","bundle_max_size":"","bundle_price":[],"bundled_items":[],"bundle_sell_ids":[],"acf":[],"yoast_head":"<!-- This site is optimized with the Yoast SEO plugin v27.0 - https:\/\/yoast.com\/product\/yoast-seo-wordpress\/ -->\n<title>BriodLights kabelsats 4st 4-pol. DT 2m 80A rel\u00e4 60A OZZ - Xenonkungen<\/title>\n<meta name=\"robots\" content=\"index, follow, max-snippet:-1, max-image-preview:large, max-video-preview:-1\" \/>\n<link rel=\"canonical\" href=\"https:\/\/xenonkungen.com\/nl\/product\/briodlights-kabelset-4-stuks-4-polig-dt-2m-80a-rela-60a-ozz\/\" \/>\n<meta property=\"og:locale\" content=\"nl_NL\" \/>\n<meta property=\"og:type\" content=\"article\" \/>\n<meta property=\"og:title\" content=\"BriodLights kabelsats 4st 4-pol. DT 2m 80A rel\u00e4 60A OZZ - Xenonkungen\" \/>\n<meta property=\"og:description\" content=\"BriodLights Kabelsats: Allt du beh\u00f6ver f\u00f6r dina ljusinstallationer Komplett och flexibelt F\u00f6rpackningen inneh\u00e5ller allt du beh\u00f6ver f\u00f6r att koppla in dina ljusinstallationer. Med en variation av kablar i olika l\u00e4ngder och f\u00e4rger kan du skr\u00e4ddarsy din installation f\u00f6r att m\u00f6ta dina specifika behov. S\u00e4kerhet och Kapacitet Den medf\u00f6ljande 60 A s\u00e4kringsh\u00e5llaren och 80 A rel\u00e4et [&hellip;]\" \/>\n<meta property=\"og:url\" content=\"https:\/\/xenonkungen.com\/nl\/product\/briodlights-kabelset-4-stuks-4-polig-dt-2m-80a-rela-60a-ozz\/\" \/>\n<meta property=\"og:site_name\" content=\"Xenonkungen\" \/>\n<meta property=\"article:modified_time\" content=\"2026-04-24T15:49:39+00:00\" \/>\n<meta property=\"og:image\" content=\"https:\/\/xenonkungen.com\/wp-content\/uploads\/2025\/04\/15828_itemimage_mainfront.jpg\" \/>\n\t<meta property=\"og:image:width\" content=\"2048\" \/>\n\t<meta property=\"og:image:height\" content=\"1535\" \/>\n\t<meta property=\"og:image:type\" content=\"image\/jpeg\" \/>\n<meta name=\"twitter:card\" content=\"summary_large_image\" \/>\n<meta name=\"twitter:label1\" content=\"Geschatte leestijd\" \/>\n\t<meta name=\"twitter:data1\" content=\"1 minuut\" \/>\n<script type=\"application\/ld+json\" class=\"yoast-schema-graph\">{\"@context\":\"https:\/\/schema.org\",\"@graph\":[{\"@type\":\"WebPage\",\"@id\":\"https:\/\/xenonkungen.com\/produkt\/briodlights-kabelsats-4st-4-pol-dt-2m-80a-rela-60a-ozz\/\",\"url\":\"https:\/\/xenonkungen.com\/produkt\/briodlights-kabelsats-4st-4-pol-dt-2m-80a-rela-60a-ozz\/\",\"name\":\"BriodLights kabelsats 4st 4-pol. DT 2m 80A rel\u00e4 60A OZZ - Xenonkungen\",\"isPartOf\":{\"@id\":\"https:\/\/xenonkungen.com\/#website\"},\"primaryImageOfPage\":{\"@id\":\"https:\/\/xenonkungen.com\/produkt\/briodlights-kabelsats-4st-4-pol-dt-2m-80a-rela-60a-ozz\/#primaryimage\"},\"image\":{\"@id\":\"https:\/\/xenonkungen.com\/produkt\/briodlights-kabelsats-4st-4-pol-dt-2m-80a-rela-60a-ozz\/#primaryimage\"},\"thumbnailUrl\":\"https:\/\/xenonkungen.com\/wp-content\/uploads\/2025\/04\/15828_itemimage_mainfront.jpg\",\"datePublished\":\"2025-04-15T08:50:41+00:00\",\"dateModified\":\"2026-04-24T15:49:39+00:00\",\"breadcrumb\":{\"@id\":\"https:\/\/xenonkungen.com\/produkt\/briodlights-kabelsats-4st-4-pol-dt-2m-80a-rela-60a-ozz\/#breadcrumb\"},\"inLanguage\":\"nl-NL\",\"potentialAction\":[{\"@type\":\"ReadAction\",\"target\":[\"https:\/\/xenonkungen.com\/produkt\/briodlights-kabelsats-4st-4-pol-dt-2m-80a-rela-60a-ozz\/\"]}]},{\"@type\":\"ImageObject\",\"inLanguage\":\"nl-NL\",\"@id\":\"https:\/\/xenonkungen.com\/produkt\/briodlights-kabelsats-4st-4-pol-dt-2m-80a-rela-60a-ozz\/#primaryimage\",\"url\":\"https:\/\/xenonkungen.com\/wp-content\/uploads\/2025\/04\/15828_itemimage_mainfront.jpg\",\"contentUrl\":\"https:\/\/xenonkungen.com\/wp-content\/uploads\/2025\/04\/15828_itemimage_mainfront.jpg\",\"width\":2048,\"height\":1535},{\"@type\":\"BreadcrumbList\",\"@id\":\"https:\/\/xenonkungen.com\/produkt\/briodlights-kabelsats-4st-4-pol-dt-2m-80a-rela-60a-ozz\/#breadcrumb\",\"itemListElement\":[{\"@type\":\"ListItem\",\"position\":1,\"name\":\"Hem\",\"item\":\"https:\/\/xenonkungen.com\/\"},{\"@type\":\"ListItem\",\"position\":2,\"name\":\"Shop\",\"item\":\"https:\/\/xenonkungen.com\/shop\/\"},{\"@type\":\"ListItem\",\"position\":3,\"name\":\"BriodLights kabelsats 4st 4-pol. DT 2m 80A rel\u00e4 60A OZZ\"}]},{\"@type\":\"WebSite\",\"@id\":\"https:\/\/xenonkungen.com\/#website\",\"url\":\"https:\/\/xenonkungen.com\/\",\"name\":\"Xenonkungen\",\"description\":\"\",\"potentialAction\":[{\"@type\":\"SearchAction\",\"target\":{\"@type\":\"EntryPoint\",\"urlTemplate\":\"https:\/\/xenonkungen.com\/?s={search_term_string}\"},\"query-input\":{\"@type\":\"PropertyValueSpecification\",\"valueRequired\":true,\"valueName\":\"search_term_string\"}}],\"inLanguage\":\"nl-NL\"}]}<\/script>\n<!-- \/ Yoast SEO plugin. -->","yoast_head_json":{"title":"BriodLights kabelset 4 stuks 4-polig DT 2m 80A relais 60A OZZ - Xenonkungen","robots":{"index":"index","follow":"follow","max-snippet":"max-snippet:-1","max-image-preview":"max-image-preview:large","max-video-preview":"max-video-preview:-1"},"canonical":"https:\/\/xenonkungen.com\/nl\/product\/briodlights-kabelset-4-stuks-4-polig-dt-2m-80a-rela-60a-ozz\/","og_locale":"nl_NL","og_type":"article","og_title":"BriodLights kabelsats 4st 4-pol. DT 2m 80A rel\u00e4 60A OZZ - Xenonkungen","og_description":"BriodLights Kabelsats: Allt du beh\u00f6ver f\u00f6r dina ljusinstallationer Komplett och flexibelt F\u00f6rpackningen inneh\u00e5ller allt du beh\u00f6ver f\u00f6r att koppla in dina ljusinstallationer. Med en variation av kablar i olika l\u00e4ngder och f\u00e4rger kan du skr\u00e4ddarsy din installation f\u00f6r att m\u00f6ta dina specifika behov. S\u00e4kerhet och Kapacitet Den medf\u00f6ljande 60 A s\u00e4kringsh\u00e5llaren och 80 A rel\u00e4et [&hellip;]","og_url":"https:\/\/xenonkungen.com\/nl\/product\/briodlights-kabelset-4-stuks-4-polig-dt-2m-80a-rela-60a-ozz\/","og_site_name":"Xenonkungen","article_modified_time":"2026-04-24T15:49:39+00:00","og_image":[{"width":2048,"height":1535,"url":"https:\/\/xenonkungen.com\/wp-content\/uploads\/2025\/04\/15828_itemimage_mainfront.jpg","type":"image\/jpeg"}],"twitter_card":"summary_large_image","twitter_misc":{"Geschatte leestijd":"1 minuut"},"schema":{"@context":"https:\/\/schema.org","@graph":[{"@type":"WebPage","@id":"https:\/\/xenonkungen.com\/produkt\/briodlights-kabelsats-4st-4-pol-dt-2m-80a-rela-60a-ozz\/","url":"https:\/\/xenonkungen.com\/produkt\/briodlights-kabelsats-4st-4-pol-dt-2m-80a-rela-60a-ozz\/","name":"BriodLights kabelset 4 stuks 4-polig DT 2m 80A relais 60A OZZ - Xenonkungen","isPartOf":{"@id":"https:\/\/xenonkungen.com\/#website"},"primaryImageOfPage":{"@id":"https:\/\/xenonkungen.com\/produkt\/briodlights-kabelsats-4st-4-pol-dt-2m-80a-rela-60a-ozz\/#primaryimage"},"image":{"@id":"https:\/\/xenonkungen.com\/produkt\/briodlights-kabelsats-4st-4-pol-dt-2m-80a-rela-60a-ozz\/#primaryimage"},"thumbnailUrl":"https:\/\/xenonkungen.com\/wp-content\/uploads\/2025\/04\/15828_itemimage_mainfront.jpg","datePublished":"2025-04-15T08:50:41+00:00","dateModified":"2026-04-24T15:49:39+00:00","breadcrumb":{"@id":"https:\/\/xenonkungen.com\/produkt\/briodlights-kabelsats-4st-4-pol-dt-2m-80a-rela-60a-ozz\/#breadcrumb"},"inLanguage":"nl-NL","potentialAction":[{"@type":"ReadAction","target":["https:\/\/xenonkungen.com\/produkt\/briodlights-kabelsats-4st-4-pol-dt-2m-80a-rela-60a-ozz\/"]}]},{"@type":"ImageObject","inLanguage":"nl-NL","@id":"https:\/\/xenonkungen.com\/produkt\/briodlights-kabelsats-4st-4-pol-dt-2m-80a-rela-60a-ozz\/#primaryimage","url":"https:\/\/xenonkungen.com\/wp-content\/uploads\/2025\/04\/15828_itemimage_mainfront.jpg","contentUrl":"https:\/\/xenonkungen.com\/wp-content\/uploads\/2025\/04\/15828_itemimage_mainfront.jpg","width":2048,"height":1535},{"@type":"BreadcrumbList","@id":"https:\/\/xenonkungen.com\/produkt\/briodlights-kabelsats-4st-4-pol-dt-2m-80a-rela-60a-ozz\/#breadcrumb","itemListElement":[{"@type":"ListItem","position":1,"name":"Hem","item":"https:\/\/xenonkungen.com\/"},{"@type":"ListItem","position":2,"name":"Shop","item":"https:\/\/xenonkungen.com\/shop\/"},{"@type":"ListItem","position":3,"name":"BriodLights kabelsats 4st 4-pol. DT 2m 80A rel\u00e4 60A OZZ"}]},{"@type":"WebSite","@id":"https:\/\/xenonkungen.com\/#website","url":"https:\/\/xenonkungen.com\/","name":"Xenonkungen","description":"","potentialAction":[{"@type":"SearchAction","target":{"@type":"EntryPoint","urlTemplate":"https:\/\/xenonkungen.com\/?s={search_term_string}"},"query-input":{"@type":"PropertyValueSpecification","valueRequired":true,"valueName":"search_term_string"}}],"inLanguage":"nl-NL"}]}},"taxonomy_info":{"product_brand":[{"value":92,"label":"Briodlights"}],"product_cat":[{"value":2488,"label":"Rel\u00e4sats"},{"value":2491,"label":"Rel\u00e4sats"},{"value":2489,"label":"Rel\u00e4satser"},{"value":2490,"label":"Rel\u00e4satser"},{"value":390,"label":"Installation"}],"product_tag":[{"value":2788,"label":"black-week-exclude"}],"pa_lampsockel-kontakt":[{"value":404,"label":"DT4"}]},"featured_image_src_large":["https:\/\/xenonkungen.com\/wp-content\/uploads\/2025\/04\/15828_itemimage_mainfront-1024x768.jpg",1024,768,true],"author_info":[],"comment_info":0,"_links":{"self":[{"href":"https:\/\/xenonkungen.com\/nl\/wp-json\/wp\/v2\/product\/3194","targetHints":{"allow":["GET"]}}],"collection":[{"href":"https:\/\/xenonkungen.com\/nl\/wp-json\/wp\/v2\/product"}],"about":[{"href":"https:\/\/xenonkungen.com\/nl\/wp-json\/wp\/v2\/types\/product"}],"replies":[{"embeddable":true,"href":"https:\/\/xenonkungen.com\/nl\/wp-json\/wp\/v2\/comments?post=3194"}],"wp:featuredmedia":[{"embeddable":true,"href":"https:\/\/xenonkungen.com\/nl\/wp-json\/wp\/v2\/media\/3195"}],"wp:attachment":[{"href":"https:\/\/xenonkungen.com\/nl\/wp-json\/wp\/v2\/media?parent=3194"}],"wp:term":[{"taxonomy":"anvandningsomrade","embeddable":true,"href":"https:\/\/xenonkungen.com\/nl\/wp-json\/wp\/v2\/anvandningsomrade?post=3194"},{"taxonomy":"bilmarken","embeddable":true,"href":"https:\/\/xenonkungen.com\/nl\/wp-json\/wp\/v2\/bilmarken?post=3194"},{"taxonomy":"product_brand","embeddable":true,"href":"https:\/\/xenonkungen.com\/nl\/wp-json\/wp\/v2\/product_brand?post=3194"},{"taxonomy":"product_cat","embeddable":true,"href":"https:\/\/xenonkungen.com\/nl\/wp-json\/wp\/v2\/product_cat?post=3194"},{"taxonomy":"product_tag","embeddable":true,"href":"https:\/\/xenonkungen.com\/nl\/wp-json\/wp\/v2\/product_tag?post=3194"}],"curies":[{"name":"wp","href":"https:\/\/api.w.org\/{rel}","templated":true}]}}