{"id":3229,"date":"2025-04-15T08:51:20","date_gmt":"2025-04-15T08:51:20","guid":{"rendered":"https:\/\/xenonkungen.com\/product\/briodlights-led-baklampa-bak-bromslampa-10-30-v\/"},"modified":"2026-04-11T00:08:09","modified_gmt":"2026-04-10T23:08:09","slug":"briodlights-led-achterlicht-remlicht-10-30-v","status":"publish","type":"product","link":"https:\/\/xenonkungen.com\/nl\/product\/briodlights-led-achterlicht-remlicht-10-30-v\/","title":{"rendered":"BriodLights LED achterlicht remlicht 10-30 V"},"content":{"rendered":"<h1>BriodLights LED-achterlicht 10-30 V<\/h1>\n<p>Het BriodLights LED-achterlicht is een premium lamp die is ontworpen om uw auto, vrachtwagen of trailer optimaal te verlichten. Met 56 hoogwaardige diodes is deze lamp ideaal voor het verbeteren van de zichtbaarheid en veiligheid op de weg.<\/p>\n<h2>Polycarbonaat lampeninzetstuk<\/h2>\n<p>De lamp wordt geleverd met een lampeninzetstuk van duurzaam polycarbonaat, waardoor de lamp bestand is tegen schokken en hitte. Bovendien worden de diodes en elektronica binnenin beschermd.<\/p>\n<h2>Geassembleerde kabellengte 2,5 m<\/h2>\n<p>Om de installatie te vergemakkelijken, wordt de lamp geleverd met een reeds gemonteerde kabel van 2,5 meter. Let op: de kabel mag niet korter zijn dan 0,5 meter.<\/p>\n<h2>Flexibele montagesystemen<\/h2>\n<p>BriodLights LED-achterlichten kunnen worden ge\u00efnstalleerd met een behuizing voor \u00e9\u00e9n of twee lampen, afhankelijk van uw behoeften en het ontwerp van het voertuig. Dit systeem biedt een aanpasbare oplossing die aan uw specifieke verlichtingsbehoeften kan voldoen. De inbouwdiepte van de lampbehuizing is 45 mm.<\/p>","protected":false},"excerpt":{"rendered":"<p>BriodLights LED Baklampa 10-30 V BriodLights LED baklampa \u00e4r en premium lampa designad f\u00f6r att ge din bil, lastbil eller trailer den b\u00e4sta m\u00f6jliga bakljuset. Med 56 h\u00f6gkvalitativa dioder, \u00e4r denna lampa idealisk f\u00f6r att f\u00f6rb\u00e4ttra synligheten och s\u00e4kerheten p\u00e5 v\u00e4gen. Lampinsats i Polykarbonat Lampan kommer med en lampinsats i slitstarkt polykarbonat, vilket g\u00f6r den [&hellip;]<\/p>","protected":false},"featured_media":3230,"comment_status":"closed","ping_status":"open","template":"","meta":{"_acf_changed":false,"_smort_price_nok":"1170","_smort_price_dkk":"743","_smort_price_eur":"99.54","_smort_sale_price_nok":"","_smort_sale_price_dkk":"","_smort_sale_price_eur":"","smort_restorder":"","shipmondo_restorder":"","_kad_blocks_custom_css":"","_kad_blocks_head_custom_js":"","_kad_blocks_body_custom_js":"","_kad_blocks_footer_custom_js":"","smort_custom_pricelist_1":"700.8","smort_custom_pricelist_2":"613.2","smort_custom_pricelist_3":"582.54","smort_custom_pricelist_4":"876","smort_custom_pricelist_5":"613.2"},"anvandningsomrade":[166,238,2816],"bilmarken":[],"product_brand":[92],"product_cat":[2552],"product_tag":[2788],"class_list":{"0":"post-3229","1":"product","2":"type-product","3":"status-publish","4":"has-post-thumbnail","6":"anvandningsomrade-lastbil","7":"anvandningsomrade-slap","8":"anvandningsomrade-trailer","9":"product_brand-briodlights","10":"product_cat-bakljus-slap","11":"product_tag-black-week-exclude","12":"pa_fargtemperatur-red","13":"pa_volt-v-multivolt-10-12-16-18-24-28-30","15":"first","16":"onbackorder","17":"taxable","18":"shipping-taxable","19":"purchasable","20":"product-type-simple"},"bundled_by":[],"bundle_stock_status":"onbackorder","bundle_stock_quantity":0,"bundle_virtual":false,"bundle_layout":"","bundle_add_to_cart_form_location":"","bundle_editable_in_cart":false,"bundle_sold_individually_context":"","bundle_item_grouping":"","bundle_min_size":"","bundle_max_size":"","bundle_price":[],"bundled_items":[],"bundle_sell_ids":[],"acf":[],"yoast_head":"<!-- This site is optimized with the Yoast SEO plugin v27.0 - https:\/\/yoast.com\/product\/yoast-seo-wordpress\/ -->\n<title>BriodLights LED baklampa bak-bromslampa 10-30 V - Xenonkungen<\/title>\n<meta name=\"robots\" content=\"index, follow, max-snippet:-1, max-image-preview:large, max-video-preview:-1\" \/>\n<link rel=\"canonical\" href=\"https:\/\/xenonkungen.com\/nl\/product\/briodlights-led-achterlicht-remlicht-10-30-v\/\" \/>\n<meta property=\"og:locale\" content=\"nl_NL\" \/>\n<meta property=\"og:type\" content=\"article\" \/>\n<meta property=\"og:title\" content=\"BriodLights LED baklampa bak-bromslampa 10-30 V - Xenonkungen\" \/>\n<meta property=\"og:description\" content=\"BriodLights LED Baklampa 10-30 V BriodLights LED baklampa \u00e4r en premium lampa designad f\u00f6r att ge din bil, lastbil eller trailer den b\u00e4sta m\u00f6jliga bakljuset. Med 56 h\u00f6gkvalitativa dioder, \u00e4r denna lampa idealisk f\u00f6r att f\u00f6rb\u00e4ttra synligheten och s\u00e4kerheten p\u00e5 v\u00e4gen. Lampinsats i Polykarbonat Lampan kommer med en lampinsats i slitstarkt polykarbonat, vilket g\u00f6r den [&hellip;]\" \/>\n<meta property=\"og:url\" content=\"https:\/\/xenonkungen.com\/nl\/product\/briodlights-led-achterlicht-remlicht-10-30-v\/\" \/>\n<meta property=\"og:site_name\" content=\"Xenonkungen\" \/>\n<meta property=\"article:modified_time\" content=\"2026-04-10T23:08:09+00:00\" \/>\n<meta property=\"og:image\" content=\"https:\/\/xenonkungen.com\/wp-content\/uploads\/2025\/04\/41920_itemimage_mainfront.jpg\" \/>\n\t<meta property=\"og:image:width\" content=\"2048\" \/>\n\t<meta property=\"og:image:height\" content=\"1536\" \/>\n\t<meta property=\"og:image:type\" content=\"image\/jpeg\" \/>\n<meta name=\"twitter:card\" content=\"summary_large_image\" \/>\n<meta name=\"twitter:label1\" content=\"Geschatte leestijd\" \/>\n\t<meta name=\"twitter:data1\" content=\"1 minuut\" \/>\n<script type=\"application\/ld+json\" class=\"yoast-schema-graph\">{\"@context\":\"https:\/\/schema.org\",\"@graph\":[{\"@type\":\"WebPage\",\"@id\":\"https:\/\/xenonkungen.com\/produkt\/briodlights-led-baklampa-bak-bromslampa-10-30-v\/\",\"url\":\"https:\/\/xenonkungen.com\/produkt\/briodlights-led-baklampa-bak-bromslampa-10-30-v\/\",\"name\":\"BriodLights LED baklampa bak-bromslampa 10-30 V - Xenonkungen\",\"isPartOf\":{\"@id\":\"https:\/\/xenonkungen.com\/#website\"},\"primaryImageOfPage\":{\"@id\":\"https:\/\/xenonkungen.com\/produkt\/briodlights-led-baklampa-bak-bromslampa-10-30-v\/#primaryimage\"},\"image\":{\"@id\":\"https:\/\/xenonkungen.com\/produkt\/briodlights-led-baklampa-bak-bromslampa-10-30-v\/#primaryimage\"},\"thumbnailUrl\":\"https:\/\/xenonkungen.com\/wp-content\/uploads\/2025\/04\/41920_itemimage_mainfront.jpg\",\"datePublished\":\"2025-04-15T08:51:20+00:00\",\"dateModified\":\"2026-04-10T23:08:09+00:00\",\"breadcrumb\":{\"@id\":\"https:\/\/xenonkungen.com\/produkt\/briodlights-led-baklampa-bak-bromslampa-10-30-v\/#breadcrumb\"},\"inLanguage\":\"nl-NL\",\"potentialAction\":[{\"@type\":\"ReadAction\",\"target\":[\"https:\/\/xenonkungen.com\/produkt\/briodlights-led-baklampa-bak-bromslampa-10-30-v\/\"]}]},{\"@type\":\"ImageObject\",\"inLanguage\":\"nl-NL\",\"@id\":\"https:\/\/xenonkungen.com\/produkt\/briodlights-led-baklampa-bak-bromslampa-10-30-v\/#primaryimage\",\"url\":\"https:\/\/xenonkungen.com\/wp-content\/uploads\/2025\/04\/41920_itemimage_mainfront.jpg\",\"contentUrl\":\"https:\/\/xenonkungen.com\/wp-content\/uploads\/2025\/04\/41920_itemimage_mainfront.jpg\",\"width\":2048,\"height\":1536},{\"@type\":\"BreadcrumbList\",\"@id\":\"https:\/\/xenonkungen.com\/produkt\/briodlights-led-baklampa-bak-bromslampa-10-30-v\/#breadcrumb\",\"itemListElement\":[{\"@type\":\"ListItem\",\"position\":1,\"name\":\"Hem\",\"item\":\"https:\/\/xenonkungen.com\/\"},{\"@type\":\"ListItem\",\"position\":2,\"name\":\"Shop\",\"item\":\"https:\/\/xenonkungen.com\/shop\/\"},{\"@type\":\"ListItem\",\"position\":3,\"name\":\"BriodLights LED baklampa bak-bromslampa 10-30 V\"}]},{\"@type\":\"WebSite\",\"@id\":\"https:\/\/xenonkungen.com\/#website\",\"url\":\"https:\/\/xenonkungen.com\/\",\"name\":\"Xenonkungen\",\"description\":\"\",\"potentialAction\":[{\"@type\":\"SearchAction\",\"target\":{\"@type\":\"EntryPoint\",\"urlTemplate\":\"https:\/\/xenonkungen.com\/?s={search_term_string}\"},\"query-input\":{\"@type\":\"PropertyValueSpecification\",\"valueRequired\":true,\"valueName\":\"search_term_string\"}}],\"inLanguage\":\"nl-NL\"}]}<\/script>\n<!-- \/ Yoast SEO plugin. -->","yoast_head_json":{"title":"BriodLights LED-achterlicht remlicht 10-30 V - De Xenon-koning","robots":{"index":"index","follow":"follow","max-snippet":"max-snippet:-1","max-image-preview":"max-image-preview:large","max-video-preview":"max-video-preview:-1"},"canonical":"https:\/\/xenonkungen.com\/nl\/product\/briodlights-led-achterlicht-remlicht-10-30-v\/","og_locale":"nl_NL","og_type":"article","og_title":"BriodLights LED baklampa bak-bromslampa 10-30 V - Xenonkungen","og_description":"BriodLights LED Baklampa 10-30 V BriodLights LED baklampa \u00e4r en premium lampa designad f\u00f6r att ge din bil, lastbil eller trailer den b\u00e4sta m\u00f6jliga bakljuset. Med 56 h\u00f6gkvalitativa dioder, \u00e4r denna lampa idealisk f\u00f6r att f\u00f6rb\u00e4ttra synligheten och s\u00e4kerheten p\u00e5 v\u00e4gen. Lampinsats i Polykarbonat Lampan kommer med en lampinsats i slitstarkt polykarbonat, vilket g\u00f6r den [&hellip;]","og_url":"https:\/\/xenonkungen.com\/nl\/product\/briodlights-led-achterlicht-remlicht-10-30-v\/","og_site_name":"Xenonkungen","article_modified_time":"2026-04-10T23:08:09+00:00","og_image":[{"width":2048,"height":1536,"url":"https:\/\/xenonkungen.com\/wp-content\/uploads\/2025\/04\/41920_itemimage_mainfront.jpg","type":"image\/jpeg"}],"twitter_card":"summary_large_image","twitter_misc":{"Geschatte leestijd":"1 minuut"},"schema":{"@context":"https:\/\/schema.org","@graph":[{"@type":"WebPage","@id":"https:\/\/xenonkungen.com\/produkt\/briodlights-led-baklampa-bak-bromslampa-10-30-v\/","url":"https:\/\/xenonkungen.com\/produkt\/briodlights-led-baklampa-bak-bromslampa-10-30-v\/","name":"BriodLights LED-achterlicht remlicht 10-30 V - De Xenon-koning","isPartOf":{"@id":"https:\/\/xenonkungen.com\/#website"},"primaryImageOfPage":{"@id":"https:\/\/xenonkungen.com\/produkt\/briodlights-led-baklampa-bak-bromslampa-10-30-v\/#primaryimage"},"image":{"@id":"https:\/\/xenonkungen.com\/produkt\/briodlights-led-baklampa-bak-bromslampa-10-30-v\/#primaryimage"},"thumbnailUrl":"https:\/\/xenonkungen.com\/wp-content\/uploads\/2025\/04\/41920_itemimage_mainfront.jpg","datePublished":"2025-04-15T08:51:20+00:00","dateModified":"2026-04-10T23:08:09+00:00","breadcrumb":{"@id":"https:\/\/xenonkungen.com\/produkt\/briodlights-led-baklampa-bak-bromslampa-10-30-v\/#breadcrumb"},"inLanguage":"nl-NL","potentialAction":[{"@type":"ReadAction","target":["https:\/\/xenonkungen.com\/produkt\/briodlights-led-baklampa-bak-bromslampa-10-30-v\/"]}]},{"@type":"ImageObject","inLanguage":"nl-NL","@id":"https:\/\/xenonkungen.com\/produkt\/briodlights-led-baklampa-bak-bromslampa-10-30-v\/#primaryimage","url":"https:\/\/xenonkungen.com\/wp-content\/uploads\/2025\/04\/41920_itemimage_mainfront.jpg","contentUrl":"https:\/\/xenonkungen.com\/wp-content\/uploads\/2025\/04\/41920_itemimage_mainfront.jpg","width":2048,"height":1536},{"@type":"BreadcrumbList","@id":"https:\/\/xenonkungen.com\/produkt\/briodlights-led-baklampa-bak-bromslampa-10-30-v\/#breadcrumb","itemListElement":[{"@type":"ListItem","position":1,"name":"Hem","item":"https:\/\/xenonkungen.com\/"},{"@type":"ListItem","position":2,"name":"Shop","item":"https:\/\/xenonkungen.com\/shop\/"},{"@type":"ListItem","position":3,"name":"BriodLights LED baklampa bak-bromslampa 10-30 V"}]},{"@type":"WebSite","@id":"https:\/\/xenonkungen.com\/#website","url":"https:\/\/xenonkungen.com\/","name":"Xenonkungen","description":"","potentialAction":[{"@type":"SearchAction","target":{"@type":"EntryPoint","urlTemplate":"https:\/\/xenonkungen.com\/?s={search_term_string}"},"query-input":{"@type":"PropertyValueSpecification","valueRequired":true,"valueName":"search_term_string"}}],"inLanguage":"nl-NL"}]}},"taxonomy_info":{"anvandningsomrade":[{"value":166,"label":"Lastbil"},{"value":238,"label":"SL\u00c4P"},{"value":2816,"label":"TRAILER"}],"product_brand":[{"value":92,"label":"Briodlights"}],"product_cat":[{"value":2552,"label":"Bakljus"}],"product_tag":[{"value":2788,"label":"black-week-exclude"}],"pa_fargtemperatur":[{"value":365,"label":"Red"}],"pa_volt-v":[{"value":773,"label":"Multivolt, 10, 12, 16, 18, 24, 28, 30"}]},"featured_image_src_large":["https:\/\/xenonkungen.com\/wp-content\/uploads\/2025\/04\/41920_itemimage_mainfront-1024x768.jpg",1024,768,true],"author_info":[],"comment_info":1,"_links":{"self":[{"href":"https:\/\/xenonkungen.com\/nl\/wp-json\/wp\/v2\/product\/3229","targetHints":{"allow":["GET"]}}],"collection":[{"href":"https:\/\/xenonkungen.com\/nl\/wp-json\/wp\/v2\/product"}],"about":[{"href":"https:\/\/xenonkungen.com\/nl\/wp-json\/wp\/v2\/types\/product"}],"replies":[{"embeddable":true,"href":"https:\/\/xenonkungen.com\/nl\/wp-json\/wp\/v2\/comments?post=3229"}],"wp:featuredmedia":[{"embeddable":true,"href":"https:\/\/xenonkungen.com\/nl\/wp-json\/wp\/v2\/media\/3230"}],"wp:attachment":[{"href":"https:\/\/xenonkungen.com\/nl\/wp-json\/wp\/v2\/media?parent=3229"}],"wp:term":[{"taxonomy":"anvandningsomrade","embeddable":true,"href":"https:\/\/xenonkungen.com\/nl\/wp-json\/wp\/v2\/anvandningsomrade?post=3229"},{"taxonomy":"bilmarken","embeddable":true,"href":"https:\/\/xenonkungen.com\/nl\/wp-json\/wp\/v2\/bilmarken?post=3229"},{"taxonomy":"product_brand","embeddable":true,"href":"https:\/\/xenonkungen.com\/nl\/wp-json\/wp\/v2\/product_brand?post=3229"},{"taxonomy":"product_cat","embeddable":true,"href":"https:\/\/xenonkungen.com\/nl\/wp-json\/wp\/v2\/product_cat?post=3229"},{"taxonomy":"product_tag","embeddable":true,"href":"https:\/\/xenonkungen.com\/nl\/wp-json\/wp\/v2\/product_tag?post=3229"}],"curies":[{"name":"wp","href":"https:\/\/api.w.org\/{rel}","templated":true}]}}