{"id":3377,"date":"2025-04-15T08:55:47","date_gmt":"2025-04-15T08:55:47","guid":{"rendered":"https:\/\/xenonkungen.com\/product\/lazer-linear-18-elite-halvljus-assist-led-ramp-532mm\/"},"modified":"2026-04-24T16:50:00","modified_gmt":"2026-04-24T15:50:00","slug":"laser-linear-18-elite-low-beam-assist-led-ramp-532mm","status":"publish","type":"product","link":"https:\/\/xenonkungen.com\/nl\/product\/laser-linear-18-elite-low-beam-assist-led-ramp-532mm\/","title":{"rendered":"Lazer Linear-18 Elite (dimlicht assist) led oprijplaat | 532mm"},"content":{"rendered":"<h1>Linear 18 Elite \u2013 Automatische dimmer, uitzonderlijke prestaties<\/h1>\n<h2>Ideaal voor montage in krappe ruimtes<\/h2>\n<p>De Linear 18 Elite met automatische dimmer heeft een lengte van 532 mm en is slechts 40 mm hoog en 62 mm diep. Hierdoor is deze lamp ideaal voor installatie op plekken waar weinig ruimte is.<\/p>\n<h2>Fantastische lichtcapaciteit voor veilig zicht<\/h2>\n<p>De oprijplaat is uitgerust met 48 hoogwaardige 3W-leds achter een onbreekbare polycarbonaatlens, die zorgen voor een buitengewone lichtopbrengst. Zo bent u verzekerd van goed zicht, zelfs op de donkerste boswegen.<\/p>\n<p>Linssen heeft een oppervlaktebehandeling ondergaan, waardoor sneeuw en vuil, die de lichtstroom kunnen be\u00efnvloeden, effectief worden afgestoten.<\/p>\n<h2>E-boostfunctie voor indrukwekkende helderheid<\/h2>\n<p>Deze giek is uitgerust met een E-boostfunctie. Met deze functie krijgt u een zeer krachtige led-giek met een helderheid van 18.000 lumen, die zorgt voor fantastisch zicht buiten de openbare weg. Met een simpele handeling schakelt u over naar de E-goedgekeurde modus, die nog steeds een indrukwekkende helderheid biedt.<\/p>\n<h2>Dimlichtassistent voor veiliger rijden in het donker<\/h2>\n<p>De dimlichtassistent maakt rijden in het donker gemakkelijker door twee ingebouwde sensoren te gebruiken die de weg continu scannen op tegemoetkomend verkeer. De lichtsterkte wordt indien nodig aangepast om verblinding van tegemoetkomend verkeer te voorkomen, terwijl de hoeveelheid licht naast de weg gelijk blijft om de bestuurder te helpen potenti\u00eble gevaren buiten de rijstrook te detecteren.<\/p>\n<h2>Lichtgewicht en aerodynamisch ontwerp<\/h2>\n<p>De lichtgewicht aluminium lampbehuizing in combinatie met de slanke afmetingen zorgt ervoor dat de oprijplaten minimaal gewicht hebben. Dankzij het aerodynamische ontwerp past de oprijplaat optimaal in het interieur, ongeacht of deze voorin of op het dak van de auto wordt gemonteerd.<\/p>","protected":false},"excerpt":{"rendered":"<p>Linear 18 Elite &#8211; Automatisk Dimmer, Exceptionell Prestanda Idealisk f\u00f6r Montering i Tr\u00e5nga Utrymmen Linear 18 Elite med automatisk dimmer har en l\u00e4ngd p\u00e5 532 mm och m\u00e4ter endast 40 mm i h\u00f6jd och 62 mm i djup, vilket g\u00f6r den idealisk f\u00f6r montering \u00e4ven i tr\u00e5nga utrymmen. Fantastisk Ljuskapacitet f\u00f6r S\u00e4ker Sikt Rampen \u00e4r [&hellip;]<\/p>","protected":false},"featured_media":3378,"comment_status":"closed","ping_status":"open","template":"","meta":{"_acf_changed":false,"_smort_price_nok":"12016","_smort_price_dkk":"7634","_smort_price_eur":"1022.68","_smort_sale_price_nok":"","_smort_sale_price_dkk":"","_smort_sale_price_eur":"","smort_restorder":"","shipmondo_restorder":"","_kad_blocks_custom_css":"","_kad_blocks_head_custom_js":"","_kad_blocks_body_custom_js":"","_kad_blocks_footer_custom_js":"","smort_custom_pricelist_1":"7480.96","smort_custom_pricelist_2":"7480.96","smort_custom_pricelist_3":"7480.96","smort_custom_pricelist_4":"9351.2","smort_custom_pricelist_5":"7480.96"},"anvandningsomrade":[],"bilmarken":[],"product_brand":[1124],"product_cat":[2561,2966,2539,2166],"product_tag":[2788],"class_list":{"0":"post-3377","1":"product","2":"type-product","3":"status-publish","4":"has-post-thumbnail","6":"product_brand-lazer","7":"product_cat-lazer","8":"product_cat-ledramp-rak","9":"product_cat-ledramper","10":"product_cat-lazer-linear","11":"product_tag-black-week-exclude","12":"pa_fargtemperatur-5000k","13":"pa_fuktskydd-varde-ipxx-ip67","14":"pa_godkannande-ece-r112","15":"pa_lampsockel-kontakt-superseal","16":"pa_led-chips-effekt-w-1045","17":"pa_storlek-mm-532x40x62","18":"pa_volt-v-multivolt-10-12-16-18-24-28-30-32","20":"first","21":"instock","22":"taxable","23":"shipping-taxable","24":"purchasable","25":"product-type-simple"},"bundled_by":[],"bundle_stock_status":"instock","bundle_stock_quantity":1,"bundle_virtual":false,"bundle_layout":"","bundle_add_to_cart_form_location":"","bundle_editable_in_cart":false,"bundle_sold_individually_context":"","bundle_item_grouping":"","bundle_min_size":"","bundle_max_size":"","bundle_price":[],"bundled_items":[],"bundle_sell_ids":[],"acf":[],"yoast_head":"<!-- This site is optimized with the Yoast SEO plugin v27.0 - https:\/\/yoast.com\/product\/yoast-seo-wordpress\/ -->\n<title>Lazer Linear-18 Elite (halvljus assist) led-ramp | 532mm - Xenonkungen<\/title>\n<meta name=\"robots\" content=\"index, follow, max-snippet:-1, max-image-preview:large, max-video-preview:-1\" \/>\n<link rel=\"canonical\" href=\"https:\/\/xenonkungen.com\/nl\/product\/laser-linear-18-elite-low-beam-assist-led-ramp-532mm\/\" \/>\n<meta property=\"og:locale\" content=\"nl_NL\" \/>\n<meta property=\"og:type\" content=\"article\" \/>\n<meta property=\"og:title\" content=\"Lazer Linear-18 Elite (halvljus assist) led-ramp | 532mm - Xenonkungen\" \/>\n<meta property=\"og:description\" content=\"Linear 18 Elite &#8211; Automatisk Dimmer, Exceptionell Prestanda Idealisk f\u00f6r Montering i Tr\u00e5nga Utrymmen Linear 18 Elite med automatisk dimmer har en l\u00e4ngd p\u00e5 532 mm och m\u00e4ter endast 40 mm i h\u00f6jd och 62 mm i djup, vilket g\u00f6r den idealisk f\u00f6r montering \u00e4ven i tr\u00e5nga utrymmen. Fantastisk Ljuskapacitet f\u00f6r S\u00e4ker Sikt Rampen \u00e4r [&hellip;]\" \/>\n<meta property=\"og:url\" content=\"https:\/\/xenonkungen.com\/nl\/product\/laser-linear-18-elite-low-beam-assist-led-ramp-532mm\/\" \/>\n<meta property=\"og:site_name\" content=\"Xenonkungen\" \/>\n<meta property=\"article:modified_time\" content=\"2026-04-24T15:50:00+00:00\" \/>\n<meta property=\"og:image\" content=\"https:\/\/xenonkungen.com\/wp-content\/uploads\/2025\/04\/188148725-origpic-e809ac.jpg\" \/>\n\t<meta property=\"og:image:width\" content=\"1000\" \/>\n\t<meta property=\"og:image:height\" content=\"750\" \/>\n\t<meta property=\"og:image:type\" content=\"image\/jpeg\" \/>\n<meta name=\"twitter:card\" content=\"summary_large_image\" \/>\n<meta name=\"twitter:label1\" content=\"Geschatte leestijd\" \/>\n\t<meta name=\"twitter:data1\" content=\"1 minuut\" \/>\n<script type=\"application\/ld+json\" class=\"yoast-schema-graph\">{\"@context\":\"https:\/\/schema.org\",\"@graph\":[{\"@type\":\"WebPage\",\"@id\":\"https:\/\/xenonkungen.com\/nl\/product\/laser-linear-18-elite-low-beam-assist-led-ramp-532mm\/\",\"url\":\"https:\/\/xenonkungen.com\/nl\/product\/laser-linear-18-elite-low-beam-assist-led-ramp-532mm\/\",\"name\":\"Lazer Linear-18 Elite (halvljus assist) led-ramp | 532mm - Xenonkungen\",\"isPartOf\":{\"@id\":\"https:\/\/xenonkungen.com\/#website\"},\"primaryImageOfPage\":{\"@id\":\"https:\/\/xenonkungen.com\/nl\/product\/laser-linear-18-elite-low-beam-assist-led-ramp-532mm\/#primaryimage\"},\"image\":{\"@id\":\"https:\/\/xenonkungen.com\/nl\/product\/laser-linear-18-elite-low-beam-assist-led-ramp-532mm\/#primaryimage\"},\"thumbnailUrl\":\"https:\/\/xenonkungen.com\/wp-content\/uploads\/2025\/04\/188148725-origpic-e809ac.jpg\",\"datePublished\":\"2025-04-15T08:55:47+00:00\",\"dateModified\":\"2026-04-24T15:50:00+00:00\",\"breadcrumb\":{\"@id\":\"https:\/\/xenonkungen.com\/nl\/product\/laser-linear-18-elite-low-beam-assist-led-ramp-532mm\/#breadcrumb\"},\"inLanguage\":\"nl-NL\",\"potentialAction\":[{\"@type\":\"ReadAction\",\"target\":[\"https:\/\/xenonkungen.com\/nl\/product\/laser-linear-18-elite-low-beam-assist-led-ramp-532mm\/\"]}]},{\"@type\":\"ImageObject\",\"inLanguage\":\"nl-NL\",\"@id\":\"https:\/\/xenonkungen.com\/nl\/product\/laser-linear-18-elite-low-beam-assist-led-ramp-532mm\/#primaryimage\",\"url\":\"https:\/\/xenonkungen.com\/wp-content\/uploads\/2025\/04\/188148725-origpic-e809ac.jpg\",\"contentUrl\":\"https:\/\/xenonkungen.com\/wp-content\/uploads\/2025\/04\/188148725-origpic-e809ac.jpg\",\"width\":1000,\"height\":750},{\"@type\":\"BreadcrumbList\",\"@id\":\"https:\/\/xenonkungen.com\/nl\/product\/laser-linear-18-elite-low-beam-assist-led-ramp-532mm\/#breadcrumb\",\"itemListElement\":[{\"@type\":\"ListItem\",\"position\":1,\"name\":\"Hem\",\"item\":\"https:\/\/xenonkungen.com\/\"},{\"@type\":\"ListItem\",\"position\":2,\"name\":\"Shop\",\"item\":\"https:\/\/xenonkungen.com\/shop\/\"},{\"@type\":\"ListItem\",\"position\":3,\"name\":\"Lazer Linear-18 Elite (halvljus assist) led-ramp | 532mm\"}]},{\"@type\":\"WebSite\",\"@id\":\"https:\/\/xenonkungen.com\/#website\",\"url\":\"https:\/\/xenonkungen.com\/\",\"name\":\"Xenonkungen\",\"description\":\"\",\"potentialAction\":[{\"@type\":\"SearchAction\",\"target\":{\"@type\":\"EntryPoint\",\"urlTemplate\":\"https:\/\/xenonkungen.com\/?s={search_term_string}\"},\"query-input\":{\"@type\":\"PropertyValueSpecification\",\"valueRequired\":true,\"valueName\":\"search_term_string\"}}],\"inLanguage\":\"nl-NL\"}]}<\/script>\n<!-- \/ Yoast SEO plugin. -->","yoast_head_json":{"title":"Lazer Linear-18 Elite (dimlichtassistentie) LED-ramp | 532 mm - Xenonkungen","robots":{"index":"index","follow":"follow","max-snippet":"max-snippet:-1","max-image-preview":"max-image-preview:large","max-video-preview":"max-video-preview:-1"},"canonical":"https:\/\/xenonkungen.com\/nl\/product\/laser-linear-18-elite-low-beam-assist-led-ramp-532mm\/","og_locale":"nl_NL","og_type":"article","og_title":"Lazer Linear-18 Elite (halvljus assist) led-ramp | 532mm - Xenonkungen","og_description":"Linear 18 Elite &#8211; Automatisk Dimmer, Exceptionell Prestanda Idealisk f\u00f6r Montering i Tr\u00e5nga Utrymmen Linear 18 Elite med automatisk dimmer har en l\u00e4ngd p\u00e5 532 mm och m\u00e4ter endast 40 mm i h\u00f6jd och 62 mm i djup, vilket g\u00f6r den idealisk f\u00f6r montering \u00e4ven i tr\u00e5nga utrymmen. Fantastisk Ljuskapacitet f\u00f6r S\u00e4ker Sikt Rampen \u00e4r [&hellip;]","og_url":"https:\/\/xenonkungen.com\/nl\/product\/laser-linear-18-elite-low-beam-assist-led-ramp-532mm\/","og_site_name":"Xenonkungen","article_modified_time":"2026-04-24T15:50:00+00:00","og_image":[{"width":1000,"height":750,"url":"https:\/\/xenonkungen.com\/wp-content\/uploads\/2025\/04\/188148725-origpic-e809ac.jpg","type":"image\/jpeg"}],"twitter_card":"summary_large_image","twitter_misc":{"Geschatte leestijd":"1 minuut"},"schema":{"@context":"https:\/\/schema.org","@graph":[{"@type":"WebPage","@id":"https:\/\/xenonkungen.com\/nl\/product\/laser-linear-18-elite-low-beam-assist-led-ramp-532mm\/","url":"https:\/\/xenonkungen.com\/nl\/product\/laser-linear-18-elite-low-beam-assist-led-ramp-532mm\/","name":"Lazer Linear-18 Elite (dimlichtassistentie) LED-ramp | 532 mm - Xenonkungen","isPartOf":{"@id":"https:\/\/xenonkungen.com\/#website"},"primaryImageOfPage":{"@id":"https:\/\/xenonkungen.com\/nl\/product\/laser-linear-18-elite-low-beam-assist-led-ramp-532mm\/#primaryimage"},"image":{"@id":"https:\/\/xenonkungen.com\/nl\/product\/laser-linear-18-elite-low-beam-assist-led-ramp-532mm\/#primaryimage"},"thumbnailUrl":"https:\/\/xenonkungen.com\/wp-content\/uploads\/2025\/04\/188148725-origpic-e809ac.jpg","datePublished":"2025-04-15T08:55:47+00:00","dateModified":"2026-04-24T15:50:00+00:00","breadcrumb":{"@id":"https:\/\/xenonkungen.com\/nl\/product\/laser-linear-18-elite-low-beam-assist-led-ramp-532mm\/#breadcrumb"},"inLanguage":"nl-NL","potentialAction":[{"@type":"ReadAction","target":["https:\/\/xenonkungen.com\/nl\/product\/laser-linear-18-elite-low-beam-assist-led-ramp-532mm\/"]}]},{"@type":"ImageObject","inLanguage":"nl-NL","@id":"https:\/\/xenonkungen.com\/nl\/product\/laser-linear-18-elite-low-beam-assist-led-ramp-532mm\/#primaryimage","url":"https:\/\/xenonkungen.com\/wp-content\/uploads\/2025\/04\/188148725-origpic-e809ac.jpg","contentUrl":"https:\/\/xenonkungen.com\/wp-content\/uploads\/2025\/04\/188148725-origpic-e809ac.jpg","width":1000,"height":750},{"@type":"BreadcrumbList","@id":"https:\/\/xenonkungen.com\/nl\/product\/laser-linear-18-elite-low-beam-assist-led-ramp-532mm\/#breadcrumb","itemListElement":[{"@type":"ListItem","position":1,"name":"Hem","item":"https:\/\/xenonkungen.com\/"},{"@type":"ListItem","position":2,"name":"Shop","item":"https:\/\/xenonkungen.com\/shop\/"},{"@type":"ListItem","position":3,"name":"Lazer Linear-18 Elite (halvljus assist) led-ramp | 532mm"}]},{"@type":"WebSite","@id":"https:\/\/xenonkungen.com\/#website","url":"https:\/\/xenonkungen.com\/","name":"Xenonkungen","description":"","potentialAction":[{"@type":"SearchAction","target":{"@type":"EntryPoint","urlTemplate":"https:\/\/xenonkungen.com\/?s={search_term_string}"},"query-input":{"@type":"PropertyValueSpecification","valueRequired":true,"valueName":"search_term_string"}}],"inLanguage":"nl-NL"}]}},"taxonomy_info":{"product_brand":[{"value":1124,"label":"Lazer"}],"product_cat":[{"value":2561,"label":"Lazer"},{"value":2966,"label":"Ledramp Rak"},{"value":2539,"label":"LEDRAMPER"},{"value":2166,"label":"LAZER LINEAR"}],"product_tag":[{"value":2788,"label":"black-week-exclude"}],"pa_fargtemperatur":[{"value":154,"label":"5000K"}],"pa_fuktskydd-varde-ipxx":[{"value":333,"label":"IP67"}],"pa_godkannande":[{"value":1123,"label":"ECE, R112"}],"pa_lampsockel-kontakt":[{"value":1122,"label":"Superseal"}],"pa_led-chips-effekt-w":[{"value":1045,"label":"135"}],"pa_storlek-mm":[{"value":1121,"label":"532x40x62"}],"pa_volt-v":[{"value":1084,"label":"Multivolt, 10, 12, 16, 18, 24, 28, 30, 32"}]},"featured_image_src_large":["https:\/\/xenonkungen.com\/wp-content\/uploads\/2025\/04\/188148725-origpic-e809ac.jpg",1000,750,false],"author_info":[],"comment_info":0,"_links":{"self":[{"href":"https:\/\/xenonkungen.com\/nl\/wp-json\/wp\/v2\/product\/3377","targetHints":{"allow":["GET"]}}],"collection":[{"href":"https:\/\/xenonkungen.com\/nl\/wp-json\/wp\/v2\/product"}],"about":[{"href":"https:\/\/xenonkungen.com\/nl\/wp-json\/wp\/v2\/types\/product"}],"replies":[{"embeddable":true,"href":"https:\/\/xenonkungen.com\/nl\/wp-json\/wp\/v2\/comments?post=3377"}],"wp:featuredmedia":[{"embeddable":true,"href":"https:\/\/xenonkungen.com\/nl\/wp-json\/wp\/v2\/media\/3378"}],"wp:attachment":[{"href":"https:\/\/xenonkungen.com\/nl\/wp-json\/wp\/v2\/media?parent=3377"}],"wp:term":[{"taxonomy":"anvandningsomrade","embeddable":true,"href":"https:\/\/xenonkungen.com\/nl\/wp-json\/wp\/v2\/anvandningsomrade?post=3377"},{"taxonomy":"bilmarken","embeddable":true,"href":"https:\/\/xenonkungen.com\/nl\/wp-json\/wp\/v2\/bilmarken?post=3377"},{"taxonomy":"product_brand","embeddable":true,"href":"https:\/\/xenonkungen.com\/nl\/wp-json\/wp\/v2\/product_brand?post=3377"},{"taxonomy":"product_cat","embeddable":true,"href":"https:\/\/xenonkungen.com\/nl\/wp-json\/wp\/v2\/product_cat?post=3377"},{"taxonomy":"product_tag","embeddable":true,"href":"https:\/\/xenonkungen.com\/nl\/wp-json\/wp\/v2\/product_tag?post=3377"}],"curies":[{"name":"wp","href":"https:\/\/api.w.org\/{rel}","templated":true}]}}