{"id":3398,"date":"2025-04-15T08:56:00","date_gmt":"2025-04-15T08:56:00","guid":{"rendered":"https:\/\/xenonkungen.com\/product\/lazer-linear-6-elite\/"},"modified":"2026-04-24T16:50:08","modified_gmt":"2026-04-24T15:50:08","slug":"laser-lineaire-6-elite","status":"publish","type":"product","link":"https:\/\/xenonkungen.com\/nl\/product\/laser-lineaire-6-elite\/","title":{"rendered":"Lazer Lineair 6 Elite+"},"content":{"rendered":"<p>Lazer Linear Elite+ Extra lichte helling<br \/>\nDe Lazer Triple-R Elite+-serie vertegenwoordigt een evolutie van Lazers meest performante led-verlichtingsoplossingen en bestaat uit producten met verbeterde prestaties, lichtverdeling en functionaliteit. Deze verbeteringen zijn deels te danken aan de plaatsing van extra gele leds in elk van de lampen, die gecombineerd kunnen worden met de al superieure grootlichtfunctie voor wit licht voor indrukwekkend zicht &#039;s nachts met een iets zachtere, meer ontspannende kleurtemperatuur.<\/p>\n<p>FOTOMETRISCHE GEGEVENS<br \/>\nHorizontale lichthoek 84o 84o 84o<br \/>\n0,25 lx Lijn 600m \/ 424m 263m 621m<br \/>\n0,5 lx Lijn 424m \/300m 186m 439m<br \/>\n1 lx Lijn 300m \/ 212m 131m 311m<br \/>\n3 lx Lijn 173m \/ 122m 76m 179m<\/p>\n<p>De lamp kan worden geschakeld tussen de verschillende verlichtingsmodi met een schakelaar die u in de auto plaatst (meegeleverd). De verlichtingsmodi zijn: Boost (alleen wit), Combo (wit + geel), Sneeuw\/Mist\/Stofmodus (alleen geel), E-keurmerk \/ Lage lichtopbrengstmodus (alleen wit; geschikt voor gebruik in de weg met verminderd vermogen conform UNECE Reg 149). Dankzij een geheugenfunctie in de lamp wordt de eerder geselecteerde modus bijvoorbeeld toegepast wanneer de auto opnieuw wordt gestart. Als u de schakelaar ook 2 seconden ingedrukt houdt, schakelt de lamp direct over naar de E-keurmerkmodus.<\/p>\n<p>Ondanks het lage profiel en het aerodynamische ontwerp van de Linear-6 Elite+, bestaat de lamp dankzij een geavanceerd elektronisch ontwerp uit maar liefst 12 witte en 6 gele leds. In de boostmodus produceren de witte leds 5100 lumen (25 % meer dan de huidige Linear-6 Elite). In de combomodus produceren de witte en gele leds samen 7100 lumen, wat een ongelooflijke lichtopbrengst is voor een led-lichtbalk van dit formaat. De Linear-6 Elite+ bestaat uit een drieaderige kabel per lamp en is compatibel met onze 3-pins Superseal voertuigbedradingssets voor enkele en dubbele lampen.<\/p>","protected":false},"excerpt":{"rendered":"<p>\u2013 PLUS 9,1 inch 232 mm<br \/>\nCombinatie van zeer effici\u00ebnte witte (5000k) en PC-gele LED&#039;s.<br \/>\n\u2022 Gele LED&#039;s geoptimaliseerd voor gebruik in sneeuw, mist en stof.<br \/>\n\u2022 Wit licht ECE-goedgekeurd volgens Reg 149 (klasse B, grootlicht) voor gebruik op de weg.<\/p>","protected":false},"featured_media":3399,"comment_status":"closed","ping_status":"open","template":"","meta":{"_acf_changed":false,"_smort_price_nok":"5074","_smort_price_dkk":"3223","_smort_price_eur":"431.8","_smort_sale_price_nok":"","_smort_sale_price_dkk":"","_smort_sale_price_eur":"","smort_restorder":"","shipmondo_restorder":"","_kad_blocks_custom_css":"","_kad_blocks_head_custom_js":"","_kad_blocks_body_custom_js":"","_kad_blocks_footer_custom_js":"","smort_custom_pricelist_1":"3040","smort_custom_pricelist_2":"3040","smort_custom_pricelist_3":"3040","smort_custom_pricelist_4":"3800","smort_custom_pricelist_5":"3040"},"anvandningsomrade":[],"bilmarken":[],"product_brand":[1124],"product_cat":[2561,2966,2539,2166],"product_tag":[2788],"class_list":{"0":"post-3398","1":"product","2":"type-product","3":"status-publish","4":"has-post-thumbnail","6":"product_brand-lazer","7":"product_cat-lazer","8":"product_cat-ledramp-rak","9":"product_cat-ledramper","10":"product_cat-lazer-linear","11":"product_tag-black-week-exclude","12":"pa_faktisk-effekts-forbrukning-48-24","13":"pa_fargtemperatur-5000k","14":"pa_fuktskydd-varde-ipxx-ip67","15":"pa_godkannande-ece-r149","16":"pa_storlek-mm-232x62x40","17":"pa_volt-v-multivolt-10-12-16-18-24-28-30-32","19":"first","20":"onbackorder","21":"taxable","22":"shipping-taxable","23":"purchasable","24":"product-type-simple"},"bundled_by":[],"bundle_stock_status":"onbackorder","bundle_stock_quantity":0,"bundle_virtual":false,"bundle_layout":"","bundle_add_to_cart_form_location":"","bundle_editable_in_cart":false,"bundle_sold_individually_context":"","bundle_item_grouping":"","bundle_min_size":"","bundle_max_size":"","bundle_price":[],"bundled_items":[],"bundle_sell_ids":[],"acf":[],"yoast_head":"<!-- This site is optimized with the Yoast SEO plugin v27.0 - https:\/\/yoast.com\/product\/yoast-seo-wordpress\/ -->\n<title>Lazer Linear 6 Elite+ - Xenonkungen<\/title>\n<meta name=\"robots\" content=\"index, follow, max-snippet:-1, max-image-preview:large, max-video-preview:-1\" \/>\n<link rel=\"canonical\" href=\"https:\/\/xenonkungen.com\/nl\/product\/laser-lineaire-6-elite\/\" \/>\n<meta property=\"og:locale\" content=\"nl_NL\" \/>\n<meta property=\"og:type\" content=\"article\" \/>\n<meta property=\"og:title\" content=\"Lazer Linear 6 Elite+ - Xenonkungen\" \/>\n<meta property=\"og:description\" content=\"- PLUS 9,1 tum 232mm Kombination av h\u00f6geffektiva vita (5000k) och PC-gula lysdioder. \u2022 Gula lysdioder optimerade f\u00f6r anv\u00e4ndning i sn\u00f6, dimma och damm. \u2022 Vitt ljus ECE-godk\u00e4nt enligt Reg 149 (klass B, k\u00f6rljus) f\u00f6r anv\u00e4ndning p\u00e5 v\u00e4g.\" \/>\n<meta property=\"og:url\" content=\"https:\/\/xenonkungen.com\/nl\/product\/laser-lineaire-6-elite\/\" \/>\n<meta property=\"og:site_name\" content=\"Xenonkungen\" \/>\n<meta property=\"article:modified_time\" content=\"2026-04-24T15:50:08+00:00\" \/>\n<meta property=\"og:image\" content=\"https:\/\/xenonkungen.com\/wp-content\/uploads\/2025\/04\/linear-6_elite__angled_web.jpg\" \/>\n\t<meta property=\"og:image:width\" content=\"1000\" \/>\n\t<meta property=\"og:image:height\" content=\"750\" \/>\n\t<meta property=\"og:image:type\" content=\"image\/jpeg\" \/>\n<meta name=\"twitter:card\" content=\"summary_large_image\" \/>\n<meta name=\"twitter:label1\" content=\"Geschatte leestijd\" \/>\n\t<meta name=\"twitter:data1\" content=\"2 minuten\" \/>\n<script type=\"application\/ld+json\" class=\"yoast-schema-graph\">{\"@context\":\"https:\/\/schema.org\",\"@graph\":[{\"@type\":\"WebPage\",\"@id\":\"https:\/\/xenonkungen.com\/no\/produkt\/laser-lineaer-6-elite\/\",\"url\":\"https:\/\/xenonkungen.com\/no\/produkt\/laser-lineaer-6-elite\/\",\"name\":\"Lazer Linear 6 Elite+ - Xenonkungen\",\"isPartOf\":{\"@id\":\"https:\/\/xenonkungen.com\/#website\"},\"primaryImageOfPage\":{\"@id\":\"https:\/\/xenonkungen.com\/no\/produkt\/laser-lineaer-6-elite\/#primaryimage\"},\"image\":{\"@id\":\"https:\/\/xenonkungen.com\/no\/produkt\/laser-lineaer-6-elite\/#primaryimage\"},\"thumbnailUrl\":\"https:\/\/xenonkungen.com\/wp-content\/uploads\/2025\/04\/linear-6_elite__angled_web.jpg\",\"datePublished\":\"2025-04-15T08:56:00+00:00\",\"dateModified\":\"2026-04-24T15:50:08+00:00\",\"breadcrumb\":{\"@id\":\"https:\/\/xenonkungen.com\/no\/produkt\/laser-lineaer-6-elite\/#breadcrumb\"},\"inLanguage\":\"nl-NL\",\"potentialAction\":[{\"@type\":\"ReadAction\",\"target\":[\"https:\/\/xenonkungen.com\/no\/produkt\/laser-lineaer-6-elite\/\"]}]},{\"@type\":\"ImageObject\",\"inLanguage\":\"nl-NL\",\"@id\":\"https:\/\/xenonkungen.com\/no\/produkt\/laser-lineaer-6-elite\/#primaryimage\",\"url\":\"https:\/\/xenonkungen.com\/wp-content\/uploads\/2025\/04\/linear-6_elite__angled_web.jpg\",\"contentUrl\":\"https:\/\/xenonkungen.com\/wp-content\/uploads\/2025\/04\/linear-6_elite__angled_web.jpg\",\"width\":1000,\"height\":750},{\"@type\":\"BreadcrumbList\",\"@id\":\"https:\/\/xenonkungen.com\/no\/produkt\/laser-lineaer-6-elite\/#breadcrumb\",\"itemListElement\":[{\"@type\":\"ListItem\",\"position\":1,\"name\":\"Hem\",\"item\":\"https:\/\/xenonkungen.com\/\"},{\"@type\":\"ListItem\",\"position\":2,\"name\":\"Shop\",\"item\":\"https:\/\/xenonkungen.com\/shop\/\"},{\"@type\":\"ListItem\",\"position\":3,\"name\":\"Lazer Linear 6 Elite+\"}]},{\"@type\":\"WebSite\",\"@id\":\"https:\/\/xenonkungen.com\/#website\",\"url\":\"https:\/\/xenonkungen.com\/\",\"name\":\"Xenonkungen\",\"description\":\"\",\"potentialAction\":[{\"@type\":\"SearchAction\",\"target\":{\"@type\":\"EntryPoint\",\"urlTemplate\":\"https:\/\/xenonkungen.com\/?s={search_term_string}\"},\"query-input\":{\"@type\":\"PropertyValueSpecification\",\"valueRequired\":true,\"valueName\":\"search_term_string\"}}],\"inLanguage\":\"nl-NL\"}]}<\/script>\n<!-- \/ Yoast SEO plugin. -->","yoast_head_json":{"title":"Lazer Linear 6 Elite+ - De Xenon-koning","robots":{"index":"index","follow":"follow","max-snippet":"max-snippet:-1","max-image-preview":"max-image-preview:large","max-video-preview":"max-video-preview:-1"},"canonical":"https:\/\/xenonkungen.com\/nl\/product\/laser-lineaire-6-elite\/","og_locale":"nl_NL","og_type":"article","og_title":"Lazer Linear 6 Elite+ - Xenonkungen","og_description":"- PLUS 9,1 tum 232mm Kombination av h\u00f6geffektiva vita (5000k) och PC-gula lysdioder. \u2022 Gula lysdioder optimerade f\u00f6r anv\u00e4ndning i sn\u00f6, dimma och damm. \u2022 Vitt ljus ECE-godk\u00e4nt enligt Reg 149 (klass B, k\u00f6rljus) f\u00f6r anv\u00e4ndning p\u00e5 v\u00e4g.","og_url":"https:\/\/xenonkungen.com\/nl\/product\/laser-lineaire-6-elite\/","og_site_name":"Xenonkungen","article_modified_time":"2026-04-24T15:50:08+00:00","og_image":[{"width":1000,"height":750,"url":"https:\/\/xenonkungen.com\/wp-content\/uploads\/2025\/04\/linear-6_elite__angled_web.jpg","type":"image\/jpeg"}],"twitter_card":"summary_large_image","twitter_misc":{"Geschatte leestijd":"2 minuten"},"schema":{"@context":"https:\/\/schema.org","@graph":[{"@type":"WebPage","@id":"https:\/\/xenonkungen.com\/no\/produkt\/laser-lineaer-6-elite\/","url":"https:\/\/xenonkungen.com\/no\/produkt\/laser-lineaer-6-elite\/","name":"Lazer Linear 6 Elite+ - De Xenon-koning","isPartOf":{"@id":"https:\/\/xenonkungen.com\/#website"},"primaryImageOfPage":{"@id":"https:\/\/xenonkungen.com\/no\/produkt\/laser-lineaer-6-elite\/#primaryimage"},"image":{"@id":"https:\/\/xenonkungen.com\/no\/produkt\/laser-lineaer-6-elite\/#primaryimage"},"thumbnailUrl":"https:\/\/xenonkungen.com\/wp-content\/uploads\/2025\/04\/linear-6_elite__angled_web.jpg","datePublished":"2025-04-15T08:56:00+00:00","dateModified":"2026-04-24T15:50:08+00:00","breadcrumb":{"@id":"https:\/\/xenonkungen.com\/no\/produkt\/laser-lineaer-6-elite\/#breadcrumb"},"inLanguage":"nl-NL","potentialAction":[{"@type":"ReadAction","target":["https:\/\/xenonkungen.com\/no\/produkt\/laser-lineaer-6-elite\/"]}]},{"@type":"ImageObject","inLanguage":"nl-NL","@id":"https:\/\/xenonkungen.com\/no\/produkt\/laser-lineaer-6-elite\/#primaryimage","url":"https:\/\/xenonkungen.com\/wp-content\/uploads\/2025\/04\/linear-6_elite__angled_web.jpg","contentUrl":"https:\/\/xenonkungen.com\/wp-content\/uploads\/2025\/04\/linear-6_elite__angled_web.jpg","width":1000,"height":750},{"@type":"BreadcrumbList","@id":"https:\/\/xenonkungen.com\/no\/produkt\/laser-lineaer-6-elite\/#breadcrumb","itemListElement":[{"@type":"ListItem","position":1,"name":"Hem","item":"https:\/\/xenonkungen.com\/"},{"@type":"ListItem","position":2,"name":"Shop","item":"https:\/\/xenonkungen.com\/shop\/"},{"@type":"ListItem","position":3,"name":"Lazer Linear 6 Elite+"}]},{"@type":"WebSite","@id":"https:\/\/xenonkungen.com\/#website","url":"https:\/\/xenonkungen.com\/","name":"Xenonkungen","description":"","potentialAction":[{"@type":"SearchAction","target":{"@type":"EntryPoint","urlTemplate":"https:\/\/xenonkungen.com\/?s={search_term_string}"},"query-input":{"@type":"PropertyValueSpecification","valueRequired":true,"valueName":"search_term_string"}}],"inLanguage":"nl-NL"}]}},"taxonomy_info":{"product_brand":[{"value":1124,"label":"Lazer"}],"product_cat":[{"value":2561,"label":"Lazer"},{"value":2966,"label":"Ledramp Rak"},{"value":2539,"label":"LEDRAMPER"},{"value":2166,"label":"LAZER LINEAR"}],"product_tag":[{"value":2788,"label":"black-week-exclude"}],"pa_faktisk-effekts-forbrukning":[{"value":1130,"label":"48, 24"}],"pa_fargtemperatur":[{"value":154,"label":"5000K"}],"pa_fuktskydd-varde-ipxx":[{"value":333,"label":"IP67"}],"pa_godkannande":[{"value":1131,"label":"ECE, R149"}],"pa_storlek-mm":[{"value":1129,"label":"232x62x40"}],"pa_volt-v":[{"value":1084,"label":"Multivolt, 10, 12, 16, 18, 24, 28, 30, 32"}]},"featured_image_src_large":["https:\/\/xenonkungen.com\/wp-content\/uploads\/2025\/04\/linear-6_elite__angled_web.jpg",1000,750,false],"author_info":[],"comment_info":0,"_links":{"self":[{"href":"https:\/\/xenonkungen.com\/nl\/wp-json\/wp\/v2\/product\/3398","targetHints":{"allow":["GET"]}}],"collection":[{"href":"https:\/\/xenonkungen.com\/nl\/wp-json\/wp\/v2\/product"}],"about":[{"href":"https:\/\/xenonkungen.com\/nl\/wp-json\/wp\/v2\/types\/product"}],"replies":[{"embeddable":true,"href":"https:\/\/xenonkungen.com\/nl\/wp-json\/wp\/v2\/comments?post=3398"}],"wp:featuredmedia":[{"embeddable":true,"href":"https:\/\/xenonkungen.com\/nl\/wp-json\/wp\/v2\/media\/3399"}],"wp:attachment":[{"href":"https:\/\/xenonkungen.com\/nl\/wp-json\/wp\/v2\/media?parent=3398"}],"wp:term":[{"taxonomy":"anvandningsomrade","embeddable":true,"href":"https:\/\/xenonkungen.com\/nl\/wp-json\/wp\/v2\/anvandningsomrade?post=3398"},{"taxonomy":"bilmarken","embeddable":true,"href":"https:\/\/xenonkungen.com\/nl\/wp-json\/wp\/v2\/bilmarken?post=3398"},{"taxonomy":"product_brand","embeddable":true,"href":"https:\/\/xenonkungen.com\/nl\/wp-json\/wp\/v2\/product_brand?post=3398"},{"taxonomy":"product_cat","embeddable":true,"href":"https:\/\/xenonkungen.com\/nl\/wp-json\/wp\/v2\/product_cat?post=3398"},{"taxonomy":"product_tag","embeddable":true,"href":"https:\/\/xenonkungen.com\/nl\/wp-json\/wp\/v2\/product_tag?post=3398"}],"curies":[{"name":"wp","href":"https:\/\/api.w.org\/{rel}","templated":true}]}}