{"id":3462,"date":"2025-04-15T08:56:43","date_gmt":"2025-04-15T08:56:43","guid":{"rendered":"https:\/\/xenonkungen.com\/product\/pianogangjarn-50-mm\/"},"modified":"2026-04-24T16:50:38","modified_gmt":"2026-04-24T15:50:38","slug":"pianoscharnier-50-mm","status":"publish","type":"product","link":"https:\/\/xenonkungen.com\/nl\/product\/pianoscharnier-50-mm\/","title":{"rendered":"Pianoscharnier 50 mm"},"content":{"rendered":"<h2>Pianoscharnier 50 mm in aluminium \u2013 Duurzaam en soepel voor al uw projecten<\/h2>\n<p>Ons aluminium pianoscharnier is de perfecte oplossing voor wie op zoek is naar een stevig maar toch lichtgewicht scharnier. Met een breedte van 50 mm en gemaakt van hoogwaardig aluminium, biedt dit scharnier optimale duurzaamheid en een soepele werking. Het is roestbestendig en eenvoudig te installeren.<\/p>\n<h3>Kenmerken:<\/h3>\n<ul>\n<li>Gemaakt van duurzaam aluminium voor langdurig gebruik<\/li>\n<li>Soepele en gemakkelijke montage<\/li>\n<li>Roestbestendig en onderhoudsvrij<\/li>\n<li>Perfect voor zowel kleine als grote projecten<\/li>\n<\/ul>\n<p>Kies het pianoscharnier dat kwaliteit, functionaliteit en duurzaamheid combineert. Perfect voor iedereen die een betrouwbare oplossing zoekt zonder in te leveren op stijl!<\/p>\n<p>Wordt geleverd zonder gaten, dus zelfborend.<\/p>","protected":false},"excerpt":{"rendered":"<p>Pianog\u00e5ngj\u00e4rn 50 mm i aluminium \u2013 H\u00e5llbart och smidigt f\u00f6r alla dina projekt V\u00e5rt pianog\u00e5ngj\u00e4rn i aluminium \u00e4r den perfekta l\u00f6sningen f\u00f6r dig som s\u00f6ker ett robust och samtidigt l\u00e4tt g\u00e5ngj\u00e4rn. Med en bredd p\u00e5 50 mm och tillverkad i h\u00f6gkvalitativ aluminium erbjuder detta g\u00e5ngj\u00e4rn optimal h\u00e5llbarhet och smidig funktion. Det \u00e4r rostbest\u00e4ndigt och l\u00e4tt [&hellip;]<\/p>","protected":false},"featured_media":3463,"comment_status":"closed","ping_status":"closed","template":"","meta":{"_acf_changed":false,"_smort_price_nok":"1009","_smort_price_dkk":"641","_smort_price_eur":"85.91","_smort_sale_price_nok":"","_smort_sale_price_dkk":"","_smort_sale_price_eur":"","smort_restorder":"","shipmondo_restorder":"","_kad_blocks_custom_css":"","_kad_blocks_head_custom_js":"","_kad_blocks_body_custom_js":"","_kad_blocks_footer_custom_js":"","smort_custom_pricelist_1":"492.16","smort_custom_pricelist_2":"492.16","smort_custom_pricelist_3":"492.16","smort_custom_pricelist_4":"615.2","smort_custom_pricelist_5":"492.16"},"anvandningsomrade":[],"bilmarken":[],"product_brand":[],"product_cat":[390],"product_tag":[2788],"class_list":{"0":"post-3462","1":"product","2":"type-product","3":"status-publish","4":"has-post-thumbnail","6":"product_cat-installation","7":"product_tag-black-week-exclude","9":"first","10":"onbackorder","11":"taxable","12":"shipping-taxable","13":"purchasable","14":"product-type-simple"},"bundled_by":[],"bundle_stock_status":"onbackorder","bundle_stock_quantity":0,"bundle_virtual":false,"bundle_layout":"","bundle_add_to_cart_form_location":"","bundle_editable_in_cart":false,"bundle_sold_individually_context":"","bundle_item_grouping":"","bundle_min_size":"","bundle_max_size":"","bundle_price":[],"bundled_items":[],"bundle_sell_ids":[],"acf":[],"yoast_head":"<!-- This site is optimized with the Yoast SEO plugin v27.0 - https:\/\/yoast.com\/product\/yoast-seo-wordpress\/ -->\n<title>Pianog\u00e5ngj\u00e4rn 50 mm - Xenonkungen<\/title>\n<meta name=\"robots\" content=\"index, follow, max-snippet:-1, max-image-preview:large, max-video-preview:-1\" \/>\n<link rel=\"canonical\" href=\"https:\/\/xenonkungen.com\/nl\/product\/pianoscharnier-50-mm\/\" \/>\n<meta property=\"og:locale\" content=\"nl_NL\" \/>\n<meta property=\"og:type\" content=\"article\" \/>\n<meta property=\"og:title\" content=\"Pianog\u00e5ngj\u00e4rn 50 mm - Xenonkungen\" \/>\n<meta property=\"og:description\" content=\"Pianog\u00e5ngj\u00e4rn 50 mm i aluminium \u2013 H\u00e5llbart och smidigt f\u00f6r alla dina projekt V\u00e5rt pianog\u00e5ngj\u00e4rn i aluminium \u00e4r den perfekta l\u00f6sningen f\u00f6r dig som s\u00f6ker ett robust och samtidigt l\u00e4tt g\u00e5ngj\u00e4rn. Med en bredd p\u00e5 50 mm och tillverkad i h\u00f6gkvalitativ aluminium erbjuder detta g\u00e5ngj\u00e4rn optimal h\u00e5llbarhet och smidig funktion. Det \u00e4r rostbest\u00e4ndigt och l\u00e4tt [&hellip;]\" \/>\n<meta property=\"og:url\" content=\"https:\/\/xenonkungen.com\/nl\/product\/pianoscharnier-50-mm\/\" \/>\n<meta property=\"og:site_name\" content=\"Xenonkungen\" \/>\n<meta property=\"article:modified_time\" content=\"2026-04-24T15:50:38+00:00\" \/>\n<meta property=\"og:image\" content=\"https:\/\/xenonkungen.com\/wp-content\/uploads\/2025\/04\/1-4.jpg\" \/>\n\t<meta property=\"og:image:width\" content=\"1142\" \/>\n\t<meta property=\"og:image:height\" content=\"856\" \/>\n\t<meta property=\"og:image:type\" content=\"image\/jpeg\" \/>\n<meta name=\"twitter:card\" content=\"summary_large_image\" \/>\n<meta name=\"twitter:label1\" content=\"Geschatte leestijd\" \/>\n\t<meta name=\"twitter:data1\" content=\"1 minuut\" \/>\n<script type=\"application\/ld+json\" class=\"yoast-schema-graph\">{\"@context\":\"https:\/\/schema.org\",\"@graph\":[{\"@type\":\"WebPage\",\"@id\":\"https:\/\/xenonkungen.com\/produkt\/pianogangjarn-50-mm\/\",\"url\":\"https:\/\/xenonkungen.com\/produkt\/pianogangjarn-50-mm\/\",\"name\":\"Pianog\u00e5ngj\u00e4rn 50 mm - Xenonkungen\",\"isPartOf\":{\"@id\":\"https:\/\/xenonkungen.com\/#website\"},\"primaryImageOfPage\":{\"@id\":\"https:\/\/xenonkungen.com\/produkt\/pianogangjarn-50-mm\/#primaryimage\"},\"image\":{\"@id\":\"https:\/\/xenonkungen.com\/produkt\/pianogangjarn-50-mm\/#primaryimage\"},\"thumbnailUrl\":\"https:\/\/xenonkungen.com\/wp-content\/uploads\/2025\/04\/1-4.jpg\",\"datePublished\":\"2025-04-15T08:56:43+00:00\",\"dateModified\":\"2026-04-24T15:50:38+00:00\",\"breadcrumb\":{\"@id\":\"https:\/\/xenonkungen.com\/produkt\/pianogangjarn-50-mm\/#breadcrumb\"},\"inLanguage\":\"nl-NL\",\"potentialAction\":[{\"@type\":\"ReadAction\",\"target\":[\"https:\/\/xenonkungen.com\/produkt\/pianogangjarn-50-mm\/\"]}]},{\"@type\":\"ImageObject\",\"inLanguage\":\"nl-NL\",\"@id\":\"https:\/\/xenonkungen.com\/produkt\/pianogangjarn-50-mm\/#primaryimage\",\"url\":\"https:\/\/xenonkungen.com\/wp-content\/uploads\/2025\/04\/1-4.jpg\",\"contentUrl\":\"https:\/\/xenonkungen.com\/wp-content\/uploads\/2025\/04\/1-4.jpg\",\"width\":1142,\"height\":856},{\"@type\":\"BreadcrumbList\",\"@id\":\"https:\/\/xenonkungen.com\/produkt\/pianogangjarn-50-mm\/#breadcrumb\",\"itemListElement\":[{\"@type\":\"ListItem\",\"position\":1,\"name\":\"Hem\",\"item\":\"https:\/\/xenonkungen.com\/\"},{\"@type\":\"ListItem\",\"position\":2,\"name\":\"Shop\",\"item\":\"https:\/\/xenonkungen.com\/shop\/\"},{\"@type\":\"ListItem\",\"position\":3,\"name\":\"Pianog\u00e5ngj\u00e4rn 50 mm\"}]},{\"@type\":\"WebSite\",\"@id\":\"https:\/\/xenonkungen.com\/#website\",\"url\":\"https:\/\/xenonkungen.com\/\",\"name\":\"Xenonkungen\",\"description\":\"\",\"potentialAction\":[{\"@type\":\"SearchAction\",\"target\":{\"@type\":\"EntryPoint\",\"urlTemplate\":\"https:\/\/xenonkungen.com\/?s={search_term_string}\"},\"query-input\":{\"@type\":\"PropertyValueSpecification\",\"valueRequired\":true,\"valueName\":\"search_term_string\"}}],\"inLanguage\":\"nl-NL\"}]}<\/script>\n<!-- \/ Yoast SEO plugin. -->","yoast_head_json":{"title":"Pianoscharnier 50 mm - Xenonkungen","robots":{"index":"index","follow":"follow","max-snippet":"max-snippet:-1","max-image-preview":"max-image-preview:large","max-video-preview":"max-video-preview:-1"},"canonical":"https:\/\/xenonkungen.com\/nl\/product\/pianoscharnier-50-mm\/","og_locale":"nl_NL","og_type":"article","og_title":"Pianog\u00e5ngj\u00e4rn 50 mm - Xenonkungen","og_description":"Pianog\u00e5ngj\u00e4rn 50 mm i aluminium \u2013 H\u00e5llbart och smidigt f\u00f6r alla dina projekt V\u00e5rt pianog\u00e5ngj\u00e4rn i aluminium \u00e4r den perfekta l\u00f6sningen f\u00f6r dig som s\u00f6ker ett robust och samtidigt l\u00e4tt g\u00e5ngj\u00e4rn. Med en bredd p\u00e5 50 mm och tillverkad i h\u00f6gkvalitativ aluminium erbjuder detta g\u00e5ngj\u00e4rn optimal h\u00e5llbarhet och smidig funktion. Det \u00e4r rostbest\u00e4ndigt och l\u00e4tt [&hellip;]","og_url":"https:\/\/xenonkungen.com\/nl\/product\/pianoscharnier-50-mm\/","og_site_name":"Xenonkungen","article_modified_time":"2026-04-24T15:50:38+00:00","og_image":[{"width":1142,"height":856,"url":"https:\/\/xenonkungen.com\/wp-content\/uploads\/2025\/04\/1-4.jpg","type":"image\/jpeg"}],"twitter_card":"summary_large_image","twitter_misc":{"Geschatte leestijd":"1 minuut"},"schema":{"@context":"https:\/\/schema.org","@graph":[{"@type":"WebPage","@id":"https:\/\/xenonkungen.com\/produkt\/pianogangjarn-50-mm\/","url":"https:\/\/xenonkungen.com\/produkt\/pianogangjarn-50-mm\/","name":"Pianoscharnier 50 mm - Xenonkungen","isPartOf":{"@id":"https:\/\/xenonkungen.com\/#website"},"primaryImageOfPage":{"@id":"https:\/\/xenonkungen.com\/produkt\/pianogangjarn-50-mm\/#primaryimage"},"image":{"@id":"https:\/\/xenonkungen.com\/produkt\/pianogangjarn-50-mm\/#primaryimage"},"thumbnailUrl":"https:\/\/xenonkungen.com\/wp-content\/uploads\/2025\/04\/1-4.jpg","datePublished":"2025-04-15T08:56:43+00:00","dateModified":"2026-04-24T15:50:38+00:00","breadcrumb":{"@id":"https:\/\/xenonkungen.com\/produkt\/pianogangjarn-50-mm\/#breadcrumb"},"inLanguage":"nl-NL","potentialAction":[{"@type":"ReadAction","target":["https:\/\/xenonkungen.com\/produkt\/pianogangjarn-50-mm\/"]}]},{"@type":"ImageObject","inLanguage":"nl-NL","@id":"https:\/\/xenonkungen.com\/produkt\/pianogangjarn-50-mm\/#primaryimage","url":"https:\/\/xenonkungen.com\/wp-content\/uploads\/2025\/04\/1-4.jpg","contentUrl":"https:\/\/xenonkungen.com\/wp-content\/uploads\/2025\/04\/1-4.jpg","width":1142,"height":856},{"@type":"BreadcrumbList","@id":"https:\/\/xenonkungen.com\/produkt\/pianogangjarn-50-mm\/#breadcrumb","itemListElement":[{"@type":"ListItem","position":1,"name":"Hem","item":"https:\/\/xenonkungen.com\/"},{"@type":"ListItem","position":2,"name":"Shop","item":"https:\/\/xenonkungen.com\/shop\/"},{"@type":"ListItem","position":3,"name":"Pianog\u00e5ngj\u00e4rn 50 mm"}]},{"@type":"WebSite","@id":"https:\/\/xenonkungen.com\/#website","url":"https:\/\/xenonkungen.com\/","name":"Xenonkungen","description":"","potentialAction":[{"@type":"SearchAction","target":{"@type":"EntryPoint","urlTemplate":"https:\/\/xenonkungen.com\/?s={search_term_string}"},"query-input":{"@type":"PropertyValueSpecification","valueRequired":true,"valueName":"search_term_string"}}],"inLanguage":"nl-NL"}]}},"taxonomy_info":{"product_cat":[{"value":390,"label":"Installation"}],"product_tag":[{"value":2788,"label":"black-week-exclude"}]},"featured_image_src_large":["https:\/\/xenonkungen.com\/wp-content\/uploads\/2025\/04\/1-4-1024x768.jpg",1024,768,true],"author_info":[],"comment_info":0,"_links":{"self":[{"href":"https:\/\/xenonkungen.com\/nl\/wp-json\/wp\/v2\/product\/3462","targetHints":{"allow":["GET"]}}],"collection":[{"href":"https:\/\/xenonkungen.com\/nl\/wp-json\/wp\/v2\/product"}],"about":[{"href":"https:\/\/xenonkungen.com\/nl\/wp-json\/wp\/v2\/types\/product"}],"replies":[{"embeddable":true,"href":"https:\/\/xenonkungen.com\/nl\/wp-json\/wp\/v2\/comments?post=3462"}],"wp:featuredmedia":[{"embeddable":true,"href":"https:\/\/xenonkungen.com\/nl\/wp-json\/wp\/v2\/media\/3463"}],"wp:attachment":[{"href":"https:\/\/xenonkungen.com\/nl\/wp-json\/wp\/v2\/media?parent=3462"}],"wp:term":[{"taxonomy":"anvandningsomrade","embeddable":true,"href":"https:\/\/xenonkungen.com\/nl\/wp-json\/wp\/v2\/anvandningsomrade?post=3462"},{"taxonomy":"bilmarken","embeddable":true,"href":"https:\/\/xenonkungen.com\/nl\/wp-json\/wp\/v2\/bilmarken?post=3462"},{"taxonomy":"product_brand","embeddable":true,"href":"https:\/\/xenonkungen.com\/nl\/wp-json\/wp\/v2\/product_brand?post=3462"},{"taxonomy":"product_cat","embeddable":true,"href":"https:\/\/xenonkungen.com\/nl\/wp-json\/wp\/v2\/product_cat?post=3462"},{"taxonomy":"product_tag","embeddable":true,"href":"https:\/\/xenonkungen.com\/nl\/wp-json\/wp\/v2\/product_tag?post=3462"}],"curies":[{"name":"wp","href":"https:\/\/api.w.org\/{rel}","templated":true}]}}