{"id":3584,"date":"2025-04-15T08:59:14","date_gmt":"2025-04-15T08:59:14","guid":{"rendered":"https:\/\/xenonkungen.com\/product\/briodlights-led-arbetsbelysning-oval-med-vridbart-sidofaste\/"},"modified":"2026-04-11T00:07:03","modified_gmt":"2026-04-10T23:07:03","slug":"briodlights-led-werklamp-ovaal-met-draaibare-zijmontage","status":"publish","type":"product","link":"https:\/\/xenonkungen.com\/nl\/product\/briodlights-led-werklamp-ovaal-met-draaibare-zijmontage\/","title":{"rendered":"BriodLights LED werklamp ovaal met draaibare zijbeugel"},"content":{"rendered":"<h1>BriodLights LED-werklamp<\/h1>\n<h2>Krachtige en veelzijdige werklamp<\/h2>\n<p>De BriodLights LED-werklamp is de perfecte oplossing voor wie een betrouwbare en krachtige lichtbron nodig heeft. Met een 360 graden draaibare zijbevestiging en 8 x 5 W CREE-diodes biedt deze werklamp uitstekende prestaties en veelzijdigheid.<\/p>\n<p>De werklamp heeft een breed lichtpatroon en levert een indrukwekkende lichtopbrengst van 2800 lm, wat zorgt voor een sterke en gelijkmatige verlichting van een groot oppervlak. Of u nu de werkplek moet verlichten of in het donker moet navigeren, deze werklamp geeft u het licht dat u nodig hebt om uw taken effici\u00ebnt en veilig uit te voeren.<\/p>\n<p>Met een vermogen van 40 W en een spanning van 9-32 V kunt u deze werklamp gebruiken met diverse voertuigen en stroombronnen. Hij is ontworpen om wisselende spanningen aan te kunnen en betrouwbare prestaties te leveren, zelfs onder veeleisende omstandigheden.<\/p>\n<p>De werklamp heeft een hoge IP-classificatie van IP68, wat betekent dat hij stof- en waterdicht is. Hij is bestand tegen zware omstandigheden en blijft intact, zelfs bij binnendringend water. U kunt erop vertrouwen dat deze werklamp betrouwbaar presteert en presteert onder alle werkomstandigheden.<\/p>\n<p>De LED-werklampen van BriodLight zijn gecertificeerd volgens E, EMC, ECE R10, LED en IP68. Dit garandeert dat het product voldoet aan hoge veiligheidsnormen en de nieuwste technische specificaties.<\/p>","protected":false},"excerpt":{"rendered":"<p>BriodLights LED Arbetsbelysning Kraftfull och m\u00e5ngsidig arbetslampa BriodLights LED arbetsbelysning \u00e4r den perfekta l\u00f6sningen f\u00f6r dig som beh\u00f6ver en p\u00e5litlig och kraftfull ljusk\u00e4lla. Med ett 360 graders vridbart sidof\u00e4ste och 8 st 5 W CREE dioder erbjuder denna arbetslampa enast\u00e5ende prestanda och m\u00e5ngsidighet. Arbetslampan har en bred ljusbild (flood) och ger imponerande 2800 lm, vilket [&hellip;]<\/p>","protected":false},"featured_media":3585,"comment_status":"closed","ping_status":"open","template":"","meta":{"_acf_changed":false,"_smort_price_nok":"1196","_smort_price_dkk":"760","_smort_price_eur":"101.81","_smort_sale_price_nok":"","_smort_sale_price_dkk":"","_smort_sale_price_eur":"","smort_restorder":"","shipmondo_restorder":"","_kad_blocks_custom_css":"","_kad_blocks_head_custom_js":"","_kad_blocks_body_custom_js":"","_kad_blocks_footer_custom_js":"","smort_custom_pricelist_1":"636.8","smort_custom_pricelist_2":"636.8","smort_custom_pricelist_3":"636.8","smort_custom_pricelist_4":"796","smort_custom_pricelist_5":"636.8"},"anvandningsomrade":[],"bilmarken":[],"product_brand":[92],"product_cat":[508],"product_tag":[2788],"class_list":{"0":"post-3584","1":"product","2":"type-product","3":"status-publish","4":"has-post-thumbnail","6":"product_brand-briodlights","7":"product_cat-arbetsbelysning","8":"product_tag-black-week-exclude","9":"pa_fargtemperatur-6000k","10":"pa_fuktskydd-varde-ipxx-ip68","11":"pa_godkannande-emc-ece-r10","12":"pa_lampsockel-kontakt-dt","13":"pa_led-chips-effekt-w-690","14":"pa_ljusbild-flood","15":"pa_storlek-mm-142x96x88","16":"pa_volt-v-multivolt-9-12-16-18-24-28-30-32","18":"first","19":"onbackorder","20":"taxable","21":"shipping-taxable","22":"purchasable","23":"product-type-simple"},"bundled_by":[],"bundle_stock_status":"onbackorder","bundle_stock_quantity":0,"bundle_virtual":false,"bundle_layout":"","bundle_add_to_cart_form_location":"","bundle_editable_in_cart":false,"bundle_sold_individually_context":"","bundle_item_grouping":"","bundle_min_size":"","bundle_max_size":"","bundle_price":[],"bundled_items":[],"bundle_sell_ids":[],"acf":[],"yoast_head":"<!-- This site is optimized with the Yoast SEO plugin v27.0 - https:\/\/yoast.com\/product\/yoast-seo-wordpress\/ -->\n<title>BriodLights LED Arbetsbelysning oval med vridbart sidof\u00e4ste - Xenonkungen<\/title>\n<meta name=\"robots\" content=\"index, follow, max-snippet:-1, max-image-preview:large, max-video-preview:-1\" \/>\n<link rel=\"canonical\" href=\"https:\/\/xenonkungen.com\/nl\/product\/briodlights-led-werklamp-ovaal-met-draaibare-zijmontage\/\" \/>\n<meta property=\"og:locale\" content=\"nl_NL\" \/>\n<meta property=\"og:type\" content=\"article\" \/>\n<meta property=\"og:title\" content=\"BriodLights LED Arbetsbelysning oval med vridbart sidof\u00e4ste - Xenonkungen\" \/>\n<meta property=\"og:description\" content=\"BriodLights LED Arbetsbelysning Kraftfull och m\u00e5ngsidig arbetslampa BriodLights LED arbetsbelysning \u00e4r den perfekta l\u00f6sningen f\u00f6r dig som beh\u00f6ver en p\u00e5litlig och kraftfull ljusk\u00e4lla. Med ett 360 graders vridbart sidof\u00e4ste och 8 st 5 W CREE dioder erbjuder denna arbetslampa enast\u00e5ende prestanda och m\u00e5ngsidighet. Arbetslampan har en bred ljusbild (flood) och ger imponerande 2800 lm, vilket [&hellip;]\" \/>\n<meta property=\"og:url\" content=\"https:\/\/xenonkungen.com\/nl\/product\/briodlights-led-werklamp-ovaal-met-draaibare-zijmontage\/\" \/>\n<meta property=\"og:site_name\" content=\"Xenonkungen\" \/>\n<meta property=\"article:modified_time\" content=\"2026-04-10T23:07:03+00:00\" \/>\n<meta property=\"og:image\" content=\"https:\/\/xenonkungen.com\/wp-content\/uploads\/2025\/04\/C00600600_itemimage_mainfront.jpg\" \/>\n\t<meta property=\"og:image:width\" content=\"2048\" \/>\n\t<meta property=\"og:image:height\" content=\"1536\" \/>\n\t<meta property=\"og:image:type\" content=\"image\/jpeg\" \/>\n<meta name=\"twitter:card\" content=\"summary_large_image\" \/>\n<meta name=\"twitter:label1\" content=\"Geschatte leestijd\" \/>\n\t<meta name=\"twitter:data1\" content=\"1 minuut\" \/>\n<script type=\"application\/ld+json\" class=\"yoast-schema-graph\">{\"@context\":\"https:\/\/schema.org\",\"@graph\":[{\"@type\":\"WebPage\",\"@id\":\"https:\/\/xenonkungen.com\/produkt\/briodlights-led-arbetsbelysning-oval-med-vridbart-sidofaste\/\",\"url\":\"https:\/\/xenonkungen.com\/produkt\/briodlights-led-arbetsbelysning-oval-med-vridbart-sidofaste\/\",\"name\":\"BriodLights LED Arbetsbelysning oval med vridbart sidof\u00e4ste - Xenonkungen\",\"isPartOf\":{\"@id\":\"https:\/\/xenonkungen.com\/#website\"},\"primaryImageOfPage\":{\"@id\":\"https:\/\/xenonkungen.com\/produkt\/briodlights-led-arbetsbelysning-oval-med-vridbart-sidofaste\/#primaryimage\"},\"image\":{\"@id\":\"https:\/\/xenonkungen.com\/produkt\/briodlights-led-arbetsbelysning-oval-med-vridbart-sidofaste\/#primaryimage\"},\"thumbnailUrl\":\"https:\/\/xenonkungen.com\/wp-content\/uploads\/2025\/04\/C00600600_itemimage_mainfront.jpg\",\"datePublished\":\"2025-04-15T08:59:14+00:00\",\"dateModified\":\"2026-04-10T23:07:03+00:00\",\"breadcrumb\":{\"@id\":\"https:\/\/xenonkungen.com\/produkt\/briodlights-led-arbetsbelysning-oval-med-vridbart-sidofaste\/#breadcrumb\"},\"inLanguage\":\"nl-NL\",\"potentialAction\":[{\"@type\":\"ReadAction\",\"target\":[\"https:\/\/xenonkungen.com\/produkt\/briodlights-led-arbetsbelysning-oval-med-vridbart-sidofaste\/\"]}]},{\"@type\":\"ImageObject\",\"inLanguage\":\"nl-NL\",\"@id\":\"https:\/\/xenonkungen.com\/produkt\/briodlights-led-arbetsbelysning-oval-med-vridbart-sidofaste\/#primaryimage\",\"url\":\"https:\/\/xenonkungen.com\/wp-content\/uploads\/2025\/04\/C00600600_itemimage_mainfront.jpg\",\"contentUrl\":\"https:\/\/xenonkungen.com\/wp-content\/uploads\/2025\/04\/C00600600_itemimage_mainfront.jpg\",\"width\":2048,\"height\":1536},{\"@type\":\"BreadcrumbList\",\"@id\":\"https:\/\/xenonkungen.com\/produkt\/briodlights-led-arbetsbelysning-oval-med-vridbart-sidofaste\/#breadcrumb\",\"itemListElement\":[{\"@type\":\"ListItem\",\"position\":1,\"name\":\"Hem\",\"item\":\"https:\/\/xenonkungen.com\/\"},{\"@type\":\"ListItem\",\"position\":2,\"name\":\"Shop\",\"item\":\"https:\/\/xenonkungen.com\/shop\/\"},{\"@type\":\"ListItem\",\"position\":3,\"name\":\"BriodLights LED Arbetsbelysning oval med vridbart sidof\u00e4ste\"}]},{\"@type\":\"WebSite\",\"@id\":\"https:\/\/xenonkungen.com\/#website\",\"url\":\"https:\/\/xenonkungen.com\/\",\"name\":\"Xenonkungen\",\"description\":\"\",\"potentialAction\":[{\"@type\":\"SearchAction\",\"target\":{\"@type\":\"EntryPoint\",\"urlTemplate\":\"https:\/\/xenonkungen.com\/?s={search_term_string}\"},\"query-input\":{\"@type\":\"PropertyValueSpecification\",\"valueRequired\":true,\"valueName\":\"search_term_string\"}}],\"inLanguage\":\"nl-NL\"}]}<\/script>\n<!-- \/ Yoast SEO plugin. -->","yoast_head_json":{"title":"BriodLights LED-werklamp ovaal met draaibare zijbeugel - Xenonkungen","robots":{"index":"index","follow":"follow","max-snippet":"max-snippet:-1","max-image-preview":"max-image-preview:large","max-video-preview":"max-video-preview:-1"},"canonical":"https:\/\/xenonkungen.com\/nl\/product\/briodlights-led-werklamp-ovaal-met-draaibare-zijmontage\/","og_locale":"nl_NL","og_type":"article","og_title":"BriodLights LED Arbetsbelysning oval med vridbart sidof\u00e4ste - Xenonkungen","og_description":"BriodLights LED Arbetsbelysning Kraftfull och m\u00e5ngsidig arbetslampa BriodLights LED arbetsbelysning \u00e4r den perfekta l\u00f6sningen f\u00f6r dig som beh\u00f6ver en p\u00e5litlig och kraftfull ljusk\u00e4lla. Med ett 360 graders vridbart sidof\u00e4ste och 8 st 5 W CREE dioder erbjuder denna arbetslampa enast\u00e5ende prestanda och m\u00e5ngsidighet. Arbetslampan har en bred ljusbild (flood) och ger imponerande 2800 lm, vilket [&hellip;]","og_url":"https:\/\/xenonkungen.com\/nl\/product\/briodlights-led-werklamp-ovaal-met-draaibare-zijmontage\/","og_site_name":"Xenonkungen","article_modified_time":"2026-04-10T23:07:03+00:00","og_image":[{"width":2048,"height":1536,"url":"https:\/\/xenonkungen.com\/wp-content\/uploads\/2025\/04\/C00600600_itemimage_mainfront.jpg","type":"image\/jpeg"}],"twitter_card":"summary_large_image","twitter_misc":{"Geschatte leestijd":"1 minuut"},"schema":{"@context":"https:\/\/schema.org","@graph":[{"@type":"WebPage","@id":"https:\/\/xenonkungen.com\/produkt\/briodlights-led-arbetsbelysning-oval-med-vridbart-sidofaste\/","url":"https:\/\/xenonkungen.com\/produkt\/briodlights-led-arbetsbelysning-oval-med-vridbart-sidofaste\/","name":"BriodLights LED-werklamp ovaal met draaibare zijbeugel - Xenonkungen","isPartOf":{"@id":"https:\/\/xenonkungen.com\/#website"},"primaryImageOfPage":{"@id":"https:\/\/xenonkungen.com\/produkt\/briodlights-led-arbetsbelysning-oval-med-vridbart-sidofaste\/#primaryimage"},"image":{"@id":"https:\/\/xenonkungen.com\/produkt\/briodlights-led-arbetsbelysning-oval-med-vridbart-sidofaste\/#primaryimage"},"thumbnailUrl":"https:\/\/xenonkungen.com\/wp-content\/uploads\/2025\/04\/C00600600_itemimage_mainfront.jpg","datePublished":"2025-04-15T08:59:14+00:00","dateModified":"2026-04-10T23:07:03+00:00","breadcrumb":{"@id":"https:\/\/xenonkungen.com\/produkt\/briodlights-led-arbetsbelysning-oval-med-vridbart-sidofaste\/#breadcrumb"},"inLanguage":"nl-NL","potentialAction":[{"@type":"ReadAction","target":["https:\/\/xenonkungen.com\/produkt\/briodlights-led-arbetsbelysning-oval-med-vridbart-sidofaste\/"]}]},{"@type":"ImageObject","inLanguage":"nl-NL","@id":"https:\/\/xenonkungen.com\/produkt\/briodlights-led-arbetsbelysning-oval-med-vridbart-sidofaste\/#primaryimage","url":"https:\/\/xenonkungen.com\/wp-content\/uploads\/2025\/04\/C00600600_itemimage_mainfront.jpg","contentUrl":"https:\/\/xenonkungen.com\/wp-content\/uploads\/2025\/04\/C00600600_itemimage_mainfront.jpg","width":2048,"height":1536},{"@type":"BreadcrumbList","@id":"https:\/\/xenonkungen.com\/produkt\/briodlights-led-arbetsbelysning-oval-med-vridbart-sidofaste\/#breadcrumb","itemListElement":[{"@type":"ListItem","position":1,"name":"Hem","item":"https:\/\/xenonkungen.com\/"},{"@type":"ListItem","position":2,"name":"Shop","item":"https:\/\/xenonkungen.com\/shop\/"},{"@type":"ListItem","position":3,"name":"BriodLights LED Arbetsbelysning oval med vridbart sidof\u00e4ste"}]},{"@type":"WebSite","@id":"https:\/\/xenonkungen.com\/#website","url":"https:\/\/xenonkungen.com\/","name":"Xenonkungen","description":"","potentialAction":[{"@type":"SearchAction","target":{"@type":"EntryPoint","urlTemplate":"https:\/\/xenonkungen.com\/?s={search_term_string}"},"query-input":{"@type":"PropertyValueSpecification","valueRequired":true,"valueName":"search_term_string"}}],"inLanguage":"nl-NL"}]}},"taxonomy_info":{"product_brand":[{"value":92,"label":"Briodlights"}],"product_cat":[{"value":508,"label":"Arbetsbelysning"}],"product_tag":[{"value":2788,"label":"black-week-exclude"}],"pa_fargtemperatur":[{"value":188,"label":"6000K"}],"pa_fuktskydd-varde-ipxx":[{"value":177,"label":"IP68"}],"pa_godkannande":[{"value":1174,"label":"EMC, ECE, R10"}],"pa_lampsockel-kontakt":[{"value":329,"label":"DT"}],"pa_led-chips-effekt-w":[{"value":690,"label":"40"}],"pa_ljusbild":[{"value":503,"label":"FLOOD"}],"pa_storlek-mm":[{"value":1175,"label":"142x96x88"}],"pa_volt-v":[{"value":521,"label":"Multivolt, 9, 12, 16, 18, 24, 28, 30, 32"}]},"featured_image_src_large":["https:\/\/xenonkungen.com\/wp-content\/uploads\/2025\/04\/C00600600_itemimage_mainfront-1024x768.jpg",1024,768,true],"author_info":[],"comment_info":0,"_links":{"self":[{"href":"https:\/\/xenonkungen.com\/nl\/wp-json\/wp\/v2\/product\/3584","targetHints":{"allow":["GET"]}}],"collection":[{"href":"https:\/\/xenonkungen.com\/nl\/wp-json\/wp\/v2\/product"}],"about":[{"href":"https:\/\/xenonkungen.com\/nl\/wp-json\/wp\/v2\/types\/product"}],"replies":[{"embeddable":true,"href":"https:\/\/xenonkungen.com\/nl\/wp-json\/wp\/v2\/comments?post=3584"}],"wp:featuredmedia":[{"embeddable":true,"href":"https:\/\/xenonkungen.com\/nl\/wp-json\/wp\/v2\/media\/3585"}],"wp:attachment":[{"href":"https:\/\/xenonkungen.com\/nl\/wp-json\/wp\/v2\/media?parent=3584"}],"wp:term":[{"taxonomy":"anvandningsomrade","embeddable":true,"href":"https:\/\/xenonkungen.com\/nl\/wp-json\/wp\/v2\/anvandningsomrade?post=3584"},{"taxonomy":"bilmarken","embeddable":true,"href":"https:\/\/xenonkungen.com\/nl\/wp-json\/wp\/v2\/bilmarken?post=3584"},{"taxonomy":"product_brand","embeddable":true,"href":"https:\/\/xenonkungen.com\/nl\/wp-json\/wp\/v2\/product_brand?post=3584"},{"taxonomy":"product_cat","embeddable":true,"href":"https:\/\/xenonkungen.com\/nl\/wp-json\/wp\/v2\/product_cat?post=3584"},{"taxonomy":"product_tag","embeddable":true,"href":"https:\/\/xenonkungen.com\/nl\/wp-json\/wp\/v2\/product_tag?post=3584"}],"curies":[{"name":"wp","href":"https:\/\/api.w.org\/{rel}","templated":true}]}}