{"id":3606,"date":"2025-04-15T08:59:55","date_gmt":"2025-04-15T08:59:55","guid":{"rendered":"https:\/\/xenonkungen.com\/product\/briodlights-edge-led-extraljusramp-9-224-mm-vinklad\/"},"modified":"2026-04-24T16:51:32","modified_gmt":"2026-04-24T15:51:32","slug":"briodlights-edge-led-hulplichtbalk-9-224-mm-schuin","status":"publish","type":"product","link":"https:\/\/xenonkungen.com\/nl\/product\/briodlights-edge-led-hulplichtbalk-9-224-mm-schuin\/","title":{"rendered":"BriodLights Edge LED hulplichtbalk 9\u2033 (224 mm) gehoekt"},"content":{"rendered":"<h1>BriodLights Edge extra lichtbalk met schuine voorkant<\/h1>\n<p>De BriodLights Edge extra lichtbalk is een revolutie in voertuigverlichting met zijn schuine voorkant die een aerodynamisch profiel cre\u00ebert. Het ontwerp elimineert niet alleen de luchtweerstand, maar helpt ook vuil en sneeuw af te weren. Deze slanke lichtbalk maakt een discrete indruk met zijn minimale afmetingen en donkere uiterlijk, waardoor hij een perfecte aanvulling is op elk voertuig.<\/p>\n<h2>Indrukwekkend licht<\/h2>\n<p>De Edge-hulplichtbalk tilt voertuigverlichting naar een nieuw niveau met zijn baanbrekende optica. Er wordt indrukwekkend licht op en langs de weg geprojecteerd, precies waar het nodig is, om de zichtbaarheid en veiligheid te verbeteren.<\/p>\n<h2>Flexibele montage<\/h2>\n<p>De oprit wordt geleverd met zij- en achterbeugels (boven\/onder) die over de gehele lengte van de oprit verstelbaar zijn. Zo kun je de oprit eenvoudig precies op de gewenste plek installeren voor optimale verlichting.<\/p>\n<h2>Certificeringen<\/h2>\n<p>Deze lichtbalk is gecertificeerd volgens CE, ECE R10, R112 en heeft een IP-classificatie van IP69K, wat betekent dat hij stof- en waterdicht is. Hij is bovendien E-goedgekeurd, wat bevestigt dat het product voldoet aan de minimumeisen van de EU op het gebied van veiligheid, gezondheid en milieubescherming.<\/p>\n<h2>3 jaar functionele garantie<\/h2>\n<p>Om u extra gemoedsrust te geven, wordt de BriodLights Edge extra lichtbalk geleverd met 3 jaar functionele garantie.<\/p>","protected":false},"excerpt":{"rendered":"<p>BriodLights Edge Extraljusramp med Vinklad Front BriodLights Edge extraljusramp \u00e4r en revolution inom fordonsbelysning med sin vinklade front som ger en aerodynamisk profil. Designen eliminerar inte bara luftmotst\u00e5nd, men hj\u00e4lper ocks\u00e5 till att avvisa smuts och sn\u00f6. Denna slimmade ljusramp skapar ett diskret intryck med sina minimala m\u00e5tt och m\u00f6rka framtoning, vilket g\u00f6r den till [&hellip;]<\/p>","protected":false},"featured_media":3607,"comment_status":"closed","ping_status":"open","template":"","meta":{"_acf_changed":false,"_smort_price_nok":"2531","_smort_price_dkk":"1608","_smort_price_eur":"215.44","_smort_sale_price_nok":"","_smort_sale_price_dkk":"","_smort_sale_price_eur":"","smort_restorder":"","shipmondo_restorder":"","_kad_blocks_custom_css":"","_kad_blocks_head_custom_js":"","_kad_blocks_body_custom_js":"","_kad_blocks_footer_custom_js":"","smort_custom_pricelist_1":"1278.72","smort_custom_pricelist_2":"1278.72","smort_custom_pricelist_3":"1278.72","smort_custom_pricelist_4":"1598.4","smort_custom_pricelist_5":"1278.72"},"anvandningsomrade":[],"bilmarken":[],"product_brand":[92],"product_cat":[2966,2539],"product_tag":[2788],"class_list":{"0":"post-3606","1":"product","2":"type-product","3":"status-publish","4":"has-post-thumbnail","6":"product_brand-briodlights","7":"product_cat-ledramp-rak","8":"product_cat-ledramper","9":"product_tag-black-week-exclude","10":"pa_fargtemperatur-5000k","11":"pa_fuktskydd-varde-ipxx-ip69k","12":"pa_godkannande-e-markt-ce-ece-r10-r112","13":"pa_lampsockel-kontakt-dt","14":"pa_led-chips-effekt-w-1186","15":"pa_ljusbild-spot","16":"pa_storlek-mm-224x385x67","17":"pa_stromforbrukning-167a24v","18":"pa_stromforbrukning-235a12v","19":"pa_volt-v-12-24","21":"first","22":"onbackorder","23":"taxable","24":"shipping-taxable","25":"purchasable","26":"product-type-simple"},"bundled_by":[],"bundle_stock_status":"onbackorder","bundle_stock_quantity":0,"bundle_virtual":false,"bundle_layout":"","bundle_add_to_cart_form_location":"","bundle_editable_in_cart":false,"bundle_sold_individually_context":"","bundle_item_grouping":"","bundle_min_size":"","bundle_max_size":"","bundle_price":[],"bundled_items":[],"bundle_sell_ids":[],"acf":[],"yoast_head":"<!-- This site is optimized with the Yoast SEO plugin v27.0 - https:\/\/yoast.com\/product\/yoast-seo-wordpress\/ -->\n<title>BriodLights Edge LED extraljusramp 9&quot; (224 mm) vinklad - Xenonkungen<\/title>\n<meta name=\"robots\" content=\"index, follow, max-snippet:-1, max-image-preview:large, max-video-preview:-1\" \/>\n<link rel=\"canonical\" href=\"https:\/\/xenonkungen.com\/nl\/product\/briodlights-edge-led-hulplichtbalk-9-224-mm-schuin\/\" \/>\n<meta property=\"og:locale\" content=\"nl_NL\" \/>\n<meta property=\"og:type\" content=\"article\" \/>\n<meta property=\"og:title\" content=\"BriodLights Edge LED extraljusramp 9&quot; (224 mm) vinklad - Xenonkungen\" \/>\n<meta property=\"og:description\" content=\"BriodLights Edge Extraljusramp med Vinklad Front BriodLights Edge extraljusramp \u00e4r en revolution inom fordonsbelysning med sin vinklade front som ger en aerodynamisk profil. Designen eliminerar inte bara luftmotst\u00e5nd, men hj\u00e4lper ocks\u00e5 till att avvisa smuts och sn\u00f6. Denna slimmade ljusramp skapar ett diskret intryck med sina minimala m\u00e5tt och m\u00f6rka framtoning, vilket g\u00f6r den till [&hellip;]\" \/>\n<meta property=\"og:url\" content=\"https:\/\/xenonkungen.com\/nl\/product\/briodlights-edge-led-hulplichtbalk-9-224-mm-schuin\/\" \/>\n<meta property=\"og:site_name\" content=\"Xenonkungen\" \/>\n<meta property=\"article:modified_time\" content=\"2026-04-24T15:51:32+00:00\" \/>\n<meta property=\"og:image\" content=\"https:\/\/xenonkungen.com\/wp-content\/uploads\/2025\/04\/275-63001_itemimage_2.jpg\" \/>\n\t<meta property=\"og:image:width\" content=\"2048\" \/>\n\t<meta property=\"og:image:height\" content=\"1537\" \/>\n\t<meta property=\"og:image:type\" content=\"image\/jpeg\" \/>\n<meta name=\"twitter:card\" content=\"summary_large_image\" \/>\n<meta name=\"twitter:label1\" content=\"Geschatte leestijd\" \/>\n\t<meta name=\"twitter:data1\" content=\"1 minuut\" \/>\n<script type=\"application\/ld+json\" class=\"yoast-schema-graph\">{\"@context\":\"https:\/\/schema.org\",\"@graph\":[{\"@type\":\"WebPage\",\"@id\":\"https:\/\/xenonkungen.com\/produkt\/briodlights-edge-led-extraljusramp-9-224-mm-vinklad\/\",\"url\":\"https:\/\/xenonkungen.com\/produkt\/briodlights-edge-led-extraljusramp-9-224-mm-vinklad\/\",\"name\":\"BriodLights Edge LED extraljusramp 9\\\" (224 mm) vinklad - Xenonkungen\",\"isPartOf\":{\"@id\":\"https:\/\/xenonkungen.com\/#website\"},\"primaryImageOfPage\":{\"@id\":\"https:\/\/xenonkungen.com\/produkt\/briodlights-edge-led-extraljusramp-9-224-mm-vinklad\/#primaryimage\"},\"image\":{\"@id\":\"https:\/\/xenonkungen.com\/produkt\/briodlights-edge-led-extraljusramp-9-224-mm-vinklad\/#primaryimage\"},\"thumbnailUrl\":\"https:\/\/xenonkungen.com\/wp-content\/uploads\/2025\/04\/275-63001_itemimage_2.jpg\",\"datePublished\":\"2025-04-15T08:59:55+00:00\",\"dateModified\":\"2026-04-24T15:51:32+00:00\",\"breadcrumb\":{\"@id\":\"https:\/\/xenonkungen.com\/produkt\/briodlights-edge-led-extraljusramp-9-224-mm-vinklad\/#breadcrumb\"},\"inLanguage\":\"nl-NL\",\"potentialAction\":[{\"@type\":\"ReadAction\",\"target\":[\"https:\/\/xenonkungen.com\/produkt\/briodlights-edge-led-extraljusramp-9-224-mm-vinklad\/\"]}]},{\"@type\":\"ImageObject\",\"inLanguage\":\"nl-NL\",\"@id\":\"https:\/\/xenonkungen.com\/produkt\/briodlights-edge-led-extraljusramp-9-224-mm-vinklad\/#primaryimage\",\"url\":\"https:\/\/xenonkungen.com\/wp-content\/uploads\/2025\/04\/275-63001_itemimage_2.jpg\",\"contentUrl\":\"https:\/\/xenonkungen.com\/wp-content\/uploads\/2025\/04\/275-63001_itemimage_2.jpg\",\"width\":2048,\"height\":1537},{\"@type\":\"BreadcrumbList\",\"@id\":\"https:\/\/xenonkungen.com\/produkt\/briodlights-edge-led-extraljusramp-9-224-mm-vinklad\/#breadcrumb\",\"itemListElement\":[{\"@type\":\"ListItem\",\"position\":1,\"name\":\"Hem\",\"item\":\"https:\/\/xenonkungen.com\/\"},{\"@type\":\"ListItem\",\"position\":2,\"name\":\"Shop\",\"item\":\"https:\/\/xenonkungen.com\/shop\/\"},{\"@type\":\"ListItem\",\"position\":3,\"name\":\"BriodLights Edge LED extraljusramp 9&#8243; (224 mm) vinklad\"}]},{\"@type\":\"WebSite\",\"@id\":\"https:\/\/xenonkungen.com\/#website\",\"url\":\"https:\/\/xenonkungen.com\/\",\"name\":\"Xenonkungen\",\"description\":\"\",\"potentialAction\":[{\"@type\":\"SearchAction\",\"target\":{\"@type\":\"EntryPoint\",\"urlTemplate\":\"https:\/\/xenonkungen.com\/?s={search_term_string}\"},\"query-input\":{\"@type\":\"PropertyValueSpecification\",\"valueRequired\":true,\"valueName\":\"search_term_string\"}}],\"inLanguage\":\"nl-NL\"}]}<\/script>\n<!-- \/ Yoast SEO plugin. -->","yoast_head_json":{"title":"BriodLights Edge LED-hulplichtbalk 9&quot; (224 mm) schuin - Xenonkungen","robots":{"index":"index","follow":"follow","max-snippet":"max-snippet:-1","max-image-preview":"max-image-preview:large","max-video-preview":"max-video-preview:-1"},"canonical":"https:\/\/xenonkungen.com\/nl\/product\/briodlights-edge-led-hulplichtbalk-9-224-mm-schuin\/","og_locale":"nl_NL","og_type":"article","og_title":"BriodLights Edge LED extraljusramp 9\" (224 mm) vinklad - Xenonkungen","og_description":"BriodLights Edge Extraljusramp med Vinklad Front BriodLights Edge extraljusramp \u00e4r en revolution inom fordonsbelysning med sin vinklade front som ger en aerodynamisk profil. Designen eliminerar inte bara luftmotst\u00e5nd, men hj\u00e4lper ocks\u00e5 till att avvisa smuts och sn\u00f6. Denna slimmade ljusramp skapar ett diskret intryck med sina minimala m\u00e5tt och m\u00f6rka framtoning, vilket g\u00f6r den till [&hellip;]","og_url":"https:\/\/xenonkungen.com\/nl\/product\/briodlights-edge-led-hulplichtbalk-9-224-mm-schuin\/","og_site_name":"Xenonkungen","article_modified_time":"2026-04-24T15:51:32+00:00","og_image":[{"width":2048,"height":1537,"url":"https:\/\/xenonkungen.com\/wp-content\/uploads\/2025\/04\/275-63001_itemimage_2.jpg","type":"image\/jpeg"}],"twitter_card":"summary_large_image","twitter_misc":{"Geschatte leestijd":"1 minuut"},"schema":{"@context":"https:\/\/schema.org","@graph":[{"@type":"WebPage","@id":"https:\/\/xenonkungen.com\/produkt\/briodlights-edge-led-extraljusramp-9-224-mm-vinklad\/","url":"https:\/\/xenonkungen.com\/produkt\/briodlights-edge-led-extraljusramp-9-224-mm-vinklad\/","name":"BriodLights Edge LED-hulplichtbalk 9&quot; (224 mm) schuin - Xenonkungen","isPartOf":{"@id":"https:\/\/xenonkungen.com\/#website"},"primaryImageOfPage":{"@id":"https:\/\/xenonkungen.com\/produkt\/briodlights-edge-led-extraljusramp-9-224-mm-vinklad\/#primaryimage"},"image":{"@id":"https:\/\/xenonkungen.com\/produkt\/briodlights-edge-led-extraljusramp-9-224-mm-vinklad\/#primaryimage"},"thumbnailUrl":"https:\/\/xenonkungen.com\/wp-content\/uploads\/2025\/04\/275-63001_itemimage_2.jpg","datePublished":"2025-04-15T08:59:55+00:00","dateModified":"2026-04-24T15:51:32+00:00","breadcrumb":{"@id":"https:\/\/xenonkungen.com\/produkt\/briodlights-edge-led-extraljusramp-9-224-mm-vinklad\/#breadcrumb"},"inLanguage":"nl-NL","potentialAction":[{"@type":"ReadAction","target":["https:\/\/xenonkungen.com\/produkt\/briodlights-edge-led-extraljusramp-9-224-mm-vinklad\/"]}]},{"@type":"ImageObject","inLanguage":"nl-NL","@id":"https:\/\/xenonkungen.com\/produkt\/briodlights-edge-led-extraljusramp-9-224-mm-vinklad\/#primaryimage","url":"https:\/\/xenonkungen.com\/wp-content\/uploads\/2025\/04\/275-63001_itemimage_2.jpg","contentUrl":"https:\/\/xenonkungen.com\/wp-content\/uploads\/2025\/04\/275-63001_itemimage_2.jpg","width":2048,"height":1537},{"@type":"BreadcrumbList","@id":"https:\/\/xenonkungen.com\/produkt\/briodlights-edge-led-extraljusramp-9-224-mm-vinklad\/#breadcrumb","itemListElement":[{"@type":"ListItem","position":1,"name":"Hem","item":"https:\/\/xenonkungen.com\/"},{"@type":"ListItem","position":2,"name":"Shop","item":"https:\/\/xenonkungen.com\/shop\/"},{"@type":"ListItem","position":3,"name":"BriodLights Edge LED extraljusramp 9&#8243; (224 mm) vinklad"}]},{"@type":"WebSite","@id":"https:\/\/xenonkungen.com\/#website","url":"https:\/\/xenonkungen.com\/","name":"Xenonkungen","description":"","potentialAction":[{"@type":"SearchAction","target":{"@type":"EntryPoint","urlTemplate":"https:\/\/xenonkungen.com\/?s={search_term_string}"},"query-input":{"@type":"PropertyValueSpecification","valueRequired":true,"valueName":"search_term_string"}}],"inLanguage":"nl-NL"}]}},"taxonomy_info":{"product_brand":[{"value":92,"label":"Briodlights"}],"product_cat":[{"value":2966,"label":"Ledramp Rak"},{"value":2539,"label":"LEDRAMPER"}],"product_tag":[{"value":2788,"label":"black-week-exclude"}],"pa_fargtemperatur":[{"value":154,"label":"5000K"}],"pa_fuktskydd-varde-ipxx":[{"value":155,"label":"IP69K"}],"pa_godkannande":[{"value":1188,"label":"E-M\u00e4rkt, CE, ECE, R10, R112"}],"pa_lampsockel-kontakt":[{"value":329,"label":"DT"}],"pa_led-chips-effekt-w":[{"value":1186,"label":"31"}],"pa_ljusbild":[{"value":1177,"label":"Spot"}],"pa_storlek-mm":[{"value":1185,"label":"224x38,5x67"}],"pa_stromforbrukning":[{"value":1094,"label":"1,67A@24V"},{"value":1187,"label":"2,35A@12V"}],"pa_volt-v":[{"value":348,"label":"12, 24"}]},"featured_image_src_large":["https:\/\/xenonkungen.com\/wp-content\/uploads\/2025\/04\/275-63001_itemimage_2-1024x769.jpg",1024,769,true],"author_info":[],"comment_info":0,"_links":{"self":[{"href":"https:\/\/xenonkungen.com\/nl\/wp-json\/wp\/v2\/product\/3606","targetHints":{"allow":["GET"]}}],"collection":[{"href":"https:\/\/xenonkungen.com\/nl\/wp-json\/wp\/v2\/product"}],"about":[{"href":"https:\/\/xenonkungen.com\/nl\/wp-json\/wp\/v2\/types\/product"}],"replies":[{"embeddable":true,"href":"https:\/\/xenonkungen.com\/nl\/wp-json\/wp\/v2\/comments?post=3606"}],"wp:featuredmedia":[{"embeddable":true,"href":"https:\/\/xenonkungen.com\/nl\/wp-json\/wp\/v2\/media\/3607"}],"wp:attachment":[{"href":"https:\/\/xenonkungen.com\/nl\/wp-json\/wp\/v2\/media?parent=3606"}],"wp:term":[{"taxonomy":"anvandningsomrade","embeddable":true,"href":"https:\/\/xenonkungen.com\/nl\/wp-json\/wp\/v2\/anvandningsomrade?post=3606"},{"taxonomy":"bilmarken","embeddable":true,"href":"https:\/\/xenonkungen.com\/nl\/wp-json\/wp\/v2\/bilmarken?post=3606"},{"taxonomy":"product_brand","embeddable":true,"href":"https:\/\/xenonkungen.com\/nl\/wp-json\/wp\/v2\/product_brand?post=3606"},{"taxonomy":"product_cat","embeddable":true,"href":"https:\/\/xenonkungen.com\/nl\/wp-json\/wp\/v2\/product_cat?post=3606"},{"taxonomy":"product_tag","embeddable":true,"href":"https:\/\/xenonkungen.com\/nl\/wp-json\/wp\/v2\/product_tag?post=3606"}],"curies":[{"name":"wp","href":"https:\/\/api.w.org\/{rel}","templated":true}]}}