{"id":3670,"date":"2025-04-15T09:01:29","date_gmt":"2025-04-15T09:01:29","guid":{"rendered":"https:\/\/xenonkungen.com\/product\/40w-canbus-xenonkit-12v\/"},"modified":"2026-04-11T04:44:24","modified_gmt":"2026-04-11T03:44:24","slug":"40w-canbus-xenon-kit-12v","status":"publish","type":"product","link":"https:\/\/xenonkungen.com\/nl\/product\/40w-canbus-xenon-kit-12v\/","title":{"rendered":"40W Canbus Xenon Kit | 12V"},"content":{"rendered":"<h1>Premium 40W Xenon-kit<\/h1>\n<p>Exclusief bij Xenonkungen voor auto&#039;s met of zonder Can-bus lichtbewaking. Zowel ballast als lampen zijn van het type High Brightness met een hogere lichtsterkte.<\/p>\n<p>De meegeleverde ballast HNS-4C heeft een vermogen van 40W (effectief ~39W), vergeleken met de marktstandaard van 35W (wat in de praktijk meestal 28-32W oplevert).<\/p>\n<p>Een uniek kenmerk van de HNS-4C is dat hij geschikt is voor alle xenonlampen, inclusief loodvrije (D1\/D2\/D3\/D4). Hiervoor zijn echter speciale kabels nodig en in dit kader wordt de geavanceerde technologie van de HNS-4C gedemonstreerd.<\/p>\n<p><strong>Ge\u00efntroduceerd in augustus 2017<\/strong>De HNS-4C vervangt de uitstekende maar niet meer leverbare HNS-C35 ballast van de fabrikant, die zijn operationele betrouwbaarheid al jaren bewijst.<\/p>\n<p>Ballast: HNS-4C<br \/>\nVermogen: 40W (~39W), 42V\/85V AC<br \/>\nVolt: 9-16V DC<br \/>\nGebruiksomgeving: -40 tot +85<\/p>\n<p><strong>Optionele lampvoet:<\/strong><br \/>\nH1<br \/>\nH3<br \/>\nH7 (projectorlens of grootlicht)<br \/>\nH7R (reflector dimlicht)<br \/>\nH9 (H8\/H11)<br \/>\n9005 (HB3\/HIR1\/9011\/H10)<br \/>\n9006 (HB4\/HIR2\/9012)<\/p>\n<p>Kleurtemperatuur (K = Kelvin) en lichtstroom (lumen):<br \/>\n<strong>4300K<\/strong> = 3500\u00b1150 lm, Standaard wit<br \/>\n<strong>5000K<\/strong>~5500K = 3400\u00b1100 lm, helder wit<br \/>\n<strong>6000K<\/strong> = 3000\u00b1100 lm, Diamantwit<br \/>\nWerkelijke waarden volgens spectroanalyse.<br \/>\n- Wij raden 4300K aan.<\/p>\n<p>Complete xenonset voor het ombouwen van bijvoorbeeld dimlicht of mistlicht van links naar rechts. Zie de hogere vermogens 50-60W als u grootlicht wilt ombouwen.<\/p>\n<p><strong>Inhoud:<\/strong><br \/>\n2 stuks ballast HNS-4C<br \/>\n2 stuks Xenonlampen<\/p>\n<p><strong>Voorraadstatus<\/strong><br \/>\nDeze kit bestaat uit twee afzonderlijke artikelen. U kunt de voorraadstatus van specifieke lampen\/kleuren en ballasten bekijken onder elke categorie\/artikel.<\/p>\n<p>Heeft uw auto wellicht speciale accessoires nodig (zie Lampenhouder)?<\/p>\n<p><strong>Garantie 3 jaar Ballast<\/strong> | 1 jaar Lamp<\/p>\n<p><strong>LET OP: Bij sommige Saabs van latere modeljaren hebben wij meldingen ontvangen dat het gevoelige elektrische systeem van de auto tijdens de montage beschadigd is geraakt.<br \/>\nWij raden daarom af om deze auto&#039;s te laten ombouwen met Xenon en vergoeden geen reparatiekosten als er problemen met uw auto ontstaan. Voor meer informatie kunt u contact opnemen met onze support via 0300-30860.<\/strong><\/p>","protected":false},"excerpt":{"rendered":"<p>Premium 40W Xenonkit Exklusivt hos Xenonkungen f\u00f6r bilar med eller utan Can-bus ljus\u00f6vervakning. B\u00e5de ballast och lampor \u00e4r av typ High brightness med h\u00f6gre ljusstyrka. Ing\u00e5ende ballast HNS-4C har effekt 40W (effektivt ~39W) j\u00e4mf\u00f6rt marknadsstandard 35W (som i praktiken oftast ger 28-32W). En unik egenskap med HNS-4C \u00e4r att den kan driva alla xenonlampor, \u00e4ven [&hellip;]<\/p>","protected":false},"featured_media":25923,"comment_status":"closed","ping_status":"closed","template":"","meta":{"_acf_changed":false,"_smort_price_nok":"956","_smort_price_dkk":"607","_smort_price_eur":"81.36","_smort_sale_price_nok":"","_smort_sale_price_dkk":"","_smort_sale_price_eur":"","smort_restorder":"","shipmondo_restorder":"","_kad_blocks_custom_css":"","_kad_blocks_head_custom_js":"","_kad_blocks_body_custom_js":"","_kad_blocks_footer_custom_js":"","smort_custom_pricelist_1":"572.8","smort_custom_pricelist_2":"501.2","smort_custom_pricelist_3":"476.14","smort_custom_pricelist_4":"716","smort_custom_pricelist_5":"501.2"},"anvandningsomrade":[],"bilmarken":[],"product_brand":[],"product_cat":[2485],"product_tag":[],"class_list":{"0":"post-3670","1":"product","2":"type-product","3":"status-publish","4":"has-post-thumbnail","6":"product_cat-xenonkonventering","7":"pa_faktisk-effekts-forbrukning-751","8":"pa_fargtemperatur-5000k","9":"pa_fargtemperatur-6000k","10":"pa_fargtemperatur-4300k","11":"pa_lampsockel-kontakt-h7","12":"pa_lampsockel-kontakt-h9","13":"pa_lampsockel-kontakt-9005-hb3","14":"pa_lampsockel-kontakt-9006-hb4","15":"pa_lampsockel-kontakt-h1","16":"pa_lampsockel-kontakt-h3","17":"pa_lampsockel-kontakt-h7r","18":"pa_led-chips-effekt-w-690","19":"pa_volt-v-159","21":"first","22":"onbackorder","23":"taxable","24":"shipping-taxable","25":"purchasable","26":"product-type-variable"},"bundled_by":[],"bundle_stock_status":"onbackorder","bundle_stock_quantity":-290,"bundle_virtual":false,"bundle_layout":"","bundle_add_to_cart_form_location":"","bundle_editable_in_cart":false,"bundle_sold_individually_context":"","bundle_item_grouping":"","bundle_min_size":"","bundle_max_size":"","bundle_price":[],"bundled_items":[],"bundle_sell_ids":[],"acf":[],"yoast_head":"<!-- This site is optimized with the Yoast SEO plugin v27.0 - https:\/\/yoast.com\/product\/yoast-seo-wordpress\/ -->\n<title>40W Canbus Xenonkit | 12V - Xenonkungen<\/title>\n<meta name=\"robots\" content=\"index, follow, max-snippet:-1, max-image-preview:large, max-video-preview:-1\" \/>\n<link rel=\"canonical\" href=\"https:\/\/xenonkungen.com\/nl\/product\/40w-canbus-xenon-kit-12v\/\" \/>\n<meta property=\"og:locale\" content=\"nl_NL\" \/>\n<meta property=\"og:type\" content=\"article\" \/>\n<meta property=\"og:title\" content=\"40W Canbus Xenonkit | 12V - Xenonkungen\" \/>\n<meta property=\"og:description\" content=\"Premium 40W Xenonkit Exklusivt hos Xenonkungen f\u00f6r bilar med eller utan Can-bus ljus\u00f6vervakning. B\u00e5de ballast och lampor \u00e4r av typ High brightness med h\u00f6gre ljusstyrka. Ing\u00e5ende ballast HNS-4C har effekt 40W (effektivt ~39W) j\u00e4mf\u00f6rt marknadsstandard 35W (som i praktiken oftast ger 28-32W). En unik egenskap med HNS-4C \u00e4r att den kan driva alla xenonlampor, \u00e4ven [&hellip;]\" \/>\n<meta property=\"og:url\" content=\"https:\/\/xenonkungen.com\/nl\/product\/40w-canbus-xenon-kit-12v\/\" \/>\n<meta property=\"og:site_name\" content=\"Xenonkungen\" \/>\n<meta property=\"article:modified_time\" content=\"2026-04-11T03:44:24+00:00\" \/>\n<meta property=\"og:image\" content=\"https:\/\/xenonkungen.com\/wp-content\/uploads\/2025\/04\/207870329-origpic-7f3471-1024x921.png\" \/>\n\t<meta property=\"og:image:width\" content=\"1024\" \/>\n\t<meta property=\"og:image:height\" content=\"921\" \/>\n\t<meta property=\"og:image:type\" content=\"image\/png\" \/>\n<meta name=\"twitter:card\" content=\"summary_large_image\" \/>\n<meta name=\"twitter:label1\" content=\"Geschatte leestijd\" \/>\n\t<meta name=\"twitter:data1\" content=\"2 minuten\" \/>\n<script type=\"application\/ld+json\" class=\"yoast-schema-graph\">{\"@context\":\"https:\/\/schema.org\",\"@graph\":[{\"@type\":\"WebPage\",\"@id\":\"https:\/\/xenonkungen.com\/produkt\/40w-canbus-xenonkit-12v\/\",\"url\":\"https:\/\/xenonkungen.com\/produkt\/40w-canbus-xenonkit-12v\/\",\"name\":\"40W Canbus Xenonkit | 12V - Xenonkungen\",\"isPartOf\":{\"@id\":\"https:\/\/xenonkungen.com\/#website\"},\"primaryImageOfPage\":{\"@id\":\"https:\/\/xenonkungen.com\/produkt\/40w-canbus-xenonkit-12v\/#primaryimage\"},\"image\":{\"@id\":\"https:\/\/xenonkungen.com\/produkt\/40w-canbus-xenonkit-12v\/#primaryimage\"},\"thumbnailUrl\":\"https:\/\/xenonkungen.com\/wp-content\/uploads\/2025\/04\/207870329-origpic-7f3471-scaled.png\",\"datePublished\":\"2025-04-15T09:01:29+00:00\",\"dateModified\":\"2026-04-11T03:44:24+00:00\",\"breadcrumb\":{\"@id\":\"https:\/\/xenonkungen.com\/produkt\/40w-canbus-xenonkit-12v\/#breadcrumb\"},\"inLanguage\":\"nl-NL\",\"potentialAction\":[{\"@type\":\"ReadAction\",\"target\":[\"https:\/\/xenonkungen.com\/produkt\/40w-canbus-xenonkit-12v\/\"]}]},{\"@type\":\"ImageObject\",\"inLanguage\":\"nl-NL\",\"@id\":\"https:\/\/xenonkungen.com\/produkt\/40w-canbus-xenonkit-12v\/#primaryimage\",\"url\":\"https:\/\/xenonkungen.com\/wp-content\/uploads\/2025\/04\/207870329-origpic-7f3471-scaled.png\",\"contentUrl\":\"https:\/\/xenonkungen.com\/wp-content\/uploads\/2025\/04\/207870329-origpic-7f3471-scaled.png\",\"width\":2560,\"height\":2303},{\"@type\":\"BreadcrumbList\",\"@id\":\"https:\/\/xenonkungen.com\/produkt\/40w-canbus-xenonkit-12v\/#breadcrumb\",\"itemListElement\":[{\"@type\":\"ListItem\",\"position\":1,\"name\":\"Hem\",\"item\":\"https:\/\/xenonkungen.com\/\"},{\"@type\":\"ListItem\",\"position\":2,\"name\":\"Shop\",\"item\":\"https:\/\/xenonkungen.com\/shop\/\"},{\"@type\":\"ListItem\",\"position\":3,\"name\":\"40W Canbus Xenonkit | 12V\"}]},{\"@type\":\"WebSite\",\"@id\":\"https:\/\/xenonkungen.com\/#website\",\"url\":\"https:\/\/xenonkungen.com\/\",\"name\":\"Xenonkungen\",\"description\":\"\",\"potentialAction\":[{\"@type\":\"SearchAction\",\"target\":{\"@type\":\"EntryPoint\",\"urlTemplate\":\"https:\/\/xenonkungen.com\/?s={search_term_string}\"},\"query-input\":{\"@type\":\"PropertyValueSpecification\",\"valueRequired\":true,\"valueName\":\"search_term_string\"}}],\"inLanguage\":\"nl-NL\"}]}<\/script>\n<!-- \/ Yoast SEO plugin. -->","yoast_head_json":{"title":"40W Canbus Xenon Kit | 12V - De Xenon Koning","robots":{"index":"index","follow":"follow","max-snippet":"max-snippet:-1","max-image-preview":"max-image-preview:large","max-video-preview":"max-video-preview:-1"},"canonical":"https:\/\/xenonkungen.com\/nl\/product\/40w-canbus-xenon-kit-12v\/","og_locale":"nl_NL","og_type":"article","og_title":"40W Canbus Xenonkit | 12V - Xenonkungen","og_description":"Premium 40W Xenonkit Exklusivt hos Xenonkungen f\u00f6r bilar med eller utan Can-bus ljus\u00f6vervakning. B\u00e5de ballast och lampor \u00e4r av typ High brightness med h\u00f6gre ljusstyrka. Ing\u00e5ende ballast HNS-4C har effekt 40W (effektivt ~39W) j\u00e4mf\u00f6rt marknadsstandard 35W (som i praktiken oftast ger 28-32W). En unik egenskap med HNS-4C \u00e4r att den kan driva alla xenonlampor, \u00e4ven [&hellip;]","og_url":"https:\/\/xenonkungen.com\/nl\/product\/40w-canbus-xenon-kit-12v\/","og_site_name":"Xenonkungen","article_modified_time":"2026-04-11T03:44:24+00:00","og_image":[{"width":1024,"height":921,"url":"https:\/\/xenonkungen.com\/wp-content\/uploads\/2025\/04\/207870329-origpic-7f3471-1024x921.png","type":"image\/png"}],"twitter_card":"summary_large_image","twitter_misc":{"Geschatte leestijd":"2 minuten"},"schema":{"@context":"https:\/\/schema.org","@graph":[{"@type":"WebPage","@id":"https:\/\/xenonkungen.com\/produkt\/40w-canbus-xenonkit-12v\/","url":"https:\/\/xenonkungen.com\/produkt\/40w-canbus-xenonkit-12v\/","name":"40W Canbus Xenon Kit | 12V - De Xenon Koning","isPartOf":{"@id":"https:\/\/xenonkungen.com\/#website"},"primaryImageOfPage":{"@id":"https:\/\/xenonkungen.com\/produkt\/40w-canbus-xenonkit-12v\/#primaryimage"},"image":{"@id":"https:\/\/xenonkungen.com\/produkt\/40w-canbus-xenonkit-12v\/#primaryimage"},"thumbnailUrl":"https:\/\/xenonkungen.com\/wp-content\/uploads\/2025\/04\/207870329-origpic-7f3471-scaled.png","datePublished":"2025-04-15T09:01:29+00:00","dateModified":"2026-04-11T03:44:24+00:00","breadcrumb":{"@id":"https:\/\/xenonkungen.com\/produkt\/40w-canbus-xenonkit-12v\/#breadcrumb"},"inLanguage":"nl-NL","potentialAction":[{"@type":"ReadAction","target":["https:\/\/xenonkungen.com\/produkt\/40w-canbus-xenonkit-12v\/"]}]},{"@type":"ImageObject","inLanguage":"nl-NL","@id":"https:\/\/xenonkungen.com\/produkt\/40w-canbus-xenonkit-12v\/#primaryimage","url":"https:\/\/xenonkungen.com\/wp-content\/uploads\/2025\/04\/207870329-origpic-7f3471-scaled.png","contentUrl":"https:\/\/xenonkungen.com\/wp-content\/uploads\/2025\/04\/207870329-origpic-7f3471-scaled.png","width":2560,"height":2303},{"@type":"BreadcrumbList","@id":"https:\/\/xenonkungen.com\/produkt\/40w-canbus-xenonkit-12v\/#breadcrumb","itemListElement":[{"@type":"ListItem","position":1,"name":"Hem","item":"https:\/\/xenonkungen.com\/"},{"@type":"ListItem","position":2,"name":"Shop","item":"https:\/\/xenonkungen.com\/shop\/"},{"@type":"ListItem","position":3,"name":"40W Canbus Xenonkit | 12V"}]},{"@type":"WebSite","@id":"https:\/\/xenonkungen.com\/#website","url":"https:\/\/xenonkungen.com\/","name":"Xenonkungen","description":"","potentialAction":[{"@type":"SearchAction","target":{"@type":"EntryPoint","urlTemplate":"https:\/\/xenonkungen.com\/?s={search_term_string}"},"query-input":{"@type":"PropertyValueSpecification","valueRequired":true,"valueName":"search_term_string"}}],"inLanguage":"nl-NL"}]}},"taxonomy_info":{"product_cat":[{"value":2485,"label":"XENONKONVENTERING"}],"pa_faktisk-effekts-forbrukning":[{"value":751,"label":"3,9"}],"pa_fargtemperatur":[{"value":154,"label":"5000K"},{"value":188,"label":"6000K"},{"value":755,"label":"4300K"}],"pa_lampsockel-kontakt":[{"value":206,"label":"H7"},{"value":163,"label":"H9"},{"value":741,"label":"9005, HB3"},{"value":326,"label":"9006 , HB4"},{"value":336,"label":"H1"},{"value":339,"label":"H3"},{"value":2719,"label":"H7R"}],"pa_led-chips-effekt-w":[{"value":690,"label":"40"}],"pa_volt-v":[{"value":159,"label":"12"}]},"featured_image_src_large":["https:\/\/xenonkungen.com\/wp-content\/uploads\/2025\/04\/207870329-origpic-7f3471-1024x921.png",1024,921,true],"author_info":[],"comment_info":1,"_links":{"self":[{"href":"https:\/\/xenonkungen.com\/nl\/wp-json\/wp\/v2\/product\/3670","targetHints":{"allow":["GET"]}}],"collection":[{"href":"https:\/\/xenonkungen.com\/nl\/wp-json\/wp\/v2\/product"}],"about":[{"href":"https:\/\/xenonkungen.com\/nl\/wp-json\/wp\/v2\/types\/product"}],"replies":[{"embeddable":true,"href":"https:\/\/xenonkungen.com\/nl\/wp-json\/wp\/v2\/comments?post=3670"}],"wp:featuredmedia":[{"embeddable":true,"href":"https:\/\/xenonkungen.com\/nl\/wp-json\/wp\/v2\/media\/25923"}],"wp:attachment":[{"href":"https:\/\/xenonkungen.com\/nl\/wp-json\/wp\/v2\/media?parent=3670"}],"wp:term":[{"taxonomy":"anvandningsomrade","embeddable":true,"href":"https:\/\/xenonkungen.com\/nl\/wp-json\/wp\/v2\/anvandningsomrade?post=3670"},{"taxonomy":"bilmarken","embeddable":true,"href":"https:\/\/xenonkungen.com\/nl\/wp-json\/wp\/v2\/bilmarken?post=3670"},{"taxonomy":"product_brand","embeddable":true,"href":"https:\/\/xenonkungen.com\/nl\/wp-json\/wp\/v2\/product_brand?post=3670"},{"taxonomy":"product_cat","embeddable":true,"href":"https:\/\/xenonkungen.com\/nl\/wp-json\/wp\/v2\/product_cat?post=3670"},{"taxonomy":"product_tag","embeddable":true,"href":"https:\/\/xenonkungen.com\/nl\/wp-json\/wp\/v2\/product_tag?post=3670"}],"curies":[{"name":"wp","href":"https:\/\/api.w.org\/{rel}","templated":true}]}}