{"id":3928,"date":"2025-04-15T09:03:48","date_gmt":"2025-04-15T09:03:48","guid":{"rendered":"https:\/\/xenonkungen.com\/product\/troja-hoodie-xenonkungen\/"},"modified":"2026-04-11T00:26:19","modified_gmt":"2026-04-10T23:26:19","slug":"troja-hoodie-xenon-king","status":"publish","type":"product","link":"https:\/\/xenonkungen.com\/nl\/product\/troja-hoodie-xenon-king\/","title":{"rendered":"Sweatshirt Hoodie Xenon koningen"},"content":{"rendered":"<p>Als je de meest comfortabele persoon wilt zijn die de meest stijlvolle trui draagt, dan heb je de juiste gevonden! Deze trui heeft een dichtheid van 271 g\/m\u00b2 en voelt zacht aan en is ontworpen in samenwerking met onze klanten. Opmerkingen als best uitziende, coolste en meest gewilde werden genoteerd.<\/p>\n<p><strong>Specificaties:<\/strong><br \/>\nKleur: Zwart<br \/>\nType: Hoodie trui<br \/>\nEigenschappen: buikzak, capuchon<br \/>\nVoorgewassen hoodie in 50% katoen \/ 50% polyester<br \/>\n271 grams<br \/>\nDubbelgebreide manchetten en kraag<br \/>\nMaat: S \/ M \/ L \/ XL \/ XXL<\/p>\n<p><strong>LET OP!<\/strong><br \/>\nKlein van formaat<\/p>\n<p><a href=\"https:\/\/www.xenonkungen.com\/se\/article.php?art=177239563\" target=\"NEW\">Kindermaat JXS hier verkrijgbaar!<\/a><\/p>\n<p><strong>Lancering:<\/strong> Juni 2020<\/p>","protected":false},"excerpt":{"rendered":"<p>Voor ons ben je koninklijk en met dit stijlvolle sweatshirt van comfortabele stof kun je prat gaan op een koninklijk logo op de borst en ons nieuwste XK-design op het rugpand.<\/p>\n<p>Een perfecte hoodie voor een autodate op een late zomeravond of wanneer de zon zich heeft teruggetrokken en de huid begint te knellen!<\/p>","protected":false},"featured_media":3929,"comment_status":"closed","ping_status":"closed","template":"","meta":{"_acf_changed":false,"_smort_price_nok":"140","_smort_price_dkk":"89","_smort_price_eur":"11.91","_smort_sale_price_nok":"","_smort_sale_price_dkk":"","_smort_sale_price_eur":"","smort_restorder":"","shipmondo_restorder":"","_kad_blocks_custom_css":"","_kad_blocks_head_custom_js":"","_kad_blocks_body_custom_js":"","_kad_blocks_footer_custom_js":"","smort_custom_pricelist_1":"8","smort_custom_pricelist_2":"8","smort_custom_pricelist_3":"7.6","smort_custom_pricelist_4":"8","smort_custom_pricelist_5":"8"},"anvandningsomrade":[237],"bilmarken":[],"product_brand":[],"product_cat":[376],"product_tag":[],"class_list":{"0":"post-3928","1":"product","2":"type-product","3":"status-publish","4":"has-post-thumbnail","6":"anvandningsomrade-fritid","7":"product_cat-merchandise","9":"first","10":"instock","11":"taxable","12":"shipping-taxable","13":"purchasable","14":"product-type-variable"},"bundled_by":[],"bundle_stock_status":"instock","bundle_stock_quantity":null,"bundle_virtual":false,"bundle_layout":"","bundle_add_to_cart_form_location":"","bundle_editable_in_cart":false,"bundle_sold_individually_context":"","bundle_item_grouping":"","bundle_min_size":"","bundle_max_size":"","bundle_price":[],"bundled_items":[],"bundle_sell_ids":[],"acf":[],"yoast_head":"<!-- This site is optimized with the Yoast SEO plugin v27.0 - https:\/\/yoast.com\/product\/yoast-seo-wordpress\/ -->\n<title>Tr\u00f6ja Hoodie Xenonkungen - Xenonkungen<\/title>\n<meta name=\"robots\" content=\"index, follow, max-snippet:-1, max-image-preview:large, max-video-preview:-1\" \/>\n<link rel=\"canonical\" href=\"https:\/\/xenonkungen.com\/nl\/product\/troja-hoodie-xenon-king\/\" \/>\n<meta property=\"og:locale\" content=\"nl_NL\" \/>\n<meta property=\"og:type\" content=\"article\" \/>\n<meta property=\"og:title\" content=\"Tr\u00f6ja Hoodie Xenonkungen - Xenonkungen\" \/>\n<meta property=\"og:description\" content=\"F\u00f6r oss \u00e4r du kunglig och med denna snygga tr\u00f6ja med sk\u00f6nt material kan du stoltsera med en kunglig logga centrerat p\u00e5 br\u00f6stet och v\u00e5r senaste XK design p\u00e5 ryggplattan.  En perfekt Hoodie f\u00f6r en biltr\u00e4ff en sen sommarkv\u00e4ll eller n\u00e4r solen dragit sig tillbaka och huden b\u00f6rjar knottra sig!\" \/>\n<meta property=\"og:url\" content=\"https:\/\/xenonkungen.com\/nl\/product\/troja-hoodie-xenon-king\/\" \/>\n<meta property=\"og:site_name\" content=\"Xenonkungen\" \/>\n<meta property=\"article:modified_time\" content=\"2026-04-10T23:26:19+00:00\" \/>\n<meta property=\"og:image\" content=\"https:\/\/xenonkungen.com\/wp-content\/uploads\/2025\/04\/177239671-origpic-28af1c.jpg\" \/>\n\t<meta property=\"og:image:width\" content=\"1071\" \/>\n\t<meta property=\"og:image:height\" content=\"696\" \/>\n\t<meta property=\"og:image:type\" content=\"image\/jpeg\" \/>\n<meta name=\"twitter:card\" content=\"summary_large_image\" \/>\n<meta name=\"twitter:label1\" content=\"Geschatte leestijd\" \/>\n\t<meta name=\"twitter:data1\" content=\"1 minuut\" \/>\n<script type=\"application\/ld+json\" class=\"yoast-schema-graph\">{\"@context\":\"https:\/\/schema.org\",\"@graph\":[{\"@type\":\"WebPage\",\"@id\":\"https:\/\/xenonkungen.com\/produkt\/troja-hoodie-xenonkungen\/\",\"url\":\"https:\/\/xenonkungen.com\/produkt\/troja-hoodie-xenonkungen\/\",\"name\":\"Tr\u00f6ja Hoodie Xenonkungen - Xenonkungen\",\"isPartOf\":{\"@id\":\"https:\/\/xenonkungen.com\/#website\"},\"primaryImageOfPage\":{\"@id\":\"https:\/\/xenonkungen.com\/produkt\/troja-hoodie-xenonkungen\/#primaryimage\"},\"image\":{\"@id\":\"https:\/\/xenonkungen.com\/produkt\/troja-hoodie-xenonkungen\/#primaryimage\"},\"thumbnailUrl\":\"https:\/\/xenonkungen.com\/wp-content\/uploads\/2025\/04\/177239671-origpic-28af1c.jpg\",\"datePublished\":\"2025-04-15T09:03:48+00:00\",\"dateModified\":\"2026-04-10T23:26:19+00:00\",\"breadcrumb\":{\"@id\":\"https:\/\/xenonkungen.com\/produkt\/troja-hoodie-xenonkungen\/#breadcrumb\"},\"inLanguage\":\"nl-NL\",\"potentialAction\":[{\"@type\":\"ReadAction\",\"target\":[\"https:\/\/xenonkungen.com\/produkt\/troja-hoodie-xenonkungen\/\"]}]},{\"@type\":\"ImageObject\",\"inLanguage\":\"nl-NL\",\"@id\":\"https:\/\/xenonkungen.com\/produkt\/troja-hoodie-xenonkungen\/#primaryimage\",\"url\":\"https:\/\/xenonkungen.com\/wp-content\/uploads\/2025\/04\/177239671-origpic-28af1c.jpg\",\"contentUrl\":\"https:\/\/xenonkungen.com\/wp-content\/uploads\/2025\/04\/177239671-origpic-28af1c.jpg\",\"width\":1071,\"height\":696},{\"@type\":\"BreadcrumbList\",\"@id\":\"https:\/\/xenonkungen.com\/produkt\/troja-hoodie-xenonkungen\/#breadcrumb\",\"itemListElement\":[{\"@type\":\"ListItem\",\"position\":1,\"name\":\"Hem\",\"item\":\"https:\/\/xenonkungen.com\/\"},{\"@type\":\"ListItem\",\"position\":2,\"name\":\"Shop\",\"item\":\"https:\/\/xenonkungen.com\/shop\/\"},{\"@type\":\"ListItem\",\"position\":3,\"name\":\"Tr\u00f6ja Hoodie Xenonkungen\"}]},{\"@type\":\"WebSite\",\"@id\":\"https:\/\/xenonkungen.com\/#website\",\"url\":\"https:\/\/xenonkungen.com\/\",\"name\":\"Xenonkungen\",\"description\":\"\",\"potentialAction\":[{\"@type\":\"SearchAction\",\"target\":{\"@type\":\"EntryPoint\",\"urlTemplate\":\"https:\/\/xenonkungen.com\/?s={search_term_string}\"},\"query-input\":{\"@type\":\"PropertyValueSpecification\",\"valueRequired\":true,\"valueName\":\"search_term_string\"}}],\"inLanguage\":\"nl-NL\"}]}<\/script>\n<!-- \/ Yoast SEO plugin. -->","yoast_head_json":{"title":"Sweatshirt Hoodie Xenon King - Xenon King","robots":{"index":"index","follow":"follow","max-snippet":"max-snippet:-1","max-image-preview":"max-image-preview:large","max-video-preview":"max-video-preview:-1"},"canonical":"https:\/\/xenonkungen.com\/nl\/product\/troja-hoodie-xenon-king\/","og_locale":"nl_NL","og_type":"article","og_title":"Tr\u00f6ja Hoodie Xenonkungen - Xenonkungen","og_description":"F\u00f6r oss \u00e4r du kunglig och med denna snygga tr\u00f6ja med sk\u00f6nt material kan du stoltsera med en kunglig logga centrerat p\u00e5 br\u00f6stet och v\u00e5r senaste XK design p\u00e5 ryggplattan.  En perfekt Hoodie f\u00f6r en biltr\u00e4ff en sen sommarkv\u00e4ll eller n\u00e4r solen dragit sig tillbaka och huden b\u00f6rjar knottra sig!","og_url":"https:\/\/xenonkungen.com\/nl\/product\/troja-hoodie-xenon-king\/","og_site_name":"Xenonkungen","article_modified_time":"2026-04-10T23:26:19+00:00","og_image":[{"width":1071,"height":696,"url":"https:\/\/xenonkungen.com\/wp-content\/uploads\/2025\/04\/177239671-origpic-28af1c.jpg","type":"image\/jpeg"}],"twitter_card":"summary_large_image","twitter_misc":{"Geschatte leestijd":"1 minuut"},"schema":{"@context":"https:\/\/schema.org","@graph":[{"@type":"WebPage","@id":"https:\/\/xenonkungen.com\/produkt\/troja-hoodie-xenonkungen\/","url":"https:\/\/xenonkungen.com\/produkt\/troja-hoodie-xenonkungen\/","name":"Sweatshirt Hoodie Xenon King - Xenon King","isPartOf":{"@id":"https:\/\/xenonkungen.com\/#website"},"primaryImageOfPage":{"@id":"https:\/\/xenonkungen.com\/produkt\/troja-hoodie-xenonkungen\/#primaryimage"},"image":{"@id":"https:\/\/xenonkungen.com\/produkt\/troja-hoodie-xenonkungen\/#primaryimage"},"thumbnailUrl":"https:\/\/xenonkungen.com\/wp-content\/uploads\/2025\/04\/177239671-origpic-28af1c.jpg","datePublished":"2025-04-15T09:03:48+00:00","dateModified":"2026-04-10T23:26:19+00:00","breadcrumb":{"@id":"https:\/\/xenonkungen.com\/produkt\/troja-hoodie-xenonkungen\/#breadcrumb"},"inLanguage":"nl-NL","potentialAction":[{"@type":"ReadAction","target":["https:\/\/xenonkungen.com\/produkt\/troja-hoodie-xenonkungen\/"]}]},{"@type":"ImageObject","inLanguage":"nl-NL","@id":"https:\/\/xenonkungen.com\/produkt\/troja-hoodie-xenonkungen\/#primaryimage","url":"https:\/\/xenonkungen.com\/wp-content\/uploads\/2025\/04\/177239671-origpic-28af1c.jpg","contentUrl":"https:\/\/xenonkungen.com\/wp-content\/uploads\/2025\/04\/177239671-origpic-28af1c.jpg","width":1071,"height":696},{"@type":"BreadcrumbList","@id":"https:\/\/xenonkungen.com\/produkt\/troja-hoodie-xenonkungen\/#breadcrumb","itemListElement":[{"@type":"ListItem","position":1,"name":"Hem","item":"https:\/\/xenonkungen.com\/"},{"@type":"ListItem","position":2,"name":"Shop","item":"https:\/\/xenonkungen.com\/shop\/"},{"@type":"ListItem","position":3,"name":"Tr\u00f6ja Hoodie Xenonkungen"}]},{"@type":"WebSite","@id":"https:\/\/xenonkungen.com\/#website","url":"https:\/\/xenonkungen.com\/","name":"Xenonkungen","description":"","potentialAction":[{"@type":"SearchAction","target":{"@type":"EntryPoint","urlTemplate":"https:\/\/xenonkungen.com\/?s={search_term_string}"},"query-input":{"@type":"PropertyValueSpecification","valueRequired":true,"valueName":"search_term_string"}}],"inLanguage":"nl-NL"}]}},"taxonomy_info":{"anvandningsomrade":[{"value":237,"label":"Fritid"}],"product_cat":[{"value":376,"label":"Merchandise"}]},"featured_image_src_large":["https:\/\/xenonkungen.com\/wp-content\/uploads\/2025\/04\/177239671-origpic-28af1c-1024x665.jpg",1024,665,true],"author_info":[],"comment_info":0,"_links":{"self":[{"href":"https:\/\/xenonkungen.com\/nl\/wp-json\/wp\/v2\/product\/3928","targetHints":{"allow":["GET"]}}],"collection":[{"href":"https:\/\/xenonkungen.com\/nl\/wp-json\/wp\/v2\/product"}],"about":[{"href":"https:\/\/xenonkungen.com\/nl\/wp-json\/wp\/v2\/types\/product"}],"replies":[{"embeddable":true,"href":"https:\/\/xenonkungen.com\/nl\/wp-json\/wp\/v2\/comments?post=3928"}],"wp:featuredmedia":[{"embeddable":true,"href":"https:\/\/xenonkungen.com\/nl\/wp-json\/wp\/v2\/media\/3929"}],"wp:attachment":[{"href":"https:\/\/xenonkungen.com\/nl\/wp-json\/wp\/v2\/media?parent=3928"}],"wp:term":[{"taxonomy":"anvandningsomrade","embeddable":true,"href":"https:\/\/xenonkungen.com\/nl\/wp-json\/wp\/v2\/anvandningsomrade?post=3928"},{"taxonomy":"bilmarken","embeddable":true,"href":"https:\/\/xenonkungen.com\/nl\/wp-json\/wp\/v2\/bilmarken?post=3928"},{"taxonomy":"product_brand","embeddable":true,"href":"https:\/\/xenonkungen.com\/nl\/wp-json\/wp\/v2\/product_brand?post=3928"},{"taxonomy":"product_cat","embeddable":true,"href":"https:\/\/xenonkungen.com\/nl\/wp-json\/wp\/v2\/product_cat?post=3928"},{"taxonomy":"product_tag","embeddable":true,"href":"https:\/\/xenonkungen.com\/nl\/wp-json\/wp\/v2\/product_tag?post=3928"}],"curies":[{"name":"wp","href":"https:\/\/api.w.org\/{rel}","templated":true}]}}