{"id":4090,"date":"2025-04-15T09:05:16","date_gmt":"2025-04-15T09:05:16","guid":{"rendered":"https:\/\/xenonkungen.com\/product\/mc-dynamisk-frontmarkering-vit-gul\/"},"modified":"2026-04-09T15:23:05","modified_gmt":"2026-04-09T14:23:05","slug":"mc-dynamische-frontmarkering-wit-geel","status":"publish","type":"product","link":"https:\/\/xenonkungen.com\/nl\/product\/mc-dynamische-frontmarkering-wit-geel\/","title":{"rendered":"MC Dynamic Markering voorkant | Wit\/Geel"},"content":{"rendered":"<p>MC Dynamic Front Marking - Verhoog je zichtbaarheid met stijl en veiligheid!<\/p>\n<p>Nu kun je eindelijk de zichtbaarheid van je motorfiets op een unieke en stijlvolle manier verbeteren met onze MC Dynamic Front Marking in mooie witte en gele kleur. Deze markering geeft je motor niet alleen een indrukwekkende look, maar verhoogt ook je zichtbaarheid en veiligheid op de weg.<\/p>\n<p>De dynamische frontmarkering is ontworpen om in intensiteit te vari\u00ebren en de aandacht van andere weggebruikers te verhogen. Met zijn pulserende licht cre\u00ebert hij een aantrekkelijk en zichtbaar effect dat niet genegeerd kan worden. U zult zeker de aandacht trekken als u voorbij rijdt!<\/p>\n<p>Door de MC Dynamic Front Marking te monteren, geef je niet alleen je motor een persoonlijk tintje, maar til je ook je rijervaring naar een hoger niveau. Het dynamische licht van de markering zorgt voor een moderne en stijlvolle look die zich onderscheidt van de massa.<\/p>\n<p>De installatie is eenvoudig en gemakkelijk en past op de meeste motorfietsen. Je hoeft geen expert te zijn om je motor deze upgrade te geven. Met MC Dynamic Front Marking weet je zeker dat je een hoogwaardig en betrouwbaar product hebt gekozen.<\/p>\n<p>Geef prioriteit aan zowel veiligheid als stijl op de weg. Verhoog je zichtbaarheid en zorg dat je opvalt op een indrukwekkende manier met onze MC Dynamic Front Marking. Bestel vandaag nog en krijg de perfecte combinatie van veiligheid en stijl voor je motor! Neem controle over je zichtbaarheid en rijd met vertrouwen.<\/p>","protected":false},"excerpt":{"rendered":"<p>Nu is hij er! MC Dynamic Frontmarkering in mooie witte en gele kleur. Geef je motor een unieke en stijlvolle look en vergroot tegelijkertijd je zichtbaarheid op de weg. De dynamische markering varieert in sterkte en zorgt voor extra aandacht voor andere weggebruikers. Gemakkelijk aan te brengen en geschikt voor de meeste motorfietsen. Bestel je Motor Dynamic Front Marking vandaag nog en til je rijervaring naar een nieuw niveau!<\/p>","protected":false},"featured_media":4091,"comment_status":"closed","ping_status":"closed","template":"","meta":{"_acf_changed":false,"_smort_price_nok":"134","_smort_price_dkk":"121","_smort_price_eur":"16.27","_smort_sale_price_nok":"134","_smort_sale_price_dkk":"","_smort_sale_price_eur":"11.36","smort_restorder":"","shipmondo_restorder":"","_kad_blocks_custom_css":"","_kad_blocks_head_custom_js":"","_kad_blocks_body_custom_js":"","_kad_blocks_footer_custom_js":"","smort_custom_pricelist_1":"114.56","smort_custom_pricelist_2":"100.24","smort_custom_pricelist_3":"95.23","smort_custom_pricelist_4":"143.2","smort_custom_pricelist_5":"100.24"},"anvandningsomrade":[165,2709,234],"bilmarken":[],"product_brand":[],"product_cat":[2477,2582,2810,2812,2478],"product_tag":[],"class_list":{"0":"post-4090","1":"product","2":"type-product","3":"status-publish","4":"has-post-thumbnail","6":"anvandningsomrade-atv","7":"anvandningsomrade-atv-snoskoter","8":"anvandningsomrade-mc","9":"product_cat-blinkers","10":"product_cat-blinkers-slap","11":"product_cat-front","12":"product_cat-kombo","13":"product_cat-positionsljus-slap","15":"first","16":"instock","17":"sale","18":"taxable","19":"shipping-taxable","20":"purchasable","21":"product-type-simple"},"bundled_by":[],"bundle_stock_status":"instock","bundle_stock_quantity":28,"bundle_virtual":false,"bundle_layout":"","bundle_add_to_cart_form_location":"","bundle_editable_in_cart":false,"bundle_sold_individually_context":"","bundle_item_grouping":"","bundle_min_size":"","bundle_max_size":"","bundle_price":[],"bundled_items":[],"bundle_sell_ids":[],"acf":[],"yoast_head":"<!-- This site is optimized with the Yoast SEO plugin v27.0 - https:\/\/yoast.com\/product\/yoast-seo-wordpress\/ -->\n<title>MC Dynamisk Frontmarkering | Vit\/Gul - Xenonkungen<\/title>\n<meta name=\"robots\" content=\"index, follow, max-snippet:-1, max-image-preview:large, max-video-preview:-1\" \/>\n<link rel=\"canonical\" href=\"https:\/\/xenonkungen.com\/nl\/product\/mc-dynamische-frontmarkering-wit-geel\/\" \/>\n<meta property=\"og:locale\" content=\"nl_NL\" \/>\n<meta property=\"og:type\" content=\"article\" \/>\n<meta property=\"og:title\" content=\"MC Dynamisk Frontmarkering | Vit\/Gul - Xenonkungen\" \/>\n<meta property=\"og:description\" content=\"Nu finns den h\u00e4r! MC Dynamisk Frontmarkering i vackert vit och gul f\u00e4rg. Ge din motorcykel en unik och snygg look samtidigt som du \u00f6kar din synlighet p\u00e5 v\u00e4gen. Den dynamiska markeringen varierar i styrka och ger \u00f6kad uppm\u00e4rksamhet f\u00f6r andra trafikanter. Enkel att montera och passar p\u00e5 de flesta motorcyklar. Best\u00e4ll din MC Dynamiska Frontmarkering idag och ta din k\u00f6rupplevelse till en ny niv\u00e5!\" \/>\n<meta property=\"og:url\" content=\"https:\/\/xenonkungen.com\/nl\/product\/mc-dynamische-frontmarkering-wit-geel\/\" \/>\n<meta property=\"og:site_name\" content=\"Xenonkungen\" \/>\n<meta property=\"article:modified_time\" content=\"2026-04-09T14:23:05+00:00\" \/>\n<meta property=\"og:image\" content=\"https:\/\/xenonkungen.com\/wp-content\/uploads\/2025\/04\/XAR_L2ag-scaled.png\" \/>\n\t<meta property=\"og:image:width\" content=\"2560\" \/>\n\t<meta property=\"og:image:height\" content=\"2560\" \/>\n\t<meta property=\"og:image:type\" content=\"image\/png\" \/>\n<meta name=\"twitter:card\" content=\"summary_large_image\" \/>\n<meta name=\"twitter:label1\" content=\"Geschatte leestijd\" \/>\n\t<meta name=\"twitter:data1\" content=\"2 minuten\" \/>\n<script type=\"application\/ld+json\" class=\"yoast-schema-graph\">{\"@context\":\"https:\/\/schema.org\",\"@graph\":[{\"@type\":\"WebPage\",\"@id\":\"https:\/\/xenonkungen.com\/produkt\/mc-dynamisk-frontmarkering-vit-gul\/\",\"url\":\"https:\/\/xenonkungen.com\/produkt\/mc-dynamisk-frontmarkering-vit-gul\/\",\"name\":\"MC Dynamisk Frontmarkering | Vit\/Gul - Xenonkungen\",\"isPartOf\":{\"@id\":\"https:\/\/xenonkungen.com\/#website\"},\"primaryImageOfPage\":{\"@id\":\"https:\/\/xenonkungen.com\/produkt\/mc-dynamisk-frontmarkering-vit-gul\/#primaryimage\"},\"image\":{\"@id\":\"https:\/\/xenonkungen.com\/produkt\/mc-dynamisk-frontmarkering-vit-gul\/#primaryimage\"},\"thumbnailUrl\":\"https:\/\/xenonkungen.com\/wp-content\/uploads\/2025\/04\/XAR_L2ag-scaled.png\",\"datePublished\":\"2025-04-15T09:05:16+00:00\",\"dateModified\":\"2026-04-09T14:23:05+00:00\",\"breadcrumb\":{\"@id\":\"https:\/\/xenonkungen.com\/produkt\/mc-dynamisk-frontmarkering-vit-gul\/#breadcrumb\"},\"inLanguage\":\"nl-NL\",\"potentialAction\":[{\"@type\":\"ReadAction\",\"target\":[\"https:\/\/xenonkungen.com\/produkt\/mc-dynamisk-frontmarkering-vit-gul\/\"]}]},{\"@type\":\"ImageObject\",\"inLanguage\":\"nl-NL\",\"@id\":\"https:\/\/xenonkungen.com\/produkt\/mc-dynamisk-frontmarkering-vit-gul\/#primaryimage\",\"url\":\"https:\/\/xenonkungen.com\/wp-content\/uploads\/2025\/04\/XAR_L2ag-scaled.png\",\"contentUrl\":\"https:\/\/xenonkungen.com\/wp-content\/uploads\/2025\/04\/XAR_L2ag-scaled.png\",\"width\":2560,\"height\":2560},{\"@type\":\"BreadcrumbList\",\"@id\":\"https:\/\/xenonkungen.com\/produkt\/mc-dynamisk-frontmarkering-vit-gul\/#breadcrumb\",\"itemListElement\":[{\"@type\":\"ListItem\",\"position\":1,\"name\":\"Hem\",\"item\":\"https:\/\/xenonkungen.com\/\"},{\"@type\":\"ListItem\",\"position\":2,\"name\":\"Shop\",\"item\":\"https:\/\/xenonkungen.com\/shop\/\"},{\"@type\":\"ListItem\",\"position\":3,\"name\":\"MC Dynamisk Frontmarkering | Vit\/Gul\"}]},{\"@type\":\"WebSite\",\"@id\":\"https:\/\/xenonkungen.com\/#website\",\"url\":\"https:\/\/xenonkungen.com\/\",\"name\":\"Xenonkungen\",\"description\":\"\",\"potentialAction\":[{\"@type\":\"SearchAction\",\"target\":{\"@type\":\"EntryPoint\",\"urlTemplate\":\"https:\/\/xenonkungen.com\/?s={search_term_string}\"},\"query-input\":{\"@type\":\"PropertyValueSpecification\",\"valueRequired\":true,\"valueName\":\"search_term_string\"}}],\"inLanguage\":\"nl-NL\"}]}<\/script>\n<!-- \/ Yoast SEO plugin. -->","yoast_head_json":{"title":"MC Dynamic Front Marking | Wit\/Geel - De Xenon Koning","robots":{"index":"index","follow":"follow","max-snippet":"max-snippet:-1","max-image-preview":"max-image-preview:large","max-video-preview":"max-video-preview:-1"},"canonical":"https:\/\/xenonkungen.com\/nl\/product\/mc-dynamische-frontmarkering-wit-geel\/","og_locale":"nl_NL","og_type":"article","og_title":"MC Dynamisk Frontmarkering | Vit\/Gul - Xenonkungen","og_description":"Nu finns den h\u00e4r! MC Dynamisk Frontmarkering i vackert vit och gul f\u00e4rg. Ge din motorcykel en unik och snygg look samtidigt som du \u00f6kar din synlighet p\u00e5 v\u00e4gen. Den dynamiska markeringen varierar i styrka och ger \u00f6kad uppm\u00e4rksamhet f\u00f6r andra trafikanter. Enkel att montera och passar p\u00e5 de flesta motorcyklar. Best\u00e4ll din MC Dynamiska Frontmarkering idag och ta din k\u00f6rupplevelse till en ny niv\u00e5!","og_url":"https:\/\/xenonkungen.com\/nl\/product\/mc-dynamische-frontmarkering-wit-geel\/","og_site_name":"Xenonkungen","article_modified_time":"2026-04-09T14:23:05+00:00","og_image":[{"width":2560,"height":2560,"url":"https:\/\/xenonkungen.com\/wp-content\/uploads\/2025\/04\/XAR_L2ag-scaled.png","type":"image\/png"}],"twitter_card":"summary_large_image","twitter_misc":{"Geschatte leestijd":"2 minuten"},"schema":{"@context":"https:\/\/schema.org","@graph":[{"@type":"WebPage","@id":"https:\/\/xenonkungen.com\/produkt\/mc-dynamisk-frontmarkering-vit-gul\/","url":"https:\/\/xenonkungen.com\/produkt\/mc-dynamisk-frontmarkering-vit-gul\/","name":"MC Dynamic Front Marking | Wit\/Geel - De Xenon Koning","isPartOf":{"@id":"https:\/\/xenonkungen.com\/#website"},"primaryImageOfPage":{"@id":"https:\/\/xenonkungen.com\/produkt\/mc-dynamisk-frontmarkering-vit-gul\/#primaryimage"},"image":{"@id":"https:\/\/xenonkungen.com\/produkt\/mc-dynamisk-frontmarkering-vit-gul\/#primaryimage"},"thumbnailUrl":"https:\/\/xenonkungen.com\/wp-content\/uploads\/2025\/04\/XAR_L2ag-scaled.png","datePublished":"2025-04-15T09:05:16+00:00","dateModified":"2026-04-09T14:23:05+00:00","breadcrumb":{"@id":"https:\/\/xenonkungen.com\/produkt\/mc-dynamisk-frontmarkering-vit-gul\/#breadcrumb"},"inLanguage":"nl-NL","potentialAction":[{"@type":"ReadAction","target":["https:\/\/xenonkungen.com\/produkt\/mc-dynamisk-frontmarkering-vit-gul\/"]}]},{"@type":"ImageObject","inLanguage":"nl-NL","@id":"https:\/\/xenonkungen.com\/produkt\/mc-dynamisk-frontmarkering-vit-gul\/#primaryimage","url":"https:\/\/xenonkungen.com\/wp-content\/uploads\/2025\/04\/XAR_L2ag-scaled.png","contentUrl":"https:\/\/xenonkungen.com\/wp-content\/uploads\/2025\/04\/XAR_L2ag-scaled.png","width":2560,"height":2560},{"@type":"BreadcrumbList","@id":"https:\/\/xenonkungen.com\/produkt\/mc-dynamisk-frontmarkering-vit-gul\/#breadcrumb","itemListElement":[{"@type":"ListItem","position":1,"name":"Hem","item":"https:\/\/xenonkungen.com\/"},{"@type":"ListItem","position":2,"name":"Shop","item":"https:\/\/xenonkungen.com\/shop\/"},{"@type":"ListItem","position":3,"name":"MC Dynamisk Frontmarkering | Vit\/Gul"}]},{"@type":"WebSite","@id":"https:\/\/xenonkungen.com\/#website","url":"https:\/\/xenonkungen.com\/","name":"Xenonkungen","description":"","potentialAction":[{"@type":"SearchAction","target":{"@type":"EntryPoint","urlTemplate":"https:\/\/xenonkungen.com\/?s={search_term_string}"},"query-input":{"@type":"PropertyValueSpecification","valueRequired":true,"valueName":"search_term_string"}}],"inLanguage":"nl-NL"}]}},"taxonomy_info":{"anvandningsomrade":[{"value":165,"label":"ATV"},{"value":2709,"label":"ATV \/ Sn\u00f6skoter"},{"value":234,"label":"MC"}],"product_cat":[{"value":2477,"label":"Blinkers"},{"value":2582,"label":"Blinkers"},{"value":2810,"label":"Front"},{"value":2812,"label":"Kombo"},{"value":2478,"label":"Positionsljus"}]},"featured_image_src_large":["https:\/\/xenonkungen.com\/wp-content\/uploads\/2025\/04\/XAR_L2ag-1024x1024.png",1024,1024,true],"author_info":[],"comment_info":0,"_links":{"self":[{"href":"https:\/\/xenonkungen.com\/nl\/wp-json\/wp\/v2\/product\/4090","targetHints":{"allow":["GET"]}}],"collection":[{"href":"https:\/\/xenonkungen.com\/nl\/wp-json\/wp\/v2\/product"}],"about":[{"href":"https:\/\/xenonkungen.com\/nl\/wp-json\/wp\/v2\/types\/product"}],"replies":[{"embeddable":true,"href":"https:\/\/xenonkungen.com\/nl\/wp-json\/wp\/v2\/comments?post=4090"}],"wp:featuredmedia":[{"embeddable":true,"href":"https:\/\/xenonkungen.com\/nl\/wp-json\/wp\/v2\/media\/4091"}],"wp:attachment":[{"href":"https:\/\/xenonkungen.com\/nl\/wp-json\/wp\/v2\/media?parent=4090"}],"wp:term":[{"taxonomy":"anvandningsomrade","embeddable":true,"href":"https:\/\/xenonkungen.com\/nl\/wp-json\/wp\/v2\/anvandningsomrade?post=4090"},{"taxonomy":"bilmarken","embeddable":true,"href":"https:\/\/xenonkungen.com\/nl\/wp-json\/wp\/v2\/bilmarken?post=4090"},{"taxonomy":"product_brand","embeddable":true,"href":"https:\/\/xenonkungen.com\/nl\/wp-json\/wp\/v2\/product_brand?post=4090"},{"taxonomy":"product_cat","embeddable":true,"href":"https:\/\/xenonkungen.com\/nl\/wp-json\/wp\/v2\/product_cat?post=4090"},{"taxonomy":"product_tag","embeddable":true,"href":"https:\/\/xenonkungen.com\/nl\/wp-json\/wp\/v2\/product_tag?post=4090"}],"curies":[{"name":"wp","href":"https:\/\/api.w.org\/{rel}","templated":true}]}}