{"id":4227,"date":"2025-04-15T09:08:12","date_gmt":"2025-04-15T09:08:12","guid":{"rendered":"https:\/\/xenonkungen.com\/product\/pt-lazer-linear-18-elite-pos-med-faste-och-canbus\/"},"modified":"2026-04-24T17:24:08","modified_gmt":"2026-04-24T16:24:08","slug":"pt-lazer-linear-18-elite-pos-met-vaste-en-canbus-aansluiting","status":"publish","type":"product","link":"https:\/\/xenonkungen.com\/nl\/product\/pt-lazer-linear-18-elite-pos-met-vaste-en-canbus-aansluiting\/","title":{"rendered":"PT Lazer Linear 18 Elite pos met beugel en Canbus"},"content":{"rendered":"<h1>Lazers Linear-serie \u2013 Hoogwaardige hulplichtbalken voor dagelijks gebruik<\/h1>\n<h2>Uitstekende prestaties en aerodynamisch ontwerp<\/h2>\n<p>De Linear-serie van Lazer is de ultieme keuze voor wie op zoek is naar hoogwaardige extra lichtbalken voor dagelijks gebruik. Verkrijgbaar in zowel Standard als Elite-uitvoering, combineert de serie uitzonderlijke lichtprestaties met een slank en aerodynamisch ontwerp. Deze balken zijn eenvoudig te installeren met de meegeleverde roestvrijstalen beugels en zorgen voor uitstekende verlichting op de weg. Linear Standard is verkrijgbaar in zes verschillende lengtes, van 232 mm tot 1282 mm. De balk is slechts 40 mm hoog en 62 mm diep, waardoor hij perfect is voor installatie, zelfs in krappe ruimtes. Elke balk is uitgerust met een rij hoogwaardige 3 W LED&#039;s achter een onbreekbare polycarbonaat lens. De lens heeft een oppervlaktebehandeling ondergaan om sneeuw en vuil, die de lichtstroom kunnen be\u00efnvloeden, effectief af te weren. De lichtgewicht aluminium behuizing in combinatie met de slanke afmetingen zorgt ervoor dat het gewicht van de balk minimaal is, terwijl het aerodynamische ontwerp ervoor zorgt dat hij perfect past, ongeacht of u hem vooraan of op het dak van de auto monteert. Linear Standard is een oprijplaat die nog lang meegaat!<\/p>\n<p>Ervaar de hoogwaardige kwaliteit van de Lazers Linear-serie en ontvang 5 jaar functionele garantie! Neem vandaag nog contact met ons op voor meer informatie.<\/p>","protected":false},"excerpt":{"rendered":"<p>Lazers Linear-serien &#8211; H\u00f6gklassiga extraljusramper f\u00f6r vardagsbruk Enast\u00e5ende prestanda och aerodynamisk design Lazers Linear-serien \u00e4r det ultimata valet f\u00f6r dig som s\u00f6ker h\u00f6gkvalitativa extraljusramper f\u00f6r daglig anv\u00e4ndning. Serien finns i b\u00e5de Standard och Elite-utf\u00f6rande och kombinerar exceptionell ljusprestanda med en slimmad och aerodynamisk design. Dessa ramper \u00e4r l\u00e4tta att montera med de medf\u00f6ljande rostfria f\u00e4stena [&hellip;]<\/p>","protected":false},"featured_media":4228,"comment_status":"closed","ping_status":"open","template":"","meta":{"_acf_changed":false,"_smort_price_nok":"11295","_smort_price_dkk":"7176","_smort_price_eur":"961.32","_smort_sale_price_nok":"","_smort_sale_price_dkk":"","_smort_sale_price_eur":"","smort_restorder":"","shipmondo_restorder":"","_kad_blocks_custom_css":"","_kad_blocks_head_custom_js":"","_kad_blocks_body_custom_js":"","_kad_blocks_footer_custom_js":"","smort_custom_pricelist_1":"7564.8","smort_custom_pricelist_2":"7564.8","smort_custom_pricelist_3":"7564.8","smort_custom_pricelist_4":"9456","smort_custom_pricelist_5":"7564.8"},"anvandningsomrade":[],"bilmarken":[],"product_brand":[1124],"product_cat":[2539,2596],"product_tag":[2735],"class_list":{"0":"post-4227","1":"product","2":"type-product","3":"status-publish","4":"has-post-thumbnail","6":"product_brand-lazer","7":"product_cat-ledramper","8":"product_cat-paket","9":"product_tag-lazer","10":"pa_fargtemperatur-5000k","11":"pa_godkannande-ece-r112","12":"pa_led-chips-effekt-w-1336","13":"pa_storlek-mm-532x62x40","14":"pa_stromforbrukning-44a144v","15":"pa_volt-v-multivolt-10-12-16-18-24-28-30-32","17":"first","18":"onbackorder","19":"taxable","20":"shipping-taxable","21":"purchasable","22":"product-type-simple"},"bundled_by":[],"bundle_stock_status":"onbackorder","bundle_stock_quantity":0,"bundle_virtual":false,"bundle_layout":"","bundle_add_to_cart_form_location":"","bundle_editable_in_cart":false,"bundle_sold_individually_context":"","bundle_item_grouping":"","bundle_min_size":"","bundle_max_size":"","bundle_price":[],"bundled_items":[],"bundle_sell_ids":[],"acf":[],"yoast_head":"<!-- This site is optimized with the Yoast SEO plugin v27.0 - https:\/\/yoast.com\/product\/yoast-seo-wordpress\/ -->\n<title>PT Lazer Linear 18 Elite pos med f\u00e4ste och Canbus - Xenonkungen<\/title>\n<meta name=\"robots\" content=\"index, follow, max-snippet:-1, max-image-preview:large, max-video-preview:-1\" \/>\n<link rel=\"canonical\" href=\"https:\/\/xenonkungen.com\/nl\/product\/pt-lazer-linear-18-elite-pos-met-vaste-en-canbus-aansluiting\/\" \/>\n<meta property=\"og:locale\" content=\"nl_NL\" \/>\n<meta property=\"og:type\" content=\"article\" \/>\n<meta property=\"og:title\" content=\"PT Lazer Linear 18 Elite pos med f\u00e4ste och Canbus - Xenonkungen\" \/>\n<meta property=\"og:description\" content=\"Lazers Linear-serien &#8211; H\u00f6gklassiga extraljusramper f\u00f6r vardagsbruk Enast\u00e5ende prestanda och aerodynamisk design Lazers Linear-serien \u00e4r det ultimata valet f\u00f6r dig som s\u00f6ker h\u00f6gkvalitativa extraljusramper f\u00f6r daglig anv\u00e4ndning. Serien finns i b\u00e5de Standard och Elite-utf\u00f6rande och kombinerar exceptionell ljusprestanda med en slimmad och aerodynamisk design. Dessa ramper \u00e4r l\u00e4tta att montera med de medf\u00f6ljande rostfria f\u00e4stena [&hellip;]\" \/>\n<meta property=\"og:url\" content=\"https:\/\/xenonkungen.com\/nl\/product\/pt-lazer-linear-18-elite-pos-met-vaste-en-canbus-aansluiting\/\" \/>\n<meta property=\"og:site_name\" content=\"Xenonkungen\" \/>\n<meta property=\"article:modified_time\" content=\"2026-04-24T16:24:08+00:00\" \/>\n<meta property=\"og:image\" content=\"https:\/\/xenonkungen.com\/wp-content\/uploads\/2025\/04\/1592071_itemimage_mainfront.jpg\" \/>\n\t<meta property=\"og:image:width\" content=\"2048\" \/>\n\t<meta property=\"og:image:height\" content=\"1536\" \/>\n\t<meta property=\"og:image:type\" content=\"image\/jpeg\" \/>\n<meta name=\"twitter:card\" content=\"summary_large_image\" \/>\n<meta name=\"twitter:label1\" content=\"Geschatte leestijd\" \/>\n\t<meta name=\"twitter:data1\" content=\"1 minuut\" \/>\n<script type=\"application\/ld+json\" class=\"yoast-schema-graph\">{\"@context\":\"https:\/\/schema.org\",\"@graph\":[{\"@type\":\"WebPage\",\"@id\":\"https:\/\/xenonkungen.com\/produkt\/pt-lazer-linear-18-elite-pos-med-faste-och-canbus\/\",\"url\":\"https:\/\/xenonkungen.com\/produkt\/pt-lazer-linear-18-elite-pos-med-faste-och-canbus\/\",\"name\":\"PT Lazer Linear 18 Elite pos med f\u00e4ste och Canbus - Xenonkungen\",\"isPartOf\":{\"@id\":\"https:\/\/xenonkungen.com\/#website\"},\"primaryImageOfPage\":{\"@id\":\"https:\/\/xenonkungen.com\/produkt\/pt-lazer-linear-18-elite-pos-med-faste-och-canbus\/#primaryimage\"},\"image\":{\"@id\":\"https:\/\/xenonkungen.com\/produkt\/pt-lazer-linear-18-elite-pos-med-faste-och-canbus\/#primaryimage\"},\"thumbnailUrl\":\"https:\/\/xenonkungen.com\/wp-content\/uploads\/2025\/04\/1592071_itemimage_mainfront.jpg\",\"datePublished\":\"2025-04-15T09:08:12+00:00\",\"dateModified\":\"2026-04-24T16:24:08+00:00\",\"breadcrumb\":{\"@id\":\"https:\/\/xenonkungen.com\/produkt\/pt-lazer-linear-18-elite-pos-med-faste-och-canbus\/#breadcrumb\"},\"inLanguage\":\"nl-NL\",\"potentialAction\":[{\"@type\":\"ReadAction\",\"target\":[\"https:\/\/xenonkungen.com\/produkt\/pt-lazer-linear-18-elite-pos-med-faste-och-canbus\/\"]}]},{\"@type\":\"ImageObject\",\"inLanguage\":\"nl-NL\",\"@id\":\"https:\/\/xenonkungen.com\/produkt\/pt-lazer-linear-18-elite-pos-med-faste-och-canbus\/#primaryimage\",\"url\":\"https:\/\/xenonkungen.com\/wp-content\/uploads\/2025\/04\/1592071_itemimage_mainfront.jpg\",\"contentUrl\":\"https:\/\/xenonkungen.com\/wp-content\/uploads\/2025\/04\/1592071_itemimage_mainfront.jpg\",\"width\":2048,\"height\":1536},{\"@type\":\"BreadcrumbList\",\"@id\":\"https:\/\/xenonkungen.com\/produkt\/pt-lazer-linear-18-elite-pos-med-faste-och-canbus\/#breadcrumb\",\"itemListElement\":[{\"@type\":\"ListItem\",\"position\":1,\"name\":\"Hem\",\"item\":\"https:\/\/xenonkungen.com\/\"},{\"@type\":\"ListItem\",\"position\":2,\"name\":\"Shop\",\"item\":\"https:\/\/xenonkungen.com\/shop\/\"},{\"@type\":\"ListItem\",\"position\":3,\"name\":\"PT Lazer Linear 18 Elite pos med f\u00e4ste och Canbus\"}]},{\"@type\":\"WebSite\",\"@id\":\"https:\/\/xenonkungen.com\/#website\",\"url\":\"https:\/\/xenonkungen.com\/\",\"name\":\"Xenonkungen\",\"description\":\"\",\"potentialAction\":[{\"@type\":\"SearchAction\",\"target\":{\"@type\":\"EntryPoint\",\"urlTemplate\":\"https:\/\/xenonkungen.com\/?s={search_term_string}\"},\"query-input\":{\"@type\":\"PropertyValueSpecification\",\"valueRequired\":true,\"valueName\":\"search_term_string\"}}],\"inLanguage\":\"nl-NL\"}]}<\/script>\n<!-- \/ Yoast SEO plugin. -->","yoast_head_json":{"title":"PT Lazer Linear 18 Elite pos with bracket and Canbus - Xenonkungen","robots":{"index":"index","follow":"follow","max-snippet":"max-snippet:-1","max-image-preview":"max-image-preview:large","max-video-preview":"max-video-preview:-1"},"canonical":"https:\/\/xenonkungen.com\/nl\/product\/pt-lazer-linear-18-elite-pos-met-vaste-en-canbus-aansluiting\/","og_locale":"nl_NL","og_type":"article","og_title":"PT Lazer Linear 18 Elite pos med f\u00e4ste och Canbus - Xenonkungen","og_description":"Lazers Linear-serien &#8211; H\u00f6gklassiga extraljusramper f\u00f6r vardagsbruk Enast\u00e5ende prestanda och aerodynamisk design Lazers Linear-serien \u00e4r det ultimata valet f\u00f6r dig som s\u00f6ker h\u00f6gkvalitativa extraljusramper f\u00f6r daglig anv\u00e4ndning. Serien finns i b\u00e5de Standard och Elite-utf\u00f6rande och kombinerar exceptionell ljusprestanda med en slimmad och aerodynamisk design. Dessa ramper \u00e4r l\u00e4tta att montera med de medf\u00f6ljande rostfria f\u00e4stena [&hellip;]","og_url":"https:\/\/xenonkungen.com\/nl\/product\/pt-lazer-linear-18-elite-pos-met-vaste-en-canbus-aansluiting\/","og_site_name":"Xenonkungen","article_modified_time":"2026-04-24T16:24:08+00:00","og_image":[{"width":2048,"height":1536,"url":"https:\/\/xenonkungen.com\/wp-content\/uploads\/2025\/04\/1592071_itemimage_mainfront.jpg","type":"image\/jpeg"}],"twitter_card":"summary_large_image","twitter_misc":{"Geschatte leestijd":"1 minuut"},"schema":{"@context":"https:\/\/schema.org","@graph":[{"@type":"WebPage","@id":"https:\/\/xenonkungen.com\/produkt\/pt-lazer-linear-18-elite-pos-med-faste-och-canbus\/","url":"https:\/\/xenonkungen.com\/produkt\/pt-lazer-linear-18-elite-pos-med-faste-och-canbus\/","name":"PT Lazer Linear 18 Elite pos with bracket and Canbus - Xenonkungen","isPartOf":{"@id":"https:\/\/xenonkungen.com\/#website"},"primaryImageOfPage":{"@id":"https:\/\/xenonkungen.com\/produkt\/pt-lazer-linear-18-elite-pos-med-faste-och-canbus\/#primaryimage"},"image":{"@id":"https:\/\/xenonkungen.com\/produkt\/pt-lazer-linear-18-elite-pos-med-faste-och-canbus\/#primaryimage"},"thumbnailUrl":"https:\/\/xenonkungen.com\/wp-content\/uploads\/2025\/04\/1592071_itemimage_mainfront.jpg","datePublished":"2025-04-15T09:08:12+00:00","dateModified":"2026-04-24T16:24:08+00:00","breadcrumb":{"@id":"https:\/\/xenonkungen.com\/produkt\/pt-lazer-linear-18-elite-pos-med-faste-och-canbus\/#breadcrumb"},"inLanguage":"nl-NL","potentialAction":[{"@type":"ReadAction","target":["https:\/\/xenonkungen.com\/produkt\/pt-lazer-linear-18-elite-pos-med-faste-och-canbus\/"]}]},{"@type":"ImageObject","inLanguage":"nl-NL","@id":"https:\/\/xenonkungen.com\/produkt\/pt-lazer-linear-18-elite-pos-med-faste-och-canbus\/#primaryimage","url":"https:\/\/xenonkungen.com\/wp-content\/uploads\/2025\/04\/1592071_itemimage_mainfront.jpg","contentUrl":"https:\/\/xenonkungen.com\/wp-content\/uploads\/2025\/04\/1592071_itemimage_mainfront.jpg","width":2048,"height":1536},{"@type":"BreadcrumbList","@id":"https:\/\/xenonkungen.com\/produkt\/pt-lazer-linear-18-elite-pos-med-faste-och-canbus\/#breadcrumb","itemListElement":[{"@type":"ListItem","position":1,"name":"Hem","item":"https:\/\/xenonkungen.com\/"},{"@type":"ListItem","position":2,"name":"Shop","item":"https:\/\/xenonkungen.com\/shop\/"},{"@type":"ListItem","position":3,"name":"PT Lazer Linear 18 Elite pos med f\u00e4ste och Canbus"}]},{"@type":"WebSite","@id":"https:\/\/xenonkungen.com\/#website","url":"https:\/\/xenonkungen.com\/","name":"Xenonkungen","description":"","potentialAction":[{"@type":"SearchAction","target":{"@type":"EntryPoint","urlTemplate":"https:\/\/xenonkungen.com\/?s={search_term_string}"},"query-input":{"@type":"PropertyValueSpecification","valueRequired":true,"valueName":"search_term_string"}}],"inLanguage":"nl-NL"}]}},"taxonomy_info":{"product_brand":[{"value":1124,"label":"Lazer"}],"product_cat":[{"value":2539,"label":"LEDRAMPER"},{"value":2596,"label":"Paket"}],"product_tag":[{"value":2735,"label":"Lazer"}],"pa_fargtemperatur":[{"value":154,"label":"5000K"}],"pa_godkannande":[{"value":1123,"label":"ECE, R112"}],"pa_led-chips-effekt-w":[{"value":1336,"label":"63"}],"pa_storlek-mm":[{"value":1132,"label":"532x62x40"}],"pa_stromforbrukning":[{"value":1337,"label":"4,4A@14,4V"}],"pa_volt-v":[{"value":1084,"label":"Multivolt, 10, 12, 16, 18, 24, 28, 30, 32"}]},"featured_image_src_large":["https:\/\/xenonkungen.com\/wp-content\/uploads\/2025\/04\/1592071_itemimage_mainfront-1024x768.jpg",1024,768,true],"author_info":[],"comment_info":0,"_links":{"self":[{"href":"https:\/\/xenonkungen.com\/nl\/wp-json\/wp\/v2\/product\/4227","targetHints":{"allow":["GET"]}}],"collection":[{"href":"https:\/\/xenonkungen.com\/nl\/wp-json\/wp\/v2\/product"}],"about":[{"href":"https:\/\/xenonkungen.com\/nl\/wp-json\/wp\/v2\/types\/product"}],"replies":[{"embeddable":true,"href":"https:\/\/xenonkungen.com\/nl\/wp-json\/wp\/v2\/comments?post=4227"}],"wp:featuredmedia":[{"embeddable":true,"href":"https:\/\/xenonkungen.com\/nl\/wp-json\/wp\/v2\/media\/4228"}],"wp:attachment":[{"href":"https:\/\/xenonkungen.com\/nl\/wp-json\/wp\/v2\/media?parent=4227"}],"wp:term":[{"taxonomy":"anvandningsomrade","embeddable":true,"href":"https:\/\/xenonkungen.com\/nl\/wp-json\/wp\/v2\/anvandningsomrade?post=4227"},{"taxonomy":"bilmarken","embeddable":true,"href":"https:\/\/xenonkungen.com\/nl\/wp-json\/wp\/v2\/bilmarken?post=4227"},{"taxonomy":"product_brand","embeddable":true,"href":"https:\/\/xenonkungen.com\/nl\/wp-json\/wp\/v2\/product_brand?post=4227"},{"taxonomy":"product_cat","embeddable":true,"href":"https:\/\/xenonkungen.com\/nl\/wp-json\/wp\/v2\/product_cat?post=4227"},{"taxonomy":"product_tag","embeddable":true,"href":"https:\/\/xenonkungen.com\/nl\/wp-json\/wp\/v2\/product_tag?post=4227"}],"curies":[{"name":"wp","href":"https:\/\/api.w.org\/{rel}","templated":true}]}}