{"id":4239,"date":"2025-04-15T09:08:32","date_gmt":"2025-04-15T09:08:32","guid":{"rendered":"https:\/\/xenonkungen.com\/product\/lazer-triple-r-850-extraljusramp-127-322-mm-pos-ljus\/"},"modified":"2026-04-24T17:24:16","modified_gmt":"2026-04-24T16:24:16","slug":"laser-triple-r-850-extra-lichtbalk-127-322-mm-pos-licht","status":"publish","type":"product","link":"https:\/\/xenonkungen.com\/nl\/product\/laser-triple-r-850-extra-lichtbalk-127-322-mm-pos-licht\/","title":{"rendered":"Lazer Triple-R 850 extra lichtbalk 12,7\u2033 (322 mm) pos.licht"},"content":{"rendered":"<h2>Lazer Triple-R - Pure kracht en precisie in een compact formaat<\/h2>\n<p><strong>Lazer Triple-R serie<\/strong> is ontworpen om te voldoen aan de hoge eisen van professionele rally- en motorsport - en levert nu dezelfde prestaties aan je auto, pick-up of zware vrachtwagen. Of je nu op de weg, in het bos of op het racecircuit rijdt, je krijgt een verlichtingservaring van wereldklasse.<\/p>\n<h3>Standaard &amp; Elite - Kies het niveau dat je nodig hebt<\/h3>\n<p>De serie is verkrijgbaar in zowel <strong>Standaard<\/strong>- en <strong>Elite<\/strong>-versie. Met state-of-the-art LED-technologie en geoptimaliseerde reflectoroptiek biedt Triple-R een <strong>extreem bereik<\/strong> en - in de Elite-versie - een <strong>krachtige zijdelingse lichtverspreiding<\/strong>Perfect om een overzicht te krijgen van de bermen of beboste gebieden.<\/p>\n<h3>Ideaal voor dakmontage<\/h3>\n<p>Drievoudige R's <strong>lage verticale lichtverstrooiing<\/strong> waardoor hij ideaal is voor montage op het dak zonder storende reflecties vanaf de motorkap.<\/p>\n<h3>Flexibel ontwerp in vier maten<\/h3>\n<p>Triple-R Standard is verkrijgbaar in vier lengtes (<strong>230-590 mm<\/strong>) en heeft een compact profiel van slechts 73 mm in de hoogte en 105 mm in de diepte - eenvoudig te integreren in elk voertuig.<\/p>\n<h3>Positielicht in wit of oranje<\/h3>\n<p>Voor wie zelfs bij daglicht wil opvallen, is er de mogelijkheid om <strong>ge\u00efntegreerd positielicht<\/strong> in wit of oranje - een stijlvol, opvallend detail.<\/p>\n<h3>E-Boost - Maximale helderheid in \u00e9\u00e9n seconde<\/h3>\n<p>De modellen <strong>Triple-R 1000<\/strong> en <strong>1250<\/strong> zijn uitgerust met <strong>E-boostfunctie<\/strong> die de hele <strong>9240 en 13 860 lumen<\/strong> - ideaal voor terreinrijden en rally's. Wanneer je op de openbare weg rijdt, kun je eenvoudig overschakelen naar een <strong>E-geautoriseerde modus<\/strong> die nog steeds een indrukwekkende helderheid levert.<\/p>\n<h3>Extra veiligheid met waarschuwingslampjes<\/h3>\n<p>Triple-R 1000 is ook verkrijgbaar met <strong>ge\u00efntegreerd knipperend waarschuwingslicht<\/strong> - ideaal voor hulpverleningsvoertuigen, dienstvoertuigen of werkplekken met hoge veiligheidseisen.<\/p>\n<h3>Gemoedsrust op de koop toe<\/h3>\n<p>Alle lampen in het Triple-R assortiment worden gedekt door <strong>5 jaar functionele garantie<\/strong>. U investeert niet alleen in krachtig licht - u investeert jaar na jaar in betrouwbare prestaties.<\/p>\n<p><strong>Triple-R van Lazer - voor wie het beste eist, ongeacht de weg of het weer.<\/strong><\/p>","protected":false},"excerpt":{"rendered":"<p>Lazer Triple-R \u2013 R\u00e5styrka och precision i ett kompakt format Lazer Triple-R-serien \u00e4r skapad f\u00f6r att m\u00f6ta de h\u00f6gt st\u00e4llda kraven fr\u00e5n professionell rally- och motorsport \u2013 och levererar nu samma prestanda till din personbil, pickup eller tunga lastbil. Oavsett om du k\u00f6r p\u00e5 landsv\u00e4g, i skogen eller p\u00e5 t\u00e4vlingsbana f\u00e5r du en ljusupplevelse i [&hellip;]<\/p>","protected":false},"featured_media":4240,"comment_status":"closed","ping_status":"open","template":"","meta":{"_acf_changed":false,"_smort_price_nok":"5474","_smort_price_dkk":"3478","_smort_price_eur":"465.89","_smort_sale_price_nok":"","_smort_sale_price_dkk":"","_smort_sale_price_eur":"","smort_restorder":"","shipmondo_restorder":"","_kad_blocks_custom_css":"","_kad_blocks_head_custom_js":"","_kad_blocks_body_custom_js":"","_kad_blocks_footer_custom_js":"","smort_custom_pricelist_1":"3280","smort_custom_pricelist_2":"3280","smort_custom_pricelist_3":"3280","smort_custom_pricelist_4":"4100","smort_custom_pricelist_5":"3280"},"anvandningsomrade":[],"bilmarken":[],"product_brand":[1124],"product_cat":[2561,2966,2539],"product_tag":[2735],"class_list":{"0":"post-4239","1":"product","2":"type-product","3":"status-publish","4":"has-post-thumbnail","6":"product_brand-lazer","7":"product_cat-lazer","8":"product_cat-ledramp-rak","9":"product_cat-ledramper","10":"product_tag-lazer","11":"pa_fargtemperatur-5000k","12":"pa_fuktskydd-varde-ipxx-ip67","13":"pa_godkannande-ece-r112","14":"pa_led-chips-effekt-w-1319","15":"pa_storlek-mm-322x73x105","16":"pa_stromforbrukning-46a144v","17":"pa_volt-v-multivolt-10-12-16-18-24-28-30-32","19":"first","20":"onbackorder","21":"taxable","22":"shipping-taxable","23":"purchasable","24":"product-type-simple"},"bundled_by":[],"bundle_stock_status":"onbackorder","bundle_stock_quantity":0,"bundle_virtual":false,"bundle_layout":"","bundle_add_to_cart_form_location":"","bundle_editable_in_cart":false,"bundle_sold_individually_context":"","bundle_item_grouping":"","bundle_min_size":"","bundle_max_size":"","bundle_price":[],"bundled_items":[],"bundle_sell_ids":[],"acf":[],"yoast_head":"<!-- This site is optimized with the Yoast SEO plugin v27.0 - https:\/\/yoast.com\/product\/yoast-seo-wordpress\/ -->\n<title>Lazer Triple-R 850 extraljusramp 12,7&quot; (322 mm) pos.ljus - Xenonkungen<\/title>\n<meta name=\"robots\" content=\"index, follow, max-snippet:-1, max-image-preview:large, max-video-preview:-1\" \/>\n<link rel=\"canonical\" href=\"https:\/\/xenonkungen.com\/nl\/product\/laser-triple-r-850-extra-lichtbalk-127-322-mm-pos-licht\/\" \/>\n<meta property=\"og:locale\" content=\"nl_NL\" \/>\n<meta property=\"og:type\" content=\"article\" \/>\n<meta property=\"og:title\" content=\"Lazer Triple-R 850 extraljusramp 12,7&quot; (322 mm) pos.ljus - Xenonkungen\" \/>\n<meta property=\"og:description\" content=\"Lazer Triple-R \u2013 R\u00e5styrka och precision i ett kompakt format Lazer Triple-R-serien \u00e4r skapad f\u00f6r att m\u00f6ta de h\u00f6gt st\u00e4llda kraven fr\u00e5n professionell rally- och motorsport \u2013 och levererar nu samma prestanda till din personbil, pickup eller tunga lastbil. Oavsett om du k\u00f6r p\u00e5 landsv\u00e4g, i skogen eller p\u00e5 t\u00e4vlingsbana f\u00e5r du en ljusupplevelse i [&hellip;]\" \/>\n<meta property=\"og:url\" content=\"https:\/\/xenonkungen.com\/nl\/product\/laser-triple-r-850-extra-lichtbalk-127-322-mm-pos-licht\/\" \/>\n<meta property=\"og:site_name\" content=\"Xenonkungen\" \/>\n<meta property=\"article:modified_time\" content=\"2026-04-24T16:24:16+00:00\" \/>\n<meta property=\"og:image\" content=\"https:\/\/xenonkungen.com\/wp-content\/uploads\/2025\/04\/159232_itemimage_mainfront.jpg\" \/>\n\t<meta property=\"og:image:width\" content=\"2048\" \/>\n\t<meta property=\"og:image:height\" content=\"1536\" \/>\n\t<meta property=\"og:image:type\" content=\"image\/jpeg\" \/>\n<meta name=\"twitter:card\" content=\"summary_large_image\" \/>\n<meta name=\"twitter:label1\" content=\"Geschatte leestijd\" \/>\n\t<meta name=\"twitter:data1\" content=\"2 minuten\" \/>\n<script type=\"application\/ld+json\" class=\"yoast-schema-graph\">{\"@context\":\"https:\/\/schema.org\",\"@graph\":[{\"@type\":\"WebPage\",\"@id\":\"https:\/\/xenonkungen.com\/produkt\/lazer-triple-r-850-extraljusramp-127-322-mm-pos-ljus\/\",\"url\":\"https:\/\/xenonkungen.com\/produkt\/lazer-triple-r-850-extraljusramp-127-322-mm-pos-ljus\/\",\"name\":\"Lazer Triple-R 850 extraljusramp 12,7\\\" (322 mm) pos.ljus - Xenonkungen\",\"isPartOf\":{\"@id\":\"https:\/\/xenonkungen.com\/#website\"},\"primaryImageOfPage\":{\"@id\":\"https:\/\/xenonkungen.com\/produkt\/lazer-triple-r-850-extraljusramp-127-322-mm-pos-ljus\/#primaryimage\"},\"image\":{\"@id\":\"https:\/\/xenonkungen.com\/produkt\/lazer-triple-r-850-extraljusramp-127-322-mm-pos-ljus\/#primaryimage\"},\"thumbnailUrl\":\"https:\/\/xenonkungen.com\/wp-content\/uploads\/2025\/04\/159232_itemimage_mainfront.jpg\",\"datePublished\":\"2025-04-15T09:08:32+00:00\",\"dateModified\":\"2026-04-24T16:24:16+00:00\",\"breadcrumb\":{\"@id\":\"https:\/\/xenonkungen.com\/produkt\/lazer-triple-r-850-extraljusramp-127-322-mm-pos-ljus\/#breadcrumb\"},\"inLanguage\":\"nl-NL\",\"potentialAction\":[{\"@type\":\"ReadAction\",\"target\":[\"https:\/\/xenonkungen.com\/produkt\/lazer-triple-r-850-extraljusramp-127-322-mm-pos-ljus\/\"]}]},{\"@type\":\"ImageObject\",\"inLanguage\":\"nl-NL\",\"@id\":\"https:\/\/xenonkungen.com\/produkt\/lazer-triple-r-850-extraljusramp-127-322-mm-pos-ljus\/#primaryimage\",\"url\":\"https:\/\/xenonkungen.com\/wp-content\/uploads\/2025\/04\/159232_itemimage_mainfront.jpg\",\"contentUrl\":\"https:\/\/xenonkungen.com\/wp-content\/uploads\/2025\/04\/159232_itemimage_mainfront.jpg\",\"width\":2048,\"height\":1536},{\"@type\":\"BreadcrumbList\",\"@id\":\"https:\/\/xenonkungen.com\/produkt\/lazer-triple-r-850-extraljusramp-127-322-mm-pos-ljus\/#breadcrumb\",\"itemListElement\":[{\"@type\":\"ListItem\",\"position\":1,\"name\":\"Hem\",\"item\":\"https:\/\/xenonkungen.com\/\"},{\"@type\":\"ListItem\",\"position\":2,\"name\":\"Shop\",\"item\":\"https:\/\/xenonkungen.com\/shop\/\"},{\"@type\":\"ListItem\",\"position\":3,\"name\":\"Lazer Triple-R 850 extraljusramp 12,7&#8243; (322 mm) pos.ljus\"}]},{\"@type\":\"WebSite\",\"@id\":\"https:\/\/xenonkungen.com\/#website\",\"url\":\"https:\/\/xenonkungen.com\/\",\"name\":\"Xenonkungen\",\"description\":\"\",\"potentialAction\":[{\"@type\":\"SearchAction\",\"target\":{\"@type\":\"EntryPoint\",\"urlTemplate\":\"https:\/\/xenonkungen.com\/?s={search_term_string}\"},\"query-input\":{\"@type\":\"PropertyValueSpecification\",\"valueRequired\":true,\"valueName\":\"search_term_string\"}}],\"inLanguage\":\"nl-NL\"}]}<\/script>\n<!-- \/ Yoast SEO plugin. -->","yoast_head_json":{"title":"Lazer Triple-R 850 hulplichtbalk 12,7&quot; (322 mm) positielicht - Xenonkungen","robots":{"index":"index","follow":"follow","max-snippet":"max-snippet:-1","max-image-preview":"max-image-preview:large","max-video-preview":"max-video-preview:-1"},"canonical":"https:\/\/xenonkungen.com\/nl\/product\/laser-triple-r-850-extra-lichtbalk-127-322-mm-pos-licht\/","og_locale":"nl_NL","og_type":"article","og_title":"Lazer Triple-R 850 extraljusramp 12,7\" (322 mm) pos.ljus - Xenonkungen","og_description":"Lazer Triple-R \u2013 R\u00e5styrka och precision i ett kompakt format Lazer Triple-R-serien \u00e4r skapad f\u00f6r att m\u00f6ta de h\u00f6gt st\u00e4llda kraven fr\u00e5n professionell rally- och motorsport \u2013 och levererar nu samma prestanda till din personbil, pickup eller tunga lastbil. Oavsett om du k\u00f6r p\u00e5 landsv\u00e4g, i skogen eller p\u00e5 t\u00e4vlingsbana f\u00e5r du en ljusupplevelse i [&hellip;]","og_url":"https:\/\/xenonkungen.com\/nl\/product\/laser-triple-r-850-extra-lichtbalk-127-322-mm-pos-licht\/","og_site_name":"Xenonkungen","article_modified_time":"2026-04-24T16:24:16+00:00","og_image":[{"width":2048,"height":1536,"url":"https:\/\/xenonkungen.com\/wp-content\/uploads\/2025\/04\/159232_itemimage_mainfront.jpg","type":"image\/jpeg"}],"twitter_card":"summary_large_image","twitter_misc":{"Geschatte leestijd":"2 minuten"},"schema":{"@context":"https:\/\/schema.org","@graph":[{"@type":"WebPage","@id":"https:\/\/xenonkungen.com\/produkt\/lazer-triple-r-850-extraljusramp-127-322-mm-pos-ljus\/","url":"https:\/\/xenonkungen.com\/produkt\/lazer-triple-r-850-extraljusramp-127-322-mm-pos-ljus\/","name":"Lazer Triple-R 850 hulplichtbalk 12,7&quot; (322 mm) positielicht - Xenonkungen","isPartOf":{"@id":"https:\/\/xenonkungen.com\/#website"},"primaryImageOfPage":{"@id":"https:\/\/xenonkungen.com\/produkt\/lazer-triple-r-850-extraljusramp-127-322-mm-pos-ljus\/#primaryimage"},"image":{"@id":"https:\/\/xenonkungen.com\/produkt\/lazer-triple-r-850-extraljusramp-127-322-mm-pos-ljus\/#primaryimage"},"thumbnailUrl":"https:\/\/xenonkungen.com\/wp-content\/uploads\/2025\/04\/159232_itemimage_mainfront.jpg","datePublished":"2025-04-15T09:08:32+00:00","dateModified":"2026-04-24T16:24:16+00:00","breadcrumb":{"@id":"https:\/\/xenonkungen.com\/produkt\/lazer-triple-r-850-extraljusramp-127-322-mm-pos-ljus\/#breadcrumb"},"inLanguage":"nl-NL","potentialAction":[{"@type":"ReadAction","target":["https:\/\/xenonkungen.com\/produkt\/lazer-triple-r-850-extraljusramp-127-322-mm-pos-ljus\/"]}]},{"@type":"ImageObject","inLanguage":"nl-NL","@id":"https:\/\/xenonkungen.com\/produkt\/lazer-triple-r-850-extraljusramp-127-322-mm-pos-ljus\/#primaryimage","url":"https:\/\/xenonkungen.com\/wp-content\/uploads\/2025\/04\/159232_itemimage_mainfront.jpg","contentUrl":"https:\/\/xenonkungen.com\/wp-content\/uploads\/2025\/04\/159232_itemimage_mainfront.jpg","width":2048,"height":1536},{"@type":"BreadcrumbList","@id":"https:\/\/xenonkungen.com\/produkt\/lazer-triple-r-850-extraljusramp-127-322-mm-pos-ljus\/#breadcrumb","itemListElement":[{"@type":"ListItem","position":1,"name":"Hem","item":"https:\/\/xenonkungen.com\/"},{"@type":"ListItem","position":2,"name":"Shop","item":"https:\/\/xenonkungen.com\/shop\/"},{"@type":"ListItem","position":3,"name":"Lazer Triple-R 850 extraljusramp 12,7&#8243; (322 mm) pos.ljus"}]},{"@type":"WebSite","@id":"https:\/\/xenonkungen.com\/#website","url":"https:\/\/xenonkungen.com\/","name":"Xenonkungen","description":"","potentialAction":[{"@type":"SearchAction","target":{"@type":"EntryPoint","urlTemplate":"https:\/\/xenonkungen.com\/?s={search_term_string}"},"query-input":{"@type":"PropertyValueSpecification","valueRequired":true,"valueName":"search_term_string"}}],"inLanguage":"nl-NL"}]}},"taxonomy_info":{"product_brand":[{"value":1124,"label":"Lazer"}],"product_cat":[{"value":2561,"label":"Lazer"},{"value":2966,"label":"Ledramp Rak"},{"value":2539,"label":"LEDRAMPER"}],"product_tag":[{"value":2735,"label":"Lazer"}],"pa_fargtemperatur":[{"value":154,"label":"5000K"}],"pa_fuktskydd-varde-ipxx":[{"value":333,"label":"IP67"}],"pa_godkannande":[{"value":1123,"label":"ECE, R112"}],"pa_led-chips-effekt-w":[{"value":1319,"label":"66"}],"pa_storlek-mm":[{"value":1341,"label":"322x73x105"}],"pa_stromforbrukning":[{"value":1342,"label":"4,6A@14,4V"}],"pa_volt-v":[{"value":1084,"label":"Multivolt, 10, 12, 16, 18, 24, 28, 30, 32"}]},"featured_image_src_large":["https:\/\/xenonkungen.com\/wp-content\/uploads\/2025\/04\/159232_itemimage_mainfront-1024x768.jpg",1024,768,true],"author_info":[],"comment_info":0,"_links":{"self":[{"href":"https:\/\/xenonkungen.com\/nl\/wp-json\/wp\/v2\/product\/4239","targetHints":{"allow":["GET"]}}],"collection":[{"href":"https:\/\/xenonkungen.com\/nl\/wp-json\/wp\/v2\/product"}],"about":[{"href":"https:\/\/xenonkungen.com\/nl\/wp-json\/wp\/v2\/types\/product"}],"replies":[{"embeddable":true,"href":"https:\/\/xenonkungen.com\/nl\/wp-json\/wp\/v2\/comments?post=4239"}],"wp:featuredmedia":[{"embeddable":true,"href":"https:\/\/xenonkungen.com\/nl\/wp-json\/wp\/v2\/media\/4240"}],"wp:attachment":[{"href":"https:\/\/xenonkungen.com\/nl\/wp-json\/wp\/v2\/media?parent=4239"}],"wp:term":[{"taxonomy":"anvandningsomrade","embeddable":true,"href":"https:\/\/xenonkungen.com\/nl\/wp-json\/wp\/v2\/anvandningsomrade?post=4239"},{"taxonomy":"bilmarken","embeddable":true,"href":"https:\/\/xenonkungen.com\/nl\/wp-json\/wp\/v2\/bilmarken?post=4239"},{"taxonomy":"product_brand","embeddable":true,"href":"https:\/\/xenonkungen.com\/nl\/wp-json\/wp\/v2\/product_brand?post=4239"},{"taxonomy":"product_cat","embeddable":true,"href":"https:\/\/xenonkungen.com\/nl\/wp-json\/wp\/v2\/product_cat?post=4239"},{"taxonomy":"product_tag","embeddable":true,"href":"https:\/\/xenonkungen.com\/nl\/wp-json\/wp\/v2\/product_tag?post=4239"}],"curies":[{"name":"wp","href":"https:\/\/api.w.org\/{rel}","templated":true}]}}