{"id":4340,"date":"2025-04-15T09:10:51","date_gmt":"2025-04-15T09:10:51","guid":{"rendered":"https:\/\/xenonkungen.com\/product\/lazer-carbon-6-spot-gen3\/"},"modified":"2026-04-11T01:03:29","modified_gmt":"2026-04-11T00:03:29","slug":"laser-carbon-6-spot-gen3","status":"publish","type":"product","link":"https:\/\/xenonkungen.com\/nl\/product\/laser-carbon-6-spot-gen3\/","title":{"rendered":"Lazer Koolstof-6 Spot Gen3"},"content":{"rendered":"<h1>De derde generatie Carbon-6 LED autolampen<\/h1>\n<p>De Carbon-serie van Lazer zet een geheel nieuwe standaard voor extra verlichting in de motorsport!<\/p>\n<p>Door middel van uitgebreide tests en feedback van de allerhoogste niveaus van rally, circuit en off-road motorsport, is de kleurtemperatuur van de LED's zorgvuldig geselecteerd om maximale definitie en scherpte te bieden. Het unieke ontwerp van zowel de behuizing als de interne elektronica, waaronder naar achteren gerichte LED's, zorgt voor een betere benutting van het licht, minder verstrooiing en een homogenere lichtverdeling.<\/p>\n<p>De 11W diodes met hoge intensiteit in de Carbon-6 en de 3W Matrix LED's, die zijn afgestemd op de specifieke eisen van de motorsport, zorgen samen voor uitstekende lichtprestaties met ultra-reflecterende, vacu\u00fcm gemetalliseerde boost optiek. De Carbon-6 is verkrijgbaar met zowel Spot als Drive lichtpatronen. Dankzij de ultralichte lampbehuizing, verkrijgbaar in zowel koolstofvezel als 3D-geprint materiaal, weegt de lamp slechts 420 g, waardoor de lamp een indrukwekkende vermogen-gewichtsverhouding heeft die voorheen ongekend was in autoverlichting.<\/p>\n<p>De Carbon-6 is compatibel met de Race Dashboard Controller van Lazer, waarmee de hellingen kunnen worden ingesteld op verschillende modi: mistmodus, adaptieve modus (een secundaire lichtbundel beweegt omhoog of omlaag afhankelijk van remmen en accelereren), E-branded modus en E-boost modus.<\/p>","protected":false},"excerpt":{"rendered":"<p>Den tredje generationen av Carbon-6 LED-fordonslampor Lazers Carbon-serie s\u00e4tter en helt ny standard f\u00f6r extrabelysning inom motorsportv\u00e4rlden! Genom omfattande tester och feedback fr\u00e5n de allra h\u00f6gsta niv\u00e5erna i rally-, sp\u00e5r- och terr\u00e4ngmotorsport har lysdiodernas f\u00e4rgtemperatur noggrant valts ut f\u00f6r att ge maximal definition och sk\u00e4rpa. Den unika designen av b\u00e5de h\u00f6ljet och intern elektronik, som [&hellip;]<\/p>","protected":false},"featured_media":4341,"comment_status":"closed","ping_status":"closed","template":"","meta":{"_acf_changed":false,"_smort_price_nok":"8412","_smort_price_dkk":"5344","_smort_price_eur":"715.88","_smort_sale_price_nok":"","_smort_sale_price_dkk":"","_smort_sale_price_eur":"","smort_restorder":"","shipmondo_restorder":"","_kad_blocks_custom_css":"","_kad_blocks_head_custom_js":"","_kad_blocks_body_custom_js":"","_kad_blocks_footer_custom_js":"","smort_custom_pricelist_1":"5200","smort_custom_pricelist_2":"5200","smort_custom_pricelist_3":"5200","smort_custom_pricelist_4":"6500","smort_custom_pricelist_5":"5200"},"anvandningsomrade":[1376],"bilmarken":[],"product_brand":[1124],"product_cat":[16],"product_tag":[2735],"class_list":{"0":"post-4340","1":"product","2":"type-product","3":"status-publish","4":"has-post-thumbnail","6":"anvandningsomrade-rally","7":"product_brand-lazer","8":"product_cat-uncategorized","9":"product_tag-lazer","10":"pa_fargtemperatur-5000k","11":"pa_fuktskydd-varde-ipxx-ip68","12":"pa_godkannande-ece-r10-r149","13":"pa_lampsockel-kontakt-dt4","14":"pa_led-chips-effekt-w-1373","15":"pa_ljusbild-spot","16":"pa_storlek-mm-315x99x63","17":"pa_stromforbrukning-59a144v","18":"pa_volt-v-multivolt-10-12-16-18-24-28-30-32","20":"first","21":"onbackorder","22":"taxable","23":"shipping-taxable","24":"purchasable","25":"product-type-simple"},"bundled_by":[],"bundle_stock_status":"onbackorder","bundle_stock_quantity":0,"bundle_virtual":false,"bundle_layout":"","bundle_add_to_cart_form_location":"","bundle_editable_in_cart":false,"bundle_sold_individually_context":"","bundle_item_grouping":"","bundle_min_size":"","bundle_max_size":"","bundle_price":[],"bundled_items":[],"bundle_sell_ids":[],"acf":[],"yoast_head":"<!-- This site is optimized with the Yoast SEO plugin v27.0 - https:\/\/yoast.com\/product\/yoast-seo-wordpress\/ -->\n<title>Lazer Carbon-6 Spot Gen3 - Xenonkungen<\/title>\n<meta name=\"robots\" content=\"index, follow, max-snippet:-1, max-image-preview:large, max-video-preview:-1\" \/>\n<link rel=\"canonical\" href=\"http:\/\/xenonkungen.com\/nl\/product\/laser-carbon-6-spot-gen3\/\" \/>\n<meta property=\"og:locale\" content=\"nl_NL\" \/>\n<meta property=\"og:type\" content=\"article\" \/>\n<meta property=\"og:title\" content=\"Lazer Carbon-6 Spot Gen3 - Xenonkungen\" \/>\n<meta property=\"og:description\" content=\"Den tredje generationen av Carbon-6 LED-fordonslampor Lazers Carbon-serie s\u00e4tter en helt ny standard f\u00f6r extrabelysning inom motorsportv\u00e4rlden! Genom omfattande tester och feedback fr\u00e5n de allra h\u00f6gsta niv\u00e5erna i rally-, sp\u00e5r- och terr\u00e4ngmotorsport har lysdiodernas f\u00e4rgtemperatur noggrant valts ut f\u00f6r att ge maximal definition och sk\u00e4rpa. Den unika designen av b\u00e5de h\u00f6ljet och intern elektronik, som [&hellip;]\" \/>\n<meta property=\"og:url\" content=\"http:\/\/xenonkungen.com\/nl\/product\/laser-carbon-6-spot-gen3\/\" \/>\n<meta property=\"og:site_name\" content=\"Xenonkungen\" \/>\n<meta property=\"article:modified_time\" content=\"2026-04-11T00:03:29+00:00\" \/>\n<meta property=\"og:image\" content=\"https:\/\/xenonkungen.com\/wp-content\/uploads\/2025\/04\/159311_itemimage_mainfront.jpg\" \/>\n\t<meta property=\"og:image:width\" content=\"2048\" \/>\n\t<meta property=\"og:image:height\" content=\"1536\" \/>\n\t<meta property=\"og:image:type\" content=\"image\/jpeg\" \/>\n<meta name=\"twitter:card\" content=\"summary_large_image\" \/>\n<meta name=\"twitter:label1\" content=\"Geschatte leestijd\" \/>\n\t<meta name=\"twitter:data1\" content=\"2 minuten\" \/>\n<script type=\"application\/ld+json\" class=\"yoast-schema-graph\">{\"@context\":\"https:\/\/schema.org\",\"@graph\":[{\"@type\":\"WebPage\",\"@id\":\"http:\/\/xenonkungen.com\/fi\/tuote\/lazer-carbon-6-spot-gen3\/\",\"url\":\"http:\/\/xenonkungen.com\/fi\/tuote\/lazer-carbon-6-spot-gen3\/\",\"name\":\"Lazer Carbon-6 Spot Gen3 - Xenonkungen\",\"isPartOf\":{\"@id\":\"https:\/\/xenonkungen.com\/#website\"},\"primaryImageOfPage\":{\"@id\":\"http:\/\/xenonkungen.com\/fi\/tuote\/lazer-carbon-6-spot-gen3\/#primaryimage\"},\"image\":{\"@id\":\"http:\/\/xenonkungen.com\/fi\/tuote\/lazer-carbon-6-spot-gen3\/#primaryimage\"},\"thumbnailUrl\":\"https:\/\/xenonkungen.com\/wp-content\/uploads\/2025\/04\/159311_itemimage_mainfront.jpg\",\"datePublished\":\"2025-04-15T09:10:51+00:00\",\"dateModified\":\"2026-04-11T00:03:29+00:00\",\"breadcrumb\":{\"@id\":\"http:\/\/xenonkungen.com\/fi\/tuote\/lazer-carbon-6-spot-gen3\/#breadcrumb\"},\"inLanguage\":\"nl-NL\",\"potentialAction\":[{\"@type\":\"ReadAction\",\"target\":[\"http:\/\/xenonkungen.com\/fi\/tuote\/lazer-carbon-6-spot-gen3\/\"]}]},{\"@type\":\"ImageObject\",\"inLanguage\":\"nl-NL\",\"@id\":\"http:\/\/xenonkungen.com\/fi\/tuote\/lazer-carbon-6-spot-gen3\/#primaryimage\",\"url\":\"https:\/\/xenonkungen.com\/wp-content\/uploads\/2025\/04\/159311_itemimage_mainfront.jpg\",\"contentUrl\":\"https:\/\/xenonkungen.com\/wp-content\/uploads\/2025\/04\/159311_itemimage_mainfront.jpg\",\"width\":2048,\"height\":1536},{\"@type\":\"BreadcrumbList\",\"@id\":\"http:\/\/xenonkungen.com\/fi\/tuote\/lazer-carbon-6-spot-gen3\/#breadcrumb\",\"itemListElement\":[{\"@type\":\"ListItem\",\"position\":1,\"name\":\"Hem\",\"item\":\"https:\/\/xenonkungen.com\/\"},{\"@type\":\"ListItem\",\"position\":2,\"name\":\"Shop\",\"item\":\"https:\/\/xenonkungen.com\/shop\/\"},{\"@type\":\"ListItem\",\"position\":3,\"name\":\"Lazer Carbon-6 Spot Gen3\"}]},{\"@type\":\"WebSite\",\"@id\":\"https:\/\/xenonkungen.com\/#website\",\"url\":\"https:\/\/xenonkungen.com\/\",\"name\":\"Xenonkungen\",\"description\":\"\",\"potentialAction\":[{\"@type\":\"SearchAction\",\"target\":{\"@type\":\"EntryPoint\",\"urlTemplate\":\"https:\/\/xenonkungen.com\/?s={search_term_string}\"},\"query-input\":{\"@type\":\"PropertyValueSpecification\",\"valueRequired\":true,\"valueName\":\"search_term_string\"}}],\"inLanguage\":\"nl-NL\"}]}<\/script>\n<!-- \/ Yoast SEO plugin. -->","yoast_head_json":{"title":"Lazer Carbon-6 Spot Gen3 - De Xenon-koning","robots":{"index":"index","follow":"follow","max-snippet":"max-snippet:-1","max-image-preview":"max-image-preview:large","max-video-preview":"max-video-preview:-1"},"canonical":"http:\/\/xenonkungen.com\/nl\/product\/laser-carbon-6-spot-gen3\/","og_locale":"nl_NL","og_type":"article","og_title":"Lazer Carbon-6 Spot Gen3 - Xenonkungen","og_description":"Den tredje generationen av Carbon-6 LED-fordonslampor Lazers Carbon-serie s\u00e4tter en helt ny standard f\u00f6r extrabelysning inom motorsportv\u00e4rlden! Genom omfattande tester och feedback fr\u00e5n de allra h\u00f6gsta niv\u00e5erna i rally-, sp\u00e5r- och terr\u00e4ngmotorsport har lysdiodernas f\u00e4rgtemperatur noggrant valts ut f\u00f6r att ge maximal definition och sk\u00e4rpa. Den unika designen av b\u00e5de h\u00f6ljet och intern elektronik, som [&hellip;]","og_url":"http:\/\/xenonkungen.com\/nl\/product\/laser-carbon-6-spot-gen3\/","og_site_name":"Xenonkungen","article_modified_time":"2026-04-11T00:03:29+00:00","og_image":[{"width":2048,"height":1536,"url":"https:\/\/xenonkungen.com\/wp-content\/uploads\/2025\/04\/159311_itemimage_mainfront.jpg","type":"image\/jpeg"}],"twitter_card":"summary_large_image","twitter_misc":{"Geschatte leestijd":"2 minuten"},"schema":{"@context":"https:\/\/schema.org","@graph":[{"@type":"WebPage","@id":"http:\/\/xenonkungen.com\/fi\/tuote\/lazer-carbon-6-spot-gen3\/","url":"http:\/\/xenonkungen.com\/fi\/tuote\/lazer-carbon-6-spot-gen3\/","name":"Lazer Carbon-6 Spot Gen3 - De Xenon-koning","isPartOf":{"@id":"https:\/\/xenonkungen.com\/#website"},"primaryImageOfPage":{"@id":"http:\/\/xenonkungen.com\/fi\/tuote\/lazer-carbon-6-spot-gen3\/#primaryimage"},"image":{"@id":"http:\/\/xenonkungen.com\/fi\/tuote\/lazer-carbon-6-spot-gen3\/#primaryimage"},"thumbnailUrl":"https:\/\/xenonkungen.com\/wp-content\/uploads\/2025\/04\/159311_itemimage_mainfront.jpg","datePublished":"2025-04-15T09:10:51+00:00","dateModified":"2026-04-11T00:03:29+00:00","breadcrumb":{"@id":"http:\/\/xenonkungen.com\/fi\/tuote\/lazer-carbon-6-spot-gen3\/#breadcrumb"},"inLanguage":"nl-NL","potentialAction":[{"@type":"ReadAction","target":["http:\/\/xenonkungen.com\/fi\/tuote\/lazer-carbon-6-spot-gen3\/"]}]},{"@type":"ImageObject","inLanguage":"nl-NL","@id":"http:\/\/xenonkungen.com\/fi\/tuote\/lazer-carbon-6-spot-gen3\/#primaryimage","url":"https:\/\/xenonkungen.com\/wp-content\/uploads\/2025\/04\/159311_itemimage_mainfront.jpg","contentUrl":"https:\/\/xenonkungen.com\/wp-content\/uploads\/2025\/04\/159311_itemimage_mainfront.jpg","width":2048,"height":1536},{"@type":"BreadcrumbList","@id":"http:\/\/xenonkungen.com\/fi\/tuote\/lazer-carbon-6-spot-gen3\/#breadcrumb","itemListElement":[{"@type":"ListItem","position":1,"name":"Hem","item":"https:\/\/xenonkungen.com\/"},{"@type":"ListItem","position":2,"name":"Shop","item":"https:\/\/xenonkungen.com\/shop\/"},{"@type":"ListItem","position":3,"name":"Lazer Carbon-6 Spot Gen3"}]},{"@type":"WebSite","@id":"https:\/\/xenonkungen.com\/#website","url":"https:\/\/xenonkungen.com\/","name":"Xenonkungen","description":"","potentialAction":[{"@type":"SearchAction","target":{"@type":"EntryPoint","urlTemplate":"https:\/\/xenonkungen.com\/?s={search_term_string}"},"query-input":{"@type":"PropertyValueSpecification","valueRequired":true,"valueName":"search_term_string"}}],"inLanguage":"nl-NL"}]}},"taxonomy_info":{"anvandningsomrade":[{"value":1376,"label":"Rally"}],"product_brand":[{"value":1124,"label":"Lazer"}],"product_cat":[{"value":16,"label":"Uncategorized"}],"product_tag":[{"value":2735,"label":"Lazer"}],"pa_fargtemperatur":[{"value":154,"label":"5000K"}],"pa_fuktskydd-varde-ipxx":[{"value":177,"label":"IP68"}],"pa_godkannande":[{"value":1375,"label":"ECE, R10, R149"}],"pa_lampsockel-kontakt":[{"value":404,"label":"DT4"}],"pa_led-chips-effekt-w":[{"value":1373,"label":"85"}],"pa_ljusbild":[{"value":1177,"label":"Spot"}],"pa_storlek-mm":[{"value":1372,"label":"315x99x63"}],"pa_stromforbrukning":[{"value":1374,"label":"5,9A@14,4V"}],"pa_volt-v":[{"value":1084,"label":"Multivolt, 10, 12, 16, 18, 24, 28, 30, 32"}]},"featured_image_src_large":["https:\/\/xenonkungen.com\/wp-content\/uploads\/2025\/04\/159311_itemimage_mainfront-1024x768.jpg",1024,768,true],"author_info":[],"comment_info":0,"_links":{"self":[{"href":"https:\/\/xenonkungen.com\/nl\/wp-json\/wp\/v2\/product\/4340","targetHints":{"allow":["GET"]}}],"collection":[{"href":"https:\/\/xenonkungen.com\/nl\/wp-json\/wp\/v2\/product"}],"about":[{"href":"https:\/\/xenonkungen.com\/nl\/wp-json\/wp\/v2\/types\/product"}],"replies":[{"embeddable":true,"href":"https:\/\/xenonkungen.com\/nl\/wp-json\/wp\/v2\/comments?post=4340"}],"wp:featuredmedia":[{"embeddable":true,"href":"https:\/\/xenonkungen.com\/nl\/wp-json\/wp\/v2\/media\/4341"}],"wp:attachment":[{"href":"https:\/\/xenonkungen.com\/nl\/wp-json\/wp\/v2\/media?parent=4340"}],"wp:term":[{"taxonomy":"anvandningsomrade","embeddable":true,"href":"https:\/\/xenonkungen.com\/nl\/wp-json\/wp\/v2\/anvandningsomrade?post=4340"},{"taxonomy":"bilmarken","embeddable":true,"href":"https:\/\/xenonkungen.com\/nl\/wp-json\/wp\/v2\/bilmarken?post=4340"},{"taxonomy":"product_brand","embeddable":true,"href":"https:\/\/xenonkungen.com\/nl\/wp-json\/wp\/v2\/product_brand?post=4340"},{"taxonomy":"product_cat","embeddable":true,"href":"https:\/\/xenonkungen.com\/nl\/wp-json\/wp\/v2\/product_cat?post=4340"},{"taxonomy":"product_tag","embeddable":true,"href":"https:\/\/xenonkungen.com\/nl\/wp-json\/wp\/v2\/product_tag?post=4340"}],"curies":[{"name":"wp","href":"https:\/\/api.w.org\/{rel}","templated":true}]}}