{"id":4409,"date":"2025-04-15T09:12:46","date_gmt":"2025-04-15T09:12:46","guid":{"rendered":"https:\/\/xenonkungen.com\/product\/lazer-horisontell-rorklamma-76-mm-svart-utan-lazer-logo\/"},"modified":"2026-04-24T17:25:21","modified_gmt":"2026-04-24T16:25:21","slug":"laser-horizontale-roerklem-76-mm-zwart-zonder-laser-logo","status":"publish","type":"product","link":"https:\/\/xenonkungen.com\/nl\/product\/laser-horizontale-roerklem-76-mm-zwart-zonder-laser-logo\/","title":{"rendered":"Lazer horizontale pijpenklem 76 mm zwart, zonder Lazer-logo"},"content":{"rendered":"<h1 class=\"\"><span>RVS pijpklemmen zijn verkrijgbaar in drie verschillende maten.<\/span><\/h1>\n<p>Gemaakt van roestvrij staal<\/p>\n<p>Moderne elektrolytisch gepolijste matte afwerking (alleen 42 mm en 60 mm)<\/p>\n<p>Lazer-logo ge\u00ebtst in het ontwerp (alleen 42 mm en 60 mm)<\/p>\n<p>Handgepolijst matzwart (alleen 76 mm)<\/p>\n<p>Verkrijgbaar in drie verschillende maten<\/p>\n<h2>Inhoud van de verpakking:<\/h2>\n<ul>\n<li>2x Buisklemafstandhouders (50 mm)<\/li>\n<li>2x M8 x 80mm zeskantbouten<\/li>\n<\/ul>\n<p><span>Wordt per paar geleverd<\/span><\/p>","protected":false},"excerpt":{"rendered":"<p>Buisklemmen van roestvrij staal zijn verkrijgbaar in drie verschillende maten. Gemaakt van roestvrij staal. Moderne, elektrolytisch gepolijste matte afwerking (alleen 42 mm en 60 mm). Lasergegraveerd logo (alleen 42 mm en 60 mm). Handgepolijst matzwart (alleen 76 mm). Verkrijgbaar in drie verschillende maten. Inhoud verpakking: 2x buisklemafstandhouders (50 mm), 2x M8 x 80 mm zeskantbouten. Geleverd per paar.<\/p>","protected":false},"featured_media":4410,"comment_status":"closed","ping_status":"open","template":"","meta":{"_acf_changed":false,"_smort_price_nok":"1202","_smort_price_dkk":"763","_smort_price_eur":"102.27","_smort_sale_price_nok":"","_smort_sale_price_dkk":"","_smort_sale_price_eur":"","smort_restorder":"","shipmondo_restorder":"","_kad_blocks_custom_css":"","_kad_blocks_head_custom_js":"","_kad_blocks_body_custom_js":"","_kad_blocks_footer_custom_js":"","smort_custom_pricelist_1":"761.6","smort_custom_pricelist_2":"761.6","smort_custom_pricelist_3":"761.6","smort_custom_pricelist_4":"952","smort_custom_pricelist_5":"761.6"},"anvandningsomrade":[],"bilmarken":[],"product_brand":[1124],"product_cat":[2841,2460,390],"product_tag":[2735],"class_list":{"0":"post-4409","1":"product","2":"type-product","3":"status-publish","4":"has-post-thumbnail","6":"product_brand-lazer","7":"product_cat-installation-extraljus","8":"product_cat-klamfasten","9":"product_cat-installation","10":"product_tag-lazer","12":"first","13":"onbackorder","14":"taxable","15":"shipping-taxable","16":"purchasable","17":"product-type-simple"},"bundled_by":[],"bundle_stock_status":"onbackorder","bundle_stock_quantity":0,"bundle_virtual":false,"bundle_layout":"","bundle_add_to_cart_form_location":"","bundle_editable_in_cart":false,"bundle_sold_individually_context":"","bundle_item_grouping":"","bundle_min_size":"","bundle_max_size":"","bundle_price":[],"bundled_items":[],"bundle_sell_ids":[],"acf":[],"yoast_head":"<!-- This site is optimized with the Yoast SEO plugin v27.0 - https:\/\/yoast.com\/product\/yoast-seo-wordpress\/ -->\n<title>Lazer Horisontell r\u00f6rkl\u00e4mma 76 mm svart, utan Lazer logo - Xenonkungen<\/title>\n<meta name=\"robots\" content=\"index, follow, max-snippet:-1, max-image-preview:large, max-video-preview:-1\" \/>\n<link rel=\"canonical\" href=\"https:\/\/xenonkungen.com\/nl\/product\/laser-horizontale-roerklem-76-mm-zwart-zonder-laser-logo\/\" \/>\n<meta property=\"og:locale\" content=\"nl_NL\" \/>\n<meta property=\"og:type\" content=\"article\" \/>\n<meta property=\"og:title\" content=\"Lazer Horisontell r\u00f6rkl\u00e4mma 76 mm svart, utan Lazer logo - Xenonkungen\" \/>\n<meta property=\"og:description\" content=\"R\u00f6rkl\u00e4mmor i rostfritt st\u00e5l \u00e4r tillg\u00e4ngliga i tre olika storlekar. Tillverkad i rostfritt st\u00e5l Modern elektropolerad matt finish (endast 42\u00a0mm och 60\u00a0mm) Lazer-logga etsad i designen (endast 42\u00a0mm och 60\u00a0mm) Handpolerad matt svart (endast 76\u00a0mm) Tillg\u00e4nglig i tre olika storlekar Paketinneh\u00e5ll: 2x Tube Clamp Spacers (50mm) 2x M8 x 80mm hex bolts Levereras i par\" \/>\n<meta property=\"og:url\" content=\"https:\/\/xenonkungen.com\/nl\/product\/laser-horizontale-roerklem-76-mm-zwart-zonder-laser-logo\/\" \/>\n<meta property=\"og:site_name\" content=\"Xenonkungen\" \/>\n<meta property=\"article:modified_time\" content=\"2026-04-24T16:25:21+00:00\" \/>\n<meta property=\"og:image\" content=\"https:\/\/xenonkungen.com\/wp-content\/uploads\/2025\/04\/159373_itemimage_mainfront.jpg\" \/>\n\t<meta property=\"og:image:width\" content=\"2048\" \/>\n\t<meta property=\"og:image:height\" content=\"1537\" \/>\n\t<meta property=\"og:image:type\" content=\"image\/jpeg\" \/>\n<meta name=\"twitter:card\" content=\"summary_large_image\" \/>\n<script type=\"application\/ld+json\" class=\"yoast-schema-graph\">{\"@context\":\"https:\/\/schema.org\",\"@graph\":[{\"@type\":\"WebPage\",\"@id\":\"https:\/\/xenonkungen.com\/produkt\/lazer-horisontell-rorklamma-76-mm-svart-utan-lazer-logo\/\",\"url\":\"https:\/\/xenonkungen.com\/produkt\/lazer-horisontell-rorklamma-76-mm-svart-utan-lazer-logo\/\",\"name\":\"Lazer Horisontell r\u00f6rkl\u00e4mma 76 mm svart, utan Lazer logo - Xenonkungen\",\"isPartOf\":{\"@id\":\"https:\/\/xenonkungen.com\/#website\"},\"primaryImageOfPage\":{\"@id\":\"https:\/\/xenonkungen.com\/produkt\/lazer-horisontell-rorklamma-76-mm-svart-utan-lazer-logo\/#primaryimage\"},\"image\":{\"@id\":\"https:\/\/xenonkungen.com\/produkt\/lazer-horisontell-rorklamma-76-mm-svart-utan-lazer-logo\/#primaryimage\"},\"thumbnailUrl\":\"https:\/\/xenonkungen.com\/wp-content\/uploads\/2025\/04\/159373_itemimage_mainfront.jpg\",\"datePublished\":\"2025-04-15T09:12:46+00:00\",\"dateModified\":\"2026-04-24T16:25:21+00:00\",\"breadcrumb\":{\"@id\":\"https:\/\/xenonkungen.com\/produkt\/lazer-horisontell-rorklamma-76-mm-svart-utan-lazer-logo\/#breadcrumb\"},\"inLanguage\":\"nl-NL\",\"potentialAction\":[{\"@type\":\"ReadAction\",\"target\":[\"https:\/\/xenonkungen.com\/produkt\/lazer-horisontell-rorklamma-76-mm-svart-utan-lazer-logo\/\"]}]},{\"@type\":\"ImageObject\",\"inLanguage\":\"nl-NL\",\"@id\":\"https:\/\/xenonkungen.com\/produkt\/lazer-horisontell-rorklamma-76-mm-svart-utan-lazer-logo\/#primaryimage\",\"url\":\"https:\/\/xenonkungen.com\/wp-content\/uploads\/2025\/04\/159373_itemimage_mainfront.jpg\",\"contentUrl\":\"https:\/\/xenonkungen.com\/wp-content\/uploads\/2025\/04\/159373_itemimage_mainfront.jpg\",\"width\":2048,\"height\":1537},{\"@type\":\"BreadcrumbList\",\"@id\":\"https:\/\/xenonkungen.com\/produkt\/lazer-horisontell-rorklamma-76-mm-svart-utan-lazer-logo\/#breadcrumb\",\"itemListElement\":[{\"@type\":\"ListItem\",\"position\":1,\"name\":\"Hem\",\"item\":\"https:\/\/xenonkungen.com\/\"},{\"@type\":\"ListItem\",\"position\":2,\"name\":\"Shop\",\"item\":\"https:\/\/xenonkungen.com\/shop\/\"},{\"@type\":\"ListItem\",\"position\":3,\"name\":\"Lazer Horisontell r\u00f6rkl\u00e4mma 76 mm svart, utan Lazer logo\"}]},{\"@type\":\"WebSite\",\"@id\":\"https:\/\/xenonkungen.com\/#website\",\"url\":\"https:\/\/xenonkungen.com\/\",\"name\":\"Xenonkungen\",\"description\":\"\",\"potentialAction\":[{\"@type\":\"SearchAction\",\"target\":{\"@type\":\"EntryPoint\",\"urlTemplate\":\"https:\/\/xenonkungen.com\/?s={search_term_string}\"},\"query-input\":{\"@type\":\"PropertyValueSpecification\",\"valueRequired\":true,\"valueName\":\"search_term_string\"}}],\"inLanguage\":\"nl-NL\"}]}<\/script>\n<!-- \/ Yoast SEO plugin. -->","yoast_head_json":{"title":"Lazer horizontale buisklem 76 mm zwart, zonder Lazer-logo - Xenonkungen","robots":{"index":"index","follow":"follow","max-snippet":"max-snippet:-1","max-image-preview":"max-image-preview:large","max-video-preview":"max-video-preview:-1"},"canonical":"https:\/\/xenonkungen.com\/nl\/product\/laser-horizontale-roerklem-76-mm-zwart-zonder-laser-logo\/","og_locale":"nl_NL","og_type":"article","og_title":"Lazer Horisontell r\u00f6rkl\u00e4mma 76 mm svart, utan Lazer logo - Xenonkungen","og_description":"R\u00f6rkl\u00e4mmor i rostfritt st\u00e5l \u00e4r tillg\u00e4ngliga i tre olika storlekar. Tillverkad i rostfritt st\u00e5l Modern elektropolerad matt finish (endast 42\u00a0mm och 60\u00a0mm) Lazer-logga etsad i designen (endast 42\u00a0mm och 60\u00a0mm) Handpolerad matt svart (endast 76\u00a0mm) Tillg\u00e4nglig i tre olika storlekar Paketinneh\u00e5ll: 2x Tube Clamp Spacers (50mm) 2x M8 x 80mm hex bolts Levereras i par","og_url":"https:\/\/xenonkungen.com\/nl\/product\/laser-horizontale-roerklem-76-mm-zwart-zonder-laser-logo\/","og_site_name":"Xenonkungen","article_modified_time":"2026-04-24T16:25:21+00:00","og_image":[{"width":2048,"height":1537,"url":"https:\/\/xenonkungen.com\/wp-content\/uploads\/2025\/04\/159373_itemimage_mainfront.jpg","type":"image\/jpeg"}],"twitter_card":"summary_large_image","schema":{"@context":"https:\/\/schema.org","@graph":[{"@type":"WebPage","@id":"https:\/\/xenonkungen.com\/produkt\/lazer-horisontell-rorklamma-76-mm-svart-utan-lazer-logo\/","url":"https:\/\/xenonkungen.com\/produkt\/lazer-horisontell-rorklamma-76-mm-svart-utan-lazer-logo\/","name":"Lazer horizontale buisklem 76 mm zwart, zonder Lazer-logo - Xenonkungen","isPartOf":{"@id":"https:\/\/xenonkungen.com\/#website"},"primaryImageOfPage":{"@id":"https:\/\/xenonkungen.com\/produkt\/lazer-horisontell-rorklamma-76-mm-svart-utan-lazer-logo\/#primaryimage"},"image":{"@id":"https:\/\/xenonkungen.com\/produkt\/lazer-horisontell-rorklamma-76-mm-svart-utan-lazer-logo\/#primaryimage"},"thumbnailUrl":"https:\/\/xenonkungen.com\/wp-content\/uploads\/2025\/04\/159373_itemimage_mainfront.jpg","datePublished":"2025-04-15T09:12:46+00:00","dateModified":"2026-04-24T16:25:21+00:00","breadcrumb":{"@id":"https:\/\/xenonkungen.com\/produkt\/lazer-horisontell-rorklamma-76-mm-svart-utan-lazer-logo\/#breadcrumb"},"inLanguage":"nl-NL","potentialAction":[{"@type":"ReadAction","target":["https:\/\/xenonkungen.com\/produkt\/lazer-horisontell-rorklamma-76-mm-svart-utan-lazer-logo\/"]}]},{"@type":"ImageObject","inLanguage":"nl-NL","@id":"https:\/\/xenonkungen.com\/produkt\/lazer-horisontell-rorklamma-76-mm-svart-utan-lazer-logo\/#primaryimage","url":"https:\/\/xenonkungen.com\/wp-content\/uploads\/2025\/04\/159373_itemimage_mainfront.jpg","contentUrl":"https:\/\/xenonkungen.com\/wp-content\/uploads\/2025\/04\/159373_itemimage_mainfront.jpg","width":2048,"height":1537},{"@type":"BreadcrumbList","@id":"https:\/\/xenonkungen.com\/produkt\/lazer-horisontell-rorklamma-76-mm-svart-utan-lazer-logo\/#breadcrumb","itemListElement":[{"@type":"ListItem","position":1,"name":"Hem","item":"https:\/\/xenonkungen.com\/"},{"@type":"ListItem","position":2,"name":"Shop","item":"https:\/\/xenonkungen.com\/shop\/"},{"@type":"ListItem","position":3,"name":"Lazer Horisontell r\u00f6rkl\u00e4mma 76 mm svart, utan Lazer logo"}]},{"@type":"WebSite","@id":"https:\/\/xenonkungen.com\/#website","url":"https:\/\/xenonkungen.com\/","name":"Xenonkungen","description":"","potentialAction":[{"@type":"SearchAction","target":{"@type":"EntryPoint","urlTemplate":"https:\/\/xenonkungen.com\/?s={search_term_string}"},"query-input":{"@type":"PropertyValueSpecification","valueRequired":true,"valueName":"search_term_string"}}],"inLanguage":"nl-NL"}]}},"taxonomy_info":{"product_brand":[{"value":1124,"label":"Lazer"}],"product_cat":[{"value":2841,"label":"Installation extraljus"},{"value":2460,"label":"Kl\u00e4mf\u00e4sten"},{"value":390,"label":"Installation"}],"product_tag":[{"value":2735,"label":"Lazer"}]},"featured_image_src_large":["https:\/\/xenonkungen.com\/wp-content\/uploads\/2025\/04\/159373_itemimage_mainfront-1024x769.jpg",1024,769,true],"author_info":[],"comment_info":0,"_links":{"self":[{"href":"https:\/\/xenonkungen.com\/nl\/wp-json\/wp\/v2\/product\/4409","targetHints":{"allow":["GET"]}}],"collection":[{"href":"https:\/\/xenonkungen.com\/nl\/wp-json\/wp\/v2\/product"}],"about":[{"href":"https:\/\/xenonkungen.com\/nl\/wp-json\/wp\/v2\/types\/product"}],"replies":[{"embeddable":true,"href":"https:\/\/xenonkungen.com\/nl\/wp-json\/wp\/v2\/comments?post=4409"}],"wp:featuredmedia":[{"embeddable":true,"href":"https:\/\/xenonkungen.com\/nl\/wp-json\/wp\/v2\/media\/4410"}],"wp:attachment":[{"href":"https:\/\/xenonkungen.com\/nl\/wp-json\/wp\/v2\/media?parent=4409"}],"wp:term":[{"taxonomy":"anvandningsomrade","embeddable":true,"href":"https:\/\/xenonkungen.com\/nl\/wp-json\/wp\/v2\/anvandningsomrade?post=4409"},{"taxonomy":"bilmarken","embeddable":true,"href":"https:\/\/xenonkungen.com\/nl\/wp-json\/wp\/v2\/bilmarken?post=4409"},{"taxonomy":"product_brand","embeddable":true,"href":"https:\/\/xenonkungen.com\/nl\/wp-json\/wp\/v2\/product_brand?post=4409"},{"taxonomy":"product_cat","embeddable":true,"href":"https:\/\/xenonkungen.com\/nl\/wp-json\/wp\/v2\/product_cat?post=4409"},{"taxonomy":"product_tag","embeddable":true,"href":"https:\/\/xenonkungen.com\/nl\/wp-json\/wp\/v2\/product_tag?post=4409"}],"curies":[{"name":"wp","href":"https:\/\/api.w.org\/{rel}","templated":true}]}}