{"id":4495,"date":"2025-04-15T09:13:59","date_gmt":"2025-04-15T09:13:59","guid":{"rendered":"https:\/\/xenonkungen.com\/product\/meguiars-engine-dressing\/"},"modified":"2026-05-12T16:20:37","modified_gmt":"2026-05-12T15:20:37","slug":"meguiars-motorolie","status":"publish","type":"product","link":"https:\/\/xenonkungen.com\/nl\/product\/meguiars-motorolie\/","title":{"rendered":"Meguiar's motorolie"},"content":{"rendered":"<h1>Motor Dressing<\/h1>\n<p>Meguiar's Engine Dressing is een veilige en gemakkelijk te gebruiken oplossing voor het behandelen en conserveren van plastic en rubberen onderdelen in uw motorruimte.<\/p>\n<p>Was de motorruimte eerst met\u00a0<a href=\"https:\/\/www.xenonkungen.com\/se\/produkter\/bilvard\/ovriga-ytor\/engine-cleaner.html\">Meguiar's motorreiniger<\/a>\u00a0en spuit het product op het oppervlak en laat het drogen, veeg eventuele restjes product weg en geniet van het nu opgefriste en beschermde oppervlak van je plastic en rubberen onderdelen.<\/p>\n<p><strong>Inhoud (ml):<\/strong> 450<\/p>\n<p><iframe loading=\"lazy\" src=\"https:\/\/www.youtube.com\/embed\/rs3-qMvRh3w\" width=\"560\" height=\"314\" allowfullscreen=\"allowfullscreen\"><\/iframe><\/p>","protected":false},"excerpt":{"rendered":"<p>Meguiar's Engine Dressing is een veilige en eenvoudig te gebruiken oplossing om het motorcompartiment zowel nieuw leven in te blazen als te beschermen.<\/p>","protected":false},"featured_media":26303,"comment_status":"closed","ping_status":"closed","template":"","meta":{"_acf_changed":false,"_smort_price_nok":"213","_smort_price_dkk":"135","_smort_price_eur":"18.09","_smort_sale_price_nok":"","_smort_sale_price_dkk":"","_smort_sale_price_eur":"","smort_restorder":"","shipmondo_restorder":"","_kad_blocks_custom_css":"","_kad_blocks_head_custom_js":"","_kad_blocks_body_custom_js":"","_kad_blocks_footer_custom_js":"","smort_custom_pricelist_1":"127.36","smort_custom_pricelist_2":"127.36","smort_custom_pricelist_3":"120.99","smort_custom_pricelist_4":"159.2","smort_custom_pricelist_5":"127.36"},"anvandningsomrade":[],"bilmarken":[],"product_brand":[1383],"product_cat":[2993,2620,378],"product_tag":[],"class_list":{"0":"post-4495","1":"product","2":"type-product","3":"status-publish","4":"has-post-thumbnail","6":"product_brand-meguiars","7":"product_cat-ovriga-ytor","8":"product_cat-ovrigt-bilvard","9":"product_cat-bilvard","11":"first","12":"instock","13":"taxable","14":"shipping-taxable","15":"purchasable","16":"product-type-simple"},"bundled_by":["26296"],"bundle_stock_status":"instock","bundle_stock_quantity":5,"bundle_virtual":false,"bundle_layout":"","bundle_add_to_cart_form_location":"","bundle_editable_in_cart":false,"bundle_sold_individually_context":"","bundle_item_grouping":"","bundle_min_size":"","bundle_max_size":"","bundle_price":[],"bundled_items":[],"bundle_sell_ids":[],"acf":[],"yoast_head":"<!-- This site is optimized with the Yoast SEO plugin v27.0 - https:\/\/yoast.com\/product\/yoast-seo-wordpress\/ -->\n<title>Meguiar&#039;s Engine Dressing - Xenonkungen<\/title>\n<meta name=\"robots\" content=\"index, follow, max-snippet:-1, max-image-preview:large, max-video-preview:-1\" \/>\n<link rel=\"canonical\" href=\"https:\/\/xenonkungen.com\/nl\/product\/meguiars-motorolie\/\" \/>\n<meta property=\"og:locale\" content=\"nl_NL\" \/>\n<meta property=\"og:type\" content=\"article\" \/>\n<meta property=\"og:title\" content=\"Meguiar&#039;s Engine Dressing - Xenonkungen\" \/>\n<meta property=\"og:description\" content=\"Meguiar\u2019s Engine Dressing \u00e4r en s\u00e4ker och l\u00e4ttanv\u00e4nd l\u00f6sning f\u00f6r att \u00e5terst\u00e4lla b\u00e5de liv och skydd i motorutrymmet.\" \/>\n<meta property=\"og:url\" content=\"https:\/\/xenonkungen.com\/nl\/product\/meguiars-motorolie\/\" \/>\n<meta property=\"og:site_name\" content=\"Xenonkungen\" \/>\n<meta property=\"article:modified_time\" content=\"2026-05-12T15:20:37+00:00\" \/>\n<meta property=\"og:image\" content=\"https:\/\/xenonkungen.com\/wp-content\/uploads\/2025\/04\/eyJrZXkiOiJzdG9yZV8yMzljN2Q0Yy01ODY4LTQ5NmEtYjM0NS1iN2I4OWIyODVhMTJcL2ltYWdlc1wvdmdPekZEN083VjA2NE1Dc25OS3NWaTVzQ0tjZFl5Z3dYamhqQUFxby5wbmciLC.webp\" \/>\n\t<meta property=\"og:image:width\" content=\"576\" \/>\n\t<meta property=\"og:image:height\" content=\"1024\" \/>\n\t<meta property=\"og:image:type\" content=\"image\/webp\" \/>\n<meta name=\"twitter:card\" content=\"summary_large_image\" \/>\n<meta name=\"twitter:label1\" content=\"Geschatte leestijd\" \/>\n\t<meta name=\"twitter:data1\" content=\"1 minuut\" \/>\n<script type=\"application\/ld+json\" class=\"yoast-schema-graph\">{\"@context\":\"https:\/\/schema.org\",\"@graph\":[{\"@type\":\"WebPage\",\"@id\":\"https:\/\/xenonkungen.com\/produkt\/meguiars-engine-dressing\/\",\"url\":\"https:\/\/xenonkungen.com\/produkt\/meguiars-engine-dressing\/\",\"name\":\"Meguiar's Engine Dressing - Xenonkungen\",\"isPartOf\":{\"@id\":\"https:\/\/xenonkungen.com\/#website\"},\"primaryImageOfPage\":{\"@id\":\"https:\/\/xenonkungen.com\/produkt\/meguiars-engine-dressing\/#primaryimage\"},\"image\":{\"@id\":\"https:\/\/xenonkungen.com\/produkt\/meguiars-engine-dressing\/#primaryimage\"},\"thumbnailUrl\":\"https:\/\/xenonkungen.com\/wp-content\/uploads\/2025\/04\/eyJrZXkiOiJzdG9yZV8yMzljN2Q0Yy01ODY4LTQ5NmEtYjM0NS1iN2I4OWIyODVhMTJcL2ltYWdlc1wvdmdPekZEN083VjA2NE1Dc25OS3NWaTVzQ0tjZFl5Z3dYamhqQUFxby5wbmciLC.webp\",\"datePublished\":\"2025-04-15T09:13:59+00:00\",\"dateModified\":\"2026-05-12T15:20:37+00:00\",\"breadcrumb\":{\"@id\":\"https:\/\/xenonkungen.com\/produkt\/meguiars-engine-dressing\/#breadcrumb\"},\"inLanguage\":\"nl-NL\",\"potentialAction\":[{\"@type\":\"ReadAction\",\"target\":[\"https:\/\/xenonkungen.com\/produkt\/meguiars-engine-dressing\/\"]}]},{\"@type\":\"ImageObject\",\"inLanguage\":\"nl-NL\",\"@id\":\"https:\/\/xenonkungen.com\/produkt\/meguiars-engine-dressing\/#primaryimage\",\"url\":\"https:\/\/xenonkungen.com\/wp-content\/uploads\/2025\/04\/eyJrZXkiOiJzdG9yZV8yMzljN2Q0Yy01ODY4LTQ5NmEtYjM0NS1iN2I4OWIyODVhMTJcL2ltYWdlc1wvdmdPekZEN083VjA2NE1Dc25OS3NWaTVzQ0tjZFl5Z3dYamhqQUFxby5wbmciLC.webp\",\"contentUrl\":\"https:\/\/xenonkungen.com\/wp-content\/uploads\/2025\/04\/eyJrZXkiOiJzdG9yZV8yMzljN2Q0Yy01ODY4LTQ5NmEtYjM0NS1iN2I4OWIyODVhMTJcL2ltYWdlc1wvdmdPekZEN083VjA2NE1Dc25OS3NWaTVzQ0tjZFl5Z3dYamhqQUFxby5wbmciLC.webp\",\"width\":576,\"height\":1024},{\"@type\":\"BreadcrumbList\",\"@id\":\"https:\/\/xenonkungen.com\/produkt\/meguiars-engine-dressing\/#breadcrumb\",\"itemListElement\":[{\"@type\":\"ListItem\",\"position\":1,\"name\":\"Hem\",\"item\":\"https:\/\/xenonkungen.com\/\"},{\"@type\":\"ListItem\",\"position\":2,\"name\":\"Shop\",\"item\":\"https:\/\/xenonkungen.com\/shop\/\"},{\"@type\":\"ListItem\",\"position\":3,\"name\":\"Meguiar&#8217;s Engine Dressing\"}]},{\"@type\":\"WebSite\",\"@id\":\"https:\/\/xenonkungen.com\/#website\",\"url\":\"https:\/\/xenonkungen.com\/\",\"name\":\"Xenonkungen\",\"description\":\"\",\"potentialAction\":[{\"@type\":\"SearchAction\",\"target\":{\"@type\":\"EntryPoint\",\"urlTemplate\":\"https:\/\/xenonkungen.com\/?s={search_term_string}\"},\"query-input\":{\"@type\":\"PropertyValueSpecification\",\"valueRequired\":true,\"valueName\":\"search_term_string\"}}],\"inLanguage\":\"nl-NL\"}]}<\/script>\n<!-- \/ Yoast SEO plugin. -->","yoast_head_json":{"title":"Meguiar&#039;s Engine Dressing - De Xenon Koning","robots":{"index":"index","follow":"follow","max-snippet":"max-snippet:-1","max-image-preview":"max-image-preview:large","max-video-preview":"max-video-preview:-1"},"canonical":"https:\/\/xenonkungen.com\/nl\/product\/meguiars-motorolie\/","og_locale":"nl_NL","og_type":"article","og_title":"Meguiar's Engine Dressing - Xenonkungen","og_description":"Meguiar\u2019s Engine Dressing \u00e4r en s\u00e4ker och l\u00e4ttanv\u00e4nd l\u00f6sning f\u00f6r att \u00e5terst\u00e4lla b\u00e5de liv och skydd i motorutrymmet.","og_url":"https:\/\/xenonkungen.com\/nl\/product\/meguiars-motorolie\/","og_site_name":"Xenonkungen","article_modified_time":"2026-05-12T15:20:37+00:00","og_image":[{"width":576,"height":1024,"url":"https:\/\/xenonkungen.com\/wp-content\/uploads\/2025\/04\/eyJrZXkiOiJzdG9yZV8yMzljN2Q0Yy01ODY4LTQ5NmEtYjM0NS1iN2I4OWIyODVhMTJcL2ltYWdlc1wvdmdPekZEN083VjA2NE1Dc25OS3NWaTVzQ0tjZFl5Z3dYamhqQUFxby5wbmciLC.webp","type":"image\/webp"}],"twitter_card":"summary_large_image","twitter_misc":{"Geschatte leestijd":"1 minuut"},"schema":{"@context":"https:\/\/schema.org","@graph":[{"@type":"WebPage","@id":"https:\/\/xenonkungen.com\/produkt\/meguiars-engine-dressing\/","url":"https:\/\/xenonkungen.com\/produkt\/meguiars-engine-dressing\/","name":"Meguiar&#039;s Engine Dressing - De Xenon Koning","isPartOf":{"@id":"https:\/\/xenonkungen.com\/#website"},"primaryImageOfPage":{"@id":"https:\/\/xenonkungen.com\/produkt\/meguiars-engine-dressing\/#primaryimage"},"image":{"@id":"https:\/\/xenonkungen.com\/produkt\/meguiars-engine-dressing\/#primaryimage"},"thumbnailUrl":"https:\/\/xenonkungen.com\/wp-content\/uploads\/2025\/04\/eyJrZXkiOiJzdG9yZV8yMzljN2Q0Yy01ODY4LTQ5NmEtYjM0NS1iN2I4OWIyODVhMTJcL2ltYWdlc1wvdmdPekZEN083VjA2NE1Dc25OS3NWaTVzQ0tjZFl5Z3dYamhqQUFxby5wbmciLC.webp","datePublished":"2025-04-15T09:13:59+00:00","dateModified":"2026-05-12T15:20:37+00:00","breadcrumb":{"@id":"https:\/\/xenonkungen.com\/produkt\/meguiars-engine-dressing\/#breadcrumb"},"inLanguage":"nl-NL","potentialAction":[{"@type":"ReadAction","target":["https:\/\/xenonkungen.com\/produkt\/meguiars-engine-dressing\/"]}]},{"@type":"ImageObject","inLanguage":"nl-NL","@id":"https:\/\/xenonkungen.com\/produkt\/meguiars-engine-dressing\/#primaryimage","url":"https:\/\/xenonkungen.com\/wp-content\/uploads\/2025\/04\/eyJrZXkiOiJzdG9yZV8yMzljN2Q0Yy01ODY4LTQ5NmEtYjM0NS1iN2I4OWIyODVhMTJcL2ltYWdlc1wvdmdPekZEN083VjA2NE1Dc25OS3NWaTVzQ0tjZFl5Z3dYamhqQUFxby5wbmciLC.webp","contentUrl":"https:\/\/xenonkungen.com\/wp-content\/uploads\/2025\/04\/eyJrZXkiOiJzdG9yZV8yMzljN2Q0Yy01ODY4LTQ5NmEtYjM0NS1iN2I4OWIyODVhMTJcL2ltYWdlc1wvdmdPekZEN083VjA2NE1Dc25OS3NWaTVzQ0tjZFl5Z3dYamhqQUFxby5wbmciLC.webp","width":576,"height":1024},{"@type":"BreadcrumbList","@id":"https:\/\/xenonkungen.com\/produkt\/meguiars-engine-dressing\/#breadcrumb","itemListElement":[{"@type":"ListItem","position":1,"name":"Hem","item":"https:\/\/xenonkungen.com\/"},{"@type":"ListItem","position":2,"name":"Shop","item":"https:\/\/xenonkungen.com\/shop\/"},{"@type":"ListItem","position":3,"name":"Meguiar&#8217;s Engine Dressing"}]},{"@type":"WebSite","@id":"https:\/\/xenonkungen.com\/#website","url":"https:\/\/xenonkungen.com\/","name":"Xenonkungen","description":"","potentialAction":[{"@type":"SearchAction","target":{"@type":"EntryPoint","urlTemplate":"https:\/\/xenonkungen.com\/?s={search_term_string}"},"query-input":{"@type":"PropertyValueSpecification","valueRequired":true,"valueName":"search_term_string"}}],"inLanguage":"nl-NL"}]}},"taxonomy_info":{"product_brand":[{"value":1383,"label":"Meguiar's"}],"product_cat":[{"value":2993,"label":"\u00d6vriga ytor"},{"value":2620,"label":"\u00d6vrigt"},{"value":378,"label":"Bilv\u00e5rd"}]},"featured_image_src_large":["https:\/\/xenonkungen.com\/wp-content\/uploads\/2025\/04\/eyJrZXkiOiJzdG9yZV8yMzljN2Q0Yy01ODY4LTQ5NmEtYjM0NS1iN2I4OWIyODVhMTJcL2ltYWdlc1wvdmdPekZEN083VjA2NE1Dc25OS3NWaTVzQ0tjZFl5Z3dYamhqQUFxby5wbmciLC.webp",576,1024,false],"author_info":[],"comment_info":1,"_links":{"self":[{"href":"https:\/\/xenonkungen.com\/nl\/wp-json\/wp\/v2\/product\/4495","targetHints":{"allow":["GET"]}}],"collection":[{"href":"https:\/\/xenonkungen.com\/nl\/wp-json\/wp\/v2\/product"}],"about":[{"href":"https:\/\/xenonkungen.com\/nl\/wp-json\/wp\/v2\/types\/product"}],"replies":[{"embeddable":true,"href":"https:\/\/xenonkungen.com\/nl\/wp-json\/wp\/v2\/comments?post=4495"}],"wp:featuredmedia":[{"embeddable":true,"href":"https:\/\/xenonkungen.com\/nl\/wp-json\/wp\/v2\/media\/26303"}],"wp:attachment":[{"href":"https:\/\/xenonkungen.com\/nl\/wp-json\/wp\/v2\/media?parent=4495"}],"wp:term":[{"taxonomy":"anvandningsomrade","embeddable":true,"href":"https:\/\/xenonkungen.com\/nl\/wp-json\/wp\/v2\/anvandningsomrade?post=4495"},{"taxonomy":"bilmarken","embeddable":true,"href":"https:\/\/xenonkungen.com\/nl\/wp-json\/wp\/v2\/bilmarken?post=4495"},{"taxonomy":"product_brand","embeddable":true,"href":"https:\/\/xenonkungen.com\/nl\/wp-json\/wp\/v2\/product_brand?post=4495"},{"taxonomy":"product_cat","embeddable":true,"href":"https:\/\/xenonkungen.com\/nl\/wp-json\/wp\/v2\/product_cat?post=4495"},{"taxonomy":"product_tag","embeddable":true,"href":"https:\/\/xenonkungen.com\/nl\/wp-json\/wp\/v2\/product_tag?post=4495"}],"curies":[{"name":"wp","href":"https:\/\/api.w.org\/{rel}","templated":true}]}}