{"id":4519,"date":"2025-04-15T09:14:14","date_gmt":"2025-04-15T09:14:14","guid":{"rendered":"https:\/\/xenonkungen.com\/product\/meguiars-hybrid-ceramic-wax\/"},"modified":"2026-04-04T18:02:58","modified_gmt":"2026-04-04T17:02:58","slug":"meguiars-hybride-keramische-was","status":"publish","type":"product","link":"https:\/\/xenonkungen.com\/nl\/product\/meguiars-hybride-keramische-was\/","title":{"rendered":"Meguiar&#039;s Hybride Keramische Wax"},"content":{"rendered":"<h1>Hybride keramische was<\/h1>\n<p>Zoek je een gebruiksvriendelijke keramische lakbescherming met geavanceerde en geavanceerde technologie die de nieuwste bescherming biedt? Meguiar&#039;s Hybrid Ceramic Wax is de oplossing! Met de gloednieuwe, geavanceerde SiO2-hybridetechnologie krijg je keramische bescherming die gebruiksvriendelijk is. Je kunt je auto zelfs beschermen terwijl je hem wast!<\/p>\n<p>Spuit het product op een droge en schone lak en poets het vervolgens op met een schone poetsdoek. Dit zorgt voor een sterkere basislaag en een langere levensduur van de lak.<\/p>\n<p>Na iedere onderhoudswasbeurt is het voldoende om het product eenvoudigweg op een nat oppervlak te spuiten en het vervolgens met hoge druk af te spoelen.<\/p>\n<p><strong>Inhoud (ml):<\/strong> 710<\/p>\n<h2><strong>Waarschuwing!<\/strong><\/h2>\n<p><strong>Kleurcodering:<\/strong><\/p>\n<ul>\n<li>Irriteert de huid<\/li>\n<li>Nadelige effecten op lange termijn op waterorganismen<\/li>\n<\/ul>\n<p><strong>Beschermende aanduidingen:<\/strong><\/p>\n<ul>\n<li>Houd de verpakking of het etiket bij de hand voor het geval je medische hulp nodig hebt<\/li>\n<li>Buiten bereik van kinderen bewaren<\/li>\n<li>Handen grondig wassen na gebruik<\/li>\n<li>Emissies naar het milieu vermijden<\/li>\n<li>Draag beschermende handschoenen.<\/li>\n<li>De inhoud en de container worden afgeleverd bij een erkende afvalverwerker<\/li>\n<\/ul>\n<p><iframe loading=\"lazy\" height=\"314\" src=\"https:\/\/www.youtube.com\/embed\/aApVNFC8I-U\" width=\"560\" allowfullscreen=\"allowfullscreen\"><\/iframe><\/p>","protected":false},"excerpt":{"rendered":"<p>Keramische spraywax die gemakkelijk te gebruiken is op natte auto&#039;s. Opspuiten en afspoelen!<\/p>","protected":false},"featured_media":4520,"comment_status":"closed","ping_status":"open","template":"","meta":{"_acf_changed":false,"_smort_price_nok":"267","_smort_price_dkk":"230","_smort_price_eur":"30.82","_smort_sale_price_nok":"267","_smort_sale_price_dkk":"","_smort_sale_price_eur":"","smort_restorder":"","shipmondo_restorder":"","_kad_blocks_custom_css":"","_kad_blocks_head_custom_js":"","_kad_blocks_body_custom_js":"","_kad_blocks_footer_custom_js":"","smort_custom_pricelist_1":"216.96","smort_custom_pricelist_2":"216.96","smort_custom_pricelist_3":"206.11","smort_custom_pricelist_4":"271.2","smort_custom_pricelist_5":"216.96"},"anvandningsomrade":[],"bilmarken":[],"product_brand":[1383],"product_cat":[2614,2623,378,1402],"product_tag":[],"class_list":{"0":"post-4519","1":"product","2":"type-product","3":"status-publish","4":"has-post-thumbnail","6":"product_brand-meguiars","7":"product_cat-lackskydd","8":"product_cat-underhall","9":"product_cat-bilvard","10":"product_cat-outlet","12":"first","13":"instock","14":"sale","15":"taxable","16":"shipping-taxable","17":"purchasable","18":"product-type-simple"},"bundled_by":[],"bundle_stock_status":"instock","bundle_stock_quantity":1,"bundle_virtual":false,"bundle_layout":"","bundle_add_to_cart_form_location":"","bundle_editable_in_cart":false,"bundle_sold_individually_context":"","bundle_item_grouping":"","bundle_min_size":"","bundle_max_size":"","bundle_price":[],"bundled_items":[],"bundle_sell_ids":[],"acf":[],"yoast_head":"<!-- This site is optimized with the Yoast SEO plugin v27.0 - https:\/\/yoast.com\/product\/yoast-seo-wordpress\/ -->\n<title>Meguiar&#039;s Hybrid Ceramic Wax - Xenonkungen<\/title>\n<meta name=\"robots\" content=\"index, follow, max-snippet:-1, max-image-preview:large, max-video-preview:-1\" \/>\n<link rel=\"canonical\" href=\"https:\/\/xenonkungen.com\/nl\/product\/meguiars-hybride-keramische-was\/\" \/>\n<meta property=\"og:locale\" content=\"nl_NL\" \/>\n<meta property=\"og:type\" content=\"article\" \/>\n<meta property=\"og:title\" content=\"Meguiar&#039;s Hybrid Ceramic Wax - Xenonkungen\" \/>\n<meta property=\"og:description\" content=\"Keramiskt sprayvax som \u00e4r enkelt att anv\u00e4nda p\u00e5 v\u00e5t bil. Spraya p\u00e5 och sk\u00f6lj av!\" \/>\n<meta property=\"og:url\" content=\"https:\/\/xenonkungen.com\/nl\/product\/meguiars-hybride-keramische-was\/\" \/>\n<meta property=\"og:site_name\" content=\"Xenonkungen\" \/>\n<meta property=\"article:modified_time\" content=\"2026-04-04T17:02:58+00:00\" \/>\n<meta property=\"og:image\" content=\"https:\/\/xenonkungen.com\/wp-content\/uploads\/2025\/04\/190087959-origpic-1e7e79.png\" \/>\n\t<meta property=\"og:image:width\" content=\"600\" \/>\n\t<meta property=\"og:image:height\" content=\"600\" \/>\n\t<meta property=\"og:image:type\" content=\"image\/png\" \/>\n<meta name=\"twitter:card\" content=\"summary_large_image\" \/>\n<meta name=\"twitter:label1\" content=\"Geschatte leestijd\" \/>\n\t<meta name=\"twitter:data1\" content=\"1 minuut\" \/>\n<script type=\"application\/ld+json\" class=\"yoast-schema-graph\">{\"@context\":\"https:\/\/schema.org\",\"@graph\":[{\"@type\":\"WebPage\",\"@id\":\"https:\/\/xenonkungen.com\/produkt\/meguiars-hybrid-ceramic-wax\/\",\"url\":\"https:\/\/xenonkungen.com\/produkt\/meguiars-hybrid-ceramic-wax\/\",\"name\":\"Meguiar's Hybrid Ceramic Wax - Xenonkungen\",\"isPartOf\":{\"@id\":\"https:\/\/xenonkungen.com\/#website\"},\"primaryImageOfPage\":{\"@id\":\"https:\/\/xenonkungen.com\/produkt\/meguiars-hybrid-ceramic-wax\/#primaryimage\"},\"image\":{\"@id\":\"https:\/\/xenonkungen.com\/produkt\/meguiars-hybrid-ceramic-wax\/#primaryimage\"},\"thumbnailUrl\":\"https:\/\/xenonkungen.com\/wp-content\/uploads\/2025\/04\/190087959-origpic-1e7e79.png\",\"datePublished\":\"2025-04-15T09:14:14+00:00\",\"dateModified\":\"2026-04-04T17:02:58+00:00\",\"breadcrumb\":{\"@id\":\"https:\/\/xenonkungen.com\/produkt\/meguiars-hybrid-ceramic-wax\/#breadcrumb\"},\"inLanguage\":\"nl-NL\",\"potentialAction\":[{\"@type\":\"ReadAction\",\"target\":[\"https:\/\/xenonkungen.com\/produkt\/meguiars-hybrid-ceramic-wax\/\"]}]},{\"@type\":\"ImageObject\",\"inLanguage\":\"nl-NL\",\"@id\":\"https:\/\/xenonkungen.com\/produkt\/meguiars-hybrid-ceramic-wax\/#primaryimage\",\"url\":\"https:\/\/xenonkungen.com\/wp-content\/uploads\/2025\/04\/190087959-origpic-1e7e79.png\",\"contentUrl\":\"https:\/\/xenonkungen.com\/wp-content\/uploads\/2025\/04\/190087959-origpic-1e7e79.png\",\"width\":600,\"height\":600},{\"@type\":\"BreadcrumbList\",\"@id\":\"https:\/\/xenonkungen.com\/produkt\/meguiars-hybrid-ceramic-wax\/#breadcrumb\",\"itemListElement\":[{\"@type\":\"ListItem\",\"position\":1,\"name\":\"Hem\",\"item\":\"https:\/\/xenonkungen.com\/\"},{\"@type\":\"ListItem\",\"position\":2,\"name\":\"Shop\",\"item\":\"https:\/\/xenonkungen.com\/shop\/\"},{\"@type\":\"ListItem\",\"position\":3,\"name\":\"Meguiar&#8217;s Hybrid Ceramic Wax\"}]},{\"@type\":\"WebSite\",\"@id\":\"https:\/\/xenonkungen.com\/#website\",\"url\":\"https:\/\/xenonkungen.com\/\",\"name\":\"Xenonkungen\",\"description\":\"\",\"potentialAction\":[{\"@type\":\"SearchAction\",\"target\":{\"@type\":\"EntryPoint\",\"urlTemplate\":\"https:\/\/xenonkungen.com\/?s={search_term_string}\"},\"query-input\":{\"@type\":\"PropertyValueSpecification\",\"valueRequired\":true,\"valueName\":\"search_term_string\"}}],\"inLanguage\":\"nl-NL\"}]}<\/script>\n<!-- \/ Yoast SEO plugin. -->","yoast_head_json":{"title":"Meguiar&#039;s Hybrid Ceramic Wax - De Xenon Koning","robots":{"index":"index","follow":"follow","max-snippet":"max-snippet:-1","max-image-preview":"max-image-preview:large","max-video-preview":"max-video-preview:-1"},"canonical":"https:\/\/xenonkungen.com\/nl\/product\/meguiars-hybride-keramische-was\/","og_locale":"nl_NL","og_type":"article","og_title":"Meguiar's Hybrid Ceramic Wax - Xenonkungen","og_description":"Keramiskt sprayvax som \u00e4r enkelt att anv\u00e4nda p\u00e5 v\u00e5t bil. Spraya p\u00e5 och sk\u00f6lj av!","og_url":"https:\/\/xenonkungen.com\/nl\/product\/meguiars-hybride-keramische-was\/","og_site_name":"Xenonkungen","article_modified_time":"2026-04-04T17:02:58+00:00","og_image":[{"width":600,"height":600,"url":"https:\/\/xenonkungen.com\/wp-content\/uploads\/2025\/04\/190087959-origpic-1e7e79.png","type":"image\/png"}],"twitter_card":"summary_large_image","twitter_misc":{"Geschatte leestijd":"1 minuut"},"schema":{"@context":"https:\/\/schema.org","@graph":[{"@type":"WebPage","@id":"https:\/\/xenonkungen.com\/produkt\/meguiars-hybrid-ceramic-wax\/","url":"https:\/\/xenonkungen.com\/produkt\/meguiars-hybrid-ceramic-wax\/","name":"Meguiar&#039;s Hybrid Ceramic Wax - De Xenon Koning","isPartOf":{"@id":"https:\/\/xenonkungen.com\/#website"},"primaryImageOfPage":{"@id":"https:\/\/xenonkungen.com\/produkt\/meguiars-hybrid-ceramic-wax\/#primaryimage"},"image":{"@id":"https:\/\/xenonkungen.com\/produkt\/meguiars-hybrid-ceramic-wax\/#primaryimage"},"thumbnailUrl":"https:\/\/xenonkungen.com\/wp-content\/uploads\/2025\/04\/190087959-origpic-1e7e79.png","datePublished":"2025-04-15T09:14:14+00:00","dateModified":"2026-04-04T17:02:58+00:00","breadcrumb":{"@id":"https:\/\/xenonkungen.com\/produkt\/meguiars-hybrid-ceramic-wax\/#breadcrumb"},"inLanguage":"nl-NL","potentialAction":[{"@type":"ReadAction","target":["https:\/\/xenonkungen.com\/produkt\/meguiars-hybrid-ceramic-wax\/"]}]},{"@type":"ImageObject","inLanguage":"nl-NL","@id":"https:\/\/xenonkungen.com\/produkt\/meguiars-hybrid-ceramic-wax\/#primaryimage","url":"https:\/\/xenonkungen.com\/wp-content\/uploads\/2025\/04\/190087959-origpic-1e7e79.png","contentUrl":"https:\/\/xenonkungen.com\/wp-content\/uploads\/2025\/04\/190087959-origpic-1e7e79.png","width":600,"height":600},{"@type":"BreadcrumbList","@id":"https:\/\/xenonkungen.com\/produkt\/meguiars-hybrid-ceramic-wax\/#breadcrumb","itemListElement":[{"@type":"ListItem","position":1,"name":"Hem","item":"https:\/\/xenonkungen.com\/"},{"@type":"ListItem","position":2,"name":"Shop","item":"https:\/\/xenonkungen.com\/shop\/"},{"@type":"ListItem","position":3,"name":"Meguiar&#8217;s Hybrid Ceramic Wax"}]},{"@type":"WebSite","@id":"https:\/\/xenonkungen.com\/#website","url":"https:\/\/xenonkungen.com\/","name":"Xenonkungen","description":"","potentialAction":[{"@type":"SearchAction","target":{"@type":"EntryPoint","urlTemplate":"https:\/\/xenonkungen.com\/?s={search_term_string}"},"query-input":{"@type":"PropertyValueSpecification","valueRequired":true,"valueName":"search_term_string"}}],"inLanguage":"nl-NL"}]}},"taxonomy_info":{"product_brand":[{"value":1383,"label":"Meguiar's"}],"product_cat":[{"value":2614,"label":"4 | Bilvax &amp; Lackskydd"},{"value":2623,"label":"5 | Underh\u00e5ll"},{"value":378,"label":"Bilv\u00e5rd"},{"value":1402,"label":"Outlet"}]},"featured_image_src_large":["https:\/\/xenonkungen.com\/wp-content\/uploads\/2025\/04\/190087959-origpic-1e7e79.png",600,600,false],"author_info":[],"comment_info":1,"_links":{"self":[{"href":"https:\/\/xenonkungen.com\/nl\/wp-json\/wp\/v2\/product\/4519","targetHints":{"allow":["GET"]}}],"collection":[{"href":"https:\/\/xenonkungen.com\/nl\/wp-json\/wp\/v2\/product"}],"about":[{"href":"https:\/\/xenonkungen.com\/nl\/wp-json\/wp\/v2\/types\/product"}],"replies":[{"embeddable":true,"href":"https:\/\/xenonkungen.com\/nl\/wp-json\/wp\/v2\/comments?post=4519"}],"wp:featuredmedia":[{"embeddable":true,"href":"https:\/\/xenonkungen.com\/nl\/wp-json\/wp\/v2\/media\/4520"}],"wp:attachment":[{"href":"https:\/\/xenonkungen.com\/nl\/wp-json\/wp\/v2\/media?parent=4519"}],"wp:term":[{"taxonomy":"anvandningsomrade","embeddable":true,"href":"https:\/\/xenonkungen.com\/nl\/wp-json\/wp\/v2\/anvandningsomrade?post=4519"},{"taxonomy":"bilmarken","embeddable":true,"href":"https:\/\/xenonkungen.com\/nl\/wp-json\/wp\/v2\/bilmarken?post=4519"},{"taxonomy":"product_brand","embeddable":true,"href":"https:\/\/xenonkungen.com\/nl\/wp-json\/wp\/v2\/product_brand?post=4519"},{"taxonomy":"product_cat","embeddable":true,"href":"https:\/\/xenonkungen.com\/nl\/wp-json\/wp\/v2\/product_cat?post=4519"},{"taxonomy":"product_tag","embeddable":true,"href":"https:\/\/xenonkungen.com\/nl\/wp-json\/wp\/v2\/product_tag?post=4519"}],"curies":[{"name":"wp","href":"https:\/\/api.w.org\/{rel}","templated":true}]}}