{"id":4562,"date":"2025-04-15T09:14:31","date_gmt":"2025-04-15T09:14:31","guid":{"rendered":"https:\/\/xenonkungen.com\/product\/meguiars-ultimate-insane-shine-paint-glosser\/"},"modified":"2026-04-11T01:17:44","modified_gmt":"2026-04-11T00:17:44","slug":"meguiars-ultimate-insane-shine-lakglans","status":"publish","type":"product","link":"https:\/\/xenonkungen.com\/nl\/product\/meguiars-ultimate-insane-shine-lakglans\/","title":{"rendered":"Meguiar&#039;s Ultimate Insane Shine Paint Glosser"},"content":{"rendered":"<h1 class=\"product_title entry-title\"><span class=\"product_title--title\">Ultieme waanzinnige glansverf<\/span><\/h1>\n<p>Ultimate Insane Shine Paint Glosser is een glansversterkende polish in sprayvorm! Het camoufleert kleine waskrassen, polijstbeschadigingen en andere oneffenheden. Gemakkelijk te gebruiken en geeft een fantastische glans aan glanzende lakken en blanke lakken.<\/p>\n<p>Breng het product aan op een schone, droge en koele lak. Spuit het product in een<span>\u00a0<\/span><a href=\"https:\/\/www.xenonkungen.com\/se\/produkter\/bilvard\/5-underhall\/tillbehor-underhall\/supreme-shine-microfiber-1-p.html\">Supreme Shine Microvezel Handdoek<\/a><span>\u00a0<\/span>en verdeel gelijkmatig over het oppervlak, draai de doek om en veeg het product af \u2013 het resultaat is een extreem hoogglanzend oppervlak! Kan ook gebruikt worden als droogondersteuning na het wassen.<\/p>\n<p><strong><em>Dit product wordt niet aanbevolen als u uw verf met een coating heeft behandeld.<\/em><\/strong><\/p>\n<p><span class=\"product_title--title\"><strong>Inhoud (ml):<\/strong> 479<\/span><\/p>","protected":false},"excerpt":{"rendered":"<p>Meguiar&#039;s Paint Glosser is een glansversterkende spraypolish die kleine waskrassen, polijstvlekjes en andere oneffenheden camoufleert. Zorgt voor een hoogglanzend en onberispelijk oppervlak!<\/p>","protected":false},"featured_media":4563,"comment_status":"closed","ping_status":"closed","template":"","meta":{"_acf_changed":false,"_smort_price_nok":"220","_smort_price_dkk":"189","_smort_price_eur":"25.36","_smort_sale_price_nok":"220","_smort_sale_price_dkk":"","_smort_sale_price_eur":"20.27","smort_restorder":"","shipmondo_restorder":"","_kad_blocks_custom_css":"","_kad_blocks_head_custom_js":"","_kad_blocks_body_custom_js":"","_kad_blocks_footer_custom_js":"","smort_custom_pricelist_1":"178.56","smort_custom_pricelist_2":"178.56","smort_custom_pricelist_3":"169.63","smort_custom_pricelist_4":"223.2","smort_custom_pricelist_5":"178.56"},"anvandningsomrade":[],"bilmarken":[],"product_brand":[1383],"product_cat":[2617,2614,2623,378,1402],"product_tag":[],"class_list":{"0":"post-4562","1":"product","2":"type-product","3":"status-publish","4":"has-post-thumbnail","6":"product_brand-meguiars","7":"product_cat-polering","8":"product_cat-lackskydd","9":"product_cat-underhall","10":"product_cat-bilvard","11":"product_cat-outlet","13":"first","14":"instock","15":"sale","16":"taxable","17":"shipping-taxable","18":"purchasable","19":"product-type-simple"},"bundled_by":[],"bundle_stock_status":"instock","bundle_stock_quantity":1,"bundle_virtual":false,"bundle_layout":"","bundle_add_to_cart_form_location":"","bundle_editable_in_cart":false,"bundle_sold_individually_context":"","bundle_item_grouping":"","bundle_min_size":"","bundle_max_size":"","bundle_price":[],"bundled_items":[],"bundle_sell_ids":[],"acf":[],"yoast_head":"<!-- This site is optimized with the Yoast SEO plugin v27.0 - https:\/\/yoast.com\/product\/yoast-seo-wordpress\/ -->\n<title>Meguiar&#039;s Ultimate Insane Shine Paint Glosser - Xenonkungen<\/title>\n<meta name=\"robots\" content=\"index, follow, max-snippet:-1, max-image-preview:large, max-video-preview:-1\" \/>\n<link rel=\"canonical\" href=\"https:\/\/xenonkungen.com\/nl\/product\/meguiars-ultimate-insane-shine-lakglans\/\" \/>\n<meta property=\"og:locale\" content=\"nl_NL\" \/>\n<meta property=\"og:type\" content=\"article\" \/>\n<meta property=\"og:title\" content=\"Meguiar&#039;s Ultimate Insane Shine Paint Glosser - Xenonkungen\" \/>\n<meta property=\"og:description\" content=\"Meguiar\u2019s Paint Glosser \u00e4r en glansf\u00f6rst\u00e4rkande spraypolish som d\u00f6ljer mindre tv\u00e4ttrepor, polerrosor och andra defekter. Ger en h\u00f6gblank och felfri yta!\" \/>\n<meta property=\"og:url\" content=\"https:\/\/xenonkungen.com\/nl\/product\/meguiars-ultimate-insane-shine-lakglans\/\" \/>\n<meta property=\"og:site_name\" content=\"Xenonkungen\" \/>\n<meta property=\"article:modified_time\" content=\"2026-04-11T00:17:44+00:00\" \/>\n<meta property=\"og:image\" content=\"https:\/\/xenonkungen.com\/wp-content\/uploads\/2025\/04\/215212831-origpic-94b378.png\" \/>\n\t<meta property=\"og:image:width\" content=\"500\" \/>\n\t<meta property=\"og:image:height\" content=\"1299\" \/>\n\t<meta property=\"og:image:type\" content=\"image\/png\" \/>\n<meta name=\"twitter:card\" content=\"summary_large_image\" \/>\n<meta name=\"twitter:label1\" content=\"Geschatte leestijd\" \/>\n\t<meta name=\"twitter:data1\" content=\"1 minuut\" \/>\n<script type=\"application\/ld+json\" class=\"yoast-schema-graph\">{\"@context\":\"https:\/\/schema.org\",\"@graph\":[{\"@type\":\"WebPage\",\"@id\":\"https:\/\/xenonkungen.com\/produkt\/meguiars-ultimate-insane-shine-paint-glosser\/\",\"url\":\"https:\/\/xenonkungen.com\/produkt\/meguiars-ultimate-insane-shine-paint-glosser\/\",\"name\":\"Meguiar's Ultimate Insane Shine Paint Glosser - Xenonkungen\",\"isPartOf\":{\"@id\":\"https:\/\/xenonkungen.com\/#website\"},\"primaryImageOfPage\":{\"@id\":\"https:\/\/xenonkungen.com\/produkt\/meguiars-ultimate-insane-shine-paint-glosser\/#primaryimage\"},\"image\":{\"@id\":\"https:\/\/xenonkungen.com\/produkt\/meguiars-ultimate-insane-shine-paint-glosser\/#primaryimage\"},\"thumbnailUrl\":\"https:\/\/xenonkungen.com\/wp-content\/uploads\/2025\/04\/215212831-origpic-94b378.png\",\"datePublished\":\"2025-04-15T09:14:31+00:00\",\"dateModified\":\"2026-04-11T00:17:44+00:00\",\"breadcrumb\":{\"@id\":\"https:\/\/xenonkungen.com\/produkt\/meguiars-ultimate-insane-shine-paint-glosser\/#breadcrumb\"},\"inLanguage\":\"nl-NL\",\"potentialAction\":[{\"@type\":\"ReadAction\",\"target\":[\"https:\/\/xenonkungen.com\/produkt\/meguiars-ultimate-insane-shine-paint-glosser\/\"]}]},{\"@type\":\"ImageObject\",\"inLanguage\":\"nl-NL\",\"@id\":\"https:\/\/xenonkungen.com\/produkt\/meguiars-ultimate-insane-shine-paint-glosser\/#primaryimage\",\"url\":\"https:\/\/xenonkungen.com\/wp-content\/uploads\/2025\/04\/215212831-origpic-94b378.png\",\"contentUrl\":\"https:\/\/xenonkungen.com\/wp-content\/uploads\/2025\/04\/215212831-origpic-94b378.png\",\"width\":500,\"height\":1299},{\"@type\":\"BreadcrumbList\",\"@id\":\"https:\/\/xenonkungen.com\/produkt\/meguiars-ultimate-insane-shine-paint-glosser\/#breadcrumb\",\"itemListElement\":[{\"@type\":\"ListItem\",\"position\":1,\"name\":\"Hem\",\"item\":\"https:\/\/xenonkungen.com\/\"},{\"@type\":\"ListItem\",\"position\":2,\"name\":\"Shop\",\"item\":\"https:\/\/xenonkungen.com\/shop\/\"},{\"@type\":\"ListItem\",\"position\":3,\"name\":\"Meguiar&#8217;s Ultimate Insane Shine Paint Glosser\"}]},{\"@type\":\"WebSite\",\"@id\":\"https:\/\/xenonkungen.com\/#website\",\"url\":\"https:\/\/xenonkungen.com\/\",\"name\":\"Xenonkungen\",\"description\":\"\",\"potentialAction\":[{\"@type\":\"SearchAction\",\"target\":{\"@type\":\"EntryPoint\",\"urlTemplate\":\"https:\/\/xenonkungen.com\/?s={search_term_string}\"},\"query-input\":{\"@type\":\"PropertyValueSpecification\",\"valueRequired\":true,\"valueName\":\"search_term_string\"}}],\"inLanguage\":\"nl-NL\"}]}<\/script>\n<!-- \/ Yoast SEO plugin. -->","yoast_head_json":{"title":"Meguiar&#039;s Ultimate Insane Shine Paint Glosser - De Xenonkoning","robots":{"index":"index","follow":"follow","max-snippet":"max-snippet:-1","max-image-preview":"max-image-preview:large","max-video-preview":"max-video-preview:-1"},"canonical":"https:\/\/xenonkungen.com\/nl\/product\/meguiars-ultimate-insane-shine-lakglans\/","og_locale":"nl_NL","og_type":"article","og_title":"Meguiar's Ultimate Insane Shine Paint Glosser - Xenonkungen","og_description":"Meguiar\u2019s Paint Glosser \u00e4r en glansf\u00f6rst\u00e4rkande spraypolish som d\u00f6ljer mindre tv\u00e4ttrepor, polerrosor och andra defekter. Ger en h\u00f6gblank och felfri yta!","og_url":"https:\/\/xenonkungen.com\/nl\/product\/meguiars-ultimate-insane-shine-lakglans\/","og_site_name":"Xenonkungen","article_modified_time":"2026-04-11T00:17:44+00:00","og_image":[{"width":500,"height":1299,"url":"https:\/\/xenonkungen.com\/wp-content\/uploads\/2025\/04\/215212831-origpic-94b378.png","type":"image\/png"}],"twitter_card":"summary_large_image","twitter_misc":{"Geschatte leestijd":"1 minuut"},"schema":{"@context":"https:\/\/schema.org","@graph":[{"@type":"WebPage","@id":"https:\/\/xenonkungen.com\/produkt\/meguiars-ultimate-insane-shine-paint-glosser\/","url":"https:\/\/xenonkungen.com\/produkt\/meguiars-ultimate-insane-shine-paint-glosser\/","name":"Meguiar&#039;s Ultimate Insane Shine Paint Glosser - De Xenonkoning","isPartOf":{"@id":"https:\/\/xenonkungen.com\/#website"},"primaryImageOfPage":{"@id":"https:\/\/xenonkungen.com\/produkt\/meguiars-ultimate-insane-shine-paint-glosser\/#primaryimage"},"image":{"@id":"https:\/\/xenonkungen.com\/produkt\/meguiars-ultimate-insane-shine-paint-glosser\/#primaryimage"},"thumbnailUrl":"https:\/\/xenonkungen.com\/wp-content\/uploads\/2025\/04\/215212831-origpic-94b378.png","datePublished":"2025-04-15T09:14:31+00:00","dateModified":"2026-04-11T00:17:44+00:00","breadcrumb":{"@id":"https:\/\/xenonkungen.com\/produkt\/meguiars-ultimate-insane-shine-paint-glosser\/#breadcrumb"},"inLanguage":"nl-NL","potentialAction":[{"@type":"ReadAction","target":["https:\/\/xenonkungen.com\/produkt\/meguiars-ultimate-insane-shine-paint-glosser\/"]}]},{"@type":"ImageObject","inLanguage":"nl-NL","@id":"https:\/\/xenonkungen.com\/produkt\/meguiars-ultimate-insane-shine-paint-glosser\/#primaryimage","url":"https:\/\/xenonkungen.com\/wp-content\/uploads\/2025\/04\/215212831-origpic-94b378.png","contentUrl":"https:\/\/xenonkungen.com\/wp-content\/uploads\/2025\/04\/215212831-origpic-94b378.png","width":500,"height":1299},{"@type":"BreadcrumbList","@id":"https:\/\/xenonkungen.com\/produkt\/meguiars-ultimate-insane-shine-paint-glosser\/#breadcrumb","itemListElement":[{"@type":"ListItem","position":1,"name":"Hem","item":"https:\/\/xenonkungen.com\/"},{"@type":"ListItem","position":2,"name":"Shop","item":"https:\/\/xenonkungen.com\/shop\/"},{"@type":"ListItem","position":3,"name":"Meguiar&#8217;s Ultimate Insane Shine Paint Glosser"}]},{"@type":"WebSite","@id":"https:\/\/xenonkungen.com\/#website","url":"https:\/\/xenonkungen.com\/","name":"Xenonkungen","description":"","potentialAction":[{"@type":"SearchAction","target":{"@type":"EntryPoint","urlTemplate":"https:\/\/xenonkungen.com\/?s={search_term_string}"},"query-input":{"@type":"PropertyValueSpecification","valueRequired":true,"valueName":"search_term_string"}}],"inLanguage":"nl-NL"}]}},"taxonomy_info":{"product_brand":[{"value":1383,"label":"Meguiar's"}],"product_cat":[{"value":2617,"label":"3 | Polering"},{"value":2614,"label":"4 | Bilvax &amp; Lackskydd"},{"value":2623,"label":"5 | Underh\u00e5ll"},{"value":378,"label":"Bilv\u00e5rd"},{"value":1402,"label":"Outlet"}]},"featured_image_src_large":["https:\/\/xenonkungen.com\/wp-content\/uploads\/2025\/04\/215212831-origpic-94b378-394x1024.png",394,1024,true],"author_info":[],"comment_info":0,"_links":{"self":[{"href":"https:\/\/xenonkungen.com\/nl\/wp-json\/wp\/v2\/product\/4562","targetHints":{"allow":["GET"]}}],"collection":[{"href":"https:\/\/xenonkungen.com\/nl\/wp-json\/wp\/v2\/product"}],"about":[{"href":"https:\/\/xenonkungen.com\/nl\/wp-json\/wp\/v2\/types\/product"}],"replies":[{"embeddable":true,"href":"https:\/\/xenonkungen.com\/nl\/wp-json\/wp\/v2\/comments?post=4562"}],"wp:featuredmedia":[{"embeddable":true,"href":"https:\/\/xenonkungen.com\/nl\/wp-json\/wp\/v2\/media\/4563"}],"wp:attachment":[{"href":"https:\/\/xenonkungen.com\/nl\/wp-json\/wp\/v2\/media?parent=4562"}],"wp:term":[{"taxonomy":"anvandningsomrade","embeddable":true,"href":"https:\/\/xenonkungen.com\/nl\/wp-json\/wp\/v2\/anvandningsomrade?post=4562"},{"taxonomy":"bilmarken","embeddable":true,"href":"https:\/\/xenonkungen.com\/nl\/wp-json\/wp\/v2\/bilmarken?post=4562"},{"taxonomy":"product_brand","embeddable":true,"href":"https:\/\/xenonkungen.com\/nl\/wp-json\/wp\/v2\/product_brand?post=4562"},{"taxonomy":"product_cat","embeddable":true,"href":"https:\/\/xenonkungen.com\/nl\/wp-json\/wp\/v2\/product_cat?post=4562"},{"taxonomy":"product_tag","embeddable":true,"href":"https:\/\/xenonkungen.com\/nl\/wp-json\/wp\/v2\/product_tag?post=4562"}],"curies":[{"name":"wp","href":"https:\/\/api.w.org\/{rel}","templated":true}]}}