{"id":4583,"date":"2025-04-15T09:14:54","date_gmt":"2025-04-15T09:14:54","guid":{"rendered":"https:\/\/xenonkungen.com\/product\/meguiars-perfect-clarity-glass-polishing-compound\/"},"modified":"2025-12-10T14:45:36","modified_gmt":"2025-12-10T13:45:36","slug":"meguiars-perfect-clarity-glaspolijstmiddel","status":"publish","type":"product","link":"https:\/\/xenonkungen.com\/nl\/product\/meguiars-perfect-clarity-glaspolijstmiddel\/","title":{"rendered":"Meguiar's Perfect Clarity polijstpasta voor glas"},"content":{"rendered":"<h1>Perfecte helderheid polijstpasta voor glas<\/h1>\n<p>Meguiar's revolutionaire Perfect Clarity Glass Polishing Compound verwijdert bijvoorbeeld watervlekken, kalkaanslag en ingebrande vliegen van autoruiten. <br \/>Laat een optimaal oppervlak achter voor het sealen van glas. Werkt zowel met de hand als machinaal.<\/p>\n<p><strong>Gebruiken:<\/strong> Goed schudden voor het aanbrengen op een koel oppervlak in de schaduw.<\/p>\n<ol>\n<li>Breng het product met lichte tot gemiddelde druk aan op een spons of microvezeldoek en boen het in een overlappend patroon. Polijst \u00e9\u00e9n oppervlak per keer.<\/li>\n<li>Veeg overtollig product en resten weg met een schone microvezeldoek. Het product hoeft niet te drogen of uit te harden.<\/li>\n<li>Als het hele glas gepolijst en klaar is, veeg je het oppervlak af met Meguiar's Glass Cleaner en een schone microvezeldoek.<\/li>\n<\/ol>\n<p>Kan worden gebruikt met een polijstmachine.<\/p>\n<p><strong>Inhoud (ml):<\/strong> 236<\/p>\n<h2><strong>Waarschuwing!<\/strong><\/h2>\n<p><strong>Kleurcodering:<\/strong><\/p>\n<ul>\n<li>Irriteert de huid<\/li>\n<li>Kan je slaperig of duizelig maken<\/li>\n<li>Kan schade aan organen (centraal zenuwstelsel) veroorzaken bij langdurige of herhaalde blootstelling<\/li>\n<li>Nadelige effecten op lange termijn op waterorganismen<\/li>\n<\/ul>\n<p><strong>Beschermende aanduidingen:<\/strong><\/p>\n<ul>\n<li>Houd de verpakking of het etiket bij de hand voor het geval je medische hulp nodig hebt<\/li>\n<li>Buiten bereik van kinderen bewaren<\/li>\n<li>Dampen of stof niet inademen<\/li>\n<li>Alleen buiten of op goed geventileerde plaatsen gebruiken<\/li>\n<li>Neem bij ongemak contact op met het ANTIGIFCENTRUM<\/li>\n<li>Achter slot en grendel<\/li>\n<li>De inhoud\/container wordt afgevoerd in overeenstemming met de nationale regelgeving<\/li>\n<\/ul>","protected":false},"excerpt":{"rendered":"<p>Meguiar's revolutionaire glaspolish<br \/>\nVerwijdert vastzittend vuil dat gewone ruitenreinigers niet aankunnen.<br \/>\n*Verwijdert opgehoopt vuil van het oppervlak en maakt het glas weer glad.<br \/>\n*Verwijdert watervlekken, aanslag van ruitenwissers enz. om de helderheid van het glas te herstellen.<br \/>\n*Laat een optimaal oppervlak achter om het glas op af te dichten.<\/p>","protected":false},"featured_media":4584,"comment_status":"closed","ping_status":"open","template":"","meta":{"_acf_changed":false,"_smort_price_nok":"245","_smort_price_dkk":"155","_smort_price_eur":"20.82","_smort_sale_price_nok":"","_smort_sale_price_dkk":"","_smort_sale_price_eur":"","smort_restorder":"","shipmondo_restorder":"","_kad_blocks_custom_css":"","_kad_blocks_head_custom_js":"","_kad_blocks_body_custom_js":"","_kad_blocks_footer_custom_js":"","smort_custom_pricelist_1":"146.56","smort_custom_pricelist_2":"146.56","smort_custom_pricelist_3":"139.23","smort_custom_pricelist_4":"183.2","smort_custom_pricelist_5":"146.56"},"anvandningsomrade":[],"bilmarken":[],"product_brand":[1383],"product_cat":[2618,378],"product_tag":[],"class_list":{"0":"post-4583","1":"product","2":"type-product","3":"status-publish","4":"has-post-thumbnail","6":"product_brand-meguiars","7":"product_cat-interior","8":"product_cat-bilvard","10":"first","11":"instock","12":"taxable","13":"shipping-taxable","14":"purchasable","15":"product-type-simple"},"bundled_by":[],"bundle_stock_status":"instock","bundle_stock_quantity":1,"bundle_virtual":false,"bundle_layout":"","bundle_add_to_cart_form_location":"","bundle_editable_in_cart":false,"bundle_sold_individually_context":"","bundle_item_grouping":"","bundle_min_size":"","bundle_max_size":"","bundle_price":[],"bundled_items":[],"bundle_sell_ids":[],"acf":[],"yoast_head":"<!-- This site is optimized with the Yoast SEO plugin v27.0 - https:\/\/yoast.com\/product\/yoast-seo-wordpress\/ -->\n<title>Meguiar&#039;s Perfect Clarity Glass Polishing Compound - Xenonkungen<\/title>\n<meta name=\"robots\" content=\"index, follow, max-snippet:-1, max-image-preview:large, max-video-preview:-1\" \/>\n<link rel=\"canonical\" href=\"https:\/\/xenonkungen.com\/nl\/product\/meguiars-perfect-clarity-glaspolijstmiddel\/\" \/>\n<meta property=\"og:locale\" content=\"nl_NL\" \/>\n<meta property=\"og:type\" content=\"article\" \/>\n<meta property=\"og:title\" content=\"Meguiar&#039;s Perfect Clarity Glass Polishing Compound - Xenonkungen\" \/>\n<meta property=\"og:description\" content=\"Meguiar\u2019s revolutionerande Glaspolish Tar bort bunden smuts som vanliga f\u00f6nsterreng\u00f6ringar inte klarar av. *Tar bort ackumulerad smuts fr\u00e5n ytan och \u00e5terst\u00e4ller halheten p\u00e5 glaset. *Eliminerar vattenfl\u00e4ckar, avlagringar ifr\u00e5n torkare mm f\u00f6r att \u00e5terst\u00e4lla klarhet i glaset. *L\u00e4mnar en optimal yta f\u00f6r att f\u00f6rsegla glaset p\u00e5.\" \/>\n<meta property=\"og:url\" content=\"https:\/\/xenonkungen.com\/nl\/product\/meguiars-perfect-clarity-glaspolijstmiddel\/\" \/>\n<meta property=\"og:site_name\" content=\"Xenonkungen\" \/>\n<meta property=\"article:modified_time\" content=\"2025-12-10T13:45:36+00:00\" \/>\n<meta property=\"og:image\" content=\"https:\/\/xenonkungen.com\/wp-content\/uploads\/2025\/04\/190088081-origpic-7a84f7.png\" \/>\n\t<meta property=\"og:image:width\" content=\"164\" \/>\n\t<meta property=\"og:image:height\" content=\"505\" \/>\n\t<meta property=\"og:image:type\" content=\"image\/png\" \/>\n<meta name=\"twitter:card\" content=\"summary_large_image\" \/>\n<meta name=\"twitter:label1\" content=\"Geschatte leestijd\" \/>\n\t<meta name=\"twitter:data1\" content=\"1 minuut\" \/>\n<script type=\"application\/ld+json\" class=\"yoast-schema-graph\">{\"@context\":\"https:\/\/schema.org\",\"@graph\":[{\"@type\":\"WebPage\",\"@id\":\"https:\/\/xenonkungen.com\/produkt\/meguiars-perfect-clarity-glass-polishing-compound\/\",\"url\":\"https:\/\/xenonkungen.com\/produkt\/meguiars-perfect-clarity-glass-polishing-compound\/\",\"name\":\"Meguiar's Perfect Clarity Glass Polishing Compound - Xenonkungen\",\"isPartOf\":{\"@id\":\"https:\/\/xenonkungen.com\/#website\"},\"primaryImageOfPage\":{\"@id\":\"https:\/\/xenonkungen.com\/produkt\/meguiars-perfect-clarity-glass-polishing-compound\/#primaryimage\"},\"image\":{\"@id\":\"https:\/\/xenonkungen.com\/produkt\/meguiars-perfect-clarity-glass-polishing-compound\/#primaryimage\"},\"thumbnailUrl\":\"https:\/\/xenonkungen.com\/wp-content\/uploads\/2025\/04\/190088081-origpic-7a84f7.png\",\"datePublished\":\"2025-04-15T09:14:54+00:00\",\"dateModified\":\"2025-12-10T13:45:36+00:00\",\"breadcrumb\":{\"@id\":\"https:\/\/xenonkungen.com\/produkt\/meguiars-perfect-clarity-glass-polishing-compound\/#breadcrumb\"},\"inLanguage\":\"nl-NL\",\"potentialAction\":[{\"@type\":\"ReadAction\",\"target\":[\"https:\/\/xenonkungen.com\/produkt\/meguiars-perfect-clarity-glass-polishing-compound\/\"]}]},{\"@type\":\"ImageObject\",\"inLanguage\":\"nl-NL\",\"@id\":\"https:\/\/xenonkungen.com\/produkt\/meguiars-perfect-clarity-glass-polishing-compound\/#primaryimage\",\"url\":\"https:\/\/xenonkungen.com\/wp-content\/uploads\/2025\/04\/190088081-origpic-7a84f7.png\",\"contentUrl\":\"https:\/\/xenonkungen.com\/wp-content\/uploads\/2025\/04\/190088081-origpic-7a84f7.png\",\"width\":164,\"height\":505},{\"@type\":\"BreadcrumbList\",\"@id\":\"https:\/\/xenonkungen.com\/produkt\/meguiars-perfect-clarity-glass-polishing-compound\/#breadcrumb\",\"itemListElement\":[{\"@type\":\"ListItem\",\"position\":1,\"name\":\"Hem\",\"item\":\"https:\/\/xenonkungen.com\/\"},{\"@type\":\"ListItem\",\"position\":2,\"name\":\"Shop\",\"item\":\"https:\/\/xenonkungen.com\/shop\/\"},{\"@type\":\"ListItem\",\"position\":3,\"name\":\"Meguiar&#8217;s Perfect Clarity Glass Polishing Compound\"}]},{\"@type\":\"WebSite\",\"@id\":\"https:\/\/xenonkungen.com\/#website\",\"url\":\"https:\/\/xenonkungen.com\/\",\"name\":\"Xenonkungen\",\"description\":\"\",\"potentialAction\":[{\"@type\":\"SearchAction\",\"target\":{\"@type\":\"EntryPoint\",\"urlTemplate\":\"https:\/\/xenonkungen.com\/?s={search_term_string}\"},\"query-input\":{\"@type\":\"PropertyValueSpecification\",\"valueRequired\":true,\"valueName\":\"search_term_string\"}}],\"inLanguage\":\"nl-NL\"}]}<\/script>\n<!-- \/ Yoast SEO plugin. -->","yoast_head_json":{"title":"Meguiar&#039;s Perfect Clarity Glass Polishing Compound - De Xenon Koning","robots":{"index":"index","follow":"follow","max-snippet":"max-snippet:-1","max-image-preview":"max-image-preview:large","max-video-preview":"max-video-preview:-1"},"canonical":"https:\/\/xenonkungen.com\/nl\/product\/meguiars-perfect-clarity-glaspolijstmiddel\/","og_locale":"nl_NL","og_type":"article","og_title":"Meguiar's Perfect Clarity Glass Polishing Compound - Xenonkungen","og_description":"Meguiar\u2019s revolutionerande Glaspolish Tar bort bunden smuts som vanliga f\u00f6nsterreng\u00f6ringar inte klarar av. *Tar bort ackumulerad smuts fr\u00e5n ytan och \u00e5terst\u00e4ller halheten p\u00e5 glaset. *Eliminerar vattenfl\u00e4ckar, avlagringar ifr\u00e5n torkare mm f\u00f6r att \u00e5terst\u00e4lla klarhet i glaset. *L\u00e4mnar en optimal yta f\u00f6r att f\u00f6rsegla glaset p\u00e5.","og_url":"https:\/\/xenonkungen.com\/nl\/product\/meguiars-perfect-clarity-glaspolijstmiddel\/","og_site_name":"Xenonkungen","article_modified_time":"2025-12-10T13:45:36+00:00","og_image":[{"width":164,"height":505,"url":"https:\/\/xenonkungen.com\/wp-content\/uploads\/2025\/04\/190088081-origpic-7a84f7.png","type":"image\/png"}],"twitter_card":"summary_large_image","twitter_misc":{"Geschatte leestijd":"1 minuut"},"schema":{"@context":"https:\/\/schema.org","@graph":[{"@type":"WebPage","@id":"https:\/\/xenonkungen.com\/produkt\/meguiars-perfect-clarity-glass-polishing-compound\/","url":"https:\/\/xenonkungen.com\/produkt\/meguiars-perfect-clarity-glass-polishing-compound\/","name":"Meguiar&#039;s Perfect Clarity Glass Polishing Compound - De Xenon Koning","isPartOf":{"@id":"https:\/\/xenonkungen.com\/#website"},"primaryImageOfPage":{"@id":"https:\/\/xenonkungen.com\/produkt\/meguiars-perfect-clarity-glass-polishing-compound\/#primaryimage"},"image":{"@id":"https:\/\/xenonkungen.com\/produkt\/meguiars-perfect-clarity-glass-polishing-compound\/#primaryimage"},"thumbnailUrl":"https:\/\/xenonkungen.com\/wp-content\/uploads\/2025\/04\/190088081-origpic-7a84f7.png","datePublished":"2025-04-15T09:14:54+00:00","dateModified":"2025-12-10T13:45:36+00:00","breadcrumb":{"@id":"https:\/\/xenonkungen.com\/produkt\/meguiars-perfect-clarity-glass-polishing-compound\/#breadcrumb"},"inLanguage":"nl-NL","potentialAction":[{"@type":"ReadAction","target":["https:\/\/xenonkungen.com\/produkt\/meguiars-perfect-clarity-glass-polishing-compound\/"]}]},{"@type":"ImageObject","inLanguage":"nl-NL","@id":"https:\/\/xenonkungen.com\/produkt\/meguiars-perfect-clarity-glass-polishing-compound\/#primaryimage","url":"https:\/\/xenonkungen.com\/wp-content\/uploads\/2025\/04\/190088081-origpic-7a84f7.png","contentUrl":"https:\/\/xenonkungen.com\/wp-content\/uploads\/2025\/04\/190088081-origpic-7a84f7.png","width":164,"height":505},{"@type":"BreadcrumbList","@id":"https:\/\/xenonkungen.com\/produkt\/meguiars-perfect-clarity-glass-polishing-compound\/#breadcrumb","itemListElement":[{"@type":"ListItem","position":1,"name":"Hem","item":"https:\/\/xenonkungen.com\/"},{"@type":"ListItem","position":2,"name":"Shop","item":"https:\/\/xenonkungen.com\/shop\/"},{"@type":"ListItem","position":3,"name":"Meguiar&#8217;s Perfect Clarity Glass Polishing Compound"}]},{"@type":"WebSite","@id":"https:\/\/xenonkungen.com\/#website","url":"https:\/\/xenonkungen.com\/","name":"Xenonkungen","description":"","potentialAction":[{"@type":"SearchAction","target":{"@type":"EntryPoint","urlTemplate":"https:\/\/xenonkungen.com\/?s={search_term_string}"},"query-input":{"@type":"PropertyValueSpecification","valueRequired":true,"valueName":"search_term_string"}}],"inLanguage":"nl-NL"}]}},"taxonomy_info":{"product_brand":[{"value":1383,"label":"Meguiar's"}],"product_cat":[{"value":2618,"label":"Interi\u00f6r"},{"value":378,"label":"Bilv\u00e5rd"}]},"featured_image_src_large":["https:\/\/xenonkungen.com\/wp-content\/uploads\/2025\/04\/190088081-origpic-7a84f7.png",164,505,false],"author_info":[],"comment_info":0,"_links":{"self":[{"href":"https:\/\/xenonkungen.com\/nl\/wp-json\/wp\/v2\/product\/4583","targetHints":{"allow":["GET"]}}],"collection":[{"href":"https:\/\/xenonkungen.com\/nl\/wp-json\/wp\/v2\/product"}],"about":[{"href":"https:\/\/xenonkungen.com\/nl\/wp-json\/wp\/v2\/types\/product"}],"replies":[{"embeddable":true,"href":"https:\/\/xenonkungen.com\/nl\/wp-json\/wp\/v2\/comments?post=4583"}],"wp:featuredmedia":[{"embeddable":true,"href":"https:\/\/xenonkungen.com\/nl\/wp-json\/wp\/v2\/media\/4584"}],"wp:attachment":[{"href":"https:\/\/xenonkungen.com\/nl\/wp-json\/wp\/v2\/media?parent=4583"}],"wp:term":[{"taxonomy":"anvandningsomrade","embeddable":true,"href":"https:\/\/xenonkungen.com\/nl\/wp-json\/wp\/v2\/anvandningsomrade?post=4583"},{"taxonomy":"bilmarken","embeddable":true,"href":"https:\/\/xenonkungen.com\/nl\/wp-json\/wp\/v2\/bilmarken?post=4583"},{"taxonomy":"product_brand","embeddable":true,"href":"https:\/\/xenonkungen.com\/nl\/wp-json\/wp\/v2\/product_brand?post=4583"},{"taxonomy":"product_cat","embeddable":true,"href":"https:\/\/xenonkungen.com\/nl\/wp-json\/wp\/v2\/product_cat?post=4583"},{"taxonomy":"product_tag","embeddable":true,"href":"https:\/\/xenonkungen.com\/nl\/wp-json\/wp\/v2\/product_tag?post=4583"}],"curies":[{"name":"wp","href":"https:\/\/api.w.org\/{rel}","templated":true}]}}