{"id":4606,"date":"2025-04-15T09:15:17","date_gmt":"2025-04-15T09:15:17","guid":{"rendered":"https:\/\/xenonkungen.com\/product\/meguiars-flagship-marine-wax\/"},"modified":"2026-04-01T07:56:07","modified_gmt":"2026-04-01T06:56:07","slug":"meguiars-flagship-marine-wax","status":"publish","type":"product","link":"https:\/\/xenonkungen.com\/nl\/product\/meguiars-flagship-marine-wax\/","title":{"rendered":"Meguiar's vlaggenschip maritieme was"},"content":{"rendered":"<h1>Vlaggenschip Marine Wax<\/h1>\n<p>Flagship Marine Wax is onze meest exclusieve marine wax. Het biedt extreem duurzame bescherming in alle watertypes. Het is gemakkelijk te gebruiken en biedt langdurige bescherming met een ongelooflijk glanzende afwerking. Flagship Marine Wax verwijdert lichte oxidatie, kleine krasjes en polijstroest terwijl het de glans en diepte van de gelcoat drastisch verbetert. Het product biedt bescherming tegen defecten en UV-bescherming.<\/p>\n<p>Gemakkelijk aan te brengen en gemakkelijk af te vegen.<\/p>\n<p>Het product kan zowel met de hand als machinaal worden gebruikt.<\/p>\n<p><strong>Inhoud (ml):<\/strong> 1000<\/p>\n<h2><strong>Waarschuwing!<\/strong><\/h2>\n<p><strong>Kleurcodering:<\/strong><\/p>\n<ul>\n<li>Irriteert de huid<\/li>\n<li>Kan je slaperig of duizelig maken<\/li>\n<\/ul>\n<p><strong>Beschermende aanduidingen:<\/strong><\/p>\n<ul>\n<li>Houd de verpakking of het etiket bij de hand voor het geval je medische hulp nodig hebt<\/li>\n<li>Buiten bereik van kinderen bewaren<\/li>\n<li>Alleen buiten of op goed geventileerde plaatsen gebruiken<\/li>\n<li>Neem bij ongemak contact op met het ANTIGIFCENTRUM<\/li>\n<li>Achter slot en grendel<\/li>\n<li>De inhoud en de container worden afgeleverd bij een erkende afvalverwerker<\/li>\n<\/ul>","protected":false},"excerpt":{"rendered":"<p>Flagship Marine Wax is onze meest exclusieve marine wax. Het biedt extreem duurzame bescherming in alle watertypes. Het is gemakkelijk te gebruiken en biedt langdurige bescherming met een ongelooflijk glanzende afwerking.<\/p>","protected":false},"featured_media":4607,"comment_status":"closed","ping_status":"open","template":"","meta":{"_acf_changed":false,"_smort_price_nok":"640","_smort_price_dkk":"406","_smort_price_eur":"54.45","_smort_sale_price_nok":"","_smort_sale_price_dkk":"","_smort_sale_price_eur":"","smort_restorder":"","shipmondo_restorder":"","_kad_blocks_custom_css":"","_kad_blocks_head_custom_js":"","_kad_blocks_body_custom_js":"","_kad_blocks_footer_custom_js":"","smort_custom_pricelist_1":"383.36","smort_custom_pricelist_2":"383.36","smort_custom_pricelist_3":"364.19","smort_custom_pricelist_4":"479.2","smort_custom_pricelist_5":"383.36"},"anvandningsomrade":[1388],"bilmarken":[],"product_brand":[1383],"product_cat":[378],"product_tag":[],"class_list":{"0":"post-4606","1":"product","2":"type-product","3":"status-publish","4":"has-post-thumbnail","6":"anvandningsomrade-bat","7":"product_brand-meguiars","8":"product_cat-bilvard","10":"first","11":"instock","12":"taxable","13":"shipping-taxable","14":"purchasable","15":"product-type-simple"},"bundled_by":[],"bundle_stock_status":"instock","bundle_stock_quantity":4,"bundle_virtual":false,"bundle_layout":"","bundle_add_to_cart_form_location":"","bundle_editable_in_cart":false,"bundle_sold_individually_context":"","bundle_item_grouping":"","bundle_min_size":"","bundle_max_size":"","bundle_price":[],"bundled_items":[],"bundle_sell_ids":[],"acf":[],"yoast_head":"<!-- This site is optimized with the Yoast SEO plugin v27.0 - https:\/\/yoast.com\/product\/yoast-seo-wordpress\/ -->\n<title>Meguiar&#039;s Flagship Marine Wax - Xenonkungen<\/title>\n<meta name=\"robots\" content=\"index, follow, max-snippet:-1, max-image-preview:large, max-video-preview:-1\" \/>\n<link rel=\"canonical\" href=\"https:\/\/xenonkungen.com\/nl\/product\/meguiars-flagship-marine-wax\/\" \/>\n<meta property=\"og:locale\" content=\"nl_NL\" \/>\n<meta property=\"og:type\" content=\"article\" \/>\n<meta property=\"og:title\" content=\"Meguiar&#039;s Flagship Marine Wax - Xenonkungen\" \/>\n<meta property=\"og:description\" content=\"Flagship Marine Wax \u00e4r v\u00e5rt mest exklusiva marina vax. Det ger ett extremt t\u00e5ligt skydd i alla vattentyper. Enkel att anv\u00e4nda och l\u00e4mnar ett l\u00e5ngvarigt skydd med en otroligt blank yta.\" \/>\n<meta property=\"og:url\" content=\"https:\/\/xenonkungen.com\/nl\/product\/meguiars-flagship-marine-wax\/\" \/>\n<meta property=\"og:site_name\" content=\"Xenonkungen\" \/>\n<meta property=\"article:modified_time\" content=\"2026-04-01T06:56:07+00:00\" \/>\n<meta property=\"og:image\" content=\"https:\/\/xenonkungen.com\/wp-content\/uploads\/2025\/04\/190087903-origpic-ab4c1a.png\" \/>\n\t<meta property=\"og:image:width\" content=\"303\" \/>\n\t<meta property=\"og:image:height\" content=\"600\" \/>\n\t<meta property=\"og:image:type\" content=\"image\/png\" \/>\n<meta name=\"twitter:card\" content=\"summary_large_image\" \/>\n<meta name=\"twitter:label1\" content=\"Geschatte leestijd\" \/>\n\t<meta name=\"twitter:data1\" content=\"1 minuut\" \/>\n<script type=\"application\/ld+json\" class=\"yoast-schema-graph\">{\"@context\":\"https:\/\/schema.org\",\"@graph\":[{\"@type\":\"WebPage\",\"@id\":\"https:\/\/xenonkungen.com\/produkt\/meguiars-flagship-marine-wax\/\",\"url\":\"https:\/\/xenonkungen.com\/produkt\/meguiars-flagship-marine-wax\/\",\"name\":\"Meguiar's Flagship Marine Wax - Xenonkungen\",\"isPartOf\":{\"@id\":\"https:\/\/xenonkungen.com\/#website\"},\"primaryImageOfPage\":{\"@id\":\"https:\/\/xenonkungen.com\/produkt\/meguiars-flagship-marine-wax\/#primaryimage\"},\"image\":{\"@id\":\"https:\/\/xenonkungen.com\/produkt\/meguiars-flagship-marine-wax\/#primaryimage\"},\"thumbnailUrl\":\"https:\/\/xenonkungen.com\/wp-content\/uploads\/2025\/04\/190087903-origpic-ab4c1a.png\",\"datePublished\":\"2025-04-15T09:15:17+00:00\",\"dateModified\":\"2026-04-01T06:56:07+00:00\",\"breadcrumb\":{\"@id\":\"https:\/\/xenonkungen.com\/produkt\/meguiars-flagship-marine-wax\/#breadcrumb\"},\"inLanguage\":\"nl-NL\",\"potentialAction\":[{\"@type\":\"ReadAction\",\"target\":[\"https:\/\/xenonkungen.com\/produkt\/meguiars-flagship-marine-wax\/\"]}]},{\"@type\":\"ImageObject\",\"inLanguage\":\"nl-NL\",\"@id\":\"https:\/\/xenonkungen.com\/produkt\/meguiars-flagship-marine-wax\/#primaryimage\",\"url\":\"https:\/\/xenonkungen.com\/wp-content\/uploads\/2025\/04\/190087903-origpic-ab4c1a.png\",\"contentUrl\":\"https:\/\/xenonkungen.com\/wp-content\/uploads\/2025\/04\/190087903-origpic-ab4c1a.png\",\"width\":303,\"height\":600},{\"@type\":\"BreadcrumbList\",\"@id\":\"https:\/\/xenonkungen.com\/produkt\/meguiars-flagship-marine-wax\/#breadcrumb\",\"itemListElement\":[{\"@type\":\"ListItem\",\"position\":1,\"name\":\"Hem\",\"item\":\"https:\/\/xenonkungen.com\/\"},{\"@type\":\"ListItem\",\"position\":2,\"name\":\"Shop\",\"item\":\"https:\/\/xenonkungen.com\/shop\/\"},{\"@type\":\"ListItem\",\"position\":3,\"name\":\"Meguiar&#8217;s Flagship Marine Wax\"}]},{\"@type\":\"WebSite\",\"@id\":\"https:\/\/xenonkungen.com\/#website\",\"url\":\"https:\/\/xenonkungen.com\/\",\"name\":\"Xenonkungen\",\"description\":\"\",\"potentialAction\":[{\"@type\":\"SearchAction\",\"target\":{\"@type\":\"EntryPoint\",\"urlTemplate\":\"https:\/\/xenonkungen.com\/?s={search_term_string}\"},\"query-input\":{\"@type\":\"PropertyValueSpecification\",\"valueRequired\":true,\"valueName\":\"search_term_string\"}}],\"inLanguage\":\"nl-NL\"}]}<\/script>\n<!-- \/ Yoast SEO plugin. -->","yoast_head_json":{"title":"Meguiar&#039;s topmodel marine wax - De Xenon King","robots":{"index":"index","follow":"follow","max-snippet":"max-snippet:-1","max-image-preview":"max-image-preview:large","max-video-preview":"max-video-preview:-1"},"canonical":"https:\/\/xenonkungen.com\/nl\/product\/meguiars-flagship-marine-wax\/","og_locale":"nl_NL","og_type":"article","og_title":"Meguiar's Flagship Marine Wax - Xenonkungen","og_description":"Flagship Marine Wax \u00e4r v\u00e5rt mest exklusiva marina vax. Det ger ett extremt t\u00e5ligt skydd i alla vattentyper. Enkel att anv\u00e4nda och l\u00e4mnar ett l\u00e5ngvarigt skydd med en otroligt blank yta.","og_url":"https:\/\/xenonkungen.com\/nl\/product\/meguiars-flagship-marine-wax\/","og_site_name":"Xenonkungen","article_modified_time":"2026-04-01T06:56:07+00:00","og_image":[{"width":303,"height":600,"url":"https:\/\/xenonkungen.com\/wp-content\/uploads\/2025\/04\/190087903-origpic-ab4c1a.png","type":"image\/png"}],"twitter_card":"summary_large_image","twitter_misc":{"Geschatte leestijd":"1 minuut"},"schema":{"@context":"https:\/\/schema.org","@graph":[{"@type":"WebPage","@id":"https:\/\/xenonkungen.com\/produkt\/meguiars-flagship-marine-wax\/","url":"https:\/\/xenonkungen.com\/produkt\/meguiars-flagship-marine-wax\/","name":"Meguiar&#039;s topmodel marine wax - De Xenon King","isPartOf":{"@id":"https:\/\/xenonkungen.com\/#website"},"primaryImageOfPage":{"@id":"https:\/\/xenonkungen.com\/produkt\/meguiars-flagship-marine-wax\/#primaryimage"},"image":{"@id":"https:\/\/xenonkungen.com\/produkt\/meguiars-flagship-marine-wax\/#primaryimage"},"thumbnailUrl":"https:\/\/xenonkungen.com\/wp-content\/uploads\/2025\/04\/190087903-origpic-ab4c1a.png","datePublished":"2025-04-15T09:15:17+00:00","dateModified":"2026-04-01T06:56:07+00:00","breadcrumb":{"@id":"https:\/\/xenonkungen.com\/produkt\/meguiars-flagship-marine-wax\/#breadcrumb"},"inLanguage":"nl-NL","potentialAction":[{"@type":"ReadAction","target":["https:\/\/xenonkungen.com\/produkt\/meguiars-flagship-marine-wax\/"]}]},{"@type":"ImageObject","inLanguage":"nl-NL","@id":"https:\/\/xenonkungen.com\/produkt\/meguiars-flagship-marine-wax\/#primaryimage","url":"https:\/\/xenonkungen.com\/wp-content\/uploads\/2025\/04\/190087903-origpic-ab4c1a.png","contentUrl":"https:\/\/xenonkungen.com\/wp-content\/uploads\/2025\/04\/190087903-origpic-ab4c1a.png","width":303,"height":600},{"@type":"BreadcrumbList","@id":"https:\/\/xenonkungen.com\/produkt\/meguiars-flagship-marine-wax\/#breadcrumb","itemListElement":[{"@type":"ListItem","position":1,"name":"Hem","item":"https:\/\/xenonkungen.com\/"},{"@type":"ListItem","position":2,"name":"Shop","item":"https:\/\/xenonkungen.com\/shop\/"},{"@type":"ListItem","position":3,"name":"Meguiar&#8217;s Flagship Marine Wax"}]},{"@type":"WebSite","@id":"https:\/\/xenonkungen.com\/#website","url":"https:\/\/xenonkungen.com\/","name":"Xenonkungen","description":"","potentialAction":[{"@type":"SearchAction","target":{"@type":"EntryPoint","urlTemplate":"https:\/\/xenonkungen.com\/?s={search_term_string}"},"query-input":{"@type":"PropertyValueSpecification","valueRequired":true,"valueName":"search_term_string"}}],"inLanguage":"nl-NL"}]}},"taxonomy_info":{"anvandningsomrade":[{"value":1388,"label":"B\u00e5t"}],"product_brand":[{"value":1383,"label":"Meguiar's"}],"product_cat":[{"value":378,"label":"Bilv\u00e5rd"}]},"featured_image_src_large":["https:\/\/xenonkungen.com\/wp-content\/uploads\/2025\/04\/190087903-origpic-ab4c1a.png",303,600,false],"author_info":[],"comment_info":1,"_links":{"self":[{"href":"https:\/\/xenonkungen.com\/nl\/wp-json\/wp\/v2\/product\/4606","targetHints":{"allow":["GET"]}}],"collection":[{"href":"https:\/\/xenonkungen.com\/nl\/wp-json\/wp\/v2\/product"}],"about":[{"href":"https:\/\/xenonkungen.com\/nl\/wp-json\/wp\/v2\/types\/product"}],"replies":[{"embeddable":true,"href":"https:\/\/xenonkungen.com\/nl\/wp-json\/wp\/v2\/comments?post=4606"}],"wp:featuredmedia":[{"embeddable":true,"href":"https:\/\/xenonkungen.com\/nl\/wp-json\/wp\/v2\/media\/4607"}],"wp:attachment":[{"href":"https:\/\/xenonkungen.com\/nl\/wp-json\/wp\/v2\/media?parent=4606"}],"wp:term":[{"taxonomy":"anvandningsomrade","embeddable":true,"href":"https:\/\/xenonkungen.com\/nl\/wp-json\/wp\/v2\/anvandningsomrade?post=4606"},{"taxonomy":"bilmarken","embeddable":true,"href":"https:\/\/xenonkungen.com\/nl\/wp-json\/wp\/v2\/bilmarken?post=4606"},{"taxonomy":"product_brand","embeddable":true,"href":"https:\/\/xenonkungen.com\/nl\/wp-json\/wp\/v2\/product_brand?post=4606"},{"taxonomy":"product_cat","embeddable":true,"href":"https:\/\/xenonkungen.com\/nl\/wp-json\/wp\/v2\/product_cat?post=4606"},{"taxonomy":"product_tag","embeddable":true,"href":"https:\/\/xenonkungen.com\/nl\/wp-json\/wp\/v2\/product_tag?post=4606"}],"curies":[{"name":"wp","href":"https:\/\/api.w.org\/{rel}","templated":true}]}}