{"id":4655,"date":"2025-04-15T09:16:08","date_gmt":"2025-04-15T09:16:08","guid":{"rendered":"https:\/\/xenonkungen.com\/product\/meguiars-perfect-clarity-glass-towel\/"},"modified":"2026-05-08T13:23:12","modified_gmt":"2026-05-08T12:23:12","slug":"meguiars-perfect-clarity-glazen-handdoek","status":"publish","type":"product","link":"https:\/\/xenonkungen.com\/nl\/product\/meguiars-perfect-clarity-glazen-handdoek\/","title":{"rendered":"Meguiar's Perfecte Helderheid Glazen Handdoek"},"content":{"rendered":"<h1>Perfecte Helderheid Glazen Handdoek<\/h1>\n<p>De Perfect Clarity Glass Towel is de perfecte keuze als je een vlekkeloos resultaat wilt bereiken bij het schoonmaken van glazen oppervlakken. De Perfect Clarity Glass Towel is een luxe microvezeldoek met een unieke vezelstructuur die zorgt voor eenvoudig gebruik en perfecte resultaten, zonder pluisjes achter te laten.<\/p>\n<p>Ideaal voor gebruik met <a href=\"https:\/\/www.xenonkungen.com\/se\/produkter\/bilvard\/ovriga-ytor\/perfect-clarity-glass-cleaner.html\">Perfecte Helderheid Glasreiniger<\/a> voor eenvoudige en effectieve reiniging.<\/p>\n<p><strong>Afmetingen:<\/strong> 40,6 x 40,6 cm<\/p>\n<p>Machinewasbaar, <span>(maar zonder weekmaker!)<\/span><\/p>","protected":false},"excerpt":{"rendered":"<p>Perfect Clarity Glass Towel is een luxe microvezeldoek met een unieke vezelstructuur die zorgt voor eenvoudig gebruik en perfecte resultaten, zonder pluisjes achter te laten.<\/p>","protected":false},"featured_media":4656,"comment_status":"closed","ping_status":"closed","template":"","meta":{"_acf_changed":false,"_smort_price_nok":"120","_smort_price_dkk":"101","_smort_price_eur":"13.54","_smort_sale_price_nok":"120","_smort_sale_price_dkk":"","_smort_sale_price_eur":"","smort_restorder":"","shipmondo_restorder":"","_kad_blocks_custom_css":"","_kad_blocks_head_custom_js":"","_kad_blocks_body_custom_js":"","_kad_blocks_footer_custom_js":"","smort_custom_pricelist_1":"95.36","smort_custom_pricelist_2":"95.36","smort_custom_pricelist_3":"90.59","smort_custom_pricelist_4":"119.2","smort_custom_pricelist_5":"95.36"},"anvandningsomrade":[],"bilmarken":[],"product_brand":[1383],"product_cat":[2450,378,1402],"product_tag":[],"class_list":{"0":"post-4655","1":"product","2":"type-product","3":"status-publish","4":"has-post-thumbnail","6":"product_brand-meguiars","7":"product_cat-tillbehor-bilvard","8":"product_cat-bilvard","9":"product_cat-outlet","10":"pa_storlek-mm-406-x-406","12":"first","13":"onbackorder","14":"taxable","15":"shipping-taxable","16":"purchasable","17":"product-type-simple"},"bundled_by":["9653"],"bundle_stock_status":"onbackorder","bundle_stock_quantity":-1,"bundle_virtual":false,"bundle_layout":"","bundle_add_to_cart_form_location":"","bundle_editable_in_cart":false,"bundle_sold_individually_context":"","bundle_item_grouping":"","bundle_min_size":"","bundle_max_size":"","bundle_price":[],"bundled_items":[],"bundle_sell_ids":[],"acf":[],"yoast_head":"<!-- This site is optimized with the Yoast SEO plugin v27.0 - https:\/\/yoast.com\/product\/yoast-seo-wordpress\/ -->\n<title>Meguiar&#039;s Perfect Clarity Glass Towel - Xenonkungen<\/title>\n<meta name=\"robots\" content=\"index, follow, max-snippet:-1, max-image-preview:large, max-video-preview:-1\" \/>\n<link rel=\"canonical\" href=\"https:\/\/xenonkungen.com\/nl\/product\/meguiars-perfect-clarity-glazen-handdoek\/\" \/>\n<meta property=\"og:locale\" content=\"nl_NL\" \/>\n<meta property=\"og:type\" content=\"article\" \/>\n<meta property=\"og:title\" content=\"Meguiar&#039;s Perfect Clarity Glass Towel - Xenonkungen\" \/>\n<meta property=\"og:description\" content=\"Perfect Clarity Glass Towel \u00e4r en lyxig mikrofiberduk med en unik fiberstruktur vilket m\u00f6jligg\u00f6r enkel anv\u00e4ndning och ett perfekt resultat, helt utan att duken l\u00e4mnar n\u00e5got ludd.\" \/>\n<meta property=\"og:url\" content=\"https:\/\/xenonkungen.com\/nl\/product\/meguiars-perfect-clarity-glazen-handdoek\/\" \/>\n<meta property=\"og:site_name\" content=\"Xenonkungen\" \/>\n<meta property=\"article:modified_time\" content=\"2026-05-08T12:23:12+00:00\" \/>\n<meta property=\"og:image\" content=\"https:\/\/xenonkungen.com\/wp-content\/uploads\/2025\/04\/190088137-origpic-965e3e.png\" \/>\n\t<meta property=\"og:image:width\" content=\"449\" \/>\n\t<meta property=\"og:image:height\" content=\"600\" \/>\n\t<meta property=\"og:image:type\" content=\"image\/png\" \/>\n<meta name=\"twitter:card\" content=\"summary_large_image\" \/>\n<script type=\"application\/ld+json\" class=\"yoast-schema-graph\">{\"@context\":\"https:\/\/schema.org\",\"@graph\":[{\"@type\":\"WebPage\",\"@id\":\"https:\/\/xenonkungen.com\/produkt\/meguiars-perfect-clarity-glass-towel\/\",\"url\":\"https:\/\/xenonkungen.com\/produkt\/meguiars-perfect-clarity-glass-towel\/\",\"name\":\"Meguiar's Perfect Clarity Glass Towel - Xenonkungen\",\"isPartOf\":{\"@id\":\"https:\/\/xenonkungen.com\/#website\"},\"primaryImageOfPage\":{\"@id\":\"https:\/\/xenonkungen.com\/produkt\/meguiars-perfect-clarity-glass-towel\/#primaryimage\"},\"image\":{\"@id\":\"https:\/\/xenonkungen.com\/produkt\/meguiars-perfect-clarity-glass-towel\/#primaryimage\"},\"thumbnailUrl\":\"https:\/\/xenonkungen.com\/wp-content\/uploads\/2025\/04\/190088137-origpic-965e3e.png\",\"datePublished\":\"2025-04-15T09:16:08+00:00\",\"dateModified\":\"2026-05-08T12:23:12+00:00\",\"breadcrumb\":{\"@id\":\"https:\/\/xenonkungen.com\/produkt\/meguiars-perfect-clarity-glass-towel\/#breadcrumb\"},\"inLanguage\":\"nl-NL\",\"potentialAction\":[{\"@type\":\"ReadAction\",\"target\":[\"https:\/\/xenonkungen.com\/produkt\/meguiars-perfect-clarity-glass-towel\/\"]}]},{\"@type\":\"ImageObject\",\"inLanguage\":\"nl-NL\",\"@id\":\"https:\/\/xenonkungen.com\/produkt\/meguiars-perfect-clarity-glass-towel\/#primaryimage\",\"url\":\"https:\/\/xenonkungen.com\/wp-content\/uploads\/2025\/04\/190088137-origpic-965e3e.png\",\"contentUrl\":\"https:\/\/xenonkungen.com\/wp-content\/uploads\/2025\/04\/190088137-origpic-965e3e.png\",\"width\":449,\"height\":600},{\"@type\":\"BreadcrumbList\",\"@id\":\"https:\/\/xenonkungen.com\/produkt\/meguiars-perfect-clarity-glass-towel\/#breadcrumb\",\"itemListElement\":[{\"@type\":\"ListItem\",\"position\":1,\"name\":\"Hem\",\"item\":\"https:\/\/xenonkungen.com\/\"},{\"@type\":\"ListItem\",\"position\":2,\"name\":\"Shop\",\"item\":\"https:\/\/xenonkungen.com\/shop\/\"},{\"@type\":\"ListItem\",\"position\":3,\"name\":\"Meguiar&#8217;s Perfect Clarity Glass Towel\"}]},{\"@type\":\"WebSite\",\"@id\":\"https:\/\/xenonkungen.com\/#website\",\"url\":\"https:\/\/xenonkungen.com\/\",\"name\":\"Xenonkungen\",\"description\":\"\",\"potentialAction\":[{\"@type\":\"SearchAction\",\"target\":{\"@type\":\"EntryPoint\",\"urlTemplate\":\"https:\/\/xenonkungen.com\/?s={search_term_string}\"},\"query-input\":{\"@type\":\"PropertyValueSpecification\",\"valueRequired\":true,\"valueName\":\"search_term_string\"}}],\"inLanguage\":\"nl-NL\"}]}<\/script>\n<!-- \/ Yoast SEO plugin. -->","yoast_head_json":{"title":"Meguiar&#039;s Perfect Clarity Glass Towel - De Xenon Koning","robots":{"index":"index","follow":"follow","max-snippet":"max-snippet:-1","max-image-preview":"max-image-preview:large","max-video-preview":"max-video-preview:-1"},"canonical":"https:\/\/xenonkungen.com\/nl\/product\/meguiars-perfect-clarity-glazen-handdoek\/","og_locale":"nl_NL","og_type":"article","og_title":"Meguiar's Perfect Clarity Glass Towel - Xenonkungen","og_description":"Perfect Clarity Glass Towel \u00e4r en lyxig mikrofiberduk med en unik fiberstruktur vilket m\u00f6jligg\u00f6r enkel anv\u00e4ndning och ett perfekt resultat, helt utan att duken l\u00e4mnar n\u00e5got ludd.","og_url":"https:\/\/xenonkungen.com\/nl\/product\/meguiars-perfect-clarity-glazen-handdoek\/","og_site_name":"Xenonkungen","article_modified_time":"2026-05-08T12:23:12+00:00","og_image":[{"width":449,"height":600,"url":"https:\/\/xenonkungen.com\/wp-content\/uploads\/2025\/04\/190088137-origpic-965e3e.png","type":"image\/png"}],"twitter_card":"summary_large_image","schema":{"@context":"https:\/\/schema.org","@graph":[{"@type":"WebPage","@id":"https:\/\/xenonkungen.com\/produkt\/meguiars-perfect-clarity-glass-towel\/","url":"https:\/\/xenonkungen.com\/produkt\/meguiars-perfect-clarity-glass-towel\/","name":"Meguiar&#039;s Perfect Clarity Glass Towel - De Xenon Koning","isPartOf":{"@id":"https:\/\/xenonkungen.com\/#website"},"primaryImageOfPage":{"@id":"https:\/\/xenonkungen.com\/produkt\/meguiars-perfect-clarity-glass-towel\/#primaryimage"},"image":{"@id":"https:\/\/xenonkungen.com\/produkt\/meguiars-perfect-clarity-glass-towel\/#primaryimage"},"thumbnailUrl":"https:\/\/xenonkungen.com\/wp-content\/uploads\/2025\/04\/190088137-origpic-965e3e.png","datePublished":"2025-04-15T09:16:08+00:00","dateModified":"2026-05-08T12:23:12+00:00","breadcrumb":{"@id":"https:\/\/xenonkungen.com\/produkt\/meguiars-perfect-clarity-glass-towel\/#breadcrumb"},"inLanguage":"nl-NL","potentialAction":[{"@type":"ReadAction","target":["https:\/\/xenonkungen.com\/produkt\/meguiars-perfect-clarity-glass-towel\/"]}]},{"@type":"ImageObject","inLanguage":"nl-NL","@id":"https:\/\/xenonkungen.com\/produkt\/meguiars-perfect-clarity-glass-towel\/#primaryimage","url":"https:\/\/xenonkungen.com\/wp-content\/uploads\/2025\/04\/190088137-origpic-965e3e.png","contentUrl":"https:\/\/xenonkungen.com\/wp-content\/uploads\/2025\/04\/190088137-origpic-965e3e.png","width":449,"height":600},{"@type":"BreadcrumbList","@id":"https:\/\/xenonkungen.com\/produkt\/meguiars-perfect-clarity-glass-towel\/#breadcrumb","itemListElement":[{"@type":"ListItem","position":1,"name":"Hem","item":"https:\/\/xenonkungen.com\/"},{"@type":"ListItem","position":2,"name":"Shop","item":"https:\/\/xenonkungen.com\/shop\/"},{"@type":"ListItem","position":3,"name":"Meguiar&#8217;s Perfect Clarity Glass Towel"}]},{"@type":"WebSite","@id":"https:\/\/xenonkungen.com\/#website","url":"https:\/\/xenonkungen.com\/","name":"Xenonkungen","description":"","potentialAction":[{"@type":"SearchAction","target":{"@type":"EntryPoint","urlTemplate":"https:\/\/xenonkungen.com\/?s={search_term_string}"},"query-input":{"@type":"PropertyValueSpecification","valueRequired":true,"valueName":"search_term_string"}}],"inLanguage":"nl-NL"}]}},"taxonomy_info":{"product_brand":[{"value":1383,"label":"Meguiar's"}],"product_cat":[{"value":2450,"label":"6 | Tillbeh\u00f6r"},{"value":378,"label":"Bilv\u00e5rd"},{"value":1402,"label":"Outlet"}],"pa_storlek-mm":[{"value":1394,"label":"406 x 406"}]},"featured_image_src_large":["https:\/\/xenonkungen.com\/wp-content\/uploads\/2025\/04\/190088137-origpic-965e3e.png",449,600,false],"author_info":[],"comment_info":0,"_links":{"self":[{"href":"https:\/\/xenonkungen.com\/nl\/wp-json\/wp\/v2\/product\/4655","targetHints":{"allow":["GET"]}}],"collection":[{"href":"https:\/\/xenonkungen.com\/nl\/wp-json\/wp\/v2\/product"}],"about":[{"href":"https:\/\/xenonkungen.com\/nl\/wp-json\/wp\/v2\/types\/product"}],"replies":[{"embeddable":true,"href":"https:\/\/xenonkungen.com\/nl\/wp-json\/wp\/v2\/comments?post=4655"}],"wp:featuredmedia":[{"embeddable":true,"href":"https:\/\/xenonkungen.com\/nl\/wp-json\/wp\/v2\/media\/4656"}],"wp:attachment":[{"href":"https:\/\/xenonkungen.com\/nl\/wp-json\/wp\/v2\/media?parent=4655"}],"wp:term":[{"taxonomy":"anvandningsomrade","embeddable":true,"href":"https:\/\/xenonkungen.com\/nl\/wp-json\/wp\/v2\/anvandningsomrade?post=4655"},{"taxonomy":"bilmarken","embeddable":true,"href":"https:\/\/xenonkungen.com\/nl\/wp-json\/wp\/v2\/bilmarken?post=4655"},{"taxonomy":"product_brand","embeddable":true,"href":"https:\/\/xenonkungen.com\/nl\/wp-json\/wp\/v2\/product_brand?post=4655"},{"taxonomy":"product_cat","embeddable":true,"href":"https:\/\/xenonkungen.com\/nl\/wp-json\/wp\/v2\/product_cat?post=4655"},{"taxonomy":"product_tag","embeddable":true,"href":"https:\/\/xenonkungen.com\/nl\/wp-json\/wp\/v2\/product_tag?post=4655"}],"curies":[{"name":"wp","href":"https:\/\/api.w.org\/{rel}","templated":true}]}}