{"id":4680,"date":"2025-04-15T09:16:47","date_gmt":"2025-04-15T09:16:47","guid":{"rendered":"https:\/\/xenonkungen.com\/product\/meguiars-duo-twist-torkhandduk\/"},"modified":"2026-05-08T13:31:39","modified_gmt":"2026-05-08T12:31:39","slug":"meguiars-duo-twist-handdoek","status":"publish","type":"product","link":"https:\/\/xenonkungen.com\/nl\/product\/meguiars-duo-twist-handdoek\/","title":{"rendered":"Meguiar's Duo Twist Drooghanddoek"},"content":{"rendered":"<h1>Duo Twist Drooghanddoek<\/h1>\n<p>Meguiar&#039;s Duo Twist Drying Towel is een zeer absorberende doek, gemaakt voor maximale prestaties. Deze extreem grote en zeer dikke doek (1200 g\/m\u00b2) verkort de droogtijd aanzienlijk en vereist aanzienlijk minder &quot;draaibewegingen&quot; om uw auto te drogen. Meguiar&#039;s Duo Twist Drying Towel is ontworpen voor gebruik op alle soorten voertuigen en lakken.<\/p>\n<p>Microvezelproducten moeten regelmatig worden gereinigd om hun effectieve en milde reinigingseigenschappen te behouden. Volg de wasinstructies op het waslabel van het product. De meest aanbevolen wastemperatuur ligt tussen de 40 en 60 graden.<\/p>\n<p><strong>Afmetingen:<\/strong> 50x90cm, <strong>Dikte: <\/strong><span>1200 g\/m\u00b2<\/span><\/p>","protected":false},"excerpt":{"rendered":"<p>Extreem absorberende droogdoek. Dankzij de nieuwe Duo Twist-technologie wordt het drogen van de auto een plezier.<\/p>","protected":false},"featured_media":4681,"comment_status":"closed","ping_status":"closed","template":"","meta":{"_acf_changed":false,"_smort_price_nok":"320","_smort_price_dkk":"271","_smort_price_eur":"36.27","_smort_sale_price_nok":"320","_smort_sale_price_dkk":"","_smort_sale_price_eur":"","smort_restorder":"","shipmondo_restorder":"","_kad_blocks_custom_css":"","_kad_blocks_head_custom_js":"","_kad_blocks_body_custom_js":"","_kad_blocks_footer_custom_js":"","smort_custom_pricelist_1":"255.36","smort_custom_pricelist_2":"255.36","smort_custom_pricelist_3":"242.59","smort_custom_pricelist_4":"319.2","smort_custom_pricelist_5":"255.36"},"anvandningsomrade":[],"bilmarken":[],"product_brand":[1383],"product_cat":[2988,2450,378,1402],"product_tag":[],"class_list":{"0":"post-4680","1":"product","2":"type-product","3":"status-publish","4":"has-post-thumbnail","6":"product_brand-meguiars","7":"product_cat-biltvatt","8":"product_cat-tillbehor-bilvard","9":"product_cat-bilvard","10":"product_cat-outlet","11":"pa_storlek-mm-500x900","13":"first","14":"instock","15":"taxable","16":"shipping-taxable","17":"purchasable","18":"product-type-simple"},"bundled_by":[],"bundle_stock_status":"instock","bundle_stock_quantity":3,"bundle_virtual":false,"bundle_layout":"","bundle_add_to_cart_form_location":"","bundle_editable_in_cart":false,"bundle_sold_individually_context":"","bundle_item_grouping":"","bundle_min_size":"","bundle_max_size":"","bundle_price":[],"bundled_items":[],"bundle_sell_ids":[],"acf":[],"yoast_head":"<!-- This site is optimized with the Yoast SEO plugin v27.0 - https:\/\/yoast.com\/product\/yoast-seo-wordpress\/ -->\n<title>Meguiar&#039;s Duo Twist Torkhandduk - Xenonkungen<\/title>\n<meta name=\"robots\" content=\"index, follow, max-snippet:-1, max-image-preview:large, max-video-preview:-1\" \/>\n<link rel=\"canonical\" href=\"https:\/\/xenonkungen.com\/nl\/product\/meguiars-duo-twist-handdoek\/\" \/>\n<meta property=\"og:locale\" content=\"nl_NL\" \/>\n<meta property=\"og:type\" content=\"article\" \/>\n<meta property=\"og:title\" content=\"Meguiar&#039;s Duo Twist Torkhandduk - Xenonkungen\" \/>\n<meta property=\"og:description\" content=\"Extremt absorberande torkhandduk. Med den nya duo twist teknologin blir det en fr\u00f6jd att torka bilen.\" \/>\n<meta property=\"og:url\" content=\"https:\/\/xenonkungen.com\/nl\/product\/meguiars-duo-twist-handdoek\/\" \/>\n<meta property=\"og:site_name\" content=\"Xenonkungen\" \/>\n<meta property=\"article:modified_time\" content=\"2026-05-08T12:31:39+00:00\" \/>\n<meta property=\"og:image\" content=\"https:\/\/xenonkungen.com\/wp-content\/uploads\/2025\/04\/191949915-origpic-4ef54c.png\" \/>\n\t<meta property=\"og:image:width\" content=\"1500\" \/>\n\t<meta property=\"og:image:height\" content=\"1500\" \/>\n\t<meta property=\"og:image:type\" content=\"image\/png\" \/>\n<meta name=\"twitter:card\" content=\"summary_large_image\" \/>\n<meta name=\"twitter:label1\" content=\"Geschatte leestijd\" \/>\n\t<meta name=\"twitter:data1\" content=\"1 minuut\" \/>\n<script type=\"application\/ld+json\" class=\"yoast-schema-graph\">{\"@context\":\"https:\/\/schema.org\",\"@graph\":[{\"@type\":\"WebPage\",\"@id\":\"https:\/\/xenonkungen.com\/produkt\/meguiars-duo-twist-torkhandduk\/\",\"url\":\"https:\/\/xenonkungen.com\/produkt\/meguiars-duo-twist-torkhandduk\/\",\"name\":\"Meguiar's Duo Twist Torkhandduk - Xenonkungen\",\"isPartOf\":{\"@id\":\"https:\/\/xenonkungen.com\/#website\"},\"primaryImageOfPage\":{\"@id\":\"https:\/\/xenonkungen.com\/produkt\/meguiars-duo-twist-torkhandduk\/#primaryimage\"},\"image\":{\"@id\":\"https:\/\/xenonkungen.com\/produkt\/meguiars-duo-twist-torkhandduk\/#primaryimage\"},\"thumbnailUrl\":\"https:\/\/xenonkungen.com\/wp-content\/uploads\/2025\/04\/191949915-origpic-4ef54c.png\",\"datePublished\":\"2025-04-15T09:16:47+00:00\",\"dateModified\":\"2026-05-08T12:31:39+00:00\",\"breadcrumb\":{\"@id\":\"https:\/\/xenonkungen.com\/produkt\/meguiars-duo-twist-torkhandduk\/#breadcrumb\"},\"inLanguage\":\"nl-NL\",\"potentialAction\":[{\"@type\":\"ReadAction\",\"target\":[\"https:\/\/xenonkungen.com\/produkt\/meguiars-duo-twist-torkhandduk\/\"]}]},{\"@type\":\"ImageObject\",\"inLanguage\":\"nl-NL\",\"@id\":\"https:\/\/xenonkungen.com\/produkt\/meguiars-duo-twist-torkhandduk\/#primaryimage\",\"url\":\"https:\/\/xenonkungen.com\/wp-content\/uploads\/2025\/04\/191949915-origpic-4ef54c.png\",\"contentUrl\":\"https:\/\/xenonkungen.com\/wp-content\/uploads\/2025\/04\/191949915-origpic-4ef54c.png\",\"width\":1500,\"height\":1500},{\"@type\":\"BreadcrumbList\",\"@id\":\"https:\/\/xenonkungen.com\/produkt\/meguiars-duo-twist-torkhandduk\/#breadcrumb\",\"itemListElement\":[{\"@type\":\"ListItem\",\"position\":1,\"name\":\"Hem\",\"item\":\"https:\/\/xenonkungen.com\/\"},{\"@type\":\"ListItem\",\"position\":2,\"name\":\"Shop\",\"item\":\"https:\/\/xenonkungen.com\/shop\/\"},{\"@type\":\"ListItem\",\"position\":3,\"name\":\"Meguiar&#8217;s Duo Twist Torkhandduk\"}]},{\"@type\":\"WebSite\",\"@id\":\"https:\/\/xenonkungen.com\/#website\",\"url\":\"https:\/\/xenonkungen.com\/\",\"name\":\"Xenonkungen\",\"description\":\"\",\"potentialAction\":[{\"@type\":\"SearchAction\",\"target\":{\"@type\":\"EntryPoint\",\"urlTemplate\":\"https:\/\/xenonkungen.com\/?s={search_term_string}\"},\"query-input\":{\"@type\":\"PropertyValueSpecification\",\"valueRequired\":true,\"valueName\":\"search_term_string\"}}],\"inLanguage\":\"nl-NL\"}]}<\/script>\n<!-- \/ Yoast SEO plugin. -->","yoast_head_json":{"title":"Meguiar&#039;s Duo Twist Handdoek - De Xenon Koning","robots":{"index":"index","follow":"follow","max-snippet":"max-snippet:-1","max-image-preview":"max-image-preview:large","max-video-preview":"max-video-preview:-1"},"canonical":"https:\/\/xenonkungen.com\/nl\/product\/meguiars-duo-twist-handdoek\/","og_locale":"nl_NL","og_type":"article","og_title":"Meguiar's Duo Twist Torkhandduk - Xenonkungen","og_description":"Extremt absorberande torkhandduk. Med den nya duo twist teknologin blir det en fr\u00f6jd att torka bilen.","og_url":"https:\/\/xenonkungen.com\/nl\/product\/meguiars-duo-twist-handdoek\/","og_site_name":"Xenonkungen","article_modified_time":"2026-05-08T12:31:39+00:00","og_image":[{"width":1500,"height":1500,"url":"https:\/\/xenonkungen.com\/wp-content\/uploads\/2025\/04\/191949915-origpic-4ef54c.png","type":"image\/png"}],"twitter_card":"summary_large_image","twitter_misc":{"Geschatte leestijd":"1 minuut"},"schema":{"@context":"https:\/\/schema.org","@graph":[{"@type":"WebPage","@id":"https:\/\/xenonkungen.com\/produkt\/meguiars-duo-twist-torkhandduk\/","url":"https:\/\/xenonkungen.com\/produkt\/meguiars-duo-twist-torkhandduk\/","name":"Meguiar&#039;s Duo Twist Handdoek - De Xenon Koning","isPartOf":{"@id":"https:\/\/xenonkungen.com\/#website"},"primaryImageOfPage":{"@id":"https:\/\/xenonkungen.com\/produkt\/meguiars-duo-twist-torkhandduk\/#primaryimage"},"image":{"@id":"https:\/\/xenonkungen.com\/produkt\/meguiars-duo-twist-torkhandduk\/#primaryimage"},"thumbnailUrl":"https:\/\/xenonkungen.com\/wp-content\/uploads\/2025\/04\/191949915-origpic-4ef54c.png","datePublished":"2025-04-15T09:16:47+00:00","dateModified":"2026-05-08T12:31:39+00:00","breadcrumb":{"@id":"https:\/\/xenonkungen.com\/produkt\/meguiars-duo-twist-torkhandduk\/#breadcrumb"},"inLanguage":"nl-NL","potentialAction":[{"@type":"ReadAction","target":["https:\/\/xenonkungen.com\/produkt\/meguiars-duo-twist-torkhandduk\/"]}]},{"@type":"ImageObject","inLanguage":"nl-NL","@id":"https:\/\/xenonkungen.com\/produkt\/meguiars-duo-twist-torkhandduk\/#primaryimage","url":"https:\/\/xenonkungen.com\/wp-content\/uploads\/2025\/04\/191949915-origpic-4ef54c.png","contentUrl":"https:\/\/xenonkungen.com\/wp-content\/uploads\/2025\/04\/191949915-origpic-4ef54c.png","width":1500,"height":1500},{"@type":"BreadcrumbList","@id":"https:\/\/xenonkungen.com\/produkt\/meguiars-duo-twist-torkhandduk\/#breadcrumb","itemListElement":[{"@type":"ListItem","position":1,"name":"Hem","item":"https:\/\/xenonkungen.com\/"},{"@type":"ListItem","position":2,"name":"Shop","item":"https:\/\/xenonkungen.com\/shop\/"},{"@type":"ListItem","position":3,"name":"Meguiar&#8217;s Duo Twist Torkhandduk"}]},{"@type":"WebSite","@id":"https:\/\/xenonkungen.com\/#website","url":"https:\/\/xenonkungen.com\/","name":"Xenonkungen","description":"","potentialAction":[{"@type":"SearchAction","target":{"@type":"EntryPoint","urlTemplate":"https:\/\/xenonkungen.com\/?s={search_term_string}"},"query-input":{"@type":"PropertyValueSpecification","valueRequired":true,"valueName":"search_term_string"}}],"inLanguage":"nl-NL"}]}},"taxonomy_info":{"product_brand":[{"value":1383,"label":"Meguiar's"}],"product_cat":[{"value":2988,"label":"1 | Biltv\u00e4tt"},{"value":2450,"label":"6 | Tillbeh\u00f6r"},{"value":378,"label":"Bilv\u00e5rd"},{"value":1402,"label":"Outlet"}],"pa_storlek-mm":[{"value":1399,"label":"500x900"}]},"featured_image_src_large":["https:\/\/xenonkungen.com\/wp-content\/uploads\/2025\/04\/191949915-origpic-4ef54c-1024x1024.png",1024,1024,true],"author_info":[],"comment_info":0,"_links":{"self":[{"href":"https:\/\/xenonkungen.com\/nl\/wp-json\/wp\/v2\/product\/4680","targetHints":{"allow":["GET"]}}],"collection":[{"href":"https:\/\/xenonkungen.com\/nl\/wp-json\/wp\/v2\/product"}],"about":[{"href":"https:\/\/xenonkungen.com\/nl\/wp-json\/wp\/v2\/types\/product"}],"replies":[{"embeddable":true,"href":"https:\/\/xenonkungen.com\/nl\/wp-json\/wp\/v2\/comments?post=4680"}],"wp:featuredmedia":[{"embeddable":true,"href":"https:\/\/xenonkungen.com\/nl\/wp-json\/wp\/v2\/media\/4681"}],"wp:attachment":[{"href":"https:\/\/xenonkungen.com\/nl\/wp-json\/wp\/v2\/media?parent=4680"}],"wp:term":[{"taxonomy":"anvandningsomrade","embeddable":true,"href":"https:\/\/xenonkungen.com\/nl\/wp-json\/wp\/v2\/anvandningsomrade?post=4680"},{"taxonomy":"bilmarken","embeddable":true,"href":"https:\/\/xenonkungen.com\/nl\/wp-json\/wp\/v2\/bilmarken?post=4680"},{"taxonomy":"product_brand","embeddable":true,"href":"https:\/\/xenonkungen.com\/nl\/wp-json\/wp\/v2\/product_brand?post=4680"},{"taxonomy":"product_cat","embeddable":true,"href":"https:\/\/xenonkungen.com\/nl\/wp-json\/wp\/v2\/product_cat?post=4680"},{"taxonomy":"product_tag","embeddable":true,"href":"https:\/\/xenonkungen.com\/nl\/wp-json\/wp\/v2\/product_tag?post=4680"}],"curies":[{"name":"wp","href":"https:\/\/api.w.org\/{rel}","templated":true}]}}