{"id":4734,"date":"2025-04-15T09:17:47","date_gmt":"2025-04-15T09:17:47","guid":{"rendered":"https:\/\/xenonkungen.com\/product\/optibeam-dark-phantom-beacon\/"},"modified":"2026-04-24T17:44:15","modified_gmt":"2026-04-24T16:44:15","slug":"optibeam-dark-phantom-beacon","status":"publish","type":"product","link":"https:\/\/xenonkungen.com\/nl\/product\/optibeam-dark-phantom-beacon\/","title":{"rendered":"Optibeam Donker Fantoom Baken"},"content":{"rendered":"<header>\n<h2><strong>Maak kennis met de Dark Phantom Beacon<\/strong><\/h2>\n<p>Een robuust waarschuwingslicht met hoge resolutie gemaakt van duurzaam aluminium en ontworpen voor professioneel gebruik. De rookgrijze polycarbonaatlens is niet alleen duurzaam maar ook elegant en stijlvol. Met de geavanceerde lichtsensor-technologie past de lamp automatisch de helderheid aan op basis van het omgevingslicht, zodat de lamp altijd optimaal zichtbaar is. De lamp voldoet aan de strenge R65 Klasse 2 normen voor waarschuwingslampen en is een betrouwbare oplossing voor veeleisende omgevingen.<\/p>\n<p>De Dark Phantom Beacon heeft zowel een bevestigingssysteem met drie bouten als een magnetische zuignap, voor flexibele installatiemogelijkheden. Het heeft ook een lange voedingskabel van 3,5 meter en biedt zeven verschillende knippatronen voor extra functionaliteit. Upgrade je beveiligingsapparatuur met de Dark Phantom Beacon en ervaar onge\u00ebvenaarde prestaties en stijl.<\/p>\n<p><p><strong>Stroomverbruik:<\/strong> 2,92 A @ 24V DC. Kabel van 3,5 m + adapter voor sigarettenaansteker. Afmetingen: 80(85) x 165 mm.<\/p>\n<p><strong>Kenmerken:<\/strong><\/p>\n<ul>\n<li>7 verschillende bliksempatronen<\/li>\n<li>Rookgrijze polycarbonaatlens<\/li>\n<li>Aluminium behuizing<\/li>\n<\/ul>\n<p>Maak van Dark Phantom Beacon je keuze voor veiligheid en prestaties!<\/p>\n<\/header>","protected":false},"excerpt":{"rendered":"<p>Introducing the Dark Phantom Beacon En robust, h\u00f6guppl\u00f6st varningsbelysning tillverkad av h\u00e5llbart aluminium och designad f\u00f6r professionellt bruk. Dess r\u00f6kgr\u00e5 polykarbonatlins \u00e4r inte bara slitstark utan ocks\u00e5 elegant och stilren. Med avancerad ljussensorsteknik justerar lampan automatiskt ljusstyrkan baserat p\u00e5 omgivande ljusf\u00f6rh\u00e5llanden, vilket garanterar optimal synlighet vid alla tillf\u00e4llen. Den uppfyller de strikta R65 klass 2-standarderna [&hellip;]<\/p>","protected":false},"featured_media":4735,"comment_status":"closed","ping_status":"open","template":"","meta":{"_acf_changed":false,"_smort_price_nok":"2857","_smort_price_dkk":"1815","_smort_price_eur":"243.17","_smort_sale_price_nok":"","_smort_sale_price_dkk":"","_smort_sale_price_eur":"","smort_restorder":"","shipmondo_restorder":"","_kad_blocks_custom_css":"","_kad_blocks_head_custom_js":"","_kad_blocks_body_custom_js":"","_kad_blocks_footer_custom_js":"","smort_custom_pricelist_1":"1498","smort_custom_pricelist_2":"1712","smort_custom_pricelist_3":"1391","smort_custom_pricelist_4":"1498","smort_custom_pricelist_5":"1712"},"anvandningsomrade":[],"bilmarken":[],"product_brand":[107],"product_cat":[2558,1061],"product_tag":[],"class_list":{"0":"post-4734","1":"product","2":"type-product","3":"status-publish","4":"has-post-thumbnail","6":"product_brand-optibeam","7":"product_cat-saftblandare-roterande-lyktor","8":"product_cat-varningsljus","9":"pa_fuktskydd-varde-ipxx-ip67","10":"pa_godkannande-ece-r65-ta2-ece-r10","11":"pa_storlek-mm-165-x-85","12":"pa_stromforbrukning-292-a-24v","14":"first","15":"instock","16":"taxable","17":"shipping-taxable","18":"purchasable","19":"product-type-simple"},"bundled_by":[],"bundle_stock_status":"instock","bundle_stock_quantity":2,"bundle_virtual":false,"bundle_layout":"","bundle_add_to_cart_form_location":"","bundle_editable_in_cart":false,"bundle_sold_individually_context":"","bundle_item_grouping":"","bundle_min_size":"","bundle_max_size":"","bundle_price":[],"bundled_items":[],"bundle_sell_ids":[],"acf":[],"yoast_head":"<!-- This site is optimized with the Yoast SEO plugin v27.0 - https:\/\/yoast.com\/product\/yoast-seo-wordpress\/ -->\n<title>Optibeam Dark Phantom Beacon - Xenonkungen<\/title>\n<meta name=\"robots\" content=\"index, follow, max-snippet:-1, max-image-preview:large, max-video-preview:-1\" \/>\n<link rel=\"canonical\" href=\"https:\/\/xenonkungen.com\/nl\/product\/optibeam-dark-phantom-beacon\/\" \/>\n<meta property=\"og:locale\" content=\"nl_NL\" \/>\n<meta property=\"og:type\" content=\"article\" \/>\n<meta property=\"og:title\" content=\"Optibeam Dark Phantom Beacon - Xenonkungen\" \/>\n<meta property=\"og:description\" content=\"Introducing the Dark Phantom Beacon En robust, h\u00f6guppl\u00f6st varningsbelysning tillverkad av h\u00e5llbart aluminium och designad f\u00f6r professionellt bruk. Dess r\u00f6kgr\u00e5 polykarbonatlins \u00e4r inte bara slitstark utan ocks\u00e5 elegant och stilren. Med avancerad ljussensorsteknik justerar lampan automatiskt ljusstyrkan baserat p\u00e5 omgivande ljusf\u00f6rh\u00e5llanden, vilket garanterar optimal synlighet vid alla tillf\u00e4llen. Den uppfyller de strikta R65 klass 2-standarderna [&hellip;]\" \/>\n<meta property=\"og:url\" content=\"https:\/\/xenonkungen.com\/nl\/product\/optibeam-dark-phantom-beacon\/\" \/>\n<meta property=\"og:site_name\" content=\"Xenonkungen\" \/>\n<meta property=\"article:modified_time\" content=\"2026-04-24T16:44:15+00:00\" \/>\n<meta property=\"og:image\" content=\"https:\/\/xenonkungen.com\/wp-content\/uploads\/2025\/04\/217303353-origpic-e1df27.webp\" \/>\n\t<meta property=\"og:image:width\" content=\"800\" \/>\n\t<meta property=\"og:image:height\" content=\"600\" \/>\n\t<meta property=\"og:image:type\" content=\"image\/webp\" \/>\n<meta name=\"twitter:card\" content=\"summary_large_image\" \/>\n<meta name=\"twitter:label1\" content=\"Geschatte leestijd\" \/>\n\t<meta name=\"twitter:data1\" content=\"1 minuut\" \/>\n<script type=\"application\/ld+json\" class=\"yoast-schema-graph\">{\"@context\":\"https:\/\/schema.org\",\"@graph\":[{\"@type\":\"WebPage\",\"@id\":\"https:\/\/xenonkungen.com\/produkt\/optibeam-dark-phantom-beacon\/\",\"url\":\"https:\/\/xenonkungen.com\/produkt\/optibeam-dark-phantom-beacon\/\",\"name\":\"Optibeam Dark Phantom Beacon - Xenonkungen\",\"isPartOf\":{\"@id\":\"https:\/\/xenonkungen.com\/#website\"},\"primaryImageOfPage\":{\"@id\":\"https:\/\/xenonkungen.com\/produkt\/optibeam-dark-phantom-beacon\/#primaryimage\"},\"image\":{\"@id\":\"https:\/\/xenonkungen.com\/produkt\/optibeam-dark-phantom-beacon\/#primaryimage\"},\"thumbnailUrl\":\"https:\/\/xenonkungen.com\/wp-content\/uploads\/2025\/04\/217303353-origpic-e1df27.webp\",\"datePublished\":\"2025-04-15T09:17:47+00:00\",\"dateModified\":\"2026-04-24T16:44:15+00:00\",\"breadcrumb\":{\"@id\":\"https:\/\/xenonkungen.com\/produkt\/optibeam-dark-phantom-beacon\/#breadcrumb\"},\"inLanguage\":\"nl-NL\",\"potentialAction\":[{\"@type\":\"ReadAction\",\"target\":[\"https:\/\/xenonkungen.com\/produkt\/optibeam-dark-phantom-beacon\/\"]}]},{\"@type\":\"ImageObject\",\"inLanguage\":\"nl-NL\",\"@id\":\"https:\/\/xenonkungen.com\/produkt\/optibeam-dark-phantom-beacon\/#primaryimage\",\"url\":\"https:\/\/xenonkungen.com\/wp-content\/uploads\/2025\/04\/217303353-origpic-e1df27.webp\",\"contentUrl\":\"https:\/\/xenonkungen.com\/wp-content\/uploads\/2025\/04\/217303353-origpic-e1df27.webp\",\"width\":800,\"height\":600},{\"@type\":\"BreadcrumbList\",\"@id\":\"https:\/\/xenonkungen.com\/produkt\/optibeam-dark-phantom-beacon\/#breadcrumb\",\"itemListElement\":[{\"@type\":\"ListItem\",\"position\":1,\"name\":\"Hem\",\"item\":\"https:\/\/xenonkungen.com\/\"},{\"@type\":\"ListItem\",\"position\":2,\"name\":\"Shop\",\"item\":\"https:\/\/xenonkungen.com\/shop\/\"},{\"@type\":\"ListItem\",\"position\":3,\"name\":\"Optibeam Dark Phantom Beacon\"}]},{\"@type\":\"WebSite\",\"@id\":\"https:\/\/xenonkungen.com\/#website\",\"url\":\"https:\/\/xenonkungen.com\/\",\"name\":\"Xenonkungen\",\"description\":\"\",\"potentialAction\":[{\"@type\":\"SearchAction\",\"target\":{\"@type\":\"EntryPoint\",\"urlTemplate\":\"https:\/\/xenonkungen.com\/?s={search_term_string}\"},\"query-input\":{\"@type\":\"PropertyValueSpecification\",\"valueRequired\":true,\"valueName\":\"search_term_string\"}}],\"inLanguage\":\"nl-NL\"}]}<\/script>\n<!-- \/ Yoast SEO plugin. -->","yoast_head_json":{"title":"Optibeam Dark Phantom Beacon - De Xenon Koning","robots":{"index":"index","follow":"follow","max-snippet":"max-snippet:-1","max-image-preview":"max-image-preview:large","max-video-preview":"max-video-preview:-1"},"canonical":"https:\/\/xenonkungen.com\/nl\/product\/optibeam-dark-phantom-beacon\/","og_locale":"nl_NL","og_type":"article","og_title":"Optibeam Dark Phantom Beacon - Xenonkungen","og_description":"Introducing the Dark Phantom Beacon En robust, h\u00f6guppl\u00f6st varningsbelysning tillverkad av h\u00e5llbart aluminium och designad f\u00f6r professionellt bruk. Dess r\u00f6kgr\u00e5 polykarbonatlins \u00e4r inte bara slitstark utan ocks\u00e5 elegant och stilren. Med avancerad ljussensorsteknik justerar lampan automatiskt ljusstyrkan baserat p\u00e5 omgivande ljusf\u00f6rh\u00e5llanden, vilket garanterar optimal synlighet vid alla tillf\u00e4llen. Den uppfyller de strikta R65 klass 2-standarderna [&hellip;]","og_url":"https:\/\/xenonkungen.com\/nl\/product\/optibeam-dark-phantom-beacon\/","og_site_name":"Xenonkungen","article_modified_time":"2026-04-24T16:44:15+00:00","og_image":[{"width":800,"height":600,"url":"https:\/\/xenonkungen.com\/wp-content\/uploads\/2025\/04\/217303353-origpic-e1df27.webp","type":"image\/webp"}],"twitter_card":"summary_large_image","twitter_misc":{"Geschatte leestijd":"1 minuut"},"schema":{"@context":"https:\/\/schema.org","@graph":[{"@type":"WebPage","@id":"https:\/\/xenonkungen.com\/produkt\/optibeam-dark-phantom-beacon\/","url":"https:\/\/xenonkungen.com\/produkt\/optibeam-dark-phantom-beacon\/","name":"Optibeam Dark Phantom Beacon - De Xenon Koning","isPartOf":{"@id":"https:\/\/xenonkungen.com\/#website"},"primaryImageOfPage":{"@id":"https:\/\/xenonkungen.com\/produkt\/optibeam-dark-phantom-beacon\/#primaryimage"},"image":{"@id":"https:\/\/xenonkungen.com\/produkt\/optibeam-dark-phantom-beacon\/#primaryimage"},"thumbnailUrl":"https:\/\/xenonkungen.com\/wp-content\/uploads\/2025\/04\/217303353-origpic-e1df27.webp","datePublished":"2025-04-15T09:17:47+00:00","dateModified":"2026-04-24T16:44:15+00:00","breadcrumb":{"@id":"https:\/\/xenonkungen.com\/produkt\/optibeam-dark-phantom-beacon\/#breadcrumb"},"inLanguage":"nl-NL","potentialAction":[{"@type":"ReadAction","target":["https:\/\/xenonkungen.com\/produkt\/optibeam-dark-phantom-beacon\/"]}]},{"@type":"ImageObject","inLanguage":"nl-NL","@id":"https:\/\/xenonkungen.com\/produkt\/optibeam-dark-phantom-beacon\/#primaryimage","url":"https:\/\/xenonkungen.com\/wp-content\/uploads\/2025\/04\/217303353-origpic-e1df27.webp","contentUrl":"https:\/\/xenonkungen.com\/wp-content\/uploads\/2025\/04\/217303353-origpic-e1df27.webp","width":800,"height":600},{"@type":"BreadcrumbList","@id":"https:\/\/xenonkungen.com\/produkt\/optibeam-dark-phantom-beacon\/#breadcrumb","itemListElement":[{"@type":"ListItem","position":1,"name":"Hem","item":"https:\/\/xenonkungen.com\/"},{"@type":"ListItem","position":2,"name":"Shop","item":"https:\/\/xenonkungen.com\/shop\/"},{"@type":"ListItem","position":3,"name":"Optibeam Dark Phantom Beacon"}]},{"@type":"WebSite","@id":"https:\/\/xenonkungen.com\/#website","url":"https:\/\/xenonkungen.com\/","name":"Xenonkungen","description":"","potentialAction":[{"@type":"SearchAction","target":{"@type":"EntryPoint","urlTemplate":"https:\/\/xenonkungen.com\/?s={search_term_string}"},"query-input":{"@type":"PropertyValueSpecification","valueRequired":true,"valueName":"search_term_string"}}],"inLanguage":"nl-NL"}]}},"taxonomy_info":{"product_brand":[{"value":107,"label":"Optibeam"}],"product_cat":[{"value":2558,"label":"Saftblandare \/ Roterande lyktor"},{"value":1061,"label":"Varningsljus"}],"pa_fuktskydd-varde-ipxx":[{"value":333,"label":"IP67"}],"pa_godkannande":[{"value":1417,"label":"ECE R65 TA2, ECE R10"}],"pa_storlek-mm":[{"value":1415,"label":"165 x 85"}],"pa_stromforbrukning":[{"value":1416,"label":"2,92 A @ 24V"}]},"featured_image_src_large":["https:\/\/xenonkungen.com\/wp-content\/uploads\/2025\/04\/217303353-origpic-e1df27.webp",800,600,false],"author_info":[],"comment_info":0,"_links":{"self":[{"href":"https:\/\/xenonkungen.com\/nl\/wp-json\/wp\/v2\/product\/4734","targetHints":{"allow":["GET"]}}],"collection":[{"href":"https:\/\/xenonkungen.com\/nl\/wp-json\/wp\/v2\/product"}],"about":[{"href":"https:\/\/xenonkungen.com\/nl\/wp-json\/wp\/v2\/types\/product"}],"replies":[{"embeddable":true,"href":"https:\/\/xenonkungen.com\/nl\/wp-json\/wp\/v2\/comments?post=4734"}],"wp:featuredmedia":[{"embeddable":true,"href":"https:\/\/xenonkungen.com\/nl\/wp-json\/wp\/v2\/media\/4735"}],"wp:attachment":[{"href":"https:\/\/xenonkungen.com\/nl\/wp-json\/wp\/v2\/media?parent=4734"}],"wp:term":[{"taxonomy":"anvandningsomrade","embeddable":true,"href":"https:\/\/xenonkungen.com\/nl\/wp-json\/wp\/v2\/anvandningsomrade?post=4734"},{"taxonomy":"bilmarken","embeddable":true,"href":"https:\/\/xenonkungen.com\/nl\/wp-json\/wp\/v2\/bilmarken?post=4734"},{"taxonomy":"product_brand","embeddable":true,"href":"https:\/\/xenonkungen.com\/nl\/wp-json\/wp\/v2\/product_brand?post=4734"},{"taxonomy":"product_cat","embeddable":true,"href":"https:\/\/xenonkungen.com\/nl\/wp-json\/wp\/v2\/product_cat?post=4734"},{"taxonomy":"product_tag","embeddable":true,"href":"https:\/\/xenonkungen.com\/nl\/wp-json\/wp\/v2\/product_tag?post=4734"}],"curies":[{"name":"wp","href":"https:\/\/api.w.org\/{rel}","templated":true}]}}