{"id":4807,"date":"2025-04-15T09:18:13","date_gmt":"2025-04-15T09:18:13","guid":{"rendered":"https:\/\/xenonkungen.com\/product\/varningspuckar-6x-fyrkantig-laddbar\/"},"modified":"2026-04-01T14:48:55","modified_gmt":"2026-04-01T13:48:55","slug":"waarschuwingsschijven-6x-vierkant-oplaadbaar","status":"publish","type":"product","link":"https:\/\/xenonkungen.com\/nl\/product\/waarschuwingsschijven-6x-vierkant-oplaadbaar\/","title":{"rendered":"Waarschuwingspucks 6x vierkant Oplaadbaar"},"content":{"rendered":"<h1>AutoLine oplaadbare LED waarschuwingslichtpucks: veiligheid en zichtbaarheid in \u00e9\u00e9n pakket<\/h1>\n<h2>Kenmerken en voordelen<\/h2>\n<p>Verbeter uw veiligheid op de weg met deze unieke oplaadbare LED-waarschuwingslichtpucks van AutoLine. De set bevat zes pucks die zijn uitgerust met geavanceerde functies die zijn ontworpen voor optimale zichtbaarheid en duurzaamheid. De pucks zijn synchroniseerbaar via een 2,4 GHz draadloze verbinding, waardoor alle H1:<\/p>\n<h1>AutoLine oplaadbare LED waarschuwingslichtpucks: veiligheid en zichtbaarheid in \u00e9\u00e9n pakket<\/h1>\n<h2>Kenmerken en voordelen<\/h2>\n<p>Verbeter uw veiligheid op de weg met deze unieke oplaadbare LED-waarschuwingslichtpucks van AutoLine. De set bevat zes pucks die zijn uitgerust met geavanceerde functies die zijn ontworpen voor optimale zichtbaarheid en duurzaamheid. De pucks kunnen worden gesynchroniseerd via een 2,4 GHz draadloze verbinding, waardoor alle lichten met \u00e9\u00e9n apparaat kunnen worden bediend, en ze kunnen ook tot 15 meter uit elkaar werken. Alle zes pucks kunnen tegelijkertijd worden opgeladen met de meegeleverde 110 cm 12V oplaadkabel. Ze hebben een IP67-classificatie, wat betekent dat ze water- en stofdicht zijn en ook oliebestendig. Elke puck heeft 16 LED's - drie aan de zijkanten en vier aan de bovenkant - die samen zorgen voor een horizontale kijkhoek van 360\u00b0 en een verticale kijkhoek van 180\u00b0. Met vijf verschillende knippatronen om uit te kiezen, kun je de lichtweergave aanpassen aan je behoeften. Elke puck kan tot 72 uur onafgebroken knipperen, afhankelijk van het gekozen knippatroon. Je set LED-waarschuwingslichtpucks wordt geleverd in een handige tas om ze gemakkelijk op te bergen en mee te nemen.<\/p>","protected":false},"excerpt":{"rendered":"<p>Uppladdningsbara LED-Varningsljuspuckar fr\u00e5n AutoLine: S\u00e4kerhet och synlighet i ett paket Funktioner och f\u00f6rdelar F\u00f6rb\u00e4ttra din s\u00e4kerhet p\u00e5 v\u00e4gen med dessa unika uppladdningsbara LED-varningsljuspuckar fr\u00e5n AutoLine. Setet inneh\u00e5ller sex stycken puckar som \u00e4r utrustade med toppmoderna funktioner designade f\u00f6r att ge optimal synlighet och h\u00e5llbarhet. Puckarna \u00e4r synkroniserbara via en 2,4 GHz tr\u00e5dl\u00f6s anslutning, vilket g\u00f6r [&hellip;]<\/p>","protected":false},"featured_media":4808,"comment_status":"closed","ping_status":"open","template":"","meta":{"_acf_changed":false,"_smort_price_nok":"2243","_smort_price_dkk":"1425","_smort_price_eur":"190.9","_smort_sale_price_nok":"","_smort_sale_price_dkk":"","_smort_sale_price_eur":"","smort_restorder":"","shipmondo_restorder":"","_kad_blocks_custom_css":"","_kad_blocks_head_custom_js":"","_kad_blocks_body_custom_js":"","_kad_blocks_footer_custom_js":"","smort_custom_pricelist_1":"1344","smort_custom_pricelist_2":"1176","smort_custom_pricelist_3":"1117.2","smort_custom_pricelist_4":"1680","smort_custom_pricelist_5":"1176"},"anvandningsomrade":[],"bilmarken":[],"product_brand":[2793],"product_cat":[2554,1061],"product_tag":[],"class_list":{"0":"post-4807","1":"product","2":"type-product","3":"status-publish","4":"has-post-thumbnail","6":"product_brand-ovrigt","7":"product_cat-portabla-varningsljus","8":"product_cat-varningsljus","9":"pa_fargtemperatur-orange","10":"pa_fuktskydd-varde-ipxx-ip67","11":"pa_storlek-mm-108x92x30","12":"pa_volt-v-12-24","14":"first","15":"instock","16":"taxable","17":"shipping-taxable","18":"purchasable","19":"product-type-simple"},"bundled_by":[],"bundle_stock_status":"instock","bundle_stock_quantity":2,"bundle_virtual":false,"bundle_layout":"","bundle_add_to_cart_form_location":"","bundle_editable_in_cart":false,"bundle_sold_individually_context":"","bundle_item_grouping":"","bundle_min_size":"","bundle_max_size":"","bundle_price":[],"bundled_items":[],"bundle_sell_ids":[],"acf":[],"yoast_head":"<!-- This site is optimized with the Yoast SEO plugin v27.0 - https:\/\/yoast.com\/product\/yoast-seo-wordpress\/ -->\n<title>Varningspuckar 6x fyrkantig Laddbar - Xenonkungen<\/title>\n<meta name=\"robots\" content=\"index, follow, max-snippet:-1, max-image-preview:large, max-video-preview:-1\" \/>\n<link rel=\"canonical\" href=\"https:\/\/xenonkungen.com\/nl\/product\/waarschuwingsschijven-6x-vierkant-oplaadbaar\/\" \/>\n<meta property=\"og:locale\" content=\"nl_NL\" \/>\n<meta property=\"og:type\" content=\"article\" \/>\n<meta property=\"og:title\" content=\"Varningspuckar 6x fyrkantig Laddbar - Xenonkungen\" \/>\n<meta property=\"og:description\" content=\"Uppladdningsbara LED-Varningsljuspuckar fr\u00e5n AutoLine: S\u00e4kerhet och synlighet i ett paket Funktioner och f\u00f6rdelar F\u00f6rb\u00e4ttra din s\u00e4kerhet p\u00e5 v\u00e4gen med dessa unika uppladdningsbara LED-varningsljuspuckar fr\u00e5n AutoLine. Setet inneh\u00e5ller sex stycken puckar som \u00e4r utrustade med toppmoderna funktioner designade f\u00f6r att ge optimal synlighet och h\u00e5llbarhet. Puckarna \u00e4r synkroniserbara via en 2,4 GHz tr\u00e5dl\u00f6s anslutning, vilket g\u00f6r [&hellip;]\" \/>\n<meta property=\"og:url\" content=\"https:\/\/xenonkungen.com\/nl\/product\/waarschuwingsschijven-6x-vierkant-oplaadbaar\/\" \/>\n<meta property=\"og:site_name\" content=\"Xenonkungen\" \/>\n<meta property=\"article:modified_time\" content=\"2026-04-01T13:48:55+00:00\" \/>\n<meta property=\"og:image\" content=\"https:\/\/xenonkungen.com\/wp-content\/uploads\/2025\/04\/204076215-origpic-cc2428.jpg\" \/>\n\t<meta property=\"og:image:width\" content=\"400\" \/>\n\t<meta property=\"og:image:height\" content=\"300\" \/>\n\t<meta property=\"og:image:type\" content=\"image\/jpeg\" \/>\n<meta name=\"twitter:card\" content=\"summary_large_image\" \/>\n<meta name=\"twitter:label1\" content=\"Geschatte leestijd\" \/>\n\t<meta name=\"twitter:data1\" content=\"1 minuut\" \/>\n<script type=\"application\/ld+json\" class=\"yoast-schema-graph\">{\"@context\":\"https:\/\/schema.org\",\"@graph\":[{\"@type\":\"WebPage\",\"@id\":\"https:\/\/xenonkungen.com\/no\/produkt\/varselpucker-6x-firkantede-oppladbare\/\",\"url\":\"https:\/\/xenonkungen.com\/no\/produkt\/varselpucker-6x-firkantede-oppladbare\/\",\"name\":\"Varningspuckar 6x fyrkantig Laddbar - Xenonkungen\",\"isPartOf\":{\"@id\":\"https:\/\/xenonkungen.com\/#website\"},\"primaryImageOfPage\":{\"@id\":\"https:\/\/xenonkungen.com\/no\/produkt\/varselpucker-6x-firkantede-oppladbare\/#primaryimage\"},\"image\":{\"@id\":\"https:\/\/xenonkungen.com\/no\/produkt\/varselpucker-6x-firkantede-oppladbare\/#primaryimage\"},\"thumbnailUrl\":\"https:\/\/xenonkungen.com\/wp-content\/uploads\/2025\/04\/204076215-origpic-cc2428.jpg\",\"datePublished\":\"2025-04-15T09:18:13+00:00\",\"dateModified\":\"2026-04-01T13:48:55+00:00\",\"breadcrumb\":{\"@id\":\"https:\/\/xenonkungen.com\/no\/produkt\/varselpucker-6x-firkantede-oppladbare\/#breadcrumb\"},\"inLanguage\":\"nl-NL\",\"potentialAction\":[{\"@type\":\"ReadAction\",\"target\":[\"https:\/\/xenonkungen.com\/no\/produkt\/varselpucker-6x-firkantede-oppladbare\/\"]}]},{\"@type\":\"ImageObject\",\"inLanguage\":\"nl-NL\",\"@id\":\"https:\/\/xenonkungen.com\/no\/produkt\/varselpucker-6x-firkantede-oppladbare\/#primaryimage\",\"url\":\"https:\/\/xenonkungen.com\/wp-content\/uploads\/2025\/04\/204076215-origpic-cc2428.jpg\",\"contentUrl\":\"https:\/\/xenonkungen.com\/wp-content\/uploads\/2025\/04\/204076215-origpic-cc2428.jpg\",\"width\":400,\"height\":300},{\"@type\":\"BreadcrumbList\",\"@id\":\"https:\/\/xenonkungen.com\/no\/produkt\/varselpucker-6x-firkantede-oppladbare\/#breadcrumb\",\"itemListElement\":[{\"@type\":\"ListItem\",\"position\":1,\"name\":\"Hem\",\"item\":\"https:\/\/xenonkungen.com\/\"},{\"@type\":\"ListItem\",\"position\":2,\"name\":\"Shop\",\"item\":\"https:\/\/xenonkungen.com\/shop\/\"},{\"@type\":\"ListItem\",\"position\":3,\"name\":\"Varningspuckar 6x fyrkantig Laddbar\"}]},{\"@type\":\"WebSite\",\"@id\":\"https:\/\/xenonkungen.com\/#website\",\"url\":\"https:\/\/xenonkungen.com\/\",\"name\":\"Xenonkungen\",\"description\":\"\",\"potentialAction\":[{\"@type\":\"SearchAction\",\"target\":{\"@type\":\"EntryPoint\",\"urlTemplate\":\"https:\/\/xenonkungen.com\/?s={search_term_string}\"},\"query-input\":{\"@type\":\"PropertyValueSpecification\",\"valueRequired\":true,\"valueName\":\"search_term_string\"}}],\"inLanguage\":\"nl-NL\"}]}<\/script>\n<!-- \/ Yoast SEO plugin. -->","yoast_head_json":{"title":"Waarschuwingsschijven 6x vierkant oplaadbaar - Xenonkungen","robots":{"index":"index","follow":"follow","max-snippet":"max-snippet:-1","max-image-preview":"max-image-preview:large","max-video-preview":"max-video-preview:-1"},"canonical":"https:\/\/xenonkungen.com\/nl\/product\/waarschuwingsschijven-6x-vierkant-oplaadbaar\/","og_locale":"nl_NL","og_type":"article","og_title":"Varningspuckar 6x fyrkantig Laddbar - Xenonkungen","og_description":"Uppladdningsbara LED-Varningsljuspuckar fr\u00e5n AutoLine: S\u00e4kerhet och synlighet i ett paket Funktioner och f\u00f6rdelar F\u00f6rb\u00e4ttra din s\u00e4kerhet p\u00e5 v\u00e4gen med dessa unika uppladdningsbara LED-varningsljuspuckar fr\u00e5n AutoLine. Setet inneh\u00e5ller sex stycken puckar som \u00e4r utrustade med toppmoderna funktioner designade f\u00f6r att ge optimal synlighet och h\u00e5llbarhet. Puckarna \u00e4r synkroniserbara via en 2,4 GHz tr\u00e5dl\u00f6s anslutning, vilket g\u00f6r [&hellip;]","og_url":"https:\/\/xenonkungen.com\/nl\/product\/waarschuwingsschijven-6x-vierkant-oplaadbaar\/","og_site_name":"Xenonkungen","article_modified_time":"2026-04-01T13:48:55+00:00","og_image":[{"width":400,"height":300,"url":"https:\/\/xenonkungen.com\/wp-content\/uploads\/2025\/04\/204076215-origpic-cc2428.jpg","type":"image\/jpeg"}],"twitter_card":"summary_large_image","twitter_misc":{"Geschatte leestijd":"1 minuut"},"schema":{"@context":"https:\/\/schema.org","@graph":[{"@type":"WebPage","@id":"https:\/\/xenonkungen.com\/no\/produkt\/varselpucker-6x-firkantede-oppladbare\/","url":"https:\/\/xenonkungen.com\/no\/produkt\/varselpucker-6x-firkantede-oppladbare\/","name":"Waarschuwingsschijven 6x vierkant oplaadbaar - Xenonkungen","isPartOf":{"@id":"https:\/\/xenonkungen.com\/#website"},"primaryImageOfPage":{"@id":"https:\/\/xenonkungen.com\/no\/produkt\/varselpucker-6x-firkantede-oppladbare\/#primaryimage"},"image":{"@id":"https:\/\/xenonkungen.com\/no\/produkt\/varselpucker-6x-firkantede-oppladbare\/#primaryimage"},"thumbnailUrl":"https:\/\/xenonkungen.com\/wp-content\/uploads\/2025\/04\/204076215-origpic-cc2428.jpg","datePublished":"2025-04-15T09:18:13+00:00","dateModified":"2026-04-01T13:48:55+00:00","breadcrumb":{"@id":"https:\/\/xenonkungen.com\/no\/produkt\/varselpucker-6x-firkantede-oppladbare\/#breadcrumb"},"inLanguage":"nl-NL","potentialAction":[{"@type":"ReadAction","target":["https:\/\/xenonkungen.com\/no\/produkt\/varselpucker-6x-firkantede-oppladbare\/"]}]},{"@type":"ImageObject","inLanguage":"nl-NL","@id":"https:\/\/xenonkungen.com\/no\/produkt\/varselpucker-6x-firkantede-oppladbare\/#primaryimage","url":"https:\/\/xenonkungen.com\/wp-content\/uploads\/2025\/04\/204076215-origpic-cc2428.jpg","contentUrl":"https:\/\/xenonkungen.com\/wp-content\/uploads\/2025\/04\/204076215-origpic-cc2428.jpg","width":400,"height":300},{"@type":"BreadcrumbList","@id":"https:\/\/xenonkungen.com\/no\/produkt\/varselpucker-6x-firkantede-oppladbare\/#breadcrumb","itemListElement":[{"@type":"ListItem","position":1,"name":"Hem","item":"https:\/\/xenonkungen.com\/"},{"@type":"ListItem","position":2,"name":"Shop","item":"https:\/\/xenonkungen.com\/shop\/"},{"@type":"ListItem","position":3,"name":"Varningspuckar 6x fyrkantig Laddbar"}]},{"@type":"WebSite","@id":"https:\/\/xenonkungen.com\/#website","url":"https:\/\/xenonkungen.com\/","name":"Xenonkungen","description":"","potentialAction":[{"@type":"SearchAction","target":{"@type":"EntryPoint","urlTemplate":"https:\/\/xenonkungen.com\/?s={search_term_string}"},"query-input":{"@type":"PropertyValueSpecification","valueRequired":true,"valueName":"search_term_string"}}],"inLanguage":"nl-NL"}]}},"taxonomy_info":{"product_brand":[{"value":2793,"label":"\u00d6VRIGT"}],"product_cat":[{"value":2554,"label":"Portabla varningsljus"},{"value":1061,"label":"Varningsljus"}],"pa_fargtemperatur":[{"value":1439,"label":"Orange"}],"pa_fuktskydd-varde-ipxx":[{"value":333,"label":"IP67"}],"pa_storlek-mm":[{"value":1453,"label":"108x92x30"}],"pa_volt-v":[{"value":348,"label":"12, 24"}]},"featured_image_src_large":["https:\/\/xenonkungen.com\/wp-content\/uploads\/2025\/04\/204076215-origpic-cc2428.jpg",400,300,false],"author_info":[],"comment_info":0,"_links":{"self":[{"href":"https:\/\/xenonkungen.com\/nl\/wp-json\/wp\/v2\/product\/4807","targetHints":{"allow":["GET"]}}],"collection":[{"href":"https:\/\/xenonkungen.com\/nl\/wp-json\/wp\/v2\/product"}],"about":[{"href":"https:\/\/xenonkungen.com\/nl\/wp-json\/wp\/v2\/types\/product"}],"replies":[{"embeddable":true,"href":"https:\/\/xenonkungen.com\/nl\/wp-json\/wp\/v2\/comments?post=4807"}],"wp:featuredmedia":[{"embeddable":true,"href":"https:\/\/xenonkungen.com\/nl\/wp-json\/wp\/v2\/media\/4808"}],"wp:attachment":[{"href":"https:\/\/xenonkungen.com\/nl\/wp-json\/wp\/v2\/media?parent=4807"}],"wp:term":[{"taxonomy":"anvandningsomrade","embeddable":true,"href":"https:\/\/xenonkungen.com\/nl\/wp-json\/wp\/v2\/anvandningsomrade?post=4807"},{"taxonomy":"bilmarken","embeddable":true,"href":"https:\/\/xenonkungen.com\/nl\/wp-json\/wp\/v2\/bilmarken?post=4807"},{"taxonomy":"product_brand","embeddable":true,"href":"https:\/\/xenonkungen.com\/nl\/wp-json\/wp\/v2\/product_brand?post=4807"},{"taxonomy":"product_cat","embeddable":true,"href":"https:\/\/xenonkungen.com\/nl\/wp-json\/wp\/v2\/product_cat?post=4807"},{"taxonomy":"product_tag","embeddable":true,"href":"https:\/\/xenonkungen.com\/nl\/wp-json\/wp\/v2\/product_tag?post=4807"}],"curies":[{"name":"wp","href":"https:\/\/api.w.org\/{rel}","templated":true}]}}