{"id":4846,"date":"2025-04-15T09:19:05","date_gmt":"2025-04-15T09:19:05","guid":{"rendered":"https:\/\/xenonkungen.com\/product\/stenskottsskydd-orange-gult-for-ns9\/"},"modified":"2026-04-24T17:44:55","modified_gmt":"2026-04-24T16:44:55","slug":"steenslagbescherming-oranjegeel-voor-ns9","status":"publish","type":"product","link":"https:\/\/xenonkungen.com\/nl\/product\/steenslagbescherming-oranjegeel-voor-ns9\/","title":{"rendered":"Oranje\/gele stenenvanger voor NS9"},"content":{"rendered":"<h1>Steenslagbescherming van Seeker: Bescherm uw koplampen<\/h1>\n<h2>Betrouwbaar en stabiel<\/h2>\n<p>Deze Seeker steenslagbeschermer is ontworpen om effectieve bescherming te bieden tegen steenslag en andere schade aan de weg. Dankzij de robuuste constructie biedt hij uitstekende duurzaamheid en langdurige prestaties.<\/p>\n<h2>Eenvoudige installatie en gebruik<\/h2>\n<p>Met een buitendiameter van 220 mm is deze steenslagbeschermer geschikt voor diverse koplampen. Het gebruiksvriendelijke ontwerp maakt hem eenvoudig te installeren en veilig in gebruik.<\/p>","protected":false},"excerpt":{"rendered":"<p>Stenskottsskydd fr\u00e5n Seeker: Skydda dina str\u00e5lkastare P\u00e5litligt och Stabilt Detta stenskottsskydd fr\u00e5n Seeker \u00e4r utformat f\u00f6r att ge effektivt skydd mot stenskott och andra v\u00e4gskador. Med sin robusta konstruktion erbjuder det enast\u00e5ende h\u00e5llbarhet och l\u00e5ngvarig prestanda. Enkel installation och anv\u00e4ndning Med en utv\u00e4ndig diameter p\u00e5 220 mm, \u00e4r detta stenskottsskydd kompatibelt med en m\u00e4ngd olika [&hellip;]<\/p>","protected":false},"featured_media":4847,"comment_status":"closed","ping_status":"open","template":"","meta":{"_acf_changed":false,"_smort_price_nok":"240","_smort_price_dkk":"153","_smort_price_eur":"20.45","_smort_sale_price_nok":"","_smort_sale_price_dkk":"","_smort_sale_price_eur":"","smort_restorder":"","shipmondo_restorder":"","_kad_blocks_custom_css":"","_kad_blocks_head_custom_js":"","_kad_blocks_body_custom_js":"","_kad_blocks_footer_custom_js":"","smort_custom_pricelist_1":"144","smort_custom_pricelist_2":"126","smort_custom_pricelist_3":"119.7","smort_custom_pricelist_4":"180","smort_custom_pricelist_5":"126"},"anvandningsomrade":[],"bilmarken":[],"product_brand":[2793],"product_cat":[2545,2546,142],"product_tag":[],"class_list":{"0":"post-4846","1":"product","2":"type-product","3":"status-publish","4":"has-post-thumbnail","6":"product_brand-ovrigt","7":"product_cat-tillbehor-installation","8":"product_cat-ovriga-tillbehor-tillbehor-installation","9":"product_cat-extraljus","10":"pa_storlek-mm-1475","12":"first","13":"onbackorder","14":"taxable","15":"shipping-taxable","16":"purchasable","17":"product-type-simple"},"bundled_by":[],"bundle_stock_status":"onbackorder","bundle_stock_quantity":0,"bundle_virtual":false,"bundle_layout":"","bundle_add_to_cart_form_location":"","bundle_editable_in_cart":false,"bundle_sold_individually_context":"","bundle_item_grouping":"","bundle_min_size":"","bundle_max_size":"","bundle_price":[],"bundled_items":[],"bundle_sell_ids":[],"acf":[],"yoast_head":"<!-- This site is optimized with the Yoast SEO plugin v27.0 - https:\/\/yoast.com\/product\/yoast-seo-wordpress\/ -->\n<title>Stenskottsskydd orange\/gult f\u00f6r NS9 - Xenonkungen<\/title>\n<meta name=\"robots\" content=\"index, follow, max-snippet:-1, max-image-preview:large, max-video-preview:-1\" \/>\n<link rel=\"canonical\" href=\"https:\/\/xenonkungen.com\/nl\/product\/steenslagbescherming-oranjegeel-voor-ns9\/\" \/>\n<meta property=\"og:locale\" content=\"nl_NL\" \/>\n<meta property=\"og:type\" content=\"article\" \/>\n<meta property=\"og:title\" content=\"Stenskottsskydd orange\/gult f\u00f6r NS9 - Xenonkungen\" \/>\n<meta property=\"og:description\" content=\"Stenskottsskydd fr\u00e5n Seeker: Skydda dina str\u00e5lkastare P\u00e5litligt och Stabilt Detta stenskottsskydd fr\u00e5n Seeker \u00e4r utformat f\u00f6r att ge effektivt skydd mot stenskott och andra v\u00e4gskador. Med sin robusta konstruktion erbjuder det enast\u00e5ende h\u00e5llbarhet och l\u00e5ngvarig prestanda. Enkel installation och anv\u00e4ndning Med en utv\u00e4ndig diameter p\u00e5 220 mm, \u00e4r detta stenskottsskydd kompatibelt med en m\u00e4ngd olika [&hellip;]\" \/>\n<meta property=\"og:url\" content=\"https:\/\/xenonkungen.com\/nl\/product\/steenslagbescherming-oranjegeel-voor-ns9\/\" \/>\n<meta property=\"og:site_name\" content=\"Xenonkungen\" \/>\n<meta property=\"article:modified_time\" content=\"2026-04-24T16:44:55+00:00\" \/>\n<meta property=\"og:image\" content=\"https:\/\/xenonkungen.com\/wp-content\/uploads\/2025\/04\/204076231-origpic-e4313a.jpg\" \/>\n\t<meta property=\"og:image:width\" content=\"400\" \/>\n\t<meta property=\"og:image:height\" content=\"300\" \/>\n\t<meta property=\"og:image:type\" content=\"image\/jpeg\" \/>\n<meta name=\"twitter:card\" content=\"summary_large_image\" \/>\n<script type=\"application\/ld+json\" class=\"yoast-schema-graph\">{\"@context\":\"https:\/\/schema.org\",\"@graph\":[{\"@type\":\"WebPage\",\"@id\":\"https:\/\/xenonkungen.com\/no\/produkt\/steinsprutbeskyttelse-oransje-gul-for-ns9\/\",\"url\":\"https:\/\/xenonkungen.com\/no\/produkt\/steinsprutbeskyttelse-oransje-gul-for-ns9\/\",\"name\":\"Stenskottsskydd orange\/gult f\u00f6r NS9 - Xenonkungen\",\"isPartOf\":{\"@id\":\"https:\/\/xenonkungen.com\/#website\"},\"primaryImageOfPage\":{\"@id\":\"https:\/\/xenonkungen.com\/no\/produkt\/steinsprutbeskyttelse-oransje-gul-for-ns9\/#primaryimage\"},\"image\":{\"@id\":\"https:\/\/xenonkungen.com\/no\/produkt\/steinsprutbeskyttelse-oransje-gul-for-ns9\/#primaryimage\"},\"thumbnailUrl\":\"https:\/\/xenonkungen.com\/wp-content\/uploads\/2025\/04\/204076231-origpic-e4313a.jpg\",\"datePublished\":\"2025-04-15T09:19:05+00:00\",\"dateModified\":\"2026-04-24T16:44:55+00:00\",\"breadcrumb\":{\"@id\":\"https:\/\/xenonkungen.com\/no\/produkt\/steinsprutbeskyttelse-oransje-gul-for-ns9\/#breadcrumb\"},\"inLanguage\":\"nl-NL\",\"potentialAction\":[{\"@type\":\"ReadAction\",\"target\":[\"https:\/\/xenonkungen.com\/no\/produkt\/steinsprutbeskyttelse-oransje-gul-for-ns9\/\"]}]},{\"@type\":\"ImageObject\",\"inLanguage\":\"nl-NL\",\"@id\":\"https:\/\/xenonkungen.com\/no\/produkt\/steinsprutbeskyttelse-oransje-gul-for-ns9\/#primaryimage\",\"url\":\"https:\/\/xenonkungen.com\/wp-content\/uploads\/2025\/04\/204076231-origpic-e4313a.jpg\",\"contentUrl\":\"https:\/\/xenonkungen.com\/wp-content\/uploads\/2025\/04\/204076231-origpic-e4313a.jpg\",\"width\":400,\"height\":300},{\"@type\":\"BreadcrumbList\",\"@id\":\"https:\/\/xenonkungen.com\/no\/produkt\/steinsprutbeskyttelse-oransje-gul-for-ns9\/#breadcrumb\",\"itemListElement\":[{\"@type\":\"ListItem\",\"position\":1,\"name\":\"Hem\",\"item\":\"https:\/\/xenonkungen.com\/\"},{\"@type\":\"ListItem\",\"position\":2,\"name\":\"Shop\",\"item\":\"https:\/\/xenonkungen.com\/shop\/\"},{\"@type\":\"ListItem\",\"position\":3,\"name\":\"Stenskottsskydd orange\/gult f\u00f6r NS9\"}]},{\"@type\":\"WebSite\",\"@id\":\"https:\/\/xenonkungen.com\/#website\",\"url\":\"https:\/\/xenonkungen.com\/\",\"name\":\"Xenonkungen\",\"description\":\"\",\"potentialAction\":[{\"@type\":\"SearchAction\",\"target\":{\"@type\":\"EntryPoint\",\"urlTemplate\":\"https:\/\/xenonkungen.com\/?s={search_term_string}\"},\"query-input\":{\"@type\":\"PropertyValueSpecification\",\"valueRequired\":true,\"valueName\":\"search_term_string\"}}],\"inLanguage\":\"nl-NL\"}]}<\/script>\n<!-- \/ Yoast SEO plugin. -->","yoast_head_json":{"title":"Steenslagbescherming oranje\/geel voor NS9 - Xenonkungen","robots":{"index":"index","follow":"follow","max-snippet":"max-snippet:-1","max-image-preview":"max-image-preview:large","max-video-preview":"max-video-preview:-1"},"canonical":"https:\/\/xenonkungen.com\/nl\/product\/steenslagbescherming-oranjegeel-voor-ns9\/","og_locale":"nl_NL","og_type":"article","og_title":"Stenskottsskydd orange\/gult f\u00f6r NS9 - Xenonkungen","og_description":"Stenskottsskydd fr\u00e5n Seeker: Skydda dina str\u00e5lkastare P\u00e5litligt och Stabilt Detta stenskottsskydd fr\u00e5n Seeker \u00e4r utformat f\u00f6r att ge effektivt skydd mot stenskott och andra v\u00e4gskador. Med sin robusta konstruktion erbjuder det enast\u00e5ende h\u00e5llbarhet och l\u00e5ngvarig prestanda. Enkel installation och anv\u00e4ndning Med en utv\u00e4ndig diameter p\u00e5 220 mm, \u00e4r detta stenskottsskydd kompatibelt med en m\u00e4ngd olika [&hellip;]","og_url":"https:\/\/xenonkungen.com\/nl\/product\/steenslagbescherming-oranjegeel-voor-ns9\/","og_site_name":"Xenonkungen","article_modified_time":"2026-04-24T16:44:55+00:00","og_image":[{"width":400,"height":300,"url":"https:\/\/xenonkungen.com\/wp-content\/uploads\/2025\/04\/204076231-origpic-e4313a.jpg","type":"image\/jpeg"}],"twitter_card":"summary_large_image","schema":{"@context":"https:\/\/schema.org","@graph":[{"@type":"WebPage","@id":"https:\/\/xenonkungen.com\/no\/produkt\/steinsprutbeskyttelse-oransje-gul-for-ns9\/","url":"https:\/\/xenonkungen.com\/no\/produkt\/steinsprutbeskyttelse-oransje-gul-for-ns9\/","name":"Steenslagbescherming oranje\/geel voor NS9 - Xenonkungen","isPartOf":{"@id":"https:\/\/xenonkungen.com\/#website"},"primaryImageOfPage":{"@id":"https:\/\/xenonkungen.com\/no\/produkt\/steinsprutbeskyttelse-oransje-gul-for-ns9\/#primaryimage"},"image":{"@id":"https:\/\/xenonkungen.com\/no\/produkt\/steinsprutbeskyttelse-oransje-gul-for-ns9\/#primaryimage"},"thumbnailUrl":"https:\/\/xenonkungen.com\/wp-content\/uploads\/2025\/04\/204076231-origpic-e4313a.jpg","datePublished":"2025-04-15T09:19:05+00:00","dateModified":"2026-04-24T16:44:55+00:00","breadcrumb":{"@id":"https:\/\/xenonkungen.com\/no\/produkt\/steinsprutbeskyttelse-oransje-gul-for-ns9\/#breadcrumb"},"inLanguage":"nl-NL","potentialAction":[{"@type":"ReadAction","target":["https:\/\/xenonkungen.com\/no\/produkt\/steinsprutbeskyttelse-oransje-gul-for-ns9\/"]}]},{"@type":"ImageObject","inLanguage":"nl-NL","@id":"https:\/\/xenonkungen.com\/no\/produkt\/steinsprutbeskyttelse-oransje-gul-for-ns9\/#primaryimage","url":"https:\/\/xenonkungen.com\/wp-content\/uploads\/2025\/04\/204076231-origpic-e4313a.jpg","contentUrl":"https:\/\/xenonkungen.com\/wp-content\/uploads\/2025\/04\/204076231-origpic-e4313a.jpg","width":400,"height":300},{"@type":"BreadcrumbList","@id":"https:\/\/xenonkungen.com\/no\/produkt\/steinsprutbeskyttelse-oransje-gul-for-ns9\/#breadcrumb","itemListElement":[{"@type":"ListItem","position":1,"name":"Hem","item":"https:\/\/xenonkungen.com\/"},{"@type":"ListItem","position":2,"name":"Shop","item":"https:\/\/xenonkungen.com\/shop\/"},{"@type":"ListItem","position":3,"name":"Stenskottsskydd orange\/gult f\u00f6r NS9"}]},{"@type":"WebSite","@id":"https:\/\/xenonkungen.com\/#website","url":"https:\/\/xenonkungen.com\/","name":"Xenonkungen","description":"","potentialAction":[{"@type":"SearchAction","target":{"@type":"EntryPoint","urlTemplate":"https:\/\/xenonkungen.com\/?s={search_term_string}"},"query-input":{"@type":"PropertyValueSpecification","valueRequired":true,"valueName":"search_term_string"}}],"inLanguage":"nl-NL"}]}},"taxonomy_info":{"product_brand":[{"value":2793,"label":"\u00d6VRIGT"}],"product_cat":[{"value":2545,"label":"INSTALLATION"},{"value":2546,"label":"\u00d6vriga Tillbeh\u00f6r"},{"value":142,"label":"Extraljus"}],"pa_storlek-mm":[{"value":1475,"label":"220"}]},"featured_image_src_large":["https:\/\/xenonkungen.com\/wp-content\/uploads\/2025\/04\/204076231-origpic-e4313a.jpg",400,300,false],"author_info":[],"comment_info":0,"_links":{"self":[{"href":"https:\/\/xenonkungen.com\/nl\/wp-json\/wp\/v2\/product\/4846","targetHints":{"allow":["GET"]}}],"collection":[{"href":"https:\/\/xenonkungen.com\/nl\/wp-json\/wp\/v2\/product"}],"about":[{"href":"https:\/\/xenonkungen.com\/nl\/wp-json\/wp\/v2\/types\/product"}],"replies":[{"embeddable":true,"href":"https:\/\/xenonkungen.com\/nl\/wp-json\/wp\/v2\/comments?post=4846"}],"wp:featuredmedia":[{"embeddable":true,"href":"https:\/\/xenonkungen.com\/nl\/wp-json\/wp\/v2\/media\/4847"}],"wp:attachment":[{"href":"https:\/\/xenonkungen.com\/nl\/wp-json\/wp\/v2\/media?parent=4846"}],"wp:term":[{"taxonomy":"anvandningsomrade","embeddable":true,"href":"https:\/\/xenonkungen.com\/nl\/wp-json\/wp\/v2\/anvandningsomrade?post=4846"},{"taxonomy":"bilmarken","embeddable":true,"href":"https:\/\/xenonkungen.com\/nl\/wp-json\/wp\/v2\/bilmarken?post=4846"},{"taxonomy":"product_brand","embeddable":true,"href":"https:\/\/xenonkungen.com\/nl\/wp-json\/wp\/v2\/product_brand?post=4846"},{"taxonomy":"product_cat","embeddable":true,"href":"https:\/\/xenonkungen.com\/nl\/wp-json\/wp\/v2\/product_cat?post=4846"},{"taxonomy":"product_tag","embeddable":true,"href":"https:\/\/xenonkungen.com\/nl\/wp-json\/wp\/v2\/product_tag?post=4846"}],"curies":[{"name":"wp","href":"https:\/\/api.w.org\/{rel}","templated":true}]}}