{"id":4917,"date":"2025-04-15T09:20:19","date_gmt":"2025-04-15T09:20:19","guid":{"rendered":"https:\/\/xenonkungen.com\/product\/optibeam-se7en-7\/"},"modified":"2026-04-24T17:45:09","modified_gmt":"2026-04-24T16:45:09","slug":"optibeam-se7en-7","status":"publish","type":"product","link":"https:\/\/xenonkungen.com\/nl\/product\/optibeam-se7en-7\/","title":{"rendered":"OPTIBEAM Se7en 7\u2033"},"content":{"rendered":"<h1>OPTIBEAM SE7EN 7\u2033 \u2013 Sterk, Klein, Stijlvol<\/h1>\n<p>De nieuwe en krachtigste ronde LED-hulplamp van Optibeam in een slank design.<br \/>Ontwikkeld met de nieuwste ledtechnologie, rekening houdend met professionele gebruikers en installateurs. Uiterst doordachte optiek cre\u00ebert een breed lichtpatroon dat beide kanten van de weg verlicht, terwijl het extra licht ver schijnt.<\/p>\n<ul>\n<li>Bereik: 1 lux @ 500m<\/li>\n<li>X-formaat parkeerlicht, oranje\/wit<\/li>\n<li>9159 Werkelijke lumens<\/li>\n<li>Dubbelfunctie met Boost-modus<\/li>\n<\/ul>\n<p>De projectieafstand van de Optibeam SE7EN bedraagt 1 lux @ 500 m. Het lensontwerp is een innovatie die de reflectoren een donkerdere indruk geeft wanneer ze met het blote oog worden bekeken. Dit draagt bij aan een elegant ontwerp zonder afbreuk te doen aan de helderheid van de lamp. Met een opvallend X-Park parkeerlicht kan het parkeerlicht optioneel worden ingeschakeld met wit of oranje licht. Het extra licht is frameloos ontworpen om te voorkomen dat sneeuw, ijs en vuil aan de lens van het extra licht blijven plakken. Wordt geleverd met twee alternatieve montagebeugels: een beugel of een voetstuk.<\/p>\n<p>Double Up-functie - BOOST aan:<\/p>\n<ul>\n<li>Als de situatie een extra lange lichtbundel van uw parkeerlichten vereist, bijvoorbeeld bij het rijden op een smalle landweg, biedt de Optibeam SE7EN een indrukwekkend lichtbereik van maar liefst 500 m bij 1 lux.<\/li>\n<\/ul>\n<p>U kunt BOOST desgewenst continu aan laten staan.<\/p>\n<p>Double Up-functie - BOOST door:<\/p>\n<ul>\n<li>Voor die momenten waarop je de breedte van het licht meer nodig hebt dan het bereik. Deze modus is ideaal bij regenachtig of mistig weer, omdat het helpt het licht effectief te verspreiden en de zichtbaarheid te vergroten.<\/li>\n<\/ul>\n<p>*Met de Double Up-functie kunt u de effici\u00ebntie van de lamp aanpassen aan uw behoeften. De functie wordt geactiveerd wanneer de grensdraad wordt losgekoppeld of aangesloten op een schakelaar of knop.<\/p>\n<p>","protected":false},"excerpt":{"rendered":"<p>De Optibeam Se7en is de perfecte extra lamp als u op zoek bent naar een stijlvol design, de nieuwste technologie en fantastisch licht! Dankzij nieuw ontwikkelde technologie en innovatie krijgt u nu alles wat u wenst, zelfs met een 7 inch extra lamp. Lange lichtbundel, breed lichtpatroon, stijlvol design in een compact formaat. Met 9159 lumen per lamp ziet u alles op de weg.<\/p>","protected":false},"featured_media":4918,"comment_status":"closed","ping_status":"open","template":"","meta":{"_acf_changed":false,"_smort_price_nok":"2665","_smort_price_dkk":"1693","_smort_price_eur":"226.81","_smort_sale_price_nok":"","_smort_sale_price_dkk":"","_smort_sale_price_eur":"","smort_restorder":"","shipmondo_restorder":"","_kad_blocks_custom_css":"","_kad_blocks_head_custom_js":"","_kad_blocks_body_custom_js":"","_kad_blocks_footer_custom_js":"","smort_custom_pricelist_1":"1600","smort_custom_pricelist_2":"1600","smort_custom_pricelist_3":"1500","smort_custom_pricelist_4":"2000","smort_custom_pricelist_5":"1600"},"anvandningsomrade":[],"bilmarken":[],"product_brand":[107],"product_cat":[2838,142],"product_tag":[],"class_list":{"0":"post-4917","1":"product","2":"type-product","3":"status-publish","4":"has-post-thumbnail","6":"product_brand-optibeam","7":"product_cat-extraljus-7","8":"product_cat-extraljus","9":"pa_faktisk-effekts-forbrukning-1509","10":"pa_fargtemperatur-1510","11":"pa_fuktskydd-varde-ipxx-ip68","12":"pa_godkannande-e-godkand-r112-r10-r148-r149-ref-30","13":"pa_lampsockel-kontakt-4-polig-dt-kontakt","14":"pa_led-chips-effekt-w-1508","15":"pa_ljusbild-driving","16":"pa_storlek-mm-178-x-83","17":"pa_stromforbrukning-806a-137v","18":"pa_volt-v-9-32","20":"first","21":"onbackorder","22":"taxable","23":"shipping-taxable","24":"purchasable","25":"product-type-simple"},"bundled_by":[],"bundle_stock_status":"onbackorder","bundle_stock_quantity":0,"bundle_virtual":false,"bundle_layout":"","bundle_add_to_cart_form_location":"","bundle_editable_in_cart":false,"bundle_sold_individually_context":"","bundle_item_grouping":"","bundle_min_size":"","bundle_max_size":"","bundle_price":[],"bundled_items":[],"bundle_sell_ids":[],"acf":[],"yoast_head":"<!-- This site is optimized with the Yoast SEO plugin v27.0 - https:\/\/yoast.com\/product\/yoast-seo-wordpress\/ -->\n<title>OPTIBEAM Se7en 7&quot; - Xenonkungen<\/title>\n<meta name=\"robots\" content=\"index, follow, max-snippet:-1, max-image-preview:large, max-video-preview:-1\" \/>\n<link rel=\"canonical\" href=\"https:\/\/xenonkungen.com\/nl\/product\/optibeam-se7en-7\/\" \/>\n<meta property=\"og:locale\" content=\"nl_NL\" \/>\n<meta property=\"og:type\" content=\"article\" \/>\n<meta property=\"og:title\" content=\"OPTIBEAM Se7en 7&quot; - Xenonkungen\" \/>\n<meta property=\"og:description\" content=\"Optibeam Se7en \u00e4r det perfekta extraljuset om du s\u00f6ker snygg design, senaste tekniken och ett fantastiskt ljus! Med nyutvecklad teknik och innovation kan du nu f\u00e5 allt du \u00f6nskar, \u00e4ven ur ett 7&quot; Extraljus. L\u00e5ng kastl\u00e4ngd, bred ljusbild, snygg design i ett kompakt format. Med 9159 faktiska lumen per lykta ser du allt ute p\u00e5 v\u00e4gen.\" \/>\n<meta property=\"og:url\" content=\"https:\/\/xenonkungen.com\/nl\/product\/optibeam-se7en-7\/\" \/>\n<meta property=\"og:site_name\" content=\"Xenonkungen\" \/>\n<meta property=\"article:modified_time\" content=\"2026-04-24T16:45:09+00:00\" \/>\n<meta property=\"og:image\" content=\"https:\/\/xenonkungen.com\/wp-content\/uploads\/2025\/04\/204076249-origpic-77b4d6.jpg\" \/>\n\t<meta property=\"og:image:width\" content=\"1000\" \/>\n\t<meta property=\"og:image:height\" content=\"1000\" \/>\n\t<meta property=\"og:image:type\" content=\"image\/jpeg\" \/>\n<meta name=\"twitter:card\" content=\"summary_large_image\" \/>\n<meta name=\"twitter:label1\" content=\"Geschatte leestijd\" \/>\n\t<meta name=\"twitter:data1\" content=\"1 minuut\" \/>\n<script type=\"application\/ld+json\" class=\"yoast-schema-graph\">{\"@context\":\"https:\/\/schema.org\",\"@graph\":[{\"@type\":\"WebPage\",\"@id\":\"https:\/\/xenonkungen.com\/produkt\/optibeam-se7en-7\/\",\"url\":\"https:\/\/xenonkungen.com\/produkt\/optibeam-se7en-7\/\",\"name\":\"OPTIBEAM Se7en 7\\\" - Xenonkungen\",\"isPartOf\":{\"@id\":\"https:\/\/xenonkungen.com\/#website\"},\"primaryImageOfPage\":{\"@id\":\"https:\/\/xenonkungen.com\/produkt\/optibeam-se7en-7\/#primaryimage\"},\"image\":{\"@id\":\"https:\/\/xenonkungen.com\/produkt\/optibeam-se7en-7\/#primaryimage\"},\"thumbnailUrl\":\"https:\/\/xenonkungen.com\/wp-content\/uploads\/2025\/04\/204076249-origpic-77b4d6.jpg\",\"datePublished\":\"2025-04-15T09:20:19+00:00\",\"dateModified\":\"2026-04-24T16:45:09+00:00\",\"breadcrumb\":{\"@id\":\"https:\/\/xenonkungen.com\/produkt\/optibeam-se7en-7\/#breadcrumb\"},\"inLanguage\":\"nl-NL\",\"potentialAction\":[{\"@type\":\"ReadAction\",\"target\":[\"https:\/\/xenonkungen.com\/produkt\/optibeam-se7en-7\/\"]}]},{\"@type\":\"ImageObject\",\"inLanguage\":\"nl-NL\",\"@id\":\"https:\/\/xenonkungen.com\/produkt\/optibeam-se7en-7\/#primaryimage\",\"url\":\"https:\/\/xenonkungen.com\/wp-content\/uploads\/2025\/04\/204076249-origpic-77b4d6.jpg\",\"contentUrl\":\"https:\/\/xenonkungen.com\/wp-content\/uploads\/2025\/04\/204076249-origpic-77b4d6.jpg\",\"width\":1000,\"height\":1000},{\"@type\":\"BreadcrumbList\",\"@id\":\"https:\/\/xenonkungen.com\/produkt\/optibeam-se7en-7\/#breadcrumb\",\"itemListElement\":[{\"@type\":\"ListItem\",\"position\":1,\"name\":\"Hem\",\"item\":\"https:\/\/xenonkungen.com\/\"},{\"@type\":\"ListItem\",\"position\":2,\"name\":\"Shop\",\"item\":\"https:\/\/xenonkungen.com\/shop\/\"},{\"@type\":\"ListItem\",\"position\":3,\"name\":\"OPTIBEAM Se7en 7&#8243;\"}]},{\"@type\":\"WebSite\",\"@id\":\"https:\/\/xenonkungen.com\/#website\",\"url\":\"https:\/\/xenonkungen.com\/\",\"name\":\"Xenonkungen\",\"description\":\"\",\"potentialAction\":[{\"@type\":\"SearchAction\",\"target\":{\"@type\":\"EntryPoint\",\"urlTemplate\":\"https:\/\/xenonkungen.com\/?s={search_term_string}\"},\"query-input\":{\"@type\":\"PropertyValueSpecification\",\"valueRequired\":true,\"valueName\":\"search_term_string\"}}],\"inLanguage\":\"nl-NL\"}]}<\/script>\n<!-- \/ Yoast SEO plugin. -->","yoast_head_json":{"title":"OPTIBEAM Se7en 7&quot; - De Xenon Koning","robots":{"index":"index","follow":"follow","max-snippet":"max-snippet:-1","max-image-preview":"max-image-preview:large","max-video-preview":"max-video-preview:-1"},"canonical":"https:\/\/xenonkungen.com\/nl\/product\/optibeam-se7en-7\/","og_locale":"nl_NL","og_type":"article","og_title":"OPTIBEAM Se7en 7\" - Xenonkungen","og_description":"Optibeam Se7en \u00e4r det perfekta extraljuset om du s\u00f6ker snygg design, senaste tekniken och ett fantastiskt ljus! Med nyutvecklad teknik och innovation kan du nu f\u00e5 allt du \u00f6nskar, \u00e4ven ur ett 7\" Extraljus. L\u00e5ng kastl\u00e4ngd, bred ljusbild, snygg design i ett kompakt format. Med 9159 faktiska lumen per lykta ser du allt ute p\u00e5 v\u00e4gen.","og_url":"https:\/\/xenonkungen.com\/nl\/product\/optibeam-se7en-7\/","og_site_name":"Xenonkungen","article_modified_time":"2026-04-24T16:45:09+00:00","og_image":[{"width":1000,"height":1000,"url":"https:\/\/xenonkungen.com\/wp-content\/uploads\/2025\/04\/204076249-origpic-77b4d6.jpg","type":"image\/jpeg"}],"twitter_card":"summary_large_image","twitter_misc":{"Geschatte leestijd":"1 minuut"},"schema":{"@context":"https:\/\/schema.org","@graph":[{"@type":"WebPage","@id":"https:\/\/xenonkungen.com\/produkt\/optibeam-se7en-7\/","url":"https:\/\/xenonkungen.com\/produkt\/optibeam-se7en-7\/","name":"OPTIBEAM Se7en 7&quot; - De Xenon Koning","isPartOf":{"@id":"https:\/\/xenonkungen.com\/#website"},"primaryImageOfPage":{"@id":"https:\/\/xenonkungen.com\/produkt\/optibeam-se7en-7\/#primaryimage"},"image":{"@id":"https:\/\/xenonkungen.com\/produkt\/optibeam-se7en-7\/#primaryimage"},"thumbnailUrl":"https:\/\/xenonkungen.com\/wp-content\/uploads\/2025\/04\/204076249-origpic-77b4d6.jpg","datePublished":"2025-04-15T09:20:19+00:00","dateModified":"2026-04-24T16:45:09+00:00","breadcrumb":{"@id":"https:\/\/xenonkungen.com\/produkt\/optibeam-se7en-7\/#breadcrumb"},"inLanguage":"nl-NL","potentialAction":[{"@type":"ReadAction","target":["https:\/\/xenonkungen.com\/produkt\/optibeam-se7en-7\/"]}]},{"@type":"ImageObject","inLanguage":"nl-NL","@id":"https:\/\/xenonkungen.com\/produkt\/optibeam-se7en-7\/#primaryimage","url":"https:\/\/xenonkungen.com\/wp-content\/uploads\/2025\/04\/204076249-origpic-77b4d6.jpg","contentUrl":"https:\/\/xenonkungen.com\/wp-content\/uploads\/2025\/04\/204076249-origpic-77b4d6.jpg","width":1000,"height":1000},{"@type":"BreadcrumbList","@id":"https:\/\/xenonkungen.com\/produkt\/optibeam-se7en-7\/#breadcrumb","itemListElement":[{"@type":"ListItem","position":1,"name":"Hem","item":"https:\/\/xenonkungen.com\/"},{"@type":"ListItem","position":2,"name":"Shop","item":"https:\/\/xenonkungen.com\/shop\/"},{"@type":"ListItem","position":3,"name":"OPTIBEAM Se7en 7&#8243;"}]},{"@type":"WebSite","@id":"https:\/\/xenonkungen.com\/#website","url":"https:\/\/xenonkungen.com\/","name":"Xenonkungen","description":"","potentialAction":[{"@type":"SearchAction","target":{"@type":"EntryPoint","urlTemplate":"https:\/\/xenonkungen.com\/?s={search_term_string}"},"query-input":{"@type":"PropertyValueSpecification","valueRequired":true,"valueName":"search_term_string"}}],"inLanguage":"nl-NL"}]}},"taxonomy_info":{"product_brand":[{"value":107,"label":"Optibeam"}],"product_cat":[{"value":2838,"label":"Extraljus 7\""},{"value":142,"label":"Extraljus"}],"pa_faktisk-effekts-forbrukning":[{"value":1509,"label":"110"}],"pa_fargtemperatur":[{"value":1510,"label":"5500"}],"pa_fuktskydd-varde-ipxx":[{"value":177,"label":"IP68"}],"pa_godkannande":[{"value":1512,"label":"E-godk\u00e4nd (R112, R10, R148, R149) ref.30"}],"pa_lampsockel-kontakt":[{"value":1493,"label":"4-polig DT-kontakt"}],"pa_led-chips-effekt-w":[{"value":1508,"label":"155"}],"pa_ljusbild":[{"value":178,"label":"Driving"}],"pa_storlek-mm":[{"value":1507,"label":"178 x 83"}],"pa_stromforbrukning":[{"value":1511,"label":"8,06A @13,7V"}],"pa_volt-v":[{"value":1434,"label":"9-32"}]},"featured_image_src_large":["https:\/\/xenonkungen.com\/wp-content\/uploads\/2025\/04\/204076249-origpic-77b4d6.jpg",1000,1000,false],"author_info":[],"comment_info":0,"_links":{"self":[{"href":"https:\/\/xenonkungen.com\/nl\/wp-json\/wp\/v2\/product\/4917","targetHints":{"allow":["GET"]}}],"collection":[{"href":"https:\/\/xenonkungen.com\/nl\/wp-json\/wp\/v2\/product"}],"about":[{"href":"https:\/\/xenonkungen.com\/nl\/wp-json\/wp\/v2\/types\/product"}],"replies":[{"embeddable":true,"href":"https:\/\/xenonkungen.com\/nl\/wp-json\/wp\/v2\/comments?post=4917"}],"wp:featuredmedia":[{"embeddable":true,"href":"https:\/\/xenonkungen.com\/nl\/wp-json\/wp\/v2\/media\/4918"}],"wp:attachment":[{"href":"https:\/\/xenonkungen.com\/nl\/wp-json\/wp\/v2\/media?parent=4917"}],"wp:term":[{"taxonomy":"anvandningsomrade","embeddable":true,"href":"https:\/\/xenonkungen.com\/nl\/wp-json\/wp\/v2\/anvandningsomrade?post=4917"},{"taxonomy":"bilmarken","embeddable":true,"href":"https:\/\/xenonkungen.com\/nl\/wp-json\/wp\/v2\/bilmarken?post=4917"},{"taxonomy":"product_brand","embeddable":true,"href":"https:\/\/xenonkungen.com\/nl\/wp-json\/wp\/v2\/product_brand?post=4917"},{"taxonomy":"product_cat","embeddable":true,"href":"https:\/\/xenonkungen.com\/nl\/wp-json\/wp\/v2\/product_cat?post=4917"},{"taxonomy":"product_tag","embeddable":true,"href":"https:\/\/xenonkungen.com\/nl\/wp-json\/wp\/v2\/product_tag?post=4917"}],"curies":[{"name":"wp","href":"https:\/\/api.w.org\/{rel}","templated":true}]}}