{"id":4927,"date":"2025-04-15T09:20:19","date_gmt":"2025-04-15T09:20:19","guid":{"rendered":"https:\/\/xenonkungen.com\/product\/optibeam-extraljus-nine9-9\/"},"modified":"2026-04-11T01:39:42","modified_gmt":"2026-04-11T00:39:42","slug":"optibeam-extra-licht-nine9-9","status":"publish","type":"product","link":"https:\/\/xenonkungen.com\/nl\/product\/optibeam-extra-licht-nine9-9\/","title":{"rendered":"OPTIBEAM Extra licht Negen9 9\u2033"},"content":{"rendered":"<div class=\"container\">\n<h1>Optibeams Ronde LED-hulplamp: NIN9<\/h1>\n<p>De nieuwste ontwikkelingen van Optibeam op het gebied van ronde LED-hulpverlichting combineren geavanceerde LED-technologie met waardevolle inzichten van professionals. Deze lampen bieden een zorgvuldig ontworpen lichtpatroon dat zowel de zijkanten als de rijbaan ver voor de weg optimaal verlicht.<\/p>\n<h2>NIN9 \u2013 Uitstekende prestatie<\/h2>\n<ul class=\"features\">\n<li><strong>NIN9:<\/strong> Projectieafstand van 1 lux @ 580 meter.<\/li>\n<li>Esthetisch aangenaam <strong>donker optisch ontwerp<\/strong> met een innovatieve <strong>X-Park parkeerlichten<\/strong>.<\/li>\n<li>Kies tussen <strong>wit of oranje<\/strong> licht voor de parkeerfunctie.<\/li>\n<li><strong>Frameloos ontwerp<\/strong> waardoor ijs, sneeuw en vuil niet aan het glas blijven plakken.<\/li>\n<\/ul>\n<h2>Veelzijdige bevestigingen<\/h2>\n<p>Elke lamp wordt geleverd met twee montageopties voor een flexibele installatie:<\/p>\n<ul>\n<li>Beugel<\/li>\n<li>Voetstuk<\/li>\n<\/ul>\n<p>Deze technologische vooruitgang biedt een superieure verlichtingsoplossing die aan al uw behoeften voldoet, ongeacht de weersomstandigheden of het terrein.<\/p>\n<div><strong>Double Up-functie - BOOST aan:<\/strong><\/div>\n<ul>\n<li>Wanneer u merkt dat u extra lengte in het lichtpatroon van de extra lichten nodig hebt, bijvoorbeeld wanneer u een kleinere landweg oprijdt.<\/li>\n<li>Dan bereikt de Optibeam NIN9 een adembenemende 580m @ 1 Lux<\/li>\n<\/ul>\n<div>Uiteraard kunt u de Double Up Boost-functie desgewenst altijd aan laten staan.<\/div>\n<div>\u00a0<\/div>\n<div><strong>Double Up-functie - BOOST door:<\/strong><\/div>\n<ul>\n<li>Wanneer u het gevoel heeft dat u alleen de breedte van het extra licht nodig hebt en niet de lengte van het lichtbeeld, dan biedt de NIN9: 245 m @ 1 Lux.<\/li>\n<li>Ideaal bij bijvoorbeeld regenachtig of mistig weer.<\/li>\n<\/ul>\n<p>*De lamp heeft een Double Up-functie waarmee de lichtopbrengst kan worden verhoogd wanneer de lichtbehoefte hoog is. De Double Up-functie wordt geactiveerd wanneer de begrenzingsdraad los is of is aangesloten op een schakelaar\/knop.<\/p>\n<\/div>\n<h3><strong>LET OP: Alleen voor 12V<\/strong><\/h3>","protected":false},"excerpt":{"rendered":"<p>Optibeams Runda LED Extraljus: NIN9 Optibeams senaste framsteg inom runda LED extraljus kombinerar avancerad LED-teknologi med v\u00e4rdefulla insikter fr\u00e5n proffs. Dessa lampor erbjuder ett omsorgsfullt utformat ljusm\u00f6nster som optimalt lyser upp b\u00e5de sidorna och l\u00e5ngt fram p\u00e5 v\u00e4gen. NIN9 &#8211; Framst\u00e5ende Prestanda NIN9: Kastl\u00e4ngd p\u00e5 1 lux @ 580 meter. Estetiskt tilltalande m\u00f6rkoptik design med [&hellip;]<\/p>","protected":false},"featured_media":4928,"comment_status":"closed","ping_status":"closed","template":"","meta":{"_acf_changed":false,"_smort_price_nok":"3098","_smort_price_dkk":"1968","_smort_price_eur":"263.62","_smort_sale_price_nok":"","_smort_sale_price_dkk":"","_smort_sale_price_eur":"170.9","smort_restorder":"","shipmondo_restorder":"","_kad_blocks_custom_css":"","_kad_blocks_head_custom_js":"","_kad_blocks_body_custom_js":"","_kad_blocks_footer_custom_js":"","smort_custom_pricelist_1":"1856","smort_custom_pricelist_2":"1624","smort_custom_pricelist_3":"1542.8","smort_custom_pricelist_4":"2320","smort_custom_pricelist_5":"1624"},"anvandningsomrade":[],"bilmarken":[],"product_brand":[107],"product_cat":[142],"product_tag":[],"class_list":{"0":"post-4927","1":"product","2":"type-product","3":"status-publish","4":"has-post-thumbnail","6":"product_brand-optibeam","7":"product_cat-extraljus","8":"pa_faktisk-effekts-forbrukning-153","9":"pa_fargtemperatur-1510","10":"pa_fuktskydd-varde-ipxx-ip68","11":"pa_godkannande-e-godkand-r112-r10-r148-r149-ref-30","12":"pa_lampsockel-kontakt-4-polig-dt-kontakt","13":"pa_ljusbild-driving","14":"pa_storlek-mm-220-x-83","15":"pa_stromforbrukning-1116a-137v","16":"pa_volt-v-9-16","18":"first","19":"instock","20":"taxable","21":"shipping-taxable","22":"purchasable","23":"product-type-simple"},"bundled_by":["9400"],"bundle_stock_status":"instock","bundle_stock_quantity":3,"bundle_virtual":false,"bundle_layout":"","bundle_add_to_cart_form_location":"","bundle_editable_in_cart":false,"bundle_sold_individually_context":"","bundle_item_grouping":"","bundle_min_size":"","bundle_max_size":"","bundle_price":[],"bundled_items":[],"bundle_sell_ids":[],"acf":[],"yoast_head":"<!-- This site is optimized with the Yoast SEO plugin v27.0 - https:\/\/yoast.com\/product\/yoast-seo-wordpress\/ -->\n<title>OPTIBEAM Extraljus Nine9 9&quot; - Xenonkungen<\/title>\n<meta name=\"robots\" content=\"index, follow, max-snippet:-1, max-image-preview:large, max-video-preview:-1\" \/>\n<link rel=\"canonical\" href=\"https:\/\/xenonkungen.com\/nl\/product\/optibeam-extra-licht-nine9-9\/\" \/>\n<meta property=\"og:locale\" content=\"nl_NL\" \/>\n<meta property=\"og:type\" content=\"article\" \/>\n<meta property=\"og:title\" content=\"OPTIBEAM Extraljus Nine9 9&quot; - Xenonkungen\" \/>\n<meta property=\"og:description\" content=\"Optibeams Runda LED Extraljus: NIN9 Optibeams senaste framsteg inom runda LED extraljus kombinerar avancerad LED-teknologi med v\u00e4rdefulla insikter fr\u00e5n proffs. Dessa lampor erbjuder ett omsorgsfullt utformat ljusm\u00f6nster som optimalt lyser upp b\u00e5de sidorna och l\u00e5ngt fram p\u00e5 v\u00e4gen. NIN9 &#8211; Framst\u00e5ende Prestanda NIN9: Kastl\u00e4ngd p\u00e5 1 lux @ 580 meter. Estetiskt tilltalande m\u00f6rkoptik design med [&hellip;]\" \/>\n<meta property=\"og:url\" content=\"https:\/\/xenonkungen.com\/nl\/product\/optibeam-extra-licht-nine9-9\/\" \/>\n<meta property=\"og:site_name\" content=\"Xenonkungen\" \/>\n<meta property=\"article:modified_time\" content=\"2026-04-11T00:39:42+00:00\" \/>\n<meta property=\"og:image\" content=\"https:\/\/xenonkungen.com\/wp-content\/uploads\/2025\/04\/204076251-origpic-9f8c96.jpg\" \/>\n\t<meta property=\"og:image:width\" content=\"1000\" \/>\n\t<meta property=\"og:image:height\" content=\"1000\" \/>\n\t<meta property=\"og:image:type\" content=\"image\/jpeg\" \/>\n<meta name=\"twitter:card\" content=\"summary_large_image\" \/>\n<meta name=\"twitter:label1\" content=\"Geschatte leestijd\" \/>\n\t<meta name=\"twitter:data1\" content=\"1 minuut\" \/>\n<script type=\"application\/ld+json\" class=\"yoast-schema-graph\">{\"@context\":\"https:\/\/schema.org\",\"@graph\":[{\"@type\":\"WebPage\",\"@id\":\"https:\/\/xenonkungen.com\/produkt\/optibeam-extraljus-nine9-9\/\",\"url\":\"https:\/\/xenonkungen.com\/produkt\/optibeam-extraljus-nine9-9\/\",\"name\":\"OPTIBEAM Extraljus Nine9 9\\\" - Xenonkungen\",\"isPartOf\":{\"@id\":\"https:\/\/xenonkungen.com\/#website\"},\"primaryImageOfPage\":{\"@id\":\"https:\/\/xenonkungen.com\/produkt\/optibeam-extraljus-nine9-9\/#primaryimage\"},\"image\":{\"@id\":\"https:\/\/xenonkungen.com\/produkt\/optibeam-extraljus-nine9-9\/#primaryimage\"},\"thumbnailUrl\":\"https:\/\/xenonkungen.com\/wp-content\/uploads\/2025\/04\/204076251-origpic-9f8c96.jpg\",\"datePublished\":\"2025-04-15T09:20:19+00:00\",\"dateModified\":\"2026-04-11T00:39:42+00:00\",\"breadcrumb\":{\"@id\":\"https:\/\/xenonkungen.com\/produkt\/optibeam-extraljus-nine9-9\/#breadcrumb\"},\"inLanguage\":\"nl-NL\",\"potentialAction\":[{\"@type\":\"ReadAction\",\"target\":[\"https:\/\/xenonkungen.com\/produkt\/optibeam-extraljus-nine9-9\/\"]}]},{\"@type\":\"ImageObject\",\"inLanguage\":\"nl-NL\",\"@id\":\"https:\/\/xenonkungen.com\/produkt\/optibeam-extraljus-nine9-9\/#primaryimage\",\"url\":\"https:\/\/xenonkungen.com\/wp-content\/uploads\/2025\/04\/204076251-origpic-9f8c96.jpg\",\"contentUrl\":\"https:\/\/xenonkungen.com\/wp-content\/uploads\/2025\/04\/204076251-origpic-9f8c96.jpg\",\"width\":1000,\"height\":1000},{\"@type\":\"BreadcrumbList\",\"@id\":\"https:\/\/xenonkungen.com\/produkt\/optibeam-extraljus-nine9-9\/#breadcrumb\",\"itemListElement\":[{\"@type\":\"ListItem\",\"position\":1,\"name\":\"Hem\",\"item\":\"https:\/\/xenonkungen.com\/\"},{\"@type\":\"ListItem\",\"position\":2,\"name\":\"Shop\",\"item\":\"https:\/\/xenonkungen.com\/shop\/\"},{\"@type\":\"ListItem\",\"position\":3,\"name\":\"OPTIBEAM Extraljus Nine9 9&#8243;\"}]},{\"@type\":\"WebSite\",\"@id\":\"https:\/\/xenonkungen.com\/#website\",\"url\":\"https:\/\/xenonkungen.com\/\",\"name\":\"Xenonkungen\",\"description\":\"\",\"potentialAction\":[{\"@type\":\"SearchAction\",\"target\":{\"@type\":\"EntryPoint\",\"urlTemplate\":\"https:\/\/xenonkungen.com\/?s={search_term_string}\"},\"query-input\":{\"@type\":\"PropertyValueSpecification\",\"valueRequired\":true,\"valueName\":\"search_term_string\"}}],\"inLanguage\":\"nl-NL\"}]}<\/script>\n<!-- \/ Yoast SEO plugin. -->","yoast_head_json":{"title":"OPTIBEAM Hulplamp Nine9 9&quot; - Xenonkungen","robots":{"index":"index","follow":"follow","max-snippet":"max-snippet:-1","max-image-preview":"max-image-preview:large","max-video-preview":"max-video-preview:-1"},"canonical":"https:\/\/xenonkungen.com\/nl\/product\/optibeam-extra-licht-nine9-9\/","og_locale":"nl_NL","og_type":"article","og_title":"OPTIBEAM Extraljus Nine9 9\" - Xenonkungen","og_description":"Optibeams Runda LED Extraljus: NIN9 Optibeams senaste framsteg inom runda LED extraljus kombinerar avancerad LED-teknologi med v\u00e4rdefulla insikter fr\u00e5n proffs. Dessa lampor erbjuder ett omsorgsfullt utformat ljusm\u00f6nster som optimalt lyser upp b\u00e5de sidorna och l\u00e5ngt fram p\u00e5 v\u00e4gen. NIN9 &#8211; Framst\u00e5ende Prestanda NIN9: Kastl\u00e4ngd p\u00e5 1 lux @ 580 meter. Estetiskt tilltalande m\u00f6rkoptik design med [&hellip;]","og_url":"https:\/\/xenonkungen.com\/nl\/product\/optibeam-extra-licht-nine9-9\/","og_site_name":"Xenonkungen","article_modified_time":"2026-04-11T00:39:42+00:00","og_image":[{"width":1000,"height":1000,"url":"https:\/\/xenonkungen.com\/wp-content\/uploads\/2025\/04\/204076251-origpic-9f8c96.jpg","type":"image\/jpeg"}],"twitter_card":"summary_large_image","twitter_misc":{"Geschatte leestijd":"1 minuut"},"schema":{"@context":"https:\/\/schema.org","@graph":[{"@type":"WebPage","@id":"https:\/\/xenonkungen.com\/produkt\/optibeam-extraljus-nine9-9\/","url":"https:\/\/xenonkungen.com\/produkt\/optibeam-extraljus-nine9-9\/","name":"OPTIBEAM Hulplamp Nine9 9&quot; - Xenonkungen","isPartOf":{"@id":"https:\/\/xenonkungen.com\/#website"},"primaryImageOfPage":{"@id":"https:\/\/xenonkungen.com\/produkt\/optibeam-extraljus-nine9-9\/#primaryimage"},"image":{"@id":"https:\/\/xenonkungen.com\/produkt\/optibeam-extraljus-nine9-9\/#primaryimage"},"thumbnailUrl":"https:\/\/xenonkungen.com\/wp-content\/uploads\/2025\/04\/204076251-origpic-9f8c96.jpg","datePublished":"2025-04-15T09:20:19+00:00","dateModified":"2026-04-11T00:39:42+00:00","breadcrumb":{"@id":"https:\/\/xenonkungen.com\/produkt\/optibeam-extraljus-nine9-9\/#breadcrumb"},"inLanguage":"nl-NL","potentialAction":[{"@type":"ReadAction","target":["https:\/\/xenonkungen.com\/produkt\/optibeam-extraljus-nine9-9\/"]}]},{"@type":"ImageObject","inLanguage":"nl-NL","@id":"https:\/\/xenonkungen.com\/produkt\/optibeam-extraljus-nine9-9\/#primaryimage","url":"https:\/\/xenonkungen.com\/wp-content\/uploads\/2025\/04\/204076251-origpic-9f8c96.jpg","contentUrl":"https:\/\/xenonkungen.com\/wp-content\/uploads\/2025\/04\/204076251-origpic-9f8c96.jpg","width":1000,"height":1000},{"@type":"BreadcrumbList","@id":"https:\/\/xenonkungen.com\/produkt\/optibeam-extraljus-nine9-9\/#breadcrumb","itemListElement":[{"@type":"ListItem","position":1,"name":"Hem","item":"https:\/\/xenonkungen.com\/"},{"@type":"ListItem","position":2,"name":"Shop","item":"https:\/\/xenonkungen.com\/shop\/"},{"@type":"ListItem","position":3,"name":"OPTIBEAM Extraljus Nine9 9&#8243;"}]},{"@type":"WebSite","@id":"https:\/\/xenonkungen.com\/#website","url":"https:\/\/xenonkungen.com\/","name":"Xenonkungen","description":"","potentialAction":[{"@type":"SearchAction","target":{"@type":"EntryPoint","urlTemplate":"https:\/\/xenonkungen.com\/?s={search_term_string}"},"query-input":{"@type":"PropertyValueSpecification","valueRequired":true,"valueName":"search_term_string"}}],"inLanguage":"nl-NL"}]}},"taxonomy_info":{"product_brand":[{"value":107,"label":"Optibeam"}],"product_cat":[{"value":142,"label":"Extraljus"}],"pa_faktisk-effekts-forbrukning":[{"value":153,"label":"284"}],"pa_fargtemperatur":[{"value":1510,"label":"5500"}],"pa_fuktskydd-varde-ipxx":[{"value":177,"label":"IP68"}],"pa_godkannande":[{"value":1512,"label":"E-godk\u00e4nd (R112, R10, R148, R149) ref.30"}],"pa_lampsockel-kontakt":[{"value":1493,"label":"4-polig DT-kontakt"}],"pa_ljusbild":[{"value":178,"label":"Driving"}],"pa_storlek-mm":[{"value":1513,"label":"220 x 83"}],"pa_stromforbrukning":[{"value":1515,"label":"11,16A @ 13,7V"}],"pa_volt-v":[{"value":1514,"label":"9-16"}]},"featured_image_src_large":["https:\/\/xenonkungen.com\/wp-content\/uploads\/2025\/04\/204076251-origpic-9f8c96.jpg",1000,1000,false],"author_info":[],"comment_info":0,"_links":{"self":[{"href":"https:\/\/xenonkungen.com\/nl\/wp-json\/wp\/v2\/product\/4927","targetHints":{"allow":["GET"]}}],"collection":[{"href":"https:\/\/xenonkungen.com\/nl\/wp-json\/wp\/v2\/product"}],"about":[{"href":"https:\/\/xenonkungen.com\/nl\/wp-json\/wp\/v2\/types\/product"}],"replies":[{"embeddable":true,"href":"https:\/\/xenonkungen.com\/nl\/wp-json\/wp\/v2\/comments?post=4927"}],"wp:featuredmedia":[{"embeddable":true,"href":"https:\/\/xenonkungen.com\/nl\/wp-json\/wp\/v2\/media\/4928"}],"wp:attachment":[{"href":"https:\/\/xenonkungen.com\/nl\/wp-json\/wp\/v2\/media?parent=4927"}],"wp:term":[{"taxonomy":"anvandningsomrade","embeddable":true,"href":"https:\/\/xenonkungen.com\/nl\/wp-json\/wp\/v2\/anvandningsomrade?post=4927"},{"taxonomy":"bilmarken","embeddable":true,"href":"https:\/\/xenonkungen.com\/nl\/wp-json\/wp\/v2\/bilmarken?post=4927"},{"taxonomy":"product_brand","embeddable":true,"href":"https:\/\/xenonkungen.com\/nl\/wp-json\/wp\/v2\/product_brand?post=4927"},{"taxonomy":"product_cat","embeddable":true,"href":"https:\/\/xenonkungen.com\/nl\/wp-json\/wp\/v2\/product_cat?post=4927"},{"taxonomy":"product_tag","embeddable":true,"href":"https:\/\/xenonkungen.com\/nl\/wp-json\/wp\/v2\/product_tag?post=4927"}],"curies":[{"name":"wp","href":"https:\/\/api.w.org\/{rel}","templated":true}]}}