{"id":4943,"date":"2025-04-15T09:20:19","date_gmt":"2025-04-15T09:20:19","guid":{"rendered":"https:\/\/xenonkungen.com\/product\/optibeam-super-captain-one-600\/"},"modified":"2026-03-25T14:30:33","modified_gmt":"2026-03-25T13:30:33","slug":"optibeam-super-captain-one-600","status":"publish","type":"product","link":"https:\/\/xenonkungen.com\/nl\/product\/optibeam-super-captain-one-600\/","title":{"rendered":"OPTIBEAM Super Captain ONE 600"},"content":{"rendered":"<h1>OPTIBEAM Super Captain ONE 600 - Onderdeel van het brede assortiment van de Xenon King<\/h1>\n<p>Ontdek <strong>OPTIBEAM Super Captain ONE 600<\/strong>is een van de vele hoogwaardige producten in het brede assortiment van Xenon King. Deze geavanceerde LED-helling vertegenwoordigt een nieuw tijdperk in voertuigverlichting, vooral in het Super Captain-assortiment.<\/p>\n<p>De Super Captain ONE 600 heeft een slank en slank ontwerp dat niet alleen esthetisch is, maar ook de aerodynamica van het voertuig verbetert. Met uitstekende eigenschappen zoals een groot bereik (1 lux op 635 meter) en een optimale kleurtemperatuur van 5000K biedt deze LED-helling een uitzonderlijke en natuurlijke verlichting voor alle soorten autorijden.<\/p>\n<p>Het unieke ontwerp bevat dubbele positieverlichting in zowel oranje als wit, wat de zichtbaarheid verbetert en bijdraagt aan meer veiligheid. Het frameloze ontwerp is niet alleen modern maar ook praktisch, omdat het de ophoping van vuil en andere elementen op de lens voorkomt. Met een helderheid van meer dan 13.300 gemeten lumen is de Super Captain ONE 600 een krachtige lichtbron voor je voertuig.<\/p>\n<p>Met zijn compactheid en geavanceerde functies is de Super Captain ONE 600 een uitstekende keuze voor wie op zoek is naar een combinatie van kracht, stijl en duurzaamheid. Het montagegemak, dankzij de voorgeprepareerde gaten voor stabilisatiestangen, maakt de installatie zowel stabiel als soepel. Het apparaat heeft een referentiecijfer van slechts 30, waarmee het aan de top van zijn klasse staat.<\/p>\n<p><strong>Hier zijn enkele van de indrukwekkende <strong>Garantie:<\/strong><\/strong><\/p>\n<p>De Super Captain ONE 600 wordt aangeboden met een royale garantie van 36 maanden, wat zijn kwaliteit en betrouwbaarheid bevestigt. Ontdek deze en andere verlichtingsoplossingen die deel uitmaken van Xenonkung's uitgebreide assortiment.<\/p>\n<p>&#8221;`<\/p>","protected":false},"excerpt":{"rendered":"<p>De populaire Super Captain-serie is nu uitgebreid met deze vallende ster Optibeam Super Captain One 600<\/p>","protected":false},"featured_media":4944,"comment_status":"closed","ping_status":"closed","template":"","meta":{"_acf_changed":false,"_smort_price_nok":"3733","_smort_price_dkk":"2372","_smort_price_eur":"317.71","_smort_sale_price_nok":"","_smort_sale_price_dkk":"","_smort_sale_price_eur":"","smort_restorder":"","shipmondo_restorder":"","_kad_blocks_custom_css":"","_kad_blocks_head_custom_js":"","_kad_blocks_body_custom_js":"","_kad_blocks_footer_custom_js":"","smort_custom_pricelist_1":"2236.8","smort_custom_pricelist_2":"1957.2","smort_custom_pricelist_3":"1817.4","smort_custom_pricelist_4":"2796","smort_custom_pricelist_5":"1957.2"},"anvandningsomrade":[],"bilmarken":[],"product_brand":[107],"product_cat":[2966,2539,2660,2164],"product_tag":[],"class_list":{"0":"post-4943","1":"product","2":"type-product","3":"status-publish","4":"has-post-thumbnail","6":"product_brand-optibeam","7":"product_cat-ledramp-rak","8":"product_cat-ledramper","9":"product_cat-optibeam-ledramper","10":"product_cat-optibeam-super-captain","11":"pa_fargtemperatur-1486","12":"pa_fuktskydd-varde-ipxx-ip68","13":"pa_godkannande-r149-r148-r10","14":"pa_godkannande-ref-30","15":"pa_lampsockel-kontakt-dtp-kontakt","16":"pa_storlek-mm-534-x-47-x-65","17":"pa_stromforbrukning-11-00-13-7v","18":"pa_volt-v-9-36","20":"first","21":"instock","22":"taxable","23":"shipping-taxable","24":"purchasable","25":"product-type-simple"},"bundled_by":["9614"],"bundle_stock_status":"instock","bundle_stock_quantity":2,"bundle_virtual":false,"bundle_layout":"","bundle_add_to_cart_form_location":"","bundle_editable_in_cart":false,"bundle_sold_individually_context":"","bundle_item_grouping":"","bundle_min_size":"","bundle_max_size":"","bundle_price":[],"bundled_items":[],"bundle_sell_ids":[],"acf":[],"yoast_head":"<!-- This site is optimized with the Yoast SEO plugin v27.0 - https:\/\/yoast.com\/product\/yoast-seo-wordpress\/ -->\n<title>OPTIBEAM Super Captain ONE 600 - Xenonkungen<\/title>\n<meta name=\"robots\" content=\"index, follow, max-snippet:-1, max-image-preview:large, max-video-preview:-1\" \/>\n<link rel=\"canonical\" href=\"https:\/\/xenonkungen.com\/nl\/product\/optibeam-super-captain-one-600\/\" \/>\n<meta property=\"og:locale\" content=\"nl_NL\" \/>\n<meta property=\"og:type\" content=\"article\" \/>\n<meta property=\"og:title\" content=\"OPTIBEAM Super Captain ONE 600 - Xenonkungen\" \/>\n<meta property=\"og:description\" content=\"Popul\u00e4ra Super Captain serien, har nu ut\u00f6kats med detta stj\u00e4rnskottet Optibeam Super Captain One 600\" \/>\n<meta property=\"og:url\" content=\"https:\/\/xenonkungen.com\/nl\/product\/optibeam-super-captain-one-600\/\" \/>\n<meta property=\"og:site_name\" content=\"Xenonkungen\" \/>\n<meta property=\"article:modified_time\" content=\"2026-03-25T13:30:33+00:00\" \/>\n<meta property=\"og:image\" content=\"https:\/\/xenonkungen.com\/wp-content\/uploads\/2025\/04\/207502115-origpic-cce5ed.png\" \/>\n\t<meta property=\"og:image:width\" content=\"1000\" \/>\n\t<meta property=\"og:image:height\" content=\"305\" \/>\n\t<meta property=\"og:image:type\" content=\"image\/png\" \/>\n<meta name=\"twitter:card\" content=\"summary_large_image\" \/>\n<meta name=\"twitter:label1\" content=\"Geschatte leestijd\" \/>\n\t<meta name=\"twitter:data1\" content=\"2 minuten\" \/>\n<script type=\"application\/ld+json\" class=\"yoast-schema-graph\">{\"@context\":\"https:\/\/schema.org\",\"@graph\":[{\"@type\":\"WebPage\",\"@id\":\"https:\/\/xenonkungen.com\/produkt\/optibeam-super-captain-one-600\/\",\"url\":\"https:\/\/xenonkungen.com\/produkt\/optibeam-super-captain-one-600\/\",\"name\":\"OPTIBEAM Super Captain ONE 600 - Xenonkungen\",\"isPartOf\":{\"@id\":\"https:\/\/xenonkungen.com\/#website\"},\"primaryImageOfPage\":{\"@id\":\"https:\/\/xenonkungen.com\/produkt\/optibeam-super-captain-one-600\/#primaryimage\"},\"image\":{\"@id\":\"https:\/\/xenonkungen.com\/produkt\/optibeam-super-captain-one-600\/#primaryimage\"},\"thumbnailUrl\":\"https:\/\/xenonkungen.com\/wp-content\/uploads\/2025\/04\/207502115-origpic-cce5ed.png\",\"datePublished\":\"2025-04-15T09:20:19+00:00\",\"dateModified\":\"2026-03-25T13:30:33+00:00\",\"breadcrumb\":{\"@id\":\"https:\/\/xenonkungen.com\/produkt\/optibeam-super-captain-one-600\/#breadcrumb\"},\"inLanguage\":\"nl-NL\",\"potentialAction\":[{\"@type\":\"ReadAction\",\"target\":[\"https:\/\/xenonkungen.com\/produkt\/optibeam-super-captain-one-600\/\"]}]},{\"@type\":\"ImageObject\",\"inLanguage\":\"nl-NL\",\"@id\":\"https:\/\/xenonkungen.com\/produkt\/optibeam-super-captain-one-600\/#primaryimage\",\"url\":\"https:\/\/xenonkungen.com\/wp-content\/uploads\/2025\/04\/207502115-origpic-cce5ed.png\",\"contentUrl\":\"https:\/\/xenonkungen.com\/wp-content\/uploads\/2025\/04\/207502115-origpic-cce5ed.png\",\"width\":1000,\"height\":305},{\"@type\":\"BreadcrumbList\",\"@id\":\"https:\/\/xenonkungen.com\/produkt\/optibeam-super-captain-one-600\/#breadcrumb\",\"itemListElement\":[{\"@type\":\"ListItem\",\"position\":1,\"name\":\"Hem\",\"item\":\"https:\/\/xenonkungen.com\/\"},{\"@type\":\"ListItem\",\"position\":2,\"name\":\"Shop\",\"item\":\"https:\/\/xenonkungen.com\/shop\/\"},{\"@type\":\"ListItem\",\"position\":3,\"name\":\"OPTIBEAM Super Captain ONE 600\"}]},{\"@type\":\"WebSite\",\"@id\":\"https:\/\/xenonkungen.com\/#website\",\"url\":\"https:\/\/xenonkungen.com\/\",\"name\":\"Xenonkungen\",\"description\":\"\",\"potentialAction\":[{\"@type\":\"SearchAction\",\"target\":{\"@type\":\"EntryPoint\",\"urlTemplate\":\"https:\/\/xenonkungen.com\/?s={search_term_string}\"},\"query-input\":{\"@type\":\"PropertyValueSpecification\",\"valueRequired\":true,\"valueName\":\"search_term_string\"}}],\"inLanguage\":\"nl-NL\"}]}<\/script>\n<!-- \/ Yoast SEO plugin. -->","yoast_head_json":{"title":"OPTIBEAM Super Captain ONE 600 - De Xenon Koning","robots":{"index":"index","follow":"follow","max-snippet":"max-snippet:-1","max-image-preview":"max-image-preview:large","max-video-preview":"max-video-preview:-1"},"canonical":"https:\/\/xenonkungen.com\/nl\/product\/optibeam-super-captain-one-600\/","og_locale":"nl_NL","og_type":"article","og_title":"OPTIBEAM Super Captain ONE 600 - Xenonkungen","og_description":"Popul\u00e4ra Super Captain serien, har nu ut\u00f6kats med detta stj\u00e4rnskottet Optibeam Super Captain One 600","og_url":"https:\/\/xenonkungen.com\/nl\/product\/optibeam-super-captain-one-600\/","og_site_name":"Xenonkungen","article_modified_time":"2026-03-25T13:30:33+00:00","og_image":[{"width":1000,"height":305,"url":"https:\/\/xenonkungen.com\/wp-content\/uploads\/2025\/04\/207502115-origpic-cce5ed.png","type":"image\/png"}],"twitter_card":"summary_large_image","twitter_misc":{"Geschatte leestijd":"2 minuten"},"schema":{"@context":"https:\/\/schema.org","@graph":[{"@type":"WebPage","@id":"https:\/\/xenonkungen.com\/produkt\/optibeam-super-captain-one-600\/","url":"https:\/\/xenonkungen.com\/produkt\/optibeam-super-captain-one-600\/","name":"OPTIBEAM Super Captain ONE 600 - De Xenon Koning","isPartOf":{"@id":"https:\/\/xenonkungen.com\/#website"},"primaryImageOfPage":{"@id":"https:\/\/xenonkungen.com\/produkt\/optibeam-super-captain-one-600\/#primaryimage"},"image":{"@id":"https:\/\/xenonkungen.com\/produkt\/optibeam-super-captain-one-600\/#primaryimage"},"thumbnailUrl":"https:\/\/xenonkungen.com\/wp-content\/uploads\/2025\/04\/207502115-origpic-cce5ed.png","datePublished":"2025-04-15T09:20:19+00:00","dateModified":"2026-03-25T13:30:33+00:00","breadcrumb":{"@id":"https:\/\/xenonkungen.com\/produkt\/optibeam-super-captain-one-600\/#breadcrumb"},"inLanguage":"nl-NL","potentialAction":[{"@type":"ReadAction","target":["https:\/\/xenonkungen.com\/produkt\/optibeam-super-captain-one-600\/"]}]},{"@type":"ImageObject","inLanguage":"nl-NL","@id":"https:\/\/xenonkungen.com\/produkt\/optibeam-super-captain-one-600\/#primaryimage","url":"https:\/\/xenonkungen.com\/wp-content\/uploads\/2025\/04\/207502115-origpic-cce5ed.png","contentUrl":"https:\/\/xenonkungen.com\/wp-content\/uploads\/2025\/04\/207502115-origpic-cce5ed.png","width":1000,"height":305},{"@type":"BreadcrumbList","@id":"https:\/\/xenonkungen.com\/produkt\/optibeam-super-captain-one-600\/#breadcrumb","itemListElement":[{"@type":"ListItem","position":1,"name":"Hem","item":"https:\/\/xenonkungen.com\/"},{"@type":"ListItem","position":2,"name":"Shop","item":"https:\/\/xenonkungen.com\/shop\/"},{"@type":"ListItem","position":3,"name":"OPTIBEAM Super Captain ONE 600"}]},{"@type":"WebSite","@id":"https:\/\/xenonkungen.com\/#website","url":"https:\/\/xenonkungen.com\/","name":"Xenonkungen","description":"","potentialAction":[{"@type":"SearchAction","target":{"@type":"EntryPoint","urlTemplate":"https:\/\/xenonkungen.com\/?s={search_term_string}"},"query-input":{"@type":"PropertyValueSpecification","valueRequired":true,"valueName":"search_term_string"}}],"inLanguage":"nl-NL"}]}},"taxonomy_info":{"product_brand":[{"value":107,"label":"Optibeam"}],"product_cat":[{"value":2966,"label":"Ledramp Rak"},{"value":2539,"label":"LEDRAMPER"},{"value":2660,"label":"Optibeam"},{"value":2164,"label":"OPTIBEAM Super Captain"}],"pa_fargtemperatur":[{"value":1486,"label":"5000"}],"pa_fuktskydd-varde-ipxx":[{"value":177,"label":"IP68"}],"pa_godkannande":[{"value":1523,"label":"R149, R148, R10"},{"value":1490,"label":"Ref. 30"}],"pa_lampsockel-kontakt":[{"value":1522,"label":"DTP-kontakt"}],"pa_storlek-mm":[{"value":1520,"label":"534 x 47 x 65"}],"pa_stromforbrukning":[{"value":1521,"label":"11.00 @ 13.7V"}],"pa_volt-v":[{"value":1444,"label":"9-36"}]},"featured_image_src_large":["https:\/\/xenonkungen.com\/wp-content\/uploads\/2025\/04\/207502115-origpic-cce5ed.png",1000,305,false],"author_info":[],"comment_info":0,"_links":{"self":[{"href":"https:\/\/xenonkungen.com\/nl\/wp-json\/wp\/v2\/product\/4943","targetHints":{"allow":["GET"]}}],"collection":[{"href":"https:\/\/xenonkungen.com\/nl\/wp-json\/wp\/v2\/product"}],"about":[{"href":"https:\/\/xenonkungen.com\/nl\/wp-json\/wp\/v2\/types\/product"}],"replies":[{"embeddable":true,"href":"https:\/\/xenonkungen.com\/nl\/wp-json\/wp\/v2\/comments?post=4943"}],"wp:featuredmedia":[{"embeddable":true,"href":"https:\/\/xenonkungen.com\/nl\/wp-json\/wp\/v2\/media\/4944"}],"wp:attachment":[{"href":"https:\/\/xenonkungen.com\/nl\/wp-json\/wp\/v2\/media?parent=4943"}],"wp:term":[{"taxonomy":"anvandningsomrade","embeddable":true,"href":"https:\/\/xenonkungen.com\/nl\/wp-json\/wp\/v2\/anvandningsomrade?post=4943"},{"taxonomy":"bilmarken","embeddable":true,"href":"https:\/\/xenonkungen.com\/nl\/wp-json\/wp\/v2\/bilmarken?post=4943"},{"taxonomy":"product_brand","embeddable":true,"href":"https:\/\/xenonkungen.com\/nl\/wp-json\/wp\/v2\/product_brand?post=4943"},{"taxonomy":"product_cat","embeddable":true,"href":"https:\/\/xenonkungen.com\/nl\/wp-json\/wp\/v2\/product_cat?post=4943"},{"taxonomy":"product_tag","embeddable":true,"href":"https:\/\/xenonkungen.com\/nl\/wp-json\/wp\/v2\/product_tag?post=4943"}],"curies":[{"name":"wp","href":"https:\/\/api.w.org\/{rel}","templated":true}]}}