{"id":4963,"date":"2025-04-15T09:21:10","date_gmt":"2025-04-15T09:21:10","guid":{"rendered":"https:\/\/xenonkungen.com\/product\/optibeam-super-captain-dual-600-curved\/"},"modified":"2026-03-25T14:04:23","modified_gmt":"2026-03-25T13:04:23","slug":"optibeam-super-captain-dual-600-curved","status":"publish","type":"product","link":"https:\/\/xenonkungen.com\/nl\/product\/optibeam-super-captain-dual-600-curved\/","title":{"rendered":"OPTIBEAM Super Captain Dual 600 Gebogen"},"content":{"rendered":"<section class=\"product-description\">\n<h1>Optibeam Super Captain Dual 600 - de LED-lichtbalk die kracht en stijl combineert!<\/h1>\n<p>Ga het donker in met <strong>Optibeam Super Captain Dual 600<\/strong> - een innovatieve LED-lichtbalk die je een uitstekende helderheid en duurzaamheid geeft, of je nu over landwegen, door bossen of over uitdagend terrein rijdt. Met een ontwerp dat zowel presteert als visueel indruk maakt, is dit de lichtbalk voor diegenen die geen compromissen willen sluiten.<\/p>\n<h2>Waarom kiezen voor Optibeam Super Captain Dual 600?<\/h2>\n<ul>\n<li><strong>Maximale helderheid:<\/strong> Met 21.000 lumen en een bereik van 1 lux op 787 meter krijg je een krachtig licht dat door de duisternis snijdt en je verder en helderder dan ooit laat zien.<\/li>\n<li><strong>Aanpasbare positielichten:<\/strong> Geef je voertuig een persoonlijk tintje met positielichten die kunnen schakelen tussen stijlvol wit en opvallend oranje - perfect voor zowel functie als design.<\/li>\n<li><strong>Duurzaam en veelzijdig:<\/strong> Gebouwd om de zwaarste weersomstandigheden te weerstaan en aangepast voor voertuigen met een spanningsbereik van 9-36 V, waardoor hij ideaal is voor personenauto's, werkvoertuigen en off-road enthousiastelingen.<\/li>\n<li><strong>Betrouwbare kwaliteit:<\/strong> Uitgerust met 24 krachtige LED's die een lange levensduur en constante prestaties onder alle omstandigheden garanderen.<\/li>\n<\/ul>\n<h2>Kracht ontmoet stijl<\/h2>\n<p>Het gebogen ontwerp van de <strong>Optibeam Super Captain Dual 600<\/strong> zorgt niet alleen voor een maximale lichtverspreiding, maar geeft je voertuig ook een moderne en stijlvolle look. Het is meer dan alleen een hulpmiddel - het maakt deel uit van je stijl.<\/p>\n<p><strong>Technisch<\/p>","protected":false},"excerpt":{"rendered":"<p>Optibeam Super Captain Dual 600 \u2013 LED-ljusrampen som kombinerar kraft och stil! Ge dig ut i m\u00f6rkret med Optibeam Super Captain Dual 600 \u2013 en innovativ LED-ljusramp som ger dig enast\u00e5ende ljusstyrka och h\u00e5llbarhet, oavsett om du k\u00f6r p\u00e5 landsv\u00e4gar, genom skogar eller i kr\u00e4vande terr\u00e4ng. Med en design som b\u00e5de presterar och imponerar visuellt, [&hellip;]<\/p>","protected":false},"featured_media":4964,"comment_status":"closed","ping_status":"open","template":"","meta":{"_acf_changed":false,"_smort_price_nok":"4668","_smort_price_dkk":"2965","_smort_price_eur":"397.25","_smort_sale_price_nok":"","_smort_sale_price_dkk":"","_smort_sale_price_eur":"","smort_restorder":"","shipmondo_restorder":"","_kad_blocks_custom_css":"","_kad_blocks_head_custom_js":"","_kad_blocks_body_custom_js":"","_kad_blocks_footer_custom_js":"","smort_custom_pricelist_1":"2796.8","smort_custom_pricelist_2":"2447.2","smort_custom_pricelist_3":"2272.4","smort_custom_pricelist_4":"3496","smort_custom_pricelist_5":"2447.2"},"anvandningsomrade":[],"bilmarken":[],"product_brand":[107],"product_cat":[2967,2539,2660,2164],"product_tag":[],"class_list":{"0":"post-4963","1":"product","2":"type-product","3":"status-publish","4":"has-post-thumbnail","6":"product_brand-optibeam","7":"product_cat-ledramp-curved","8":"product_cat-ledramper","9":"product_cat-optibeam-ledramper","10":"product_cat-optibeam-super-captain","11":"pa_fargtemperatur-1486","12":"pa_fuktskydd-varde-ipxx-ip68","13":"pa_godkannande-e-godkand-r148-r149-r10-ref-30","14":"pa_lampsockel-kontakt-open-wire","15":"pa_storlek-mm-525x685x80","16":"pa_stromforbrukning-2277a-137v","17":"pa_volt-v-9-36","19":"first","20":"onbackorder","21":"taxable","22":"shipping-taxable","23":"purchasable","24":"product-type-simple"},"bundled_by":[],"bundle_stock_status":"onbackorder","bundle_stock_quantity":0,"bundle_virtual":false,"bundle_layout":"","bundle_add_to_cart_form_location":"","bundle_editable_in_cart":false,"bundle_sold_individually_context":"","bundle_item_grouping":"","bundle_min_size":"","bundle_max_size":"","bundle_price":[],"bundled_items":[],"bundle_sell_ids":[],"acf":[],"yoast_head":"<!-- This site is optimized with the Yoast SEO plugin v27.0 - https:\/\/yoast.com\/product\/yoast-seo-wordpress\/ -->\n<title>OPTIBEAM Super Captain Dual 600 Curved - Xenonkungen<\/title>\n<meta name=\"robots\" content=\"index, follow, max-snippet:-1, max-image-preview:large, max-video-preview:-1\" \/>\n<link rel=\"canonical\" href=\"https:\/\/xenonkungen.com\/nl\/product\/optibeam-super-captain-dual-600-curved\/\" \/>\n<meta property=\"og:locale\" content=\"nl_NL\" \/>\n<meta property=\"og:type\" content=\"article\" \/>\n<meta property=\"og:title\" content=\"OPTIBEAM Super Captain Dual 600 Curved - Xenonkungen\" \/>\n<meta property=\"og:description\" content=\"Optibeam Super Captain Dual 600 \u2013 LED-ljusrampen som kombinerar kraft och stil! Ge dig ut i m\u00f6rkret med Optibeam Super Captain Dual 600 \u2013 en innovativ LED-ljusramp som ger dig enast\u00e5ende ljusstyrka och h\u00e5llbarhet, oavsett om du k\u00f6r p\u00e5 landsv\u00e4gar, genom skogar eller i kr\u00e4vande terr\u00e4ng. Med en design som b\u00e5de presterar och imponerar visuellt, [&hellip;]\" \/>\n<meta property=\"og:url\" content=\"https:\/\/xenonkungen.com\/nl\/product\/optibeam-super-captain-dual-600-curved\/\" \/>\n<meta property=\"og:site_name\" content=\"Xenonkungen\" \/>\n<meta property=\"article:modified_time\" content=\"2026-03-25T13:04:23+00:00\" \/>\n<meta property=\"og:image\" content=\"https:\/\/xenonkungen.com\/wp-content\/uploads\/2025\/04\/216526711-origpic-cf45fd-scaled.webp\" \/>\n\t<meta property=\"og:image:width\" content=\"2560\" \/>\n\t<meta property=\"og:image:height\" content=\"2560\" \/>\n\t<meta property=\"og:image:type\" content=\"image\/webp\" \/>\n<meta name=\"twitter:card\" content=\"summary_large_image\" \/>\n<meta name=\"twitter:label1\" content=\"Geschatte leestijd\" \/>\n\t<meta name=\"twitter:data1\" content=\"1 minuut\" \/>\n<script type=\"application\/ld+json\" class=\"yoast-schema-graph\">{\"@context\":\"https:\/\/schema.org\",\"@graph\":[{\"@type\":\"WebPage\",\"@id\":\"https:\/\/xenonkungen.com\/produkt\/optibeam-super-captain-dual-600-curved\/\",\"url\":\"https:\/\/xenonkungen.com\/produkt\/optibeam-super-captain-dual-600-curved\/\",\"name\":\"OPTIBEAM Super Captain Dual 600 Curved - Xenonkungen\",\"isPartOf\":{\"@id\":\"https:\/\/xenonkungen.com\/#website\"},\"primaryImageOfPage\":{\"@id\":\"https:\/\/xenonkungen.com\/produkt\/optibeam-super-captain-dual-600-curved\/#primaryimage\"},\"image\":{\"@id\":\"https:\/\/xenonkungen.com\/produkt\/optibeam-super-captain-dual-600-curved\/#primaryimage\"},\"thumbnailUrl\":\"https:\/\/xenonkungen.com\/wp-content\/uploads\/2025\/04\/216526711-origpic-cf45fd-scaled.webp\",\"datePublished\":\"2025-04-15T09:21:10+00:00\",\"dateModified\":\"2026-03-25T13:04:23+00:00\",\"breadcrumb\":{\"@id\":\"https:\/\/xenonkungen.com\/produkt\/optibeam-super-captain-dual-600-curved\/#breadcrumb\"},\"inLanguage\":\"nl-NL\",\"potentialAction\":[{\"@type\":\"ReadAction\",\"target\":[\"https:\/\/xenonkungen.com\/produkt\/optibeam-super-captain-dual-600-curved\/\"]}]},{\"@type\":\"ImageObject\",\"inLanguage\":\"nl-NL\",\"@id\":\"https:\/\/xenonkungen.com\/produkt\/optibeam-super-captain-dual-600-curved\/#primaryimage\",\"url\":\"https:\/\/xenonkungen.com\/wp-content\/uploads\/2025\/04\/216526711-origpic-cf45fd-scaled.webp\",\"contentUrl\":\"https:\/\/xenonkungen.com\/wp-content\/uploads\/2025\/04\/216526711-origpic-cf45fd-scaled.webp\",\"width\":2560,\"height\":2560},{\"@type\":\"BreadcrumbList\",\"@id\":\"https:\/\/xenonkungen.com\/produkt\/optibeam-super-captain-dual-600-curved\/#breadcrumb\",\"itemListElement\":[{\"@type\":\"ListItem\",\"position\":1,\"name\":\"Hem\",\"item\":\"https:\/\/xenonkungen.com\/\"},{\"@type\":\"ListItem\",\"position\":2,\"name\":\"Shop\",\"item\":\"https:\/\/xenonkungen.com\/shop\/\"},{\"@type\":\"ListItem\",\"position\":3,\"name\":\"OPTIBEAM Super Captain Dual 600 Curved\"}]},{\"@type\":\"WebSite\",\"@id\":\"https:\/\/xenonkungen.com\/#website\",\"url\":\"https:\/\/xenonkungen.com\/\",\"name\":\"Xenonkungen\",\"description\":\"\",\"potentialAction\":[{\"@type\":\"SearchAction\",\"target\":{\"@type\":\"EntryPoint\",\"urlTemplate\":\"https:\/\/xenonkungen.com\/?s={search_term_string}\"},\"query-input\":{\"@type\":\"PropertyValueSpecification\",\"valueRequired\":true,\"valueName\":\"search_term_string\"}}],\"inLanguage\":\"nl-NL\"}]}<\/script>\n<!-- \/ Yoast SEO plugin. -->","yoast_head_json":{"title":"OPTIBEAM Super Captain Dual 600 Curved - De Xenon-koning","robots":{"index":"index","follow":"follow","max-snippet":"max-snippet:-1","max-image-preview":"max-image-preview:large","max-video-preview":"max-video-preview:-1"},"canonical":"https:\/\/xenonkungen.com\/nl\/product\/optibeam-super-captain-dual-600-curved\/","og_locale":"nl_NL","og_type":"article","og_title":"OPTIBEAM Super Captain Dual 600 Curved - Xenonkungen","og_description":"Optibeam Super Captain Dual 600 \u2013 LED-ljusrampen som kombinerar kraft och stil! Ge dig ut i m\u00f6rkret med Optibeam Super Captain Dual 600 \u2013 en innovativ LED-ljusramp som ger dig enast\u00e5ende ljusstyrka och h\u00e5llbarhet, oavsett om du k\u00f6r p\u00e5 landsv\u00e4gar, genom skogar eller i kr\u00e4vande terr\u00e4ng. Med en design som b\u00e5de presterar och imponerar visuellt, [&hellip;]","og_url":"https:\/\/xenonkungen.com\/nl\/product\/optibeam-super-captain-dual-600-curved\/","og_site_name":"Xenonkungen","article_modified_time":"2026-03-25T13:04:23+00:00","og_image":[{"width":2560,"height":2560,"url":"https:\/\/xenonkungen.com\/wp-content\/uploads\/2025\/04\/216526711-origpic-cf45fd-scaled.webp","type":"image\/webp"}],"twitter_card":"summary_large_image","twitter_misc":{"Geschatte leestijd":"1 minuut"},"schema":{"@context":"https:\/\/schema.org","@graph":[{"@type":"WebPage","@id":"https:\/\/xenonkungen.com\/produkt\/optibeam-super-captain-dual-600-curved\/","url":"https:\/\/xenonkungen.com\/produkt\/optibeam-super-captain-dual-600-curved\/","name":"OPTIBEAM Super Captain Dual 600 Curved - De Xenon-koning","isPartOf":{"@id":"https:\/\/xenonkungen.com\/#website"},"primaryImageOfPage":{"@id":"https:\/\/xenonkungen.com\/produkt\/optibeam-super-captain-dual-600-curved\/#primaryimage"},"image":{"@id":"https:\/\/xenonkungen.com\/produkt\/optibeam-super-captain-dual-600-curved\/#primaryimage"},"thumbnailUrl":"https:\/\/xenonkungen.com\/wp-content\/uploads\/2025\/04\/216526711-origpic-cf45fd-scaled.webp","datePublished":"2025-04-15T09:21:10+00:00","dateModified":"2026-03-25T13:04:23+00:00","breadcrumb":{"@id":"https:\/\/xenonkungen.com\/produkt\/optibeam-super-captain-dual-600-curved\/#breadcrumb"},"inLanguage":"nl-NL","potentialAction":[{"@type":"ReadAction","target":["https:\/\/xenonkungen.com\/produkt\/optibeam-super-captain-dual-600-curved\/"]}]},{"@type":"ImageObject","inLanguage":"nl-NL","@id":"https:\/\/xenonkungen.com\/produkt\/optibeam-super-captain-dual-600-curved\/#primaryimage","url":"https:\/\/xenonkungen.com\/wp-content\/uploads\/2025\/04\/216526711-origpic-cf45fd-scaled.webp","contentUrl":"https:\/\/xenonkungen.com\/wp-content\/uploads\/2025\/04\/216526711-origpic-cf45fd-scaled.webp","width":2560,"height":2560},{"@type":"BreadcrumbList","@id":"https:\/\/xenonkungen.com\/produkt\/optibeam-super-captain-dual-600-curved\/#breadcrumb","itemListElement":[{"@type":"ListItem","position":1,"name":"Hem","item":"https:\/\/xenonkungen.com\/"},{"@type":"ListItem","position":2,"name":"Shop","item":"https:\/\/xenonkungen.com\/shop\/"},{"@type":"ListItem","position":3,"name":"OPTIBEAM Super Captain Dual 600 Curved"}]},{"@type":"WebSite","@id":"https:\/\/xenonkungen.com\/#website","url":"https:\/\/xenonkungen.com\/","name":"Xenonkungen","description":"","potentialAction":[{"@type":"SearchAction","target":{"@type":"EntryPoint","urlTemplate":"https:\/\/xenonkungen.com\/?s={search_term_string}"},"query-input":{"@type":"PropertyValueSpecification","valueRequired":true,"valueName":"search_term_string"}}],"inLanguage":"nl-NL"}]}},"taxonomy_info":{"product_brand":[{"value":107,"label":"Optibeam"}],"product_cat":[{"value":2967,"label":"Ledramp Curved"},{"value":2539,"label":"LEDRAMPER"},{"value":2660,"label":"Optibeam"},{"value":2164,"label":"OPTIBEAM Super Captain"}],"pa_fargtemperatur":[{"value":1486,"label":"5000"}],"pa_fuktskydd-varde-ipxx":[{"value":177,"label":"IP68"}],"pa_godkannande":[{"value":1527,"label":"E-godk\u00e4nd (R148, R149, R10) ref.30"}],"pa_lampsockel-kontakt":[{"value":324,"label":"Open Wire"}],"pa_storlek-mm":[{"value":1525,"label":"525x68,5x80"}],"pa_stromforbrukning":[{"value":1526,"label":"22,77A @13,7V"}],"pa_volt-v":[{"value":1444,"label":"9-36"}]},"featured_image_src_large":["https:\/\/xenonkungen.com\/wp-content\/uploads\/2025\/04\/216526711-origpic-cf45fd-1024x1024.webp",1024,1024,true],"author_info":[],"comment_info":0,"_links":{"self":[{"href":"https:\/\/xenonkungen.com\/nl\/wp-json\/wp\/v2\/product\/4963","targetHints":{"allow":["GET"]}}],"collection":[{"href":"https:\/\/xenonkungen.com\/nl\/wp-json\/wp\/v2\/product"}],"about":[{"href":"https:\/\/xenonkungen.com\/nl\/wp-json\/wp\/v2\/types\/product"}],"replies":[{"embeddable":true,"href":"https:\/\/xenonkungen.com\/nl\/wp-json\/wp\/v2\/comments?post=4963"}],"wp:featuredmedia":[{"embeddable":true,"href":"https:\/\/xenonkungen.com\/nl\/wp-json\/wp\/v2\/media\/4964"}],"wp:attachment":[{"href":"https:\/\/xenonkungen.com\/nl\/wp-json\/wp\/v2\/media?parent=4963"}],"wp:term":[{"taxonomy":"anvandningsomrade","embeddable":true,"href":"https:\/\/xenonkungen.com\/nl\/wp-json\/wp\/v2\/anvandningsomrade?post=4963"},{"taxonomy":"bilmarken","embeddable":true,"href":"https:\/\/xenonkungen.com\/nl\/wp-json\/wp\/v2\/bilmarken?post=4963"},{"taxonomy":"product_brand","embeddable":true,"href":"https:\/\/xenonkungen.com\/nl\/wp-json\/wp\/v2\/product_brand?post=4963"},{"taxonomy":"product_cat","embeddable":true,"href":"https:\/\/xenonkungen.com\/nl\/wp-json\/wp\/v2\/product_cat?post=4963"},{"taxonomy":"product_tag","embeddable":true,"href":"https:\/\/xenonkungen.com\/nl\/wp-json\/wp\/v2\/product_tag?post=4963"}],"curies":[{"name":"wp","href":"https:\/\/api.w.org\/{rel}","templated":true}]}}