{"id":5073,"date":"2025-04-15T09:22:45","date_gmt":"2025-04-15T09:22:45","guid":{"rendered":"https:\/\/xenonkungen.com\/product\/positionsljus-optibeam-dark-phantom-181ame-gul\/"},"modified":"2026-04-17T14:52:26","modified_gmt":"2026-04-17T13:52:26","slug":"positielicht-optibeam-donker-fantoom-181ame-geel","status":"publish","type":"product","link":"https:\/\/xenonkungen.com\/nl\/product\/positielicht-optibeam-donker-fantoom-181ame-geel\/","title":{"rendered":"Positielicht, Optibeam Dark Phantom, 181AME, Geel"},"content":{"rendered":"<h2>Compact formaat - Stijlvol ontwerp - Extreme duurzaamheid - Optimale zichtbaarheid<\/h2>\n<p>Optibeam Dark Phantom positielichten zijn de perfecte oplossing voor alle voertuigen, van zwaar bouwmaterieel tot aanhangwagens en meer. Met hun slanke en moderne ontwerp passen ze naadloos in elk oppervlak, terwijl ze krachtige verlichting leveren die onder alle omstandigheden zichtbaar is.<\/p>\n<p>Waar je ze ook monteert, ze geven je voertuig een professionele en elegante uitstraling.<br \/><strong>Upgrade je apparatuur met lampen die presteren en indruk maken!<\/strong><\/p>\n<p>Beschrijving:<\/p>\n<ul>\n<li>Zijmarkeringslichten<\/li>\n<li>Verzonken montage<\/li>\n<li>Discreet ontwerp<\/li>\n<li>Convexe rookkleurige lens<\/li>\n<li>EPDM pakking \u00f8 19\/27,5 mm<\/li>\n<li>Blisterverpakking<\/li>\n<\/ul>\n<p>Garantie: 3 jaar<\/p>","protected":false},"excerpt":{"rendered":"<p>\u2013 Zijmarkeringslichten<br \/>\n- Verzonken montage<br \/>\n- Discreet ontwerp<br \/>\n- Convexe rookkleurige lens<br \/>\n- EPDM pakking \u00f8 19\/27,5 mm<br \/>\n- Blisterverpakking<\/p>","protected":false},"featured_media":5074,"comment_status":"closed","ping_status":"open","template":"","meta":{"_acf_changed":false,"_smort_price_nok":"192","_smort_price_dkk":"122","_smort_price_eur":"16.36","_smort_sale_price_nok":"","_smort_sale_price_dkk":"","_smort_sale_price_eur":"","smort_restorder":"","shipmondo_restorder":"","_kad_blocks_custom_css":"","_kad_blocks_head_custom_js":"","_kad_blocks_body_custom_js":"","_kad_blocks_footer_custom_js":"","smort_custom_pricelist_1":"115.2","smort_custom_pricelist_2":"100.8","smort_custom_pricelist_3":"93.6","smort_custom_pricelist_4":"144","smort_custom_pricelist_5":"100.8"},"anvandningsomrade":[166,238,2816],"bilmarken":[],"product_brand":[107],"product_cat":[2478],"product_tag":[],"class_list":{"0":"post-5073","1":"product","2":"type-product","3":"status-publish","4":"has-post-thumbnail","6":"anvandningsomrade-lastbil","7":"anvandningsomrade-slap","8":"anvandningsomrade-trailer","9":"product_brand-optibeam","10":"product_cat-positionsljus-slap","11":"pa_fargtemperatur-gul","12":"pa_fuktskydd-varde-ipxx-ip67","13":"pa_godkannande-ece-r148-ece-r10","14":"pa_lampsockel-kontakt-2-polig-oppen-ledning","15":"pa_storlek-mm-1890-x-1620","16":"pa_stromforbrukning-003a-138v-003a-28v","17":"pa_volt-v-8-32","19":"first","20":"onbackorder","21":"taxable","22":"shipping-taxable","23":"purchasable","24":"product-type-simple"},"bundled_by":[],"bundle_stock_status":"onbackorder","bundle_stock_quantity":-14,"bundle_virtual":false,"bundle_layout":"","bundle_add_to_cart_form_location":"","bundle_editable_in_cart":false,"bundle_sold_individually_context":"","bundle_item_grouping":"","bundle_min_size":"","bundle_max_size":"","bundle_price":[],"bundled_items":[],"bundle_sell_ids":[],"acf":[],"yoast_head":"<!-- This site is optimized with the Yoast SEO plugin v27.0 - https:\/\/yoast.com\/product\/yoast-seo-wordpress\/ -->\n<title>Positionsljus, Optibeam Dark Phantom, 181AME ,Gul - Xenonkungen<\/title>\n<meta name=\"robots\" content=\"index, follow, max-snippet:-1, max-image-preview:large, max-video-preview:-1\" \/>\n<link rel=\"canonical\" href=\"https:\/\/xenonkungen.com\/nl\/product\/positielicht-optibeam-donker-fantoom-181ame-geel\/\" \/>\n<meta property=\"og:locale\" content=\"nl_NL\" \/>\n<meta property=\"og:type\" content=\"article\" \/>\n<meta property=\"og:title\" content=\"Positionsljus, Optibeam Dark Phantom, 181AME ,Gul - Xenonkungen\" \/>\n<meta property=\"og:description\" content=\"- Sidomarkeringsljus - Inf\u00e4lld montering - Diskret design - Konvex r\u00f6kf\u00e4rgad lins - EPDM-packning \u00f8 19\/27,5 mm - Blisterf\u00f6rpackad\" \/>\n<meta property=\"og:url\" content=\"https:\/\/xenonkungen.com\/nl\/product\/positielicht-optibeam-donker-fantoom-181ame-geel\/\" \/>\n<meta property=\"og:site_name\" content=\"Xenonkungen\" \/>\n<meta property=\"article:modified_time\" content=\"2026-04-17T13:52:26+00:00\" \/>\n<meta property=\"og:image\" content=\"https:\/\/xenonkungen.com\/wp-content\/uploads\/2025\/04\/215887733-origpic-031cb7.png\" \/>\n\t<meta property=\"og:image:width\" content=\"800\" \/>\n\t<meta property=\"og:image:height\" content=\"600\" \/>\n\t<meta property=\"og:image:type\" content=\"image\/png\" \/>\n<meta name=\"twitter:card\" content=\"summary_large_image\" \/>\n<meta name=\"twitter:label1\" content=\"Geschatte leestijd\" \/>\n\t<meta name=\"twitter:data1\" content=\"1 minuut\" \/>\n<script type=\"application\/ld+json\" class=\"yoast-schema-graph\">{\"@context\":\"https:\/\/schema.org\",\"@graph\":[{\"@type\":\"WebPage\",\"@id\":\"https:\/\/xenonkungen.com\/produkt\/positionsljus-optibeam-dark-phantom-181ame-gul\/\",\"url\":\"https:\/\/xenonkungen.com\/produkt\/positionsljus-optibeam-dark-phantom-181ame-gul\/\",\"name\":\"Positionsljus, Optibeam Dark Phantom, 181AME ,Gul - Xenonkungen\",\"isPartOf\":{\"@id\":\"https:\/\/xenonkungen.com\/#website\"},\"primaryImageOfPage\":{\"@id\":\"https:\/\/xenonkungen.com\/produkt\/positionsljus-optibeam-dark-phantom-181ame-gul\/#primaryimage\"},\"image\":{\"@id\":\"https:\/\/xenonkungen.com\/produkt\/positionsljus-optibeam-dark-phantom-181ame-gul\/#primaryimage\"},\"thumbnailUrl\":\"https:\/\/xenonkungen.com\/wp-content\/uploads\/2025\/04\/215887733-origpic-031cb7.png\",\"datePublished\":\"2025-04-15T09:22:45+00:00\",\"dateModified\":\"2026-04-17T13:52:26+00:00\",\"breadcrumb\":{\"@id\":\"https:\/\/xenonkungen.com\/produkt\/positionsljus-optibeam-dark-phantom-181ame-gul\/#breadcrumb\"},\"inLanguage\":\"nl-NL\",\"potentialAction\":[{\"@type\":\"ReadAction\",\"target\":[\"https:\/\/xenonkungen.com\/produkt\/positionsljus-optibeam-dark-phantom-181ame-gul\/\"]}]},{\"@type\":\"ImageObject\",\"inLanguage\":\"nl-NL\",\"@id\":\"https:\/\/xenonkungen.com\/produkt\/positionsljus-optibeam-dark-phantom-181ame-gul\/#primaryimage\",\"url\":\"https:\/\/xenonkungen.com\/wp-content\/uploads\/2025\/04\/215887733-origpic-031cb7.png\",\"contentUrl\":\"https:\/\/xenonkungen.com\/wp-content\/uploads\/2025\/04\/215887733-origpic-031cb7.png\",\"width\":800,\"height\":600},{\"@type\":\"BreadcrumbList\",\"@id\":\"https:\/\/xenonkungen.com\/produkt\/positionsljus-optibeam-dark-phantom-181ame-gul\/#breadcrumb\",\"itemListElement\":[{\"@type\":\"ListItem\",\"position\":1,\"name\":\"Hem\",\"item\":\"https:\/\/xenonkungen.com\/\"},{\"@type\":\"ListItem\",\"position\":2,\"name\":\"Shop\",\"item\":\"https:\/\/xenonkungen.com\/shop\/\"},{\"@type\":\"ListItem\",\"position\":3,\"name\":\"Positionsljus, Optibeam Dark Phantom, 181AME ,Gul\"}]},{\"@type\":\"WebSite\",\"@id\":\"https:\/\/xenonkungen.com\/#website\",\"url\":\"https:\/\/xenonkungen.com\/\",\"name\":\"Xenonkungen\",\"description\":\"\",\"potentialAction\":[{\"@type\":\"SearchAction\",\"target\":{\"@type\":\"EntryPoint\",\"urlTemplate\":\"https:\/\/xenonkungen.com\/?s={search_term_string}\"},\"query-input\":{\"@type\":\"PropertyValueSpecification\",\"valueRequired\":true,\"valueName\":\"search_term_string\"}}],\"inLanguage\":\"nl-NL\"}]}<\/script>\n<!-- \/ Yoast SEO plugin. -->","yoast_head_json":{"title":"Positielicht, Optibeam Dark Phantom, 181AME, Geel - Xenonkungen","robots":{"index":"index","follow":"follow","max-snippet":"max-snippet:-1","max-image-preview":"max-image-preview:large","max-video-preview":"max-video-preview:-1"},"canonical":"https:\/\/xenonkungen.com\/nl\/product\/positielicht-optibeam-donker-fantoom-181ame-geel\/","og_locale":"nl_NL","og_type":"article","og_title":"Positionsljus, Optibeam Dark Phantom, 181AME ,Gul - Xenonkungen","og_description":"- Sidomarkeringsljus - Inf\u00e4lld montering - Diskret design - Konvex r\u00f6kf\u00e4rgad lins - EPDM-packning \u00f8 19\/27,5 mm - Blisterf\u00f6rpackad","og_url":"https:\/\/xenonkungen.com\/nl\/product\/positielicht-optibeam-donker-fantoom-181ame-geel\/","og_site_name":"Xenonkungen","article_modified_time":"2026-04-17T13:52:26+00:00","og_image":[{"width":800,"height":600,"url":"https:\/\/xenonkungen.com\/wp-content\/uploads\/2025\/04\/215887733-origpic-031cb7.png","type":"image\/png"}],"twitter_card":"summary_large_image","twitter_misc":{"Geschatte leestijd":"1 minuut"},"schema":{"@context":"https:\/\/schema.org","@graph":[{"@type":"WebPage","@id":"https:\/\/xenonkungen.com\/produkt\/positionsljus-optibeam-dark-phantom-181ame-gul\/","url":"https:\/\/xenonkungen.com\/produkt\/positionsljus-optibeam-dark-phantom-181ame-gul\/","name":"Positielicht, Optibeam Dark Phantom, 181AME, Geel - Xenonkungen","isPartOf":{"@id":"https:\/\/xenonkungen.com\/#website"},"primaryImageOfPage":{"@id":"https:\/\/xenonkungen.com\/produkt\/positionsljus-optibeam-dark-phantom-181ame-gul\/#primaryimage"},"image":{"@id":"https:\/\/xenonkungen.com\/produkt\/positionsljus-optibeam-dark-phantom-181ame-gul\/#primaryimage"},"thumbnailUrl":"https:\/\/xenonkungen.com\/wp-content\/uploads\/2025\/04\/215887733-origpic-031cb7.png","datePublished":"2025-04-15T09:22:45+00:00","dateModified":"2026-04-17T13:52:26+00:00","breadcrumb":{"@id":"https:\/\/xenonkungen.com\/produkt\/positionsljus-optibeam-dark-phantom-181ame-gul\/#breadcrumb"},"inLanguage":"nl-NL","potentialAction":[{"@type":"ReadAction","target":["https:\/\/xenonkungen.com\/produkt\/positionsljus-optibeam-dark-phantom-181ame-gul\/"]}]},{"@type":"ImageObject","inLanguage":"nl-NL","@id":"https:\/\/xenonkungen.com\/produkt\/positionsljus-optibeam-dark-phantom-181ame-gul\/#primaryimage","url":"https:\/\/xenonkungen.com\/wp-content\/uploads\/2025\/04\/215887733-origpic-031cb7.png","contentUrl":"https:\/\/xenonkungen.com\/wp-content\/uploads\/2025\/04\/215887733-origpic-031cb7.png","width":800,"height":600},{"@type":"BreadcrumbList","@id":"https:\/\/xenonkungen.com\/produkt\/positionsljus-optibeam-dark-phantom-181ame-gul\/#breadcrumb","itemListElement":[{"@type":"ListItem","position":1,"name":"Hem","item":"https:\/\/xenonkungen.com\/"},{"@type":"ListItem","position":2,"name":"Shop","item":"https:\/\/xenonkungen.com\/shop\/"},{"@type":"ListItem","position":3,"name":"Positionsljus, Optibeam Dark Phantom, 181AME ,Gul"}]},{"@type":"WebSite","@id":"https:\/\/xenonkungen.com\/#website","url":"https:\/\/xenonkungen.com\/","name":"Xenonkungen","description":"","potentialAction":[{"@type":"SearchAction","target":{"@type":"EntryPoint","urlTemplate":"https:\/\/xenonkungen.com\/?s={search_term_string}"},"query-input":{"@type":"PropertyValueSpecification","valueRequired":true,"valueName":"search_term_string"}}],"inLanguage":"nl-NL"}]}},"taxonomy_info":{"anvandningsomrade":[{"value":166,"label":"Lastbil"},{"value":238,"label":"SL\u00c4P"},{"value":2816,"label":"TRAILER"}],"product_brand":[{"value":107,"label":"Optibeam"}],"product_cat":[{"value":2478,"label":"Positionsljus"}],"pa_fargtemperatur":[{"value":1579,"label":"Gul"}],"pa_fuktskydd-varde-ipxx":[{"value":333,"label":"IP67"}],"pa_godkannande":[{"value":1583,"label":"ECE R148, ECE R10"}],"pa_lampsockel-kontakt":[{"value":1582,"label":"2-polig \u00f6ppen ledning"}],"pa_storlek-mm":[{"value":1578,"label":"18,90 x 16,20"}],"pa_stromforbrukning":[{"value":1581,"label":"0,03A @ 13,8V \/ 0,03A @ 28V"}],"pa_volt-v":[{"value":1580,"label":"8-32"}]},"featured_image_src_large":["https:\/\/xenonkungen.com\/wp-content\/uploads\/2025\/04\/215887733-origpic-031cb7.png",800,600,false],"author_info":[],"comment_info":0,"_links":{"self":[{"href":"https:\/\/xenonkungen.com\/nl\/wp-json\/wp\/v2\/product\/5073","targetHints":{"allow":["GET"]}}],"collection":[{"href":"https:\/\/xenonkungen.com\/nl\/wp-json\/wp\/v2\/product"}],"about":[{"href":"https:\/\/xenonkungen.com\/nl\/wp-json\/wp\/v2\/types\/product"}],"replies":[{"embeddable":true,"href":"https:\/\/xenonkungen.com\/nl\/wp-json\/wp\/v2\/comments?post=5073"}],"wp:featuredmedia":[{"embeddable":true,"href":"https:\/\/xenonkungen.com\/nl\/wp-json\/wp\/v2\/media\/5074"}],"wp:attachment":[{"href":"https:\/\/xenonkungen.com\/nl\/wp-json\/wp\/v2\/media?parent=5073"}],"wp:term":[{"taxonomy":"anvandningsomrade","embeddable":true,"href":"https:\/\/xenonkungen.com\/nl\/wp-json\/wp\/v2\/anvandningsomrade?post=5073"},{"taxonomy":"bilmarken","embeddable":true,"href":"https:\/\/xenonkungen.com\/nl\/wp-json\/wp\/v2\/bilmarken?post=5073"},{"taxonomy":"product_brand","embeddable":true,"href":"https:\/\/xenonkungen.com\/nl\/wp-json\/wp\/v2\/product_brand?post=5073"},{"taxonomy":"product_cat","embeddable":true,"href":"https:\/\/xenonkungen.com\/nl\/wp-json\/wp\/v2\/product_cat?post=5073"},{"taxonomy":"product_tag","embeddable":true,"href":"https:\/\/xenonkungen.com\/nl\/wp-json\/wp\/v2\/product_tag?post=5073"}],"curies":[{"name":"wp","href":"https:\/\/api.w.org\/{rel}","templated":true}]}}