{"id":5087,"date":"2025-04-15T09:22:45","date_gmt":"2025-04-15T09:22:45","guid":{"rendered":"https:\/\/xenonkungen.com\/product\/aspock-tail-lamp-europoint-iii-right\/"},"modified":"2026-04-24T17:46:08","modified_gmt":"2026-04-24T16:46:08","slug":"aspock-achterlicht-europoint-iii-rechts","status":"publish","type":"product","link":"https:\/\/xenonkungen.com\/nl\/product\/aspock-achterlicht-europoint-iii-rechts\/","title":{"rendered":"Asp\u00f6ck Achterlicht Europoint III Rechts"},"content":{"rendered":"<h1>Asp\u00f6ck Europoint III Achterlicht<\/h1>\n<p>Vernieuw uw aanhangwagen met de innovatieve <strong>Asp\u00f6ck Europoint III<\/strong>, een baanbrekend achterlicht dat geavanceerde technologie, duurzaamheid en een stijlvol design combineert. Het is speciaal ontworpen voor zware aanhangers en biedt zowel veiligheid als betrouwbaarheid van wereldklasse.<\/p>\n<h2>Wat maakt Europoint III uniek?<\/h2>\n<ul>\n<li><strong>Baanbrekende lichtgeleidertechnologie:<\/strong> Het eerste achterlicht met glasvezel, ge\u00efnspireerd op de auto-industrie, voor een krachtig en modern lichtpatroon.<\/li>\n<li><strong>Flexibele LED-montage:<\/strong> Eenvoudige montage van een flexibele LED-markeringslamp voor buitencontouren.<\/li>\n<li><strong>Slimme verbinding:<\/strong> Vooraf bedraad met een 7-pins Asp\u00f6ck ASS2.1 centrale aansluiting, waarbij 6 pinnen zijn ge\u00efnstalleerd en de mogelijkheid bestaat om een 7e pin toe te voegen.<\/li>\n<li><strong>Compacte afmetingen:<\/strong> Geschikt voor zware aanhangers met afmetingen van 400 x 153 x 88 mm.<\/li>\n<li><strong>ADR goedgekeurd:<\/strong> Voldoet aan alle veiligheidseisen voor het transport van gevaarlijke goederen.<\/li>\n<\/ul>\n<p>*Europoint III* is meer dan alleen een achterlicht \u2013 het is een investering in veiligheid, zichtbaarheid en een professionele uitstraling voor uw aanhanger.<\/p>\n<h2>Compatibele OEM-nummers<\/h2>\n<ul>\n<li><span>257400501<\/span><\/li>\n<li><span><span>257400507<\/span><\/span><\/li>\n<\/ul>","protected":false},"excerpt":{"rendered":"<p>Asp\u00f6ck Europoint III Baklykta F\u00f6rnya ditt sl\u00e4p med den innovativa Asp\u00f6ck Europoint III, en banbrytande baklykta som f\u00f6renar avancerad teknik, h\u00e5llbarhet och stilren design. Den \u00e4r speciellt framtagen f\u00f6r tungt sl\u00e4p och levererar b\u00e5de s\u00e4kerhet och p\u00e5litlighet i v\u00e4rldsklass. Vad g\u00f6r Europoint III unik? Banbrytande ljusledarteknik: F\u00f6rsta baklyktan med fiberoptik, inspirerad av bilindustrin, f\u00f6r en [&hellip;]<\/p>","protected":false},"featured_media":5088,"comment_status":"closed","ping_status":"open","template":"","meta":{"_acf_changed":false,"_smort_price_nok":"1810","_smort_price_dkk":"1150","_smort_price_eur":"154.08","_smort_sale_price_nok":"","_smort_sale_price_dkk":"","_smort_sale_price_eur":"","smort_restorder":"","shipmondo_restorder":"","_kad_blocks_custom_css":"","_kad_blocks_head_custom_js":"","_kad_blocks_body_custom_js":"","_kad_blocks_footer_custom_js":"","smort_custom_pricelist_1":"1084.8","smort_custom_pricelist_2":"949.2","smort_custom_pricelist_3":"949.2","smort_custom_pricelist_4":"1356","smort_custom_pricelist_5":"949.2"},"anvandningsomrade":[166,238,2816],"bilmarken":[],"product_brand":[1649],"product_cat":[3052,3048,2552],"product_tag":[],"class_list":{"0":"post-5087","1":"product","2":"type-product","3":"status-publish","4":"has-post-thumbnail","6":"anvandningsomrade-lastbil","7":"anvandningsomrade-slap","8":"anvandningsomrade-trailer","9":"product_brand-aspock","10":"product_cat-bakljus-aspock","11":"product_cat-bakljus-kombination-rektangular","12":"product_cat-bakljus-slap","13":"pa_godkannande-adr-godkand","14":"pa_lampsockel-kontakt-forkopplad-med-en-7-polig-aspock-ass2-1-central-anslutning","15":"pa_storlek-mm-400x153x88","16":"pa_volt-v-160","18":"first","19":"instock","20":"taxable","21":"shipping-taxable","22":"purchasable","23":"product-type-simple"},"bundled_by":[],"bundle_stock_status":"instock","bundle_stock_quantity":2,"bundle_virtual":false,"bundle_layout":"","bundle_add_to_cart_form_location":"","bundle_editable_in_cart":false,"bundle_sold_individually_context":"","bundle_item_grouping":"","bundle_min_size":"","bundle_max_size":"","bundle_price":[],"bundled_items":[],"bundle_sell_ids":[],"acf":[],"yoast_head":"<!-- This site is optimized with the Yoast SEO plugin v27.0 - https:\/\/yoast.com\/product\/yoast-seo-wordpress\/ -->\n<title>Asp\u00f6ck Tail Lamp Europoint III Right - Xenonkungen<\/title>\n<meta name=\"robots\" content=\"index, follow, max-snippet:-1, max-image-preview:large, max-video-preview:-1\" \/>\n<link rel=\"canonical\" href=\"https:\/\/xenonkungen.com\/nl\/product\/aspock-achterlicht-europoint-iii-rechts\/\" \/>\n<meta property=\"og:locale\" content=\"nl_NL\" \/>\n<meta property=\"og:type\" content=\"article\" \/>\n<meta property=\"og:title\" content=\"Asp\u00f6ck Tail Lamp Europoint III Right - Xenonkungen\" \/>\n<meta property=\"og:description\" content=\"Asp\u00f6ck Europoint III Baklykta F\u00f6rnya ditt sl\u00e4p med den innovativa Asp\u00f6ck Europoint III, en banbrytande baklykta som f\u00f6renar avancerad teknik, h\u00e5llbarhet och stilren design. Den \u00e4r speciellt framtagen f\u00f6r tungt sl\u00e4p och levererar b\u00e5de s\u00e4kerhet och p\u00e5litlighet i v\u00e4rldsklass. Vad g\u00f6r Europoint III unik? Banbrytande ljusledarteknik: F\u00f6rsta baklyktan med fiberoptik, inspirerad av bilindustrin, f\u00f6r en [&hellip;]\" \/>\n<meta property=\"og:url\" content=\"https:\/\/xenonkungen.com\/nl\/product\/aspock-achterlicht-europoint-iii-rechts\/\" \/>\n<meta property=\"og:site_name\" content=\"Xenonkungen\" \/>\n<meta property=\"article:modified_time\" content=\"2026-04-24T16:46:08+00:00\" \/>\n<meta property=\"og:image\" content=\"https:\/\/xenonkungen.com\/wp-content\/uploads\/2025\/04\/217669109-origpic-e6ee25.jpg\" \/>\n\t<meta property=\"og:image:width\" content=\"800\" \/>\n\t<meta property=\"og:image:height\" content=\"600\" \/>\n\t<meta property=\"og:image:type\" content=\"image\/jpeg\" \/>\n<meta name=\"twitter:card\" content=\"summary_large_image\" \/>\n<meta name=\"twitter:label1\" content=\"Geschatte leestijd\" \/>\n\t<meta name=\"twitter:data1\" content=\"1 minuut\" \/>\n<script type=\"application\/ld+json\" class=\"yoast-schema-graph\">{\"@context\":\"https:\/\/schema.org\",\"@graph\":[{\"@type\":\"WebPage\",\"@id\":\"https:\/\/xenonkungen.com\/produkt\/aspock-tail-lamp-europoint-iii-right\/\",\"url\":\"https:\/\/xenonkungen.com\/produkt\/aspock-tail-lamp-europoint-iii-right\/\",\"name\":\"Asp\u00f6ck Tail Lamp Europoint III Right - Xenonkungen\",\"isPartOf\":{\"@id\":\"https:\/\/xenonkungen.com\/#website\"},\"primaryImageOfPage\":{\"@id\":\"https:\/\/xenonkungen.com\/produkt\/aspock-tail-lamp-europoint-iii-right\/#primaryimage\"},\"image\":{\"@id\":\"https:\/\/xenonkungen.com\/produkt\/aspock-tail-lamp-europoint-iii-right\/#primaryimage\"},\"thumbnailUrl\":\"https:\/\/xenonkungen.com\/wp-content\/uploads\/2025\/04\/217669109-origpic-e6ee25.jpg\",\"datePublished\":\"2025-04-15T09:22:45+00:00\",\"dateModified\":\"2026-04-24T16:46:08+00:00\",\"breadcrumb\":{\"@id\":\"https:\/\/xenonkungen.com\/produkt\/aspock-tail-lamp-europoint-iii-right\/#breadcrumb\"},\"inLanguage\":\"nl-NL\",\"potentialAction\":[{\"@type\":\"ReadAction\",\"target\":[\"https:\/\/xenonkungen.com\/produkt\/aspock-tail-lamp-europoint-iii-right\/\"]}]},{\"@type\":\"ImageObject\",\"inLanguage\":\"nl-NL\",\"@id\":\"https:\/\/xenonkungen.com\/produkt\/aspock-tail-lamp-europoint-iii-right\/#primaryimage\",\"url\":\"https:\/\/xenonkungen.com\/wp-content\/uploads\/2025\/04\/217669109-origpic-e6ee25.jpg\",\"contentUrl\":\"https:\/\/xenonkungen.com\/wp-content\/uploads\/2025\/04\/217669109-origpic-e6ee25.jpg\",\"width\":800,\"height\":600},{\"@type\":\"BreadcrumbList\",\"@id\":\"https:\/\/xenonkungen.com\/produkt\/aspock-tail-lamp-europoint-iii-right\/#breadcrumb\",\"itemListElement\":[{\"@type\":\"ListItem\",\"position\":1,\"name\":\"Hem\",\"item\":\"https:\/\/xenonkungen.com\/\"},{\"@type\":\"ListItem\",\"position\":2,\"name\":\"Shop\",\"item\":\"https:\/\/xenonkungen.com\/shop\/\"},{\"@type\":\"ListItem\",\"position\":3,\"name\":\"Asp\u00f6ck Tail Lamp Europoint III Right\"}]},{\"@type\":\"WebSite\",\"@id\":\"https:\/\/xenonkungen.com\/#website\",\"url\":\"https:\/\/xenonkungen.com\/\",\"name\":\"Xenonkungen\",\"description\":\"\",\"potentialAction\":[{\"@type\":\"SearchAction\",\"target\":{\"@type\":\"EntryPoint\",\"urlTemplate\":\"https:\/\/xenonkungen.com\/?s={search_term_string}\"},\"query-input\":{\"@type\":\"PropertyValueSpecification\",\"valueRequired\":true,\"valueName\":\"search_term_string\"}}],\"inLanguage\":\"nl-NL\"}]}<\/script>\n<!-- \/ Yoast SEO plugin. -->","yoast_head_json":{"title":"Asp\u00f6ck achterlicht Europoint III rechts - De Xenon Koning","robots":{"index":"index","follow":"follow","max-snippet":"max-snippet:-1","max-image-preview":"max-image-preview:large","max-video-preview":"max-video-preview:-1"},"canonical":"https:\/\/xenonkungen.com\/nl\/product\/aspock-achterlicht-europoint-iii-rechts\/","og_locale":"nl_NL","og_type":"article","og_title":"Asp\u00f6ck Tail Lamp Europoint III Right - Xenonkungen","og_description":"Asp\u00f6ck Europoint III Baklykta F\u00f6rnya ditt sl\u00e4p med den innovativa Asp\u00f6ck Europoint III, en banbrytande baklykta som f\u00f6renar avancerad teknik, h\u00e5llbarhet och stilren design. Den \u00e4r speciellt framtagen f\u00f6r tungt sl\u00e4p och levererar b\u00e5de s\u00e4kerhet och p\u00e5litlighet i v\u00e4rldsklass. Vad g\u00f6r Europoint III unik? Banbrytande ljusledarteknik: F\u00f6rsta baklyktan med fiberoptik, inspirerad av bilindustrin, f\u00f6r en [&hellip;]","og_url":"https:\/\/xenonkungen.com\/nl\/product\/aspock-achterlicht-europoint-iii-rechts\/","og_site_name":"Xenonkungen","article_modified_time":"2026-04-24T16:46:08+00:00","og_image":[{"width":800,"height":600,"url":"https:\/\/xenonkungen.com\/wp-content\/uploads\/2025\/04\/217669109-origpic-e6ee25.jpg","type":"image\/jpeg"}],"twitter_card":"summary_large_image","twitter_misc":{"Geschatte leestijd":"1 minuut"},"schema":{"@context":"https:\/\/schema.org","@graph":[{"@type":"WebPage","@id":"https:\/\/xenonkungen.com\/produkt\/aspock-tail-lamp-europoint-iii-right\/","url":"https:\/\/xenonkungen.com\/produkt\/aspock-tail-lamp-europoint-iii-right\/","name":"Asp\u00f6ck achterlicht Europoint III rechts - De Xenon Koning","isPartOf":{"@id":"https:\/\/xenonkungen.com\/#website"},"primaryImageOfPage":{"@id":"https:\/\/xenonkungen.com\/produkt\/aspock-tail-lamp-europoint-iii-right\/#primaryimage"},"image":{"@id":"https:\/\/xenonkungen.com\/produkt\/aspock-tail-lamp-europoint-iii-right\/#primaryimage"},"thumbnailUrl":"https:\/\/xenonkungen.com\/wp-content\/uploads\/2025\/04\/217669109-origpic-e6ee25.jpg","datePublished":"2025-04-15T09:22:45+00:00","dateModified":"2026-04-24T16:46:08+00:00","breadcrumb":{"@id":"https:\/\/xenonkungen.com\/produkt\/aspock-tail-lamp-europoint-iii-right\/#breadcrumb"},"inLanguage":"nl-NL","potentialAction":[{"@type":"ReadAction","target":["https:\/\/xenonkungen.com\/produkt\/aspock-tail-lamp-europoint-iii-right\/"]}]},{"@type":"ImageObject","inLanguage":"nl-NL","@id":"https:\/\/xenonkungen.com\/produkt\/aspock-tail-lamp-europoint-iii-right\/#primaryimage","url":"https:\/\/xenonkungen.com\/wp-content\/uploads\/2025\/04\/217669109-origpic-e6ee25.jpg","contentUrl":"https:\/\/xenonkungen.com\/wp-content\/uploads\/2025\/04\/217669109-origpic-e6ee25.jpg","width":800,"height":600},{"@type":"BreadcrumbList","@id":"https:\/\/xenonkungen.com\/produkt\/aspock-tail-lamp-europoint-iii-right\/#breadcrumb","itemListElement":[{"@type":"ListItem","position":1,"name":"Hem","item":"https:\/\/xenonkungen.com\/"},{"@type":"ListItem","position":2,"name":"Shop","item":"https:\/\/xenonkungen.com\/shop\/"},{"@type":"ListItem","position":3,"name":"Asp\u00f6ck Tail Lamp Europoint III Right"}]},{"@type":"WebSite","@id":"https:\/\/xenonkungen.com\/#website","url":"https:\/\/xenonkungen.com\/","name":"Xenonkungen","description":"","potentialAction":[{"@type":"SearchAction","target":{"@type":"EntryPoint","urlTemplate":"https:\/\/xenonkungen.com\/?s={search_term_string}"},"query-input":{"@type":"PropertyValueSpecification","valueRequired":true,"valueName":"search_term_string"}}],"inLanguage":"nl-NL"}]}},"taxonomy_info":{"anvandningsomrade":[{"value":166,"label":"Lastbil"},{"value":238,"label":"SL\u00c4P"},{"value":2816,"label":"TRAILER"}],"product_brand":[{"value":1649,"label":"Asp\u00f6ck"}],"product_cat":[{"value":3052,"label":"Bakljus Asp\u00f6ck"},{"value":3048,"label":"Bakljus Kombination Rektangul\u00e4r"},{"value":2552,"label":"Bakljus"}],"pa_godkannande":[{"value":1587,"label":"ADR-godk\u00e4nd"}],"pa_lampsockel-kontakt":[{"value":1586,"label":"F\u00f6rkopplad med en 7-polig Asp\u00f6ck ASS2.1 central anslutning"}],"pa_storlek-mm":[{"value":1585,"label":"400x153x88"}],"pa_volt-v":[{"value":160,"label":"24"}]},"featured_image_src_large":["https:\/\/xenonkungen.com\/wp-content\/uploads\/2025\/04\/217669109-origpic-e6ee25.jpg",800,600,false],"author_info":[],"comment_info":0,"_links":{"self":[{"href":"https:\/\/xenonkungen.com\/nl\/wp-json\/wp\/v2\/product\/5087","targetHints":{"allow":["GET"]}}],"collection":[{"href":"https:\/\/xenonkungen.com\/nl\/wp-json\/wp\/v2\/product"}],"about":[{"href":"https:\/\/xenonkungen.com\/nl\/wp-json\/wp\/v2\/types\/product"}],"replies":[{"embeddable":true,"href":"https:\/\/xenonkungen.com\/nl\/wp-json\/wp\/v2\/comments?post=5087"}],"wp:featuredmedia":[{"embeddable":true,"href":"https:\/\/xenonkungen.com\/nl\/wp-json\/wp\/v2\/media\/5088"}],"wp:attachment":[{"href":"https:\/\/xenonkungen.com\/nl\/wp-json\/wp\/v2\/media?parent=5087"}],"wp:term":[{"taxonomy":"anvandningsomrade","embeddable":true,"href":"https:\/\/xenonkungen.com\/nl\/wp-json\/wp\/v2\/anvandningsomrade?post=5087"},{"taxonomy":"bilmarken","embeddable":true,"href":"https:\/\/xenonkungen.com\/nl\/wp-json\/wp\/v2\/bilmarken?post=5087"},{"taxonomy":"product_brand","embeddable":true,"href":"https:\/\/xenonkungen.com\/nl\/wp-json\/wp\/v2\/product_brand?post=5087"},{"taxonomy":"product_cat","embeddable":true,"href":"https:\/\/xenonkungen.com\/nl\/wp-json\/wp\/v2\/product_cat?post=5087"},{"taxonomy":"product_tag","embeddable":true,"href":"https:\/\/xenonkungen.com\/nl\/wp-json\/wp\/v2\/product_tag?post=5087"}],"curies":[{"name":"wp","href":"https:\/\/api.w.org\/{rel}","templated":true}]}}