{"id":5143,"date":"2025-04-15T09:23:19","date_gmt":"2025-04-15T09:23:19","guid":{"rendered":"https:\/\/xenonkungen.com\/product\/baklampor-101bar2-12v-2-pack\/"},"modified":"2026-04-11T00:36:59","modified_gmt":"2026-04-10T23:36:59","slug":"achterlichten-101bar2-12v-2-pack","status":"publish","type":"product","link":"https:\/\/xenonkungen.com\/nl\/product\/achterlichten-101bar2-12v-2-pack\/","title":{"rendered":"Achtergrondverlichting 101BAR2 12V | 2-pak"},"content":{"rendered":"<p>LED-achterlichten voor buitenmontage in een set van twee.<\/p>\n<p>Vierkant achterlicht met remlicht, achterlicht, richtingaanwijzers en ge\u00efntegreerde reflector in het midden van de lamp voor optimale zichtbaarheid. <\/p>\n<p>Gemaakt met 8 diodes, laag stroomverbruik en bedoeld voor 12V. <br \/>Gemaakt met verzegelde elektronica, acryllens, zwart frame, ABS-voet en een vaste kabel met een lengte van 40 cm voor optimale duurzaamheid. Opbouwmontage met een laag profiel en een diepte van 22 mm, lamphouder met ge\u00efntegreerde lichtreclame is beschikbaar als aanvulling. <br \/>Het achterlicht is schokbestendig, stofdicht en 100% waterdicht.<\/p>","protected":false},"excerpt":{"rendered":"<p>Een klein, krachtig combinatie-achterlicht van 100x100mm voor een zeer goede prijs. <\/p>\n<p><strong> Aangepast voor 12V<\/strong><\/p>\n<p><strong>Achterlichten, remlichten, richtingaanwijzers en reflectoren<\/strong><\/p>\n<p><strong>Laag energieverbruik<\/strong><\/p>\n<p><strong>IP67<\/strong><\/p>\n<p><strong>Goedgekeurd volgens: ECE, EMC, ADR, R1, S1, E9, 2A, 1A<\/strong><\/p>","protected":false},"featured_media":5144,"comment_status":"closed","ping_status":"open","template":"","meta":{"_acf_changed":false,"_smort_price_nok":"668","_smort_price_dkk":"424","_smort_price_eur":"56.82","_smort_sale_price_nok":"","_smort_sale_price_dkk":"","_smort_sale_price_eur":"","smort_restorder":"","shipmondo_restorder":"","_kad_blocks_custom_css":"","_kad_blocks_head_custom_js":"","_kad_blocks_body_custom_js":"","_kad_blocks_footer_custom_js":"","smort_custom_pricelist_1":"376.96","smort_custom_pricelist_2":"329.84","smort_custom_pricelist_3":"306.28","smort_custom_pricelist_4":"471.2","smort_custom_pricelist_5":"329.84"},"anvandningsomrade":[166,238,2816],"bilmarken":[],"product_brand":[1252],"product_cat":[2552],"product_tag":[],"class_list":{"0":"post-5143","1":"product","2":"type-product","3":"status-publish","4":"has-post-thumbnail","6":"anvandningsomrade-lastbil","7":"anvandningsomrade-slap","8":"anvandningsomrade-trailer","9":"product_brand-lea","10":"product_cat-bakljus-slap","11":"pa_fuktskydd-varde-ipxx-ip67","12":"pa_godkannande-ece-emc-adr-r1-s1-e9-2a-1a","13":"pa_storlek-mm-100x100x22","14":"pa_volt-v-159","16":"first","17":"instock","18":"taxable","19":"shipping-taxable","20":"purchasable","21":"product-type-simple"},"bundled_by":[],"bundle_stock_status":"instock","bundle_stock_quantity":3,"bundle_virtual":false,"bundle_layout":"","bundle_add_to_cart_form_location":"","bundle_editable_in_cart":false,"bundle_sold_individually_context":"","bundle_item_grouping":"","bundle_min_size":"","bundle_max_size":"","bundle_price":[],"bundled_items":[],"bundle_sell_ids":[],"acf":[],"yoast_head":"<!-- This site is optimized with the Yoast SEO plugin v27.0 - https:\/\/yoast.com\/product\/yoast-seo-wordpress\/ -->\n<title>Baklampor 101BAR2 12V | 2-pack - Xenonkungen<\/title>\n<meta name=\"robots\" content=\"index, follow, max-snippet:-1, max-image-preview:large, max-video-preview:-1\" \/>\n<link rel=\"canonical\" href=\"https:\/\/xenonkungen.com\/nl\/product\/achterlichten-101bar2-12v-2-pack\/\" \/>\n<meta property=\"og:locale\" content=\"nl_NL\" \/>\n<meta property=\"og:type\" content=\"article\" \/>\n<meta property=\"og:title\" content=\"Baklampor 101BAR2 12V | 2-pack - Xenonkungen\" \/>\n<meta property=\"og:description\" content=\"Ett litet kraftigt Kombinationsbakljus 100x100mm till ett riktigt bra pris. Anpassat f\u00f6r 12VBakljus, stoppljus, blinkers och reflexL\u00e5g energif\u00f6rbrukningIP67Godk\u00e4nd enligt: ECE, EMC, ADR, R1, S1, E9, 2A, 1A\" \/>\n<meta property=\"og:url\" content=\"https:\/\/xenonkungen.com\/nl\/product\/achterlichten-101bar2-12v-2-pack\/\" \/>\n<meta property=\"og:site_name\" content=\"Xenonkungen\" \/>\n<meta property=\"article:modified_time\" content=\"2026-04-10T23:36:59+00:00\" \/>\n<meta property=\"og:image\" content=\"https:\/\/xenonkungen.com\/wp-content\/uploads\/2025\/04\/14050731-origpic-3e6ad8.jpg\" \/>\n\t<meta property=\"og:image:width\" content=\"800\" \/>\n\t<meta property=\"og:image:height\" content=\"800\" \/>\n\t<meta property=\"og:image:type\" content=\"image\/jpeg\" \/>\n<meta name=\"twitter:card\" content=\"summary_large_image\" \/>\n<meta name=\"twitter:label1\" content=\"Geschatte leestijd\" \/>\n\t<meta name=\"twitter:data1\" content=\"1 minuut\" \/>\n<script type=\"application\/ld+json\" class=\"yoast-schema-graph\">{\"@context\":\"https:\/\/schema.org\",\"@graph\":[{\"@type\":\"WebPage\",\"@id\":\"https:\/\/xenonkungen.com\/produkt\/baklampor-101bar2-12v-2-pack\/\",\"url\":\"https:\/\/xenonkungen.com\/produkt\/baklampor-101bar2-12v-2-pack\/\",\"name\":\"Baklampor 101BAR2 12V | 2-pack - Xenonkungen\",\"isPartOf\":{\"@id\":\"https:\/\/xenonkungen.com\/#website\"},\"primaryImageOfPage\":{\"@id\":\"https:\/\/xenonkungen.com\/produkt\/baklampor-101bar2-12v-2-pack\/#primaryimage\"},\"image\":{\"@id\":\"https:\/\/xenonkungen.com\/produkt\/baklampor-101bar2-12v-2-pack\/#primaryimage\"},\"thumbnailUrl\":\"https:\/\/xenonkungen.com\/wp-content\/uploads\/2025\/04\/14050731-origpic-3e6ad8.jpg\",\"datePublished\":\"2025-04-15T09:23:19+00:00\",\"dateModified\":\"2026-04-10T23:36:59+00:00\",\"breadcrumb\":{\"@id\":\"https:\/\/xenonkungen.com\/produkt\/baklampor-101bar2-12v-2-pack\/#breadcrumb\"},\"inLanguage\":\"nl-NL\",\"potentialAction\":[{\"@type\":\"ReadAction\",\"target\":[\"https:\/\/xenonkungen.com\/produkt\/baklampor-101bar2-12v-2-pack\/\"]}]},{\"@type\":\"ImageObject\",\"inLanguage\":\"nl-NL\",\"@id\":\"https:\/\/xenonkungen.com\/produkt\/baklampor-101bar2-12v-2-pack\/#primaryimage\",\"url\":\"https:\/\/xenonkungen.com\/wp-content\/uploads\/2025\/04\/14050731-origpic-3e6ad8.jpg\",\"contentUrl\":\"https:\/\/xenonkungen.com\/wp-content\/uploads\/2025\/04\/14050731-origpic-3e6ad8.jpg\",\"width\":800,\"height\":800},{\"@type\":\"BreadcrumbList\",\"@id\":\"https:\/\/xenonkungen.com\/produkt\/baklampor-101bar2-12v-2-pack\/#breadcrumb\",\"itemListElement\":[{\"@type\":\"ListItem\",\"position\":1,\"name\":\"Hem\",\"item\":\"https:\/\/xenonkungen.com\/\"},{\"@type\":\"ListItem\",\"position\":2,\"name\":\"Shop\",\"item\":\"https:\/\/xenonkungen.com\/shop\/\"},{\"@type\":\"ListItem\",\"position\":3,\"name\":\"Baklampor 101BAR2 12V | 2-pack\"}]},{\"@type\":\"WebSite\",\"@id\":\"https:\/\/xenonkungen.com\/#website\",\"url\":\"https:\/\/xenonkungen.com\/\",\"name\":\"Xenonkungen\",\"description\":\"\",\"potentialAction\":[{\"@type\":\"SearchAction\",\"target\":{\"@type\":\"EntryPoint\",\"urlTemplate\":\"https:\/\/xenonkungen.com\/?s={search_term_string}\"},\"query-input\":{\"@type\":\"PropertyValueSpecification\",\"valueRequired\":true,\"valueName\":\"search_term_string\"}}],\"inLanguage\":\"nl-NL\"}]}<\/script>\n<!-- \/ Yoast SEO plugin. -->","yoast_head_json":{"title":"Achterlichten 101BAR2 12V | 2-pack - The Xenon King","robots":{"index":"index","follow":"follow","max-snippet":"max-snippet:-1","max-image-preview":"max-image-preview:large","max-video-preview":"max-video-preview:-1"},"canonical":"https:\/\/xenonkungen.com\/nl\/product\/achterlichten-101bar2-12v-2-pack\/","og_locale":"nl_NL","og_type":"article","og_title":"Baklampor 101BAR2 12V | 2-pack - Xenonkungen","og_description":"Ett litet kraftigt Kombinationsbakljus 100x100mm till ett riktigt bra pris. Anpassat f\u00f6r 12VBakljus, stoppljus, blinkers och reflexL\u00e5g energif\u00f6rbrukningIP67Godk\u00e4nd enligt: ECE, EMC, ADR, R1, S1, E9, 2A, 1A","og_url":"https:\/\/xenonkungen.com\/nl\/product\/achterlichten-101bar2-12v-2-pack\/","og_site_name":"Xenonkungen","article_modified_time":"2026-04-10T23:36:59+00:00","og_image":[{"width":800,"height":800,"url":"https:\/\/xenonkungen.com\/wp-content\/uploads\/2025\/04\/14050731-origpic-3e6ad8.jpg","type":"image\/jpeg"}],"twitter_card":"summary_large_image","twitter_misc":{"Geschatte leestijd":"1 minuut"},"schema":{"@context":"https:\/\/schema.org","@graph":[{"@type":"WebPage","@id":"https:\/\/xenonkungen.com\/produkt\/baklampor-101bar2-12v-2-pack\/","url":"https:\/\/xenonkungen.com\/produkt\/baklampor-101bar2-12v-2-pack\/","name":"Achterlichten 101BAR2 12V | 2-pack - The Xenon King","isPartOf":{"@id":"https:\/\/xenonkungen.com\/#website"},"primaryImageOfPage":{"@id":"https:\/\/xenonkungen.com\/produkt\/baklampor-101bar2-12v-2-pack\/#primaryimage"},"image":{"@id":"https:\/\/xenonkungen.com\/produkt\/baklampor-101bar2-12v-2-pack\/#primaryimage"},"thumbnailUrl":"https:\/\/xenonkungen.com\/wp-content\/uploads\/2025\/04\/14050731-origpic-3e6ad8.jpg","datePublished":"2025-04-15T09:23:19+00:00","dateModified":"2026-04-10T23:36:59+00:00","breadcrumb":{"@id":"https:\/\/xenonkungen.com\/produkt\/baklampor-101bar2-12v-2-pack\/#breadcrumb"},"inLanguage":"nl-NL","potentialAction":[{"@type":"ReadAction","target":["https:\/\/xenonkungen.com\/produkt\/baklampor-101bar2-12v-2-pack\/"]}]},{"@type":"ImageObject","inLanguage":"nl-NL","@id":"https:\/\/xenonkungen.com\/produkt\/baklampor-101bar2-12v-2-pack\/#primaryimage","url":"https:\/\/xenonkungen.com\/wp-content\/uploads\/2025\/04\/14050731-origpic-3e6ad8.jpg","contentUrl":"https:\/\/xenonkungen.com\/wp-content\/uploads\/2025\/04\/14050731-origpic-3e6ad8.jpg","width":800,"height":800},{"@type":"BreadcrumbList","@id":"https:\/\/xenonkungen.com\/produkt\/baklampor-101bar2-12v-2-pack\/#breadcrumb","itemListElement":[{"@type":"ListItem","position":1,"name":"Hem","item":"https:\/\/xenonkungen.com\/"},{"@type":"ListItem","position":2,"name":"Shop","item":"https:\/\/xenonkungen.com\/shop\/"},{"@type":"ListItem","position":3,"name":"Baklampor 101BAR2 12V | 2-pack"}]},{"@type":"WebSite","@id":"https:\/\/xenonkungen.com\/#website","url":"https:\/\/xenonkungen.com\/","name":"Xenonkungen","description":"","potentialAction":[{"@type":"SearchAction","target":{"@type":"EntryPoint","urlTemplate":"https:\/\/xenonkungen.com\/?s={search_term_string}"},"query-input":{"@type":"PropertyValueSpecification","valueRequired":true,"valueName":"search_term_string"}}],"inLanguage":"nl-NL"}]}},"taxonomy_info":{"anvandningsomrade":[{"value":166,"label":"Lastbil"},{"value":238,"label":"SL\u00c4P"},{"value":2816,"label":"TRAILER"}],"product_brand":[{"value":1252,"label":"LEA"}],"product_cat":[{"value":2552,"label":"Bakljus"}],"pa_fuktskydd-varde-ipxx":[{"value":333,"label":"IP67"}],"pa_godkannande":[{"value":1599,"label":"ECE, EMC, ADR, R1, S1, E9, 2A, 1A"}],"pa_storlek-mm":[{"value":1598,"label":"100x100x22"}],"pa_volt-v":[{"value":159,"label":"12"}]},"featured_image_src_large":["https:\/\/xenonkungen.com\/wp-content\/uploads\/2025\/04\/14050731-origpic-3e6ad8.jpg",800,800,false],"author_info":[],"comment_info":0,"_links":{"self":[{"href":"https:\/\/xenonkungen.com\/nl\/wp-json\/wp\/v2\/product\/5143","targetHints":{"allow":["GET"]}}],"collection":[{"href":"https:\/\/xenonkungen.com\/nl\/wp-json\/wp\/v2\/product"}],"about":[{"href":"https:\/\/xenonkungen.com\/nl\/wp-json\/wp\/v2\/types\/product"}],"replies":[{"embeddable":true,"href":"https:\/\/xenonkungen.com\/nl\/wp-json\/wp\/v2\/comments?post=5143"}],"wp:featuredmedia":[{"embeddable":true,"href":"https:\/\/xenonkungen.com\/nl\/wp-json\/wp\/v2\/media\/5144"}],"wp:attachment":[{"href":"https:\/\/xenonkungen.com\/nl\/wp-json\/wp\/v2\/media?parent=5143"}],"wp:term":[{"taxonomy":"anvandningsomrade","embeddable":true,"href":"https:\/\/xenonkungen.com\/nl\/wp-json\/wp\/v2\/anvandningsomrade?post=5143"},{"taxonomy":"bilmarken","embeddable":true,"href":"https:\/\/xenonkungen.com\/nl\/wp-json\/wp\/v2\/bilmarken?post=5143"},{"taxonomy":"product_brand","embeddable":true,"href":"https:\/\/xenonkungen.com\/nl\/wp-json\/wp\/v2\/product_brand?post=5143"},{"taxonomy":"product_cat","embeddable":true,"href":"https:\/\/xenonkungen.com\/nl\/wp-json\/wp\/v2\/product_cat?post=5143"},{"taxonomy":"product_tag","embeddable":true,"href":"https:\/\/xenonkungen.com\/nl\/wp-json\/wp\/v2\/product_tag?post=5143"}],"curies":[{"name":"wp","href":"https:\/\/api.w.org\/{rel}","templated":true}]}}