{"id":5195,"date":"2025-04-15T09:24:09","date_gmt":"2025-04-15T09:24:09","guid":{"rendered":"https:\/\/xenonkungen.com\/product\/lazer-monteringssats-isuzu-d-max-2021\/"},"modified":"2026-03-11T10:13:23","modified_gmt":"2026-03-11T09:13:23","slug":"lasermontageset-voor-isuzu-d-max-2021","status":"publish","type":"product","link":"https:\/\/xenonkungen.com\/nl\/product\/lasermontageset-voor-isuzu-d-max-2021\/","title":{"rendered":"Lazer Montagekit Isuzu D-Max (2021)"},"content":{"rendered":"<h1>Lazer lichtbalkmontagekits - Perfecte pasvorm en eenvoudige installatie<\/h1>\n<p>Op zoek naar Lazer lightbar montagesets voor je auto? We hebben een breed assortiment montagekits die zorgen voor een perfecte pasvorm en eenvoudige installatie. Aan de hand van het onderdeelnummer kun je eenvoudig de juiste montagekit vinden voor jouw specifieke lightbar en automodel. We bieden montagekits voor verschillende lichtbalken en automodellen om aan je wensen en behoeften te voldoen.<\/p>\n<h2>Productspecificaties:<\/h2>\n<ul>\n<li>Montagesets voor Lazer lichtbalken<\/li>\n<li>Perfecte pasvorm voor verschillende lichtbalken en automodellen<\/li>\n<li>Eenvoudige installatie voor soepele montage<\/li>\n<li>Hoogwaardige materialen voor duurzaamheid en stabiliteit<\/li>\n<\/ul>\n<p>Bekijk ons assortiment Lazer lichtbalkmontagekits en vind de perfecte oplossing voor je auto. We bieden montagekits met een perfecte pasvorm en eenvoudige installatie, zodat je je autoverlichting gemakkelijk kunt upgraden. Onze montagesets zijn gemaakt van hoogwaardige materialen om duurzaamheid en stabiliteit te garanderen. Til je lightbar naar een hoger niveau met een montageset die is afgestemd op jouw automodel.<\/p>","protected":false},"excerpt":{"rendered":"<p>Monteringssatser till Lazer ljusramper &#8211; Perfekt passform och enkel installation Letar du efter monteringssatser till Lazer ljusramper f\u00f6r din bil? Vi har ett brett utbud av monteringssatser som s\u00e4kerst\u00e4ller en perfekt passform och enkel installation. Med hj\u00e4lp av artikelnumret kan du enkelt hitta r\u00e4tt monteringssats f\u00f6r din specifika ljusrampe och bilmodell. Vi erbjuder monteringssatser till [&hellip;]<\/p>","protected":false},"featured_media":5196,"comment_status":"closed","ping_status":"open","template":"","meta":{"_acf_changed":false,"_smort_price_nok":"587","_smort_price_dkk":"373","_smort_price_eur":"50","_smort_sale_price_nok":"","_smort_sale_price_dkk":"","_smort_sale_price_eur":"","smort_restorder":"","shipmondo_restorder":"","_kad_blocks_custom_css":"","_kad_blocks_head_custom_js":"","_kad_blocks_body_custom_js":"","_kad_blocks_footer_custom_js":"","smort_custom_pricelist_1":"361.6","smort_custom_pricelist_2":"361.6","smort_custom_pricelist_3":"361.6","smort_custom_pricelist_4":"452","smort_custom_pricelist_5":"361.6"},"anvandningsomrade":[],"bilmarken":[],"product_brand":[1124],"product_cat":[2539,2608],"product_tag":[2735],"class_list":{"0":"post-5195","1":"product","2":"type-product","3":"status-publish","4":"has-post-thumbnail","6":"product_brand-lazer","7":"product_cat-ledramper","8":"product_cat-monteringssatser","9":"product_tag-lazer","11":"first","12":"onbackorder","13":"taxable","14":"shipping-taxable","15":"purchasable","16":"product-type-simple"},"bundled_by":[],"bundle_stock_status":"onbackorder","bundle_stock_quantity":0,"bundle_virtual":false,"bundle_layout":"","bundle_add_to_cart_form_location":"","bundle_editable_in_cart":false,"bundle_sold_individually_context":"","bundle_item_grouping":"","bundle_min_size":"","bundle_max_size":"","bundle_price":[],"bundled_items":[],"bundle_sell_ids":[],"acf":[],"yoast_head":"<!-- This site is optimized with the Yoast SEO plugin v27.0 - https:\/\/yoast.com\/product\/yoast-seo-wordpress\/ -->\n<title>Lazer Monteringssats Isuzu D-Max (2021) - Xenonkungen<\/title>\n<meta name=\"robots\" content=\"index, follow, max-snippet:-1, max-image-preview:large, max-video-preview:-1\" \/>\n<link rel=\"canonical\" href=\"https:\/\/xenonkungen.com\/nl\/product\/lasermontageset-voor-isuzu-d-max-2021\/\" \/>\n<meta property=\"og:locale\" content=\"nl_NL\" \/>\n<meta property=\"og:type\" content=\"article\" \/>\n<meta property=\"og:title\" content=\"Lazer Monteringssats Isuzu D-Max (2021) - Xenonkungen\" \/>\n<meta property=\"og:description\" content=\"Monteringssatser till Lazer ljusramper &#8211; Perfekt passform och enkel installation Letar du efter monteringssatser till Lazer ljusramper f\u00f6r din bil? Vi har ett brett utbud av monteringssatser som s\u00e4kerst\u00e4ller en perfekt passform och enkel installation. Med hj\u00e4lp av artikelnumret kan du enkelt hitta r\u00e4tt monteringssats f\u00f6r din specifika ljusrampe och bilmodell. Vi erbjuder monteringssatser till [&hellip;]\" \/>\n<meta property=\"og:url\" content=\"https:\/\/xenonkungen.com\/nl\/product\/lasermontageset-voor-isuzu-d-max-2021\/\" \/>\n<meta property=\"og:site_name\" content=\"Xenonkungen\" \/>\n<meta property=\"article:modified_time\" content=\"2026-03-11T09:13:23+00:00\" \/>\n<meta property=\"og:image\" content=\"https:\/\/xenonkungen.com\/wp-content\/uploads\/2025\/04\/159455_itemimage_mainfront.jpg\" \/>\n\t<meta property=\"og:image:width\" content=\"1722\" \/>\n\t<meta property=\"og:image:height\" content=\"1292\" \/>\n\t<meta property=\"og:image:type\" content=\"image\/jpeg\" \/>\n<meta name=\"twitter:card\" content=\"summary_large_image\" \/>\n<meta name=\"twitter:label1\" content=\"Geschatte leestijd\" \/>\n\t<meta name=\"twitter:data1\" content=\"1 minuut\" \/>\n<script type=\"application\/ld+json\" class=\"yoast-schema-graph\">{\"@context\":\"https:\/\/schema.org\",\"@graph\":[{\"@type\":\"WebPage\",\"@id\":\"https:\/\/xenonkungen.com\/produkt\/lazer-monteringssats-isuzu-d-max-2021\/\",\"url\":\"https:\/\/xenonkungen.com\/produkt\/lazer-monteringssats-isuzu-d-max-2021\/\",\"name\":\"Lazer Monteringssats Isuzu D-Max (2021) - Xenonkungen\",\"isPartOf\":{\"@id\":\"https:\/\/xenonkungen.com\/#website\"},\"primaryImageOfPage\":{\"@id\":\"https:\/\/xenonkungen.com\/produkt\/lazer-monteringssats-isuzu-d-max-2021\/#primaryimage\"},\"image\":{\"@id\":\"https:\/\/xenonkungen.com\/produkt\/lazer-monteringssats-isuzu-d-max-2021\/#primaryimage\"},\"thumbnailUrl\":\"https:\/\/xenonkungen.com\/wp-content\/uploads\/2025\/04\/159455_itemimage_mainfront.jpg\",\"datePublished\":\"2025-04-15T09:24:09+00:00\",\"dateModified\":\"2026-03-11T09:13:23+00:00\",\"breadcrumb\":{\"@id\":\"https:\/\/xenonkungen.com\/produkt\/lazer-monteringssats-isuzu-d-max-2021\/#breadcrumb\"},\"inLanguage\":\"nl-NL\",\"potentialAction\":[{\"@type\":\"ReadAction\",\"target\":[\"https:\/\/xenonkungen.com\/produkt\/lazer-monteringssats-isuzu-d-max-2021\/\"]}]},{\"@type\":\"ImageObject\",\"inLanguage\":\"nl-NL\",\"@id\":\"https:\/\/xenonkungen.com\/produkt\/lazer-monteringssats-isuzu-d-max-2021\/#primaryimage\",\"url\":\"https:\/\/xenonkungen.com\/wp-content\/uploads\/2025\/04\/159455_itemimage_mainfront.jpg\",\"contentUrl\":\"https:\/\/xenonkungen.com\/wp-content\/uploads\/2025\/04\/159455_itemimage_mainfront.jpg\",\"width\":1722,\"height\":1292},{\"@type\":\"BreadcrumbList\",\"@id\":\"https:\/\/xenonkungen.com\/produkt\/lazer-monteringssats-isuzu-d-max-2021\/#breadcrumb\",\"itemListElement\":[{\"@type\":\"ListItem\",\"position\":1,\"name\":\"Hem\",\"item\":\"https:\/\/xenonkungen.com\/\"},{\"@type\":\"ListItem\",\"position\":2,\"name\":\"Shop\",\"item\":\"https:\/\/xenonkungen.com\/shop\/\"},{\"@type\":\"ListItem\",\"position\":3,\"name\":\"Lazer Monteringssats Isuzu D-Max (2021)\"}]},{\"@type\":\"WebSite\",\"@id\":\"https:\/\/xenonkungen.com\/#website\",\"url\":\"https:\/\/xenonkungen.com\/\",\"name\":\"Xenonkungen\",\"description\":\"\",\"potentialAction\":[{\"@type\":\"SearchAction\",\"target\":{\"@type\":\"EntryPoint\",\"urlTemplate\":\"https:\/\/xenonkungen.com\/?s={search_term_string}\"},\"query-input\":{\"@type\":\"PropertyValueSpecification\",\"valueRequired\":true,\"valueName\":\"search_term_string\"}}],\"inLanguage\":\"nl-NL\"}]}<\/script>\n<!-- \/ Yoast SEO plugin. -->","yoast_head_json":{"title":"Lasermontageset Isuzu D-Max (2021) - Xenonkungen","robots":{"index":"index","follow":"follow","max-snippet":"max-snippet:-1","max-image-preview":"max-image-preview:large","max-video-preview":"max-video-preview:-1"},"canonical":"https:\/\/xenonkungen.com\/nl\/product\/lasermontageset-voor-isuzu-d-max-2021\/","og_locale":"nl_NL","og_type":"article","og_title":"Lazer Monteringssats Isuzu D-Max (2021) - Xenonkungen","og_description":"Monteringssatser till Lazer ljusramper &#8211; Perfekt passform och enkel installation Letar du efter monteringssatser till Lazer ljusramper f\u00f6r din bil? Vi har ett brett utbud av monteringssatser som s\u00e4kerst\u00e4ller en perfekt passform och enkel installation. Med hj\u00e4lp av artikelnumret kan du enkelt hitta r\u00e4tt monteringssats f\u00f6r din specifika ljusrampe och bilmodell. Vi erbjuder monteringssatser till [&hellip;]","og_url":"https:\/\/xenonkungen.com\/nl\/product\/lasermontageset-voor-isuzu-d-max-2021\/","og_site_name":"Xenonkungen","article_modified_time":"2026-03-11T09:13:23+00:00","og_image":[{"width":1722,"height":1292,"url":"https:\/\/xenonkungen.com\/wp-content\/uploads\/2025\/04\/159455_itemimage_mainfront.jpg","type":"image\/jpeg"}],"twitter_card":"summary_large_image","twitter_misc":{"Geschatte leestijd":"1 minuut"},"schema":{"@context":"https:\/\/schema.org","@graph":[{"@type":"WebPage","@id":"https:\/\/xenonkungen.com\/produkt\/lazer-monteringssats-isuzu-d-max-2021\/","url":"https:\/\/xenonkungen.com\/produkt\/lazer-monteringssats-isuzu-d-max-2021\/","name":"Lasermontageset Isuzu D-Max (2021) - Xenonkungen","isPartOf":{"@id":"https:\/\/xenonkungen.com\/#website"},"primaryImageOfPage":{"@id":"https:\/\/xenonkungen.com\/produkt\/lazer-monteringssats-isuzu-d-max-2021\/#primaryimage"},"image":{"@id":"https:\/\/xenonkungen.com\/produkt\/lazer-monteringssats-isuzu-d-max-2021\/#primaryimage"},"thumbnailUrl":"https:\/\/xenonkungen.com\/wp-content\/uploads\/2025\/04\/159455_itemimage_mainfront.jpg","datePublished":"2025-04-15T09:24:09+00:00","dateModified":"2026-03-11T09:13:23+00:00","breadcrumb":{"@id":"https:\/\/xenonkungen.com\/produkt\/lazer-monteringssats-isuzu-d-max-2021\/#breadcrumb"},"inLanguage":"nl-NL","potentialAction":[{"@type":"ReadAction","target":["https:\/\/xenonkungen.com\/produkt\/lazer-monteringssats-isuzu-d-max-2021\/"]}]},{"@type":"ImageObject","inLanguage":"nl-NL","@id":"https:\/\/xenonkungen.com\/produkt\/lazer-monteringssats-isuzu-d-max-2021\/#primaryimage","url":"https:\/\/xenonkungen.com\/wp-content\/uploads\/2025\/04\/159455_itemimage_mainfront.jpg","contentUrl":"https:\/\/xenonkungen.com\/wp-content\/uploads\/2025\/04\/159455_itemimage_mainfront.jpg","width":1722,"height":1292},{"@type":"BreadcrumbList","@id":"https:\/\/xenonkungen.com\/produkt\/lazer-monteringssats-isuzu-d-max-2021\/#breadcrumb","itemListElement":[{"@type":"ListItem","position":1,"name":"Hem","item":"https:\/\/xenonkungen.com\/"},{"@type":"ListItem","position":2,"name":"Shop","item":"https:\/\/xenonkungen.com\/shop\/"},{"@type":"ListItem","position":3,"name":"Lazer Monteringssats Isuzu D-Max (2021)"}]},{"@type":"WebSite","@id":"https:\/\/xenonkungen.com\/#website","url":"https:\/\/xenonkungen.com\/","name":"Xenonkungen","description":"","potentialAction":[{"@type":"SearchAction","target":{"@type":"EntryPoint","urlTemplate":"https:\/\/xenonkungen.com\/?s={search_term_string}"},"query-input":{"@type":"PropertyValueSpecification","valueRequired":true,"valueName":"search_term_string"}}],"inLanguage":"nl-NL"}]}},"taxonomy_info":{"product_brand":[{"value":1124,"label":"Lazer"}],"product_cat":[{"value":2539,"label":"LEDRAMPER"},{"value":2608,"label":"Monteringssatser"}],"product_tag":[{"value":2735,"label":"Lazer"}]},"featured_image_src_large":["https:\/\/xenonkungen.com\/wp-content\/uploads\/2025\/04\/159455_itemimage_mainfront-1024x768.jpg",1024,768,true],"author_info":[],"comment_info":0,"_links":{"self":[{"href":"https:\/\/xenonkungen.com\/nl\/wp-json\/wp\/v2\/product\/5195","targetHints":{"allow":["GET"]}}],"collection":[{"href":"https:\/\/xenonkungen.com\/nl\/wp-json\/wp\/v2\/product"}],"about":[{"href":"https:\/\/xenonkungen.com\/nl\/wp-json\/wp\/v2\/types\/product"}],"replies":[{"embeddable":true,"href":"https:\/\/xenonkungen.com\/nl\/wp-json\/wp\/v2\/comments?post=5195"}],"wp:featuredmedia":[{"embeddable":true,"href":"https:\/\/xenonkungen.com\/nl\/wp-json\/wp\/v2\/media\/5196"}],"wp:attachment":[{"href":"https:\/\/xenonkungen.com\/nl\/wp-json\/wp\/v2\/media?parent=5195"}],"wp:term":[{"taxonomy":"anvandningsomrade","embeddable":true,"href":"https:\/\/xenonkungen.com\/nl\/wp-json\/wp\/v2\/anvandningsomrade?post=5195"},{"taxonomy":"bilmarken","embeddable":true,"href":"https:\/\/xenonkungen.com\/nl\/wp-json\/wp\/v2\/bilmarken?post=5195"},{"taxonomy":"product_brand","embeddable":true,"href":"https:\/\/xenonkungen.com\/nl\/wp-json\/wp\/v2\/product_brand?post=5195"},{"taxonomy":"product_cat","embeddable":true,"href":"https:\/\/xenonkungen.com\/nl\/wp-json\/wp\/v2\/product_cat?post=5195"},{"taxonomy":"product_tag","embeddable":true,"href":"https:\/\/xenonkungen.com\/nl\/wp-json\/wp\/v2\/product_tag?post=5195"}],"curies":[{"name":"wp","href":"https:\/\/api.w.org\/{rel}","templated":true}]}}