{"id":5574,"date":"2025-04-15T09:31:41","date_gmt":"2025-04-15T09:31:41","guid":{"rendered":"https:\/\/xenonkungen.com\/product\/voolbar-fiat-ducato-2007-2014\/"},"modified":"2026-04-23T18:17:05","modified_gmt":"2026-04-23T17:17:05","slug":"volbar-fiat-ducato-2007-2014","status":"publish","type":"product","link":"https:\/\/xenonkungen.com\/nl\/product\/volbar-fiat-ducato-2007-2014\/","title":{"rendered":"Voolbar Fiat Ducato 2007-2014"},"content":{"rendered":"<p>Modelspecifieke Voolbar Light Arch (extra lampenhouder\/lichtbalk) voor Fiat Ducato 2007-2014 met beugels voor 3 extra lampen of een ledbalk. De maximale breedte per extra lamp is beperkt tot 225 mm.<\/p>\n<p><strong>LUXTAR LED BAR:<\/strong><br \/>Geschikt voor model X18, X20, X24 of D22.<br \/>Afbeeldingsvoorbeeld toont Luxtar Reflex Bar D22 (E-merk).<\/p>\n<p>De Voolbar wordt om de crashbar van de auto gemonteerd met behulp van de meegeleverde montagekit. Bij montage van een aangepaste Voolbar hoeft er niet in de crashbar geboord te worden. De Voolbar heeft beugels voor de kentekenplaat die tijdens de montage naar voren worden verplaatst.<\/p>\n<p>Een kwaliteitsproduct van echt zuurbestendig roestvrij staal. De diameter van de buis is 60 mm. Extra licht apart verkrijgbaar.<\/p>\n<p>De montagekit bevat:<br \/>1e Voolbar roestvrijstalen booglamp<br \/>1 Montageset op maat<\/p>\n<p><strong>Specificatie<\/strong><br \/>Automodel: Fiat Ducato<br \/>Modeljaar: 2007-2014<br \/>Buisafmeting: \u00d8 60 mm<br \/>Opbouwtijd voor workshop (ongeveer): 90 min.<br \/>Afmetingen scherm (bhd): 720x130x125 mm<br \/>Buisafmeting: \u00d8 60 mm<br \/>Gewicht: 3,3 kg (inclusief montagebeugels)<br \/>Materiaal: Roestvrij staal (T304)<br \/>Kant-en-klaar gelaste beugels voor extra lampen: Ja (3st)<br \/>Andere\/belangrijke info: Accessoires (zogenaamde PDC-pads) om parkeersensoren uit te schakelen worden zonder extra kosten meegeleverd.<\/p>","protected":false},"excerpt":{"rendered":"<p>Modellanpassad Voolbar Ljusb\u00e5ge (extraljush\u00e5llare \/ ljusramp) till Fiat Ducato 2007-2014 med f\u00e4sten f\u00f6r 3st extraljus eller en ledramp. Maxbredden per extraljus \u00e4r begr\u00e4nsad till 225mm vardera. LUXTAR LED BAR:L\u00e4mplig f\u00f6r modell X18, X20, X24 eller D22.Bildexempel visar Luxtar Reflex Bar D22 (E-m\u00e4rkt). Voolbar monteras runt bilens krockbalk med hj\u00e4lp av medf\u00f6ljande monteringssats, ingen borrning i [&hellip;]<\/p>","protected":false},"featured_media":5575,"comment_status":"closed","ping_status":"open","template":"","meta":{"_acf_changed":false,"_smort_price_nok":"3733","_smort_price_dkk":"2372","_smort_price_eur":"317.71","_smort_sale_price_nok":"","_smort_sale_price_dkk":"","_smort_sale_price_eur":"","smort_restorder":"","shipmondo_restorder":"","_kad_blocks_custom_css":"","_kad_blocks_head_custom_js":"","_kad_blocks_body_custom_js":"","_kad_blocks_footer_custom_js":"","smort_custom_pricelist_1":"2596","smort_custom_pricelist_2":"2596","smort_custom_pricelist_3":"2596","smort_custom_pricelist_4":"2796","smort_custom_pricelist_5":"2596"},"anvandningsomrade":[],"bilmarken":[],"product_brand":[],"product_cat":[2461,2841,2610,390],"product_tag":[],"class_list":{"0":"post-5574","1":"product","2":"type-product","3":"status-publish","4":"has-post-thumbnail","6":"product_cat-fasten-installation","7":"product_cat-installation-extraljus","8":"product_cat-modellanpassade","9":"product_cat-installation","10":"pa_storlek-mm-720x130x125","12":"first","13":"onbackorder","14":"taxable","15":"shipping-taxable","16":"purchasable","17":"product-type-simple"},"bundled_by":[],"bundle_stock_status":"onbackorder","bundle_stock_quantity":-42,"bundle_virtual":false,"bundle_layout":"","bundle_add_to_cart_form_location":"","bundle_editable_in_cart":false,"bundle_sold_individually_context":"","bundle_item_grouping":"","bundle_min_size":"","bundle_max_size":"","bundle_price":[],"bundled_items":[],"bundle_sell_ids":[],"acf":[],"yoast_head":"<!-- This site is optimized with the Yoast SEO plugin v27.0 - https:\/\/yoast.com\/product\/yoast-seo-wordpress\/ -->\n<title>Voolbar Fiat Ducato 2007-2014 - Xenonkungen<\/title>\n<meta name=\"robots\" content=\"index, follow, max-snippet:-1, max-image-preview:large, max-video-preview:-1\" \/>\n<link rel=\"canonical\" href=\"https:\/\/xenonkungen.com\/nl\/product\/volbar-fiat-ducato-2007-2014\/\" \/>\n<meta property=\"og:locale\" content=\"nl_NL\" \/>\n<meta property=\"og:type\" content=\"article\" \/>\n<meta property=\"og:title\" content=\"Voolbar Fiat Ducato 2007-2014 - Xenonkungen\" \/>\n<meta property=\"og:description\" content=\"Modellanpassad Voolbar Ljusb\u00e5ge (extraljush\u00e5llare \/ ljusramp) till Fiat Ducato 2007-2014 med f\u00e4sten f\u00f6r 3st extraljus eller en ledramp. Maxbredden per extraljus \u00e4r begr\u00e4nsad till 225mm vardera. LUXTAR LED BAR:L\u00e4mplig f\u00f6r modell X18, X20, X24 eller D22.Bildexempel visar Luxtar Reflex Bar D22 (E-m\u00e4rkt). Voolbar monteras runt bilens krockbalk med hj\u00e4lp av medf\u00f6ljande monteringssats, ingen borrning i [&hellip;]\" \/>\n<meta property=\"og:url\" content=\"https:\/\/xenonkungen.com\/nl\/product\/volbar-fiat-ducato-2007-2014\/\" \/>\n<meta property=\"og:site_name\" content=\"Xenonkungen\" \/>\n<meta property=\"article:modified_time\" content=\"2026-04-23T17:17:05+00:00\" \/>\n<meta property=\"og:image\" content=\"https:\/\/xenonkungen.com\/wp-content\/uploads\/2025\/04\/32613481-origpic-f695f8.jpg\" \/>\n\t<meta property=\"og:image:width\" content=\"700\" \/>\n\t<meta property=\"og:image:height\" content=\"700\" \/>\n\t<meta property=\"og:image:type\" content=\"image\/jpeg\" \/>\n<meta name=\"twitter:card\" content=\"summary_large_image\" \/>\n<meta name=\"twitter:label1\" content=\"Geschatte leestijd\" \/>\n\t<meta name=\"twitter:data1\" content=\"1 minuut\" \/>\n<script type=\"application\/ld+json\" class=\"yoast-schema-graph\">{\"@context\":\"https:\/\/schema.org\",\"@graph\":[{\"@type\":\"WebPage\",\"@id\":\"https:\/\/xenonkungen.com\/nl\/product\/voolbar-fiat-ducato-2007-2014\/\",\"url\":\"https:\/\/xenonkungen.com\/nl\/product\/voolbar-fiat-ducato-2007-2014\/\",\"name\":\"Voolbar Fiat Ducato 2007-2014 - Xenonkungen\",\"isPartOf\":{\"@id\":\"https:\/\/xenonkungen.com\/#website\"},\"primaryImageOfPage\":{\"@id\":\"https:\/\/xenonkungen.com\/nl\/product\/voolbar-fiat-ducato-2007-2014\/#primaryimage\"},\"image\":{\"@id\":\"https:\/\/xenonkungen.com\/nl\/product\/voolbar-fiat-ducato-2007-2014\/#primaryimage\"},\"thumbnailUrl\":\"https:\/\/xenonkungen.com\/wp-content\/uploads\/2025\/04\/32613481-origpic-f695f8.jpg\",\"datePublished\":\"2025-04-15T09:31:41+00:00\",\"dateModified\":\"2026-04-23T17:17:05+00:00\",\"breadcrumb\":{\"@id\":\"https:\/\/xenonkungen.com\/nl\/product\/voolbar-fiat-ducato-2007-2014\/#breadcrumb\"},\"inLanguage\":\"nl-NL\",\"potentialAction\":[{\"@type\":\"ReadAction\",\"target\":[\"https:\/\/xenonkungen.com\/nl\/product\/voolbar-fiat-ducato-2007-2014\/\"]}]},{\"@type\":\"ImageObject\",\"inLanguage\":\"nl-NL\",\"@id\":\"https:\/\/xenonkungen.com\/nl\/product\/voolbar-fiat-ducato-2007-2014\/#primaryimage\",\"url\":\"https:\/\/xenonkungen.com\/wp-content\/uploads\/2025\/04\/32613481-origpic-f695f8.jpg\",\"contentUrl\":\"https:\/\/xenonkungen.com\/wp-content\/uploads\/2025\/04\/32613481-origpic-f695f8.jpg\",\"width\":700,\"height\":700},{\"@type\":\"BreadcrumbList\",\"@id\":\"https:\/\/xenonkungen.com\/nl\/product\/voolbar-fiat-ducato-2007-2014\/#breadcrumb\",\"itemListElement\":[{\"@type\":\"ListItem\",\"position\":1,\"name\":\"Hem\",\"item\":\"https:\/\/xenonkungen.com\/\"},{\"@type\":\"ListItem\",\"position\":2,\"name\":\"Shop\",\"item\":\"https:\/\/xenonkungen.com\/shop\/\"},{\"@type\":\"ListItem\",\"position\":3,\"name\":\"Voolbar Fiat Ducato 2007-2014\"}]},{\"@type\":\"WebSite\",\"@id\":\"https:\/\/xenonkungen.com\/#website\",\"url\":\"https:\/\/xenonkungen.com\/\",\"name\":\"Xenonkungen\",\"description\":\"\",\"potentialAction\":[{\"@type\":\"SearchAction\",\"target\":{\"@type\":\"EntryPoint\",\"urlTemplate\":\"https:\/\/xenonkungen.com\/?s={search_term_string}\"},\"query-input\":{\"@type\":\"PropertyValueSpecification\",\"valueRequired\":true,\"valueName\":\"search_term_string\"}}],\"inLanguage\":\"nl-NL\"}]}<\/script>\n<!-- \/ Yoast SEO plugin. -->","yoast_head_json":{"title":"Voolbar Fiat Ducato 2007-2014 - De Xenon-koning","robots":{"index":"index","follow":"follow","max-snippet":"max-snippet:-1","max-image-preview":"max-image-preview:large","max-video-preview":"max-video-preview:-1"},"canonical":"https:\/\/xenonkungen.com\/nl\/product\/volbar-fiat-ducato-2007-2014\/","og_locale":"nl_NL","og_type":"article","og_title":"Voolbar Fiat Ducato 2007-2014 - Xenonkungen","og_description":"Modellanpassad Voolbar Ljusb\u00e5ge (extraljush\u00e5llare \/ ljusramp) till Fiat Ducato 2007-2014 med f\u00e4sten f\u00f6r 3st extraljus eller en ledramp. Maxbredden per extraljus \u00e4r begr\u00e4nsad till 225mm vardera. LUXTAR LED BAR:L\u00e4mplig f\u00f6r modell X18, X20, X24 eller D22.Bildexempel visar Luxtar Reflex Bar D22 (E-m\u00e4rkt). Voolbar monteras runt bilens krockbalk med hj\u00e4lp av medf\u00f6ljande monteringssats, ingen borrning i [&hellip;]","og_url":"https:\/\/xenonkungen.com\/nl\/product\/volbar-fiat-ducato-2007-2014\/","og_site_name":"Xenonkungen","article_modified_time":"2026-04-23T17:17:05+00:00","og_image":[{"width":700,"height":700,"url":"https:\/\/xenonkungen.com\/wp-content\/uploads\/2025\/04\/32613481-origpic-f695f8.jpg","type":"image\/jpeg"}],"twitter_card":"summary_large_image","twitter_misc":{"Geschatte leestijd":"1 minuut"},"schema":{"@context":"https:\/\/schema.org","@graph":[{"@type":"WebPage","@id":"https:\/\/xenonkungen.com\/nl\/product\/voolbar-fiat-ducato-2007-2014\/","url":"https:\/\/xenonkungen.com\/nl\/product\/voolbar-fiat-ducato-2007-2014\/","name":"Voolbar Fiat Ducato 2007-2014 - De Xenon-koning","isPartOf":{"@id":"https:\/\/xenonkungen.com\/#website"},"primaryImageOfPage":{"@id":"https:\/\/xenonkungen.com\/nl\/product\/voolbar-fiat-ducato-2007-2014\/#primaryimage"},"image":{"@id":"https:\/\/xenonkungen.com\/nl\/product\/voolbar-fiat-ducato-2007-2014\/#primaryimage"},"thumbnailUrl":"https:\/\/xenonkungen.com\/wp-content\/uploads\/2025\/04\/32613481-origpic-f695f8.jpg","datePublished":"2025-04-15T09:31:41+00:00","dateModified":"2026-04-23T17:17:05+00:00","breadcrumb":{"@id":"https:\/\/xenonkungen.com\/nl\/product\/voolbar-fiat-ducato-2007-2014\/#breadcrumb"},"inLanguage":"nl-NL","potentialAction":[{"@type":"ReadAction","target":["https:\/\/xenonkungen.com\/nl\/product\/voolbar-fiat-ducato-2007-2014\/"]}]},{"@type":"ImageObject","inLanguage":"nl-NL","@id":"https:\/\/xenonkungen.com\/nl\/product\/voolbar-fiat-ducato-2007-2014\/#primaryimage","url":"https:\/\/xenonkungen.com\/wp-content\/uploads\/2025\/04\/32613481-origpic-f695f8.jpg","contentUrl":"https:\/\/xenonkungen.com\/wp-content\/uploads\/2025\/04\/32613481-origpic-f695f8.jpg","width":700,"height":700},{"@type":"BreadcrumbList","@id":"https:\/\/xenonkungen.com\/nl\/product\/voolbar-fiat-ducato-2007-2014\/#breadcrumb","itemListElement":[{"@type":"ListItem","position":1,"name":"Hem","item":"https:\/\/xenonkungen.com\/"},{"@type":"ListItem","position":2,"name":"Shop","item":"https:\/\/xenonkungen.com\/shop\/"},{"@type":"ListItem","position":3,"name":"Voolbar Fiat Ducato 2007-2014"}]},{"@type":"WebSite","@id":"https:\/\/xenonkungen.com\/#website","url":"https:\/\/xenonkungen.com\/","name":"Xenonkungen","description":"","potentialAction":[{"@type":"SearchAction","target":{"@type":"EntryPoint","urlTemplate":"https:\/\/xenonkungen.com\/?s={search_term_string}"},"query-input":{"@type":"PropertyValueSpecification","valueRequired":true,"valueName":"search_term_string"}}],"inLanguage":"nl-NL"}]}},"taxonomy_info":{"product_cat":[{"value":2461,"label":"F\u00e4sten"},{"value":2841,"label":"Installation extraljus"},{"value":2610,"label":"Modellanpassade"},{"value":390,"label":"Installation"}],"pa_storlek-mm":[{"value":1652,"label":"720x130x125"}]},"featured_image_src_large":["https:\/\/xenonkungen.com\/wp-content\/uploads\/2025\/04\/32613481-origpic-f695f8.jpg",700,700,false],"author_info":[],"comment_info":0,"_links":{"self":[{"href":"https:\/\/xenonkungen.com\/nl\/wp-json\/wp\/v2\/product\/5574","targetHints":{"allow":["GET"]}}],"collection":[{"href":"https:\/\/xenonkungen.com\/nl\/wp-json\/wp\/v2\/product"}],"about":[{"href":"https:\/\/xenonkungen.com\/nl\/wp-json\/wp\/v2\/types\/product"}],"replies":[{"embeddable":true,"href":"https:\/\/xenonkungen.com\/nl\/wp-json\/wp\/v2\/comments?post=5574"}],"wp:featuredmedia":[{"embeddable":true,"href":"https:\/\/xenonkungen.com\/nl\/wp-json\/wp\/v2\/media\/5575"}],"wp:attachment":[{"href":"https:\/\/xenonkungen.com\/nl\/wp-json\/wp\/v2\/media?parent=5574"}],"wp:term":[{"taxonomy":"anvandningsomrade","embeddable":true,"href":"https:\/\/xenonkungen.com\/nl\/wp-json\/wp\/v2\/anvandningsomrade?post=5574"},{"taxonomy":"bilmarken","embeddable":true,"href":"https:\/\/xenonkungen.com\/nl\/wp-json\/wp\/v2\/bilmarken?post=5574"},{"taxonomy":"product_brand","embeddable":true,"href":"https:\/\/xenonkungen.com\/nl\/wp-json\/wp\/v2\/product_brand?post=5574"},{"taxonomy":"product_cat","embeddable":true,"href":"https:\/\/xenonkungen.com\/nl\/wp-json\/wp\/v2\/product_cat?post=5574"},{"taxonomy":"product_tag","embeddable":true,"href":"https:\/\/xenonkungen.com\/nl\/wp-json\/wp\/v2\/product_tag?post=5574"}],"curies":[{"name":"wp","href":"https:\/\/api.w.org\/{rel}","templated":true}]}}