{"id":5688,"date":"2025-04-15T09:32:33","date_gmt":"2025-04-15T09:32:33","guid":{"rendered":"https:\/\/xenonkungen.com\/product\/avtagbart-faste-for-extraljus-3mm-51mm\/"},"modified":"2026-02-06T16:47:53","modified_gmt":"2026-02-06T15:47:53","slug":"verwijderbare-bevestiging-voor-extra-licht-3-mm-51-mm","status":"publish","type":"product","link":"https:\/\/xenonkungen.com\/nl\/product\/verwijderbare-bevestiging-voor-extra-licht-3-mm-51-mm\/","title":{"rendered":"Verwijderbare beugel voor extra licht (3mm) - 51mm"},"content":{"rendered":"<h2 class=\"product-subname\">Beugel voor montage van extra licht (\u00d851mm)<\/h2>\n<p>Verwijderbare beugel van 3 mm materiaal voor montage van extra licht. Gemaakt van hoogglans gepolijst roestvrij staal. Voor montage op buizen van \u00d851mm. Deze beugel \u00d851mm past op de onderste beugel van onze voorbogen met design \"MINDRE\". Hij past ook op de 48mm tot 51mm buis (de onderste) van onze EU-voorbogen. De breedte van de beugel is 50mm. Prijs per stuk.<\/p>\n<p>We raden altijd aan om extra lampen te monteren op de bovenste beugel (bovenop) van de onderste voorbogen. Deze beugel past alleen op de onderste beugel (aan de binnenkant).<\/p>\n<p>Past niet op voorvleugels met een bovenschoor van \u00d860mm.<\/p>\n<p class=\"spec\"><strong>Specificaties<\/strong><br \/>\nGewicht: 300 g<br \/>\nMateriaal: Roestvrij staal (T304)<br \/>\nAndere\/belangrijke info: Verkrijgbaar in verschillende andere modellen, afhankelijk van welk voorframe je hebt gekocht en hoe je je extra lampen wilt monteren.<\/p>","protected":false},"excerpt":{"rendered":"<p>F\u00e4ste f\u00f6r montering av extraljus (\u00d851mm) Avtagbart f\u00e4ste i 3mm gods f\u00f6r montering av extraljus. Tillverkat i h\u00f6gpolerat rostfritt st\u00e5l. F\u00f6r montering p\u00e5 \u00d851mm r\u00f6r. Detta \u00d851mm f\u00e4ste passar p\u00e5 det nedre staget p\u00e5 v\u00e5ra frontb\u00e5gar med design &#8221;MINDRE&#8221;. Det passar \u00e4ven p\u00e5 48mm till 51mm r\u00f6ret (det nedre) p\u00e5 v\u00e5ra EU frontb\u00e5gar. Bredden p\u00e5 [&hellip;]<\/p>","protected":false},"featured_media":5689,"comment_status":"closed","ping_status":"closed","template":"","meta":{"_acf_changed":false,"_smort_price_nok":"545","_smort_price_dkk":"346","_smort_price_eur":"46.36","_smort_sale_price_nok":"","_smort_sale_price_dkk":"","_smort_sale_price_eur":"","smort_restorder":"","shipmondo_restorder":"","_kad_blocks_custom_css":"","_kad_blocks_head_custom_js":"","_kad_blocks_body_custom_js":"","_kad_blocks_footer_custom_js":"","smort_custom_pricelist_1":"408","smort_custom_pricelist_2":"408","smort_custom_pricelist_3":"408","smort_custom_pricelist_4":"408","smort_custom_pricelist_5":"408"},"anvandningsomrade":[],"bilmarken":[],"product_brand":[],"product_cat":[2537,2841,2669,390],"product_tag":[],"class_list":{"0":"post-5688","1":"product","2":"type-product","3":"status-publish","4":"has-post-thumbnail","6":"product_cat-fasten-ledramper","7":"product_cat-installation-extraljus","8":"product_cat-monteringstillbehor-monteringstillbehor-extraljus","9":"product_cat-installation","10":"pa_storlek-mm-392","12":"first","13":"onbackorder","14":"taxable","15":"shipping-taxable","16":"purchasable","17":"product-type-simple"},"bundled_by":[],"bundle_stock_status":"onbackorder","bundle_stock_quantity":0,"bundle_virtual":false,"bundle_layout":"","bundle_add_to_cart_form_location":"","bundle_editable_in_cart":false,"bundle_sold_individually_context":"","bundle_item_grouping":"","bundle_min_size":"","bundle_max_size":"","bundle_price":[],"bundled_items":[],"bundle_sell_ids":[],"acf":[],"yoast_head":"<!-- This site is optimized with the Yoast SEO plugin v27.0 - https:\/\/yoast.com\/product\/yoast-seo-wordpress\/ -->\n<title>Avtagbart f\u00e4ste f\u00f6r extraljus (3mm) - 51mm - Xenonkungen<\/title>\n<meta name=\"robots\" content=\"index, follow, max-snippet:-1, max-image-preview:large, max-video-preview:-1\" \/>\n<link rel=\"canonical\" href=\"https:\/\/xenonkungen.com\/nl\/product\/verwijderbare-bevestiging-voor-extra-licht-3-mm-51-mm\/\" \/>\n<meta property=\"og:locale\" content=\"nl_NL\" \/>\n<meta property=\"og:type\" content=\"article\" \/>\n<meta property=\"og:title\" content=\"Avtagbart f\u00e4ste f\u00f6r extraljus (3mm) - 51mm - Xenonkungen\" \/>\n<meta property=\"og:description\" content=\"F\u00e4ste f\u00f6r montering av extraljus (\u00d851mm) Avtagbart f\u00e4ste i 3mm gods f\u00f6r montering av extraljus. Tillverkat i h\u00f6gpolerat rostfritt st\u00e5l. F\u00f6r montering p\u00e5 \u00d851mm r\u00f6r. Detta \u00d851mm f\u00e4ste passar p\u00e5 det nedre staget p\u00e5 v\u00e5ra frontb\u00e5gar med design &#8221;MINDRE&#8221;. Det passar \u00e4ven p\u00e5 48mm till 51mm r\u00f6ret (det nedre) p\u00e5 v\u00e5ra EU frontb\u00e5gar. Bredden p\u00e5 [&hellip;]\" \/>\n<meta property=\"og:url\" content=\"https:\/\/xenonkungen.com\/nl\/product\/verwijderbare-bevestiging-voor-extra-licht-3-mm-51-mm\/\" \/>\n<meta property=\"og:site_name\" content=\"Xenonkungen\" \/>\n<meta property=\"article:modified_time\" content=\"2026-02-06T15:47:53+00:00\" \/>\n<meta property=\"og:image\" content=\"https:\/\/xenonkungen.com\/wp-content\/uploads\/2025\/04\/204525721-origpic-db86da.jpg\" \/>\n\t<meta property=\"og:image:width\" content=\"1000\" \/>\n\t<meta property=\"og:image:height\" content=\"800\" \/>\n\t<meta property=\"og:image:type\" content=\"image\/jpeg\" \/>\n<meta name=\"twitter:card\" content=\"summary_large_image\" \/>\n<meta name=\"twitter:label1\" content=\"Geschatte leestijd\" \/>\n\t<meta name=\"twitter:data1\" content=\"1 minuut\" \/>\n<script type=\"application\/ld+json\" class=\"yoast-schema-graph\">{\"@context\":\"https:\/\/schema.org\",\"@graph\":[{\"@type\":\"WebPage\",\"@id\":\"https:\/\/xenonkungen.com\/fi\/tuote\/irrotettava-kiinnike-lisavalolle-3-mm-51-mm\/\",\"url\":\"https:\/\/xenonkungen.com\/fi\/tuote\/irrotettava-kiinnike-lisavalolle-3-mm-51-mm\/\",\"name\":\"Avtagbart f\u00e4ste f\u00f6r extraljus (3mm) - 51mm - Xenonkungen\",\"isPartOf\":{\"@id\":\"https:\/\/xenonkungen.com\/#website\"},\"primaryImageOfPage\":{\"@id\":\"https:\/\/xenonkungen.com\/fi\/tuote\/irrotettava-kiinnike-lisavalolle-3-mm-51-mm\/#primaryimage\"},\"image\":{\"@id\":\"https:\/\/xenonkungen.com\/fi\/tuote\/irrotettava-kiinnike-lisavalolle-3-mm-51-mm\/#primaryimage\"},\"thumbnailUrl\":\"https:\/\/xenonkungen.com\/wp-content\/uploads\/2025\/04\/204525721-origpic-db86da.jpg\",\"datePublished\":\"2025-04-15T09:32:33+00:00\",\"dateModified\":\"2026-02-06T15:47:53+00:00\",\"breadcrumb\":{\"@id\":\"https:\/\/xenonkungen.com\/fi\/tuote\/irrotettava-kiinnike-lisavalolle-3-mm-51-mm\/#breadcrumb\"},\"inLanguage\":\"nl-NL\",\"potentialAction\":[{\"@type\":\"ReadAction\",\"target\":[\"https:\/\/xenonkungen.com\/fi\/tuote\/irrotettava-kiinnike-lisavalolle-3-mm-51-mm\/\"]}]},{\"@type\":\"ImageObject\",\"inLanguage\":\"nl-NL\",\"@id\":\"https:\/\/xenonkungen.com\/fi\/tuote\/irrotettava-kiinnike-lisavalolle-3-mm-51-mm\/#primaryimage\",\"url\":\"https:\/\/xenonkungen.com\/wp-content\/uploads\/2025\/04\/204525721-origpic-db86da.jpg\",\"contentUrl\":\"https:\/\/xenonkungen.com\/wp-content\/uploads\/2025\/04\/204525721-origpic-db86da.jpg\",\"width\":1000,\"height\":800},{\"@type\":\"BreadcrumbList\",\"@id\":\"https:\/\/xenonkungen.com\/fi\/tuote\/irrotettava-kiinnike-lisavalolle-3-mm-51-mm\/#breadcrumb\",\"itemListElement\":[{\"@type\":\"ListItem\",\"position\":1,\"name\":\"Hem\",\"item\":\"https:\/\/xenonkungen.com\/\"},{\"@type\":\"ListItem\",\"position\":2,\"name\":\"Shop\",\"item\":\"https:\/\/xenonkungen.com\/shop\/\"},{\"@type\":\"ListItem\",\"position\":3,\"name\":\"Avtagbart f\u00e4ste f\u00f6r extraljus (3mm) &#8211; 51mm\"}]},{\"@type\":\"WebSite\",\"@id\":\"https:\/\/xenonkungen.com\/#website\",\"url\":\"https:\/\/xenonkungen.com\/\",\"name\":\"Xenonkungen\",\"description\":\"\",\"potentialAction\":[{\"@type\":\"SearchAction\",\"target\":{\"@type\":\"EntryPoint\",\"urlTemplate\":\"https:\/\/xenonkungen.com\/?s={search_term_string}\"},\"query-input\":{\"@type\":\"PropertyValueSpecification\",\"valueRequired\":true,\"valueName\":\"search_term_string\"}}],\"inLanguage\":\"nl-NL\"}]}<\/script>\n<!-- \/ Yoast SEO plugin. -->","yoast_head_json":{"title":"Verwijderbare beugel voor extra verlichting (3 mm) - 51 mm - Xenonkungen","robots":{"index":"index","follow":"follow","max-snippet":"max-snippet:-1","max-image-preview":"max-image-preview:large","max-video-preview":"max-video-preview:-1"},"canonical":"https:\/\/xenonkungen.com\/nl\/product\/verwijderbare-bevestiging-voor-extra-licht-3-mm-51-mm\/","og_locale":"nl_NL","og_type":"article","og_title":"Avtagbart f\u00e4ste f\u00f6r extraljus (3mm) - 51mm - Xenonkungen","og_description":"F\u00e4ste f\u00f6r montering av extraljus (\u00d851mm) Avtagbart f\u00e4ste i 3mm gods f\u00f6r montering av extraljus. Tillverkat i h\u00f6gpolerat rostfritt st\u00e5l. F\u00f6r montering p\u00e5 \u00d851mm r\u00f6r. Detta \u00d851mm f\u00e4ste passar p\u00e5 det nedre staget p\u00e5 v\u00e5ra frontb\u00e5gar med design &#8221;MINDRE&#8221;. Det passar \u00e4ven p\u00e5 48mm till 51mm r\u00f6ret (det nedre) p\u00e5 v\u00e5ra EU frontb\u00e5gar. Bredden p\u00e5 [&hellip;]","og_url":"https:\/\/xenonkungen.com\/nl\/product\/verwijderbare-bevestiging-voor-extra-licht-3-mm-51-mm\/","og_site_name":"Xenonkungen","article_modified_time":"2026-02-06T15:47:53+00:00","og_image":[{"width":1000,"height":800,"url":"https:\/\/xenonkungen.com\/wp-content\/uploads\/2025\/04\/204525721-origpic-db86da.jpg","type":"image\/jpeg"}],"twitter_card":"summary_large_image","twitter_misc":{"Geschatte leestijd":"1 minuut"},"schema":{"@context":"https:\/\/schema.org","@graph":[{"@type":"WebPage","@id":"https:\/\/xenonkungen.com\/fi\/tuote\/irrotettava-kiinnike-lisavalolle-3-mm-51-mm\/","url":"https:\/\/xenonkungen.com\/fi\/tuote\/irrotettava-kiinnike-lisavalolle-3-mm-51-mm\/","name":"Verwijderbare beugel voor extra verlichting (3 mm) - 51 mm - Xenonkungen","isPartOf":{"@id":"https:\/\/xenonkungen.com\/#website"},"primaryImageOfPage":{"@id":"https:\/\/xenonkungen.com\/fi\/tuote\/irrotettava-kiinnike-lisavalolle-3-mm-51-mm\/#primaryimage"},"image":{"@id":"https:\/\/xenonkungen.com\/fi\/tuote\/irrotettava-kiinnike-lisavalolle-3-mm-51-mm\/#primaryimage"},"thumbnailUrl":"https:\/\/xenonkungen.com\/wp-content\/uploads\/2025\/04\/204525721-origpic-db86da.jpg","datePublished":"2025-04-15T09:32:33+00:00","dateModified":"2026-02-06T15:47:53+00:00","breadcrumb":{"@id":"https:\/\/xenonkungen.com\/fi\/tuote\/irrotettava-kiinnike-lisavalolle-3-mm-51-mm\/#breadcrumb"},"inLanguage":"nl-NL","potentialAction":[{"@type":"ReadAction","target":["https:\/\/xenonkungen.com\/fi\/tuote\/irrotettava-kiinnike-lisavalolle-3-mm-51-mm\/"]}]},{"@type":"ImageObject","inLanguage":"nl-NL","@id":"https:\/\/xenonkungen.com\/fi\/tuote\/irrotettava-kiinnike-lisavalolle-3-mm-51-mm\/#primaryimage","url":"https:\/\/xenonkungen.com\/wp-content\/uploads\/2025\/04\/204525721-origpic-db86da.jpg","contentUrl":"https:\/\/xenonkungen.com\/wp-content\/uploads\/2025\/04\/204525721-origpic-db86da.jpg","width":1000,"height":800},{"@type":"BreadcrumbList","@id":"https:\/\/xenonkungen.com\/fi\/tuote\/irrotettava-kiinnike-lisavalolle-3-mm-51-mm\/#breadcrumb","itemListElement":[{"@type":"ListItem","position":1,"name":"Hem","item":"https:\/\/xenonkungen.com\/"},{"@type":"ListItem","position":2,"name":"Shop","item":"https:\/\/xenonkungen.com\/shop\/"},{"@type":"ListItem","position":3,"name":"Avtagbart f\u00e4ste f\u00f6r extraljus (3mm) &#8211; 51mm"}]},{"@type":"WebSite","@id":"https:\/\/xenonkungen.com\/#website","url":"https:\/\/xenonkungen.com\/","name":"Xenonkungen","description":"","potentialAction":[{"@type":"SearchAction","target":{"@type":"EntryPoint","urlTemplate":"https:\/\/xenonkungen.com\/?s={search_term_string}"},"query-input":{"@type":"PropertyValueSpecification","valueRequired":true,"valueName":"search_term_string"}}],"inLanguage":"nl-NL"}]}},"taxonomy_info":{"product_cat":[{"value":2537,"label":"F\u00e4sten"},{"value":2841,"label":"Installation extraljus"},{"value":2669,"label":"Monteringstillbeh\u00f6r"},{"value":390,"label":"Installation"}],"pa_storlek-mm":[{"value":392,"label":"51"}]},"featured_image_src_large":["https:\/\/xenonkungen.com\/wp-content\/uploads\/2025\/04\/204525721-origpic-db86da.jpg",1000,800,false],"author_info":[],"comment_info":0,"_links":{"self":[{"href":"https:\/\/xenonkungen.com\/nl\/wp-json\/wp\/v2\/product\/5688","targetHints":{"allow":["GET"]}}],"collection":[{"href":"https:\/\/xenonkungen.com\/nl\/wp-json\/wp\/v2\/product"}],"about":[{"href":"https:\/\/xenonkungen.com\/nl\/wp-json\/wp\/v2\/types\/product"}],"replies":[{"embeddable":true,"href":"https:\/\/xenonkungen.com\/nl\/wp-json\/wp\/v2\/comments?post=5688"}],"wp:featuredmedia":[{"embeddable":true,"href":"https:\/\/xenonkungen.com\/nl\/wp-json\/wp\/v2\/media\/5689"}],"wp:attachment":[{"href":"https:\/\/xenonkungen.com\/nl\/wp-json\/wp\/v2\/media?parent=5688"}],"wp:term":[{"taxonomy":"anvandningsomrade","embeddable":true,"href":"https:\/\/xenonkungen.com\/nl\/wp-json\/wp\/v2\/anvandningsomrade?post=5688"},{"taxonomy":"bilmarken","embeddable":true,"href":"https:\/\/xenonkungen.com\/nl\/wp-json\/wp\/v2\/bilmarken?post=5688"},{"taxonomy":"product_brand","embeddable":true,"href":"https:\/\/xenonkungen.com\/nl\/wp-json\/wp\/v2\/product_brand?post=5688"},{"taxonomy":"product_cat","embeddable":true,"href":"https:\/\/xenonkungen.com\/nl\/wp-json\/wp\/v2\/product_cat?post=5688"},{"taxonomy":"product_tag","embeddable":true,"href":"https:\/\/xenonkungen.com\/nl\/wp-json\/wp\/v2\/product_tag?post=5688"}],"curies":[{"name":"wp","href":"https:\/\/api.w.org\/{rel}","templated":true}]}}