{"id":5856,"date":"2025-04-15T09:36:36","date_gmt":"2025-04-15T09:36:36","guid":{"rendered":"https:\/\/xenonkungen.com\/product\/ledriving-hl-easy-h3\/"},"modified":"2026-04-11T01:23:04","modified_gmt":"2026-04-11T00:23:04","slug":"led-aandrijf-hl-easy-h3","status":"publish","type":"product","link":"https:\/\/xenonkungen.com\/nl\/product\/led-aandrijf-hl-easy-h3\/","title":{"rendered":"LEDriving HL EASY H3"},"content":{"rendered":"<h2 class=\"font-headline-text-bold orange\">LED-lampen voor groot- en dimlicht met plug &amp; play-systeem \u2013 geen adapters nodig.<\/h2>\n<p><span>Dankzij de ultracompacte oplossing met fitting vervangt de OSRAM LEDriving HL EASY conventionele H3-lampen voor grootlicht en dimlicht door een koelwitte ledlamp. Ze geven uw auto een elegante uitstraling en superieure helderheid. De lampen zijn eenvoudig te installeren en compatibel met een plug-and-play-systeem \u2013 geen adapters nodig! <\/span><\/p>\n<p><span>Een geoptimaliseerde, snelle ventilator zorgt voor actieve koeling. Dit zorgt voor hogere prestaties en een hoge helderheid dankzij maximale warmteafvoer. De LEDriving HL EASY-lampen van OSRAM voor groot- en dimlicht vervangen conventionele halogeenlampen, zijn 12V-compatibel en hebben een koelwitte kleurtemperatuur. Dankzij de nieuwste technologie en een zeer compact ontwerp bieden de nieuwe lampen een hoge compatibiliteit en eenvoudige installatie in auto&#039;s met het bijbehorende type halogeenlamp. <\/span><\/p>\n<p><span>Deze producten zijn niet ECE-goedgekeurd en mogen niet buiten op de openbare weg worden gebruikt. De verkoop en het gebruik van deze producten is in bepaalde landen niet toegestaan. Neem contact op met uw lokale dealer voor meer informatie.<\/span><\/p>\n<p><span><strong>Elektrische gegevens:<\/strong><br \/>\u2013 Maximaal vermogen: 8W<br \/>- Nominale nominale spanning: 12,0 V<br \/>\u2013 Nominaal vermogen: 8W<br \/>- Testspanning in volt: 13,2 V<br \/><\/span><\/p>\n<p><span><strong>Fotometrische gegevens:<\/strong><br \/>\u2013 Lichtstroom: 900 lm<br \/>- Lichtstroom, tolerantie: \u00b125 %<br \/>\u2013 Lichtkleur: Koel wit<br \/>\u2013 Kleurtemperatuur: 6500 K<\/span><\/p>\n<p><span><strong>Afmetingen:<\/strong><br \/>\u2013 Diameter: 12,5 mm<br \/>\u2013 Lengte: 41,0 mm<br \/>\u2013 Productgewicht: 13,80 g<br \/><\/span><\/p>\n<p><span><strong>Levensverwachting:<\/strong><br \/>\u2013 Levensduur Tc in uren: 1000 uur<\/span><\/p>","protected":false},"excerpt":{"rendered":"<p>Upgrade de verlichting van uw auto met OSRAM LEDriving HL EASY. Deze hoogwaardige ledlampen bieden eenvoudige plug-and-play installatie, superieure helderheid en stijlvol koelwit licht. Perfect voor groot- en dimlicht zonder adapters of speciaal gereedschap.<\/p>","protected":false},"featured_media":5857,"comment_status":"closed","ping_status":"open","template":"","meta":{"_acf_changed":false,"_smort_price_nok":"1170","_smort_price_dkk":"743","_smort_price_eur":"99.54","_smort_sale_price_nok":"","_smort_sale_price_dkk":"","_smort_sale_price_eur":"","smort_restorder":"","shipmondo_restorder":"","_kad_blocks_custom_css":"","_kad_blocks_head_custom_js":"","_kad_blocks_body_custom_js":"","_kad_blocks_footer_custom_js":"","smort_custom_pricelist_1":"700.8","smort_custom_pricelist_2":"613.2","smort_custom_pricelist_3":"569.4","smort_custom_pricelist_4":"876","smort_custom_pricelist_5":"613.2"},"anvandningsomrade":[],"bilmarken":[],"product_brand":[108],"product_cat":[2633,733],"product_tag":[],"class_list":{"0":"post-5856","1":"product","2":"type-product","3":"status-publish","4":"has-post-thumbnail","6":"product_brand-osram","7":"product_cat-osram-ledriving-halvljus-helljus","8":"product_cat-halvljus-helljus","9":"pa_faktisk-effekts-forbrukning-1692","10":"pa_fargtemperatur-6500k","11":"pa_lampsockel-kontakt-h3","12":"pa_volt-v-159","14":"first","15":"instock","16":"taxable","17":"shipping-taxable","18":"purchasable","19":"product-type-simple"},"bundled_by":[],"bundle_stock_status":"instock","bundle_stock_quantity":5,"bundle_virtual":false,"bundle_layout":"","bundle_add_to_cart_form_location":"","bundle_editable_in_cart":false,"bundle_sold_individually_context":"","bundle_item_grouping":"","bundle_min_size":"","bundle_max_size":"","bundle_price":[],"bundled_items":[],"bundle_sell_ids":[],"acf":[],"yoast_head":"<!-- This site is optimized with the Yoast SEO plugin v27.0 - https:\/\/yoast.com\/product\/yoast-seo-wordpress\/ -->\n<title>LEDriving HL EASY H3 - Xenonkungen<\/title>\n<meta name=\"robots\" content=\"index, follow, max-snippet:-1, max-image-preview:large, max-video-preview:-1\" \/>\n<link rel=\"canonical\" href=\"https:\/\/xenonkungen.com\/nl\/product\/led-aandrijf-hl-easy-h3\/\" \/>\n<meta property=\"og:locale\" content=\"nl_NL\" \/>\n<meta property=\"og:type\" content=\"article\" \/>\n<meta property=\"og:title\" content=\"LEDriving HL EASY H3 - Xenonkungen\" \/>\n<meta property=\"og:description\" content=\"Uppgradera din bils belysning med OSRAM LEDriving HL EASY. Dessa h\u00f6gpresterande LED-lampor erbjuder enkel plug &amp; play-installation, \u00f6verl\u00e4gsen ljusstyrka och ett stilrent kallvitt ljus. Perfekt f\u00f6r helljus och halvljus utan behov av adaptrar eller specialverktyg.\" \/>\n<meta property=\"og:url\" content=\"https:\/\/xenonkungen.com\/nl\/product\/led-aandrijf-hl-easy-h3\/\" \/>\n<meta property=\"og:site_name\" content=\"Xenonkungen\" \/>\n<meta property=\"article:modified_time\" content=\"2026-04-11T00:23:04+00:00\" \/>\n<meta property=\"og:image\" content=\"https:\/\/xenonkungen.com\/wp-content\/uploads\/2025\/04\/215460671-origpic-62ca03.jpg\" \/>\n\t<meta property=\"og:image:width\" content=\"868\" \/>\n\t<meta property=\"og:image:height\" content=\"729\" \/>\n\t<meta property=\"og:image:type\" content=\"image\/jpeg\" \/>\n<meta name=\"twitter:card\" content=\"summary_large_image\" \/>\n<meta name=\"twitter:label1\" content=\"Geschatte leestijd\" \/>\n\t<meta name=\"twitter:data1\" content=\"1 minuut\" \/>\n<script type=\"application\/ld+json\" class=\"yoast-schema-graph\">{\"@context\":\"https:\/\/schema.org\",\"@graph\":[{\"@type\":\"WebPage\",\"@id\":\"https:\/\/xenonkungen.com\/produkt\/ledriving-hl-easy-h3\/\",\"url\":\"https:\/\/xenonkungen.com\/produkt\/ledriving-hl-easy-h3\/\",\"name\":\"LEDriving HL EASY H3 - Xenonkungen\",\"isPartOf\":{\"@id\":\"https:\/\/xenonkungen.com\/#website\"},\"primaryImageOfPage\":{\"@id\":\"https:\/\/xenonkungen.com\/produkt\/ledriving-hl-easy-h3\/#primaryimage\"},\"image\":{\"@id\":\"https:\/\/xenonkungen.com\/produkt\/ledriving-hl-easy-h3\/#primaryimage\"},\"thumbnailUrl\":\"https:\/\/xenonkungen.com\/wp-content\/uploads\/2025\/04\/215460671-origpic-62ca03.jpg\",\"datePublished\":\"2025-04-15T09:36:36+00:00\",\"dateModified\":\"2026-04-11T00:23:04+00:00\",\"breadcrumb\":{\"@id\":\"https:\/\/xenonkungen.com\/produkt\/ledriving-hl-easy-h3\/#breadcrumb\"},\"inLanguage\":\"nl-NL\",\"potentialAction\":[{\"@type\":\"ReadAction\",\"target\":[\"https:\/\/xenonkungen.com\/produkt\/ledriving-hl-easy-h3\/\"]}]},{\"@type\":\"ImageObject\",\"inLanguage\":\"nl-NL\",\"@id\":\"https:\/\/xenonkungen.com\/produkt\/ledriving-hl-easy-h3\/#primaryimage\",\"url\":\"https:\/\/xenonkungen.com\/wp-content\/uploads\/2025\/04\/215460671-origpic-62ca03.jpg\",\"contentUrl\":\"https:\/\/xenonkungen.com\/wp-content\/uploads\/2025\/04\/215460671-origpic-62ca03.jpg\",\"width\":868,\"height\":729},{\"@type\":\"BreadcrumbList\",\"@id\":\"https:\/\/xenonkungen.com\/produkt\/ledriving-hl-easy-h3\/#breadcrumb\",\"itemListElement\":[{\"@type\":\"ListItem\",\"position\":1,\"name\":\"Hem\",\"item\":\"https:\/\/xenonkungen.com\/\"},{\"@type\":\"ListItem\",\"position\":2,\"name\":\"Shop\",\"item\":\"https:\/\/xenonkungen.com\/shop\/\"},{\"@type\":\"ListItem\",\"position\":3,\"name\":\"LEDriving HL EASY H3\"}]},{\"@type\":\"WebSite\",\"@id\":\"https:\/\/xenonkungen.com\/#website\",\"url\":\"https:\/\/xenonkungen.com\/\",\"name\":\"Xenonkungen\",\"description\":\"\",\"potentialAction\":[{\"@type\":\"SearchAction\",\"target\":{\"@type\":\"EntryPoint\",\"urlTemplate\":\"https:\/\/xenonkungen.com\/?s={search_term_string}\"},\"query-input\":{\"@type\":\"PropertyValueSpecification\",\"valueRequired\":true,\"valueName\":\"search_term_string\"}}],\"inLanguage\":\"nl-NL\"}]}<\/script>\n<!-- \/ Yoast SEO plugin. -->","yoast_head_json":{"title":"LEDriving HL EASY H3 - De Xenon-koning","robots":{"index":"index","follow":"follow","max-snippet":"max-snippet:-1","max-image-preview":"max-image-preview:large","max-video-preview":"max-video-preview:-1"},"canonical":"https:\/\/xenonkungen.com\/nl\/product\/led-aandrijf-hl-easy-h3\/","og_locale":"nl_NL","og_type":"article","og_title":"LEDriving HL EASY H3 - Xenonkungen","og_description":"Uppgradera din bils belysning med OSRAM LEDriving HL EASY. Dessa h\u00f6gpresterande LED-lampor erbjuder enkel plug & play-installation, \u00f6verl\u00e4gsen ljusstyrka och ett stilrent kallvitt ljus. Perfekt f\u00f6r helljus och halvljus utan behov av adaptrar eller specialverktyg.","og_url":"https:\/\/xenonkungen.com\/nl\/product\/led-aandrijf-hl-easy-h3\/","og_site_name":"Xenonkungen","article_modified_time":"2026-04-11T00:23:04+00:00","og_image":[{"width":868,"height":729,"url":"https:\/\/xenonkungen.com\/wp-content\/uploads\/2025\/04\/215460671-origpic-62ca03.jpg","type":"image\/jpeg"}],"twitter_card":"summary_large_image","twitter_misc":{"Geschatte leestijd":"1 minuut"},"schema":{"@context":"https:\/\/schema.org","@graph":[{"@type":"WebPage","@id":"https:\/\/xenonkungen.com\/produkt\/ledriving-hl-easy-h3\/","url":"https:\/\/xenonkungen.com\/produkt\/ledriving-hl-easy-h3\/","name":"LEDriving HL EASY H3 - De Xenon-koning","isPartOf":{"@id":"https:\/\/xenonkungen.com\/#website"},"primaryImageOfPage":{"@id":"https:\/\/xenonkungen.com\/produkt\/ledriving-hl-easy-h3\/#primaryimage"},"image":{"@id":"https:\/\/xenonkungen.com\/produkt\/ledriving-hl-easy-h3\/#primaryimage"},"thumbnailUrl":"https:\/\/xenonkungen.com\/wp-content\/uploads\/2025\/04\/215460671-origpic-62ca03.jpg","datePublished":"2025-04-15T09:36:36+00:00","dateModified":"2026-04-11T00:23:04+00:00","breadcrumb":{"@id":"https:\/\/xenonkungen.com\/produkt\/ledriving-hl-easy-h3\/#breadcrumb"},"inLanguage":"nl-NL","potentialAction":[{"@type":"ReadAction","target":["https:\/\/xenonkungen.com\/produkt\/ledriving-hl-easy-h3\/"]}]},{"@type":"ImageObject","inLanguage":"nl-NL","@id":"https:\/\/xenonkungen.com\/produkt\/ledriving-hl-easy-h3\/#primaryimage","url":"https:\/\/xenonkungen.com\/wp-content\/uploads\/2025\/04\/215460671-origpic-62ca03.jpg","contentUrl":"https:\/\/xenonkungen.com\/wp-content\/uploads\/2025\/04\/215460671-origpic-62ca03.jpg","width":868,"height":729},{"@type":"BreadcrumbList","@id":"https:\/\/xenonkungen.com\/produkt\/ledriving-hl-easy-h3\/#breadcrumb","itemListElement":[{"@type":"ListItem","position":1,"name":"Hem","item":"https:\/\/xenonkungen.com\/"},{"@type":"ListItem","position":2,"name":"Shop","item":"https:\/\/xenonkungen.com\/shop\/"},{"@type":"ListItem","position":3,"name":"LEDriving HL EASY H3"}]},{"@type":"WebSite","@id":"https:\/\/xenonkungen.com\/#website","url":"https:\/\/xenonkungen.com\/","name":"Xenonkungen","description":"","potentialAction":[{"@type":"SearchAction","target":{"@type":"EntryPoint","urlTemplate":"https:\/\/xenonkungen.com\/?s={search_term_string}"},"query-input":{"@type":"PropertyValueSpecification","valueRequired":true,"valueName":"search_term_string"}}],"inLanguage":"nl-NL"}]}},"taxonomy_info":{"product_brand":[{"value":108,"label":"OSRAM"}],"product_cat":[{"value":2633,"label":"OSRAM Ledriving"},{"value":733,"label":"Halvljus \/ Helljus"}],"pa_faktisk-effekts-forbrukning":[{"value":1692,"label":"8"}],"pa_fargtemperatur":[{"value":353,"label":"6500K"}],"pa_lampsockel-kontakt":[{"value":339,"label":"H3"}],"pa_volt-v":[{"value":159,"label":"12"}]},"featured_image_src_large":["https:\/\/xenonkungen.com\/wp-content\/uploads\/2025\/04\/215460671-origpic-62ca03.jpg",868,729,false],"author_info":[],"comment_info":1,"_links":{"self":[{"href":"https:\/\/xenonkungen.com\/nl\/wp-json\/wp\/v2\/product\/5856","targetHints":{"allow":["GET"]}}],"collection":[{"href":"https:\/\/xenonkungen.com\/nl\/wp-json\/wp\/v2\/product"}],"about":[{"href":"https:\/\/xenonkungen.com\/nl\/wp-json\/wp\/v2\/types\/product"}],"replies":[{"embeddable":true,"href":"https:\/\/xenonkungen.com\/nl\/wp-json\/wp\/v2\/comments?post=5856"}],"wp:featuredmedia":[{"embeddable":true,"href":"https:\/\/xenonkungen.com\/nl\/wp-json\/wp\/v2\/media\/5857"}],"wp:attachment":[{"href":"https:\/\/xenonkungen.com\/nl\/wp-json\/wp\/v2\/media?parent=5856"}],"wp:term":[{"taxonomy":"anvandningsomrade","embeddable":true,"href":"https:\/\/xenonkungen.com\/nl\/wp-json\/wp\/v2\/anvandningsomrade?post=5856"},{"taxonomy":"bilmarken","embeddable":true,"href":"https:\/\/xenonkungen.com\/nl\/wp-json\/wp\/v2\/bilmarken?post=5856"},{"taxonomy":"product_brand","embeddable":true,"href":"https:\/\/xenonkungen.com\/nl\/wp-json\/wp\/v2\/product_brand?post=5856"},{"taxonomy":"product_cat","embeddable":true,"href":"https:\/\/xenonkungen.com\/nl\/wp-json\/wp\/v2\/product_cat?post=5856"},{"taxonomy":"product_tag","embeddable":true,"href":"https:\/\/xenonkungen.com\/nl\/wp-json\/wp\/v2\/product_tag?post=5856"}],"curies":[{"name":"wp","href":"https:\/\/api.w.org\/{rel}","templated":true}]}}