{"id":5889,"date":"2025-04-15T09:36:49","date_gmt":"2025-04-15T09:36:49","guid":{"rendered":"https:\/\/xenonkungen.com\/product\/ledriving-hl-bright-h4-h19\/"},"modified":"2026-04-11T01:23:42","modified_gmt":"2026-04-11T00:23:42","slug":"led-rijlicht-hl-helder-h4-h19","status":"publish","type":"product","link":"https:\/\/xenonkungen.com\/nl\/product\/led-rijlicht-hl-helder-h4-h19\/","title":{"rendered":"LEDriving\u00ae HL BRIGHT H4\/H19"},"content":{"rendered":"<div class=\"product-description\">\n<h1>Ontdek OSRAM LEDriving HL BRIGHT<\/h1>\n<p>Een hoogwaardige LED-retrolamp die uw autoverlichting naar een hoger niveau tilt. Met <strong>tot +300% meer helderheid<\/strong> vergeleken met standaard halogeenlampen (volgens ECE R112) krijgt u niet alleen een uitstekend zicht, maar ook een stijlvolle, moderne uitstraling dankzij de <strong>koel wit licht bij 6000K<\/strong>Of het nu gaat om verkeersborden, obstakels of gevaren op de weg: u ziet alles eerder en duidelijker, wat zorgt voor meer veiligheid achter het stuur.<\/p>\n<p>De geoptimaliseerde lichtverdeling vermindert ook de schittering en met <strong>OSRAM premium kwaliteit<\/strong> en geavanceerde LED-technologie, krijg je een lamp die tot wel <strong>5 keer langer<\/strong> dan gewone gloeilampen. De LEDriving HL BRIGHT-lampen worden per paar geleverd en worden geleverd met een <strong>4 jaar garantie<\/strong>waardoor dit een veilige investering is voor u en uw auto.<\/p>\n<h2>Eenvoudige installatie en hoge compatibiliteit<\/h2>\n<p>Dankzij het compacte ontwerp en de eenvoudige installatie zijn deze lampen perfect voor auto&#039;s met halogeenlampen en 12V-systemen. Let op: deze lampen zijn niet ECE-gecertificeerd en bedoeld voor offroad-gebruik.<\/p>\n<p>Geef uw auto de upgrade die hij verdient \u2013 combineer <strong>moderne stijl en verbeterde veiligheid<\/strong> met OSRAM LEDriving HL BRIGHT.<\/p>\n<h3><strong>Technische specificaties<\/strong><\/h3>\n<p><strong>Elektrische gegevens<\/strong><\/p>\n<p>\u2013 Stroomverbruik: 15 \/ 15 W<br \/>- Nominale spanning: 12,0 V<br \/>\u2013 Nominaal vermogen: 15 W<\/p>\n<p><strong>Fotometrische gegevens<\/strong><\/p>\n<p>\u2013 Nominale lichtstroom: 1400\/1100 lm<br \/>- Tolerantie lichtstroom: \u00b120 %<br \/>- Kleur LED-licht: Koel wit<br \/>- Kleurtemperatuur: 6000 K<\/p>\n<p><strong>Fysieke eigenschappen en afmetingen<\/strong><\/p>\n<p>\u2013 Lengte: 80,2 mm<br \/>- Diameter: 14,0 mm<br \/>\u2013 Productgewicht: 80,00 g<br \/>- Lamphouders: <span>P43t<\/span><\/p>\n<p><strong>Gegevens levensduur<\/strong><\/p>\n<p>- Levensduur Tc: 5000 uur<\/p>\n<p><strong>Garantie:<\/strong><\/p>\n<p>- 4 jaar<\/p>\n<\/div>","protected":false},"excerpt":{"rendered":"<p>LEDriving\u00ae HL BRIGHT H4\/H19 biedt krachtige ledverlichting met 1100\/1400 lumen en een kleurtemperatuur van 6000 K. Deze 12V-lamp combineert hoge prestaties met een modern, koelwit licht, wat zorgt voor een betere zichtbaarheid en meer stijl in uw voertuig.<\/p>","protected":false},"featured_media":5890,"comment_status":"closed","ping_status":"open","template":"","meta":{"_acf_changed":false,"_smort_price_nok":"1490","_smort_price_dkk":"947","_smort_price_eur":"126.81","_smort_sale_price_nok":"","_smort_sale_price_dkk":"","_smort_sale_price_eur":"","smort_restorder":"","shipmondo_restorder":"","_kad_blocks_custom_css":"","_kad_blocks_head_custom_js":"","_kad_blocks_body_custom_js":"","_kad_blocks_footer_custom_js":"","smort_custom_pricelist_1":"892.8","smort_custom_pricelist_2":"781.2","smort_custom_pricelist_3":"725.4","smort_custom_pricelist_4":"1116","smort_custom_pricelist_5":"781.2"},"anvandningsomrade":[],"bilmarken":[],"product_brand":[108],"product_cat":[2633,733],"product_tag":[],"class_list":{"0":"post-5889","1":"product","2":"type-product","3":"status-publish","4":"has-post-thumbnail","6":"product_brand-osram","7":"product_cat-osram-ledriving-halvljus-helljus","8":"product_cat-halvljus-helljus","9":"pa_faktisk-effekts-forbrukning-537","10":"pa_fargtemperatur-6000k","11":"pa_lampsockel-kontakt-h4-h19","12":"pa_volt-v-159","14":"first","15":"instock","16":"taxable","17":"shipping-taxable","18":"purchasable","19":"product-type-simple"},"bundled_by":[],"bundle_stock_status":"instock","bundle_stock_quantity":12,"bundle_virtual":false,"bundle_layout":"","bundle_add_to_cart_form_location":"","bundle_editable_in_cart":false,"bundle_sold_individually_context":"","bundle_item_grouping":"","bundle_min_size":"","bundle_max_size":"","bundle_price":[],"bundled_items":[],"bundle_sell_ids":[],"acf":[],"yoast_head":"<!-- This site is optimized with the Yoast SEO plugin v27.0 - https:\/\/yoast.com\/product\/yoast-seo-wordpress\/ -->\n<title>LEDriving\u00ae HL BRIGHT H4\/H19 - Xenonkungen<\/title>\n<meta name=\"robots\" content=\"index, follow, max-snippet:-1, max-image-preview:large, max-video-preview:-1\" \/>\n<link rel=\"canonical\" href=\"https:\/\/xenonkungen.com\/nl\/product\/led-rijlicht-hl-helder-h4-h19\/\" \/>\n<meta property=\"og:locale\" content=\"nl_NL\" \/>\n<meta property=\"og:type\" content=\"article\" \/>\n<meta property=\"og:title\" content=\"LEDriving\u00ae HL BRIGHT H4\/H19 - Xenonkungen\" \/>\n<meta property=\"og:description\" content=\"LEDriving\u00ae HL BRIGHT H4\/H19 erbjuder kraftfull LED-belysning med 1100\/1400 lumen och en f\u00e4rgtemperatur p\u00e5 6000K. Denna 12V-lampa kombinerar h\u00f6g prestanda med ett modernt, kallvitt ljus, vilket ger f\u00f6rb\u00e4ttrad sikt och stil till ditt fordon.\" \/>\n<meta property=\"og:url\" content=\"https:\/\/xenonkungen.com\/nl\/product\/led-rijlicht-hl-helder-h4-h19\/\" \/>\n<meta property=\"og:site_name\" content=\"Xenonkungen\" \/>\n<meta property=\"article:modified_time\" content=\"2026-04-11T00:23:42+00:00\" \/>\n<meta property=\"og:image\" content=\"https:\/\/xenonkungen.com\/wp-content\/uploads\/2025\/04\/215797193-origpic-504f39.jpg\" \/>\n\t<meta property=\"og:image:width\" content=\"1024\" \/>\n\t<meta property=\"og:image:height\" content=\"674\" \/>\n\t<meta property=\"og:image:type\" content=\"image\/jpeg\" \/>\n<meta name=\"twitter:card\" content=\"summary_large_image\" \/>\n<meta name=\"twitter:label1\" content=\"Geschatte leestijd\" \/>\n\t<meta name=\"twitter:data1\" content=\"1 minuut\" \/>\n<script type=\"application\/ld+json\" class=\"yoast-schema-graph\">{\"@context\":\"https:\/\/schema.org\",\"@graph\":[{\"@type\":\"WebPage\",\"@id\":\"https:\/\/xenonkungen.com\/produkt\/ledriving-hl-bright-h4-h19\/\",\"url\":\"https:\/\/xenonkungen.com\/produkt\/ledriving-hl-bright-h4-h19\/\",\"name\":\"LEDriving\u00ae HL BRIGHT H4\/H19 - Xenonkungen\",\"isPartOf\":{\"@id\":\"https:\/\/xenonkungen.com\/#website\"},\"primaryImageOfPage\":{\"@id\":\"https:\/\/xenonkungen.com\/produkt\/ledriving-hl-bright-h4-h19\/#primaryimage\"},\"image\":{\"@id\":\"https:\/\/xenonkungen.com\/produkt\/ledriving-hl-bright-h4-h19\/#primaryimage\"},\"thumbnailUrl\":\"https:\/\/xenonkungen.com\/wp-content\/uploads\/2025\/04\/215797193-origpic-504f39.jpg\",\"datePublished\":\"2025-04-15T09:36:49+00:00\",\"dateModified\":\"2026-04-11T00:23:42+00:00\",\"breadcrumb\":{\"@id\":\"https:\/\/xenonkungen.com\/produkt\/ledriving-hl-bright-h4-h19\/#breadcrumb\"},\"inLanguage\":\"nl-NL\",\"potentialAction\":[{\"@type\":\"ReadAction\",\"target\":[\"https:\/\/xenonkungen.com\/produkt\/ledriving-hl-bright-h4-h19\/\"]}]},{\"@type\":\"ImageObject\",\"inLanguage\":\"nl-NL\",\"@id\":\"https:\/\/xenonkungen.com\/produkt\/ledriving-hl-bright-h4-h19\/#primaryimage\",\"url\":\"https:\/\/xenonkungen.com\/wp-content\/uploads\/2025\/04\/215797193-origpic-504f39.jpg\",\"contentUrl\":\"https:\/\/xenonkungen.com\/wp-content\/uploads\/2025\/04\/215797193-origpic-504f39.jpg\",\"width\":1024,\"height\":674},{\"@type\":\"BreadcrumbList\",\"@id\":\"https:\/\/xenonkungen.com\/produkt\/ledriving-hl-bright-h4-h19\/#breadcrumb\",\"itemListElement\":[{\"@type\":\"ListItem\",\"position\":1,\"name\":\"Hem\",\"item\":\"https:\/\/xenonkungen.com\/\"},{\"@type\":\"ListItem\",\"position\":2,\"name\":\"Shop\",\"item\":\"https:\/\/xenonkungen.com\/shop\/\"},{\"@type\":\"ListItem\",\"position\":3,\"name\":\"LEDriving\u00ae HL BRIGHT H4\/H19\"}]},{\"@type\":\"WebSite\",\"@id\":\"https:\/\/xenonkungen.com\/#website\",\"url\":\"https:\/\/xenonkungen.com\/\",\"name\":\"Xenonkungen\",\"description\":\"\",\"potentialAction\":[{\"@type\":\"SearchAction\",\"target\":{\"@type\":\"EntryPoint\",\"urlTemplate\":\"https:\/\/xenonkungen.com\/?s={search_term_string}\"},\"query-input\":{\"@type\":\"PropertyValueSpecification\",\"valueRequired\":true,\"valueName\":\"search_term_string\"}}],\"inLanguage\":\"nl-NL\"}]}<\/script>\n<!-- \/ Yoast SEO plugin. -->","yoast_head_json":{"title":"LEDriving\u00ae HL BRIGHT H4\/H19 - De xenon-koning","robots":{"index":"index","follow":"follow","max-snippet":"max-snippet:-1","max-image-preview":"max-image-preview:large","max-video-preview":"max-video-preview:-1"},"canonical":"https:\/\/xenonkungen.com\/nl\/product\/led-rijlicht-hl-helder-h4-h19\/","og_locale":"nl_NL","og_type":"article","og_title":"LEDriving\u00ae HL BRIGHT H4\/H19 - Xenonkungen","og_description":"LEDriving\u00ae HL BRIGHT H4\/H19 erbjuder kraftfull LED-belysning med 1100\/1400 lumen och en f\u00e4rgtemperatur p\u00e5 6000K. Denna 12V-lampa kombinerar h\u00f6g prestanda med ett modernt, kallvitt ljus, vilket ger f\u00f6rb\u00e4ttrad sikt och stil till ditt fordon.","og_url":"https:\/\/xenonkungen.com\/nl\/product\/led-rijlicht-hl-helder-h4-h19\/","og_site_name":"Xenonkungen","article_modified_time":"2026-04-11T00:23:42+00:00","og_image":[{"width":1024,"height":674,"url":"https:\/\/xenonkungen.com\/wp-content\/uploads\/2025\/04\/215797193-origpic-504f39.jpg","type":"image\/jpeg"}],"twitter_card":"summary_large_image","twitter_misc":{"Geschatte leestijd":"1 minuut"},"schema":{"@context":"https:\/\/schema.org","@graph":[{"@type":"WebPage","@id":"https:\/\/xenonkungen.com\/produkt\/ledriving-hl-bright-h4-h19\/","url":"https:\/\/xenonkungen.com\/produkt\/ledriving-hl-bright-h4-h19\/","name":"LEDriving\u00ae HL BRIGHT H4\/H19 - De xenon-koning","isPartOf":{"@id":"https:\/\/xenonkungen.com\/#website"},"primaryImageOfPage":{"@id":"https:\/\/xenonkungen.com\/produkt\/ledriving-hl-bright-h4-h19\/#primaryimage"},"image":{"@id":"https:\/\/xenonkungen.com\/produkt\/ledriving-hl-bright-h4-h19\/#primaryimage"},"thumbnailUrl":"https:\/\/xenonkungen.com\/wp-content\/uploads\/2025\/04\/215797193-origpic-504f39.jpg","datePublished":"2025-04-15T09:36:49+00:00","dateModified":"2026-04-11T00:23:42+00:00","breadcrumb":{"@id":"https:\/\/xenonkungen.com\/produkt\/ledriving-hl-bright-h4-h19\/#breadcrumb"},"inLanguage":"nl-NL","potentialAction":[{"@type":"ReadAction","target":["https:\/\/xenonkungen.com\/produkt\/ledriving-hl-bright-h4-h19\/"]}]},{"@type":"ImageObject","inLanguage":"nl-NL","@id":"https:\/\/xenonkungen.com\/produkt\/ledriving-hl-bright-h4-h19\/#primaryimage","url":"https:\/\/xenonkungen.com\/wp-content\/uploads\/2025\/04\/215797193-origpic-504f39.jpg","contentUrl":"https:\/\/xenonkungen.com\/wp-content\/uploads\/2025\/04\/215797193-origpic-504f39.jpg","width":1024,"height":674},{"@type":"BreadcrumbList","@id":"https:\/\/xenonkungen.com\/produkt\/ledriving-hl-bright-h4-h19\/#breadcrumb","itemListElement":[{"@type":"ListItem","position":1,"name":"Hem","item":"https:\/\/xenonkungen.com\/"},{"@type":"ListItem","position":2,"name":"Shop","item":"https:\/\/xenonkungen.com\/shop\/"},{"@type":"ListItem","position":3,"name":"LEDriving\u00ae HL BRIGHT H4\/H19"}]},{"@type":"WebSite","@id":"https:\/\/xenonkungen.com\/#website","url":"https:\/\/xenonkungen.com\/","name":"Xenonkungen","description":"","potentialAction":[{"@type":"SearchAction","target":{"@type":"EntryPoint","urlTemplate":"https:\/\/xenonkungen.com\/?s={search_term_string}"},"query-input":{"@type":"PropertyValueSpecification","valueRequired":true,"valueName":"search_term_string"}}],"inLanguage":"nl-NL"}]}},"taxonomy_info":{"product_brand":[{"value":108,"label":"OSRAM"}],"product_cat":[{"value":2633,"label":"OSRAM Ledriving"},{"value":733,"label":"Halvljus \/ Helljus"}],"pa_faktisk-effekts-forbrukning":[{"value":537,"label":"15"}],"pa_fargtemperatur":[{"value":188,"label":"6000K"}],"pa_lampsockel-kontakt":[{"value":1699,"label":"H4, H19"}],"pa_volt-v":[{"value":159,"label":"12"}]},"featured_image_src_large":["https:\/\/xenonkungen.com\/wp-content\/uploads\/2025\/04\/215797193-origpic-504f39.jpg",1024,674,false],"author_info":[],"comment_info":0,"_links":{"self":[{"href":"https:\/\/xenonkungen.com\/nl\/wp-json\/wp\/v2\/product\/5889","targetHints":{"allow":["GET"]}}],"collection":[{"href":"https:\/\/xenonkungen.com\/nl\/wp-json\/wp\/v2\/product"}],"about":[{"href":"https:\/\/xenonkungen.com\/nl\/wp-json\/wp\/v2\/types\/product"}],"replies":[{"embeddable":true,"href":"https:\/\/xenonkungen.com\/nl\/wp-json\/wp\/v2\/comments?post=5889"}],"wp:featuredmedia":[{"embeddable":true,"href":"https:\/\/xenonkungen.com\/nl\/wp-json\/wp\/v2\/media\/5890"}],"wp:attachment":[{"href":"https:\/\/xenonkungen.com\/nl\/wp-json\/wp\/v2\/media?parent=5889"}],"wp:term":[{"taxonomy":"anvandningsomrade","embeddable":true,"href":"https:\/\/xenonkungen.com\/nl\/wp-json\/wp\/v2\/anvandningsomrade?post=5889"},{"taxonomy":"bilmarken","embeddable":true,"href":"https:\/\/xenonkungen.com\/nl\/wp-json\/wp\/v2\/bilmarken?post=5889"},{"taxonomy":"product_brand","embeddable":true,"href":"https:\/\/xenonkungen.com\/nl\/wp-json\/wp\/v2\/product_brand?post=5889"},{"taxonomy":"product_cat","embeddable":true,"href":"https:\/\/xenonkungen.com\/nl\/wp-json\/wp\/v2\/product_cat?post=5889"},{"taxonomy":"product_tag","embeddable":true,"href":"https:\/\/xenonkungen.com\/nl\/wp-json\/wp\/v2\/product_tag?post=5889"}],"curies":[{"name":"wp","href":"https:\/\/api.w.org\/{rel}","templated":true}]}}