{"id":5967,"date":"2025-04-15T09:37:46","date_gmt":"2025-04-15T09:37:46","guid":{"rendered":"https:\/\/xenonkungen.com\/product\/ledriving-street-legal-adapter-a05\/"},"modified":"2026-03-04T16:44:19","modified_gmt":"2026-03-04T15:44:19","slug":"ledriving-straatlegale-adapter-a05","status":"publish","type":"product","link":"https:\/\/xenonkungen.com\/nl\/product\/ledriving-straatlegale-adapter-a05\/","title":{"rendered":"LEDriving\u00ae Straatlegale adapter A05"},"content":{"rendered":"<p>De OSRAM LEDriving Adapter OS-64210DA05 is een hoogwaardig product dat is ontworpen om de upgrade naar ledverlichting in uw voertuig te vereenvoudigen. Hij is perfect geschikt voor retrofitten van ledverlichting en garandeert een eenvoudige installatie dankzij de veelzijdige montagebeugels. De adapter is compatibel met een breed scala aan automodellen, die u kunt bekijken op de website van OSRAM.<\/p>\n<p>De technische gegevens van het product omvatten een diameter van 33,9 mm en het is geclassificeerd als een LED-accessoire, met een verklaringsdatum van 7 maart 2024. Bovendien is elke LEDriving-adapter getest op naleving van EU-verordening (EG) 1907\/2006 (REACh) met de identificatie van kandidaatstoffen zoals lood om veilig gebruik van het product te garanderen.<\/p>\n<p>Met een ontwerp dat gebruiksgemak en compatibiliteit voorop stelt, biedt de LEDriving Adapter OS-64210DA05 een probleemloze oplossing voor het upgraden van de verlichting van uw auto naar LED-technologie. Om de installatie te voltooien, is het raadzaam om deze te gebruiken met de offici\u00eble accessoires van OSRAM: LEDriving ADAPTER en LEDriving SMART CANBUS (indien nodig).<\/p>\n<p>Houd er rekening mee dat OSRAM NIGHT BREAKER LED-lampen alleen in combinatie met deze offici\u00eble accessoires mogen worden gebruikt voor optimale prestaties en compatibiliteit. Raadpleeg de productdatasheet voor meer informatie en grafische informatie over de toepassing. OSRAM garandeert hoge kwaliteit en betrouwbaarheid, maar houd er rekening mee dat productinformatie zonder voorafgaande kennisgeving kan worden gewijzigd. Gebruik daarom altijd de meest recente versie van de documentatie.<\/p>\n<p><strong>Past op de volgende auto's:<\/strong><\/p>\n<p><strong>VW<br \/><\/strong>- Golf 6 \/ Cabriolet (1K) 2008-<br \/>\u2013 Golf 7 (5G) 2012-2017<br \/>\u2013 Sharan (7N) 2010-<br \/>\u2013 T5.1 (Californi\u00eb, Multivan, Transporter) 2009-2015<br \/>\u2013 Touran 2 5T 2015-<\/p>","protected":false},"excerpt":{"rendered":"<p>OSRAM LEDriving Adapter OS-64210DA05 \u00e4r en h\u00f6gkvalitativ produkt som \u00e4r utformad f\u00f6r att f\u00f6renkla uppgraderingen till LED-belysning i ditt fordon. Den erbjuder en perfekt passform f\u00f6r eftermontering av LED-lampor och s\u00e4kerst\u00e4ller enkel installation tack vare sina m\u00e5ngsidiga monteringsf\u00e4sten. Adaptern \u00e4r kompatibel med ett brett utbud av bilmodeller, vilket du kan bekr\u00e4fta p\u00e5 OSRAMs webbplats. Produktens [&hellip;]<\/p>","protected":false},"featured_media":5968,"comment_status":"closed","ping_status":"open","template":"","meta":{"_acf_changed":false,"_smort_price_nok":"105","_smort_price_dkk":"66","_smort_price_eur":"8.91","_smort_sale_price_nok":"","_smort_sale_price_dkk":"","_smort_sale_price_eur":"","smort_restorder":"","shipmondo_restorder":"","_kad_blocks_custom_css":"","_kad_blocks_head_custom_js":"","_kad_blocks_body_custom_js":"","_kad_blocks_footer_custom_js":"","smort_custom_pricelist_1":"62.72","smort_custom_pricelist_2":"62.72","smort_custom_pricelist_3":"59.58","smort_custom_pricelist_4":"78.4","smort_custom_pricelist_5":"62.26"},"anvandningsomrade":[],"bilmarken":[],"product_brand":[108],"product_cat":[2465,733],"product_tag":[],"class_list":{"0":"post-5967","1":"product","2":"type-product","3":"status-publish","4":"has-post-thumbnail","6":"product_brand-osram","7":"product_cat-lamphallare-halvljus-helljus","8":"product_cat-halvljus-helljus","10":"first","11":"instock","12":"taxable","13":"shipping-taxable","14":"purchasable","15":"product-type-simple"},"bundled_by":[],"bundle_stock_status":"instock","bundle_stock_quantity":6,"bundle_virtual":false,"bundle_layout":"","bundle_add_to_cart_form_location":"","bundle_editable_in_cart":false,"bundle_sold_individually_context":"","bundle_item_grouping":"","bundle_min_size":"","bundle_max_size":"","bundle_price":[],"bundled_items":[],"bundle_sell_ids":[],"acf":[],"yoast_head":"<!-- This site is optimized with the Yoast SEO plugin v27.0 - https:\/\/yoast.com\/product\/yoast-seo-wordpress\/ -->\n<title>LEDriving\u00ae Street Legal Adapter A05 - Xenonkungen<\/title>\n<meta name=\"robots\" content=\"index, follow, max-snippet:-1, max-image-preview:large, max-video-preview:-1\" \/>\n<link rel=\"canonical\" href=\"https:\/\/xenonkungen.com\/nl\/product\/ledriving-straatlegale-adapter-a05\/\" \/>\n<meta property=\"og:locale\" content=\"nl_NL\" \/>\n<meta property=\"og:type\" content=\"article\" \/>\n<meta property=\"og:title\" content=\"LEDriving\u00ae Street Legal Adapter A05 - Xenonkungen\" \/>\n<meta property=\"og:description\" content=\"OSRAM LEDriving Adapter OS-64210DA05 \u00e4r en h\u00f6gkvalitativ produkt som \u00e4r utformad f\u00f6r att f\u00f6renkla uppgraderingen till LED-belysning i ditt fordon. Den erbjuder en perfekt passform f\u00f6r eftermontering av LED-lampor och s\u00e4kerst\u00e4ller enkel installation tack vare sina m\u00e5ngsidiga monteringsf\u00e4sten. Adaptern \u00e4r kompatibel med ett brett utbud av bilmodeller, vilket du kan bekr\u00e4fta p\u00e5 OSRAMs webbplats. Produktens [&hellip;]\" \/>\n<meta property=\"og:url\" content=\"https:\/\/xenonkungen.com\/nl\/product\/ledriving-straatlegale-adapter-a05\/\" \/>\n<meta property=\"og:site_name\" content=\"Xenonkungen\" \/>\n<meta property=\"article:modified_time\" content=\"2026-03-04T15:44:19+00:00\" \/>\n<meta property=\"og:image\" content=\"https:\/\/xenonkungen.com\/wp-content\/uploads\/2025\/04\/201848005-origpic-ce3a42.jpg\" \/>\n\t<meta property=\"og:image:width\" content=\"1024\" \/>\n\t<meta property=\"og:image:height\" content=\"1024\" \/>\n\t<meta property=\"og:image:type\" content=\"image\/jpeg\" \/>\n<meta name=\"twitter:card\" content=\"summary_large_image\" \/>\n<meta name=\"twitter:label1\" content=\"Geschatte leestijd\" \/>\n\t<meta name=\"twitter:data1\" content=\"1 minuut\" \/>\n<script type=\"application\/ld+json\" class=\"yoast-schema-graph\">{\"@context\":\"https:\/\/schema.org\",\"@graph\":[{\"@type\":\"WebPage\",\"@id\":\"https:\/\/xenonkungen.com\/produkt\/ledriving-street-legal-adapter-a05\/\",\"url\":\"https:\/\/xenonkungen.com\/produkt\/ledriving-street-legal-adapter-a05\/\",\"name\":\"LEDriving\u00ae Street Legal Adapter A05 - Xenonkungen\",\"isPartOf\":{\"@id\":\"https:\/\/xenonkungen.com\/#website\"},\"primaryImageOfPage\":{\"@id\":\"https:\/\/xenonkungen.com\/produkt\/ledriving-street-legal-adapter-a05\/#primaryimage\"},\"image\":{\"@id\":\"https:\/\/xenonkungen.com\/produkt\/ledriving-street-legal-adapter-a05\/#primaryimage\"},\"thumbnailUrl\":\"https:\/\/xenonkungen.com\/wp-content\/uploads\/2025\/04\/201848005-origpic-ce3a42.jpg\",\"datePublished\":\"2025-04-15T09:37:46+00:00\",\"dateModified\":\"2026-03-04T15:44:19+00:00\",\"breadcrumb\":{\"@id\":\"https:\/\/xenonkungen.com\/produkt\/ledriving-street-legal-adapter-a05\/#breadcrumb\"},\"inLanguage\":\"nl-NL\",\"potentialAction\":[{\"@type\":\"ReadAction\",\"target\":[\"https:\/\/xenonkungen.com\/produkt\/ledriving-street-legal-adapter-a05\/\"]}]},{\"@type\":\"ImageObject\",\"inLanguage\":\"nl-NL\",\"@id\":\"https:\/\/xenonkungen.com\/produkt\/ledriving-street-legal-adapter-a05\/#primaryimage\",\"url\":\"https:\/\/xenonkungen.com\/wp-content\/uploads\/2025\/04\/201848005-origpic-ce3a42.jpg\",\"contentUrl\":\"https:\/\/xenonkungen.com\/wp-content\/uploads\/2025\/04\/201848005-origpic-ce3a42.jpg\",\"width\":1024,\"height\":1024},{\"@type\":\"BreadcrumbList\",\"@id\":\"https:\/\/xenonkungen.com\/produkt\/ledriving-street-legal-adapter-a05\/#breadcrumb\",\"itemListElement\":[{\"@type\":\"ListItem\",\"position\":1,\"name\":\"Hem\",\"item\":\"https:\/\/xenonkungen.com\/\"},{\"@type\":\"ListItem\",\"position\":2,\"name\":\"Shop\",\"item\":\"https:\/\/xenonkungen.com\/shop\/\"},{\"@type\":\"ListItem\",\"position\":3,\"name\":\"LEDriving\u00ae Street Legal Adapter A05\"}]},{\"@type\":\"WebSite\",\"@id\":\"https:\/\/xenonkungen.com\/#website\",\"url\":\"https:\/\/xenonkungen.com\/\",\"name\":\"Xenonkungen\",\"description\":\"\",\"potentialAction\":[{\"@type\":\"SearchAction\",\"target\":{\"@type\":\"EntryPoint\",\"urlTemplate\":\"https:\/\/xenonkungen.com\/?s={search_term_string}\"},\"query-input\":{\"@type\":\"PropertyValueSpecification\",\"valueRequired\":true,\"valueName\":\"search_term_string\"}}],\"inLanguage\":\"nl-NL\"}]}<\/script>\n<!-- \/ Yoast SEO plugin. -->","yoast_head_json":{"title":"LEDriving\u00ae Straatlegale Adapter A05 - De Xenon Koning","robots":{"index":"index","follow":"follow","max-snippet":"max-snippet:-1","max-image-preview":"max-image-preview:large","max-video-preview":"max-video-preview:-1"},"canonical":"https:\/\/xenonkungen.com\/nl\/product\/ledriving-straatlegale-adapter-a05\/","og_locale":"nl_NL","og_type":"article","og_title":"LEDriving\u00ae Street Legal Adapter A05 - Xenonkungen","og_description":"OSRAM LEDriving Adapter OS-64210DA05 \u00e4r en h\u00f6gkvalitativ produkt som \u00e4r utformad f\u00f6r att f\u00f6renkla uppgraderingen till LED-belysning i ditt fordon. Den erbjuder en perfekt passform f\u00f6r eftermontering av LED-lampor och s\u00e4kerst\u00e4ller enkel installation tack vare sina m\u00e5ngsidiga monteringsf\u00e4sten. Adaptern \u00e4r kompatibel med ett brett utbud av bilmodeller, vilket du kan bekr\u00e4fta p\u00e5 OSRAMs webbplats. Produktens [&hellip;]","og_url":"https:\/\/xenonkungen.com\/nl\/product\/ledriving-straatlegale-adapter-a05\/","og_site_name":"Xenonkungen","article_modified_time":"2026-03-04T15:44:19+00:00","og_image":[{"width":1024,"height":1024,"url":"https:\/\/xenonkungen.com\/wp-content\/uploads\/2025\/04\/201848005-origpic-ce3a42.jpg","type":"image\/jpeg"}],"twitter_card":"summary_large_image","twitter_misc":{"Geschatte leestijd":"1 minuut"},"schema":{"@context":"https:\/\/schema.org","@graph":[{"@type":"WebPage","@id":"https:\/\/xenonkungen.com\/produkt\/ledriving-street-legal-adapter-a05\/","url":"https:\/\/xenonkungen.com\/produkt\/ledriving-street-legal-adapter-a05\/","name":"LEDriving\u00ae Straatlegale Adapter A05 - De Xenon Koning","isPartOf":{"@id":"https:\/\/xenonkungen.com\/#website"},"primaryImageOfPage":{"@id":"https:\/\/xenonkungen.com\/produkt\/ledriving-street-legal-adapter-a05\/#primaryimage"},"image":{"@id":"https:\/\/xenonkungen.com\/produkt\/ledriving-street-legal-adapter-a05\/#primaryimage"},"thumbnailUrl":"https:\/\/xenonkungen.com\/wp-content\/uploads\/2025\/04\/201848005-origpic-ce3a42.jpg","datePublished":"2025-04-15T09:37:46+00:00","dateModified":"2026-03-04T15:44:19+00:00","breadcrumb":{"@id":"https:\/\/xenonkungen.com\/produkt\/ledriving-street-legal-adapter-a05\/#breadcrumb"},"inLanguage":"nl-NL","potentialAction":[{"@type":"ReadAction","target":["https:\/\/xenonkungen.com\/produkt\/ledriving-street-legal-adapter-a05\/"]}]},{"@type":"ImageObject","inLanguage":"nl-NL","@id":"https:\/\/xenonkungen.com\/produkt\/ledriving-street-legal-adapter-a05\/#primaryimage","url":"https:\/\/xenonkungen.com\/wp-content\/uploads\/2025\/04\/201848005-origpic-ce3a42.jpg","contentUrl":"https:\/\/xenonkungen.com\/wp-content\/uploads\/2025\/04\/201848005-origpic-ce3a42.jpg","width":1024,"height":1024},{"@type":"BreadcrumbList","@id":"https:\/\/xenonkungen.com\/produkt\/ledriving-street-legal-adapter-a05\/#breadcrumb","itemListElement":[{"@type":"ListItem","position":1,"name":"Hem","item":"https:\/\/xenonkungen.com\/"},{"@type":"ListItem","position":2,"name":"Shop","item":"https:\/\/xenonkungen.com\/shop\/"},{"@type":"ListItem","position":3,"name":"LEDriving\u00ae Street Legal Adapter A05"}]},{"@type":"WebSite","@id":"https:\/\/xenonkungen.com\/#website","url":"https:\/\/xenonkungen.com\/","name":"Xenonkungen","description":"","potentialAction":[{"@type":"SearchAction","target":{"@type":"EntryPoint","urlTemplate":"https:\/\/xenonkungen.com\/?s={search_term_string}"},"query-input":{"@type":"PropertyValueSpecification","valueRequired":true,"valueName":"search_term_string"}}],"inLanguage":"nl-NL"}]}},"taxonomy_info":{"product_brand":[{"value":108,"label":"OSRAM"}],"product_cat":[{"value":2465,"label":"Lamph\u00e5llare"},{"value":733,"label":"Halvljus \/ Helljus"}]},"featured_image_src_large":["https:\/\/xenonkungen.com\/wp-content\/uploads\/2025\/04\/201848005-origpic-ce3a42.jpg",1024,1024,false],"author_info":[],"comment_info":0,"_links":{"self":[{"href":"https:\/\/xenonkungen.com\/nl\/wp-json\/wp\/v2\/product\/5967","targetHints":{"allow":["GET"]}}],"collection":[{"href":"https:\/\/xenonkungen.com\/nl\/wp-json\/wp\/v2\/product"}],"about":[{"href":"https:\/\/xenonkungen.com\/nl\/wp-json\/wp\/v2\/types\/product"}],"replies":[{"embeddable":true,"href":"https:\/\/xenonkungen.com\/nl\/wp-json\/wp\/v2\/comments?post=5967"}],"wp:featuredmedia":[{"embeddable":true,"href":"https:\/\/xenonkungen.com\/nl\/wp-json\/wp\/v2\/media\/5968"}],"wp:attachment":[{"href":"https:\/\/xenonkungen.com\/nl\/wp-json\/wp\/v2\/media?parent=5967"}],"wp:term":[{"taxonomy":"anvandningsomrade","embeddable":true,"href":"https:\/\/xenonkungen.com\/nl\/wp-json\/wp\/v2\/anvandningsomrade?post=5967"},{"taxonomy":"bilmarken","embeddable":true,"href":"https:\/\/xenonkungen.com\/nl\/wp-json\/wp\/v2\/bilmarken?post=5967"},{"taxonomy":"product_brand","embeddable":true,"href":"https:\/\/xenonkungen.com\/nl\/wp-json\/wp\/v2\/product_brand?post=5967"},{"taxonomy":"product_cat","embeddable":true,"href":"https:\/\/xenonkungen.com\/nl\/wp-json\/wp\/v2\/product_cat?post=5967"},{"taxonomy":"product_tag","embeddable":true,"href":"https:\/\/xenonkungen.com\/nl\/wp-json\/wp\/v2\/product_tag?post=5967"}],"curies":[{"name":"wp","href":"https:\/\/api.w.org\/{rel}","templated":true}]}}