{"id":6030,"date":"2025-04-15T09:39:25","date_gmt":"2025-04-15T09:39:25","guid":{"rendered":"https:\/\/xenonkungen.com\/product\/ledriving-ledriving-street-legal-canbus-control-unit-5w-2-pack\/"},"modified":"2026-04-11T01:30:10","modified_gmt":"2026-04-11T00:30:10","slug":"led-rijverlichting-straatlegaal-can-bus-besturingseenheid-5w-2-stuks","status":"publish","type":"product","link":"https:\/\/xenonkungen.com\/nl\/product\/led-rijverlichting-straatlegaal-can-bus-besturingseenheid-5w-2-stuks\/","title":{"rendered":"LEDriving\u00ae LEDriving\u00ae Street Legal CANBUS CONTROL UNIT 5W (2-pak)"},"content":{"rendered":"<h2>Vermijd foutmeldingen met de OSRAM LEDriving CANBUS CONTROL UNIT!<\/h2>\n<p>Dit slimme apparaat zorgt ervoor dat je voertuig geen foutmeldingen genereert bij het upgraden naar LED retrofitlampen. Eenvoudig te installeren en compatibel met de meeste voertuigen met automatische lampbewakingssystemen.<\/p>\n<p>Met OSRAM's garantie van 3 jaar krijgt u zowel gemoedsrust als kwaliteit. Upgrade vandaag nog eenvoudig en probleemloos!<\/p>\n<p><strong>Let op:<\/strong> Schakel de koplampen uit voordat u lampen vervangt. Draag geschikte handschoenen bij het monteren en demonteren.<\/p>\n<p><strong>Technische specificaties<\/strong><\/p>\n<p><strong>Elektrische gegevens<br \/><\/strong>\u2013 Opgenomen vermogen: 6 W<br \/>\u2013 Nominaal vermogen: 5,00 W<br \/>- Vermogenstolerantie: \u00b120 %<\/p>\n<p><strong>Fysieke eigenschappen en afmetingen<br \/><\/strong>\u2013 Diameter: 8,7 mm<br \/>\u2013 Productgewicht: 11,00 g<br \/>\u2013 Lengte: 15,0 mm<\/p>\n<p><strong>Gegevens levensduur<\/strong><br \/>- B3 levensduur: 2000 uur<br \/>- Levensduur Tc: 2000 uur<\/p>\n<p><strong>Garantie<\/strong><br \/>- 3 jaar<\/p>\n<p>Nuttige informatie<\/p>\n<p>Voor meer informatie over de LEDriving CANBUS CONTROL UNIT en het gebruik ervan, raadpleegt u onze gebruikershandleidingen en productinformatie hieronder.<\/p>\n<p>Gebruiksaanwijzing voor LEDriving Canbus Control Unit 12V 21W (LEDCBCTRL102)<\/p>\n<p>OSRAM Lichtreeks 2022 2023 (EN)<\/p>\n<p>Bezoek onze lampenzoeker om de juiste autolamp voor uw voertuig te vinden:<\/p>\n<p>Vind de juiste voertuiglamp: <a href=\"http:\/\/www.osram.se\/lampfinder\">www.osram.se\/lampfinder<\/a><br \/>Voertuiglampzoeker: <a href=\"https:\/\/www.osram.com\/vehiclelamps\/\">https:\/\/www.osram.com\/vehiclelamps\/<\/a><\/p>","protected":false},"excerpt":{"rendered":"<p>Undvik felmeddelanden med OSRAM LEDriving CANBUS CONTROL UNIT! Denna smarta enhet s\u00e4kerst\u00e4ller att ditt fordon inte genererar felmeddelanden n\u00e4r du uppgraderar till LED-retrofitlampor. Enkel att installera och kompatibel med de flesta fordon med automatiskt lamp\u00f6vervakningssystem. Med OSRAM:s 3-\u00e5riga garanti f\u00e5r du b\u00e5de trygghet och kvalitet. Uppgradera enkelt och bekymmersfritt idag! Observera: Sl\u00e5 av str\u00e5lkastarna innan [&hellip;]<\/p>","protected":false},"featured_media":6031,"comment_status":"closed","ping_status":"open","template":"","meta":{"_acf_changed":false,"_smort_price_nok":"181","_smort_price_dkk":"115","_smort_price_eur":"15.36","_smort_sale_price_nok":"","_smort_sale_price_dkk":"","_smort_sale_price_eur":"","smort_restorder":"","shipmondo_restorder":"","_kad_blocks_custom_css":"","_kad_blocks_head_custom_js":"","_kad_blocks_body_custom_js":"","_kad_blocks_footer_custom_js":"","smort_custom_pricelist_1":"108.16","smort_custom_pricelist_2":"94.64","smort_custom_pricelist_3":"87.88","smort_custom_pricelist_4":"135.2","smort_custom_pricelist_5":"94.64"},"anvandningsomrade":[],"bilmarken":[],"product_brand":[108],"product_cat":[2487,3015,390],"product_tag":[],"class_list":{"0":"post-6030","1":"product","2":"type-product","3":"status-publish","4":"has-post-thumbnail","6":"product_brand-osram","7":"product_cat-canbus-installation","8":"product_cat-problemlosare","9":"product_cat-installation","10":"pa_faktisk-effekts-forbrukning-540","11":"pa_volt-v-159","13":"first","14":"instock","15":"taxable","16":"shipping-taxable","17":"purchasable","18":"product-type-simple"},"bundled_by":[],"bundle_stock_status":"instock","bundle_stock_quantity":5,"bundle_virtual":false,"bundle_layout":"","bundle_add_to_cart_form_location":"","bundle_editable_in_cart":false,"bundle_sold_individually_context":"","bundle_item_grouping":"","bundle_min_size":"","bundle_max_size":"","bundle_price":[],"bundled_items":[],"bundle_sell_ids":[],"acf":[],"yoast_head":"<!-- This site is optimized with the Yoast SEO plugin v27.0 - https:\/\/yoast.com\/product\/yoast-seo-wordpress\/ -->\n<title>LEDriving\u00ae LEDriving\u00ae Street Legal CANBUS CONTROL UNIT 5W (2-pack) - Xenonkungen<\/title>\n<meta name=\"robots\" content=\"index, follow, max-snippet:-1, max-image-preview:large, max-video-preview:-1\" \/>\n<link rel=\"canonical\" href=\"https:\/\/xenonkungen.com\/nl\/product\/led-rijverlichting-straatlegaal-can-bus-besturingseenheid-5w-2-stuks\/\" \/>\n<meta property=\"og:locale\" content=\"nl_NL\" \/>\n<meta property=\"og:type\" content=\"article\" \/>\n<meta property=\"og:title\" content=\"LEDriving\u00ae LEDriving\u00ae Street Legal CANBUS CONTROL UNIT 5W (2-pack) - Xenonkungen\" \/>\n<meta property=\"og:description\" content=\"Undvik felmeddelanden med OSRAM LEDriving CANBUS CONTROL UNIT! Denna smarta enhet s\u00e4kerst\u00e4ller att ditt fordon inte genererar felmeddelanden n\u00e4r du uppgraderar till LED-retrofitlampor. Enkel att installera och kompatibel med de flesta fordon med automatiskt lamp\u00f6vervakningssystem. Med OSRAM:s 3-\u00e5riga garanti f\u00e5r du b\u00e5de trygghet och kvalitet. Uppgradera enkelt och bekymmersfritt idag! Observera: Sl\u00e5 av str\u00e5lkastarna innan [&hellip;]\" \/>\n<meta property=\"og:url\" content=\"https:\/\/xenonkungen.com\/nl\/product\/led-rijverlichting-straatlegaal-can-bus-besturingseenheid-5w-2-stuks\/\" \/>\n<meta property=\"og:site_name\" content=\"Xenonkungen\" \/>\n<meta property=\"article:modified_time\" content=\"2026-04-11T00:30:10+00:00\" \/>\n<meta property=\"og:image\" content=\"https:\/\/xenonkungen.com\/wp-content\/uploads\/2025\/04\/201848035-origpic-37cbfb.jpg\" \/>\n\t<meta property=\"og:image:width\" content=\"1024\" \/>\n\t<meta property=\"og:image:height\" content=\"1024\" \/>\n\t<meta property=\"og:image:type\" content=\"image\/jpeg\" \/>\n<meta name=\"twitter:card\" content=\"summary_large_image\" \/>\n<meta name=\"twitter:label1\" content=\"Geschatte leestijd\" \/>\n\t<meta name=\"twitter:data1\" content=\"1 minuut\" \/>\n<script type=\"application\/ld+json\" class=\"yoast-schema-graph\">{\"@context\":\"https:\/\/schema.org\",\"@graph\":[{\"@type\":\"WebPage\",\"@id\":\"https:\/\/xenonkungen.com\/produkt\/ledriving-ledriving-street-legal-canbus-control-unit-5w-2-pack\/\",\"url\":\"https:\/\/xenonkungen.com\/produkt\/ledriving-ledriving-street-legal-canbus-control-unit-5w-2-pack\/\",\"name\":\"LEDriving\u00ae LEDriving\u00ae Street Legal CANBUS CONTROL UNIT 5W (2-pack) - Xenonkungen\",\"isPartOf\":{\"@id\":\"https:\/\/xenonkungen.com\/#website\"},\"primaryImageOfPage\":{\"@id\":\"https:\/\/xenonkungen.com\/produkt\/ledriving-ledriving-street-legal-canbus-control-unit-5w-2-pack\/#primaryimage\"},\"image\":{\"@id\":\"https:\/\/xenonkungen.com\/produkt\/ledriving-ledriving-street-legal-canbus-control-unit-5w-2-pack\/#primaryimage\"},\"thumbnailUrl\":\"https:\/\/xenonkungen.com\/wp-content\/uploads\/2025\/04\/201848035-origpic-37cbfb.jpg\",\"datePublished\":\"2025-04-15T09:39:25+00:00\",\"dateModified\":\"2026-04-11T00:30:10+00:00\",\"breadcrumb\":{\"@id\":\"https:\/\/xenonkungen.com\/produkt\/ledriving-ledriving-street-legal-canbus-control-unit-5w-2-pack\/#breadcrumb\"},\"inLanguage\":\"nl-NL\",\"potentialAction\":[{\"@type\":\"ReadAction\",\"target\":[\"https:\/\/xenonkungen.com\/produkt\/ledriving-ledriving-street-legal-canbus-control-unit-5w-2-pack\/\"]}]},{\"@type\":\"ImageObject\",\"inLanguage\":\"nl-NL\",\"@id\":\"https:\/\/xenonkungen.com\/produkt\/ledriving-ledriving-street-legal-canbus-control-unit-5w-2-pack\/#primaryimage\",\"url\":\"https:\/\/xenonkungen.com\/wp-content\/uploads\/2025\/04\/201848035-origpic-37cbfb.jpg\",\"contentUrl\":\"https:\/\/xenonkungen.com\/wp-content\/uploads\/2025\/04\/201848035-origpic-37cbfb.jpg\",\"width\":1024,\"height\":1024},{\"@type\":\"BreadcrumbList\",\"@id\":\"https:\/\/xenonkungen.com\/produkt\/ledriving-ledriving-street-legal-canbus-control-unit-5w-2-pack\/#breadcrumb\",\"itemListElement\":[{\"@type\":\"ListItem\",\"position\":1,\"name\":\"Hem\",\"item\":\"https:\/\/xenonkungen.com\/\"},{\"@type\":\"ListItem\",\"position\":2,\"name\":\"Shop\",\"item\":\"https:\/\/xenonkungen.com\/shop\/\"},{\"@type\":\"ListItem\",\"position\":3,\"name\":\"LEDriving\u00ae LEDriving\u00ae Street Legal CANBUS CONTROL UNIT 5W (2-pack)\"}]},{\"@type\":\"WebSite\",\"@id\":\"https:\/\/xenonkungen.com\/#website\",\"url\":\"https:\/\/xenonkungen.com\/\",\"name\":\"Xenonkungen\",\"description\":\"\",\"potentialAction\":[{\"@type\":\"SearchAction\",\"target\":{\"@type\":\"EntryPoint\",\"urlTemplate\":\"https:\/\/xenonkungen.com\/?s={search_term_string}\"},\"query-input\":{\"@type\":\"PropertyValueSpecification\",\"valueRequired\":true,\"valueName\":\"search_term_string\"}}],\"inLanguage\":\"nl-NL\"}]}<\/script>\n<!-- \/ Yoast SEO plugin. -->","yoast_head_json":{"title":"LEDriving\u00ae LEDriving\u00ae Straatlegale CANBUS-besturingseenheid 5W (2 stuks) - De Xenon-koning","robots":{"index":"index","follow":"follow","max-snippet":"max-snippet:-1","max-image-preview":"max-image-preview:large","max-video-preview":"max-video-preview:-1"},"canonical":"https:\/\/xenonkungen.com\/nl\/product\/led-rijverlichting-straatlegaal-can-bus-besturingseenheid-5w-2-stuks\/","og_locale":"nl_NL","og_type":"article","og_title":"LEDriving\u00ae LEDriving\u00ae Street Legal CANBUS CONTROL UNIT 5W (2-pack) - Xenonkungen","og_description":"Undvik felmeddelanden med OSRAM LEDriving CANBUS CONTROL UNIT! Denna smarta enhet s\u00e4kerst\u00e4ller att ditt fordon inte genererar felmeddelanden n\u00e4r du uppgraderar till LED-retrofitlampor. Enkel att installera och kompatibel med de flesta fordon med automatiskt lamp\u00f6vervakningssystem. Med OSRAM:s 3-\u00e5riga garanti f\u00e5r du b\u00e5de trygghet och kvalitet. Uppgradera enkelt och bekymmersfritt idag! Observera: Sl\u00e5 av str\u00e5lkastarna innan [&hellip;]","og_url":"https:\/\/xenonkungen.com\/nl\/product\/led-rijverlichting-straatlegaal-can-bus-besturingseenheid-5w-2-stuks\/","og_site_name":"Xenonkungen","article_modified_time":"2026-04-11T00:30:10+00:00","og_image":[{"width":1024,"height":1024,"url":"https:\/\/xenonkungen.com\/wp-content\/uploads\/2025\/04\/201848035-origpic-37cbfb.jpg","type":"image\/jpeg"}],"twitter_card":"summary_large_image","twitter_misc":{"Geschatte leestijd":"1 minuut"},"schema":{"@context":"https:\/\/schema.org","@graph":[{"@type":"WebPage","@id":"https:\/\/xenonkungen.com\/produkt\/ledriving-ledriving-street-legal-canbus-control-unit-5w-2-pack\/","url":"https:\/\/xenonkungen.com\/produkt\/ledriving-ledriving-street-legal-canbus-control-unit-5w-2-pack\/","name":"LEDriving\u00ae LEDriving\u00ae Straatlegale CANBUS-besturingseenheid 5W (2 stuks) - De Xenon-koning","isPartOf":{"@id":"https:\/\/xenonkungen.com\/#website"},"primaryImageOfPage":{"@id":"https:\/\/xenonkungen.com\/produkt\/ledriving-ledriving-street-legal-canbus-control-unit-5w-2-pack\/#primaryimage"},"image":{"@id":"https:\/\/xenonkungen.com\/produkt\/ledriving-ledriving-street-legal-canbus-control-unit-5w-2-pack\/#primaryimage"},"thumbnailUrl":"https:\/\/xenonkungen.com\/wp-content\/uploads\/2025\/04\/201848035-origpic-37cbfb.jpg","datePublished":"2025-04-15T09:39:25+00:00","dateModified":"2026-04-11T00:30:10+00:00","breadcrumb":{"@id":"https:\/\/xenonkungen.com\/produkt\/ledriving-ledriving-street-legal-canbus-control-unit-5w-2-pack\/#breadcrumb"},"inLanguage":"nl-NL","potentialAction":[{"@type":"ReadAction","target":["https:\/\/xenonkungen.com\/produkt\/ledriving-ledriving-street-legal-canbus-control-unit-5w-2-pack\/"]}]},{"@type":"ImageObject","inLanguage":"nl-NL","@id":"https:\/\/xenonkungen.com\/produkt\/ledriving-ledriving-street-legal-canbus-control-unit-5w-2-pack\/#primaryimage","url":"https:\/\/xenonkungen.com\/wp-content\/uploads\/2025\/04\/201848035-origpic-37cbfb.jpg","contentUrl":"https:\/\/xenonkungen.com\/wp-content\/uploads\/2025\/04\/201848035-origpic-37cbfb.jpg","width":1024,"height":1024},{"@type":"BreadcrumbList","@id":"https:\/\/xenonkungen.com\/produkt\/ledriving-ledriving-street-legal-canbus-control-unit-5w-2-pack\/#breadcrumb","itemListElement":[{"@type":"ListItem","position":1,"name":"Hem","item":"https:\/\/xenonkungen.com\/"},{"@type":"ListItem","position":2,"name":"Shop","item":"https:\/\/xenonkungen.com\/shop\/"},{"@type":"ListItem","position":3,"name":"LEDriving\u00ae LEDriving\u00ae Street Legal CANBUS CONTROL UNIT 5W (2-pack)"}]},{"@type":"WebSite","@id":"https:\/\/xenonkungen.com\/#website","url":"https:\/\/xenonkungen.com\/","name":"Xenonkungen","description":"","potentialAction":[{"@type":"SearchAction","target":{"@type":"EntryPoint","urlTemplate":"https:\/\/xenonkungen.com\/?s={search_term_string}"},"query-input":{"@type":"PropertyValueSpecification","valueRequired":true,"valueName":"search_term_string"}}],"inLanguage":"nl-NL"}]}},"taxonomy_info":{"product_brand":[{"value":108,"label":"OSRAM"}],"product_cat":[{"value":2487,"label":"Canbus"},{"value":3015,"label":"Probleml\u00f6sare"},{"value":390,"label":"Installation"}],"pa_faktisk-effekts-forbrukning":[{"value":540,"label":"5"}],"pa_volt-v":[{"value":159,"label":"12"}]},"featured_image_src_large":["https:\/\/xenonkungen.com\/wp-content\/uploads\/2025\/04\/201848035-origpic-37cbfb.jpg",1024,1024,false],"author_info":[],"comment_info":0,"_links":{"self":[{"href":"https:\/\/xenonkungen.com\/nl\/wp-json\/wp\/v2\/product\/6030","targetHints":{"allow":["GET"]}}],"collection":[{"href":"https:\/\/xenonkungen.com\/nl\/wp-json\/wp\/v2\/product"}],"about":[{"href":"https:\/\/xenonkungen.com\/nl\/wp-json\/wp\/v2\/types\/product"}],"replies":[{"embeddable":true,"href":"https:\/\/xenonkungen.com\/nl\/wp-json\/wp\/v2\/comments?post=6030"}],"wp:featuredmedia":[{"embeddable":true,"href":"https:\/\/xenonkungen.com\/nl\/wp-json\/wp\/v2\/media\/6031"}],"wp:attachment":[{"href":"https:\/\/xenonkungen.com\/nl\/wp-json\/wp\/v2\/media?parent=6030"}],"wp:term":[{"taxonomy":"anvandningsomrade","embeddable":true,"href":"https:\/\/xenonkungen.com\/nl\/wp-json\/wp\/v2\/anvandningsomrade?post=6030"},{"taxonomy":"bilmarken","embeddable":true,"href":"https:\/\/xenonkungen.com\/nl\/wp-json\/wp\/v2\/bilmarken?post=6030"},{"taxonomy":"product_brand","embeddable":true,"href":"https:\/\/xenonkungen.com\/nl\/wp-json\/wp\/v2\/product_brand?post=6030"},{"taxonomy":"product_cat","embeddable":true,"href":"https:\/\/xenonkungen.com\/nl\/wp-json\/wp\/v2\/product_cat?post=6030"},{"taxonomy":"product_tag","embeddable":true,"href":"https:\/\/xenonkungen.com\/nl\/wp-json\/wp\/v2\/product_tag?post=6030"}],"curies":[{"name":"wp","href":"https:\/\/api.w.org\/{rel}","templated":true}]}}