{"id":6049,"date":"2025-04-15T09:39:25","date_gmt":"2025-04-15T09:39:25","guid":{"rendered":"https:\/\/xenonkungen.com\/product\/ledriving-ledriving-street-legal-smart-can-bus-02\/"},"modified":"2026-04-11T01:34:25","modified_gmt":"2026-04-11T00:34:25","slug":"ledriving-ledriving-straatlegale-smart-can-bus-02","status":"publish","type":"product","link":"https:\/\/xenonkungen.com\/nl\/product\/ledriving-ledriving-straatlegale-smart-can-bus-02\/","title":{"rendered":"LEDriving\u00ae Straatlegaal SMART CAN BUS 02"},"content":{"rendered":"<p><strong>LEDriving\u00ae Smart Canbus 02<\/strong><\/p>\n<p>Pas het aan zodat uw upgrade naar LED vlekkeloos verloopt. <br \/>De LEDriving\u00ae Smart Canbus 02 omzeilt het detectiesysteem voor lampuitval van het voertuig bij gebruik van een H7 LED-retrofitlamp. De regeleenheid is eenvoudig te installeren en compatibel met de meeste voertuigmodellen met een automatisch detectiesysteem. De Smart Canbus 02 biedt ook flikkervrije verlichting in de koplampen van het voertuig. Alleen de combinatie van Osram Night Breaker\u00ae LED-lampen met de offici\u00eble Osram-accessoires \u2013 LEDriving\u00ae Adapter en LEDriving\u00ae Smart Canbus (indien vereist) \u2013 is toegestaan. Optioneel gebruik van Canbus-regeleenheden wordt aanbevolen in geval van een mogelijke foutmelding op de boordcomputer, afhankelijk van de voertuiguitrusting. <\/p>\n<p><strong>Technische specificatie<\/strong><br \/>Smart Canbus 02 past over het algemeen op Audi, Seat, Skoda en VW voor H7-conversies<br \/>Nominaal vermogen: 12 W<br \/>Levensduur: 2.500 uur (B3 &amp; Tc)<br \/>Garantie: tot 3 jaar<br \/>Technologie: LED-accessoires<\/p>","protected":false},"excerpt":{"rendered":"<p>LEDriving\u00ae Smart Canbus 02 Anpassa s\u00e5 din uppgradering till LED fungerar felfritt. LEDriving\u00ae Smart Canbus 02 kringg\u00e5r fordonets feldetekteringssystem f\u00f6r lampor n\u00e4r man anv\u00e4nder en retrofitlampa H7 LED. Styrenheten erbjuder en enkel installation och \u00e4r kompatibel med de flesta fordonsmodeller med automatiskt detekteringssystem. Smart Canbus 02 erbjuder \u00e4ven flimmerfri belysning i fordonets str\u00e5lkastare. Endast kombinationen [&hellip;]<\/p>","protected":false},"featured_media":6050,"comment_status":"closed","ping_status":"open","template":"","meta":{"_acf_changed":false,"_smort_price_nok":"956","_smort_price_dkk":"607","_smort_price_eur":"81.36","_smort_sale_price_nok":"","_smort_sale_price_dkk":"","_smort_sale_price_eur":"","smort_restorder":"","shipmondo_restorder":"","_kad_blocks_custom_css":"","_kad_blocks_head_custom_js":"","_kad_blocks_body_custom_js":"","_kad_blocks_footer_custom_js":"","smort_custom_pricelist_1":"572.8","smort_custom_pricelist_2":"572.8","smort_custom_pricelist_3":"544.16","smort_custom_pricelist_4":"716","smort_custom_pricelist_5":"568.62"},"anvandningsomrade":[],"bilmarken":[],"product_brand":[108],"product_cat":[2487,390],"product_tag":[],"class_list":{"0":"post-6049","1":"product","2":"type-product","3":"status-publish","4":"has-post-thumbnail","6":"product_brand-osram","7":"product_cat-canbus-installation","8":"product_cat-installation","9":"pa_faktisk-effekts-forbrukning-715","10":"pa_volt-v-159","12":"first","13":"onbackorder","14":"taxable","15":"shipping-taxable","16":"purchasable","17":"product-type-simple"},"bundled_by":[],"bundle_stock_status":"onbackorder","bundle_stock_quantity":0,"bundle_virtual":false,"bundle_layout":"","bundle_add_to_cart_form_location":"","bundle_editable_in_cart":false,"bundle_sold_individually_context":"","bundle_item_grouping":"","bundle_min_size":"","bundle_max_size":"","bundle_price":[],"bundled_items":[],"bundle_sell_ids":[],"acf":[],"yoast_head":"<!-- This site is optimized with the Yoast SEO plugin v27.0 - https:\/\/yoast.com\/product\/yoast-seo-wordpress\/ -->\n<title>LEDriving\u00ae LEDriving\u00ae Street Legal SMART CAN BUS 02 - Xenonkungen<\/title>\n<meta name=\"robots\" content=\"index, follow, max-snippet:-1, max-image-preview:large, max-video-preview:-1\" \/>\n<link rel=\"canonical\" href=\"https:\/\/xenonkungen.com\/nl\/product\/ledriving-ledriving-straatlegale-smart-can-bus-02\/\" \/>\n<meta property=\"og:locale\" content=\"nl_NL\" \/>\n<meta property=\"og:type\" content=\"article\" \/>\n<meta property=\"og:title\" content=\"LEDriving\u00ae LEDriving\u00ae Street Legal SMART CAN BUS 02 - Xenonkungen\" \/>\n<meta property=\"og:description\" content=\"LEDriving\u00ae Smart Canbus 02 Anpassa s\u00e5 din uppgradering till LED fungerar felfritt. LEDriving\u00ae Smart Canbus 02 kringg\u00e5r fordonets feldetekteringssystem f\u00f6r lampor n\u00e4r man anv\u00e4nder en retrofitlampa H7 LED. Styrenheten erbjuder en enkel installation och \u00e4r kompatibel med de flesta fordonsmodeller med automatiskt detekteringssystem. Smart Canbus 02 erbjuder \u00e4ven flimmerfri belysning i fordonets str\u00e5lkastare. Endast kombinationen [&hellip;]\" \/>\n<meta property=\"og:url\" content=\"https:\/\/xenonkungen.com\/nl\/product\/ledriving-ledriving-straatlegale-smart-can-bus-02\/\" \/>\n<meta property=\"og:site_name\" content=\"Xenonkungen\" \/>\n<meta property=\"article:modified_time\" content=\"2026-04-11T00:34:25+00:00\" \/>\n<meta property=\"og:image\" content=\"https:\/\/xenonkungen.com\/wp-content\/uploads\/2025\/04\/201848043-origpic-1220a9-scaled.jpg\" \/>\n\t<meta property=\"og:image:width\" content=\"2560\" \/>\n\t<meta property=\"og:image:height\" content=\"2560\" \/>\n\t<meta property=\"og:image:type\" content=\"image\/jpeg\" \/>\n<meta name=\"twitter:card\" content=\"summary_large_image\" \/>\n<meta name=\"twitter:label1\" content=\"Geschatte leestijd\" \/>\n\t<meta name=\"twitter:data1\" content=\"1 minuut\" \/>\n<script type=\"application\/ld+json\" class=\"yoast-schema-graph\">{\"@context\":\"https:\/\/schema.org\",\"@graph\":[{\"@type\":\"WebPage\",\"@id\":\"https:\/\/xenonkungen.com\/produkt\/ledriving-ledriving-street-legal-smart-can-bus-02\/\",\"url\":\"https:\/\/xenonkungen.com\/produkt\/ledriving-ledriving-street-legal-smart-can-bus-02\/\",\"name\":\"LEDriving\u00ae LEDriving\u00ae Street Legal SMART CAN BUS 02 - Xenonkungen\",\"isPartOf\":{\"@id\":\"https:\/\/xenonkungen.com\/#website\"},\"primaryImageOfPage\":{\"@id\":\"https:\/\/xenonkungen.com\/produkt\/ledriving-ledriving-street-legal-smart-can-bus-02\/#primaryimage\"},\"image\":{\"@id\":\"https:\/\/xenonkungen.com\/produkt\/ledriving-ledriving-street-legal-smart-can-bus-02\/#primaryimage\"},\"thumbnailUrl\":\"https:\/\/xenonkungen.com\/wp-content\/uploads\/2025\/04\/201848043-origpic-1220a9-scaled.jpg\",\"datePublished\":\"2025-04-15T09:39:25+00:00\",\"dateModified\":\"2026-04-11T00:34:25+00:00\",\"breadcrumb\":{\"@id\":\"https:\/\/xenonkungen.com\/produkt\/ledriving-ledriving-street-legal-smart-can-bus-02\/#breadcrumb\"},\"inLanguage\":\"nl-NL\",\"potentialAction\":[{\"@type\":\"ReadAction\",\"target\":[\"https:\/\/xenonkungen.com\/produkt\/ledriving-ledriving-street-legal-smart-can-bus-02\/\"]}]},{\"@type\":\"ImageObject\",\"inLanguage\":\"nl-NL\",\"@id\":\"https:\/\/xenonkungen.com\/produkt\/ledriving-ledriving-street-legal-smart-can-bus-02\/#primaryimage\",\"url\":\"https:\/\/xenonkungen.com\/wp-content\/uploads\/2025\/04\/201848043-origpic-1220a9-scaled.jpg\",\"contentUrl\":\"https:\/\/xenonkungen.com\/wp-content\/uploads\/2025\/04\/201848043-origpic-1220a9-scaled.jpg\",\"width\":2560,\"height\":2560},{\"@type\":\"BreadcrumbList\",\"@id\":\"https:\/\/xenonkungen.com\/produkt\/ledriving-ledriving-street-legal-smart-can-bus-02\/#breadcrumb\",\"itemListElement\":[{\"@type\":\"ListItem\",\"position\":1,\"name\":\"Hem\",\"item\":\"https:\/\/xenonkungen.com\/\"},{\"@type\":\"ListItem\",\"position\":2,\"name\":\"Shop\",\"item\":\"https:\/\/xenonkungen.com\/shop\/\"},{\"@type\":\"ListItem\",\"position\":3,\"name\":\"LEDriving\u00ae LEDriving\u00ae Street Legal SMART CAN BUS 02\"}]},{\"@type\":\"WebSite\",\"@id\":\"https:\/\/xenonkungen.com\/#website\",\"url\":\"https:\/\/xenonkungen.com\/\",\"name\":\"Xenonkungen\",\"description\":\"\",\"potentialAction\":[{\"@type\":\"SearchAction\",\"target\":{\"@type\":\"EntryPoint\",\"urlTemplate\":\"https:\/\/xenonkungen.com\/?s={search_term_string}\"},\"query-input\":{\"@type\":\"PropertyValueSpecification\",\"valueRequired\":true,\"valueName\":\"search_term_string\"}}],\"inLanguage\":\"nl-NL\"}]}<\/script>\n<!-- \/ Yoast SEO plugin. -->","yoast_head_json":{"title":"LEDriving\u00ae LEDriving\u00ae Straatlegaal SMART CAN BUS 02 - De Xenon Koning","robots":{"index":"index","follow":"follow","max-snippet":"max-snippet:-1","max-image-preview":"max-image-preview:large","max-video-preview":"max-video-preview:-1"},"canonical":"https:\/\/xenonkungen.com\/nl\/product\/ledriving-ledriving-straatlegale-smart-can-bus-02\/","og_locale":"nl_NL","og_type":"article","og_title":"LEDriving\u00ae LEDriving\u00ae Street Legal SMART CAN BUS 02 - Xenonkungen","og_description":"LEDriving\u00ae Smart Canbus 02 Anpassa s\u00e5 din uppgradering till LED fungerar felfritt. LEDriving\u00ae Smart Canbus 02 kringg\u00e5r fordonets feldetekteringssystem f\u00f6r lampor n\u00e4r man anv\u00e4nder en retrofitlampa H7 LED. Styrenheten erbjuder en enkel installation och \u00e4r kompatibel med de flesta fordonsmodeller med automatiskt detekteringssystem. Smart Canbus 02 erbjuder \u00e4ven flimmerfri belysning i fordonets str\u00e5lkastare. Endast kombinationen [&hellip;]","og_url":"https:\/\/xenonkungen.com\/nl\/product\/ledriving-ledriving-straatlegale-smart-can-bus-02\/","og_site_name":"Xenonkungen","article_modified_time":"2026-04-11T00:34:25+00:00","og_image":[{"width":2560,"height":2560,"url":"https:\/\/xenonkungen.com\/wp-content\/uploads\/2025\/04\/201848043-origpic-1220a9-scaled.jpg","type":"image\/jpeg"}],"twitter_card":"summary_large_image","twitter_misc":{"Geschatte leestijd":"1 minuut"},"schema":{"@context":"https:\/\/schema.org","@graph":[{"@type":"WebPage","@id":"https:\/\/xenonkungen.com\/produkt\/ledriving-ledriving-street-legal-smart-can-bus-02\/","url":"https:\/\/xenonkungen.com\/produkt\/ledriving-ledriving-street-legal-smart-can-bus-02\/","name":"LEDriving\u00ae LEDriving\u00ae Straatlegaal SMART CAN BUS 02 - De Xenon Koning","isPartOf":{"@id":"https:\/\/xenonkungen.com\/#website"},"primaryImageOfPage":{"@id":"https:\/\/xenonkungen.com\/produkt\/ledriving-ledriving-street-legal-smart-can-bus-02\/#primaryimage"},"image":{"@id":"https:\/\/xenonkungen.com\/produkt\/ledriving-ledriving-street-legal-smart-can-bus-02\/#primaryimage"},"thumbnailUrl":"https:\/\/xenonkungen.com\/wp-content\/uploads\/2025\/04\/201848043-origpic-1220a9-scaled.jpg","datePublished":"2025-04-15T09:39:25+00:00","dateModified":"2026-04-11T00:34:25+00:00","breadcrumb":{"@id":"https:\/\/xenonkungen.com\/produkt\/ledriving-ledriving-street-legal-smart-can-bus-02\/#breadcrumb"},"inLanguage":"nl-NL","potentialAction":[{"@type":"ReadAction","target":["https:\/\/xenonkungen.com\/produkt\/ledriving-ledriving-street-legal-smart-can-bus-02\/"]}]},{"@type":"ImageObject","inLanguage":"nl-NL","@id":"https:\/\/xenonkungen.com\/produkt\/ledriving-ledriving-street-legal-smart-can-bus-02\/#primaryimage","url":"https:\/\/xenonkungen.com\/wp-content\/uploads\/2025\/04\/201848043-origpic-1220a9-scaled.jpg","contentUrl":"https:\/\/xenonkungen.com\/wp-content\/uploads\/2025\/04\/201848043-origpic-1220a9-scaled.jpg","width":2560,"height":2560},{"@type":"BreadcrumbList","@id":"https:\/\/xenonkungen.com\/produkt\/ledriving-ledriving-street-legal-smart-can-bus-02\/#breadcrumb","itemListElement":[{"@type":"ListItem","position":1,"name":"Hem","item":"https:\/\/xenonkungen.com\/"},{"@type":"ListItem","position":2,"name":"Shop","item":"https:\/\/xenonkungen.com\/shop\/"},{"@type":"ListItem","position":3,"name":"LEDriving\u00ae LEDriving\u00ae Street Legal SMART CAN BUS 02"}]},{"@type":"WebSite","@id":"https:\/\/xenonkungen.com\/#website","url":"https:\/\/xenonkungen.com\/","name":"Xenonkungen","description":"","potentialAction":[{"@type":"SearchAction","target":{"@type":"EntryPoint","urlTemplate":"https:\/\/xenonkungen.com\/?s={search_term_string}"},"query-input":{"@type":"PropertyValueSpecification","valueRequired":true,"valueName":"search_term_string"}}],"inLanguage":"nl-NL"}]}},"taxonomy_info":{"product_brand":[{"value":108,"label":"OSRAM"}],"product_cat":[{"value":2487,"label":"Canbus"},{"value":390,"label":"Installation"}],"pa_faktisk-effekts-forbrukning":[{"value":715,"label":"12"}],"pa_volt-v":[{"value":159,"label":"12"}]},"featured_image_src_large":["https:\/\/xenonkungen.com\/wp-content\/uploads\/2025\/04\/201848043-origpic-1220a9-1024x1024.jpg",1024,1024,true],"author_info":[],"comment_info":0,"_links":{"self":[{"href":"https:\/\/xenonkungen.com\/nl\/wp-json\/wp\/v2\/product\/6049","targetHints":{"allow":["GET"]}}],"collection":[{"href":"https:\/\/xenonkungen.com\/nl\/wp-json\/wp\/v2\/product"}],"about":[{"href":"https:\/\/xenonkungen.com\/nl\/wp-json\/wp\/v2\/types\/product"}],"replies":[{"embeddable":true,"href":"https:\/\/xenonkungen.com\/nl\/wp-json\/wp\/v2\/comments?post=6049"}],"wp:featuredmedia":[{"embeddable":true,"href":"https:\/\/xenonkungen.com\/nl\/wp-json\/wp\/v2\/media\/6050"}],"wp:attachment":[{"href":"https:\/\/xenonkungen.com\/nl\/wp-json\/wp\/v2\/media?parent=6049"}],"wp:term":[{"taxonomy":"anvandningsomrade","embeddable":true,"href":"https:\/\/xenonkungen.com\/nl\/wp-json\/wp\/v2\/anvandningsomrade?post=6049"},{"taxonomy":"bilmarken","embeddable":true,"href":"https:\/\/xenonkungen.com\/nl\/wp-json\/wp\/v2\/bilmarken?post=6049"},{"taxonomy":"product_brand","embeddable":true,"href":"https:\/\/xenonkungen.com\/nl\/wp-json\/wp\/v2\/product_brand?post=6049"},{"taxonomy":"product_cat","embeddable":true,"href":"https:\/\/xenonkungen.com\/nl\/wp-json\/wp\/v2\/product_cat?post=6049"},{"taxonomy":"product_tag","embeddable":true,"href":"https:\/\/xenonkungen.com\/nl\/wp-json\/wp\/v2\/product_tag?post=6049"}],"curies":[{"name":"wp","href":"https:\/\/api.w.org\/{rel}","templated":true}]}}