{"id":6142,"date":"2025-04-15T09:42:02","date_gmt":"2025-04-15T09:42:02","guid":{"rendered":"https:\/\/xenonkungen.com\/product\/lazer-ledrampskit-vw-t6-1-2019-2x-triple-r-750-elite\/"},"modified":"2026-04-11T01:10:15","modified_gmt":"2026-04-11T00:10:15","slug":"laser-led-ramp-kit-vw-t6-1-2019-2x-triple-r-750-elite","status":"publish","type":"product","link":"https:\/\/xenonkungen.com\/nl\/product\/laser-led-ramp-kit-vw-t6-1-2019-2x-triple-r-750-elite\/","title":{"rendered":"Lazer Ledramp kit VW T6.1 2019+ 2x Triple-R 750 Elite"},"content":{"rendered":"<h1>LAZERS LED FRAME KIT VOOR VW TRANSPORTER T6.1 2019+ - Perfecte verlichtingsoplossing voor uw bestelwagen<\/h1>\n<p>Lazers tilt verlichting naar een hoger niveau met hun aangepaste LED-oprijplaatkit. Deze kit is speciaal bedoeld voor de 2019+ Volkswagen Transporter T6.1 en combineert design, effici\u00ebntie en prestaties.<\/p>\n<p>Het monteren van deze lampen is eenvoudig en snel. Het resultaat? Een stevige en veilige installatie die naadloos aansluit op de originele grille van je auto. Met bevestigingen van hoogwaardig ASA-materiaal krijg je een product dat bekend staat om zijn ongelooflijke sterkte en UV-stabiliteit. Om nog maar te zwijgen van de bestendigheid tegen weersinvloeden en chemicali\u00ebn, zodat je verlichtingssysteem seizoen na seizoen in topconditie blijft.<\/p>\n<p>Upgrade je 2019+ VW Transporter T6.1 met superieure verlichting. De Lazer LED-oprijgootkit biedt niet alleen kwaliteit en duurzaamheid, maar ook esthetische elegantie. Rust je voertuig uit met de beste verlichting op de markt en rij met vertrouwen, ongeacht de weersomstandigheden.<\/p>","protected":false},"excerpt":{"rendered":"<p>LAZERS LED-RAMPSKIT F\u00d6R VW TRANSPORTER T6.1 2019+ &#8211; Perfekt Ljusl\u00f6sning F\u00f6r Din Transporter Lazers tar belysning till en ny niv\u00e5 med deras skr\u00e4ddarsydda LED-rampskit. Avsedd specifikt f\u00f6r Volkswagen Transporter T6.1 2019+, kombinerar denna kit design, effektivitet och prestanda. Montering av dessa lampor \u00e4r b\u00e5de enkel och snabb. Resultatet? En robust och s\u00e4ker installation som passar [&hellip;]<\/p>","protected":false},"featured_media":6143,"comment_status":"closed","ping_status":"open","template":"","meta":{"_acf_changed":false,"_smort_price_nok":"12283","_smort_price_dkk":"7803","_smort_price_eur":"1045.41","_smort_sale_price_nok":"","_smort_sale_price_dkk":"","_smort_sale_price_eur":"","smort_restorder":"","shipmondo_restorder":"","_kad_blocks_custom_css":"","_kad_blocks_head_custom_js":"","_kad_blocks_body_custom_js":"","_kad_blocks_footer_custom_js":"","smort_custom_pricelist_1":"7360","smort_custom_pricelist_2":"7360","smort_custom_pricelist_3":"7360","smort_custom_pricelist_4":"9200","smort_custom_pricelist_5":"7360"},"anvandningsomrade":[],"bilmarken":[],"product_brand":[1124],"product_cat":[2539,2596,1916],"product_tag":[2735],"class_list":{"0":"post-6142","1":"product","2":"type-product","3":"status-publish","4":"has-post-thumbnail","6":"product_brand-lazer","7":"product_cat-ledramper","8":"product_cat-paket","9":"product_cat-ledrampspaket","10":"product_tag-lazer","11":"pa_fargtemperatur-5000k","12":"pa_godkannande-e-godkand-ece-r112","13":"pa_led-chips-effekt-w-1616","14":"pa_stromforbrukning-72a144v","15":"pa_volt-v-multivolt-10-12-16-18-24-28-30-32","17":"first","18":"onbackorder","19":"taxable","20":"shipping-taxable","21":"purchasable","22":"product-type-simple"},"bundled_by":[],"bundle_stock_status":"onbackorder","bundle_stock_quantity":0,"bundle_virtual":false,"bundle_layout":"","bundle_add_to_cart_form_location":"","bundle_editable_in_cart":false,"bundle_sold_individually_context":"","bundle_item_grouping":"","bundle_min_size":"","bundle_max_size":"","bundle_price":[],"bundled_items":[],"bundle_sell_ids":[],"acf":[],"yoast_head":"<!-- This site is optimized with the Yoast SEO plugin v27.0 - https:\/\/yoast.com\/product\/yoast-seo-wordpress\/ -->\n<title>Lazer Ledrampskit VW T6.1 2019+ 2x Triple-R 750 Elite - Xenonkungen<\/title>\n<meta name=\"robots\" content=\"index, follow, max-snippet:-1, max-image-preview:large, max-video-preview:-1\" \/>\n<link rel=\"canonical\" href=\"https:\/\/xenonkungen.com\/nl\/product\/laser-led-ramp-kit-vw-t6-1-2019-2x-triple-r-750-elite\/\" \/>\n<meta property=\"og:locale\" content=\"nl_NL\" \/>\n<meta property=\"og:type\" content=\"article\" \/>\n<meta property=\"og:title\" content=\"Lazer Ledrampskit VW T6.1 2019+ 2x Triple-R 750 Elite - Xenonkungen\" \/>\n<meta property=\"og:description\" content=\"LAZERS LED-RAMPSKIT F\u00d6R VW TRANSPORTER T6.1 2019+ &#8211; Perfekt Ljusl\u00f6sning F\u00f6r Din Transporter Lazers tar belysning till en ny niv\u00e5 med deras skr\u00e4ddarsydda LED-rampskit. Avsedd specifikt f\u00f6r Volkswagen Transporter T6.1 2019+, kombinerar denna kit design, effektivitet och prestanda. Montering av dessa lampor \u00e4r b\u00e5de enkel och snabb. Resultatet? En robust och s\u00e4ker installation som passar [&hellip;]\" \/>\n<meta property=\"og:url\" content=\"https:\/\/xenonkungen.com\/nl\/product\/laser-led-ramp-kit-vw-t6-1-2019-2x-triple-r-750-elite\/\" \/>\n<meta property=\"og:site_name\" content=\"Xenonkungen\" \/>\n<meta property=\"article:modified_time\" content=\"2026-04-11T00:10:15+00:00\" \/>\n<meta property=\"og:image\" content=\"https:\/\/xenonkungen.com\/wp-content\/uploads\/2025\/04\/159583_itemimage_mainfront.jpg\" \/>\n\t<meta property=\"og:image:width\" content=\"2048\" \/>\n\t<meta property=\"og:image:height\" content=\"1536\" \/>\n\t<meta property=\"og:image:type\" content=\"image\/jpeg\" \/>\n<meta name=\"twitter:card\" content=\"summary_large_image\" \/>\n<meta name=\"twitter:label1\" content=\"Geschatte leestijd\" \/>\n\t<meta name=\"twitter:data1\" content=\"1 minuut\" \/>\n<script type=\"application\/ld+json\" class=\"yoast-schema-graph\">{\"@context\":\"https:\/\/schema.org\",\"@graph\":[{\"@type\":\"WebPage\",\"@id\":\"https:\/\/xenonkungen.com\/produkt\/lazer-ledrampskit-vw-t6-1-2019-2x-triple-r-750-elite\/\",\"url\":\"https:\/\/xenonkungen.com\/produkt\/lazer-ledrampskit-vw-t6-1-2019-2x-triple-r-750-elite\/\",\"name\":\"Lazer Ledrampskit VW T6.1 2019+ 2x Triple-R 750 Elite - Xenonkungen\",\"isPartOf\":{\"@id\":\"https:\/\/xenonkungen.com\/#website\"},\"primaryImageOfPage\":{\"@id\":\"https:\/\/xenonkungen.com\/produkt\/lazer-ledrampskit-vw-t6-1-2019-2x-triple-r-750-elite\/#primaryimage\"},\"image\":{\"@id\":\"https:\/\/xenonkungen.com\/produkt\/lazer-ledrampskit-vw-t6-1-2019-2x-triple-r-750-elite\/#primaryimage\"},\"thumbnailUrl\":\"https:\/\/xenonkungen.com\/wp-content\/uploads\/2025\/04\/159583_itemimage_mainfront.jpg\",\"datePublished\":\"2025-04-15T09:42:02+00:00\",\"dateModified\":\"2026-04-11T00:10:15+00:00\",\"breadcrumb\":{\"@id\":\"https:\/\/xenonkungen.com\/produkt\/lazer-ledrampskit-vw-t6-1-2019-2x-triple-r-750-elite\/#breadcrumb\"},\"inLanguage\":\"nl-NL\",\"potentialAction\":[{\"@type\":\"ReadAction\",\"target\":[\"https:\/\/xenonkungen.com\/produkt\/lazer-ledrampskit-vw-t6-1-2019-2x-triple-r-750-elite\/\"]}]},{\"@type\":\"ImageObject\",\"inLanguage\":\"nl-NL\",\"@id\":\"https:\/\/xenonkungen.com\/produkt\/lazer-ledrampskit-vw-t6-1-2019-2x-triple-r-750-elite\/#primaryimage\",\"url\":\"https:\/\/xenonkungen.com\/wp-content\/uploads\/2025\/04\/159583_itemimage_mainfront.jpg\",\"contentUrl\":\"https:\/\/xenonkungen.com\/wp-content\/uploads\/2025\/04\/159583_itemimage_mainfront.jpg\",\"width\":2048,\"height\":1536},{\"@type\":\"BreadcrumbList\",\"@id\":\"https:\/\/xenonkungen.com\/produkt\/lazer-ledrampskit-vw-t6-1-2019-2x-triple-r-750-elite\/#breadcrumb\",\"itemListElement\":[{\"@type\":\"ListItem\",\"position\":1,\"name\":\"Hem\",\"item\":\"https:\/\/xenonkungen.com\/\"},{\"@type\":\"ListItem\",\"position\":2,\"name\":\"Shop\",\"item\":\"https:\/\/xenonkungen.com\/shop\/\"},{\"@type\":\"ListItem\",\"position\":3,\"name\":\"Lazer Ledrampskit VW T6.1 2019+ 2x Triple-R 750 Elite\"}]},{\"@type\":\"WebSite\",\"@id\":\"https:\/\/xenonkungen.com\/#website\",\"url\":\"https:\/\/xenonkungen.com\/\",\"name\":\"Xenonkungen\",\"description\":\"\",\"potentialAction\":[{\"@type\":\"SearchAction\",\"target\":{\"@type\":\"EntryPoint\",\"urlTemplate\":\"https:\/\/xenonkungen.com\/?s={search_term_string}\"},\"query-input\":{\"@type\":\"PropertyValueSpecification\",\"valueRequired\":true,\"valueName\":\"search_term_string\"}}],\"inLanguage\":\"nl-NL\"}]}<\/script>\n<!-- \/ Yoast SEO plugin. -->","yoast_head_json":{"title":"Laser LED-oprijplaatkit voor VW T6.1 2019+ 2x Triple-R 750 Elite - De Xenon Koning","robots":{"index":"index","follow":"follow","max-snippet":"max-snippet:-1","max-image-preview":"max-image-preview:large","max-video-preview":"max-video-preview:-1"},"canonical":"https:\/\/xenonkungen.com\/nl\/product\/laser-led-ramp-kit-vw-t6-1-2019-2x-triple-r-750-elite\/","og_locale":"nl_NL","og_type":"article","og_title":"Lazer Ledrampskit VW T6.1 2019+ 2x Triple-R 750 Elite - Xenonkungen","og_description":"LAZERS LED-RAMPSKIT F\u00d6R VW TRANSPORTER T6.1 2019+ &#8211; Perfekt Ljusl\u00f6sning F\u00f6r Din Transporter Lazers tar belysning till en ny niv\u00e5 med deras skr\u00e4ddarsydda LED-rampskit. Avsedd specifikt f\u00f6r Volkswagen Transporter T6.1 2019+, kombinerar denna kit design, effektivitet och prestanda. Montering av dessa lampor \u00e4r b\u00e5de enkel och snabb. Resultatet? En robust och s\u00e4ker installation som passar [&hellip;]","og_url":"https:\/\/xenonkungen.com\/nl\/product\/laser-led-ramp-kit-vw-t6-1-2019-2x-triple-r-750-elite\/","og_site_name":"Xenonkungen","article_modified_time":"2026-04-11T00:10:15+00:00","og_image":[{"width":2048,"height":1536,"url":"https:\/\/xenonkungen.com\/wp-content\/uploads\/2025\/04\/159583_itemimage_mainfront.jpg","type":"image\/jpeg"}],"twitter_card":"summary_large_image","twitter_misc":{"Geschatte leestijd":"1 minuut"},"schema":{"@context":"https:\/\/schema.org","@graph":[{"@type":"WebPage","@id":"https:\/\/xenonkungen.com\/produkt\/lazer-ledrampskit-vw-t6-1-2019-2x-triple-r-750-elite\/","url":"https:\/\/xenonkungen.com\/produkt\/lazer-ledrampskit-vw-t6-1-2019-2x-triple-r-750-elite\/","name":"Laser LED-oprijplaatkit voor VW T6.1 2019+ 2x Triple-R 750 Elite - De Xenon Koning","isPartOf":{"@id":"https:\/\/xenonkungen.com\/#website"},"primaryImageOfPage":{"@id":"https:\/\/xenonkungen.com\/produkt\/lazer-ledrampskit-vw-t6-1-2019-2x-triple-r-750-elite\/#primaryimage"},"image":{"@id":"https:\/\/xenonkungen.com\/produkt\/lazer-ledrampskit-vw-t6-1-2019-2x-triple-r-750-elite\/#primaryimage"},"thumbnailUrl":"https:\/\/xenonkungen.com\/wp-content\/uploads\/2025\/04\/159583_itemimage_mainfront.jpg","datePublished":"2025-04-15T09:42:02+00:00","dateModified":"2026-04-11T00:10:15+00:00","breadcrumb":{"@id":"https:\/\/xenonkungen.com\/produkt\/lazer-ledrampskit-vw-t6-1-2019-2x-triple-r-750-elite\/#breadcrumb"},"inLanguage":"nl-NL","potentialAction":[{"@type":"ReadAction","target":["https:\/\/xenonkungen.com\/produkt\/lazer-ledrampskit-vw-t6-1-2019-2x-triple-r-750-elite\/"]}]},{"@type":"ImageObject","inLanguage":"nl-NL","@id":"https:\/\/xenonkungen.com\/produkt\/lazer-ledrampskit-vw-t6-1-2019-2x-triple-r-750-elite\/#primaryimage","url":"https:\/\/xenonkungen.com\/wp-content\/uploads\/2025\/04\/159583_itemimage_mainfront.jpg","contentUrl":"https:\/\/xenonkungen.com\/wp-content\/uploads\/2025\/04\/159583_itemimage_mainfront.jpg","width":2048,"height":1536},{"@type":"BreadcrumbList","@id":"https:\/\/xenonkungen.com\/produkt\/lazer-ledrampskit-vw-t6-1-2019-2x-triple-r-750-elite\/#breadcrumb","itemListElement":[{"@type":"ListItem","position":1,"name":"Hem","item":"https:\/\/xenonkungen.com\/"},{"@type":"ListItem","position":2,"name":"Shop","item":"https:\/\/xenonkungen.com\/shop\/"},{"@type":"ListItem","position":3,"name":"Lazer Ledrampskit VW T6.1 2019+ 2x Triple-R 750 Elite"}]},{"@type":"WebSite","@id":"https:\/\/xenonkungen.com\/#website","url":"https:\/\/xenonkungen.com\/","name":"Xenonkungen","description":"","potentialAction":[{"@type":"SearchAction","target":{"@type":"EntryPoint","urlTemplate":"https:\/\/xenonkungen.com\/?s={search_term_string}"},"query-input":{"@type":"PropertyValueSpecification","valueRequired":true,"valueName":"search_term_string"}}],"inLanguage":"nl-NL"}]}},"taxonomy_info":{"product_brand":[{"value":1124,"label":"Lazer"}],"product_cat":[{"value":2539,"label":"LEDRAMPER"},{"value":2596,"label":"Paket"},{"value":1916,"label":"Ledrampspaket"}],"product_tag":[{"value":2735,"label":"Lazer"}],"pa_fargtemperatur":[{"value":154,"label":"5000K"}],"pa_godkannande":[{"value":1709,"label":"E-godk\u00e4nd, ECE, R112"}],"pa_led-chips-effekt-w":[{"value":1616,"label":"104"}],"pa_stromforbrukning":[{"value":1617,"label":"7,2A@14,4V"}],"pa_volt-v":[{"value":1084,"label":"Multivolt, 10, 12, 16, 18, 24, 28, 30, 32"}]},"featured_image_src_large":["https:\/\/xenonkungen.com\/wp-content\/uploads\/2025\/04\/159583_itemimage_mainfront-1024x768.jpg",1024,768,true],"author_info":[],"comment_info":0,"_links":{"self":[{"href":"https:\/\/xenonkungen.com\/nl\/wp-json\/wp\/v2\/product\/6142","targetHints":{"allow":["GET"]}}],"collection":[{"href":"https:\/\/xenonkungen.com\/nl\/wp-json\/wp\/v2\/product"}],"about":[{"href":"https:\/\/xenonkungen.com\/nl\/wp-json\/wp\/v2\/types\/product"}],"replies":[{"embeddable":true,"href":"https:\/\/xenonkungen.com\/nl\/wp-json\/wp\/v2\/comments?post=6142"}],"wp:featuredmedia":[{"embeddable":true,"href":"https:\/\/xenonkungen.com\/nl\/wp-json\/wp\/v2\/media\/6143"}],"wp:attachment":[{"href":"https:\/\/xenonkungen.com\/nl\/wp-json\/wp\/v2\/media?parent=6142"}],"wp:term":[{"taxonomy":"anvandningsomrade","embeddable":true,"href":"https:\/\/xenonkungen.com\/nl\/wp-json\/wp\/v2\/anvandningsomrade?post=6142"},{"taxonomy":"bilmarken","embeddable":true,"href":"https:\/\/xenonkungen.com\/nl\/wp-json\/wp\/v2\/bilmarken?post=6142"},{"taxonomy":"product_brand","embeddable":true,"href":"https:\/\/xenonkungen.com\/nl\/wp-json\/wp\/v2\/product_brand?post=6142"},{"taxonomy":"product_cat","embeddable":true,"href":"https:\/\/xenonkungen.com\/nl\/wp-json\/wp\/v2\/product_cat?post=6142"},{"taxonomy":"product_tag","embeddable":true,"href":"https:\/\/xenonkungen.com\/nl\/wp-json\/wp\/v2\/product_tag?post=6142"}],"curies":[{"name":"wp","href":"https:\/\/api.w.org\/{rel}","templated":true}]}}