{"id":6164,"date":"2025-04-15T09:42:34","date_gmt":"2025-04-15T09:42:34","guid":{"rendered":"https:\/\/xenonkungen.com\/product\/lazer-sentinel-elite-led-extraljus-9-black-positionsljus\/"},"modified":"2026-04-24T17:28:05","modified_gmt":"2026-04-24T16:28:05","slug":"laser-sentinel-elite-led-hulplamp-9-zwarte-positielamp","status":"publish","type":"product","link":"https:\/\/xenonkungen.com\/nl\/product\/laser-sentinel-elite-led-hulplamp-9-zwarte-positielamp\/","title":{"rendered":"Lazer Sentinel Elite LED extra licht 9\u2033 Zwart positielicht"},"content":{"rendered":"<h1>LAZER SENTINEL ELITE 9\u2033 - Compact, Opvallend, Elegant<\/h1>\n<p>Lazer's nieuwste en meest geavanceerde ronde LED-hulpverlichting in 9\" design. De Sentinel-reeks is gemaakt met geavanceerde LED-technologie die voldoet aan de behoeften van professionals en installateurs. Uitstekende optiek ontworpen om een uitgebreid lichtpatroon te bieden dat beide kanten van de weg verlicht, terwijl opmerkelijke afstanden worden bereikt.<\/p>\n<ul>\n<li>Bereik: 1 lux @ 742m<\/li>\n<li>15.232 Theoretische lumen<\/li>\n<li>E-boostmodus voor extra lichtintensiteit<\/li>\n<\/ul>\n<p>De projectielengte is 1 lux @ 742 m voor de Lazer Sentinel Elite. De lens heeft een zwart getinte of chromen afwerking, wat bijdraagt aan een stijlvol ontwerp zonder dat dit ten koste gaat van de lichtprestaties. Dit positielicht is uitgerust met een opvallend ge\u00efntegreerd positielicht en kan naar keuze wit of amberkleurig licht leveren. De lamp is ontworpen om te voorkomen dat sneeuw, ijs en vuil zich ophopen op de lens. Het wordt ook geleverd met een bijpassende zwarte montagebeugel.<\/p>\n<h2>E-boostmodus:<\/h2>\n<p>Voor de momenten waarop je het maximale licht nodig hebt, zoals bij off-road rijden, levert de Lazer Sentinel Elite een verbazingwekkende lichtafstand tot 742 m bij 1 lux. Je kunt snel schakelen tussen de E-boostmodus en de E-goedgekeurde standaardmodus.<\/p>\n<p>De indrukwekkende helderheid is slechts een deel van het verhaal; de horizontale stralingshoek van 52 graden biedt optimaal zicht op alle soorten terrein, waardoor de Sentinel een van de toonaangevende ronde extra lampen op de markt is.<\/p>","protected":false},"excerpt":{"rendered":"<p>LAZER SENTINEL ELITE 9&#8243; &#8211; Kompakt, Sl\u00e5ende, Elegant Lazers senaste och mest framst\u00e5ende runda LED extraljus i 9\u201d utf\u00f6rande. Sentinel-serien \u00e4r skapad med avancerad LED-teknologi som svarar p\u00e5 behoven fr\u00e5n proffs och installat\u00f6rer. Utm\u00e4rkt optik designad f\u00f6r att ge en omfattande ljusbild som belyser b\u00e5da sidor av v\u00e4gen, och samtidigt uppn\u00e5r anm\u00e4rkningsv\u00e4rda avst\u00e5nd. R\u00e4ckvidd: 1 [&hellip;]<\/p>","protected":false},"featured_media":6165,"comment_status":"closed","ping_status":"open","template":"","meta":{"_acf_changed":false,"_smort_price_nok":"8545","_smort_price_dkk":"5428","_smort_price_eur":"727.24","_smort_sale_price_nok":"","_smort_sale_price_dkk":"","_smort_sale_price_eur":"","smort_restorder":"","shipmondo_restorder":"","_kad_blocks_custom_css":"","_kad_blocks_head_custom_js":"","_kad_blocks_body_custom_js":"","_kad_blocks_footer_custom_js":"","smort_custom_pricelist_1":"5120","smort_custom_pricelist_2":"5120","smort_custom_pricelist_3":"5120","smort_custom_pricelist_4":"6400","smort_custom_pricelist_5":"5120"},"anvandningsomrade":[],"bilmarken":[],"product_brand":[1124],"product_cat":[2839,142],"product_tag":[2735],"class_list":{"0":"post-6164","1":"product","2":"type-product","3":"status-publish","4":"has-post-thumbnail","6":"product_brand-lazer","7":"product_cat-extraljus-9","8":"product_cat-extraljus","9":"product_tag-lazer","10":"pa_fargtemperatur-5000k","11":"pa_fuktskydd-varde-ipxx-ip68","12":"pa_godkannande-e-godkand-ece-r112","13":"pa_lampsockel-kontakt-superseal","14":"pa_led-chips-effekt-w-1717","15":"pa_storlek-mm-225x230x90","16":"pa_stromforbrukning-101a144v","17":"pa_volt-v-multivolt-10-12-16-18-24-28-30-32","19":"first","20":"onbackorder","21":"taxable","22":"shipping-taxable","23":"purchasable","24":"product-type-simple"},"bundled_by":[],"bundle_stock_status":"onbackorder","bundle_stock_quantity":0,"bundle_virtual":false,"bundle_layout":"","bundle_add_to_cart_form_location":"","bundle_editable_in_cart":false,"bundle_sold_individually_context":"","bundle_item_grouping":"","bundle_min_size":"","bundle_max_size":"","bundle_price":[],"bundled_items":[],"bundle_sell_ids":[],"acf":[],"yoast_head":"<!-- This site is optimized with the Yoast SEO plugin v27.0 - https:\/\/yoast.com\/product\/yoast-seo-wordpress\/ -->\n<title>Lazer Sentinel Elite LED extraljus 9&quot; Black Positionsljus - Xenonkungen<\/title>\n<meta name=\"robots\" content=\"index, follow, max-snippet:-1, max-image-preview:large, max-video-preview:-1\" \/>\n<link rel=\"canonical\" href=\"https:\/\/xenonkungen.com\/nl\/product\/laser-sentinel-elite-led-hulplamp-9-zwarte-positielamp\/\" \/>\n<meta property=\"og:locale\" content=\"nl_NL\" \/>\n<meta property=\"og:type\" content=\"article\" \/>\n<meta property=\"og:title\" content=\"Lazer Sentinel Elite LED extraljus 9&quot; Black Positionsljus - Xenonkungen\" \/>\n<meta property=\"og:description\" content=\"LAZER SENTINEL ELITE 9&#8243; &#8211; Kompakt, Sl\u00e5ende, Elegant Lazers senaste och mest framst\u00e5ende runda LED extraljus i 9\u201d utf\u00f6rande. Sentinel-serien \u00e4r skapad med avancerad LED-teknologi som svarar p\u00e5 behoven fr\u00e5n proffs och installat\u00f6rer. Utm\u00e4rkt optik designad f\u00f6r att ge en omfattande ljusbild som belyser b\u00e5da sidor av v\u00e4gen, och samtidigt uppn\u00e5r anm\u00e4rkningsv\u00e4rda avst\u00e5nd. R\u00e4ckvidd: 1 [&hellip;]\" \/>\n<meta property=\"og:url\" content=\"https:\/\/xenonkungen.com\/nl\/product\/laser-sentinel-elite-led-hulplamp-9-zwarte-positielamp\/\" \/>\n<meta property=\"og:site_name\" content=\"Xenonkungen\" \/>\n<meta property=\"article:modified_time\" content=\"2026-04-24T16:28:05+00:00\" \/>\n<meta property=\"og:image\" content=\"https:\/\/xenonkungen.com\/wp-content\/uploads\/2025\/04\/159603_itemimage_4.jpg\" \/>\n\t<meta property=\"og:image:width\" content=\"2048\" \/>\n\t<meta property=\"og:image:height\" content=\"1536\" \/>\n\t<meta property=\"og:image:type\" content=\"image\/jpeg\" \/>\n<meta name=\"twitter:card\" content=\"summary_large_image\" \/>\n<meta name=\"twitter:label1\" content=\"Geschatte leestijd\" \/>\n\t<meta name=\"twitter:data1\" content=\"1 minuut\" \/>\n<script type=\"application\/ld+json\" class=\"yoast-schema-graph\">{\"@context\":\"https:\/\/schema.org\",\"@graph\":[{\"@type\":\"WebPage\",\"@id\":\"https:\/\/xenonkungen.com\/no\/produkt\/lazer-sentinel-elite-led-hjelpelys-9-svart-posisjonslys\/\",\"url\":\"https:\/\/xenonkungen.com\/no\/produkt\/lazer-sentinel-elite-led-hjelpelys-9-svart-posisjonslys\/\",\"name\":\"Lazer Sentinel Elite LED extraljus 9\\\" Black Positionsljus - Xenonkungen\",\"isPartOf\":{\"@id\":\"https:\/\/xenonkungen.com\/#website\"},\"primaryImageOfPage\":{\"@id\":\"https:\/\/xenonkungen.com\/no\/produkt\/lazer-sentinel-elite-led-hjelpelys-9-svart-posisjonslys\/#primaryimage\"},\"image\":{\"@id\":\"https:\/\/xenonkungen.com\/no\/produkt\/lazer-sentinel-elite-led-hjelpelys-9-svart-posisjonslys\/#primaryimage\"},\"thumbnailUrl\":\"https:\/\/xenonkungen.com\/wp-content\/uploads\/2025\/04\/159603_itemimage_4.jpg\",\"datePublished\":\"2025-04-15T09:42:34+00:00\",\"dateModified\":\"2026-04-24T16:28:05+00:00\",\"breadcrumb\":{\"@id\":\"https:\/\/xenonkungen.com\/no\/produkt\/lazer-sentinel-elite-led-hjelpelys-9-svart-posisjonslys\/#breadcrumb\"},\"inLanguage\":\"nl-NL\",\"potentialAction\":[{\"@type\":\"ReadAction\",\"target\":[\"https:\/\/xenonkungen.com\/no\/produkt\/lazer-sentinel-elite-led-hjelpelys-9-svart-posisjonslys\/\"]}]},{\"@type\":\"ImageObject\",\"inLanguage\":\"nl-NL\",\"@id\":\"https:\/\/xenonkungen.com\/no\/produkt\/lazer-sentinel-elite-led-hjelpelys-9-svart-posisjonslys\/#primaryimage\",\"url\":\"https:\/\/xenonkungen.com\/wp-content\/uploads\/2025\/04\/159603_itemimage_4.jpg\",\"contentUrl\":\"https:\/\/xenonkungen.com\/wp-content\/uploads\/2025\/04\/159603_itemimage_4.jpg\",\"width\":2048,\"height\":1536},{\"@type\":\"BreadcrumbList\",\"@id\":\"https:\/\/xenonkungen.com\/no\/produkt\/lazer-sentinel-elite-led-hjelpelys-9-svart-posisjonslys\/#breadcrumb\",\"itemListElement\":[{\"@type\":\"ListItem\",\"position\":1,\"name\":\"Hem\",\"item\":\"https:\/\/xenonkungen.com\/\"},{\"@type\":\"ListItem\",\"position\":2,\"name\":\"Shop\",\"item\":\"https:\/\/xenonkungen.com\/shop\/\"},{\"@type\":\"ListItem\",\"position\":3,\"name\":\"Lazer Sentinel Elite LED extraljus 9&#8243; Black Positionsljus\"}]},{\"@type\":\"WebSite\",\"@id\":\"https:\/\/xenonkungen.com\/#website\",\"url\":\"https:\/\/xenonkungen.com\/\",\"name\":\"Xenonkungen\",\"description\":\"\",\"potentialAction\":[{\"@type\":\"SearchAction\",\"target\":{\"@type\":\"EntryPoint\",\"urlTemplate\":\"https:\/\/xenonkungen.com\/?s={search_term_string}\"},\"query-input\":{\"@type\":\"PropertyValueSpecification\",\"valueRequired\":true,\"valueName\":\"search_term_string\"}}],\"inLanguage\":\"nl-NL\"}]}<\/script>\n<!-- \/ Yoast SEO plugin. -->","yoast_head_json":{"title":"Lazer Sentinel Elite LED-hulplamp 9&quot; Zwart Positielicht - Xenonkungen","robots":{"index":"index","follow":"follow","max-snippet":"max-snippet:-1","max-image-preview":"max-image-preview:large","max-video-preview":"max-video-preview:-1"},"canonical":"https:\/\/xenonkungen.com\/nl\/product\/laser-sentinel-elite-led-hulplamp-9-zwarte-positielamp\/","og_locale":"nl_NL","og_type":"article","og_title":"Lazer Sentinel Elite LED extraljus 9\" Black Positionsljus - Xenonkungen","og_description":"LAZER SENTINEL ELITE 9&#8243; &#8211; Kompakt, Sl\u00e5ende, Elegant Lazers senaste och mest framst\u00e5ende runda LED extraljus i 9\u201d utf\u00f6rande. Sentinel-serien \u00e4r skapad med avancerad LED-teknologi som svarar p\u00e5 behoven fr\u00e5n proffs och installat\u00f6rer. Utm\u00e4rkt optik designad f\u00f6r att ge en omfattande ljusbild som belyser b\u00e5da sidor av v\u00e4gen, och samtidigt uppn\u00e5r anm\u00e4rkningsv\u00e4rda avst\u00e5nd. R\u00e4ckvidd: 1 [&hellip;]","og_url":"https:\/\/xenonkungen.com\/nl\/product\/laser-sentinel-elite-led-hulplamp-9-zwarte-positielamp\/","og_site_name":"Xenonkungen","article_modified_time":"2026-04-24T16:28:05+00:00","og_image":[{"width":2048,"height":1536,"url":"https:\/\/xenonkungen.com\/wp-content\/uploads\/2025\/04\/159603_itemimage_4.jpg","type":"image\/jpeg"}],"twitter_card":"summary_large_image","twitter_misc":{"Geschatte leestijd":"1 minuut"},"schema":{"@context":"https:\/\/schema.org","@graph":[{"@type":"WebPage","@id":"https:\/\/xenonkungen.com\/no\/produkt\/lazer-sentinel-elite-led-hjelpelys-9-svart-posisjonslys\/","url":"https:\/\/xenonkungen.com\/no\/produkt\/lazer-sentinel-elite-led-hjelpelys-9-svart-posisjonslys\/","name":"Lazer Sentinel Elite LED-hulplamp 9&quot; Zwart Positielicht - Xenonkungen","isPartOf":{"@id":"https:\/\/xenonkungen.com\/#website"},"primaryImageOfPage":{"@id":"https:\/\/xenonkungen.com\/no\/produkt\/lazer-sentinel-elite-led-hjelpelys-9-svart-posisjonslys\/#primaryimage"},"image":{"@id":"https:\/\/xenonkungen.com\/no\/produkt\/lazer-sentinel-elite-led-hjelpelys-9-svart-posisjonslys\/#primaryimage"},"thumbnailUrl":"https:\/\/xenonkungen.com\/wp-content\/uploads\/2025\/04\/159603_itemimage_4.jpg","datePublished":"2025-04-15T09:42:34+00:00","dateModified":"2026-04-24T16:28:05+00:00","breadcrumb":{"@id":"https:\/\/xenonkungen.com\/no\/produkt\/lazer-sentinel-elite-led-hjelpelys-9-svart-posisjonslys\/#breadcrumb"},"inLanguage":"nl-NL","potentialAction":[{"@type":"ReadAction","target":["https:\/\/xenonkungen.com\/no\/produkt\/lazer-sentinel-elite-led-hjelpelys-9-svart-posisjonslys\/"]}]},{"@type":"ImageObject","inLanguage":"nl-NL","@id":"https:\/\/xenonkungen.com\/no\/produkt\/lazer-sentinel-elite-led-hjelpelys-9-svart-posisjonslys\/#primaryimage","url":"https:\/\/xenonkungen.com\/wp-content\/uploads\/2025\/04\/159603_itemimage_4.jpg","contentUrl":"https:\/\/xenonkungen.com\/wp-content\/uploads\/2025\/04\/159603_itemimage_4.jpg","width":2048,"height":1536},{"@type":"BreadcrumbList","@id":"https:\/\/xenonkungen.com\/no\/produkt\/lazer-sentinel-elite-led-hjelpelys-9-svart-posisjonslys\/#breadcrumb","itemListElement":[{"@type":"ListItem","position":1,"name":"Hem","item":"https:\/\/xenonkungen.com\/"},{"@type":"ListItem","position":2,"name":"Shop","item":"https:\/\/xenonkungen.com\/shop\/"},{"@type":"ListItem","position":3,"name":"Lazer Sentinel Elite LED extraljus 9&#8243; Black Positionsljus"}]},{"@type":"WebSite","@id":"https:\/\/xenonkungen.com\/#website","url":"https:\/\/xenonkungen.com\/","name":"Xenonkungen","description":"","potentialAction":[{"@type":"SearchAction","target":{"@type":"EntryPoint","urlTemplate":"https:\/\/xenonkungen.com\/?s={search_term_string}"},"query-input":{"@type":"PropertyValueSpecification","valueRequired":true,"valueName":"search_term_string"}}],"inLanguage":"nl-NL"}]}},"taxonomy_info":{"product_brand":[{"value":1124,"label":"Lazer"}],"product_cat":[{"value":2839,"label":"Extraljus 9\""},{"value":142,"label":"Extraljus"}],"product_tag":[{"value":2735,"label":"Lazer"}],"pa_fargtemperatur":[{"value":154,"label":"5000K"}],"pa_fuktskydd-varde-ipxx":[{"value":177,"label":"IP68"}],"pa_godkannande":[{"value":1709,"label":"E-godk\u00e4nd, ECE, R112"}],"pa_lampsockel-kontakt":[{"value":1122,"label":"Superseal"}],"pa_led-chips-effekt-w":[{"value":1717,"label":"145"}],"pa_storlek-mm":[{"value":1716,"label":"225x230x90"}],"pa_stromforbrukning":[{"value":1718,"label":"10,1A@14,4V"}],"pa_volt-v":[{"value":1084,"label":"Multivolt, 10, 12, 16, 18, 24, 28, 30, 32"}]},"featured_image_src_large":["https:\/\/xenonkungen.com\/wp-content\/uploads\/2025\/04\/159603_itemimage_4-1024x768.jpg",1024,768,true],"author_info":[],"comment_info":0,"_links":{"self":[{"href":"https:\/\/xenonkungen.com\/nl\/wp-json\/wp\/v2\/product\/6164","targetHints":{"allow":["GET"]}}],"collection":[{"href":"https:\/\/xenonkungen.com\/nl\/wp-json\/wp\/v2\/product"}],"about":[{"href":"https:\/\/xenonkungen.com\/nl\/wp-json\/wp\/v2\/types\/product"}],"replies":[{"embeddable":true,"href":"https:\/\/xenonkungen.com\/nl\/wp-json\/wp\/v2\/comments?post=6164"}],"wp:featuredmedia":[{"embeddable":true,"href":"https:\/\/xenonkungen.com\/nl\/wp-json\/wp\/v2\/media\/6165"}],"wp:attachment":[{"href":"https:\/\/xenonkungen.com\/nl\/wp-json\/wp\/v2\/media?parent=6164"}],"wp:term":[{"taxonomy":"anvandningsomrade","embeddable":true,"href":"https:\/\/xenonkungen.com\/nl\/wp-json\/wp\/v2\/anvandningsomrade?post=6164"},{"taxonomy":"bilmarken","embeddable":true,"href":"https:\/\/xenonkungen.com\/nl\/wp-json\/wp\/v2\/bilmarken?post=6164"},{"taxonomy":"product_brand","embeddable":true,"href":"https:\/\/xenonkungen.com\/nl\/wp-json\/wp\/v2\/product_brand?post=6164"},{"taxonomy":"product_cat","embeddable":true,"href":"https:\/\/xenonkungen.com\/nl\/wp-json\/wp\/v2\/product_cat?post=6164"},{"taxonomy":"product_tag","embeddable":true,"href":"https:\/\/xenonkungen.com\/nl\/wp-json\/wp\/v2\/product_tag?post=6164"}],"curies":[{"name":"wp","href":"https:\/\/api.w.org\/{rel}","templated":true}]}}