{"id":6175,"date":"2025-04-15T09:43:10","date_gmt":"2025-04-15T09:43:10","guid":{"rendered":"https:\/\/xenonkungen.com\/product\/lazer-ledrampskit-toyota-rav4-2019-linear-18-elite\/"},"modified":"2026-04-26T13:32:07","modified_gmt":"2026-04-26T12:32:07","slug":"laser-led-ramp-kit-toyota-rav4-2019-linear-18-elite","status":"publish","type":"product","link":"https:\/\/xenonkungen.com\/nl\/product\/laser-led-ramp-kit-toyota-rav4-2019-linear-18-elite\/","title":{"rendered":"Lazer Ledramp kit Toyota RAV4 2019+ Linear 18 Elite"},"content":{"rendered":"<h1>Lazer Ledramp kit Toyota RAV4 2019+ Linear 18 Elite<\/h1>\n<p>Verfraai je 2019+ Toyota RAV4 met de Linear 18 Elite LED Ramp Kit van Lazer. De kit is op maat gemaakt om een ge\u00efntegreerde oplossing te bieden die verzonken montage van LED-koplampen of lichtbalken in de originele grille van het voertuig mogelijk maakt. Uitgerust met 36 hoogeffici\u00ebnte LED's en een reeks andere voordelen, is dit een betrouwbare oplossing voor wie op zoek is naar verbeterde verlichting voor zijn voertuig.<\/p>\n<h2>Kenmerken en functies<\/h2>\n<ul>\n<li>Op maat gemaakt voor Toyota RAV4 2019+ en andere populaire 4WD en lichte motorvoertuigen<\/li>\n<li>UNECE-gecertificeerd volgens Reglement 112 voor voertuiglampen van klasse B<\/li>\n<li>Installatie direct in de originele grill met bijbehorende snijgeleiders<\/li>\n<li>Montagebeugels 3D-geprint van UV-stabiel ASA-materiaal<\/li>\n<li>Lazerkabelset inbegrepen voor eenvoudige installatie<\/li>\n<li>Het product is ontworpen en vervaardigd in het Verenigd Koninkrijk<\/li>\n<li>Montage-instructies inbegrepen<\/li>\n<li>Vijf jaar garantie<\/li>\n<\/ul>\n<h2>Inhoud van de verpakking<\/h2>\n<ul>\n<li>1x montageset (inclusief snijgeleiders)<\/li>\n<li>1x Linear-18 Elite LED Ramp<\/li>\n<li>1x Bedradingsset voor \u00e9\u00e9n lamp<\/li>\n<li>Installatie-instructies<\/li>\n<\/ul>","protected":false},"excerpt":{"rendered":"<p>Lazer Ledrampskit Toyota RAV4 2019+ Linear 18 Elite F\u00f6rb\u00e4ttra din Toyota RAV4 2019+ med Linear 18 Elite Ledrampskit fr\u00e5n Lazer. Kitet \u00e4r specialanpassat f\u00f6r att erbjuda en integrerad l\u00f6sning som m\u00f6jligg\u00f6r f\u00f6rs\u00e4nkt montering av LED-str\u00e5lkastare eller ljusramper i fordonets ursprungliga grill. Utrustad med 36 h\u00f6geffektiva LED-lampor och en rad andra f\u00f6rdelar, \u00e4r det h\u00e4r en [&hellip;]<\/p>","protected":false},"featured_media":6176,"comment_status":"closed","ping_status":"open","template":"","meta":{"_acf_changed":false,"_smort_price_nok":"10147","_smort_price_dkk":"6446","_smort_price_eur":"863.6","_smort_sale_price_nok":"","_smort_sale_price_dkk":"","_smort_sale_price_eur":"","smort_restorder":"","shipmondo_restorder":"","_kad_blocks_custom_css":"","_kad_blocks_head_custom_js":"","_kad_blocks_body_custom_js":"","_kad_blocks_footer_custom_js":"","smort_custom_pricelist_1":"6080","smort_custom_pricelist_2":"6080","smort_custom_pricelist_3":"6080","smort_custom_pricelist_4":"7600","smort_custom_pricelist_5":"6080"},"anvandningsomrade":[],"bilmarken":[],"product_brand":[1124],"product_cat":[2971,2461,2610,390],"product_tag":[2735],"class_list":{"0":"post-6175","1":"product","2":"type-product","3":"status-publish","4":"has-post-thumbnail","6":"product_brand-lazer","7":"product_cat-ledramp-fasten","8":"product_cat-fasten-installation","9":"product_cat-modellanpassade","10":"product_cat-installation","11":"product_tag-lazer","12":"pa_fargtemperatur-5000k","13":"pa_fuktskydd-varde-ipxx-ip68","14":"pa_godkannande-e-godkand-ece-r112","15":"pa_lampsockel-kontakt-superseal","16":"pa_led-chips-effekt-w-1141","17":"pa_stromforbrukning-9a144v","18":"pa_volt-v-multivolt-10-12-16-18-24-28-30-32","20":"first","21":"onbackorder","22":"taxable","23":"shipping-taxable","24":"purchasable","25":"product-type-simple"},"bundled_by":[],"bundle_stock_status":"onbackorder","bundle_stock_quantity":0,"bundle_virtual":false,"bundle_layout":"","bundle_add_to_cart_form_location":"","bundle_editable_in_cart":false,"bundle_sold_individually_context":"","bundle_item_grouping":"","bundle_min_size":"","bundle_max_size":"","bundle_price":[],"bundled_items":[],"bundle_sell_ids":[],"acf":[],"yoast_head":"<!-- This site is optimized with the Yoast SEO plugin v27.0 - https:\/\/yoast.com\/product\/yoast-seo-wordpress\/ -->\n<title>Lazer Ledrampskit Toyota RAV4 2019+ Linear 18 Elite - Xenonkungen<\/title>\n<meta name=\"robots\" content=\"index, follow, max-snippet:-1, max-image-preview:large, max-video-preview:-1\" \/>\n<link rel=\"canonical\" href=\"https:\/\/xenonkungen.com\/nl\/product\/laser-led-ramp-kit-toyota-rav4-2019-linear-18-elite\/\" \/>\n<meta property=\"og:locale\" content=\"nl_NL\" \/>\n<meta property=\"og:type\" content=\"article\" \/>\n<meta property=\"og:title\" content=\"Lazer Ledrampskit Toyota RAV4 2019+ Linear 18 Elite - Xenonkungen\" \/>\n<meta property=\"og:description\" content=\"Lazer Ledrampskit Toyota RAV4 2019+ Linear 18 Elite F\u00f6rb\u00e4ttra din Toyota RAV4 2019+ med Linear 18 Elite Ledrampskit fr\u00e5n Lazer. Kitet \u00e4r specialanpassat f\u00f6r att erbjuda en integrerad l\u00f6sning som m\u00f6jligg\u00f6r f\u00f6rs\u00e4nkt montering av LED-str\u00e5lkastare eller ljusramper i fordonets ursprungliga grill. Utrustad med 36 h\u00f6geffektiva LED-lampor och en rad andra f\u00f6rdelar, \u00e4r det h\u00e4r en [&hellip;]\" \/>\n<meta property=\"og:url\" content=\"https:\/\/xenonkungen.com\/nl\/product\/laser-led-ramp-kit-toyota-rav4-2019-linear-18-elite\/\" \/>\n<meta property=\"og:site_name\" content=\"Xenonkungen\" \/>\n<meta property=\"article:modified_time\" content=\"2026-04-26T12:32:07+00:00\" \/>\n<meta property=\"og:image\" content=\"https:\/\/xenonkungen.com\/wp-content\/uploads\/2025\/04\/159609_itemimage_mainfront.jpg\" \/>\n\t<meta property=\"og:image:width\" content=\"1722\" \/>\n\t<meta property=\"og:image:height\" content=\"1298\" \/>\n\t<meta property=\"og:image:type\" content=\"image\/jpeg\" \/>\n<meta name=\"twitter:card\" content=\"summary_large_image\" \/>\n<meta name=\"twitter:label1\" content=\"Geschatte leestijd\" \/>\n\t<meta name=\"twitter:data1\" content=\"1 minuut\" \/>\n<script type=\"application\/ld+json\" class=\"yoast-schema-graph\">{\"@context\":\"https:\/\/schema.org\",\"@graph\":[{\"@type\":\"WebPage\",\"@id\":\"https:\/\/xenonkungen.com\/produkt\/lazer-ledrampskit-toyota-rav4-2019-linear-18-elite\/\",\"url\":\"https:\/\/xenonkungen.com\/produkt\/lazer-ledrampskit-toyota-rav4-2019-linear-18-elite\/\",\"name\":\"Lazer Ledrampskit Toyota RAV4 2019+ Linear 18 Elite - Xenonkungen\",\"isPartOf\":{\"@id\":\"https:\/\/xenonkungen.com\/#website\"},\"primaryImageOfPage\":{\"@id\":\"https:\/\/xenonkungen.com\/produkt\/lazer-ledrampskit-toyota-rav4-2019-linear-18-elite\/#primaryimage\"},\"image\":{\"@id\":\"https:\/\/xenonkungen.com\/produkt\/lazer-ledrampskit-toyota-rav4-2019-linear-18-elite\/#primaryimage\"},\"thumbnailUrl\":\"https:\/\/xenonkungen.com\/wp-content\/uploads\/2025\/04\/159609_itemimage_mainfront.jpg\",\"datePublished\":\"2025-04-15T09:43:10+00:00\",\"dateModified\":\"2026-04-26T12:32:07+00:00\",\"breadcrumb\":{\"@id\":\"https:\/\/xenonkungen.com\/produkt\/lazer-ledrampskit-toyota-rav4-2019-linear-18-elite\/#breadcrumb\"},\"inLanguage\":\"nl-NL\",\"potentialAction\":[{\"@type\":\"ReadAction\",\"target\":[\"https:\/\/xenonkungen.com\/produkt\/lazer-ledrampskit-toyota-rav4-2019-linear-18-elite\/\"]}]},{\"@type\":\"ImageObject\",\"inLanguage\":\"nl-NL\",\"@id\":\"https:\/\/xenonkungen.com\/produkt\/lazer-ledrampskit-toyota-rav4-2019-linear-18-elite\/#primaryimage\",\"url\":\"https:\/\/xenonkungen.com\/wp-content\/uploads\/2025\/04\/159609_itemimage_mainfront.jpg\",\"contentUrl\":\"https:\/\/xenonkungen.com\/wp-content\/uploads\/2025\/04\/159609_itemimage_mainfront.jpg\",\"width\":1722,\"height\":1298},{\"@type\":\"BreadcrumbList\",\"@id\":\"https:\/\/xenonkungen.com\/produkt\/lazer-ledrampskit-toyota-rav4-2019-linear-18-elite\/#breadcrumb\",\"itemListElement\":[{\"@type\":\"ListItem\",\"position\":1,\"name\":\"Hem\",\"item\":\"https:\/\/xenonkungen.com\/\"},{\"@type\":\"ListItem\",\"position\":2,\"name\":\"Shop\",\"item\":\"https:\/\/xenonkungen.com\/shop\/\"},{\"@type\":\"ListItem\",\"position\":3,\"name\":\"Lazer Ledrampskit Toyota RAV4 2019+ Linear 18 Elite\"}]},{\"@type\":\"WebSite\",\"@id\":\"https:\/\/xenonkungen.com\/#website\",\"url\":\"https:\/\/xenonkungen.com\/\",\"name\":\"Xenonkungen\",\"description\":\"\",\"potentialAction\":[{\"@type\":\"SearchAction\",\"target\":{\"@type\":\"EntryPoint\",\"urlTemplate\":\"https:\/\/xenonkungen.com\/?s={search_term_string}\"},\"query-input\":{\"@type\":\"PropertyValueSpecification\",\"valueRequired\":true,\"valueName\":\"search_term_string\"}}],\"inLanguage\":\"nl-NL\"}]}<\/script>\n<!-- \/ Yoast SEO plugin. -->","yoast_head_json":{"title":"Laser LED-oprijplaatkit voor Toyota RAV4 2019+ Linear 18 Elite - De Xenon-koning","robots":{"index":"index","follow":"follow","max-snippet":"max-snippet:-1","max-image-preview":"max-image-preview:large","max-video-preview":"max-video-preview:-1"},"canonical":"https:\/\/xenonkungen.com\/nl\/product\/laser-led-ramp-kit-toyota-rav4-2019-linear-18-elite\/","og_locale":"nl_NL","og_type":"article","og_title":"Lazer Ledrampskit Toyota RAV4 2019+ Linear 18 Elite - Xenonkungen","og_description":"Lazer Ledrampskit Toyota RAV4 2019+ Linear 18 Elite F\u00f6rb\u00e4ttra din Toyota RAV4 2019+ med Linear 18 Elite Ledrampskit fr\u00e5n Lazer. Kitet \u00e4r specialanpassat f\u00f6r att erbjuda en integrerad l\u00f6sning som m\u00f6jligg\u00f6r f\u00f6rs\u00e4nkt montering av LED-str\u00e5lkastare eller ljusramper i fordonets ursprungliga grill. Utrustad med 36 h\u00f6geffektiva LED-lampor och en rad andra f\u00f6rdelar, \u00e4r det h\u00e4r en [&hellip;]","og_url":"https:\/\/xenonkungen.com\/nl\/product\/laser-led-ramp-kit-toyota-rav4-2019-linear-18-elite\/","og_site_name":"Xenonkungen","article_modified_time":"2026-04-26T12:32:07+00:00","og_image":[{"width":1722,"height":1298,"url":"https:\/\/xenonkungen.com\/wp-content\/uploads\/2025\/04\/159609_itemimage_mainfront.jpg","type":"image\/jpeg"}],"twitter_card":"summary_large_image","twitter_misc":{"Geschatte leestijd":"1 minuut"},"schema":{"@context":"https:\/\/schema.org","@graph":[{"@type":"WebPage","@id":"https:\/\/xenonkungen.com\/produkt\/lazer-ledrampskit-toyota-rav4-2019-linear-18-elite\/","url":"https:\/\/xenonkungen.com\/produkt\/lazer-ledrampskit-toyota-rav4-2019-linear-18-elite\/","name":"Laser LED-oprijplaatkit voor Toyota RAV4 2019+ Linear 18 Elite - De Xenon-koning","isPartOf":{"@id":"https:\/\/xenonkungen.com\/#website"},"primaryImageOfPage":{"@id":"https:\/\/xenonkungen.com\/produkt\/lazer-ledrampskit-toyota-rav4-2019-linear-18-elite\/#primaryimage"},"image":{"@id":"https:\/\/xenonkungen.com\/produkt\/lazer-ledrampskit-toyota-rav4-2019-linear-18-elite\/#primaryimage"},"thumbnailUrl":"https:\/\/xenonkungen.com\/wp-content\/uploads\/2025\/04\/159609_itemimage_mainfront.jpg","datePublished":"2025-04-15T09:43:10+00:00","dateModified":"2026-04-26T12:32:07+00:00","breadcrumb":{"@id":"https:\/\/xenonkungen.com\/produkt\/lazer-ledrampskit-toyota-rav4-2019-linear-18-elite\/#breadcrumb"},"inLanguage":"nl-NL","potentialAction":[{"@type":"ReadAction","target":["https:\/\/xenonkungen.com\/produkt\/lazer-ledrampskit-toyota-rav4-2019-linear-18-elite\/"]}]},{"@type":"ImageObject","inLanguage":"nl-NL","@id":"https:\/\/xenonkungen.com\/produkt\/lazer-ledrampskit-toyota-rav4-2019-linear-18-elite\/#primaryimage","url":"https:\/\/xenonkungen.com\/wp-content\/uploads\/2025\/04\/159609_itemimage_mainfront.jpg","contentUrl":"https:\/\/xenonkungen.com\/wp-content\/uploads\/2025\/04\/159609_itemimage_mainfront.jpg","width":1722,"height":1298},{"@type":"BreadcrumbList","@id":"https:\/\/xenonkungen.com\/produkt\/lazer-ledrampskit-toyota-rav4-2019-linear-18-elite\/#breadcrumb","itemListElement":[{"@type":"ListItem","position":1,"name":"Hem","item":"https:\/\/xenonkungen.com\/"},{"@type":"ListItem","position":2,"name":"Shop","item":"https:\/\/xenonkungen.com\/shop\/"},{"@type":"ListItem","position":3,"name":"Lazer Ledrampskit Toyota RAV4 2019+ Linear 18 Elite"}]},{"@type":"WebSite","@id":"https:\/\/xenonkungen.com\/#website","url":"https:\/\/xenonkungen.com\/","name":"Xenonkungen","description":"","potentialAction":[{"@type":"SearchAction","target":{"@type":"EntryPoint","urlTemplate":"https:\/\/xenonkungen.com\/?s={search_term_string}"},"query-input":{"@type":"PropertyValueSpecification","valueRequired":true,"valueName":"search_term_string"}}],"inLanguage":"nl-NL"}]}},"taxonomy_info":{"product_brand":[{"value":1124,"label":"Lazer"}],"product_cat":[{"value":2971,"label":"F\u00e4ste till ledramp"},{"value":2461,"label":"F\u00e4sten"},{"value":2610,"label":"Modellanpassade"},{"value":390,"label":"Installation"}],"product_tag":[{"value":2735,"label":"Lazer"}],"pa_fargtemperatur":[{"value":154,"label":"5000K"}],"pa_fuktskydd-varde-ipxx":[{"value":177,"label":"IP68"}],"pa_godkannande":[{"value":1709,"label":"E-godk\u00e4nd, ECE, R112"}],"pa_lampsockel-kontakt":[{"value":1122,"label":"Superseal"}],"pa_led-chips-effekt-w":[{"value":1141,"label":"130"}],"pa_stromforbrukning":[{"value":1619,"label":"9A@14,4V"}],"pa_volt-v":[{"value":1084,"label":"Multivolt, 10, 12, 16, 18, 24, 28, 30, 32"}]},"featured_image_src_large":["https:\/\/xenonkungen.com\/wp-content\/uploads\/2025\/04\/159609_itemimage_mainfront-1024x772.jpg",1024,772,true],"author_info":[],"comment_info":0,"_links":{"self":[{"href":"https:\/\/xenonkungen.com\/nl\/wp-json\/wp\/v2\/product\/6175","targetHints":{"allow":["GET"]}}],"collection":[{"href":"https:\/\/xenonkungen.com\/nl\/wp-json\/wp\/v2\/product"}],"about":[{"href":"https:\/\/xenonkungen.com\/nl\/wp-json\/wp\/v2\/types\/product"}],"replies":[{"embeddable":true,"href":"https:\/\/xenonkungen.com\/nl\/wp-json\/wp\/v2\/comments?post=6175"}],"wp:featuredmedia":[{"embeddable":true,"href":"https:\/\/xenonkungen.com\/nl\/wp-json\/wp\/v2\/media\/6176"}],"wp:attachment":[{"href":"https:\/\/xenonkungen.com\/nl\/wp-json\/wp\/v2\/media?parent=6175"}],"wp:term":[{"taxonomy":"anvandningsomrade","embeddable":true,"href":"https:\/\/xenonkungen.com\/nl\/wp-json\/wp\/v2\/anvandningsomrade?post=6175"},{"taxonomy":"bilmarken","embeddable":true,"href":"https:\/\/xenonkungen.com\/nl\/wp-json\/wp\/v2\/bilmarken?post=6175"},{"taxonomy":"product_brand","embeddable":true,"href":"https:\/\/xenonkungen.com\/nl\/wp-json\/wp\/v2\/product_brand?post=6175"},{"taxonomy":"product_cat","embeddable":true,"href":"https:\/\/xenonkungen.com\/nl\/wp-json\/wp\/v2\/product_cat?post=6175"},{"taxonomy":"product_tag","embeddable":true,"href":"https:\/\/xenonkungen.com\/nl\/wp-json\/wp\/v2\/product_tag?post=6175"}],"curies":[{"name":"wp","href":"https:\/\/api.w.org\/{rel}","templated":true}]}}