{"id":6190,"date":"2025-04-15T09:43:10","date_gmt":"2025-04-15T09:43:10","guid":{"rendered":"https:\/\/xenonkungen.com\/product\/pt-lazer-standard-extraljussats-till-scania-ng-frontlucka\/"},"modified":"2026-04-11T01:10:46","modified_gmt":"2026-04-11T00:10:46","slug":"pt-lazer-standaard-extra-verlichtingsset-voor-scania-ng-voordeur","status":"publish","type":"product","link":"https:\/\/xenonkungen.com\/nl\/product\/pt-lazer-standaard-extra-verlichtingsset-voor-scania-ng-voordeur\/","title":{"rendered":"PT-Lazer Standaardbouwset voor Scania NG voorluik"},"content":{"rendered":"<h1>Lazer Ledrampskit voor Scania NG<\/h1>\n<p>Linear is Lazers eersteklas serie extra lichtbalken voor dagelijks gebruik, verkrijgbaar in een standaardversie in dit pakket voor de Scania NG-voorklep. De Linear-reeks combineert de allerhoogste verlichtingsprestaties met een gestroomlijnd en aerodynamisch ontwerp. De lichtbalken zijn eenvoudig te installeren met de bijbehorende speciaal ontworpen roestvrijstalen beugels en leveren verbluffende verlichting op de weg.<\/p>\n<p>De Linear Standard meet slechts 382 mm in lengte, 40 mm in hoogte en 62 mm in diepte, waardoor hij ideaal is voor installatie in kleine ruimtes. Elke hellingbaan is uitgerust met een reeks hoogwaardige 3W LED's achter de onbreekbare polycarbonaatlens. De lens heeft ook een coating die sneeuw en vuil, die de lichtopbrengst zouden kunnen verminderen, effectief afstoot. Het lichtgewicht aluminium lamphuis in combinatie met de slanke afmetingen beperken het gewicht van de oprijplaten tot een minimum, terwijl het aerodynamische ontwerp ervoor zorgt dat de oprijplaten optimaal opgaan in het front. Linear Standard is een oprijplaat waar je nog lang op kunt rekenen!<\/p>\n<h2>Inhoud van de verpakking:<\/h2>\n<div class=\"s t wc hc\"><span>- <\/span>Scania NG voorluik Lazer<br \/>- Lazer Lineair 12 Std LED extra oprijplaat 15\u2033 (382 mm)<br \/>- 2\u00d73 Superseal<\/p>\n<p><span>5 jaar functionele garantie!<\/span><\/div>","protected":false},"excerpt":{"rendered":"<p>Lazer Ledrampskit till Scania NG Linear \u00e4r Lazers h\u00f6gklassiga serie med extraljusramper f\u00f6r vardagsbruk som finns tillg\u00e4nglig i Standard utf\u00f6rande i detta paket f\u00f6r frontluckan till Scania NG. I Linear-serien kombineras den absolut h\u00f6gsta ljusprestandan med en slimmad och aerodynamisk design. Ramperna \u00e4r enkla att montera med de tillh\u00f6rande specialutformade rostfria f\u00e4stena och levererar h\u00e4pnadsv\u00e4ckande [&hellip;]<\/p>","protected":false},"featured_media":6191,"comment_status":"closed","ping_status":"open","template":"","meta":{"_acf_changed":false,"_smort_price_nok":"11963","_smort_price_dkk":"7600","_smort_price_eur":"1018.14","_smort_sale_price_nok":"","_smort_sale_price_dkk":"","_smort_sale_price_eur":"","smort_restorder":"","shipmondo_restorder":"","_kad_blocks_custom_css":"","_kad_blocks_head_custom_js":"","_kad_blocks_body_custom_js":"","_kad_blocks_footer_custom_js":"","smort_custom_pricelist_1":"7168","smort_custom_pricelist_2":"7168","smort_custom_pricelist_3":"7168","smort_custom_pricelist_4":"8960","smort_custom_pricelist_5":"7168"},"anvandningsomrade":[166,238,2816],"bilmarken":[],"product_brand":[1124],"product_cat":[2611],"product_tag":[2735],"class_list":{"0":"post-6190","1":"product","2":"type-product","3":"status-publish","4":"has-post-thumbnail","6":"anvandningsomrade-lastbil","7":"anvandningsomrade-slap","8":"anvandningsomrade-trailer","9":"product_brand-lazer","10":"product_cat-solskydd-frontlucka","11":"product_tag-lazer","12":"pa_fargtemperatur-5000k","13":"pa_fuktskydd-varde-ipxx-ip67","14":"pa_lampsockel-kontakt-superseal","15":"pa_led-chips-effekt-w-1092","16":"pa_storlek-mm-382x40x62","17":"pa_volt-v-multivolt-10-12-16-18-24-28-30-32","19":"first","20":"onbackorder","21":"taxable","22":"shipping-taxable","23":"purchasable","24":"product-type-simple"},"bundled_by":[],"bundle_stock_status":"onbackorder","bundle_stock_quantity":0,"bundle_virtual":false,"bundle_layout":"","bundle_add_to_cart_form_location":"","bundle_editable_in_cart":false,"bundle_sold_individually_context":"","bundle_item_grouping":"","bundle_min_size":"","bundle_max_size":"","bundle_price":[],"bundled_items":[],"bundle_sell_ids":[],"acf":[],"yoast_head":"<!-- This site is optimized with the Yoast SEO plugin v27.0 - https:\/\/yoast.com\/product\/yoast-seo-wordpress\/ -->\n<title>PT-Lazer Standard extraljussats till Scania NG frontlucka - Xenonkungen<\/title>\n<meta name=\"robots\" content=\"index, follow, max-snippet:-1, max-image-preview:large, max-video-preview:-1\" \/>\n<link rel=\"canonical\" href=\"https:\/\/xenonkungen.com\/nl\/product\/pt-lazer-standaard-extra-verlichtingsset-voor-scania-ng-voordeur\/\" \/>\n<meta property=\"og:locale\" content=\"nl_NL\" \/>\n<meta property=\"og:type\" content=\"article\" \/>\n<meta property=\"og:title\" content=\"PT-Lazer Standard extraljussats till Scania NG frontlucka - Xenonkungen\" \/>\n<meta property=\"og:description\" content=\"Lazer Ledrampskit till Scania NG Linear \u00e4r Lazers h\u00f6gklassiga serie med extraljusramper f\u00f6r vardagsbruk som finns tillg\u00e4nglig i Standard utf\u00f6rande i detta paket f\u00f6r frontluckan till Scania NG. I Linear-serien kombineras den absolut h\u00f6gsta ljusprestandan med en slimmad och aerodynamisk design. Ramperna \u00e4r enkla att montera med de tillh\u00f6rande specialutformade rostfria f\u00e4stena och levererar h\u00e4pnadsv\u00e4ckande [&hellip;]\" \/>\n<meta property=\"og:url\" content=\"https:\/\/xenonkungen.com\/nl\/product\/pt-lazer-standaard-extra-verlichtingsset-voor-scania-ng-voordeur\/\" \/>\n<meta property=\"og:site_name\" content=\"Xenonkungen\" \/>\n<meta property=\"article:modified_time\" content=\"2026-04-11T00:10:46+00:00\" \/>\n<meta property=\"og:image\" content=\"https:\/\/xenonkungen.com\/wp-content\/uploads\/2025\/04\/203994453-origpic-ec8f71.jpg\" \/>\n\t<meta property=\"og:image:width\" content=\"2048\" \/>\n\t<meta property=\"og:image:height\" content=\"1536\" \/>\n\t<meta property=\"og:image:type\" content=\"image\/jpeg\" \/>\n<meta name=\"twitter:card\" content=\"summary_large_image\" \/>\n<meta name=\"twitter:label1\" content=\"Geschatte leestijd\" \/>\n\t<meta name=\"twitter:data1\" content=\"1 minuut\" \/>\n<script type=\"application\/ld+json\" class=\"yoast-schema-graph\">{\"@context\":\"https:\/\/schema.org\",\"@graph\":[{\"@type\":\"WebPage\",\"@id\":\"https:\/\/xenonkungen.com\/produkt\/pt-lazer-standard-extraljussats-till-scania-ng-frontlucka\/\",\"url\":\"https:\/\/xenonkungen.com\/produkt\/pt-lazer-standard-extraljussats-till-scania-ng-frontlucka\/\",\"name\":\"PT-Lazer Standard extraljussats till Scania NG frontlucka - Xenonkungen\",\"isPartOf\":{\"@id\":\"https:\/\/xenonkungen.com\/#website\"},\"primaryImageOfPage\":{\"@id\":\"https:\/\/xenonkungen.com\/produkt\/pt-lazer-standard-extraljussats-till-scania-ng-frontlucka\/#primaryimage\"},\"image\":{\"@id\":\"https:\/\/xenonkungen.com\/produkt\/pt-lazer-standard-extraljussats-till-scania-ng-frontlucka\/#primaryimage\"},\"thumbnailUrl\":\"https:\/\/xenonkungen.com\/wp-content\/uploads\/2025\/04\/203994453-origpic-ec8f71.jpg\",\"datePublished\":\"2025-04-15T09:43:10+00:00\",\"dateModified\":\"2026-04-11T00:10:46+00:00\",\"breadcrumb\":{\"@id\":\"https:\/\/xenonkungen.com\/produkt\/pt-lazer-standard-extraljussats-till-scania-ng-frontlucka\/#breadcrumb\"},\"inLanguage\":\"nl-NL\",\"potentialAction\":[{\"@type\":\"ReadAction\",\"target\":[\"https:\/\/xenonkungen.com\/produkt\/pt-lazer-standard-extraljussats-till-scania-ng-frontlucka\/\"]}]},{\"@type\":\"ImageObject\",\"inLanguage\":\"nl-NL\",\"@id\":\"https:\/\/xenonkungen.com\/produkt\/pt-lazer-standard-extraljussats-till-scania-ng-frontlucka\/#primaryimage\",\"url\":\"https:\/\/xenonkungen.com\/wp-content\/uploads\/2025\/04\/203994453-origpic-ec8f71.jpg\",\"contentUrl\":\"https:\/\/xenonkungen.com\/wp-content\/uploads\/2025\/04\/203994453-origpic-ec8f71.jpg\",\"width\":2048,\"height\":1536},{\"@type\":\"BreadcrumbList\",\"@id\":\"https:\/\/xenonkungen.com\/produkt\/pt-lazer-standard-extraljussats-till-scania-ng-frontlucka\/#breadcrumb\",\"itemListElement\":[{\"@type\":\"ListItem\",\"position\":1,\"name\":\"Hem\",\"item\":\"https:\/\/xenonkungen.com\/\"},{\"@type\":\"ListItem\",\"position\":2,\"name\":\"Shop\",\"item\":\"https:\/\/xenonkungen.com\/shop\/\"},{\"@type\":\"ListItem\",\"position\":3,\"name\":\"PT-Lazer Standard extraljussats till Scania NG frontlucka\"}]},{\"@type\":\"WebSite\",\"@id\":\"https:\/\/xenonkungen.com\/#website\",\"url\":\"https:\/\/xenonkungen.com\/\",\"name\":\"Xenonkungen\",\"description\":\"\",\"potentialAction\":[{\"@type\":\"SearchAction\",\"target\":{\"@type\":\"EntryPoint\",\"urlTemplate\":\"https:\/\/xenonkungen.com\/?s={search_term_string}\"},\"query-input\":{\"@type\":\"PropertyValueSpecification\",\"valueRequired\":true,\"valueName\":\"search_term_string\"}}],\"inLanguage\":\"nl-NL\"}]}<\/script>\n<!-- \/ Yoast SEO plugin. -->","yoast_head_json":{"title":"PT-Lazer Standaard extra verlichtingsset voor Scania NG voorklep - Xenonkungen","robots":{"index":"index","follow":"follow","max-snippet":"max-snippet:-1","max-image-preview":"max-image-preview:large","max-video-preview":"max-video-preview:-1"},"canonical":"https:\/\/xenonkungen.com\/nl\/product\/pt-lazer-standaard-extra-verlichtingsset-voor-scania-ng-voordeur\/","og_locale":"nl_NL","og_type":"article","og_title":"PT-Lazer Standard extraljussats till Scania NG frontlucka - Xenonkungen","og_description":"Lazer Ledrampskit till Scania NG Linear \u00e4r Lazers h\u00f6gklassiga serie med extraljusramper f\u00f6r vardagsbruk som finns tillg\u00e4nglig i Standard utf\u00f6rande i detta paket f\u00f6r frontluckan till Scania NG. I Linear-serien kombineras den absolut h\u00f6gsta ljusprestandan med en slimmad och aerodynamisk design. Ramperna \u00e4r enkla att montera med de tillh\u00f6rande specialutformade rostfria f\u00e4stena och levererar h\u00e4pnadsv\u00e4ckande [&hellip;]","og_url":"https:\/\/xenonkungen.com\/nl\/product\/pt-lazer-standaard-extra-verlichtingsset-voor-scania-ng-voordeur\/","og_site_name":"Xenonkungen","article_modified_time":"2026-04-11T00:10:46+00:00","og_image":[{"width":2048,"height":1536,"url":"https:\/\/xenonkungen.com\/wp-content\/uploads\/2025\/04\/203994453-origpic-ec8f71.jpg","type":"image\/jpeg"}],"twitter_card":"summary_large_image","twitter_misc":{"Geschatte leestijd":"1 minuut"},"schema":{"@context":"https:\/\/schema.org","@graph":[{"@type":"WebPage","@id":"https:\/\/xenonkungen.com\/produkt\/pt-lazer-standard-extraljussats-till-scania-ng-frontlucka\/","url":"https:\/\/xenonkungen.com\/produkt\/pt-lazer-standard-extraljussats-till-scania-ng-frontlucka\/","name":"PT-Lazer Standaard extra verlichtingsset voor Scania NG voorklep - Xenonkungen","isPartOf":{"@id":"https:\/\/xenonkungen.com\/#website"},"primaryImageOfPage":{"@id":"https:\/\/xenonkungen.com\/produkt\/pt-lazer-standard-extraljussats-till-scania-ng-frontlucka\/#primaryimage"},"image":{"@id":"https:\/\/xenonkungen.com\/produkt\/pt-lazer-standard-extraljussats-till-scania-ng-frontlucka\/#primaryimage"},"thumbnailUrl":"https:\/\/xenonkungen.com\/wp-content\/uploads\/2025\/04\/203994453-origpic-ec8f71.jpg","datePublished":"2025-04-15T09:43:10+00:00","dateModified":"2026-04-11T00:10:46+00:00","breadcrumb":{"@id":"https:\/\/xenonkungen.com\/produkt\/pt-lazer-standard-extraljussats-till-scania-ng-frontlucka\/#breadcrumb"},"inLanguage":"nl-NL","potentialAction":[{"@type":"ReadAction","target":["https:\/\/xenonkungen.com\/produkt\/pt-lazer-standard-extraljussats-till-scania-ng-frontlucka\/"]}]},{"@type":"ImageObject","inLanguage":"nl-NL","@id":"https:\/\/xenonkungen.com\/produkt\/pt-lazer-standard-extraljussats-till-scania-ng-frontlucka\/#primaryimage","url":"https:\/\/xenonkungen.com\/wp-content\/uploads\/2025\/04\/203994453-origpic-ec8f71.jpg","contentUrl":"https:\/\/xenonkungen.com\/wp-content\/uploads\/2025\/04\/203994453-origpic-ec8f71.jpg","width":2048,"height":1536},{"@type":"BreadcrumbList","@id":"https:\/\/xenonkungen.com\/produkt\/pt-lazer-standard-extraljussats-till-scania-ng-frontlucka\/#breadcrumb","itemListElement":[{"@type":"ListItem","position":1,"name":"Hem","item":"https:\/\/xenonkungen.com\/"},{"@type":"ListItem","position":2,"name":"Shop","item":"https:\/\/xenonkungen.com\/shop\/"},{"@type":"ListItem","position":3,"name":"PT-Lazer Standard extraljussats till Scania NG frontlucka"}]},{"@type":"WebSite","@id":"https:\/\/xenonkungen.com\/#website","url":"https:\/\/xenonkungen.com\/","name":"Xenonkungen","description":"","potentialAction":[{"@type":"SearchAction","target":{"@type":"EntryPoint","urlTemplate":"https:\/\/xenonkungen.com\/?s={search_term_string}"},"query-input":{"@type":"PropertyValueSpecification","valueRequired":true,"valueName":"search_term_string"}}],"inLanguage":"nl-NL"}]}},"taxonomy_info":{"anvandningsomrade":[{"value":166,"label":"Lastbil"},{"value":238,"label":"SL\u00c4P"},{"value":2816,"label":"TRAILER"}],"product_brand":[{"value":1124,"label":"Lazer"}],"product_cat":[{"value":2611,"label":"Solskydd \/ Frontlucka"}],"product_tag":[{"value":2735,"label":"Lazer"}],"pa_fargtemperatur":[{"value":154,"label":"5000K"}],"pa_fuktskydd-varde-ipxx":[{"value":333,"label":"IP67"}],"pa_lampsockel-kontakt":[{"value":1122,"label":"Superseal"}],"pa_led-chips-effekt-w":[{"value":1092,"label":"42"}],"pa_storlek-mm":[{"value":1724,"label":"382x40x62"}],"pa_volt-v":[{"value":1084,"label":"Multivolt, 10, 12, 16, 18, 24, 28, 30, 32"}]},"featured_image_src_large":["https:\/\/xenonkungen.com\/wp-content\/uploads\/2025\/04\/203994453-origpic-ec8f71-1024x768.jpg",1024,768,true],"author_info":[],"comment_info":0,"_links":{"self":[{"href":"https:\/\/xenonkungen.com\/nl\/wp-json\/wp\/v2\/product\/6190","targetHints":{"allow":["GET"]}}],"collection":[{"href":"https:\/\/xenonkungen.com\/nl\/wp-json\/wp\/v2\/product"}],"about":[{"href":"https:\/\/xenonkungen.com\/nl\/wp-json\/wp\/v2\/types\/product"}],"replies":[{"embeddable":true,"href":"https:\/\/xenonkungen.com\/nl\/wp-json\/wp\/v2\/comments?post=6190"}],"wp:featuredmedia":[{"embeddable":true,"href":"https:\/\/xenonkungen.com\/nl\/wp-json\/wp\/v2\/media\/6191"}],"wp:attachment":[{"href":"https:\/\/xenonkungen.com\/nl\/wp-json\/wp\/v2\/media?parent=6190"}],"wp:term":[{"taxonomy":"anvandningsomrade","embeddable":true,"href":"https:\/\/xenonkungen.com\/nl\/wp-json\/wp\/v2\/anvandningsomrade?post=6190"},{"taxonomy":"bilmarken","embeddable":true,"href":"https:\/\/xenonkungen.com\/nl\/wp-json\/wp\/v2\/bilmarken?post=6190"},{"taxonomy":"product_brand","embeddable":true,"href":"https:\/\/xenonkungen.com\/nl\/wp-json\/wp\/v2\/product_brand?post=6190"},{"taxonomy":"product_cat","embeddable":true,"href":"https:\/\/xenonkungen.com\/nl\/wp-json\/wp\/v2\/product_cat?post=6190"},{"taxonomy":"product_tag","embeddable":true,"href":"https:\/\/xenonkungen.com\/nl\/wp-json\/wp\/v2\/product_tag?post=6190"}],"curies":[{"name":"wp","href":"https:\/\/api.w.org\/{rel}","templated":true}]}}